{"id":9760,"date":"2022-04-26T14:29:09","date_gmt":"2022-04-26T12:29:09","guid":{"rendered":"https:\/\/easyoriginal.com\/?post_type=product&#038;p=9760"},"modified":"2024-01-04T13:14:06","modified_gmt":"2024-01-04T12:14:06","slug":"la-munequita-das-pueppchen","status":"publish","type":"product","link":"https:\/\/easyoriginal.com\/en\/shop\/spanisch-deutsch\/la-munequita-das-pueppchen\/","title":{"rendered":"La mu\u00f1equita \/ Das P\u00fcppchen"},"content":{"rendered":"<div class=\"adapted-container\">\n<p class=\"Adapted\"><span class=\"Bold\">Hace ya siglos <\/span><span class=\"Translation\">(<\/span><span class=\"No-Break\"><span class=\"Translation\">\/e<\/span><\/span><span class=\"Translation\">s ist<\/span><span class=\"No-Break\"><span class=\"Translation\">\/ <\/span><\/span><span class=\"Translation\">schon Jahrhunderte her)<\/span><span class=\"Bold\"> que en una gran ciudad <\/span><span class=\"Translation\">(dass in einer gro\u00dfen Stadt)<\/span><span class=\"Bold\">, capital de un reino <\/span><span class=\"Translation\">(<\/span><span class=\"No-Break\"><span class=\"Translation\">\/d<\/span><\/span><span class=\"Translation\">er<\/span><span class=\"No-Break\"><span class=\"Translation\">\/ <\/span><\/span><span class=\"Translation\">Hauptstadt eines K\u00f6nigreichs)<\/span><span class=\"Bold\">, cuyo nombre no importa saber <\/span><span class=\"Translation\">(dessen Name nicht wichtig ist zu wissen<\/span><span class=\"No-Break\"><span class=\"Translation\"> =<\/span><\/span><span class=\"Translation\"> nicht von Bedeutung ist)<\/span><span class=\"Bold\">, viv\u00eda una pobre y honrada viuda <\/span><span class=\"Translation\">(eine arme und ehrliche Witwe lebte)<\/span><span class=\"Bold\"> que ten\u00eda una hija de quince abriles <\/span><span class=\"Translation\">(die eine f\u00fcnfzehnj\u00e4hrige Tochter hatte: &quot;eine Tochter von f\u00fcnfzehn Aprilen&quot;)<\/span><span class=\"Bold\">, hermosa como un sol <\/span><span class=\"Translation\">(sch\u00f6n wie eine Sonne)<\/span><span class=\"Bold\"> y c\u00e1ndida como una paloma <\/span><span class=\"Translation\">(und unschuldig wie eine Taub<\/span><span class=\"No-Break\"><span class=\"Translation\">e;<\/span><\/span><span class=\"Translation\"> <\/span><span class=\"Translation\"><span class=\"Comment-Words\">c\u00e1ndido<\/span><\/span><span class=\"Translation\"><span class=\"No-Break\"><span class=\"Comments\"> \u2014<\/span><\/span><\/span><span class=\"Translation\"><span class=\"Comments\"> unschuldi<\/span><\/span><span class=\"Translation\"><span class=\"No-Break\"><span class=\"Comments\">g;<\/span><\/span><\/span><span class=\"Translation\"><span class=\"Comments\"> nai<\/span><\/span><span class=\"Translation\"><span class=\"No-Break\"><span class=\"Comments\">v;<\/span><\/span><\/span><span class=\"Translation\"><span class=\"Comments\"> bl\u00fctenwei\u00df<\/span><\/span><span class=\"Translation\">)<\/span><span class=\"Bold\">.<\/span><\/p>\n<p class=\"Adapted\"><span class=\"Bold\">La excelente madre se miraba en ella como en un espejo <\/span><span class=\"Translation\">(die ausgezeichnete Mutter sah sich in ihr wie in einem Spiegel)<\/span><span class=\"Bold\">, y en su inocencia y beldad juzgaba poseer una joya riqu\u00edsima <\/span><span class=\"Translation\">(und in ihrer Unschuld und Sch\u00f6nheit dachte <\/span><span class=\"No-Break\"><span class=\"Translation\">\/s<\/span><\/span><span class=\"Translation\">ie<\/span><span class=\"No-Break\"><span class=\"Translation\">\/,<\/span><\/span><span class=\"Translation\"> <\/span><span class=\"No-Break\"><span class=\"Translation\">\/s<\/span><\/span><span class=\"Translation\">ie<\/span><span class=\"No-Break\"><span class=\"Translation\">\/ <\/span><\/span><span class=\"Translation\">besitze ein sehr pr\u00e4chtiges Juwe<\/span><span class=\"No-Break\"><span class=\"Translation\">l;<\/span><\/span><span class=\"Translation\"> <\/span><span class=\"Translation\"><span class=\"Comment-Words\">juzgar<\/span><\/span><span class=\"Translation\"><span class=\"No-Break\"><span class=\"Comments\"> \u2014<\/span><\/span><\/span><span class=\"Translation\"><span class=\"Comments\"> richte<\/span><\/span><span class=\"Translation\"><span class=\"No-Break\"><span class=\"Comments\">n;<\/span><\/span><\/span><span class=\"Translation\"><span class=\"Comments\"> beurteile<\/span><\/span><span class=\"Translation\"><span class=\"No-Break\"><span class=\"Comments\">n;<\/span><\/span><\/span><span class=\"Translation\"><span class=\"Comments\"> halten f\u00fc<\/span><\/span><span class=\"Translation\"><span class=\"No-Break\"><span class=\"Comments\">r;<\/span><\/span><\/span><span class=\"Translation\"><span class=\"Comments\"> <\/span><\/span><span class=\"Translation\"><span class=\"Comment-Words\">rico<\/span><\/span><span class=\"Translation\"><span class=\"No-Break\"><span class=\"Comments\"> \u2014<\/span><\/span><\/span><span class=\"Translation\"><span class=\"Comments\"> reic<\/span><\/span><span class=\"Translation\"><span class=\"No-Break\"><span class=\"Comments\">h;<\/span><\/span><\/span><span class=\"Translation\"><span class=\"Comments\"> pr\u00e4chtig<\/span><\/span><span class=\"Translation\">)<\/span><span class=\"Bold\"> que no hubiera trocado por todos los tesoros del mundo <\/span><span class=\"Translation\">(das <\/span><span class=\"No-Break\"><span class=\"Translation\">\/s<\/span><\/span><span class=\"Translation\">ie<\/span><span class=\"No-Break\"><span class=\"Translation\">\/ <\/span><\/span><span class=\"Translation\">nicht f\u00fcr alle Sch\u00e4tze der Welt eingetauscht h\u00e4tt<\/span><span class=\"No-Break\"><span class=\"Translation\">e;<\/span><\/span><span class=\"Translation\"> <\/span><span class=\"Translation\"><span class=\"Comment-Words\">trocar<\/span><\/span><span class=\"Translation\"><span class=\"No-Break\"><span class=\"Comments\"> \u2014<\/span><\/span><\/span><span class=\"Translation\"><span class=\"Comments\"> <\/span><\/span><span class=\"Translation\"><span class=\"No-Break\"><span class=\"Comments\">\/e<\/span><\/span><\/span><span class=\"Translation\"><span class=\"Comments\">in<\/span><\/span><span class=\"Translation\"><span class=\"No-Break\"><span class=\"Comments\">\/t<\/span><\/span><\/span><span class=\"Translation\"><span class=\"Comments\">auschen<\/span><\/span><span class=\"Translation\">)<\/span><span class=\"Bold\">.<\/span><\/p>\n<\/div>\n<audio class=\"wp-audio-shortcode\" id=\"audio-9760-1\" preload=\"none\" style=\"width: 100%;\" controls=\"controls\"><source type=\"audio\/mpeg\" src=\"https:\/\/easyoriginal1.s3.eu-central-1.amazonaws.com\/spanisch\/s14\/1.mp3?_=1\" \/><a href=\"https:\/\/easyoriginal1.s3.eu-central-1.amazonaws.com\/spanisch\/s14\/1.mp3\">https:\/\/easyoriginal1.s3.eu-central-1.amazonaws.com\/spanisch\/s14\/1.mp3<\/a><\/audio>\n<div class=\"original-container\">\n<p class=\"Original\" lang=\"es-ES\">Hace ya siglos que en una gran ciudad, capital de un reino, cuyo nombre no importa saber, viv\u00eda una pobre y honrada viuda que ten\u00eda una hija de quince abriles, hermosa como un sol y c\u00e1ndida como una paloma.<\/p>\n<p class=\"Original\" lang=\"es-ES\">La excelente madre se miraba en ella como en un espejo, y en su inocencia y beldad juzgaba poseer una joya riqu\u00edsima que no hubiera trocado por todos los tesoros del mundo.<\/p>\n<\/div>","protected":false},"excerpt":{"rendered":"<p>\u201cLa mu\u00f1equita\u201d (&#8222;Das P\u00fcppchen&#8220;) ist eine Kurzgeschichte von Juan Valera. Juan Valera y Alcal\u00e1 Galiano war ein spanischer Schriftsteller, Politiker und Diplomat.<br \/>\nUngek\u00fcrzter Originaltext. Zweisprachiges Buch Spanisch-Deutsch. Lesemethode von Ilya Frank.<\/p>","protected":false},"featured_media":9765,"comment_status":"open","ping_status":"closed","template":"","meta":{"_acf_changed":false,"_et_pb_use_builder":"off","_et_pb_old_content":"<div class=\"adapted-container\">\r\n<p class=\"Adapted\"><span class=\"Bold\">Hace mucho tiempo que ten\u00eda ganas de escribir <\/span><span class=\"Translation\">(seit langer Zeit hatte ich Lust zu schreiben; <\/span><span class=\"Translation\"><span class=\"Comment-Words\">tener<\/span><\/span><span class=\"Translation\"><span class=\"Comments\"> \u2014 haben<\/span><\/span><span class=\"Translation\">)<\/span><span class=\"Bold\"> cualquier cosa con este t\u00edtulo <\/span><span class=\"Translation\">(irgendetwas mit diesem Titel)<\/span><span class=\"Bold\">.<\/span><\/p>\r\n<p class=\"Adapted\"><span class=\"Bold\">Hoy<a id=\"_idTextAnchor001\"><\/a>, que se me ha presentado ocasi\u00f3n <\/span><span class=\"Translation\">(heute, wo sich mir \/eine\/ Gelegenheit geboten hat; <\/span><span class=\"Translation\"><span class=\"Comment-Words\">presentar<\/span><\/span><span class=\"Translation\"><span class=\"Comments\"> \u2014 zeigen; vorstellen<\/span><\/span><span class=\"Translation\">)<\/span><span class=\"Bold\">, lo he puesto con letras grandes <\/span><span class=\"Translation\">(das habe ich in gro\u00dfen Buchstaben gesetzt = habe ich es in Gro\u00dfbuchstaben gesetzt; <\/span><span class=\"Translation\"><span class=\"Comment-Words\">poner<\/span><\/span><span class=\"Translation\"><span class=\"Comments\"> \u2014 setzen; stellen; legen<\/span><\/span><span class=\"Translation\">)<\/span><span class=\"Bold\"> en la primera cuartilla de papel <\/span><span class=\"Translation\">(auf das erste Blatt: \u00abauf das erste Viertelpapier\u00bb; <\/span><span class=\"Translation\"><span class=\"Comment-Words\">cuarto<\/span><\/span><span class=\"Translation\"><span class=\"Gender _idGenCharOverride-1\">m <\/span><\/span><span class=\"Translation\"><span class=\"Comments\">\u2014 Viertel<\/span><\/span><span class=\"Translation\">)<\/span><span class=\"Bold\">, y luego he dejado a capricho volar la pluma <\/span><span class=\"Translation\">(und dann habe ich nach Belieben die Feder fliegen lassen; <\/span><span class=\"Translation\"><span class=\"Comment-Words\">dejar<\/span><\/span><span class=\"Translation\"><span class=\"Comments\"> \u2014 lassen; <\/span><\/span><span class=\"Translation\"><span class=\"Comment-Words\">capricho<\/span><\/span><span class=\"Translation\"><span class=\"Gender _idGenCharOverride-1\">m <\/span><\/span><span class=\"Translation\"><span class=\"Comments\">\u2014 Laune<\/span><\/span><span class=\"Translation\">)<\/span><span class=\"Bold\">.<\/span><\/p>\r\n\r\n<\/div>\r\n[audio mp3=\"https:\/\/easyoriginal1.s3.eu-central-1.amazonaws.com\/spanisch\/s1\/1.mp3\"][\/audio]\r\n<div class=\"original-container\">\r\n<p class=\"Original\">Hace mucho tiempo que ten\u00eda ganas de escribir cualquier cosa con este t\u00edtulo.<\/p>\r\n<p class=\"Original\">Hoy, que se me ha presentado ocasi\u00f3n, lo he puesto con letras grandes en la primera cuartilla de papel, y luego he dejado a capricho volar la pluma.<\/p>\r\n\r\n<\/div>\r\n<a class=\"weiter\" href=\"\/webreader\/los-ojos-verdes\/fragment\/1-4-2\/\">weiter lesen<\/a>","_et_gb_content_width":""},"product_brand":[],"product_cat":[44],"product_tag":[],"class_list":{"0":"post-9760","1":"product","2":"type-product","3":"status-publish","4":"has-post-thumbnail","6":"product_cat-spanisch-deutsch","8":"first","9":"instock","10":"taxable","11":"shipping-taxable","12":"purchasable","13":"product-type-variable"},"acf":[],"yoast_head":"<!-- This site is optimized with the Yoast SEO plugin v27.3 - https:\/\/yoast.com\/product\/yoast-seo-wordpress\/ -->\n<title>La mu\u00f1equita \/ Das P\u00fcppchen - EasyOriginal.com<\/title>\n<meta name=\"robots\" content=\"index, follow, max-snippet:-1, max-image-preview:large, max-video-preview:-1\" \/>\n<link rel=\"canonical\" href=\"https:\/\/easyoriginal.com\/en\/shop\/spanisch-deutsch\/la-munequita-das-pueppchen\/\" \/>\n<meta property=\"og:locale\" content=\"en_GB\" \/>\n<meta property=\"og:type\" content=\"article\" \/>\n<meta property=\"og:title\" content=\"La mu\u00f1equita \/ Das P\u00fcppchen - EasyOriginal.com\" \/>\n<meta property=\"og:description\" content=\"\u201cLa mu\u00f1equita\u201d (&quot;Das P\u00fcppchen&quot;) ist eine Kurzgeschichte von Juan Valera. Juan Valera y Alcal\u00e1 Galiano war ein spanischer Schriftsteller, Politiker und Diplomat. Ungek\u00fcrzter Originaltext. Zweisprachiges Buch Spanisch-Deutsch. Lesemethode von Ilya Frank.\" \/>\n<meta property=\"og:url\" content=\"https:\/\/easyoriginal.com\/en\/shop\/spanisch-deutsch\/la-munequita-das-pueppchen\/\" \/>\n<meta property=\"og:site_name\" content=\"EasyOriginal.com\" \/>\n<meta property=\"article:modified_time\" content=\"2024-01-04T12:14:06+00:00\" \/>\n<meta property=\"og:image\" content=\"https:\/\/easyoriginal.com\/wp-content\/uploads\/Valera_La_munequita_printcover.jpg\" \/>\n\t<meta property=\"og:image:width\" content=\"468\" \/>\n\t<meta property=\"og:image:height\" content=\"702\" \/>\n\t<meta property=\"og:image:type\" content=\"image\/jpeg\" \/>\n<meta name=\"twitter:card\" content=\"summary_large_image\" \/>\n<meta name=\"twitter:label1\" content=\"Estimated reading time\" \/>\n\t<meta name=\"twitter:data1\" content=\"2 minutes\" \/>\n<script type=\"application\/ld+json\" class=\"yoast-schema-graph\">{\"@context\":\"https:\\\/\\\/schema.org\",\"@graph\":[{\"@type\":\"WebPage\",\"@id\":\"https:\\\/\\\/easyoriginal.com\\\/shop\\\/spanisch-deutsch\\\/la-munequita-das-pueppchen\\\/\",\"url\":\"https:\\\/\\\/easyoriginal.com\\\/shop\\\/spanisch-deutsch\\\/la-munequita-das-pueppchen\\\/\",\"name\":\"La mu\u00f1equita \\\/ Das P\u00fcppchen - EasyOriginal.com\",\"isPartOf\":{\"@id\":\"https:\\\/\\\/easyoriginal.com\\\/#website\"},\"primaryImageOfPage\":{\"@id\":\"https:\\\/\\\/easyoriginal.com\\\/shop\\\/spanisch-deutsch\\\/la-munequita-das-pueppchen\\\/#primaryimage\"},\"image\":{\"@id\":\"https:\\\/\\\/easyoriginal.com\\\/shop\\\/spanisch-deutsch\\\/la-munequita-das-pueppchen\\\/#primaryimage\"},\"thumbnailUrl\":\"https:\\\/\\\/easyoriginal.com\\\/wp-content\\\/uploads\\\/Valera_La_munequita_printcover.jpg\",\"datePublished\":\"2022-04-26T12:29:09+00:00\",\"dateModified\":\"2024-01-04T12:14:06+00:00\",\"breadcrumb\":{\"@id\":\"https:\\\/\\\/easyoriginal.com\\\/shop\\\/spanisch-deutsch\\\/la-munequita-das-pueppchen\\\/#breadcrumb\"},\"inLanguage\":\"en-GB\",\"potentialAction\":[{\"@type\":\"ReadAction\",\"target\":[\"https:\\\/\\\/easyoriginal.com\\\/shop\\\/spanisch-deutsch\\\/la-munequita-das-pueppchen\\\/\"]}]},{\"@type\":\"ImageObject\",\"inLanguage\":\"en-GB\",\"@id\":\"https:\\\/\\\/easyoriginal.com\\\/shop\\\/spanisch-deutsch\\\/la-munequita-das-pueppchen\\\/#primaryimage\",\"url\":\"https:\\\/\\\/easyoriginal.com\\\/wp-content\\\/uploads\\\/Valera_La_munequita_printcover.jpg\",\"contentUrl\":\"https:\\\/\\\/easyoriginal.com\\\/wp-content\\\/uploads\\\/Valera_La_munequita_printcover.jpg\",\"width\":468,\"height\":702,\"caption\":\"Zweisprachiges buch spanisch-deutsch, spanische lekt\u00fcre, spanische kurzgeschichten, juan valera\"},{\"@type\":\"BreadcrumbList\",\"@id\":\"https:\\\/\\\/easyoriginal.com\\\/shop\\\/spanisch-deutsch\\\/la-munequita-das-pueppchen\\\/#breadcrumb\",\"itemListElement\":[{\"@type\":\"ListItem\",\"position\":1,\"name\":\"Startseite\",\"item\":\"https:\\\/\\\/easyoriginal.com\\\/\"},{\"@type\":\"ListItem\",\"position\":2,\"name\":\"Shop\",\"item\":\"https:\\\/\\\/easyoriginal.com\\\/shop\\\/\"},{\"@type\":\"ListItem\",\"position\":3,\"name\":\"La mu\u00f1equita \\\/ Das P\u00fcppchen\"}]},{\"@type\":\"WebSite\",\"@id\":\"https:\\\/\\\/easyoriginal.com\\\/#website\",\"url\":\"https:\\\/\\\/easyoriginal.com\\\/\",\"name\":\"EasyOriginal.com\",\"description\":\"Spa\u00df am Lesen im Original - Innovative Lesemethode f\u00fcr Fremdsprachen\",\"publisher\":{\"@id\":\"https:\\\/\\\/easyoriginal.com\\\/#organization\"},\"potentialAction\":[{\"@type\":\"SearchAction\",\"target\":{\"@type\":\"EntryPoint\",\"urlTemplate\":\"https:\\\/\\\/easyoriginal.com\\\/?s={search_term_string}\"},\"query-input\":{\"@type\":\"PropertyValueSpecification\",\"valueRequired\":true,\"valueName\":\"search_term_string\"}}],\"inLanguage\":\"en-GB\"},{\"@type\":\"Organization\",\"@id\":\"https:\\\/\\\/easyoriginal.com\\\/#organization\",\"name\":\"EasyOriginal Verlag\",\"url\":\"https:\\\/\\\/easyoriginal.com\\\/\",\"logo\":{\"@type\":\"ImageObject\",\"inLanguage\":\"en-GB\",\"@id\":\"https:\\\/\\\/easyoriginal.com\\\/#\\\/schema\\\/logo\\\/image\\\/\",\"url\":\"https:\\\/\\\/easyoriginal.com\\\/wp-content\\\/uploads\\\/2020\\\/08\\\/logo_main.png\",\"contentUrl\":\"https:\\\/\\\/easyoriginal.com\\\/wp-content\\\/uploads\\\/2020\\\/08\\\/logo_main.png\",\"width\":500,\"height\":103,\"caption\":\"EasyOriginal Verlag\"},\"image\":{\"@id\":\"https:\\\/\\\/easyoriginal.com\\\/#\\\/schema\\\/logo\\\/image\\\/\"}}]}<\/script>\n<!-- \/ Yoast SEO plugin. -->","yoast_head_json":{"title":"La mu\u00f1equita \/ Das P\u00fcppchen - EasyOriginal.com","robots":{"index":"index","follow":"follow","max-snippet":"max-snippet:-1","max-image-preview":"max-image-preview:large","max-video-preview":"max-video-preview:-1"},"canonical":"https:\/\/easyoriginal.com\/en\/shop\/spanisch-deutsch\/la-munequita-das-pueppchen\/","og_locale":"en_GB","og_type":"article","og_title":"La mu\u00f1equita \/ Das P\u00fcppchen - EasyOriginal.com","og_description":"\u201cLa mu\u00f1equita\u201d (\"Das P\u00fcppchen\") ist eine Kurzgeschichte von Juan Valera. Juan Valera y Alcal\u00e1 Galiano war ein spanischer Schriftsteller, Politiker und Diplomat. Ungek\u00fcrzter Originaltext. Zweisprachiges Buch Spanisch-Deutsch. Lesemethode von Ilya Frank.","og_url":"https:\/\/easyoriginal.com\/en\/shop\/spanisch-deutsch\/la-munequita-das-pueppchen\/","og_site_name":"EasyOriginal.com","article_modified_time":"2024-01-04T12:14:06+00:00","og_image":[{"width":468,"height":702,"url":"https:\/\/easyoriginal.com\/wp-content\/uploads\/Valera_La_munequita_printcover.jpg","type":"image\/jpeg"}],"twitter_card":"summary_large_image","twitter_misc":{"Estimated reading time":"2 minutes"},"schema":{"@context":"https:\/\/schema.org","@graph":[{"@type":"WebPage","@id":"https:\/\/easyoriginal.com\/shop\/spanisch-deutsch\/la-munequita-das-pueppchen\/","url":"https:\/\/easyoriginal.com\/shop\/spanisch-deutsch\/la-munequita-das-pueppchen\/","name":"La mu\u00f1equita \/ Das P\u00fcppchen - EasyOriginal.com","isPartOf":{"@id":"https:\/\/easyoriginal.com\/#website"},"primaryImageOfPage":{"@id":"https:\/\/easyoriginal.com\/shop\/spanisch-deutsch\/la-munequita-das-pueppchen\/#primaryimage"},"image":{"@id":"https:\/\/easyoriginal.com\/shop\/spanisch-deutsch\/la-munequita-das-pueppchen\/#primaryimage"},"thumbnailUrl":"https:\/\/easyoriginal.com\/wp-content\/uploads\/Valera_La_munequita_printcover.jpg","datePublished":"2022-04-26T12:29:09+00:00","dateModified":"2024-01-04T12:14:06+00:00","breadcrumb":{"@id":"https:\/\/easyoriginal.com\/shop\/spanisch-deutsch\/la-munequita-das-pueppchen\/#breadcrumb"},"inLanguage":"en-GB","potentialAction":[{"@type":"ReadAction","target":["https:\/\/easyoriginal.com\/shop\/spanisch-deutsch\/la-munequita-das-pueppchen\/"]}]},{"@type":"ImageObject","inLanguage":"en-GB","@id":"https:\/\/easyoriginal.com\/shop\/spanisch-deutsch\/la-munequita-das-pueppchen\/#primaryimage","url":"https:\/\/easyoriginal.com\/wp-content\/uploads\/Valera_La_munequita_printcover.jpg","contentUrl":"https:\/\/easyoriginal.com\/wp-content\/uploads\/Valera_La_munequita_printcover.jpg","width":468,"height":702,"caption":"Zweisprachiges buch spanisch-deutsch, spanische lekt\u00fcre, spanische kurzgeschichten, juan valera"},{"@type":"BreadcrumbList","@id":"https:\/\/easyoriginal.com\/shop\/spanisch-deutsch\/la-munequita-das-pueppchen\/#breadcrumb","itemListElement":[{"@type":"ListItem","position":1,"name":"Startseite","item":"https:\/\/easyoriginal.com\/"},{"@type":"ListItem","position":2,"name":"Shop","item":"https:\/\/easyoriginal.com\/shop\/"},{"@type":"ListItem","position":3,"name":"La mu\u00f1equita \/ Das P\u00fcppchen"}]},{"@type":"WebSite","@id":"https:\/\/easyoriginal.com\/#website","url":"https:\/\/easyoriginal.com\/","name":"EasyOriginal.com","description":"Spa\u00df am Lesen im Original - Innovative Lesemethode f\u00fcr Fremdsprachen","publisher":{"@id":"https:\/\/easyoriginal.com\/#organization"},"potentialAction":[{"@type":"SearchAction","target":{"@type":"EntryPoint","urlTemplate":"https:\/\/easyoriginal.com\/?s={search_term_string}"},"query-input":{"@type":"PropertyValueSpecification","valueRequired":true,"valueName":"search_term_string"}}],"inLanguage":"en-GB"},{"@type":"Organization","@id":"https:\/\/easyoriginal.com\/#organization","name":"EasyOriginal Verlag","url":"https:\/\/easyoriginal.com\/","logo":{"@type":"ImageObject","inLanguage":"en-GB","@id":"https:\/\/easyoriginal.com\/#\/schema\/logo\/image\/","url":"https:\/\/easyoriginal.com\/wp-content\/uploads\/2020\/08\/logo_main.png","contentUrl":"https:\/\/easyoriginal.com\/wp-content\/uploads\/2020\/08\/logo_main.png","width":500,"height":103,"caption":"EasyOriginal Verlag"},"image":{"@id":"https:\/\/easyoriginal.com\/#\/schema\/logo\/image\/"}}]}},"_links":{"self":[{"href":"https:\/\/easyoriginal.com\/en\/wp-json\/wp\/v2\/product\/9760","targetHints":{"allow":["GET"]}}],"collection":[{"href":"https:\/\/easyoriginal.com\/en\/wp-json\/wp\/v2\/product"}],"about":[{"href":"https:\/\/easyoriginal.com\/en\/wp-json\/wp\/v2\/types\/product"}],"replies":[{"embeddable":true,"href":"https:\/\/easyoriginal.com\/en\/wp-json\/wp\/v2\/comments?post=9760"}],"wp:featuredmedia":[{"embeddable":true,"href":"https:\/\/easyoriginal.com\/en\/wp-json\/wp\/v2\/media\/9765"}],"wp:attachment":[{"href":"https:\/\/easyoriginal.com\/en\/wp-json\/wp\/v2\/media?parent=9760"}],"wp:term":[{"taxonomy":"product_brand","embeddable":true,"href":"https:\/\/easyoriginal.com\/en\/wp-json\/wp\/v2\/product_brand?post=9760"},{"taxonomy":"product_cat","embeddable":true,"href":"https:\/\/easyoriginal.com\/en\/wp-json\/wp\/v2\/product_cat?post=9760"},{"taxonomy":"product_tag","embeddable":true,"href":"https:\/\/easyoriginal.com\/en\/wp-json\/wp\/v2\/product_tag?post=9760"}],"curies":[{"name":"wp","href":"https:\/\/api.w.org\/{rel}","templated":true}]}}