{"id":9716,"date":"2022-04-01T22:16:49","date_gmt":"2022-04-01T20:16:49","guid":{"rendered":"https:\/\/easyoriginal.com\/?post_type=product&#038;p=9716"},"modified":"2025-08-09T17:19:33","modified_gmt":"2025-08-09T15:19:33","slug":"alices-adventures-in-wonderland-alice-abenteuer-im-wunderland","status":"publish","type":"product","link":"https:\/\/easyoriginal.com\/en\/shop\/englisch-deutsch\/alices-adventures-in-wonderland-alice-abenteuer-im-wunderland\/","title":{"rendered":"Alice\u2019s Adventures in Wonderland \/ Alice\u2019 Abenteuer im Wunderland"},"content":{"rendered":"<div class=\"adapted-container\">\n<p class=\"Adapted\" lang=\"de-DE\"><span class=\"Bold\">Down the Rabbit-Hole <\/span><span class=\"Translation CharOverride-1\">(Hinunter in den Kaninchenba<\/span><span class=\"Translation\"><span class=\"No-Break CharOverride-1\">u;<\/span><\/span><span class=\"Translation\"><span class=\"Bold-Italic CharOverride-1\"> hole<\/span><\/span><span class=\"Translation\"><span class=\"No-Break\"><span class=\"Bold-Italic CharOverride-1\"> <\/span><\/span><\/span><span class=\"Translation\"><span class=\"No-Break\"><span class=\"Italic CharOverride-1\">\u2014<\/span><\/span><\/span><span class=\"Translation\"><span class=\"Bold-Italic CharOverride-1\"> <\/span><\/span><span class=\"Translation\"><span class=\"Italic CharOverride-1\">Loc<\/span><\/span><span class=\"Translation\"><span class=\"No-Break\"><span class=\"Italic CharOverride-1\">h;<\/span><\/span><\/span><span class=\"Translation\"><span class=\"Italic CharOverride-1\"> H\u00f6hl<\/span><\/span><span class=\"Translation\"><span class=\"No-Break\"><span class=\"Italic CharOverride-1\">e;<\/span><\/span><\/span><span class=\"Translation\"><span class=\"Italic CharOverride-1\"> Bau<\/span><\/span><span class=\"Translation CharOverride-1\">)<\/span><\/p>\n<p class=\"Adapted\" lang=\"de-DE\"><span class=\"Bold\">Alice was beginning to get very tired of sitting by her sister on the bank <\/span><span class=\"Translation CharOverride-1\">(Alice fing an<\/span><span class=\"Translation CharOverride-1\">, es sehr satt zu bekommen, bei ihrer Schwester auf der<\/span><span class=\"Translation CharOverride-1\"> Bank zu sitze<\/span><span class=\"Translation\"><span class=\"No-Break CharOverride-1\">n;<\/span><\/span><span class=\"Translation\"><span class=\"Bold-Italic CharOverride-1\"> tired<\/span><\/span><span class=\"Translation\"><span class=\"No-Break\"><span class=\"Bold-Italic CharOverride-1\"> <\/span><\/span><\/span><span class=\"Translation\"><span class=\"No-Break\"><span class=\"Italic CharOverride-1\">\u2014<\/span><\/span><\/span><span class=\"Translation\"><span class=\"Bold-Italic CharOverride-1\"> <\/span><\/span><span class=\"Translation\"><span class=\"Italic CharOverride-1\">m\u00fcd<\/span><\/span><span class=\"Translation\"><span class=\"No-Break\"><span class=\"Italic CharOverride-1\">e;<\/span><\/span><\/span><span class=\"Translation\"><span class=\"Bold-Italic CharOverride-1\"> <\/span><\/span><span class=\"Translation\"><span class=\"Italic CharOverride-1\">erm\u00fcde<\/span><\/span><span class=\"Translation\"><span class=\"No-Break\"><span class=\"Italic CharOverride-1\">t;<\/span><\/span><\/span><span class=\"Translation\"><span class=\"Bold-Italic CharOverride-1\"> <\/span><\/span><span class=\"Translation\"><span class=\"Bold-Italic CharOverride-1\">to get tired of sth<\/span><\/span><span class=\"Translation\"><span class=\"No-Break\"><span class=\"Bold-Italic CharOverride-1\"> <\/span><\/span><\/span><span class=\"Translation\"><span class=\"No-Break\"><span class=\"Italic CharOverride-1\">\u2014<\/span><\/span><\/span><span class=\"Translation\"><span class=\"Bold-Italic CharOverride-1\"> <\/span><\/span><span class=\"Translation\"><span class=\"Italic CharOverride-1\">etw satt bekommen<\/span><\/span><span class=\"Translation CharOverride-1\">)<\/span><span class=\"Bold\">, and of having nothing to do <\/span><span class=\"Translation CharOverride-1\">(<\/span><span class=\"Translation CharOverride-1\">und nichts zu tun zu haben)<\/span><span class=\"Bold\">: once or twice she had peeped into the book her sister was reading <\/span><span class=\"Translation CharOverride-1\">(ein oder zwei <\/span><span class=\"Translation CharOverride-1\">Mal hatte sie in das Buch, das ihre Schwester las, <\/span><span class=\"Translation CharOverride-1\">gesp\u00e4ht)<\/span><span class=\"Bold\">, but it had no pictures or conversations in it <\/span><span class=\"Translation CharOverride-1\">(aber es enthielt keine Abbildungen oder Unterhaltunge<\/span><span class=\"Translation\"><span class=\"No-Break CharOverride-1\">n;<\/span><\/span><span class=\"Translation\"><span class=\"Italic\"> <\/span><\/span><span class=\"Translation\"><span class=\"Italic CharOverride-1\">picture <\/span><\/span><span class=\"Translation\"><span class=\"Transcription\">[\u201ap\u026ak\u02a7\u0259<\/span><\/span><span class=\"Translation\"><span class=\"No-Break\"><span class=\"Transcription\">]<\/span><\/span><\/span><span class=\"Translation\"><span class=\"No-Break\"><span class=\"Italic CharOverride-1\">;<\/span><\/span><\/span><span class=\"Translation\"><span class=\"Italic\"> <\/span><\/span><span class=\"Translation\"><span class=\"Italic CharOverride-1\">conversation <\/span><\/span><span class=\"Translation\"><span class=\"Transcription\">[\u02cck\u0254nv\u0259\u2018se\u026a\u0283(\u0259)<\/span><\/span><span class=\"Transcription\">n]<\/span><span class=\"CharOverride-2\">)<\/span><span class=\"Bold\">, <\/span><span class=\"CharOverride-3\" lang=\"en-GB\">\u2018<\/span><span class=\"Bold\">and what is the use of a book <\/span><span class=\"Translation CharOverride-1\">(und was ist der Nutzen eines<\/span><span class=\"Translation CharOverride-1\"> Buche<\/span><span class=\"Translation\"><span class=\"No-Break CharOverride-1\">s;<\/span><\/span><span class=\"Translation\"><span class=\"Bold-Italic CharOverride-1\"> use <\/span><\/span><span class=\"Translation\"><span class=\"Transcription\">[ju\u02d0s]<\/span><\/span><span class=\"Translation\"><span class=\"No-Break\"><span class=\"Bold-Italic CharOverride-1\"> <\/span><\/span><\/span><span class=\"Translation\"><span class=\"No-Break\"><span class=\"Italic CharOverride-1\">\u2014<\/span><\/span><\/span><span class=\"Translation\"><span class=\"Bold-Italic CharOverride-1\"> <\/span><\/span><span class=\"Translation\"><span class=\"Italic CharOverride-1\">Gebrauc<\/span><\/span><span class=\"Translation\"><span class=\"No-Break\"><span class=\"Italic CharOverride-1\">h;<\/span><\/span><\/span><span class=\"Translation\"><span class=\"Italic CharOverride-1\"> Verwendun<\/span><\/span><span class=\"Translation\"><span class=\"No-Break\"><span class=\"Italic CharOverride-1\">g;<\/span><\/span><\/span><span class=\"Translation\"><span class=\"Italic CharOverride-1\"> Nutzen<\/span><\/span><span class=\"Translation CharOverride-1\">)<\/span><span class=\"Bold\">,\u2019 thought Alice <\/span><span class=\"Translation CharOverride-1\">(dachte Alice)<\/span><span class=\"Bold\"> <\/span><span class=\"CharOverride-3\" lang=\"en-GB\">\u2018<\/span><span class=\"Bold\">without pictures or conversation <\/span><span class=\"Translation CharOverride-1\">(ohne Abbildungen oder Unterhaltung)<\/span><span class=\"Bold\">?\u2019<\/span><\/p>\n<\/div>\n<audio class=\"wp-audio-shortcode\" id=\"audio-9716-1\" preload=\"none\" style=\"width: 100%;\" controls=\"controls\"><source type=\"audio\/mpeg\" src=\"https:\/\/easyoriginal1.s3.eu-central-1.amazonaws.com\/englisch\/e24\/1.mp3?_=1\" \/><a href=\"https:\/\/easyoriginal1.s3.eu-central-1.amazonaws.com\/englisch\/e24\/1.mp3\">https:\/\/easyoriginal1.s3.eu-central-1.amazonaws.com\/englisch\/e24\/1.mp3<\/a><\/audio>\n<div class=\"original-container\">\n<p class=\"Original\" lang=\"en-GB\">Alice was beginning to get very tired of sitting by her sister on the bank, and of having nothing to do: once or twice she had peeped into the book her sister was reading, but it had no pictures or conversations in it, \u2018and what is the use of a book,\u2019 thought Alice \u2018without pictures or conversation?\u2019<\/p>\n<\/div>\n","protected":false},"excerpt":{"rendered":"<p>&#8222;Alice in Wonderland&#8220; (&#8222;Alice im Wunderland&#8220;) ist ein Kinderbuch des britischen Schriftstellers Lewis Carroll und gilt gilt als eines der hervorragenden Werke aus dem Genre des literarischen Nonsens. Die Erz\u00e4hlweise und -struktur, die Figuren und die Metaphorik haben einen unver\u00e4ndert gro\u00dfen kulturellen Einfluss. Die fiktive Welt, in der Alice im Wunderland angesiedelt ist, spielt in solch einer Weise mit Logik, dass sich die Erz\u00e4hlung unter Mathematikern und Kindern gleicherma\u00dfen gro\u00dfer Beliebtheit erfreut.<br \/>\nUngek\u00fcrzter Originaltext. Zweisprachiges Buch Englisch-Deutsch.<\/p>","protected":false},"featured_media":15942,"comment_status":"open","ping_status":"closed","template":"","meta":{"_acf_changed":false,"_et_pb_use_builder":"off","_et_pb_old_content":"<div class=\"adapted-container\">\r\n<p class=\"Adapted\"><span class=\"Bold\">I had called upon my friend, Mr. Sherlock Holmes <\/span><span class=\"Translation\">(ich hatte bei meinem Freund, Mister Sherlock Holmes, vorgesprochen: \u00abappelliert\u00bb)<\/span><span class=\"Bold\">, one day in the autumn of last year <\/span><span class=\"Translation\">(eines Tages im Herbst letzten Jahres;<\/span><span class=\"Translation\"><span class=\"Comments\"> autumn <\/span><\/span><span class=\"Translation\"><span class=\"Transcription\">[\u2018\u0254\u02d0t\u0259m]<\/span><\/span><span class=\"Translation\">)<\/span> <span class=\"Bold\">and found him in deep conversation <\/span><span class=\"Translation\">(und ihn in tiefem Gespr\u00e4ch vorgefunden;<\/span><span class=\"Translation\"><span class=\"Comments\"> conversation <\/span><\/span><span class=\"Translation\"><span class=\"Transcription\">[\u02cck\u0252nv\u0259\u2019se\u026a\u0283\u0259n]<\/span><\/span><span class=\"Translation\">)<\/span> <span class=\"Bold\">with a very stout, florid-faced, elderly gentleman <\/span><span class=\"Translation\">(mit einem \u00e4u\u00dferst st\u00e4mmigen, rotgesichtigen, \u00e4lteren Gentleman;<\/span><span class=\"Translation\"><span class=\"Comments\"> stout <\/span><\/span><span class=\"Translation\"><span class=\"Transcription\">[sta\u028at]<\/span><\/span><span class=\"Translation\"><span class=\"Comments\">; <\/span><\/span><span class=\"Translation\"><span class=\"Comment-Words\">florid<\/span><\/span> <span class=\"Translation\"><span class=\"Transcription\">[\u2018fl\u0252r\u026ad]<\/span><\/span><span class=\"Translation\"><span class=\"Comments\"> \u2014 schw\u00fclstig, ger\u00f6tet<\/span><\/span><span class=\"Translation\">)<\/span><span class=\"Bold\"> with fiery red hair<\/span> <span class=\"Translation\">(mit feuerrotem Haar;<\/span><span class=\"Translation\"><span class=\"Comments\"> fiery <\/span><\/span><span class=\"Translation\"><span class=\"Transcription\">[\u2018fa\u026a\u0259r\u026a]<\/span><\/span><span class=\"Translation\">)<\/span><span class=\"Bold\">. With an apology for my intrusion <\/span><span class=\"Translation\">(mit einer Entschuld<a id=\"_idTextAnchor000\"><\/a>igung f\u00fcr mein Eindringen = mich f\u00fcr mein Eindringen entschuldigend;<\/span><span class=\"Translation\"><span class=\"Comments\"> apology <\/span><\/span><span class=\"Translation\"><span class=\"Transcription\">[\u0259\u2018p\u0252l\u0259d\u0292\u026a]<\/span><\/span><span class=\"Translation\"><span class=\"Comments\">; intrusion <\/span><\/span><span class=\"Translation\"><span class=\"Transcription\">[\u026an\u2018tru\u02d0\u0292\u0259n]<\/span><\/span><span class=\"Translation\">)<\/span><span class=\"Bold\">, I was about to withdraw <\/span><span class=\"Translation\">(wollte ich mich \/soeben\/ zur\u00fcckziehen;<\/span> <span class=\"Translation\"><span class=\"Comment-Words\">to be about to<\/span><\/span><span class=\"Translation\"><span class=\"Comments\"> \u2014 dabei sein etwas zu tun, etwas tun wollen; withdraw <\/span><\/span><span class=\"Translation\"><span class=\"Transcription\">[w\u026a\u00f0\u2018dr\u0254\u02d0]<\/span><\/span><span class=\"Translation\">)<\/span><span class=\"Bold\">, when Holmes pulled me abruptly into the room <\/span><span class=\"Translation\">(als Holmes mich abrupt in den Raum zog;<\/span><span class=\"Translation\"><span class=\"Comments\"> abruptly <\/span><\/span><span class=\"Translation\"><span class=\"Transcription\">[\u0259\u2018br\u028cptl\u026a]<\/span><\/span><span class=\"Translation\">)<\/span><span class=\"Bold\"> and closed the door behind me <\/span><span class=\"Translation\">(und die T\u00fcre hinter mir schloss)<\/span><span class=\"Bold\">.<\/span><\/p>\r\n\r\n<\/div>\r\n[audio mp3=\"https:\/\/easyoriginal1.s3.eu-central-1.amazonaws.com\/englisch\/e4\/1.mp3\"][\/audio]\r\n<div class=\"original-container\">\r\n<p class=\"Original\">I had called upon my friend, Mr. Sherlock Holmes, one day in the autumn of last year and found him in deep conversation with a very stout, florid-faced, elderly gentleman with fiery red hair. With an apology for my intrusion, I was about to withdraw, when Holmes pulled me abruptly into the room and closed the door behind me.<\/p>\r\n\r\n<\/div>\r\n<a class=\"weiter\" href=\"\/webreader\/the-red-headed-league\/fragment\/2-4-2-3\/\">weiter lesen<\/a>","_et_gb_content_width":""},"product_brand":[],"product_cat":[42],"product_tag":[164,72],"class_list":{"0":"post-9716","1":"product","2":"type-product","3":"status-publish","4":"has-post-thumbnail","6":"product_cat-englisch-deutsch","7":"product_tag-anfaenger","8":"product_tag-britisch","10":"first","11":"instock","12":"taxable","13":"shipping-taxable","14":"purchasable","15":"product-type-variable"},"acf":[],"yoast_head":"<!-- This site is optimized with the Yoast SEO plugin v27.4 - https:\/\/yoast.com\/product\/yoast-seo-wordpress\/ -->\n<title>Alice\u2019s Adventures in Wonderland \/ Alice\u2019 Abenteuer im Wunderland - EasyOriginal.com<\/title>\n<meta name=\"robots\" content=\"index, follow, max-snippet:-1, max-image-preview:large, max-video-preview:-1\" \/>\n<link rel=\"canonical\" href=\"https:\/\/easyoriginal.com\/en\/shop\/englisch-deutsch\/alices-adventures-in-wonderland-alice-abenteuer-im-wunderland\/\" \/>\n<meta property=\"og:locale\" content=\"en_GB\" \/>\n<meta property=\"og:type\" content=\"article\" \/>\n<meta property=\"og:title\" content=\"Alice\u2019s Adventures in Wonderland \/ Alice\u2019 Abenteuer im Wunderland - EasyOriginal.com\" \/>\n<meta property=\"og:description\" content=\"&quot;Alice in Wonderland&quot; (&quot;Alice im Wunderland&quot;) ist ein Kinderbuch des britischen Schriftstellers Lewis Carroll und gilt gilt als eines der hervorragenden Werke aus dem Genre des literarischen Nonsens. Die Erz\u00e4hlweise und -struktur, die Figuren und die Metaphorik haben einen unver\u00e4ndert gro\u00dfen kulturellen Einfluss. Die fiktive Welt, in der Alice im Wunderland angesiedelt ist, spielt in solch einer Weise mit Logik, dass sich die Erz\u00e4hlung unter Mathematikern und Kindern gleicherma\u00dfen gro\u00dfer Beliebtheit erfreut. Ungek\u00fcrzter Originaltext. Zweisprachiges Buch Englisch-Deutsch.\" \/>\n<meta property=\"og:url\" content=\"https:\/\/easyoriginal.com\/en\/shop\/englisch-deutsch\/alices-adventures-in-wonderland-alice-abenteuer-im-wunderland\/\" \/>\n<meta property=\"og:site_name\" content=\"EasyOriginal.com\" \/>\n<meta property=\"article:modified_time\" content=\"2025-08-09T15:19:33+00:00\" \/>\n<meta property=\"og:image\" content=\"https:\/\/easyoriginal.com\/wp-content\/uploads\/carroll_alices_adventures_in_wonderland_cover_2025.jpg\" \/>\n\t<meta property=\"og:image:width\" content=\"1600\" \/>\n\t<meta property=\"og:image:height\" content=\"2400\" \/>\n\t<meta property=\"og:image:type\" content=\"image\/jpeg\" \/>\n<meta name=\"twitter:card\" content=\"summary_large_image\" \/>\n<meta name=\"twitter:label1\" content=\"Estimated reading time\" \/>\n\t<meta name=\"twitter:data1\" content=\"2 minutes\" \/>\n<script type=\"application\/ld+json\" class=\"yoast-schema-graph\">{\"@context\":\"https:\\\/\\\/schema.org\",\"@graph\":[{\"@type\":\"WebPage\",\"@id\":\"https:\\\/\\\/easyoriginal.com\\\/shop\\\/englisch-deutsch\\\/alices-adventures-in-wonderland-alice-abenteuer-im-wunderland\\\/\",\"url\":\"https:\\\/\\\/easyoriginal.com\\\/shop\\\/englisch-deutsch\\\/alices-adventures-in-wonderland-alice-abenteuer-im-wunderland\\\/\",\"name\":\"Alice\u2019s Adventures in Wonderland \\\/ Alice\u2019 Abenteuer im Wunderland - EasyOriginal.com\",\"isPartOf\":{\"@id\":\"https:\\\/\\\/easyoriginal.com\\\/#website\"},\"primaryImageOfPage\":{\"@id\":\"https:\\\/\\\/easyoriginal.com\\\/shop\\\/englisch-deutsch\\\/alices-adventures-in-wonderland-alice-abenteuer-im-wunderland\\\/#primaryimage\"},\"image\":{\"@id\":\"https:\\\/\\\/easyoriginal.com\\\/shop\\\/englisch-deutsch\\\/alices-adventures-in-wonderland-alice-abenteuer-im-wunderland\\\/#primaryimage\"},\"thumbnailUrl\":\"https:\\\/\\\/easyoriginal.com\\\/wp-content\\\/uploads\\\/carroll_alices_adventures_in_wonderland_cover_2025.jpg\",\"datePublished\":\"2022-04-01T20:16:49+00:00\",\"dateModified\":\"2025-08-09T15:19:33+00:00\",\"breadcrumb\":{\"@id\":\"https:\\\/\\\/easyoriginal.com\\\/shop\\\/englisch-deutsch\\\/alices-adventures-in-wonderland-alice-abenteuer-im-wunderland\\\/#breadcrumb\"},\"inLanguage\":\"en-GB\",\"potentialAction\":[{\"@type\":\"ReadAction\",\"target\":[\"https:\\\/\\\/easyoriginal.com\\\/shop\\\/englisch-deutsch\\\/alices-adventures-in-wonderland-alice-abenteuer-im-wunderland\\\/\"]}]},{\"@type\":\"ImageObject\",\"inLanguage\":\"en-GB\",\"@id\":\"https:\\\/\\\/easyoriginal.com\\\/shop\\\/englisch-deutsch\\\/alices-adventures-in-wonderland-alice-abenteuer-im-wunderland\\\/#primaryimage\",\"url\":\"https:\\\/\\\/easyoriginal.com\\\/wp-content\\\/uploads\\\/carroll_alices_adventures_in_wonderland_cover_2025.jpg\",\"contentUrl\":\"https:\\\/\\\/easyoriginal.com\\\/wp-content\\\/uploads\\\/carroll_alices_adventures_in_wonderland_cover_2025.jpg\",\"width\":1600,\"height\":2400},{\"@type\":\"BreadcrumbList\",\"@id\":\"https:\\\/\\\/easyoriginal.com\\\/shop\\\/englisch-deutsch\\\/alices-adventures-in-wonderland-alice-abenteuer-im-wunderland\\\/#breadcrumb\",\"itemListElement\":[{\"@type\":\"ListItem\",\"position\":1,\"name\":\"Startseite\",\"item\":\"https:\\\/\\\/easyoriginal.com\\\/\"},{\"@type\":\"ListItem\",\"position\":2,\"name\":\"Shop\",\"item\":\"https:\\\/\\\/easyoriginal.com\\\/shop\\\/\"},{\"@type\":\"ListItem\",\"position\":3,\"name\":\"Alice\u2019s Adventures in Wonderland \\\/ Alice\u2019 Abenteuer im Wunderland\"}]},{\"@type\":\"WebSite\",\"@id\":\"https:\\\/\\\/easyoriginal.com\\\/#website\",\"url\":\"https:\\\/\\\/easyoriginal.com\\\/\",\"name\":\"EasyOriginal.com\",\"description\":\"Spa\u00df am Lesen im Original - Innovative Lesemethode f\u00fcr Fremdsprachen\",\"publisher\":{\"@id\":\"https:\\\/\\\/easyoriginal.com\\\/#organization\"},\"potentialAction\":[{\"@type\":\"SearchAction\",\"target\":{\"@type\":\"EntryPoint\",\"urlTemplate\":\"https:\\\/\\\/easyoriginal.com\\\/?s={search_term_string}\"},\"query-input\":{\"@type\":\"PropertyValueSpecification\",\"valueRequired\":true,\"valueName\":\"search_term_string\"}}],\"inLanguage\":\"en-GB\"},{\"@type\":\"Organization\",\"@id\":\"https:\\\/\\\/easyoriginal.com\\\/#organization\",\"name\":\"EasyOriginal Verlag\",\"url\":\"https:\\\/\\\/easyoriginal.com\\\/\",\"logo\":{\"@type\":\"ImageObject\",\"inLanguage\":\"en-GB\",\"@id\":\"https:\\\/\\\/easyoriginal.com\\\/#\\\/schema\\\/logo\\\/image\\\/\",\"url\":\"https:\\\/\\\/easyoriginal.com\\\/wp-content\\\/uploads\\\/2020\\\/08\\\/logo_main.png\",\"contentUrl\":\"https:\\\/\\\/easyoriginal.com\\\/wp-content\\\/uploads\\\/2020\\\/08\\\/logo_main.png\",\"width\":500,\"height\":103,\"caption\":\"EasyOriginal Verlag\"},\"image\":{\"@id\":\"https:\\\/\\\/easyoriginal.com\\\/#\\\/schema\\\/logo\\\/image\\\/\"}}]}<\/script>\n<!-- \/ Yoast SEO plugin. -->","yoast_head_json":{"title":"Alice\u2019s Adventures in Wonderland \/ Alice\u2019 Abenteuer im Wunderland - EasyOriginal.com","robots":{"index":"index","follow":"follow","max-snippet":"max-snippet:-1","max-image-preview":"max-image-preview:large","max-video-preview":"max-video-preview:-1"},"canonical":"https:\/\/easyoriginal.com\/en\/shop\/englisch-deutsch\/alices-adventures-in-wonderland-alice-abenteuer-im-wunderland\/","og_locale":"en_GB","og_type":"article","og_title":"Alice\u2019s Adventures in Wonderland \/ Alice\u2019 Abenteuer im Wunderland - EasyOriginal.com","og_description":"\"Alice in Wonderland\" (\"Alice im Wunderland\") ist ein Kinderbuch des britischen Schriftstellers Lewis Carroll und gilt gilt als eines der hervorragenden Werke aus dem Genre des literarischen Nonsens. Die Erz\u00e4hlweise und -struktur, die Figuren und die Metaphorik haben einen unver\u00e4ndert gro\u00dfen kulturellen Einfluss. Die fiktive Welt, in der Alice im Wunderland angesiedelt ist, spielt in solch einer Weise mit Logik, dass sich die Erz\u00e4hlung unter Mathematikern und Kindern gleicherma\u00dfen gro\u00dfer Beliebtheit erfreut. Ungek\u00fcrzter Originaltext. Zweisprachiges Buch Englisch-Deutsch.","og_url":"https:\/\/easyoriginal.com\/en\/shop\/englisch-deutsch\/alices-adventures-in-wonderland-alice-abenteuer-im-wunderland\/","og_site_name":"EasyOriginal.com","article_modified_time":"2025-08-09T15:19:33+00:00","og_image":[{"width":1600,"height":2400,"url":"https:\/\/easyoriginal.com\/wp-content\/uploads\/carroll_alices_adventures_in_wonderland_cover_2025.jpg","type":"image\/jpeg"}],"twitter_card":"summary_large_image","twitter_misc":{"Estimated reading time":"2 minutes"},"schema":{"@context":"https:\/\/schema.org","@graph":[{"@type":"WebPage","@id":"https:\/\/easyoriginal.com\/shop\/englisch-deutsch\/alices-adventures-in-wonderland-alice-abenteuer-im-wunderland\/","url":"https:\/\/easyoriginal.com\/shop\/englisch-deutsch\/alices-adventures-in-wonderland-alice-abenteuer-im-wunderland\/","name":"Alice\u2019s Adventures in Wonderland \/ Alice\u2019 Abenteuer im Wunderland - EasyOriginal.com","isPartOf":{"@id":"https:\/\/easyoriginal.com\/#website"},"primaryImageOfPage":{"@id":"https:\/\/easyoriginal.com\/shop\/englisch-deutsch\/alices-adventures-in-wonderland-alice-abenteuer-im-wunderland\/#primaryimage"},"image":{"@id":"https:\/\/easyoriginal.com\/shop\/englisch-deutsch\/alices-adventures-in-wonderland-alice-abenteuer-im-wunderland\/#primaryimage"},"thumbnailUrl":"https:\/\/easyoriginal.com\/wp-content\/uploads\/carroll_alices_adventures_in_wonderland_cover_2025.jpg","datePublished":"2022-04-01T20:16:49+00:00","dateModified":"2025-08-09T15:19:33+00:00","breadcrumb":{"@id":"https:\/\/easyoriginal.com\/shop\/englisch-deutsch\/alices-adventures-in-wonderland-alice-abenteuer-im-wunderland\/#breadcrumb"},"inLanguage":"en-GB","potentialAction":[{"@type":"ReadAction","target":["https:\/\/easyoriginal.com\/shop\/englisch-deutsch\/alices-adventures-in-wonderland-alice-abenteuer-im-wunderland\/"]}]},{"@type":"ImageObject","inLanguage":"en-GB","@id":"https:\/\/easyoriginal.com\/shop\/englisch-deutsch\/alices-adventures-in-wonderland-alice-abenteuer-im-wunderland\/#primaryimage","url":"https:\/\/easyoriginal.com\/wp-content\/uploads\/carroll_alices_adventures_in_wonderland_cover_2025.jpg","contentUrl":"https:\/\/easyoriginal.com\/wp-content\/uploads\/carroll_alices_adventures_in_wonderland_cover_2025.jpg","width":1600,"height":2400},{"@type":"BreadcrumbList","@id":"https:\/\/easyoriginal.com\/shop\/englisch-deutsch\/alices-adventures-in-wonderland-alice-abenteuer-im-wunderland\/#breadcrumb","itemListElement":[{"@type":"ListItem","position":1,"name":"Startseite","item":"https:\/\/easyoriginal.com\/"},{"@type":"ListItem","position":2,"name":"Shop","item":"https:\/\/easyoriginal.com\/shop\/"},{"@type":"ListItem","position":3,"name":"Alice\u2019s Adventures in Wonderland \/ Alice\u2019 Abenteuer im Wunderland"}]},{"@type":"WebSite","@id":"https:\/\/easyoriginal.com\/#website","url":"https:\/\/easyoriginal.com\/","name":"EasyOriginal.com","description":"Spa\u00df am Lesen im Original - Innovative Lesemethode f\u00fcr Fremdsprachen","publisher":{"@id":"https:\/\/easyoriginal.com\/#organization"},"potentialAction":[{"@type":"SearchAction","target":{"@type":"EntryPoint","urlTemplate":"https:\/\/easyoriginal.com\/?s={search_term_string}"},"query-input":{"@type":"PropertyValueSpecification","valueRequired":true,"valueName":"search_term_string"}}],"inLanguage":"en-GB"},{"@type":"Organization","@id":"https:\/\/easyoriginal.com\/#organization","name":"EasyOriginal Verlag","url":"https:\/\/easyoriginal.com\/","logo":{"@type":"ImageObject","inLanguage":"en-GB","@id":"https:\/\/easyoriginal.com\/#\/schema\/logo\/image\/","url":"https:\/\/easyoriginal.com\/wp-content\/uploads\/2020\/08\/logo_main.png","contentUrl":"https:\/\/easyoriginal.com\/wp-content\/uploads\/2020\/08\/logo_main.png","width":500,"height":103,"caption":"EasyOriginal Verlag"},"image":{"@id":"https:\/\/easyoriginal.com\/#\/schema\/logo\/image\/"}}]}},"_links":{"self":[{"href":"https:\/\/easyoriginal.com\/en\/wp-json\/wp\/v2\/product\/9716","targetHints":{"allow":["GET"]}}],"collection":[{"href":"https:\/\/easyoriginal.com\/en\/wp-json\/wp\/v2\/product"}],"about":[{"href":"https:\/\/easyoriginal.com\/en\/wp-json\/wp\/v2\/types\/product"}],"replies":[{"embeddable":true,"href":"https:\/\/easyoriginal.com\/en\/wp-json\/wp\/v2\/comments?post=9716"}],"wp:featuredmedia":[{"embeddable":true,"href":"https:\/\/easyoriginal.com\/en\/wp-json\/wp\/v2\/media\/15942"}],"wp:attachment":[{"href":"https:\/\/easyoriginal.com\/en\/wp-json\/wp\/v2\/media?parent=9716"}],"wp:term":[{"taxonomy":"product_brand","embeddable":true,"href":"https:\/\/easyoriginal.com\/en\/wp-json\/wp\/v2\/product_brand?post=9716"},{"taxonomy":"product_cat","embeddable":true,"href":"https:\/\/easyoriginal.com\/en\/wp-json\/wp\/v2\/product_cat?post=9716"},{"taxonomy":"product_tag","embeddable":true,"href":"https:\/\/easyoriginal.com\/en\/wp-json\/wp\/v2\/product_tag?post=9716"}],"curies":[{"name":"wp","href":"https:\/\/api.w.org\/{rel}","templated":true}]}}