{"id":9657,"date":"2022-02-20T16:35:51","date_gmt":"2022-02-20T15:35:51","guid":{"rendered":"https:\/\/easyoriginal.com\/?post_type=product&#038;p=9657"},"modified":"2024-01-04T01:02:07","modified_gmt":"2024-01-04T00:02:07","slug":"le-collier-de-la-reine-das-collier-der-koenigin-arsene-lupin-kollektion","status":"publish","type":"product","link":"https:\/\/easyoriginal.com\/en\/shop\/franzoesisch-deutsch\/le-collier-de-la-reine-das-collier-der-koenigin-arsene-lupin-kollektion\/","title":{"rendered":"Le Collier de la Reine \/ Das Collier der K\u00f6nigin"},"content":{"rendered":"<div class=\"adapted-container\">\n<p class=\"Adapted\"><span class=\"Bold\">Deux ou trois fois par an <\/span><span class=\"Translation\">(zwei oder drei Mal j\u00e4hrlich: &quot;pro Jahr<\/span><span class=\"No-Break\"><span class=\"Translation\">&quot;;<\/span><\/span><span class=\"Translation\"> <\/span><span class=\"Translation\"><span class=\"Comments\">fois<\/span><\/span><span class=\"Translation\"><span class=\"Gender CharOverride-1\">f<\/span><\/span><span class=\"Translation\">)<\/span><span class=\"Bold\">, \u00e0 l\u2018occasion de solennit\u00e9s importantes <\/span><span class=\"Translation\">(anl\u00e4sslich: &quot;bei der Gelegenheit&quot; bedeutender Feierlichkeite<\/span><span class=\"No-Break\"><span class=\"Translation\">n;<\/span><\/span><span class=\"Translation\"> <\/span><span class=\"Translation\"><span class=\"Comments\">occasion<\/span><\/span><span class=\"Translation\"><span class=\"No-Break\"><span class=\"Gender CharOverride-1\">f<\/span><\/span><\/span><span class=\"Translation\"><span class=\"No-Break\"><span class=\"Comments\">;<\/span><\/span><\/span><span class=\"Translation\"> <\/span><span class=\"Translation\"><span class=\"Comments\">solennit\u00e9<\/span><\/span><span class=\"Translation\"><span class=\"No-Break\"><span class=\"Gender CharOverride-1\">f<\/span><\/span><\/span><span class=\"Translation\"><span class=\"No-Break\"><span class=\"Comments\">;<\/span><\/span><\/span><span class=\"Translation\"><span class=\"Comments\"> <\/span><\/span><span class=\"Translation\"><span class=\"Comment-Words\">parler avec solennit\u00e9<\/span><\/span><span class=\"No-Break\"><span class=\"Translation\"> <\/span><\/span><span class=\"Translation\"><span class=\"No-Break\"><span class=\"Comments\">\u2013<\/span><\/span><\/span><span class=\"Translation\"><span class=\"Comments\"> in feierlichem Ton spreche<\/span><\/span><span class=\"Translation\"><span class=\"No-Break\"><span class=\"Comments\">n;<\/span><\/span><\/span><span class=\"Translation\"><span class=\"Comments\"> <\/span><\/span><span class=\"Translation\"><span class=\"Comment-Words\">solennel<\/span><\/span><span class=\"Translation\"><span class=\"No-Break\"><span class=\"Comments\"> \u2013<\/span><\/span><\/span><span class=\"Translation\"><span class=\"Comments\"> feierlich<\/span><\/span><span class=\"Translation\">)<\/span><span class=\"Bold\"> comme les bals de l\u2018ambassade d\u2018Autriche ou les soir\u00e9es de lady Billingstone <\/span><span class=\"Translation\">(wie die B\u00e4lle der \u00f6sterreichischen Botschaft oder die Abendgesellschaften von Lady Billingston<\/span><span class=\"No-Break\"><span class=\"Translation\">e;<\/span><\/span><span class=\"Translation\"> <\/span><span class=\"Translation\"><span class=\"Comments\">bal<\/span><\/span><span class=\"Translation\"><span class=\"No-Break\"><span class=\"Gender CharOverride-1\">m<\/span><\/span><\/span><span class=\"Translation\"><span class=\"No-Break\"><span class=\"Comments\">;<\/span><\/span><\/span><span class=\"Translation\"><span class=\"Comments\"> ambassade<\/span><\/span><span class=\"Translation\"><span class=\"No-Break\"><span class=\"Gender CharOverride-1\">f<\/span><\/span><\/span><span class=\"Translation\"><span class=\"No-Break\"><span class=\"Comments\">;<\/span><\/span><\/span><span class=\"Translation\"><span class=\"Comments\"> <\/span><\/span><span class=\"Translation\"><span class=\"Comment-Words\">Autriche<\/span><\/span><span class=\"Translation\"><span class=\"Gender CharOverride-1\">f<\/span><\/span><span class=\"Translation\"><span class=\"No-Break\"><span class=\"Comment-Words\"> <\/span><\/span><\/span><span class=\"Translation\"><span class=\"No-Break\"><span class=\"Comments\">\u2013<\/span><\/span><\/span><span class=\"Translation\"><span class=\"Comments\"> \u00d6sterreic<\/span><\/span><span class=\"Translation\"><span class=\"No-Break\"><span class=\"Comments\">h;<\/span><\/span><\/span><span class=\"Translation\"><span class=\"Comments\"> <\/span><\/span><span class=\"Translation\"><span class=\"Comment-Words\">soir\u00e9e<\/span><\/span><span class=\"Translation\"><span class=\"Gender CharOverride-1\">f<\/span><\/span><span class=\"Translation\"><span class=\"No-Break\"><span class=\"Comments\"> \u2013<\/span><\/span><\/span><span class=\"Translation\"><span class=\"Comments\"> Abend, Abendstunde<\/span><\/span><span class=\"Translation\"><span class=\"No-Break\"><span class=\"Comments\">n;<\/span><\/span><\/span><span class=\"Translation\"><span class=\"Comments\"> Abendgesellschaft<\/span><\/span><span class=\"Translation\">)<\/span><span class=\"Bold\">, la comtesse de Dreux-Soubise mettait sur ses blanches \u00e9paules &quot;le Collier de la Reine&quot; <\/span><span class=\"Translation\">(legte die Gr\u00e4fin de Dreux-Soubise auf ihre wei\u00dfen Schultern &quot;das Collier der K\u00f6nigin<\/span><span class=\"No-Break\"><span class=\"Translation\">&quot;;<\/span><\/span><span class=\"Translation\"> <\/span><span class=\"Translation\"><span class=\"Comments\">mettr<\/span><\/span><span class=\"Translation\"><span class=\"No-Break\"><span class=\"Comments\">e;<\/span><\/span><\/span><span class=\"Translation\"><span class=\"Comments\"> \u00e9paule<\/span><\/span><span class=\"Translation\"><span class=\"Gender CharOverride-1\">f<\/span><\/span><span class=\"Translation\">)<\/span><span class=\"Bold\">.<\/span><\/p>\n<\/div>\n<audio class=\"wp-audio-shortcode\" id=\"audio-9657-1\" preload=\"none\" style=\"width: 100%;\" controls=\"controls\"><source type=\"audio\/mpeg\" src=\"https:\/\/easyoriginal1.s3.eu-central-1.amazonaws.com\/franzoesisch\/f14\/1.mp3?_=1\" \/><a href=\"https:\/\/easyoriginal1.s3.eu-central-1.amazonaws.com\/franzoesisch\/f14\/1.mp3\">https:\/\/easyoriginal1.s3.eu-central-1.amazonaws.com\/franzoesisch\/f14\/1.mp3<\/a><\/audio>\n<div class=\"original-container\">\n<p class=\"Original\" lang=\"en-GB\">Deux ou trois fois par an, \u00e0 l\u2019occasion de solennit\u00e9s importantes, comme les bals de l\u2019ambassade d\u2019Autriche ou les soir\u00e9es de lady Billingstone, la comtesse de Dreux-Soubise mettait sur ses blanches \u00e9paules &quot;le Collier de la Reine&quot;.<\/p>\n<\/div>","protected":false},"excerpt":{"rendered":"<p>Ars\u00e8ne Lupin ist eine Romanfigur des franz\u00f6sischen Autors Maurice Leblanc. \u201cArs\u00e8ne Lupin, gentleman-cambrioleur\u201d (Ars\u00e8ne Lupin \u2013 Der Gentleman-Gauner) ist ein Sammelband mit 9 Geschichten.<br \/>\nF\u00fcnfte Geschichte &#8211; &#8222;Le Collier de la Reine&#8220; (&#8222;Das Collier der K\u00f6nigin&#8220;).<br \/>\nUngek\u00fcrzter Originaltext. Zweisprachiges Buch Franz\u00f6sisch-Deutsch. Lesemethode von Ilya Frank.<\/p>","protected":false},"featured_media":9663,"comment_status":"open","ping_status":"closed","template":"","meta":{"_acf_changed":false,"_et_pb_use_builder":"off","_et_pb_old_content":"<div class=\"adapted-container\">\r\n<p class=\"Adapted\"><span class=\"Bold\">Hace mucho tiempo que ten\u00eda ganas de escribir <\/span><span class=\"Translation\">(seit langer Zeit hatte ich Lust zu schreiben; <\/span><span class=\"Translation\"><span class=\"Comment-Words\">tener<\/span><\/span><span class=\"Translation\"><span class=\"Comments\"> \u2014 haben<\/span><\/span><span class=\"Translation\">)<\/span><span class=\"Bold\"> cualquier cosa con este t\u00edtulo <\/span><span class=\"Translation\">(irgendetwas mit diesem Titel)<\/span><span class=\"Bold\">.<\/span><\/p>\r\n<p class=\"Adapted\"><span class=\"Bold\">Hoy<a id=\"_idTextAnchor001\"><\/a>, que se me ha presentado ocasi\u00f3n <\/span><span class=\"Translation\">(heute, wo sich mir \/eine\/ Gelegenheit geboten hat; <\/span><span class=\"Translation\"><span class=\"Comment-Words\">presentar<\/span><\/span><span class=\"Translation\"><span class=\"Comments\"> \u2014 zeigen; vorstellen<\/span><\/span><span class=\"Translation\">)<\/span><span class=\"Bold\">, lo he puesto con letras grandes <\/span><span class=\"Translation\">(das habe ich in gro\u00dfen Buchstaben gesetzt = habe ich es in Gro\u00dfbuchstaben gesetzt; <\/span><span class=\"Translation\"><span class=\"Comment-Words\">poner<\/span><\/span><span class=\"Translation\"><span class=\"Comments\"> \u2014 setzen; stellen; legen<\/span><\/span><span class=\"Translation\">)<\/span><span class=\"Bold\"> en la primera cuartilla de papel <\/span><span class=\"Translation\">(auf das erste Blatt: \u00abauf das erste Viertelpapier\u00bb; <\/span><span class=\"Translation\"><span class=\"Comment-Words\">cuarto<\/span><\/span><span class=\"Translation\"><span class=\"Gender _idGenCharOverride-1\">m <\/span><\/span><span class=\"Translation\"><span class=\"Comments\">\u2014 Viertel<\/span><\/span><span class=\"Translation\">)<\/span><span class=\"Bold\">, y luego he dejado a capricho volar la pluma <\/span><span class=\"Translation\">(und dann habe ich nach Belieben die Feder fliegen lassen; <\/span><span class=\"Translation\"><span class=\"Comment-Words\">dejar<\/span><\/span><span class=\"Translation\"><span class=\"Comments\"> \u2014 lassen; <\/span><\/span><span class=\"Translation\"><span class=\"Comment-Words\">capricho<\/span><\/span><span class=\"Translation\"><span class=\"Gender _idGenCharOverride-1\">m <\/span><\/span><span class=\"Translation\"><span class=\"Comments\">\u2014 Laune<\/span><\/span><span class=\"Translation\">)<\/span><span class=\"Bold\">.<\/span><\/p>\r\n\r\n<\/div>\r\n[audio mp3=\"https:\/\/easyoriginal1.s3.eu-central-1.amazonaws.com\/spanisch\/s1\/1.mp3\"][\/audio]\r\n<div class=\"original-container\">\r\n<p class=\"Original\">Hace mucho tiempo que ten\u00eda ganas de escribir cualquier cosa con este t\u00edtulo.<\/p>\r\n<p class=\"Original\">Hoy, que se me ha presentado ocasi\u00f3n, lo he puesto con letras grandes en la primera cuartilla de papel, y luego he dejado a capricho volar la pluma.<\/p>\r\n\r\n<\/div>\r\n<a class=\"weiter\" href=\"\/webreader\/los-ojos-verdes\/fragment\/1-4-2\/\">weiter lesen<\/a>","_et_gb_content_width":""},"product_brand":[],"product_cat":[45],"product_tag":[165,81],"class_list":{"0":"post-9657","1":"product","2":"type-product","3":"status-publish","4":"has-post-thumbnail","6":"product_cat-franzoesisch-deutsch","7":"product_tag-arsene-lupin","8":"product_tag-krimi","10":"first","11":"instock","12":"taxable","13":"shipping-taxable","14":"purchasable","15":"product-type-variable"},"acf":[],"yoast_head":"<!-- This site is optimized with the Yoast SEO plugin v27.3 - https:\/\/yoast.com\/product\/yoast-seo-wordpress\/ -->\n<title>Le Collier de la Reine \/ Das Collier der K\u00f6nigin - EasyOriginal.com<\/title>\n<meta name=\"robots\" content=\"index, follow, max-snippet:-1, max-image-preview:large, max-video-preview:-1\" \/>\n<link rel=\"canonical\" href=\"https:\/\/easyoriginal.com\/en\/shop\/franzoesisch-deutsch\/le-collier-de-la-reine-das-collier-der-koenigin-arsene-lupin-kollektion\/\" \/>\n<meta property=\"og:locale\" content=\"en_GB\" \/>\n<meta property=\"og:type\" content=\"article\" \/>\n<meta property=\"og:title\" content=\"Le Collier de la Reine \/ Das Collier der K\u00f6nigin - EasyOriginal.com\" \/>\n<meta property=\"og:description\" content=\"Ars\u00e8ne Lupin ist eine Romanfigur des franz\u00f6sischen Autors Maurice Leblanc. \u201cArs\u00e8ne Lupin, gentleman-cambrioleur\u201d (Ars\u00e8ne Lupin \u2013 Der Gentleman-Gauner) ist ein Sammelband mit 9 Geschichten. F\u00fcnfte Geschichte - &quot;Le Collier de la Reine&quot; (&quot;Das Collier der K\u00f6nigin&quot;). Ungek\u00fcrzter Originaltext. Zweisprachiges Buch Franz\u00f6sisch-Deutsch. Lesemethode von Ilya Frank.\" \/>\n<meta property=\"og:url\" content=\"https:\/\/easyoriginal.com\/en\/shop\/franzoesisch-deutsch\/le-collier-de-la-reine-das-collier-der-koenigin-arsene-lupin-kollektion\/\" \/>\n<meta property=\"og:site_name\" content=\"EasyOriginal.com\" \/>\n<meta property=\"article:modified_time\" content=\"2024-01-04T00:02:07+00:00\" \/>\n<meta property=\"og:image\" content=\"https:\/\/easyoriginal.com\/wp-content\/uploads\/Leblanc_Le_Colliere_de_la_Reine_printcover.jpg\" \/>\n\t<meta property=\"og:image:width\" content=\"468\" \/>\n\t<meta property=\"og:image:height\" content=\"702\" \/>\n\t<meta property=\"og:image:type\" content=\"image\/jpeg\" \/>\n<meta name=\"twitter:card\" content=\"summary_large_image\" \/>\n<meta name=\"twitter:label1\" content=\"Estimated reading time\" \/>\n\t<meta name=\"twitter:data1\" content=\"2 minutes\" \/>\n<script type=\"application\/ld+json\" class=\"yoast-schema-graph\">{\"@context\":\"https:\\\/\\\/schema.org\",\"@graph\":[{\"@type\":\"WebPage\",\"@id\":\"https:\\\/\\\/easyoriginal.com\\\/shop\\\/franzoesisch-deutsch\\\/le-collier-de-la-reine-das-collier-der-koenigin-arsene-lupin-kollektion\\\/\",\"url\":\"https:\\\/\\\/easyoriginal.com\\\/shop\\\/franzoesisch-deutsch\\\/le-collier-de-la-reine-das-collier-der-koenigin-arsene-lupin-kollektion\\\/\",\"name\":\"Le Collier de la Reine \\\/ Das Collier der K\u00f6nigin - EasyOriginal.com\",\"isPartOf\":{\"@id\":\"https:\\\/\\\/easyoriginal.com\\\/#website\"},\"primaryImageOfPage\":{\"@id\":\"https:\\\/\\\/easyoriginal.com\\\/shop\\\/franzoesisch-deutsch\\\/le-collier-de-la-reine-das-collier-der-koenigin-arsene-lupin-kollektion\\\/#primaryimage\"},\"image\":{\"@id\":\"https:\\\/\\\/easyoriginal.com\\\/shop\\\/franzoesisch-deutsch\\\/le-collier-de-la-reine-das-collier-der-koenigin-arsene-lupin-kollektion\\\/#primaryimage\"},\"thumbnailUrl\":\"https:\\\/\\\/easyoriginal.com\\\/wp-content\\\/uploads\\\/Leblanc_Le_Colliere_de_la_Reine_printcover.jpg\",\"datePublished\":\"2022-02-20T15:35:51+00:00\",\"dateModified\":\"2024-01-04T00:02:07+00:00\",\"breadcrumb\":{\"@id\":\"https:\\\/\\\/easyoriginal.com\\\/shop\\\/franzoesisch-deutsch\\\/le-collier-de-la-reine-das-collier-der-koenigin-arsene-lupin-kollektion\\\/#breadcrumb\"},\"inLanguage\":\"en-GB\",\"potentialAction\":[{\"@type\":\"ReadAction\",\"target\":[\"https:\\\/\\\/easyoriginal.com\\\/shop\\\/franzoesisch-deutsch\\\/le-collier-de-la-reine-das-collier-der-koenigin-arsene-lupin-kollektion\\\/\"]}]},{\"@type\":\"ImageObject\",\"inLanguage\":\"en-GB\",\"@id\":\"https:\\\/\\\/easyoriginal.com\\\/shop\\\/franzoesisch-deutsch\\\/le-collier-de-la-reine-das-collier-der-koenigin-arsene-lupin-kollektion\\\/#primaryimage\",\"url\":\"https:\\\/\\\/easyoriginal.com\\\/wp-content\\\/uploads\\\/Leblanc_Le_Colliere_de_la_Reine_printcover.jpg\",\"contentUrl\":\"https:\\\/\\\/easyoriginal.com\\\/wp-content\\\/uploads\\\/Leblanc_Le_Colliere_de_la_Reine_printcover.jpg\",\"width\":468,\"height\":702,\"caption\":\"Zweisprachiges buch franz\u00f6sisch-deutsch, arsene lupin, franz\u00f6sische krimi, franz\u00f6sische kurzgeschichten maurice leblanc\"},{\"@type\":\"BreadcrumbList\",\"@id\":\"https:\\\/\\\/easyoriginal.com\\\/shop\\\/franzoesisch-deutsch\\\/le-collier-de-la-reine-das-collier-der-koenigin-arsene-lupin-kollektion\\\/#breadcrumb\",\"itemListElement\":[{\"@type\":\"ListItem\",\"position\":1,\"name\":\"Startseite\",\"item\":\"https:\\\/\\\/easyoriginal.com\\\/\"},{\"@type\":\"ListItem\",\"position\":2,\"name\":\"Shop\",\"item\":\"https:\\\/\\\/easyoriginal.com\\\/shop\\\/\"},{\"@type\":\"ListItem\",\"position\":3,\"name\":\"Le Collier de la Reine \\\/ Das Collier der K\u00f6nigin\"}]},{\"@type\":\"WebSite\",\"@id\":\"https:\\\/\\\/easyoriginal.com\\\/#website\",\"url\":\"https:\\\/\\\/easyoriginal.com\\\/\",\"name\":\"EasyOriginal.com\",\"description\":\"Spa\u00df am Lesen im Original - Innovative Lesemethode f\u00fcr Fremdsprachen\",\"publisher\":{\"@id\":\"https:\\\/\\\/easyoriginal.com\\\/#organization\"},\"potentialAction\":[{\"@type\":\"SearchAction\",\"target\":{\"@type\":\"EntryPoint\",\"urlTemplate\":\"https:\\\/\\\/easyoriginal.com\\\/?s={search_term_string}\"},\"query-input\":{\"@type\":\"PropertyValueSpecification\",\"valueRequired\":true,\"valueName\":\"search_term_string\"}}],\"inLanguage\":\"en-GB\"},{\"@type\":\"Organization\",\"@id\":\"https:\\\/\\\/easyoriginal.com\\\/#organization\",\"name\":\"EasyOriginal Verlag\",\"url\":\"https:\\\/\\\/easyoriginal.com\\\/\",\"logo\":{\"@type\":\"ImageObject\",\"inLanguage\":\"en-GB\",\"@id\":\"https:\\\/\\\/easyoriginal.com\\\/#\\\/schema\\\/logo\\\/image\\\/\",\"url\":\"https:\\\/\\\/easyoriginal.com\\\/wp-content\\\/uploads\\\/2020\\\/08\\\/logo_main.png\",\"contentUrl\":\"https:\\\/\\\/easyoriginal.com\\\/wp-content\\\/uploads\\\/2020\\\/08\\\/logo_main.png\",\"width\":500,\"height\":103,\"caption\":\"EasyOriginal Verlag\"},\"image\":{\"@id\":\"https:\\\/\\\/easyoriginal.com\\\/#\\\/schema\\\/logo\\\/image\\\/\"}}]}<\/script>\n<!-- \/ Yoast SEO plugin. -->","yoast_head_json":{"title":"Le Collier de la Reine \/ Das Collier der K\u00f6nigin - EasyOriginal.com","robots":{"index":"index","follow":"follow","max-snippet":"max-snippet:-1","max-image-preview":"max-image-preview:large","max-video-preview":"max-video-preview:-1"},"canonical":"https:\/\/easyoriginal.com\/en\/shop\/franzoesisch-deutsch\/le-collier-de-la-reine-das-collier-der-koenigin-arsene-lupin-kollektion\/","og_locale":"en_GB","og_type":"article","og_title":"Le Collier de la Reine \/ Das Collier der K\u00f6nigin - EasyOriginal.com","og_description":"Ars\u00e8ne Lupin ist eine Romanfigur des franz\u00f6sischen Autors Maurice Leblanc. \u201cArs\u00e8ne Lupin, gentleman-cambrioleur\u201d (Ars\u00e8ne Lupin \u2013 Der Gentleman-Gauner) ist ein Sammelband mit 9 Geschichten. F\u00fcnfte Geschichte - \"Le Collier de la Reine\" (\"Das Collier der K\u00f6nigin\"). Ungek\u00fcrzter Originaltext. Zweisprachiges Buch Franz\u00f6sisch-Deutsch. Lesemethode von Ilya Frank.","og_url":"https:\/\/easyoriginal.com\/en\/shop\/franzoesisch-deutsch\/le-collier-de-la-reine-das-collier-der-koenigin-arsene-lupin-kollektion\/","og_site_name":"EasyOriginal.com","article_modified_time":"2024-01-04T00:02:07+00:00","og_image":[{"width":468,"height":702,"url":"https:\/\/easyoriginal.com\/wp-content\/uploads\/Leblanc_Le_Colliere_de_la_Reine_printcover.jpg","type":"image\/jpeg"}],"twitter_card":"summary_large_image","twitter_misc":{"Estimated reading time":"2 minutes"},"schema":{"@context":"https:\/\/schema.org","@graph":[{"@type":"WebPage","@id":"https:\/\/easyoriginal.com\/shop\/franzoesisch-deutsch\/le-collier-de-la-reine-das-collier-der-koenigin-arsene-lupin-kollektion\/","url":"https:\/\/easyoriginal.com\/shop\/franzoesisch-deutsch\/le-collier-de-la-reine-das-collier-der-koenigin-arsene-lupin-kollektion\/","name":"Le Collier de la Reine \/ Das Collier der K\u00f6nigin - EasyOriginal.com","isPartOf":{"@id":"https:\/\/easyoriginal.com\/#website"},"primaryImageOfPage":{"@id":"https:\/\/easyoriginal.com\/shop\/franzoesisch-deutsch\/le-collier-de-la-reine-das-collier-der-koenigin-arsene-lupin-kollektion\/#primaryimage"},"image":{"@id":"https:\/\/easyoriginal.com\/shop\/franzoesisch-deutsch\/le-collier-de-la-reine-das-collier-der-koenigin-arsene-lupin-kollektion\/#primaryimage"},"thumbnailUrl":"https:\/\/easyoriginal.com\/wp-content\/uploads\/Leblanc_Le_Colliere_de_la_Reine_printcover.jpg","datePublished":"2022-02-20T15:35:51+00:00","dateModified":"2024-01-04T00:02:07+00:00","breadcrumb":{"@id":"https:\/\/easyoriginal.com\/shop\/franzoesisch-deutsch\/le-collier-de-la-reine-das-collier-der-koenigin-arsene-lupin-kollektion\/#breadcrumb"},"inLanguage":"en-GB","potentialAction":[{"@type":"ReadAction","target":["https:\/\/easyoriginal.com\/shop\/franzoesisch-deutsch\/le-collier-de-la-reine-das-collier-der-koenigin-arsene-lupin-kollektion\/"]}]},{"@type":"ImageObject","inLanguage":"en-GB","@id":"https:\/\/easyoriginal.com\/shop\/franzoesisch-deutsch\/le-collier-de-la-reine-das-collier-der-koenigin-arsene-lupin-kollektion\/#primaryimage","url":"https:\/\/easyoriginal.com\/wp-content\/uploads\/Leblanc_Le_Colliere_de_la_Reine_printcover.jpg","contentUrl":"https:\/\/easyoriginal.com\/wp-content\/uploads\/Leblanc_Le_Colliere_de_la_Reine_printcover.jpg","width":468,"height":702,"caption":"Zweisprachiges buch franz\u00f6sisch-deutsch, arsene lupin, franz\u00f6sische krimi, franz\u00f6sische kurzgeschichten maurice leblanc"},{"@type":"BreadcrumbList","@id":"https:\/\/easyoriginal.com\/shop\/franzoesisch-deutsch\/le-collier-de-la-reine-das-collier-der-koenigin-arsene-lupin-kollektion\/#breadcrumb","itemListElement":[{"@type":"ListItem","position":1,"name":"Startseite","item":"https:\/\/easyoriginal.com\/"},{"@type":"ListItem","position":2,"name":"Shop","item":"https:\/\/easyoriginal.com\/shop\/"},{"@type":"ListItem","position":3,"name":"Le Collier de la Reine \/ Das Collier der K\u00f6nigin"}]},{"@type":"WebSite","@id":"https:\/\/easyoriginal.com\/#website","url":"https:\/\/easyoriginal.com\/","name":"EasyOriginal.com","description":"Spa\u00df am Lesen im Original - Innovative Lesemethode f\u00fcr Fremdsprachen","publisher":{"@id":"https:\/\/easyoriginal.com\/#organization"},"potentialAction":[{"@type":"SearchAction","target":{"@type":"EntryPoint","urlTemplate":"https:\/\/easyoriginal.com\/?s={search_term_string}"},"query-input":{"@type":"PropertyValueSpecification","valueRequired":true,"valueName":"search_term_string"}}],"inLanguage":"en-GB"},{"@type":"Organization","@id":"https:\/\/easyoriginal.com\/#organization","name":"EasyOriginal Verlag","url":"https:\/\/easyoriginal.com\/","logo":{"@type":"ImageObject","inLanguage":"en-GB","@id":"https:\/\/easyoriginal.com\/#\/schema\/logo\/image\/","url":"https:\/\/easyoriginal.com\/wp-content\/uploads\/2020\/08\/logo_main.png","contentUrl":"https:\/\/easyoriginal.com\/wp-content\/uploads\/2020\/08\/logo_main.png","width":500,"height":103,"caption":"EasyOriginal Verlag"},"image":{"@id":"https:\/\/easyoriginal.com\/#\/schema\/logo\/image\/"}}]}},"_links":{"self":[{"href":"https:\/\/easyoriginal.com\/en\/wp-json\/wp\/v2\/product\/9657","targetHints":{"allow":["GET"]}}],"collection":[{"href":"https:\/\/easyoriginal.com\/en\/wp-json\/wp\/v2\/product"}],"about":[{"href":"https:\/\/easyoriginal.com\/en\/wp-json\/wp\/v2\/types\/product"}],"replies":[{"embeddable":true,"href":"https:\/\/easyoriginal.com\/en\/wp-json\/wp\/v2\/comments?post=9657"}],"wp:featuredmedia":[{"embeddable":true,"href":"https:\/\/easyoriginal.com\/en\/wp-json\/wp\/v2\/media\/9663"}],"wp:attachment":[{"href":"https:\/\/easyoriginal.com\/en\/wp-json\/wp\/v2\/media?parent=9657"}],"wp:term":[{"taxonomy":"product_brand","embeddable":true,"href":"https:\/\/easyoriginal.com\/en\/wp-json\/wp\/v2\/product_brand?post=9657"},{"taxonomy":"product_cat","embeddable":true,"href":"https:\/\/easyoriginal.com\/en\/wp-json\/wp\/v2\/product_cat?post=9657"},{"taxonomy":"product_tag","embeddable":true,"href":"https:\/\/easyoriginal.com\/en\/wp-json\/wp\/v2\/product_tag?post=9657"}],"curies":[{"name":"wp","href":"https:\/\/api.w.org\/{rel}","templated":true}]}}