{"id":9598,"date":"2022-01-17T21:24:36","date_gmt":"2022-01-17T20:24:36","guid":{"rendered":"https:\/\/easyoriginal.com\/?post_type=product&#038;p=9598"},"modified":"2024-01-04T01:02:01","modified_gmt":"2024-01-04T00:02:01","slug":"edith-au-col-de-cygne-edith-mit-dem-schwanenhals-arsene-lupin-kollektion","status":"publish","type":"product","link":"https:\/\/easyoriginal.com\/en\/shop\/franzoesisch-deutsch\/edith-au-col-de-cygne-edith-mit-dem-schwanenhals-arsene-lupin-kollektion\/","title":{"rendered":"\u00c9dith au Col de cygne \/ \u00c9dith mit dem Schwanenhals"},"content":{"rendered":"<div class=\"adapted-container\">\n<p class=\"Adapted\"><span class=\"Bold CharOverride-3\">Ars\u00e8ne Lupi<\/span><span class=\"No-Break\"><span class=\"Bold CharOverride-3\">n,<\/span><\/span><span class=\"Bold CharOverride-3\"> que pensez-vous au juste de l\u2019inspecteur Ganimard <\/span><span class=\"Translation CharOverride-2\">(Ars\u00e8ne Lupi<\/span><span class=\"Translation\"><span class=\"No-Break CharOverride-2\">n,<\/span><\/span><span class=\"Translation CharOverride-2\"> was denken Sie eigentlich \u00fcber den Inspektor Ganimar<\/span><span class=\"Translation\"><span class=\"No-Break CharOverride-2\">d;<\/span><\/span><span class=\"Translation CharOverride-2\"> <\/span><span class=\"Translation\"><span class=\"Comment-Words\">au juste<\/span><\/span><span class=\"Translation\"><span class=\"No-Break\"><span class=\"Comments\"> \u2014<\/span><\/span><\/span><span class=\"Translation\"><span class=\"Comments\"> \u00fcberhaup<\/span><\/span><span class=\"Translation\"><span class=\"No-Break\"><span class=\"Comments\">t;<\/span><\/span><\/span><span class=\"Translation\"><span class=\"Comments\"> eigentlic<\/span><\/span><span class=\"Translation\"><span class=\"No-Break\"><span class=\"Comments\">h;<\/span><\/span><\/span><span class=\"Translation\"><span class=\"Comments\"> <\/span><\/span><span class=\"Translation\"><span class=\"Comment-Words\">juste<\/span><\/span><span class=\"Translation\"><span class=\"No-Break\"><span class=\"Comments\"> \u2014<\/span><\/span><\/span><span class=\"Translation\"><span class=\"Comments\"> richti<\/span><\/span><span class=\"Translation\"><span class=\"No-Break\"><span class=\"Comments\">g;<\/span><\/span><\/span><span class=\"Translation\"><span class=\"Comments\"> genau<\/span><\/span><span class=\"Translation CharOverride-2\">)<\/span><span class=\"Bold CharOverride-3\">?<\/span><\/p>\n<p class=\"Adapted\"><span class=\"Bold CharOverride-3\">\u2014 Beaucoup de bie<\/span><span class=\"No-Break\"><span class=\"Bold CharOverride-3\">n,<\/span><\/span><span class=\"Bold CharOverride-3\"> cher ami <\/span><span class=\"Translation CharOverride-2\">(sehr viel Gute<\/span><span class=\"Translation\"><span class=\"No-Break CharOverride-2\">s,<\/span><\/span><span class=\"Translation CharOverride-2\"> lieber Freund)<\/span><span class=\"Bold CharOverride-3\">.<\/span><\/p>\n<p class=\"Adapted\"><span class=\"Bold CharOverride-3\">\u2014 Beaucoup de bien <\/span><span class=\"Translation CharOverride-2\">(<\/span><span class=\"Translation CharOverride-2\" lang=\"fr-FR\">sehr viel Gutes<\/span><span class=\"Translation CharOverride-2\">)<\/span><span class=\"Bold CharOverride-3\">? Mais alors pourquoi ne manquez-vous jamais l\u2019occasion de le tourner en ridicule <\/span><span class=\"Translation CharOverride-2\">(aber warum also lassen Sie sich niemals eine Gelegenheit entgehe<\/span><span class=\"Translation\"><span class=\"No-Break CharOverride-2\">n,<\/span><\/span><span class=\"Translation CharOverride-2\"> ihn ins L\u00e4cherliche zu ziehe<\/span><span class=\"Translation\"><span class=\"No-Break CharOverride-2\">n;<\/span><\/span><span class=\"Translation CharOverride-2\"> <\/span><span class=\"Translation\"><span class=\"Comment-Words\">manquer une occasion<\/span><\/span><span class=\"Translation\"><span class=\"No-Break\"><span class=\"Comments\"> <\/span><\/span><\/span><span class=\"Translation\"><span class=\"No-Break\"><span class=\"Comments\">\u2014<\/span><\/span><\/span><span class=\"Translation\"><span class=\"Comments\"> eine Gelegenheit verpasse<\/span><\/span><span class=\"Translation\"><span class=\"No-Break\"><span class=\"Comments\">n;<\/span><\/span><\/span><span class=\"Translation\"><span class=\"Comments\"> <\/span><\/span><span class=\"Translation\"><span class=\"Comment-Words\">manquer<\/span><\/span><span class=\"Translation\"><span class=\"No-Break\"><span class=\"Comments\"> <\/span><\/span><\/span><span class=\"Translation\"><span class=\"No-Break\"><span class=\"Comments\">\u2014<\/span><\/span><\/span><span class=\"Translation\"><span class=\"Comments\"> <\/span><\/span><span class=\"Translation\"><span class=\"No-Break\"><span class=\"Comments\">\/v<\/span><\/span><\/span><span class=\"Translation\"><span class=\"Comments\">er<\/span><\/span><span class=\"Translation\"><span class=\"No-Break\"><span class=\"Comments\">\/f<\/span><\/span><\/span><span class=\"Translation\"><span class=\"Comments\">ehle<\/span><\/span><span class=\"Translation\"><span class=\"No-Break\"><span class=\"Comments\">n;<\/span><\/span><\/span><span class=\"Translation\"><span class=\"Comments\"> verpasse<\/span><\/span><span class=\"Translation\"><span class=\"No-Break\"><span class=\"Comments\">n;<\/span><\/span><\/span><span class=\"Translation\"><span class=\"Comments\"> <\/span><\/span><span class=\"Translation\"><span class=\"Comment-Words\">tourner qn en ridicule<\/span><\/span><span class=\"Translation\"><span class=\"No-Break\"><span class=\"Comments\"> \u2014<\/span><\/span><\/span><span class=\"Translation\"><span class=\"Comments\"> jdn ins L\u00e4cherliche ziehe<\/span><\/span><span class=\"Translation\"><span class=\"No-Break\"><span class=\"Comments\">n;<\/span><\/span><\/span><span class=\"Translation\"><span class=\"Comments\"> <\/span><\/span><span class=\"Translation\"><span class=\"Comment-Words\">ridicule<\/span><\/span><span class=\"Translation\"><span class=\"No-Break\"><span class=\"Comments\"> \u2014<\/span><\/span><\/span><span class=\"Translation\"><span class=\"Comments\"> l\u00e4cherlic<\/span><\/span><span class=\"Translation\"><span class=\"No-Break\"><span class=\"Comments\">h;<\/span><\/span><\/span><span class=\"Translation\"><span class=\"Comments\"> <\/span><\/span><span class=\"Translation\"><span class=\"Comment-Words\">tourner<\/span><\/span><span class=\"Translation\"><span class=\"No-Break\"><span class=\"Comments\"> \u2014<\/span><\/span><\/span><span class=\"Translation\"><span class=\"Comments\"> drehe<\/span><\/span><span class=\"Translation\"><span class=\"No-Break\"><span class=\"Comments\">n;<\/span><\/span><\/span><span class=\"Translation\"><span class=\"Comments\"> wenden<\/span><\/span><span class=\"Translation CharOverride-2\">)<\/span><span class=\"Bold CharOverride-3\">.<\/span><\/p>\n<\/div>\n<audio class=\"wp-audio-shortcode\" id=\"audio-9598-1\" preload=\"none\" style=\"width: 100%;\" controls=\"controls\"><source type=\"audio\/mpeg\" src=\"https:\/\/easyoriginal1.s3.eu-central-1.amazonaws.com\/franzoesisch\/f13\/1.mp3?_=1\" \/><a href=\"https:\/\/easyoriginal1.s3.eu-central-1.amazonaws.com\/franzoesisch\/f13\/1.mp3\">https:\/\/easyoriginal1.s3.eu-central-1.amazonaws.com\/franzoesisch\/f13\/1.mp3<\/a><\/audio>\n<div class=\"original-container\">\n<p class=\"Original\" lang=\"en-GB\">Ars\u00e8ne Lupin, que pensez-vous au juste de l\u2019inspecteur Ganimard?<\/p>\n<p class=\"Original\" lang=\"en-GB\"><span class=\"CharOverride-3\">\u2014 Beaucoup de bien, cher ami.<\/span><\/p>\n<p class=\"Original\" lang=\"en-GB\"><span class=\"CharOverride-3\">\u2014 Beaucoup de bien? Mais alors pourquoi ne manquez-vous jamais l\u2019occasion de le tourner en ridicule.<\/span><\/p>\n<\/div>","protected":false},"excerpt":{"rendered":"<p>Ars\u00e8ne Lupin ist eine Romanfigur des franz\u00f6sischen Autors Maurice Leblanc. \u201cLes Confidences d&#8217;Ars\u00e8ne Lupin\u201d ist ein Sammelband mit 9 Geschichten.<br \/>\nNeunte Geschichte &#8211; &#8222;\u00c9dith au cou de cygne&#8220; (&#8222;\u00c9dith mit dem Schwanenhals&#8220;).<br \/>\nUngek\u00fcrzter Originaltext. Zweisprachiges Buch Franz\u00f6sisch-Deutsch. Lesemethode von Ilya Frank.<\/p>","protected":false},"featured_media":9603,"comment_status":"open","ping_status":"closed","template":"","meta":{"_acf_changed":false,"_et_pb_use_builder":"off","_et_pb_old_content":"<div class=\"adapted-container\">\r\n<p class=\"Adapted\"><span class=\"Bold\">Hace mucho tiempo que ten\u00eda ganas de escribir <\/span><span class=\"Translation\">(seit langer Zeit hatte ich Lust zu schreiben; <\/span><span class=\"Translation\"><span class=\"Comment-Words\">tener<\/span><\/span><span class=\"Translation\"><span class=\"Comments\"> \u2014 haben<\/span><\/span><span class=\"Translation\">)<\/span><span class=\"Bold\"> cualquier cosa con este t\u00edtulo <\/span><span class=\"Translation\">(irgendetwas mit diesem Titel)<\/span><span class=\"Bold\">.<\/span><\/p>\r\n<p class=\"Adapted\"><span class=\"Bold\">Hoy<a id=\"_idTextAnchor001\"><\/a>, que se me ha presentado ocasi\u00f3n <\/span><span class=\"Translation\">(heute, wo sich mir \/eine\/ Gelegenheit geboten hat; <\/span><span class=\"Translation\"><span class=\"Comment-Words\">presentar<\/span><\/span><span class=\"Translation\"><span class=\"Comments\"> \u2014 zeigen; vorstellen<\/span><\/span><span class=\"Translation\">)<\/span><span class=\"Bold\">, lo he puesto con letras grandes <\/span><span class=\"Translation\">(das habe ich in gro\u00dfen Buchstaben gesetzt = habe ich es in Gro\u00dfbuchstaben gesetzt; <\/span><span class=\"Translation\"><span class=\"Comment-Words\">poner<\/span><\/span><span class=\"Translation\"><span class=\"Comments\"> \u2014 setzen; stellen; legen<\/span><\/span><span class=\"Translation\">)<\/span><span class=\"Bold\"> en la primera cuartilla de papel <\/span><span class=\"Translation\">(auf das erste Blatt: \u00abauf das erste Viertelpapier\u00bb; <\/span><span class=\"Translation\"><span class=\"Comment-Words\">cuarto<\/span><\/span><span class=\"Translation\"><span class=\"Gender _idGenCharOverride-1\">m <\/span><\/span><span class=\"Translation\"><span class=\"Comments\">\u2014 Viertel<\/span><\/span><span class=\"Translation\">)<\/span><span class=\"Bold\">, y luego he dejado a capricho volar la pluma <\/span><span class=\"Translation\">(und dann habe ich nach Belieben die Feder fliegen lassen; <\/span><span class=\"Translation\"><span class=\"Comment-Words\">dejar<\/span><\/span><span class=\"Translation\"><span class=\"Comments\"> \u2014 lassen; <\/span><\/span><span class=\"Translation\"><span class=\"Comment-Words\">capricho<\/span><\/span><span class=\"Translation\"><span class=\"Gender _idGenCharOverride-1\">m <\/span><\/span><span class=\"Translation\"><span class=\"Comments\">\u2014 Laune<\/span><\/span><span class=\"Translation\">)<\/span><span class=\"Bold\">.<\/span><\/p>\r\n\r\n<\/div>\r\n[audio mp3=\"https:\/\/easyoriginal1.s3.eu-central-1.amazonaws.com\/spanisch\/s1\/1.mp3\"][\/audio]\r\n<div class=\"original-container\">\r\n<p class=\"Original\">Hace mucho tiempo que ten\u00eda ganas de escribir cualquier cosa con este t\u00edtulo.<\/p>\r\n<p class=\"Original\">Hoy, que se me ha presentado ocasi\u00f3n, lo he puesto con letras grandes en la primera cuartilla de papel, y luego he dejado a capricho volar la pluma.<\/p>\r\n\r\n<\/div>\r\n<a class=\"weiter\" href=\"\/webreader\/los-ojos-verdes\/fragment\/1-4-2\/\">weiter lesen<\/a>","_et_gb_content_width":""},"product_brand":[],"product_cat":[45],"product_tag":[165,81],"class_list":{"0":"post-9598","1":"product","2":"type-product","3":"status-publish","4":"has-post-thumbnail","6":"product_cat-franzoesisch-deutsch","7":"product_tag-arsene-lupin","8":"product_tag-krimi","10":"first","11":"instock","12":"taxable","13":"shipping-taxable","14":"purchasable","15":"product-type-variable"},"acf":[],"yoast_head":"<!-- This site is optimized with the Yoast SEO plugin v27.4 - https:\/\/yoast.com\/product\/yoast-seo-wordpress\/ -->\n<title>\u00c9dith au Col de cygne \/ \u00c9dith mit dem Schwanenhals - EasyOriginal.com<\/title>\n<meta name=\"robots\" content=\"index, follow, max-snippet:-1, max-image-preview:large, max-video-preview:-1\" \/>\n<link rel=\"canonical\" href=\"https:\/\/easyoriginal.com\/en\/shop\/franzoesisch-deutsch\/edith-au-col-de-cygne-edith-mit-dem-schwanenhals-arsene-lupin-kollektion\/\" \/>\n<meta property=\"og:locale\" content=\"en_GB\" \/>\n<meta property=\"og:type\" content=\"article\" \/>\n<meta property=\"og:title\" content=\"\u00c9dith au Col de cygne \/ \u00c9dith mit dem Schwanenhals - EasyOriginal.com\" \/>\n<meta property=\"og:description\" content=\"Ars\u00e8ne Lupin ist eine Romanfigur des franz\u00f6sischen Autors Maurice Leblanc. \u201cLes Confidences d&#039;Ars\u00e8ne Lupin\u201d ist ein Sammelband mit 9 Geschichten. Neunte Geschichte - &quot;\u00c9dith au cou de cygne&quot; (&quot;\u00c9dith mit dem Schwanenhals&quot;). Ungek\u00fcrzter Originaltext. Zweisprachiges Buch Franz\u00f6sisch-Deutsch. Lesemethode von Ilya Frank.\" \/>\n<meta property=\"og:url\" content=\"https:\/\/easyoriginal.com\/en\/shop\/franzoesisch-deutsch\/edith-au-col-de-cygne-edith-mit-dem-schwanenhals-arsene-lupin-kollektion\/\" \/>\n<meta property=\"og:site_name\" content=\"EasyOriginal.com\" \/>\n<meta property=\"article:modified_time\" content=\"2024-01-04T00:02:01+00:00\" \/>\n<meta property=\"og:image\" content=\"https:\/\/easyoriginal.com\/wp-content\/uploads\/Leblanc_Edith_au_cou_de_cygne_printcover-1.jpg\" \/>\n\t<meta property=\"og:image:width\" content=\"468\" \/>\n\t<meta property=\"og:image:height\" content=\"702\" \/>\n\t<meta property=\"og:image:type\" content=\"image\/jpeg\" \/>\n<meta name=\"twitter:card\" content=\"summary_large_image\" \/>\n<meta name=\"twitter:label1\" content=\"Estimated reading time\" \/>\n\t<meta name=\"twitter:data1\" content=\"1 minute\" \/>\n<script type=\"application\/ld+json\" class=\"yoast-schema-graph\">{\"@context\":\"https:\\\/\\\/schema.org\",\"@graph\":[{\"@type\":\"WebPage\",\"@id\":\"https:\\\/\\\/easyoriginal.com\\\/shop\\\/franzoesisch-deutsch\\\/edith-au-col-de-cygne-edith-mit-dem-schwanenhals-arsene-lupin-kollektion\\\/\",\"url\":\"https:\\\/\\\/easyoriginal.com\\\/shop\\\/franzoesisch-deutsch\\\/edith-au-col-de-cygne-edith-mit-dem-schwanenhals-arsene-lupin-kollektion\\\/\",\"name\":\"\u00c9dith au Col de cygne \\\/ \u00c9dith mit dem Schwanenhals - EasyOriginal.com\",\"isPartOf\":{\"@id\":\"https:\\\/\\\/easyoriginal.com\\\/#website\"},\"primaryImageOfPage\":{\"@id\":\"https:\\\/\\\/easyoriginal.com\\\/shop\\\/franzoesisch-deutsch\\\/edith-au-col-de-cygne-edith-mit-dem-schwanenhals-arsene-lupin-kollektion\\\/#primaryimage\"},\"image\":{\"@id\":\"https:\\\/\\\/easyoriginal.com\\\/shop\\\/franzoesisch-deutsch\\\/edith-au-col-de-cygne-edith-mit-dem-schwanenhals-arsene-lupin-kollektion\\\/#primaryimage\"},\"thumbnailUrl\":\"https:\\\/\\\/easyoriginal.com\\\/wp-content\\\/uploads\\\/Leblanc_Edith_au_cou_de_cygne_printcover-1.jpg\",\"datePublished\":\"2022-01-17T20:24:36+00:00\",\"dateModified\":\"2024-01-04T00:02:01+00:00\",\"breadcrumb\":{\"@id\":\"https:\\\/\\\/easyoriginal.com\\\/shop\\\/franzoesisch-deutsch\\\/edith-au-col-de-cygne-edith-mit-dem-schwanenhals-arsene-lupin-kollektion\\\/#breadcrumb\"},\"inLanguage\":\"en-GB\",\"potentialAction\":[{\"@type\":\"ReadAction\",\"target\":[\"https:\\\/\\\/easyoriginal.com\\\/shop\\\/franzoesisch-deutsch\\\/edith-au-col-de-cygne-edith-mit-dem-schwanenhals-arsene-lupin-kollektion\\\/\"]}]},{\"@type\":\"ImageObject\",\"inLanguage\":\"en-GB\",\"@id\":\"https:\\\/\\\/easyoriginal.com\\\/shop\\\/franzoesisch-deutsch\\\/edith-au-col-de-cygne-edith-mit-dem-schwanenhals-arsene-lupin-kollektion\\\/#primaryimage\",\"url\":\"https:\\\/\\\/easyoriginal.com\\\/wp-content\\\/uploads\\\/Leblanc_Edith_au_cou_de_cygne_printcover-1.jpg\",\"contentUrl\":\"https:\\\/\\\/easyoriginal.com\\\/wp-content\\\/uploads\\\/Leblanc_Edith_au_cou_de_cygne_printcover-1.jpg\",\"width\":468,\"height\":702,\"caption\":\"Zweisprachiges buch franz\u00f6sisch-deutsch, arsene lupin, franz\u00f6sische krimi, franz\u00f6sische kurzgeschichten maurice leblanc\"},{\"@type\":\"BreadcrumbList\",\"@id\":\"https:\\\/\\\/easyoriginal.com\\\/shop\\\/franzoesisch-deutsch\\\/edith-au-col-de-cygne-edith-mit-dem-schwanenhals-arsene-lupin-kollektion\\\/#breadcrumb\",\"itemListElement\":[{\"@type\":\"ListItem\",\"position\":1,\"name\":\"Startseite\",\"item\":\"https:\\\/\\\/easyoriginal.com\\\/\"},{\"@type\":\"ListItem\",\"position\":2,\"name\":\"Shop\",\"item\":\"https:\\\/\\\/easyoriginal.com\\\/shop\\\/\"},{\"@type\":\"ListItem\",\"position\":3,\"name\":\"\u00c9dith au Col de cygne \\\/ \u00c9dith mit dem Schwanenhals\"}]},{\"@type\":\"WebSite\",\"@id\":\"https:\\\/\\\/easyoriginal.com\\\/#website\",\"url\":\"https:\\\/\\\/easyoriginal.com\\\/\",\"name\":\"EasyOriginal.com\",\"description\":\"Spa\u00df am Lesen im Original - Innovative Lesemethode f\u00fcr Fremdsprachen\",\"publisher\":{\"@id\":\"https:\\\/\\\/easyoriginal.com\\\/#organization\"},\"potentialAction\":[{\"@type\":\"SearchAction\",\"target\":{\"@type\":\"EntryPoint\",\"urlTemplate\":\"https:\\\/\\\/easyoriginal.com\\\/?s={search_term_string}\"},\"query-input\":{\"@type\":\"PropertyValueSpecification\",\"valueRequired\":true,\"valueName\":\"search_term_string\"}}],\"inLanguage\":\"en-GB\"},{\"@type\":\"Organization\",\"@id\":\"https:\\\/\\\/easyoriginal.com\\\/#organization\",\"name\":\"EasyOriginal Verlag\",\"url\":\"https:\\\/\\\/easyoriginal.com\\\/\",\"logo\":{\"@type\":\"ImageObject\",\"inLanguage\":\"en-GB\",\"@id\":\"https:\\\/\\\/easyoriginal.com\\\/#\\\/schema\\\/logo\\\/image\\\/\",\"url\":\"https:\\\/\\\/easyoriginal.com\\\/wp-content\\\/uploads\\\/2020\\\/08\\\/logo_main.png\",\"contentUrl\":\"https:\\\/\\\/easyoriginal.com\\\/wp-content\\\/uploads\\\/2020\\\/08\\\/logo_main.png\",\"width\":500,\"height\":103,\"caption\":\"EasyOriginal Verlag\"},\"image\":{\"@id\":\"https:\\\/\\\/easyoriginal.com\\\/#\\\/schema\\\/logo\\\/image\\\/\"}}]}<\/script>\n<!-- \/ Yoast SEO plugin. -->","yoast_head_json":{"title":"\u00c9dith au Col de cygne \/ \u00c9dith mit dem Schwanenhals - EasyOriginal.com","robots":{"index":"index","follow":"follow","max-snippet":"max-snippet:-1","max-image-preview":"max-image-preview:large","max-video-preview":"max-video-preview:-1"},"canonical":"https:\/\/easyoriginal.com\/en\/shop\/franzoesisch-deutsch\/edith-au-col-de-cygne-edith-mit-dem-schwanenhals-arsene-lupin-kollektion\/","og_locale":"en_GB","og_type":"article","og_title":"\u00c9dith au Col de cygne \/ \u00c9dith mit dem Schwanenhals - EasyOriginal.com","og_description":"Ars\u00e8ne Lupin ist eine Romanfigur des franz\u00f6sischen Autors Maurice Leblanc. \u201cLes Confidences d'Ars\u00e8ne Lupin\u201d ist ein Sammelband mit 9 Geschichten. Neunte Geschichte - \"\u00c9dith au cou de cygne\" (\"\u00c9dith mit dem Schwanenhals\"). Ungek\u00fcrzter Originaltext. Zweisprachiges Buch Franz\u00f6sisch-Deutsch. Lesemethode von Ilya Frank.","og_url":"https:\/\/easyoriginal.com\/en\/shop\/franzoesisch-deutsch\/edith-au-col-de-cygne-edith-mit-dem-schwanenhals-arsene-lupin-kollektion\/","og_site_name":"EasyOriginal.com","article_modified_time":"2024-01-04T00:02:01+00:00","og_image":[{"width":468,"height":702,"url":"https:\/\/easyoriginal.com\/wp-content\/uploads\/Leblanc_Edith_au_cou_de_cygne_printcover-1.jpg","type":"image\/jpeg"}],"twitter_card":"summary_large_image","twitter_misc":{"Estimated reading time":"1 minute"},"schema":{"@context":"https:\/\/schema.org","@graph":[{"@type":"WebPage","@id":"https:\/\/easyoriginal.com\/shop\/franzoesisch-deutsch\/edith-au-col-de-cygne-edith-mit-dem-schwanenhals-arsene-lupin-kollektion\/","url":"https:\/\/easyoriginal.com\/shop\/franzoesisch-deutsch\/edith-au-col-de-cygne-edith-mit-dem-schwanenhals-arsene-lupin-kollektion\/","name":"\u00c9dith au Col de cygne \/ \u00c9dith mit dem Schwanenhals - EasyOriginal.com","isPartOf":{"@id":"https:\/\/easyoriginal.com\/#website"},"primaryImageOfPage":{"@id":"https:\/\/easyoriginal.com\/shop\/franzoesisch-deutsch\/edith-au-col-de-cygne-edith-mit-dem-schwanenhals-arsene-lupin-kollektion\/#primaryimage"},"image":{"@id":"https:\/\/easyoriginal.com\/shop\/franzoesisch-deutsch\/edith-au-col-de-cygne-edith-mit-dem-schwanenhals-arsene-lupin-kollektion\/#primaryimage"},"thumbnailUrl":"https:\/\/easyoriginal.com\/wp-content\/uploads\/Leblanc_Edith_au_cou_de_cygne_printcover-1.jpg","datePublished":"2022-01-17T20:24:36+00:00","dateModified":"2024-01-04T00:02:01+00:00","breadcrumb":{"@id":"https:\/\/easyoriginal.com\/shop\/franzoesisch-deutsch\/edith-au-col-de-cygne-edith-mit-dem-schwanenhals-arsene-lupin-kollektion\/#breadcrumb"},"inLanguage":"en-GB","potentialAction":[{"@type":"ReadAction","target":["https:\/\/easyoriginal.com\/shop\/franzoesisch-deutsch\/edith-au-col-de-cygne-edith-mit-dem-schwanenhals-arsene-lupin-kollektion\/"]}]},{"@type":"ImageObject","inLanguage":"en-GB","@id":"https:\/\/easyoriginal.com\/shop\/franzoesisch-deutsch\/edith-au-col-de-cygne-edith-mit-dem-schwanenhals-arsene-lupin-kollektion\/#primaryimage","url":"https:\/\/easyoriginal.com\/wp-content\/uploads\/Leblanc_Edith_au_cou_de_cygne_printcover-1.jpg","contentUrl":"https:\/\/easyoriginal.com\/wp-content\/uploads\/Leblanc_Edith_au_cou_de_cygne_printcover-1.jpg","width":468,"height":702,"caption":"Zweisprachiges buch franz\u00f6sisch-deutsch, arsene lupin, franz\u00f6sische krimi, franz\u00f6sische kurzgeschichten maurice leblanc"},{"@type":"BreadcrumbList","@id":"https:\/\/easyoriginal.com\/shop\/franzoesisch-deutsch\/edith-au-col-de-cygne-edith-mit-dem-schwanenhals-arsene-lupin-kollektion\/#breadcrumb","itemListElement":[{"@type":"ListItem","position":1,"name":"Startseite","item":"https:\/\/easyoriginal.com\/"},{"@type":"ListItem","position":2,"name":"Shop","item":"https:\/\/easyoriginal.com\/shop\/"},{"@type":"ListItem","position":3,"name":"\u00c9dith au Col de cygne \/ \u00c9dith mit dem Schwanenhals"}]},{"@type":"WebSite","@id":"https:\/\/easyoriginal.com\/#website","url":"https:\/\/easyoriginal.com\/","name":"EasyOriginal.com","description":"Spa\u00df am Lesen im Original - Innovative Lesemethode f\u00fcr Fremdsprachen","publisher":{"@id":"https:\/\/easyoriginal.com\/#organization"},"potentialAction":[{"@type":"SearchAction","target":{"@type":"EntryPoint","urlTemplate":"https:\/\/easyoriginal.com\/?s={search_term_string}"},"query-input":{"@type":"PropertyValueSpecification","valueRequired":true,"valueName":"search_term_string"}}],"inLanguage":"en-GB"},{"@type":"Organization","@id":"https:\/\/easyoriginal.com\/#organization","name":"EasyOriginal Verlag","url":"https:\/\/easyoriginal.com\/","logo":{"@type":"ImageObject","inLanguage":"en-GB","@id":"https:\/\/easyoriginal.com\/#\/schema\/logo\/image\/","url":"https:\/\/easyoriginal.com\/wp-content\/uploads\/2020\/08\/logo_main.png","contentUrl":"https:\/\/easyoriginal.com\/wp-content\/uploads\/2020\/08\/logo_main.png","width":500,"height":103,"caption":"EasyOriginal Verlag"},"image":{"@id":"https:\/\/easyoriginal.com\/#\/schema\/logo\/image\/"}}]}},"_links":{"self":[{"href":"https:\/\/easyoriginal.com\/en\/wp-json\/wp\/v2\/product\/9598","targetHints":{"allow":["GET"]}}],"collection":[{"href":"https:\/\/easyoriginal.com\/en\/wp-json\/wp\/v2\/product"}],"about":[{"href":"https:\/\/easyoriginal.com\/en\/wp-json\/wp\/v2\/types\/product"}],"replies":[{"embeddable":true,"href":"https:\/\/easyoriginal.com\/en\/wp-json\/wp\/v2\/comments?post=9598"}],"wp:featuredmedia":[{"embeddable":true,"href":"https:\/\/easyoriginal.com\/en\/wp-json\/wp\/v2\/media\/9603"}],"wp:attachment":[{"href":"https:\/\/easyoriginal.com\/en\/wp-json\/wp\/v2\/media?parent=9598"}],"wp:term":[{"taxonomy":"product_brand","embeddable":true,"href":"https:\/\/easyoriginal.com\/en\/wp-json\/wp\/v2\/product_brand?post=9598"},{"taxonomy":"product_cat","embeddable":true,"href":"https:\/\/easyoriginal.com\/en\/wp-json\/wp\/v2\/product_cat?post=9598"},{"taxonomy":"product_tag","embeddable":true,"href":"https:\/\/easyoriginal.com\/en\/wp-json\/wp\/v2\/product_tag?post=9598"}],"curies":[{"name":"wp","href":"https:\/\/api.w.org\/{rel}","templated":true}]}}