{"id":9524,"date":"2021-12-19T10:16:54","date_gmt":"2021-12-19T09:16:54","guid":{"rendered":"https:\/\/easyoriginal.com\/?post_type=product&#038;p=9524"},"modified":"2024-07-03T10:02:53","modified_gmt":"2024-07-03T08:02:53","slug":"los-zapatos-de-hierro-die-eisenschuhe","status":"publish","type":"product","link":"https:\/\/easyoriginal.com\/en\/shop\/spanisch-deutsch\/los-zapatos-de-hierro-die-eisenschuhe\/","title":{"rendered":"Los zapatos de hierro \/ Die Eisenschuhe"},"content":{"rendered":"<div class=\"adapted-container\">\n<p class=\"Adapted\"><span class=\"Bold\">Pues se\u00f1or <\/span><span class=\"Translation\">(nun, <\/span><span class=\"No-Break\"><span class=\"Translation\">\/m<\/span><\/span><span class=\"Translation\">ein<\/span><span class=\"No-Break\"><span class=\"Translation\">\/ <\/span><\/span><span class=\"Translation\">Herr)<\/span><span class=\"Bold\">, \u00e9rase una vez un joven cordob\u00e9s <\/span><span class=\"Translation\">(es war einmal ein junger Mann aus C\u00f3rdoba)<\/span><span class=\"Bold\">, llamado Luis <\/span><span class=\"Translation\">(namens: &quot;genannt&quot; Luis)<\/span><span class=\"Bold\">, que se encontr\u00f3 una noche en una posada con un caballero desconocido <\/span><span class=\"Translation\">(der eines Nachts in einer Herberge einen fremden Herren kennenlernt<\/span><span class=\"No-Break\"><span class=\"Translation\">e;<\/span><\/span><span class=\"Translation\"> <\/span><span class=\"Translation\"><span class=\"Comment-Words\">encontrarse con<\/span><\/span><span class=\"Translation\"><span class=\"No-Break\"><span class=\"Comments\"> \u2014<\/span><\/span><\/span><span class=\"Translation\"><span class=\"Comments\"> treffen auf<\/span><\/span><span class=\"Translation\">)<\/span><span class=\"Bold\"> que se hac\u00eda llamar el Marqu\u00e9s del Sol <\/span><span class=\"Translation\">(der sich Sonnen-Marques nannte: &quot;nennen <\/span><span class=\"Translation\">machte&quot;)<\/span><span class=\"Bold\">.<\/span><\/p>\n<p class=\"Adapted\"><span class=\"Bold\">Pusi\u00e9ronse a jugar a cartas <\/span><span class=\"Translation\">(<\/span><span class=\"No-Break\"><span class=\"Translation\">\/s<\/span><\/span><span class=\"Translation\">ie<\/span><span class=\"No-Break\"><span class=\"Translation\">\/ <\/span><\/span><span class=\"Translation\">fingen an: &quot;machten sich daran&quot;, Karten zu spiele<\/span><span class=\"No-Break\"><span class=\"Translation\">n;<\/span><\/span><span class=\"Translation\"> <\/span><span class=\"Translation\"><span class=\"Comment-Words\">ponerse a<\/span><\/span><span class=\"Translation\"><span class=\"No-Break\"><span class=\"Comments\"> \u2014<\/span><\/span><\/span><span class=\"Translation\"><span class=\"Comments\"> anfangen, etwas zu tun<\/span><\/span><span class=\"Translation\">)<\/span><span class=\"Bold\"> y el forastero gan\u00f3 sin cesar <\/span><span class=\"Translation\">(und der Fremde gewann unaufh\u00f6rlic<\/span><span class=\"No-Break\"><span class=\"Translation\">h;<\/span><\/span><span class=\"Translation\"> <\/span><span class=\"Translation\"><span class=\"Comment-Words\">cesar<\/span><\/span><span class=\"Translation\"><span class=\"No-Break\"><span class=\"Comments\"> \u2014<\/span><\/span><\/span><span class=\"Translation\"><span class=\"Comments\"> aufh\u00f6ren<\/span><\/span><span class=\"Translation\">)<\/span><span class=\"Bold\">, mientras que Luis <\/span><span class=\"Translation\">(w\u00e4hrend Luis)<\/span><span class=\"Bold\">, ansioso de tomar el desquite <\/span><span class=\"Translation\">(der das nicht auf sich sitzen lassen wollte: &quot;begierig darauf, Revanche zu nehmen<\/span><span class=\"No-Break\"><span class=\"Translation\">&quot;;<\/span><\/span><span class=\"Translation\"> <\/span><span class=\"Translation\"><span class=\"Comment-Words\">desquitar<\/span><\/span><span class=\"Translation\"><span class=\"No-Break\"><span class=\"Comments\"> \u2014<\/span><\/span><\/span><span class=\"Translation\"><span class=\"Comments\"> wiedergewinnen<\/span><\/span><span class=\"Translation\">)<\/span><span class=\"Bold\">, perd\u00eda onza a onza toda su fortuna <\/span><span class=\"Translation\">(Unze f\u00fcr Unze<\/span><span class=\"No-Break\"><span class=\"Translation\"> =<\/span><\/span><span class=\"Translation\"> <\/span><span class=\"Translation\"><span class=\"Comments\">St\u00fcck f\u00fcr St\u00fcck <\/span><\/span><span class=\"Translation\">all sein Verm\u00f6gen verlo<\/span><span class=\"No-Break\"><span class=\"Translation\">r;<\/span><\/span><span class=\"Translation\"> <\/span><span class=\"Translation\"><span class=\"Comment-Words\">perder<\/span><\/span><span class=\"Translation\"><span class=\"No-Break\"><span class=\"Comments\"> \u2014<\/span><\/span><\/span><span class=\"Translation\"><span class=\"Comments\"> verlieren<\/span><\/span><span class=\"Translation\">)<\/span><span class=\"Bold\">.<\/span><\/p>\n<\/div>\n<audio class=\"wp-audio-shortcode\" id=\"audio-9524-1\" preload=\"none\" style=\"width: 100%;\" controls=\"controls\"><source type=\"audio\/mpeg\" src=\"https:\/\/easyoriginal1.s3.eu-central-1.amazonaws.com\/spanisch\/s9\/1.mp3?_=1\" \/><a href=\"https:\/\/easyoriginal1.s3.eu-central-1.amazonaws.com\/spanisch\/s9\/1.mp3\">https:\/\/easyoriginal1.s3.eu-central-1.amazonaws.com\/spanisch\/s9\/1.mp3<\/a><\/audio>\n<div class=\"original-container\">\n<p class=\"Original\" lang=\"es-ES\">Pues se\u00f1or, \u00e9rase una vez un joven cordob\u00e9s, llamado Luis, que se encontr\u00f3 una noche en una posada con un caballero desconocido que se hac\u00eda llamar el Marqu\u00e9s del Sol.<\/p>\n<p class=\"Original\" lang=\"es-ES\">Pusi\u00e9ronse a jugar a cartas y el forastero gan\u00f3 sin cesar, mientras que Luis, ansioso de tomar el desquite, perd\u00eda onza a onza toda su fortuna.<\/p>\n<\/div>","protected":false},"excerpt":{"rendered":"<p>Tauchen Sie ein in die faszinierende Welt von &#8222;Los zapatos de hierro&#8220;, einer packenden Geschichte, die Sie von den ersten Seiten an in ihren Bann ziehen wird.<\/p>\n<p>Der junge Luis aus C\u00f3rdoba verliert in einem verh\u00e4ngnisvollen Kartenspiel alles, was er besitzt \u2013 sogar seine Seele. Um sie zur\u00fcckzuerlangen, muss er ein Paar eiserne Schuhe abtragen und sich auf eine epische Reise voller Wunder und Gefahren begeben. Auf seiner Suche begegnet er mysteri\u00f6sen Fremden, magischen Wesen und unvorstellbaren Herausforderungen, die seinen Mut und seine Entschlossenheit auf die Probe stellen.<\/p>\n<p>&#8222;Los zapatos de hierro&#8220; ist ein Meisterwerk der Erz\u00e4hlkunst, das mit einer perfekten Mischung aus Spannung, Magie und Romantik gl\u00e4nzt. Luis&#8216; Abenteuer f\u00fchren ihn durch ganz Spanien, von C\u00f3rdoba bis an die entlegensten Orte des Landes, immer auf der Suche nach dem geheimnisvollen Marqu\u00e9s del Sol. Dabei erf\u00e4hrt er, dass wahre St\u00e4rke nicht nur im Mut, sondern auch in der Liebe und der Freundschaft liegt.<\/p>\n<p>Ein absolutes Muss f\u00fcr alle, die sich von einer fesselnden Geschichte verzaubern lassen wollen! &#8222;Los zapatos de hierro&#8220; wird Sie in eine Welt entf\u00fchren, in der alles m\u00f6glich ist, und Sie werden es nicht aus der Hand legen k\u00f6nnen.<br \/>\nUngek\u00fcrzter Originaltext. Zweisprachiges Buch Spanisch-Deutsch. <\/p>","protected":false},"featured_media":13624,"comment_status":"open","ping_status":"closed","template":"","meta":{"_acf_changed":false,"_et_pb_use_builder":"off","_et_pb_old_content":"<div class=\"adapted-container\">\r\n<p class=\"Adapted\"><span class=\"Bold\">Hace mucho tiempo que ten\u00eda ganas de escribir <\/span><span class=\"Translation\">(seit langer Zeit hatte ich Lust zu schreiben; <\/span><span class=\"Translation\"><span class=\"Comment-Words\">tener<\/span><\/span><span class=\"Translation\"><span class=\"Comments\"> \u2014 haben<\/span><\/span><span class=\"Translation\">)<\/span><span class=\"Bold\"> cualquier cosa con este t\u00edtulo <\/span><span class=\"Translation\">(irgendetwas mit diesem Titel)<\/span><span class=\"Bold\">.<\/span><\/p>\r\n<p class=\"Adapted\"><span class=\"Bold\">Hoy<a id=\"_idTextAnchor001\"><\/a>, que se me ha presentado ocasi\u00f3n <\/span><span class=\"Translation\">(heute, wo sich mir \/eine\/ Gelegenheit geboten hat; <\/span><span class=\"Translation\"><span class=\"Comment-Words\">presentar<\/span><\/span><span class=\"Translation\"><span class=\"Comments\"> \u2014 zeigen; vorstellen<\/span><\/span><span class=\"Translation\">)<\/span><span class=\"Bold\">, lo he puesto con letras grandes <\/span><span class=\"Translation\">(das habe ich in gro\u00dfen Buchstaben gesetzt = habe ich es in Gro\u00dfbuchstaben gesetzt; <\/span><span class=\"Translation\"><span class=\"Comment-Words\">poner<\/span><\/span><span class=\"Translation\"><span class=\"Comments\"> \u2014 setzen; stellen; legen<\/span><\/span><span class=\"Translation\">)<\/span><span class=\"Bold\"> en la primera cuartilla de papel <\/span><span class=\"Translation\">(auf das erste Blatt: \u00abauf das erste Viertelpapier\u00bb; <\/span><span class=\"Translation\"><span class=\"Comment-Words\">cuarto<\/span><\/span><span class=\"Translation\"><span class=\"Gender _idGenCharOverride-1\">m <\/span><\/span><span class=\"Translation\"><span class=\"Comments\">\u2014 Viertel<\/span><\/span><span class=\"Translation\">)<\/span><span class=\"Bold\">, y luego he dejado a capricho volar la pluma <\/span><span class=\"Translation\">(und dann habe ich nach Belieben die Feder fliegen lassen; <\/span><span class=\"Translation\"><span class=\"Comment-Words\">dejar<\/span><\/span><span class=\"Translation\"><span class=\"Comments\"> \u2014 lassen; <\/span><\/span><span class=\"Translation\"><span class=\"Comment-Words\">capricho<\/span><\/span><span class=\"Translation\"><span class=\"Gender _idGenCharOverride-1\">m <\/span><\/span><span class=\"Translation\"><span class=\"Comments\">\u2014 Laune<\/span><\/span><span class=\"Translation\">)<\/span><span class=\"Bold\">.<\/span><\/p>\r\n\r\n<\/div>\r\n[audio mp3=\"https:\/\/easyoriginal1.s3.eu-central-1.amazonaws.com\/spanisch\/s1\/1.mp3\"][\/audio]\r\n<div class=\"original-container\">\r\n<p class=\"Original\">Hace mucho tiempo que ten\u00eda ganas de escribir cualquier cosa con este t\u00edtulo.<\/p>\r\n<p class=\"Original\">Hoy, que se me ha presentado ocasi\u00f3n, lo he puesto con letras grandes en la primera cuartilla de papel, y luego he dejado a capricho volar la pluma.<\/p>\r\n\r\n<\/div>\r\n<a class=\"weiter\" href=\"\/webreader\/los-ojos-verdes\/fragment\/1-4-2\/\">weiter lesen<\/a>","_et_gb_content_width":""},"product_brand":[],"product_cat":[44],"product_tag":[164,163],"class_list":{"0":"post-9524","1":"product","2":"type-product","3":"status-publish","4":"has-post-thumbnail","6":"product_cat-spanisch-deutsch","7":"product_tag-anfaenger","8":"product_tag-maerchen","10":"first","11":"instock","12":"taxable","13":"shipping-taxable","14":"purchasable","15":"product-type-variable"},"acf":[],"yoast_head":"<!-- This site is optimized with the Yoast SEO plugin v27.3 - https:\/\/yoast.com\/product\/yoast-seo-wordpress\/ -->\n<title>Los zapatos de hierro \/ Die Eisenschuhe - EasyOriginal.com<\/title>\n<meta name=\"robots\" content=\"index, follow, max-snippet:-1, max-image-preview:large, max-video-preview:-1\" \/>\n<link rel=\"canonical\" href=\"https:\/\/easyoriginal.com\/en\/shop\/spanisch-deutsch\/los-zapatos-de-hierro-die-eisenschuhe\/\" \/>\n<meta property=\"og:locale\" content=\"en_GB\" \/>\n<meta property=\"og:type\" content=\"article\" \/>\n<meta property=\"og:title\" content=\"Los zapatos de hierro \/ Die Eisenschuhe - EasyOriginal.com\" \/>\n<meta property=\"og:description\" content=\"Tauchen Sie ein in die faszinierende Welt von &quot;Los zapatos de hierro&quot;, einer packenden Geschichte, die Sie von den ersten Seiten an in ihren Bann ziehen wird.  Der junge Luis aus C\u00f3rdoba verliert in einem verh\u00e4ngnisvollen Kartenspiel alles, was er besitzt \u2013 sogar seine Seele. Um sie zur\u00fcckzuerlangen, muss er ein Paar eiserne Schuhe abtragen und sich auf eine epische Reise voller Wunder und Gefahren begeben. Auf seiner Suche begegnet er mysteri\u00f6sen Fremden, magischen Wesen und unvorstellbaren Herausforderungen, die seinen Mut und seine Entschlossenheit auf die Probe stellen.  &quot;Los zapatos de hierro&quot; ist ein Meisterwerk der Erz\u00e4hlkunst, das mit einer perfekten Mischung aus Spannung, Magie und Romantik gl\u00e4nzt. Luis&#039; Abenteuer f\u00fchren ihn durch ganz Spanien, von C\u00f3rdoba bis an die entlegensten Orte des Landes, immer auf der Suche nach dem geheimnisvollen Marqu\u00e9s del Sol. Dabei erf\u00e4hrt er, dass wahre St\u00e4rke nicht nur im Mut, sondern auch in der Liebe und der Freundschaft liegt.  Ein absolutes Muss f\u00fcr alle, die sich von einer fesselnden Geschichte verzaubern lassen wollen! &quot;Los zapatos de hierro&quot; wird Sie in eine Welt entf\u00fchren, in der alles m\u00f6glich ist, und Sie werden es nicht aus der Hand legen k\u00f6nnen. Ungek\u00fcrzter Originaltext. Zweisprachiges Buch Spanisch-Deutsch.\" \/>\n<meta property=\"og:url\" content=\"https:\/\/easyoriginal.com\/en\/shop\/spanisch-deutsch\/los-zapatos-de-hierro-die-eisenschuhe\/\" \/>\n<meta property=\"og:site_name\" content=\"EasyOriginal.com\" \/>\n<meta property=\"article:modified_time\" content=\"2024-07-03T08:02:53+00:00\" \/>\n<meta property=\"og:image\" content=\"https:\/\/easyoriginal.com\/wp-content\/uploads\/cuentos_Los_zapatos_de_hierro_printcover_2024.jpg\" \/>\n\t<meta property=\"og:image:width\" content=\"1600\" \/>\n\t<meta property=\"og:image:height\" content=\"2400\" \/>\n\t<meta property=\"og:image:type\" content=\"image\/jpeg\" \/>\n<meta name=\"twitter:card\" content=\"summary_large_image\" \/>\n<meta name=\"twitter:label1\" content=\"Estimated reading time\" \/>\n\t<meta name=\"twitter:data1\" content=\"2 minutes\" \/>\n<script type=\"application\/ld+json\" class=\"yoast-schema-graph\">{\"@context\":\"https:\\\/\\\/schema.org\",\"@graph\":[{\"@type\":\"WebPage\",\"@id\":\"https:\\\/\\\/easyoriginal.com\\\/shop\\\/spanisch-deutsch\\\/los-zapatos-de-hierro-die-eisenschuhe\\\/\",\"url\":\"https:\\\/\\\/easyoriginal.com\\\/shop\\\/spanisch-deutsch\\\/los-zapatos-de-hierro-die-eisenschuhe\\\/\",\"name\":\"Los zapatos de hierro \\\/ Die Eisenschuhe - EasyOriginal.com\",\"isPartOf\":{\"@id\":\"https:\\\/\\\/easyoriginal.com\\\/#website\"},\"primaryImageOfPage\":{\"@id\":\"https:\\\/\\\/easyoriginal.com\\\/shop\\\/spanisch-deutsch\\\/los-zapatos-de-hierro-die-eisenschuhe\\\/#primaryimage\"},\"image\":{\"@id\":\"https:\\\/\\\/easyoriginal.com\\\/shop\\\/spanisch-deutsch\\\/los-zapatos-de-hierro-die-eisenschuhe\\\/#primaryimage\"},\"thumbnailUrl\":\"https:\\\/\\\/easyoriginal.com\\\/wp-content\\\/uploads\\\/cuentos_Los_zapatos_de_hierro_printcover_2024.jpg\",\"datePublished\":\"2021-12-19T09:16:54+00:00\",\"dateModified\":\"2024-07-03T08:02:53+00:00\",\"breadcrumb\":{\"@id\":\"https:\\\/\\\/easyoriginal.com\\\/shop\\\/spanisch-deutsch\\\/los-zapatos-de-hierro-die-eisenschuhe\\\/#breadcrumb\"},\"inLanguage\":\"en-GB\",\"potentialAction\":[{\"@type\":\"ReadAction\",\"target\":[\"https:\\\/\\\/easyoriginal.com\\\/shop\\\/spanisch-deutsch\\\/los-zapatos-de-hierro-die-eisenschuhe\\\/\"]}]},{\"@type\":\"ImageObject\",\"inLanguage\":\"en-GB\",\"@id\":\"https:\\\/\\\/easyoriginal.com\\\/shop\\\/spanisch-deutsch\\\/los-zapatos-de-hierro-die-eisenschuhe\\\/#primaryimage\",\"url\":\"https:\\\/\\\/easyoriginal.com\\\/wp-content\\\/uploads\\\/cuentos_Los_zapatos_de_hierro_printcover_2024.jpg\",\"contentUrl\":\"https:\\\/\\\/easyoriginal.com\\\/wp-content\\\/uploads\\\/cuentos_Los_zapatos_de_hierro_printcover_2024.jpg\",\"width\":1600,\"height\":2400},{\"@type\":\"BreadcrumbList\",\"@id\":\"https:\\\/\\\/easyoriginal.com\\\/shop\\\/spanisch-deutsch\\\/los-zapatos-de-hierro-die-eisenschuhe\\\/#breadcrumb\",\"itemListElement\":[{\"@type\":\"ListItem\",\"position\":1,\"name\":\"Startseite\",\"item\":\"https:\\\/\\\/easyoriginal.com\\\/\"},{\"@type\":\"ListItem\",\"position\":2,\"name\":\"Shop\",\"item\":\"https:\\\/\\\/easyoriginal.com\\\/shop\\\/\"},{\"@type\":\"ListItem\",\"position\":3,\"name\":\"Los zapatos de hierro \\\/ Die Eisenschuhe\"}]},{\"@type\":\"WebSite\",\"@id\":\"https:\\\/\\\/easyoriginal.com\\\/#website\",\"url\":\"https:\\\/\\\/easyoriginal.com\\\/\",\"name\":\"EasyOriginal.com\",\"description\":\"Spa\u00df am Lesen im Original - Innovative Lesemethode f\u00fcr Fremdsprachen\",\"publisher\":{\"@id\":\"https:\\\/\\\/easyoriginal.com\\\/#organization\"},\"potentialAction\":[{\"@type\":\"SearchAction\",\"target\":{\"@type\":\"EntryPoint\",\"urlTemplate\":\"https:\\\/\\\/easyoriginal.com\\\/?s={search_term_string}\"},\"query-input\":{\"@type\":\"PropertyValueSpecification\",\"valueRequired\":true,\"valueName\":\"search_term_string\"}}],\"inLanguage\":\"en-GB\"},{\"@type\":\"Organization\",\"@id\":\"https:\\\/\\\/easyoriginal.com\\\/#organization\",\"name\":\"EasyOriginal Verlag\",\"url\":\"https:\\\/\\\/easyoriginal.com\\\/\",\"logo\":{\"@type\":\"ImageObject\",\"inLanguage\":\"en-GB\",\"@id\":\"https:\\\/\\\/easyoriginal.com\\\/#\\\/schema\\\/logo\\\/image\\\/\",\"url\":\"https:\\\/\\\/easyoriginal.com\\\/wp-content\\\/uploads\\\/2020\\\/08\\\/logo_main.png\",\"contentUrl\":\"https:\\\/\\\/easyoriginal.com\\\/wp-content\\\/uploads\\\/2020\\\/08\\\/logo_main.png\",\"width\":500,\"height\":103,\"caption\":\"EasyOriginal Verlag\"},\"image\":{\"@id\":\"https:\\\/\\\/easyoriginal.com\\\/#\\\/schema\\\/logo\\\/image\\\/\"}}]}<\/script>\n<!-- \/ Yoast SEO plugin. -->","yoast_head_json":{"title":"Los zapatos de hierro \/ Die Eisenschuhe - EasyOriginal.com","robots":{"index":"index","follow":"follow","max-snippet":"max-snippet:-1","max-image-preview":"max-image-preview:large","max-video-preview":"max-video-preview:-1"},"canonical":"https:\/\/easyoriginal.com\/en\/shop\/spanisch-deutsch\/los-zapatos-de-hierro-die-eisenschuhe\/","og_locale":"en_GB","og_type":"article","og_title":"Los zapatos de hierro \/ Die Eisenschuhe - EasyOriginal.com","og_description":"Tauchen Sie ein in die faszinierende Welt von \"Los zapatos de hierro\", einer packenden Geschichte, die Sie von den ersten Seiten an in ihren Bann ziehen wird.  Der junge Luis aus C\u00f3rdoba verliert in einem verh\u00e4ngnisvollen Kartenspiel alles, was er besitzt \u2013 sogar seine Seele. Um sie zur\u00fcckzuerlangen, muss er ein Paar eiserne Schuhe abtragen und sich auf eine epische Reise voller Wunder und Gefahren begeben. Auf seiner Suche begegnet er mysteri\u00f6sen Fremden, magischen Wesen und unvorstellbaren Herausforderungen, die seinen Mut und seine Entschlossenheit auf die Probe stellen.  \"Los zapatos de hierro\" ist ein Meisterwerk der Erz\u00e4hlkunst, das mit einer perfekten Mischung aus Spannung, Magie und Romantik gl\u00e4nzt. Luis' Abenteuer f\u00fchren ihn durch ganz Spanien, von C\u00f3rdoba bis an die entlegensten Orte des Landes, immer auf der Suche nach dem geheimnisvollen Marqu\u00e9s del Sol. Dabei erf\u00e4hrt er, dass wahre St\u00e4rke nicht nur im Mut, sondern auch in der Liebe und der Freundschaft liegt.  Ein absolutes Muss f\u00fcr alle, die sich von einer fesselnden Geschichte verzaubern lassen wollen! \"Los zapatos de hierro\" wird Sie in eine Welt entf\u00fchren, in der alles m\u00f6glich ist, und Sie werden es nicht aus der Hand legen k\u00f6nnen. Ungek\u00fcrzter Originaltext. Zweisprachiges Buch Spanisch-Deutsch.","og_url":"https:\/\/easyoriginal.com\/en\/shop\/spanisch-deutsch\/los-zapatos-de-hierro-die-eisenschuhe\/","og_site_name":"EasyOriginal.com","article_modified_time":"2024-07-03T08:02:53+00:00","og_image":[{"width":1600,"height":2400,"url":"https:\/\/easyoriginal.com\/wp-content\/uploads\/cuentos_Los_zapatos_de_hierro_printcover_2024.jpg","type":"image\/jpeg"}],"twitter_card":"summary_large_image","twitter_misc":{"Estimated reading time":"2 minutes"},"schema":{"@context":"https:\/\/schema.org","@graph":[{"@type":"WebPage","@id":"https:\/\/easyoriginal.com\/shop\/spanisch-deutsch\/los-zapatos-de-hierro-die-eisenschuhe\/","url":"https:\/\/easyoriginal.com\/shop\/spanisch-deutsch\/los-zapatos-de-hierro-die-eisenschuhe\/","name":"Los zapatos de hierro \/ Die Eisenschuhe - EasyOriginal.com","isPartOf":{"@id":"https:\/\/easyoriginal.com\/#website"},"primaryImageOfPage":{"@id":"https:\/\/easyoriginal.com\/shop\/spanisch-deutsch\/los-zapatos-de-hierro-die-eisenschuhe\/#primaryimage"},"image":{"@id":"https:\/\/easyoriginal.com\/shop\/spanisch-deutsch\/los-zapatos-de-hierro-die-eisenschuhe\/#primaryimage"},"thumbnailUrl":"https:\/\/easyoriginal.com\/wp-content\/uploads\/cuentos_Los_zapatos_de_hierro_printcover_2024.jpg","datePublished":"2021-12-19T09:16:54+00:00","dateModified":"2024-07-03T08:02:53+00:00","breadcrumb":{"@id":"https:\/\/easyoriginal.com\/shop\/spanisch-deutsch\/los-zapatos-de-hierro-die-eisenschuhe\/#breadcrumb"},"inLanguage":"en-GB","potentialAction":[{"@type":"ReadAction","target":["https:\/\/easyoriginal.com\/shop\/spanisch-deutsch\/los-zapatos-de-hierro-die-eisenschuhe\/"]}]},{"@type":"ImageObject","inLanguage":"en-GB","@id":"https:\/\/easyoriginal.com\/shop\/spanisch-deutsch\/los-zapatos-de-hierro-die-eisenschuhe\/#primaryimage","url":"https:\/\/easyoriginal.com\/wp-content\/uploads\/cuentos_Los_zapatos_de_hierro_printcover_2024.jpg","contentUrl":"https:\/\/easyoriginal.com\/wp-content\/uploads\/cuentos_Los_zapatos_de_hierro_printcover_2024.jpg","width":1600,"height":2400},{"@type":"BreadcrumbList","@id":"https:\/\/easyoriginal.com\/shop\/spanisch-deutsch\/los-zapatos-de-hierro-die-eisenschuhe\/#breadcrumb","itemListElement":[{"@type":"ListItem","position":1,"name":"Startseite","item":"https:\/\/easyoriginal.com\/"},{"@type":"ListItem","position":2,"name":"Shop","item":"https:\/\/easyoriginal.com\/shop\/"},{"@type":"ListItem","position":3,"name":"Los zapatos de hierro \/ Die Eisenschuhe"}]},{"@type":"WebSite","@id":"https:\/\/easyoriginal.com\/#website","url":"https:\/\/easyoriginal.com\/","name":"EasyOriginal.com","description":"Spa\u00df am Lesen im Original - Innovative Lesemethode f\u00fcr Fremdsprachen","publisher":{"@id":"https:\/\/easyoriginal.com\/#organization"},"potentialAction":[{"@type":"SearchAction","target":{"@type":"EntryPoint","urlTemplate":"https:\/\/easyoriginal.com\/?s={search_term_string}"},"query-input":{"@type":"PropertyValueSpecification","valueRequired":true,"valueName":"search_term_string"}}],"inLanguage":"en-GB"},{"@type":"Organization","@id":"https:\/\/easyoriginal.com\/#organization","name":"EasyOriginal Verlag","url":"https:\/\/easyoriginal.com\/","logo":{"@type":"ImageObject","inLanguage":"en-GB","@id":"https:\/\/easyoriginal.com\/#\/schema\/logo\/image\/","url":"https:\/\/easyoriginal.com\/wp-content\/uploads\/2020\/08\/logo_main.png","contentUrl":"https:\/\/easyoriginal.com\/wp-content\/uploads\/2020\/08\/logo_main.png","width":500,"height":103,"caption":"EasyOriginal Verlag"},"image":{"@id":"https:\/\/easyoriginal.com\/#\/schema\/logo\/image\/"}}]}},"_links":{"self":[{"href":"https:\/\/easyoriginal.com\/en\/wp-json\/wp\/v2\/product\/9524","targetHints":{"allow":["GET"]}}],"collection":[{"href":"https:\/\/easyoriginal.com\/en\/wp-json\/wp\/v2\/product"}],"about":[{"href":"https:\/\/easyoriginal.com\/en\/wp-json\/wp\/v2\/types\/product"}],"replies":[{"embeddable":true,"href":"https:\/\/easyoriginal.com\/en\/wp-json\/wp\/v2\/comments?post=9524"}],"wp:featuredmedia":[{"embeddable":true,"href":"https:\/\/easyoriginal.com\/en\/wp-json\/wp\/v2\/media\/13624"}],"wp:attachment":[{"href":"https:\/\/easyoriginal.com\/en\/wp-json\/wp\/v2\/media?parent=9524"}],"wp:term":[{"taxonomy":"product_brand","embeddable":true,"href":"https:\/\/easyoriginal.com\/en\/wp-json\/wp\/v2\/product_brand?post=9524"},{"taxonomy":"product_cat","embeddable":true,"href":"https:\/\/easyoriginal.com\/en\/wp-json\/wp\/v2\/product_cat?post=9524"},{"taxonomy":"product_tag","embeddable":true,"href":"https:\/\/easyoriginal.com\/en\/wp-json\/wp\/v2\/product_tag?post=9524"}],"curies":[{"name":"wp","href":"https:\/\/api.w.org\/{rel}","templated":true}]}}