{"id":9275,"date":"2021-10-20T21:38:45","date_gmt":"2021-10-20T19:38:45","guid":{"rendered":"https:\/\/easyoriginal.com\/?post_type=product&#038;p=9275"},"modified":"2024-01-04T01:00:04","modified_gmt":"2024-01-04T00:00:04","slug":"pride-and-prejudice-stolz-und-vorurteil-teil-6","status":"publish","type":"product","link":"https:\/\/easyoriginal.com\/en\/shop\/englisch-deutsch\/pride-and-prejudice-stolz-und-vorurteil-teil-6\/","title":{"rendered":"Pride and Prejudice \/ Stolz und Vorurteil &#8211; Teil 6"},"content":{"rendered":"<div class=\"adapted-container\">\n<p class=\"Adapted\" lang=\"de-DE\"><span class=\"Bold\">Elizabeth had the satisfaction of receiving an answer to her letter as soon as she possibly could <\/span><span class=\"Translation CharOverride-2\">(Elizabeth hatte die Genugtuung, so schnell wie sie m\u00f6glicherweise konnte<\/span><span class=\"Translation\"><span class=\"No-Break CharOverride-2\"> =<\/span><\/span> <span class=\"Translation\"><span class=\"Italic CharOverride-2\">so schnell wie m\u00f6glich<\/span><\/span><span class=\"Translation CharOverride-2\"> eine Antwort auf ihren Brief zu erhalte<\/span><span class=\"Translation\"><span class=\"No-Break CharOverride-2\">n;<\/span><\/span> <span class=\"Translation\"><span class=\"Italic CharOverride-2\">satisfaction <\/span><\/span><span class=\"Translation\"><span class=\"Transcription CharOverride-3\">[\u02ccs\u00e6t\u026as\u2018f\u00e6k\u0283(\u0259)<\/span><\/span><span class=\"Transcription CharOverride-3\">n<\/span><span class=\"Transcription\"><span class=\"No-Break CharOverride-3\">]<\/span><\/span><span class=\"No-Break CharOverride-4\">;<\/span> <span class=\"Italic CharOverride-2\">receiving <\/span><span class=\"Transcription CharOverride-3\">[r\u026a\u2018si\u02d0v\u026a\u014b]<\/span><span class=\"CharOverride-4\">)<\/span><span class=\"Bold\">. She was no sooner in possession of it than <\/span><span class=\"Translation CharOverride-2\">(sie war nicht eher im Besitz davon, al<\/span><span class=\"Translation\"><span class=\"No-Break CharOverride-2\">s;<\/span><\/span> <span class=\"Translation\"><span class=\"Italic CharOverride-2\">possession <\/span><\/span><span class=\"Translation\"><span class=\"Transcription CharOverride-3\">[p\u0259\u2018ze\u0283(\u0259)<\/span><\/span><span class=\"Transcription CharOverride-3\">n]<\/span><span class=\"CharOverride-4\">)<\/span><span class=\"Bold\">, hurrying into the little copse <\/span><span class=\"Translation CharOverride-2\">(in das kleine W\u00e4ldchen eilend)<\/span><span class=\"Bold\">, where she was least likely to be interrupted <\/span><span class=\"Translation CharOverride-2\">(wo es am wenigstens wahrscheinlich war, dass sie unterbrochen wurd<\/span><span class=\"Translation\"><span class=\"No-Break CharOverride-2\">e;<\/span><\/span> <span class=\"Translation\"><span class=\"Italic CharOverride-2\">interrupt <\/span><\/span><span class=\"Translation\"><span class=\"Transcription CharOverride-3\">[\u02cc\u026ant\u0259\u2018r\u028cpt]<\/span><\/span><span class=\"Translation CharOverride-2\">)<\/span><span class=\"Bold\">, she sat down on one of the benches <\/span><span class=\"Translation CharOverride-2\">(setzte sie sich auf einer der B\u00e4nke)<\/span> <span class=\"Bold\">and prepared to be happy <\/span><span class=\"Translation CharOverride-2\">(und bereitete sich darauf vor, gl\u00fccklich zu sein<\/span><span class=\"Translation\"><span class=\"No-Break CharOverride-2\">)<\/span><\/span><span class=\"No-Break\"><span class=\"Bold\">;<\/span><\/span><span class=\"Bold\"> for the length of the letter convinced her <\/span><span class=\"Translation CharOverride-2\">(denn die L\u00e4nge des Briefes \u00fcberzeugte si<\/span><span class=\"Translation\"><span class=\"No-Break CharOverride-2\">e;<\/span><\/span> <span class=\"Translation\"><span class=\"Italic CharOverride-2\">convince <\/span><\/span><span class=\"Translation\"><span class=\"Transcription CharOverride-3\">[k\u0259n\u2018v\u026an(t)<\/span><\/span><span class=\"Transcription CharOverride-3\">s]<\/span><span class=\"CharOverride-4\">)<\/span> <span class=\"Bold\">that it did not contain a denial <\/span><span class=\"Translation CharOverride-2\">(dass er keine Ablehnung enthiel<\/span><span class=\"Translation\"><span class=\"No-Break CharOverride-2\">t;<\/span><\/span> <span class=\"Translation\"><span class=\"Italic CharOverride-2\">contain <\/span><\/span><span class=\"Translation\"><span class=\"Transcription CharOverride-3\">[k\u0259n\u2018te\u026an<\/span><\/span><span class=\"Translation\"><span class=\"No-Break CharOverride-3\">]<\/span><\/span><span class=\"Translation\"><span class=\"No-Break\"><span class=\"Italic CharOverride-2\">;<\/span><\/span><\/span> <span class=\"Translation\"><span class=\"Italic CharOverride-2\">denial <\/span><\/span><span class=\"Translation\"><span class=\"Transcription CharOverride-3\">[d\u026a\u2018na\u026a\u0259l]<\/span><\/span><span class=\"Translation CharOverride-2\">)<\/span><span class=\"Bold\">.<\/span><\/p>\n<\/div>\n<audio class=\"wp-audio-shortcode\" id=\"audio-9275-1\" preload=\"none\" style=\"width: 100%;\" controls=\"controls\"><source type=\"audio\/mpeg\" src=\"https:\/\/easyoriginal1.s3.eu-central-1.amazonaws.com\/englisch\/e21\/1.mp3?_=1\" \/><a href=\"https:\/\/easyoriginal1.s3.eu-central-1.amazonaws.com\/englisch\/e21\/1.mp3\">https:\/\/easyoriginal1.s3.eu-central-1.amazonaws.com\/englisch\/e21\/1.mp3<\/a><\/audio>\n<div class=\"original-container\">\n<p class=\"Original\">Elizabeth had the satisfaction of receiving an answer to her letter as soon as she possibly could. She was no sooner in possession of it than, hurrying into the little copse, where she was least likely to be interrupted, she sat down on one of the benches and prepared to be happy; for the length of the letter convinced her that it did not contain a denial.<\/p>\n<\/div>\n","protected":false},"excerpt":{"rendered":"<p>&#8222;Pride and Prejudice&#8220; &#8211; Teil 6.<br \/>\n&#8222;Pride and Prejudice&#8220; (&#8222;Stolz und Vorurteil&#8220;) ist der bekannteste Roman der britischen Schriftstellerin Jane Austen. &#8222;Pride and Prejudice&#8220; ist nicht nur als Liebesroman zu verstehen, sondern auch eine zeitgen\u00f6ssische Studie der englischen Gesellschaft am Beginn des 19. Jahrhunderts. Der Roman beschreibt etwas mehr als ein Jahr im Leben einer kleinen Zahl junger Leute auf dem Land in der N\u00e4he Londons an der Wende vom 18. zum 19. Jahrhundert. Im innersten Kreis dieser wohlhabenden bis reichen und teilweise adligen Familien steht die Familie Bennet mit ihren f\u00fcnf T\u00f6chtern im Alter zwischen f\u00fcnfzehn und Anfang zwanzig. Der langanhaltende Erfolg von Stolz und Vorurteil scheint auch darin begr\u00fcndet zu sein, dass die Erz\u00e4hlung eine Kombination aus traditioneller Romanze mit einer unkonventionellen Heldin anbietet und sich die Figur der Elizabeth Bennet mit der heutigen Identit\u00e4t einer aktiven, eine eigene Meinung nicht scheuenden und unabh\u00e4ngigen Weiblichkeit verbinden l\u00e4sst.<br \/>\nUngek\u00fcrzter Originaltext. Zweisprachiges Buch Englisch-Deutsch.<\/p>","protected":false},"featured_media":9280,"comment_status":"open","ping_status":"closed","template":"","meta":{"_acf_changed":false,"_et_pb_use_builder":"off","_et_pb_old_content":"<div class=\"adapted-container\">\r\n<p class=\"Adapted\"><span class=\"Bold\">I had called upon my friend, Mr. Sherlock Holmes <\/span><span class=\"Translation\">(ich hatte bei meinem Freund, Mister Sherlock Holmes, vorgesprochen: \u00abappelliert\u00bb)<\/span><span class=\"Bold\">, one day in the autumn of last year <\/span><span class=\"Translation\">(eines Tages im Herbst letzten Jahres;<\/span><span class=\"Translation\"><span class=\"Comments\"> autumn <\/span><\/span><span class=\"Translation\"><span class=\"Transcription\">[\u2018\u0254\u02d0t\u0259m]<\/span><\/span><span class=\"Translation\">)<\/span> <span class=\"Bold\">and found him in deep conversation <\/span><span class=\"Translation\">(und ihn in tiefem Gespr\u00e4ch vorgefunden;<\/span><span class=\"Translation\"><span class=\"Comments\"> conversation <\/span><\/span><span class=\"Translation\"><span class=\"Transcription\">[\u02cck\u0252nv\u0259\u2019se\u026a\u0283\u0259n]<\/span><\/span><span class=\"Translation\">)<\/span> <span class=\"Bold\">with a very stout, florid-faced, elderly gentleman <\/span><span class=\"Translation\">(mit einem \u00e4u\u00dferst st\u00e4mmigen, rotgesichtigen, \u00e4lteren Gentleman;<\/span><span class=\"Translation\"><span class=\"Comments\"> stout <\/span><\/span><span class=\"Translation\"><span class=\"Transcription\">[sta\u028at]<\/span><\/span><span class=\"Translation\"><span class=\"Comments\">; <\/span><\/span><span class=\"Translation\"><span class=\"Comment-Words\">florid<\/span><\/span> <span class=\"Translation\"><span class=\"Transcription\">[\u2018fl\u0252r\u026ad]<\/span><\/span><span class=\"Translation\"><span class=\"Comments\"> \u2014 schw\u00fclstig, ger\u00f6tet<\/span><\/span><span class=\"Translation\">)<\/span><span class=\"Bold\"> with fiery red hair<\/span> <span class=\"Translation\">(mit feuerrotem Haar;<\/span><span class=\"Translation\"><span class=\"Comments\"> fiery <\/span><\/span><span class=\"Translation\"><span class=\"Transcription\">[\u2018fa\u026a\u0259r\u026a]<\/span><\/span><span class=\"Translation\">)<\/span><span class=\"Bold\">. With an apology for my intrusion <\/span><span class=\"Translation\">(mit einer Entschuld<a id=\"_idTextAnchor000\"><\/a>igung f\u00fcr mein Eindringen = mich f\u00fcr mein Eindringen entschuldigend;<\/span><span class=\"Translation\"><span class=\"Comments\"> apology <\/span><\/span><span class=\"Translation\"><span class=\"Transcription\">[\u0259\u2018p\u0252l\u0259d\u0292\u026a]<\/span><\/span><span class=\"Translation\"><span class=\"Comments\">; intrusion <\/span><\/span><span class=\"Translation\"><span class=\"Transcription\">[\u026an\u2018tru\u02d0\u0292\u0259n]<\/span><\/span><span class=\"Translation\">)<\/span><span class=\"Bold\">, I was about to withdraw <\/span><span class=\"Translation\">(wollte ich mich \/soeben\/ zur\u00fcckziehen;<\/span> <span class=\"Translation\"><span class=\"Comment-Words\">to be about to<\/span><\/span><span class=\"Translation\"><span class=\"Comments\"> \u2014 dabei sein etwas zu tun, etwas tun wollen; withdraw <\/span><\/span><span class=\"Translation\"><span class=\"Transcription\">[w\u026a\u00f0\u2018dr\u0254\u02d0]<\/span><\/span><span class=\"Translation\">)<\/span><span class=\"Bold\">, when Holmes pulled me abruptly into the room <\/span><span class=\"Translation\">(als Holmes mich abrupt in den Raum zog;<\/span><span class=\"Translation\"><span class=\"Comments\"> abruptly <\/span><\/span><span class=\"Translation\"><span class=\"Transcription\">[\u0259\u2018br\u028cptl\u026a]<\/span><\/span><span class=\"Translation\">)<\/span><span class=\"Bold\"> and closed the door behind me <\/span><span class=\"Translation\">(und die T\u00fcre hinter mir schloss)<\/span><span class=\"Bold\">.<\/span><\/p>\r\n\r\n<\/div>\r\n[audio mp3=\"https:\/\/easyoriginal1.s3.eu-central-1.amazonaws.com\/englisch\/e4\/1.mp3\"][\/audio]\r\n<div class=\"original-container\">\r\n<p class=\"Original\">I had called upon my friend, Mr. Sherlock Holmes, one day in the autumn of last year and found him in deep conversation with a very stout, florid-faced, elderly gentleman with fiery red hair. With an apology for my intrusion, I was about to withdraw, when Holmes pulled me abruptly into the room and closed the door behind me.<\/p>\r\n\r\n<\/div>\r\n<a class=\"weiter\" href=\"\/webreader\/the-red-headed-league\/fragment\/2-4-2-3\/\">weiter lesen<\/a>","_et_gb_content_width":""},"product_brand":[],"product_cat":[42],"product_tag":[72,169,170],"class_list":{"0":"post-9275","1":"product","2":"type-product","3":"status-publish","4":"has-post-thumbnail","6":"product_cat-englisch-deutsch","7":"product_tag-britisch","8":"product_tag-jane-austen","9":"product_tag-pride-prejudice","11":"first","12":"instock","13":"taxable","14":"shipping-taxable","15":"purchasable","16":"product-type-variable"},"acf":[],"yoast_head":"<!-- This site is optimized with the Yoast SEO plugin v27.3 - https:\/\/yoast.com\/product\/yoast-seo-wordpress\/ -->\n<title>Pride and Prejudice \/ Stolz und Vorurteil - Teil 6 - EasyOriginal.com<\/title>\n<meta name=\"robots\" content=\"index, follow, max-snippet:-1, max-image-preview:large, max-video-preview:-1\" \/>\n<link rel=\"canonical\" href=\"https:\/\/easyoriginal.com\/en\/shop\/englisch-deutsch\/pride-and-prejudice-stolz-und-vorurteil-teil-6\/\" \/>\n<meta property=\"og:locale\" content=\"en_GB\" \/>\n<meta property=\"og:type\" content=\"article\" \/>\n<meta property=\"og:title\" content=\"Pride and Prejudice \/ Stolz und Vorurteil - Teil 6 - EasyOriginal.com\" \/>\n<meta property=\"og:description\" content=\"&quot;Pride and Prejudice&quot; - Teil 6. &quot;Pride and Prejudice&quot; (&quot;Stolz und Vorurteil&quot;) ist der bekannteste Roman der britischen Schriftstellerin Jane Austen. &quot;Pride and Prejudice&quot; ist nicht nur als Liebesroman zu verstehen, sondern auch eine zeitgen\u00f6ssische Studie der englischen Gesellschaft am Beginn des 19. Jahrhunderts. Der Roman beschreibt etwas mehr als ein Jahr im Leben einer kleinen Zahl junger Leute auf dem Land in der N\u00e4he Londons an der Wende vom 18. zum 19. Jahrhundert. Im innersten Kreis dieser wohlhabenden bis reichen und teilweise adligen Familien steht die Familie Bennet mit ihren f\u00fcnf T\u00f6chtern im Alter zwischen f\u00fcnfzehn und Anfang zwanzig. Der langanhaltende Erfolg von Stolz und Vorurteil scheint auch darin begr\u00fcndet zu sein, dass die Erz\u00e4hlung eine Kombination aus traditioneller Romanze mit einer unkonventionellen Heldin anbietet und sich die Figur der Elizabeth Bennet mit der heutigen Identit\u00e4t einer aktiven, eine eigene Meinung nicht scheuenden und unabh\u00e4ngigen Weiblichkeit verbinden l\u00e4sst. Ungek\u00fcrzter Originaltext. Zweisprachiges Buch Englisch-Deutsch.\" \/>\n<meta property=\"og:url\" content=\"https:\/\/easyoriginal.com\/en\/shop\/englisch-deutsch\/pride-and-prejudice-stolz-und-vorurteil-teil-6\/\" \/>\n<meta property=\"og:site_name\" content=\"EasyOriginal.com\" \/>\n<meta property=\"article:modified_time\" content=\"2024-01-04T00:00:04+00:00\" \/>\n<meta property=\"og:image\" content=\"https:\/\/easyoriginal.com\/wp-content\/uploads\/austen_pride_and_prejudice_part6_printcover.jpg\" \/>\n\t<meta property=\"og:image:width\" content=\"468\" \/>\n\t<meta property=\"og:image:height\" content=\"702\" \/>\n\t<meta property=\"og:image:type\" content=\"image\/jpeg\" \/>\n<meta name=\"twitter:card\" content=\"summary_large_image\" \/>\n<meta name=\"twitter:label1\" content=\"Estimated reading time\" \/>\n\t<meta name=\"twitter:data1\" content=\"2 minutes\" \/>\n<script type=\"application\/ld+json\" class=\"yoast-schema-graph\">{\"@context\":\"https:\\\/\\\/schema.org\",\"@graph\":[{\"@type\":\"WebPage\",\"@id\":\"https:\\\/\\\/easyoriginal.com\\\/shop\\\/englisch-deutsch\\\/pride-and-prejudice-stolz-und-vorurteil-teil-6\\\/\",\"url\":\"https:\\\/\\\/easyoriginal.com\\\/shop\\\/englisch-deutsch\\\/pride-and-prejudice-stolz-und-vorurteil-teil-6\\\/\",\"name\":\"Pride and Prejudice \\\/ Stolz und Vorurteil - Teil 6 - EasyOriginal.com\",\"isPartOf\":{\"@id\":\"https:\\\/\\\/easyoriginal.com\\\/#website\"},\"primaryImageOfPage\":{\"@id\":\"https:\\\/\\\/easyoriginal.com\\\/shop\\\/englisch-deutsch\\\/pride-and-prejudice-stolz-und-vorurteil-teil-6\\\/#primaryimage\"},\"image\":{\"@id\":\"https:\\\/\\\/easyoriginal.com\\\/shop\\\/englisch-deutsch\\\/pride-and-prejudice-stolz-und-vorurteil-teil-6\\\/#primaryimage\"},\"thumbnailUrl\":\"https:\\\/\\\/easyoriginal.com\\\/wp-content\\\/uploads\\\/austen_pride_and_prejudice_part6_printcover.jpg\",\"datePublished\":\"2021-10-20T19:38:45+00:00\",\"dateModified\":\"2024-01-04T00:00:04+00:00\",\"breadcrumb\":{\"@id\":\"https:\\\/\\\/easyoriginal.com\\\/shop\\\/englisch-deutsch\\\/pride-and-prejudice-stolz-und-vorurteil-teil-6\\\/#breadcrumb\"},\"inLanguage\":\"en-GB\",\"potentialAction\":[{\"@type\":\"ReadAction\",\"target\":[\"https:\\\/\\\/easyoriginal.com\\\/shop\\\/englisch-deutsch\\\/pride-and-prejudice-stolz-und-vorurteil-teil-6\\\/\"]}]},{\"@type\":\"ImageObject\",\"inLanguage\":\"en-GB\",\"@id\":\"https:\\\/\\\/easyoriginal.com\\\/shop\\\/englisch-deutsch\\\/pride-and-prejudice-stolz-und-vorurteil-teil-6\\\/#primaryimage\",\"url\":\"https:\\\/\\\/easyoriginal.com\\\/wp-content\\\/uploads\\\/austen_pride_and_prejudice_part6_printcover.jpg\",\"contentUrl\":\"https:\\\/\\\/easyoriginal.com\\\/wp-content\\\/uploads\\\/austen_pride_and_prejudice_part6_printcover.jpg\",\"width\":468,\"height\":702,\"caption\":\"Zweisprachiges buch englisch-deutsch, jane austen, pride and prejudice, stolz und vorurteil\"},{\"@type\":\"BreadcrumbList\",\"@id\":\"https:\\\/\\\/easyoriginal.com\\\/shop\\\/englisch-deutsch\\\/pride-and-prejudice-stolz-und-vorurteil-teil-6\\\/#breadcrumb\",\"itemListElement\":[{\"@type\":\"ListItem\",\"position\":1,\"name\":\"Startseite\",\"item\":\"https:\\\/\\\/easyoriginal.com\\\/\"},{\"@type\":\"ListItem\",\"position\":2,\"name\":\"Shop\",\"item\":\"https:\\\/\\\/easyoriginal.com\\\/shop\\\/\"},{\"@type\":\"ListItem\",\"position\":3,\"name\":\"Pride and Prejudice \\\/ Stolz und Vorurteil &#8211; Teil 6\"}]},{\"@type\":\"WebSite\",\"@id\":\"https:\\\/\\\/easyoriginal.com\\\/#website\",\"url\":\"https:\\\/\\\/easyoriginal.com\\\/\",\"name\":\"EasyOriginal.com\",\"description\":\"Spa\u00df am Lesen im Original - Innovative Lesemethode f\u00fcr Fremdsprachen\",\"publisher\":{\"@id\":\"https:\\\/\\\/easyoriginal.com\\\/#organization\"},\"potentialAction\":[{\"@type\":\"SearchAction\",\"target\":{\"@type\":\"EntryPoint\",\"urlTemplate\":\"https:\\\/\\\/easyoriginal.com\\\/?s={search_term_string}\"},\"query-input\":{\"@type\":\"PropertyValueSpecification\",\"valueRequired\":true,\"valueName\":\"search_term_string\"}}],\"inLanguage\":\"en-GB\"},{\"@type\":\"Organization\",\"@id\":\"https:\\\/\\\/easyoriginal.com\\\/#organization\",\"name\":\"EasyOriginal Verlag\",\"url\":\"https:\\\/\\\/easyoriginal.com\\\/\",\"logo\":{\"@type\":\"ImageObject\",\"inLanguage\":\"en-GB\",\"@id\":\"https:\\\/\\\/easyoriginal.com\\\/#\\\/schema\\\/logo\\\/image\\\/\",\"url\":\"https:\\\/\\\/easyoriginal.com\\\/wp-content\\\/uploads\\\/2020\\\/08\\\/logo_main.png\",\"contentUrl\":\"https:\\\/\\\/easyoriginal.com\\\/wp-content\\\/uploads\\\/2020\\\/08\\\/logo_main.png\",\"width\":500,\"height\":103,\"caption\":\"EasyOriginal Verlag\"},\"image\":{\"@id\":\"https:\\\/\\\/easyoriginal.com\\\/#\\\/schema\\\/logo\\\/image\\\/\"}}]}<\/script>\n<!-- \/ Yoast SEO plugin. -->","yoast_head_json":{"title":"Pride and Prejudice \/ Stolz und Vorurteil - Teil 6 - EasyOriginal.com","robots":{"index":"index","follow":"follow","max-snippet":"max-snippet:-1","max-image-preview":"max-image-preview:large","max-video-preview":"max-video-preview:-1"},"canonical":"https:\/\/easyoriginal.com\/en\/shop\/englisch-deutsch\/pride-and-prejudice-stolz-und-vorurteil-teil-6\/","og_locale":"en_GB","og_type":"article","og_title":"Pride and Prejudice \/ Stolz und Vorurteil - Teil 6 - EasyOriginal.com","og_description":"\"Pride and Prejudice\" - Teil 6. \"Pride and Prejudice\" (\"Stolz und Vorurteil\") ist der bekannteste Roman der britischen Schriftstellerin Jane Austen. \"Pride and Prejudice\" ist nicht nur als Liebesroman zu verstehen, sondern auch eine zeitgen\u00f6ssische Studie der englischen Gesellschaft am Beginn des 19. Jahrhunderts. Der Roman beschreibt etwas mehr als ein Jahr im Leben einer kleinen Zahl junger Leute auf dem Land in der N\u00e4he Londons an der Wende vom 18. zum 19. Jahrhundert. Im innersten Kreis dieser wohlhabenden bis reichen und teilweise adligen Familien steht die Familie Bennet mit ihren f\u00fcnf T\u00f6chtern im Alter zwischen f\u00fcnfzehn und Anfang zwanzig. Der langanhaltende Erfolg von Stolz und Vorurteil scheint auch darin begr\u00fcndet zu sein, dass die Erz\u00e4hlung eine Kombination aus traditioneller Romanze mit einer unkonventionellen Heldin anbietet und sich die Figur der Elizabeth Bennet mit der heutigen Identit\u00e4t einer aktiven, eine eigene Meinung nicht scheuenden und unabh\u00e4ngigen Weiblichkeit verbinden l\u00e4sst. Ungek\u00fcrzter Originaltext. Zweisprachiges Buch Englisch-Deutsch.","og_url":"https:\/\/easyoriginal.com\/en\/shop\/englisch-deutsch\/pride-and-prejudice-stolz-und-vorurteil-teil-6\/","og_site_name":"EasyOriginal.com","article_modified_time":"2024-01-04T00:00:04+00:00","og_image":[{"width":468,"height":702,"url":"https:\/\/easyoriginal.com\/wp-content\/uploads\/austen_pride_and_prejudice_part6_printcover.jpg","type":"image\/jpeg"}],"twitter_card":"summary_large_image","twitter_misc":{"Estimated reading time":"2 minutes"},"schema":{"@context":"https:\/\/schema.org","@graph":[{"@type":"WebPage","@id":"https:\/\/easyoriginal.com\/shop\/englisch-deutsch\/pride-and-prejudice-stolz-und-vorurteil-teil-6\/","url":"https:\/\/easyoriginal.com\/shop\/englisch-deutsch\/pride-and-prejudice-stolz-und-vorurteil-teil-6\/","name":"Pride and Prejudice \/ Stolz und Vorurteil - Teil 6 - EasyOriginal.com","isPartOf":{"@id":"https:\/\/easyoriginal.com\/#website"},"primaryImageOfPage":{"@id":"https:\/\/easyoriginal.com\/shop\/englisch-deutsch\/pride-and-prejudice-stolz-und-vorurteil-teil-6\/#primaryimage"},"image":{"@id":"https:\/\/easyoriginal.com\/shop\/englisch-deutsch\/pride-and-prejudice-stolz-und-vorurteil-teil-6\/#primaryimage"},"thumbnailUrl":"https:\/\/easyoriginal.com\/wp-content\/uploads\/austen_pride_and_prejudice_part6_printcover.jpg","datePublished":"2021-10-20T19:38:45+00:00","dateModified":"2024-01-04T00:00:04+00:00","breadcrumb":{"@id":"https:\/\/easyoriginal.com\/shop\/englisch-deutsch\/pride-and-prejudice-stolz-und-vorurteil-teil-6\/#breadcrumb"},"inLanguage":"en-GB","potentialAction":[{"@type":"ReadAction","target":["https:\/\/easyoriginal.com\/shop\/englisch-deutsch\/pride-and-prejudice-stolz-und-vorurteil-teil-6\/"]}]},{"@type":"ImageObject","inLanguage":"en-GB","@id":"https:\/\/easyoriginal.com\/shop\/englisch-deutsch\/pride-and-prejudice-stolz-und-vorurteil-teil-6\/#primaryimage","url":"https:\/\/easyoriginal.com\/wp-content\/uploads\/austen_pride_and_prejudice_part6_printcover.jpg","contentUrl":"https:\/\/easyoriginal.com\/wp-content\/uploads\/austen_pride_and_prejudice_part6_printcover.jpg","width":468,"height":702,"caption":"Zweisprachiges buch englisch-deutsch, jane austen, pride and prejudice, stolz und vorurteil"},{"@type":"BreadcrumbList","@id":"https:\/\/easyoriginal.com\/shop\/englisch-deutsch\/pride-and-prejudice-stolz-und-vorurteil-teil-6\/#breadcrumb","itemListElement":[{"@type":"ListItem","position":1,"name":"Startseite","item":"https:\/\/easyoriginal.com\/"},{"@type":"ListItem","position":2,"name":"Shop","item":"https:\/\/easyoriginal.com\/shop\/"},{"@type":"ListItem","position":3,"name":"Pride and Prejudice \/ Stolz und Vorurteil &#8211; Teil 6"}]},{"@type":"WebSite","@id":"https:\/\/easyoriginal.com\/#website","url":"https:\/\/easyoriginal.com\/","name":"EasyOriginal.com","description":"Spa\u00df am Lesen im Original - Innovative Lesemethode f\u00fcr Fremdsprachen","publisher":{"@id":"https:\/\/easyoriginal.com\/#organization"},"potentialAction":[{"@type":"SearchAction","target":{"@type":"EntryPoint","urlTemplate":"https:\/\/easyoriginal.com\/?s={search_term_string}"},"query-input":{"@type":"PropertyValueSpecification","valueRequired":true,"valueName":"search_term_string"}}],"inLanguage":"en-GB"},{"@type":"Organization","@id":"https:\/\/easyoriginal.com\/#organization","name":"EasyOriginal Verlag","url":"https:\/\/easyoriginal.com\/","logo":{"@type":"ImageObject","inLanguage":"en-GB","@id":"https:\/\/easyoriginal.com\/#\/schema\/logo\/image\/","url":"https:\/\/easyoriginal.com\/wp-content\/uploads\/2020\/08\/logo_main.png","contentUrl":"https:\/\/easyoriginal.com\/wp-content\/uploads\/2020\/08\/logo_main.png","width":500,"height":103,"caption":"EasyOriginal Verlag"},"image":{"@id":"https:\/\/easyoriginal.com\/#\/schema\/logo\/image\/"}}]}},"_links":{"self":[{"href":"https:\/\/easyoriginal.com\/en\/wp-json\/wp\/v2\/product\/9275","targetHints":{"allow":["GET"]}}],"collection":[{"href":"https:\/\/easyoriginal.com\/en\/wp-json\/wp\/v2\/product"}],"about":[{"href":"https:\/\/easyoriginal.com\/en\/wp-json\/wp\/v2\/types\/product"}],"replies":[{"embeddable":true,"href":"https:\/\/easyoriginal.com\/en\/wp-json\/wp\/v2\/comments?post=9275"}],"wp:featuredmedia":[{"embeddable":true,"href":"https:\/\/easyoriginal.com\/en\/wp-json\/wp\/v2\/media\/9280"}],"wp:attachment":[{"href":"https:\/\/easyoriginal.com\/en\/wp-json\/wp\/v2\/media?parent=9275"}],"wp:term":[{"taxonomy":"product_brand","embeddable":true,"href":"https:\/\/easyoriginal.com\/en\/wp-json\/wp\/v2\/product_brand?post=9275"},{"taxonomy":"product_cat","embeddable":true,"href":"https:\/\/easyoriginal.com\/en\/wp-json\/wp\/v2\/product_cat?post=9275"},{"taxonomy":"product_tag","embeddable":true,"href":"https:\/\/easyoriginal.com\/en\/wp-json\/wp\/v2\/product_tag?post=9275"}],"curies":[{"name":"wp","href":"https:\/\/api.w.org\/{rel}","templated":true}]}}