{"id":8779,"date":"2021-07-30T15:58:24","date_gmt":"2021-07-30T13:58:24","guid":{"rendered":"https:\/\/easyoriginal.com\/?post_type=product&#038;p=8779"},"modified":"2024-01-04T00:46:56","modified_gmt":"2024-01-03T23:46:56","slug":"la-morta-e-la-viva-die-tote-und-die-lebende","status":"publish","type":"product","link":"https:\/\/easyoriginal.com\/en\/shop\/italienisch-deutsch\/la-morta-e-la-viva-die-tote-und-die-lebende\/","title":{"rendered":"La morta e la viva \/ Die Tote und die Lebende"},"content":{"rendered":"<div class=\"adapted-container\">\n<p class=\"Adapted\"><span class=\"Bold\">La tartana <\/span><span class=\"Translation\">(die Tartan<\/span><span class=\"No-Break\"><span class=\"Translation\">e;<\/span><\/span><span class=\"Translation\"> <\/span><span class=\"Translation\"><span class=\"No-Break\"><span class=\"Comments\">\/e<\/span><\/span><\/span><span class=\"Translation\"><span class=\"Comments\">in kleines Segelschiff<\/span><\/span><span class=\"Translation\"><span class=\"No-Break\"><span class=\"Comments\">\/<\/span><\/span><\/span><span class=\"No-Break\"><span class=\"Translation\">)<\/span><\/span><span class=\"Bold\">, che padron Nino Mo dal <\/span><span class=\"Bold\">nome della prima moglie aveva chiamata &quot;Filippa&quot; <\/span><span class=\"Translation\">(die Padron Nino Mo nach dem Namen der ersten Ehefrau &quot;Filippa&quot; genannt hatt<\/span><span class=\"No-Break\"><span class=\"Translation\">e;<\/span><\/span><span class=\"Translation\"><span class=\"Comment-Words\"> padron<\/span><\/span><span class=\"Translation\"><span class=\"Gender _idGenCharOverride-1\">m<\/span><\/span><span class=\"Translation\"><span class=\"No-Break\"><span class=\"Comment-Words\"> <\/span><\/span><\/span><span class=\"No-Break\"><span class=\"Translation\">\u2014<\/span><\/span><span class=\"Translation\"><span class=\"Comment-Words\"> <\/span><\/span><span class=\"Translation\"><span class=\"Comments\">von padrone<\/span><\/span><span class=\"Translation\"><span class=\"Gender _idGenCharOverride-1\">m<\/span><\/span><span class=\"Translation\"><span class=\"No-Break\"><span class=\"Comments\"> \u2014<\/span><\/span><\/span><span class=\"Translation\"><span class=\"Comments\"> Herr, Besitzer: <\/span><\/span><span class=\"Translation\"><span class=\"No-Break\"><span class=\"Comments\">\/h<\/span><\/span><\/span><span class=\"Translation\"><span class=\"Comments\">\u00f6fliche Bezeichnung f\u00fcr einen Mann, der ein Schiff besitzt, ansonsten jedoch den gleichen Status der Normalbev\u00f6lkerung hat<\/span><\/span><span class=\"Translation\"><span class=\"No-Break\"><span class=\"Comments\">\/<\/span><\/span><\/span><span class=\"No-Break\"><span class=\"Translation\">)<\/span><\/span><span class=\"Bold\">, entrava nel piccolo molo di Porto<\/span><span class=\"Bold\"> Empedocle <\/span><span class=\"Translation\">(lief in den kleinen Pier von Porto Empedocle ein)<\/span><span class=\"Bold\"> tra il fiammeggiar d\u2018uno di quei magnifici<\/span><span class=\"Bold\"> tramonti del Mediterraneo <\/span><span class=\"Translation\">(inmitten der Flammen einer dieser prachtvollen Sonnenunterg\u00e4nge des Mittelmeere<\/span><span class=\"No-Break\"><span class=\"Translation\">s;<\/span><\/span><span class=\"Translation\"><span class=\"Comment-Words\"> <\/span><\/span><span class=\"Translation\"><span class=\"Comment-Words-No-Break\">fiammeggiare<\/span><\/span><span class=\"Translation\"><span class=\"No-Break\"><span class=\"Comment-Words\"> <\/span><\/span><\/span><span class=\"No-Break\"><span class=\"Translation\">\u2014<\/span><\/span><span class=\"Translation\"><span class=\"Comment-Words\"> <\/span><\/span><span class=\"Translation\"><span class=\"Comments\">flammen, lodern, gl\u00fchen<\/span><\/span><span class=\"Translation\">)<\/span><span class=\"Bold\"> che fanno <\/span><span class=\"Bold\">tremolare e palpitare l\u2018infinita distesa delle acque come in <\/span><span class=\"Bold\">un delirio di luci e di colori <\/span><span class=\"Translation\">(die die endlose Weite des Wasser wie in einem Rausch an Lichtern und Farben flimmern und flattern lassen)<\/span><span class=\"Bold\">.<\/span><\/p>\n<\/div>\n<audio class=\"wp-audio-shortcode\" id=\"audio-8779-1\" preload=\"none\" style=\"width: 100%;\" controls=\"controls\"><source type=\"audio\/mpeg\" src=\"https:\/\/easyoriginal1.s3.eu-central-1.amazonaws.com\/italienisch\/i9\/1.mp3?_=1\" \/><a href=\"https:\/\/easyoriginal1.s3.eu-central-1.amazonaws.com\/italienisch\/i9\/1.mp3\">https:\/\/easyoriginal1.s3.eu-central-1.amazonaws.com\/italienisch\/i9\/1.mp3<\/a><\/audio>\n<div class=\"original-container\">\n<p class=\"Original\">La tartana, che padron Nino Mo dal nome della prima moglie aveva chiamata &quot;Filippa&quot;, entrava nel piccolo molo di Porto Empedocle tra il fiammeggiar d\u2019uno di quei magnifici tramonti del Mediterraneo che fanno tremolare e palpitare l\u2019infinita distesa delle acque come in un delirio di luci e di colori.<\/p>\n<\/div>","protected":false},"excerpt":{"rendered":"<p>\u201cLa morta e la viva&#8220; (&#8222;Die Tote und die Lebende\u201d) ist eine Novelle des italienischen Schriftstellers und Nobelpreistr\u00e4gers Luigi Pirandello.<br \/>\nUngek\u00fcrzter Originaltext. Zweisprachiges Buch Italienisch-Deutsch.<\/p>","protected":false},"featured_media":8784,"comment_status":"open","ping_status":"closed","template":"","meta":{"_acf_changed":false,"_et_pb_use_builder":"off","_et_pb_old_content":"<div class=\"adapted-container\">\r\n<p class=\"Adapted\"><span class=\"Bold\">Dopo tant\u2019anni, di ritorno al suo triste paese in cima al colle <\/span><span class=\"Translation\">(nach so vielen Jahren, zur\u00fcckgekehrt in sein trauriges Dorf oben auf dem H\u00fcgel; <\/span><span class=\"Translation\"><span class=\"Comment-Words\">ritorno<\/span><\/span><span class=\"Translation\"><span class=\"Gender _idGenCharOverride-1\">m <\/span><\/span><span class=\"Translation\"><span class=\"Comments\">\u2014 Heimkehr; <\/span><\/span><span class=\"Translation\"><span class=\"Comment-Words\">di ritorno<\/span><\/span><span class=\"Translation\"><span class=\"Comments\"> \u2014 heimgekehrt, zur\u00fcckgekehrt; <\/span><\/span><span class=\"Translation\"><span class=\"Comment-Words\">cima<\/span><\/span><span class=\"Translation\"><span class=\"Gender _idGenCharOverride-1\">f <\/span><\/span><span class=\"Translation\"><span class=\"Comments\">\u2014 Gipfel, in cima a \u2014 oben auf; <\/span><\/span><span class=\"Translation\"><span class=\"Comment-Words\">colle<\/span><\/span><span class=\"Translation\"><span class=\"Gender _idGenCharOverride-1\">m <\/span><\/span><span class=\"Translation\"><span class=\"Comments\">\u2014 H\u00fcgel<\/span><\/span><span class=\"Translation\">)<\/span><span class=\"Bold\">, Paolo Marra cap\u00ed che la rovina del padre <\/span><span class=\"Translation\">(verstand Paolo Marra, dass das Ungl\u00fcck des Vaters; <\/span><span class=\"Translation\"><span class=\"Comment-Words\">rovina<\/span><\/span><span class=\"Translation\"><span class=\"Gender _idGenCharOverride-1\">f <\/span><\/span><span class=\"Translation\"><span class=\"Comments\">\u2014 Ruine, Verderben<\/span><\/span><span class=\"Translation\">)<\/span><span class=\"Bold\"> doveva esser cominciata proprio nel momento <\/span><span class=\"Translation\">(genau in dem Moment begonnen haben musste: \"musste sein begonnen\u201c)<\/span><span class=\"Bold\">, che s\u2019era messo a costruire la casa per s\u00e9 <\/span><span class=\"Translation\">(als er begonnen hatte, das Haus f\u00fcr sich zu bauen; <\/span><span class=\"Translation\"><span class=\"Comment-Words\">mettersi a<\/span><\/span><span class=\"Translation\"><span class=\"Comments\"> \u2014 beginnen zu<\/span><\/span><span class=\"Translation\">)<\/span><span class=\"Bold\">, dopo averne costruite tante per gli altri <\/span><span class=\"Translation\">(nachdem er so viele f\u00fcr die anderen gebaut hatte: \"nach haben davon gebaut\u201c)<\/span><span class=\"Bold\">.<\/span><\/p>\r\n\r\n<\/div>\r\n[audio mp3=\"https:\/\/easyoriginal1.s3.eu-central-1.amazonaws.com\/italienisch\/i1\/1.mp3\"][\/audio]\r\n<div class=\"original-container\">\r\n<p class=\"Original\" lang=\"en-US\">Dopo tant\u2019anni, di ritorno al suo triste paese in cima al colle, Paolo Marra cap\u00ed che la rovina del padre doveva esser cominciata proprio nel momento che s\u2019era messo a costruire la casa per s\u00e9, dopo averne costruite tante per gli altri.<\/p>\r\n\r\n<\/div>\r\n<a class=\"weiter\" href=\"\/webreader\/ritorno\/fragment\/2-2-2\/\">weiter lesen<\/a>","_et_gb_content_width":""},"product_brand":[],"product_cat":[43],"product_tag":[],"class_list":{"0":"post-8779","1":"product","2":"type-product","3":"status-publish","4":"has-post-thumbnail","6":"product_cat-italienisch-deutsch","8":"first","9":"instock","10":"taxable","11":"shipping-taxable","12":"purchasable","13":"product-type-variable"},"acf":[],"yoast_head":"<!-- This site is optimized with the Yoast SEO plugin v27.4 - https:\/\/yoast.com\/product\/yoast-seo-wordpress\/ -->\n<title>La morta e la viva \/ Die Tote und die Lebende - EasyOriginal.com<\/title>\n<meta name=\"robots\" content=\"index, follow, max-snippet:-1, max-image-preview:large, max-video-preview:-1\" \/>\n<link rel=\"canonical\" href=\"https:\/\/easyoriginal.com\/en\/shop\/italienisch-deutsch\/la-morta-e-la-viva-die-tote-und-die-lebende\/\" \/>\n<meta property=\"og:locale\" content=\"en_GB\" \/>\n<meta property=\"og:type\" content=\"article\" \/>\n<meta property=\"og:title\" content=\"La morta e la viva \/ Die Tote und die Lebende - EasyOriginal.com\" \/>\n<meta property=\"og:description\" content=\"\u201cLa morta e la viva&quot; (&quot;Die Tote und die Lebende\u201d) ist eine Novelle des italienischen Schriftstellers und Nobelpreistr\u00e4gers Luigi Pirandello. Ungek\u00fcrzter Originaltext. Zweisprachiges Buch Italienisch-Deutsch.\" \/>\n<meta property=\"og:url\" content=\"https:\/\/easyoriginal.com\/en\/shop\/italienisch-deutsch\/la-morta-e-la-viva-die-tote-und-die-lebende\/\" \/>\n<meta property=\"og:site_name\" content=\"EasyOriginal.com\" \/>\n<meta property=\"article:modified_time\" content=\"2024-01-03T23:46:56+00:00\" \/>\n<meta property=\"og:image\" content=\"https:\/\/easyoriginal.com\/wp-content\/uploads\/Pirandello_La_morta_e_la_viva_printcover.jpg\" \/>\n\t<meta property=\"og:image:width\" content=\"468\" \/>\n\t<meta property=\"og:image:height\" content=\"702\" \/>\n\t<meta property=\"og:image:type\" content=\"image\/jpeg\" \/>\n<meta name=\"twitter:card\" content=\"summary_large_image\" \/>\n<meta name=\"twitter:label1\" content=\"Estimated reading time\" \/>\n\t<meta name=\"twitter:data1\" content=\"2 minutes\" \/>\n<script type=\"application\/ld+json\" class=\"yoast-schema-graph\">{\"@context\":\"https:\\\/\\\/schema.org\",\"@graph\":[{\"@type\":\"WebPage\",\"@id\":\"https:\\\/\\\/easyoriginal.com\\\/shop\\\/italienisch-deutsch\\\/la-morta-e-la-viva-die-tote-und-die-lebende\\\/\",\"url\":\"https:\\\/\\\/easyoriginal.com\\\/shop\\\/italienisch-deutsch\\\/la-morta-e-la-viva-die-tote-und-die-lebende\\\/\",\"name\":\"La morta e la viva \\\/ Die Tote und die Lebende - EasyOriginal.com\",\"isPartOf\":{\"@id\":\"https:\\\/\\\/easyoriginal.com\\\/#website\"},\"primaryImageOfPage\":{\"@id\":\"https:\\\/\\\/easyoriginal.com\\\/shop\\\/italienisch-deutsch\\\/la-morta-e-la-viva-die-tote-und-die-lebende\\\/#primaryimage\"},\"image\":{\"@id\":\"https:\\\/\\\/easyoriginal.com\\\/shop\\\/italienisch-deutsch\\\/la-morta-e-la-viva-die-tote-und-die-lebende\\\/#primaryimage\"},\"thumbnailUrl\":\"https:\\\/\\\/easyoriginal.com\\\/wp-content\\\/uploads\\\/Pirandello_La_morta_e_la_viva_printcover.jpg\",\"datePublished\":\"2021-07-30T13:58:24+00:00\",\"dateModified\":\"2024-01-03T23:46:56+00:00\",\"breadcrumb\":{\"@id\":\"https:\\\/\\\/easyoriginal.com\\\/shop\\\/italienisch-deutsch\\\/la-morta-e-la-viva-die-tote-und-die-lebende\\\/#breadcrumb\"},\"inLanguage\":\"en-GB\",\"potentialAction\":[{\"@type\":\"ReadAction\",\"target\":[\"https:\\\/\\\/easyoriginal.com\\\/shop\\\/italienisch-deutsch\\\/la-morta-e-la-viva-die-tote-und-die-lebende\\\/\"]}]},{\"@type\":\"ImageObject\",\"inLanguage\":\"en-GB\",\"@id\":\"https:\\\/\\\/easyoriginal.com\\\/shop\\\/italienisch-deutsch\\\/la-morta-e-la-viva-die-tote-und-die-lebende\\\/#primaryimage\",\"url\":\"https:\\\/\\\/easyoriginal.com\\\/wp-content\\\/uploads\\\/Pirandello_La_morta_e_la_viva_printcover.jpg\",\"contentUrl\":\"https:\\\/\\\/easyoriginal.com\\\/wp-content\\\/uploads\\\/Pirandello_La_morta_e_la_viva_printcover.jpg\",\"width\":468,\"height\":702,\"caption\":\"Zweisprachiges buch italienisch-deutsch, italienische lekt\u00fcre, italienische kurzgeschichten, luigi pirandello\"},{\"@type\":\"BreadcrumbList\",\"@id\":\"https:\\\/\\\/easyoriginal.com\\\/shop\\\/italienisch-deutsch\\\/la-morta-e-la-viva-die-tote-und-die-lebende\\\/#breadcrumb\",\"itemListElement\":[{\"@type\":\"ListItem\",\"position\":1,\"name\":\"Startseite\",\"item\":\"https:\\\/\\\/easyoriginal.com\\\/\"},{\"@type\":\"ListItem\",\"position\":2,\"name\":\"Shop\",\"item\":\"https:\\\/\\\/easyoriginal.com\\\/shop\\\/\"},{\"@type\":\"ListItem\",\"position\":3,\"name\":\"La morta e la viva \\\/ Die Tote und die Lebende\"}]},{\"@type\":\"WebSite\",\"@id\":\"https:\\\/\\\/easyoriginal.com\\\/#website\",\"url\":\"https:\\\/\\\/easyoriginal.com\\\/\",\"name\":\"EasyOriginal.com\",\"description\":\"Spa\u00df am Lesen im Original - Innovative Lesemethode f\u00fcr Fremdsprachen\",\"publisher\":{\"@id\":\"https:\\\/\\\/easyoriginal.com\\\/#organization\"},\"potentialAction\":[{\"@type\":\"SearchAction\",\"target\":{\"@type\":\"EntryPoint\",\"urlTemplate\":\"https:\\\/\\\/easyoriginal.com\\\/?s={search_term_string}\"},\"query-input\":{\"@type\":\"PropertyValueSpecification\",\"valueRequired\":true,\"valueName\":\"search_term_string\"}}],\"inLanguage\":\"en-GB\"},{\"@type\":\"Organization\",\"@id\":\"https:\\\/\\\/easyoriginal.com\\\/#organization\",\"name\":\"EasyOriginal Verlag\",\"url\":\"https:\\\/\\\/easyoriginal.com\\\/\",\"logo\":{\"@type\":\"ImageObject\",\"inLanguage\":\"en-GB\",\"@id\":\"https:\\\/\\\/easyoriginal.com\\\/#\\\/schema\\\/logo\\\/image\\\/\",\"url\":\"https:\\\/\\\/easyoriginal.com\\\/wp-content\\\/uploads\\\/2020\\\/08\\\/logo_main.png\",\"contentUrl\":\"https:\\\/\\\/easyoriginal.com\\\/wp-content\\\/uploads\\\/2020\\\/08\\\/logo_main.png\",\"width\":500,\"height\":103,\"caption\":\"EasyOriginal Verlag\"},\"image\":{\"@id\":\"https:\\\/\\\/easyoriginal.com\\\/#\\\/schema\\\/logo\\\/image\\\/\"}}]}<\/script>\n<!-- \/ Yoast SEO plugin. -->","yoast_head_json":{"title":"La morta e la viva \/ Die Tote und die Lebende - EasyOriginal.com","robots":{"index":"index","follow":"follow","max-snippet":"max-snippet:-1","max-image-preview":"max-image-preview:large","max-video-preview":"max-video-preview:-1"},"canonical":"https:\/\/easyoriginal.com\/en\/shop\/italienisch-deutsch\/la-morta-e-la-viva-die-tote-und-die-lebende\/","og_locale":"en_GB","og_type":"article","og_title":"La morta e la viva \/ Die Tote und die Lebende - EasyOriginal.com","og_description":"\u201cLa morta e la viva\" (\"Die Tote und die Lebende\u201d) ist eine Novelle des italienischen Schriftstellers und Nobelpreistr\u00e4gers Luigi Pirandello. Ungek\u00fcrzter Originaltext. Zweisprachiges Buch Italienisch-Deutsch.","og_url":"https:\/\/easyoriginal.com\/en\/shop\/italienisch-deutsch\/la-morta-e-la-viva-die-tote-und-die-lebende\/","og_site_name":"EasyOriginal.com","article_modified_time":"2024-01-03T23:46:56+00:00","og_image":[{"width":468,"height":702,"url":"https:\/\/easyoriginal.com\/wp-content\/uploads\/Pirandello_La_morta_e_la_viva_printcover.jpg","type":"image\/jpeg"}],"twitter_card":"summary_large_image","twitter_misc":{"Estimated reading time":"2 minutes"},"schema":{"@context":"https:\/\/schema.org","@graph":[{"@type":"WebPage","@id":"https:\/\/easyoriginal.com\/shop\/italienisch-deutsch\/la-morta-e-la-viva-die-tote-und-die-lebende\/","url":"https:\/\/easyoriginal.com\/shop\/italienisch-deutsch\/la-morta-e-la-viva-die-tote-und-die-lebende\/","name":"La morta e la viva \/ Die Tote und die Lebende - EasyOriginal.com","isPartOf":{"@id":"https:\/\/easyoriginal.com\/#website"},"primaryImageOfPage":{"@id":"https:\/\/easyoriginal.com\/shop\/italienisch-deutsch\/la-morta-e-la-viva-die-tote-und-die-lebende\/#primaryimage"},"image":{"@id":"https:\/\/easyoriginal.com\/shop\/italienisch-deutsch\/la-morta-e-la-viva-die-tote-und-die-lebende\/#primaryimage"},"thumbnailUrl":"https:\/\/easyoriginal.com\/wp-content\/uploads\/Pirandello_La_morta_e_la_viva_printcover.jpg","datePublished":"2021-07-30T13:58:24+00:00","dateModified":"2024-01-03T23:46:56+00:00","breadcrumb":{"@id":"https:\/\/easyoriginal.com\/shop\/italienisch-deutsch\/la-morta-e-la-viva-die-tote-und-die-lebende\/#breadcrumb"},"inLanguage":"en-GB","potentialAction":[{"@type":"ReadAction","target":["https:\/\/easyoriginal.com\/shop\/italienisch-deutsch\/la-morta-e-la-viva-die-tote-und-die-lebende\/"]}]},{"@type":"ImageObject","inLanguage":"en-GB","@id":"https:\/\/easyoriginal.com\/shop\/italienisch-deutsch\/la-morta-e-la-viva-die-tote-und-die-lebende\/#primaryimage","url":"https:\/\/easyoriginal.com\/wp-content\/uploads\/Pirandello_La_morta_e_la_viva_printcover.jpg","contentUrl":"https:\/\/easyoriginal.com\/wp-content\/uploads\/Pirandello_La_morta_e_la_viva_printcover.jpg","width":468,"height":702,"caption":"Zweisprachiges buch italienisch-deutsch, italienische lekt\u00fcre, italienische kurzgeschichten, luigi pirandello"},{"@type":"BreadcrumbList","@id":"https:\/\/easyoriginal.com\/shop\/italienisch-deutsch\/la-morta-e-la-viva-die-tote-und-die-lebende\/#breadcrumb","itemListElement":[{"@type":"ListItem","position":1,"name":"Startseite","item":"https:\/\/easyoriginal.com\/"},{"@type":"ListItem","position":2,"name":"Shop","item":"https:\/\/easyoriginal.com\/shop\/"},{"@type":"ListItem","position":3,"name":"La morta e la viva \/ Die Tote und die Lebende"}]},{"@type":"WebSite","@id":"https:\/\/easyoriginal.com\/#website","url":"https:\/\/easyoriginal.com\/","name":"EasyOriginal.com","description":"Spa\u00df am Lesen im Original - Innovative Lesemethode f\u00fcr Fremdsprachen","publisher":{"@id":"https:\/\/easyoriginal.com\/#organization"},"potentialAction":[{"@type":"SearchAction","target":{"@type":"EntryPoint","urlTemplate":"https:\/\/easyoriginal.com\/?s={search_term_string}"},"query-input":{"@type":"PropertyValueSpecification","valueRequired":true,"valueName":"search_term_string"}}],"inLanguage":"en-GB"},{"@type":"Organization","@id":"https:\/\/easyoriginal.com\/#organization","name":"EasyOriginal Verlag","url":"https:\/\/easyoriginal.com\/","logo":{"@type":"ImageObject","inLanguage":"en-GB","@id":"https:\/\/easyoriginal.com\/#\/schema\/logo\/image\/","url":"https:\/\/easyoriginal.com\/wp-content\/uploads\/2020\/08\/logo_main.png","contentUrl":"https:\/\/easyoriginal.com\/wp-content\/uploads\/2020\/08\/logo_main.png","width":500,"height":103,"caption":"EasyOriginal Verlag"},"image":{"@id":"https:\/\/easyoriginal.com\/#\/schema\/logo\/image\/"}}]}},"_links":{"self":[{"href":"https:\/\/easyoriginal.com\/en\/wp-json\/wp\/v2\/product\/8779","targetHints":{"allow":["GET"]}}],"collection":[{"href":"https:\/\/easyoriginal.com\/en\/wp-json\/wp\/v2\/product"}],"about":[{"href":"https:\/\/easyoriginal.com\/en\/wp-json\/wp\/v2\/types\/product"}],"replies":[{"embeddable":true,"href":"https:\/\/easyoriginal.com\/en\/wp-json\/wp\/v2\/comments?post=8779"}],"wp:featuredmedia":[{"embeddable":true,"href":"https:\/\/easyoriginal.com\/en\/wp-json\/wp\/v2\/media\/8784"}],"wp:attachment":[{"href":"https:\/\/easyoriginal.com\/en\/wp-json\/wp\/v2\/media?parent=8779"}],"wp:term":[{"taxonomy":"product_brand","embeddable":true,"href":"https:\/\/easyoriginal.com\/en\/wp-json\/wp\/v2\/product_brand?post=8779"},{"taxonomy":"product_cat","embeddable":true,"href":"https:\/\/easyoriginal.com\/en\/wp-json\/wp\/v2\/product_cat?post=8779"},{"taxonomy":"product_tag","embeddable":true,"href":"https:\/\/easyoriginal.com\/en\/wp-json\/wp\/v2\/product_tag?post=8779"}],"curies":[{"name":"wp","href":"https:\/\/api.w.org\/{rel}","templated":true}]}}