{"id":8761,"date":"2021-07-30T15:08:10","date_gmt":"2021-07-30T13:08:10","guid":{"rendered":"https:\/\/easyoriginal.com\/?post_type=product&#038;p=8761"},"modified":"2024-07-03T10:03:41","modified_gmt":"2024-07-03T08:03:41","slug":"the-black-cat-der-schwarze-kater","status":"publish","type":"product","link":"https:\/\/easyoriginal.com\/en\/shop\/englisch-deutsch\/the-black-cat-der-schwarze-kater\/","title":{"rendered":"The Black Cat \/ Der schwarze Kater"},"content":{"rendered":"<div class=\"adapted-container\">\n<p class=\"Adapted\"><span class=\"Bold\">For the most wild <\/span><span class=\"Translation\">(f\u00fcr die h\u00f6chst wilde)<\/span><span class=\"Bold\">, yet most homely narrative <\/span><span class=\"Translation\">(doch h\u00f6chst gem\u00fctliche Erz\u00e4hlun<\/span><span class=\"No-Break\"><span class=\"Translation\">g;<\/span><\/span><span class=\"Translation\"><span class=\"Comments\"> homely <\/span><\/span><span class=\"Translation\"><span class=\"Transcription\">[\u201ah\u0259uml\u026a<\/span><\/span><span class=\"Translation\"><span class=\"No-Break\">]<\/span><\/span><span class=\"No-Break\"><span class=\"Translation\">;<\/span><\/span><span class=\"Translation\"><span class=\"Comments\"> narrative <\/span><\/span><span class=\"Translation\"><span class=\"Transcription\">[\u201an\u00e6r\u0259t\u026av]<\/span><\/span><span class=\"Translation\">)<\/span> <span class=\"Bold\">which <\/span><span class=\"No-Break\"><span class=\"Bold\">I <\/span><\/span><span class=\"Bold\">am about to pen <\/span><span class=\"Translation\">(die ich dabei bin niederzuschreibe<\/span><span class=\"No-Break\"><span class=\"Translation\">n;<\/span><\/span><span class=\"Translation\"><span class=\"Comments\"> <\/span><\/span><span class=\"Translation\"><span class=\"Comment-Words\">to be about to do something<\/span><\/span><span class=\"Translation\"><span class=\"No-Break\"><span class=\"Comments\"> \u2014<\/span><\/span><\/span><span class=\"Translation\"><span class=\"Comments\"> bereit sein, etw zu tu<\/span><\/span><span class=\"Translation\"><span class=\"No-Break\"><span class=\"Comments\">n<\/span><\/span><\/span><span class=\"No-Break\"><span class=\"Translation\">;<\/span><\/span><span class=\"Translation\"><span class=\"Comments\"> dabei sein, etw zu tun<\/span><\/span><span class=\"Translation\">)<\/span><span class=\"Bold\">, <\/span><span class=\"No-Break\"><span class=\"Bold\">I <\/span><\/span><span class=\"Bold\">neither expect nor solicit belief <\/span><span class=\"Translation\">(erwarte ich weder, noch fordere ich Glaube<\/span><span class=\"No-Break\"><span class=\"Translation\">n;<\/span><\/span><span class=\"Translation\"><span class=\"Comments\"> <\/span><\/span><span class=\"Translation\"><span class=\"Comment-Words\">neiter \u2026 nor<\/span><\/span><span class=\"Translation\"><span class=\"Comments\"> <\/span><\/span><span class=\"Translation\"><span class=\"Transcription\">[\u201ana\u026a\u00f0\u0259]<\/span><\/span><span class=\"Translation\"><span class=\"Comments\"> \u2013 weder \u2026 noc<\/span><\/span><span class=\"Translation\"><span class=\"No-Break\"><span class=\"Comments\">h<\/span><\/span><\/span><span class=\"No-Break\"><span class=\"Translation\">;<\/span><\/span><span class=\"Translation\"><span class=\"Comments\"> expect <\/span><\/span><span class=\"Translation\"><span class=\"Transcription\">[\u026ak\u2018spekt<\/span><\/span><span class=\"Translation\"><span class=\"No-Break\">]<\/span><\/span><span class=\"No-Break\"><span class=\"Translation\">;<\/span><\/span><span class=\"Translation\"><span class=\"Comments\"> solicit <\/span><\/span><span class=\"Translation\"><span class=\"Transcription\">[s\u0259\u2018l\u026as\u026at<\/span><\/span><span class=\"Translation\"><span class=\"No-Break\">]<\/span><\/span><span class=\"No-Break\"><span class=\"Translation\">;<\/span><\/span><span class=\"Translation\"><span class=\"Comments\"> belief <\/span><\/span><span class=\"Translation\"><span class=\"Transcription\">[b\u026a\u2018li\u02d0f]<\/span><\/span><span class=\"Translation\">)<\/span><span class=\"Bold\">. Mad indeed would <\/span><span class=\"No-Break\"><span class=\"Bold\">I <\/span><\/span><span class=\"Bold\">be to expect it <\/span><span class=\"Translation\">(verr\u00fcckt in der Tat w\u00e4re ich, ihn zu erwarte<\/span><span class=\"No-Break\"><span class=\"Translation\">n;<\/span><\/span><span class=\"Translation\"><span class=\"Comments\"> indeed <\/span><\/span><span class=\"Translation\"><span class=\"Transcription\">[\u026an\u2018di\u02d0d]<\/span><\/span><span class=\"Translation\">)<\/span><span class=\"Bold\">, in a case where my very senses reject their own evidence <\/span><span class=\"Translation\">(in einem Fall, wo meine eigenen Sinne ihren eigenen Beweis zur\u00fcckweise<\/span><span class=\"No-Break\"><span class=\"Translation\">n;<\/span><\/span><span class=\"Translation\"><span class=\"Comments\"> to reject <\/span><\/span><span class=\"Translation\"><span class=\"Transcription\">[r\u026a\u2018\u02a4ekt<\/span><\/span><span class=\"Translation\"><span class=\"No-Break\">]<\/span><\/span><span class=\"No-Break\"><span class=\"Translation\">;<\/span><\/span><span class=\"Translation\"><span class=\"Comments\"> evidence <\/span><\/span><span class=\"Translation\"><span class=\"Transcription\">[\u201aev\u026ad(\u0259)<\/span><\/span><span class=\"Transcription\">n<\/span><span class=\"Translation\"><span class=\"Transcription\">(t)<\/span><\/span><span class=\"Transcription\">s]<\/span>)<span class=\"Bold\">. Yet, mad am <\/span><span class=\"No-Break\"><span class=\"Bold\">I <\/span><\/span><span class=\"Bold\">not <\/span><span class=\"Translation\">(dennoch, verr\u00fcckt bin ich nicht)<\/span><span class=\"No-Break\"><span class=\"Bold\"> \u2014<\/span><\/span><span class=\"Bold\"> and very surely do <\/span><span class=\"No-Break\"><span class=\"Bold\">I <\/span><\/span><span class=\"Bold\">not dream <\/span><span class=\"Translation\">(und sehr gewiss tr\u00e4ume ich nich<\/span><span class=\"No-Break\"><span class=\"Translation\">t;<\/span><\/span><span class=\"Translation\"><span class=\"Comments\"> surely <\/span><\/span><span class=\"Translation\"><span class=\"Transcription\">[\u201a\u0283u\u0259l\u026a<\/span><\/span><span class=\"Translation\"><span class=\"No-Break\">]<\/span><\/span><span class=\"No-Break\"><span class=\"Translation\">;<\/span><\/span><span class=\"Translation\"><span class=\"Comments\"> <\/span><\/span><span class=\"Translation\"><span class=\"Comment-Words\">to dream<\/span><\/span><span class=\"Translation\"><span class=\"No-Break\"><span class=\"Comments\"> \u2014<\/span><\/span><\/span><span class=\"Translation\"><span class=\"Comments\"> tr\u00e4umen, phantasieren<\/span><\/span><span class=\"Translation\">)<\/span><span class=\"Bold\">. But tomorrow <\/span><span class=\"No-Break\"><span class=\"Bold\">I <\/span><\/span><span class=\"Bold\">die <\/span><span class=\"Translation\">(<\/span><span class=\"Translation\">aber morgen sterbe ich)<\/span><span class=\"Bold\">, and today <\/span><span class=\"No-Break\"><span class=\"Bold\">I <\/span><\/span><span class=\"Bold\">would unburthen my soul <\/span><span class=\"Translation\">(und heute m\u00f6chte ich meine Seele entlaste<\/span><span class=\"No-Break\"><span class=\"Translation\">n;<\/span><\/span><span class=\"Translation\"><span class=\"Comments\"> unburthen <\/span><\/span><span class=\"Translation\"><span class=\"Transcription\">[\u028cn\u2018b\u025c\u02d0\u00f0(\u0259)<\/span><\/span><span class=\"Transcription\">n]<\/span>)<span class=\"Bold\">.<\/span><\/p>\n<p class=\"Number\" lang=\"en-GB\"><span class=\"_idGenBNMarker-1\">1<\/span><\/p>\n<\/div>\n<audio class=\"wp-audio-shortcode\" id=\"audio-8761-1\" preload=\"none\" style=\"width: 100%;\" controls=\"controls\"><source type=\"audio\/mpeg\" src=\"https:\/\/easyoriginal1.s3.eu-central-1.amazonaws.com\/englisch\/e18\/1.mp3?_=1\" \/><a href=\"https:\/\/easyoriginal1.s3.eu-central-1.amazonaws.com\/englisch\/e18\/1.mp3\">https:\/\/easyoriginal1.s3.eu-central-1.amazonaws.com\/englisch\/e18\/1.mp3<\/a><\/audio>\n<div class=\"original-container\">\n<p class=\"Original\" >For the most wild, yet most homely narrative which I am about to pen, I neither expect nor solicit belief. Mad indeed would I be to expect it, in a case where my very senses reject their own evidence. Yet, mad am I not \u2014 and very surely do I not dream. But tomorrow I die, and today I would unburthen my soul.<\/p>\n<\/div>\n","protected":false},"excerpt":{"rendered":"<p>Tauchen Sie ein in die dunklen Abgr\u00fcnde der menschlichen Psyche mit Edgar Allan Poes &#8222;The Black Cat&#8220; \u2013 einem Meisterwerk der Schauerliteratur, das Sie in die Welt eines Mannes entf\u00fchrt, dessen Leben durch Alkohol und Grausamkeit in den Wahnsinn abdriftet. Diese Geschichte ist nicht nur eine Erz\u00e4hlung \u00fcber Schuld und S\u00fchne, sondern auch ein fesselndes Portr\u00e4t der Zerbrechlichkeit der menschlichen Vernunft und der tiefen Abgr\u00fcnde, in die sie st\u00fcrzen kann. Mit &#8222;The Black Cat&#8220; liefert Poe eine unvergessliche Erkundung der dunkelsten Ecken der menschlichen Seele, verwebt mit einem Netz aus Aberglauben, Schuldgef\u00fchlen und unausweichlichem Verh\u00e4ngnis. Dieses Buch ist ein Muss f\u00fcr jeden Liebhaber der klassischen Literatur und jene, die es wagen, einen Blick in die Schatten zu werfen, die in uns allen lauern. Lassen Sie sich von dieser zeitlosen Geschichte in den Bann ziehen und erleben Sie, wie Poe die Grenzen zwischen Realit\u00e4t und Wahnsinn meisterhaft verschwimmen l\u00e4sst.<\/p>\n<p>Edgar Allan Poe war ein US-amerikanischer Schriftsteller. Er pr\u00e4gte entscheidend die Gattung der Kurzgeschichte sowie die Genres der Kriminalliteratur und der Horror- bzw. Schauerliteratur.<br \/>\nUngek\u00fcrzter Oriignaltext. Zweisprachiges Buch Englisch-Deutsch<\/p>","protected":false},"featured_media":13187,"comment_status":"open","ping_status":"closed","template":"","meta":{"_acf_changed":false,"_et_pb_use_builder":"off","_et_pb_old_content":"<div class=\"adapted-container\">\r\n<p class=\"Adapted\" lang=\"de-DE\"><span class=\"Bold\">It was a hot afternoon <\/span><span class=\"Translation\">(es war ein hei\u00dfer Nachmittag)<\/span><span class=\"Bold\">, and the railway carriage was correspondingly sultry <\/span><span class=\"Translation\">(und der Eisenbahnwaggon war entsprechend stickig; <\/span><span class=\"Translation\"><span class=\"Comments\">carriage <\/span><\/span><span class=\"Translation\"><span class=\"Transcription\">[\u201ak\u00e6r\u026ad\u0292]<\/span><\/span><span class=\"Translation\"><span class=\"Comments\">;<\/span><\/span> <span class=\"Translation\"><span class=\"Comments\">correspondingly <\/span><\/span><span class=\"Translation\"><span class=\"Transcription\">[\u02cck\u0252r\u0259\u02c8sp\u0252nd\u026a\u014bli]<\/span><\/span><span class=\"Translation\"><span class=\"Comments\">;<\/span><\/span> <span class=\"Translation\"><span class=\"Comment-Words\">sultry<\/span><\/span><span class=\"Translation\"><span class=\"Comments\"> \u2014 schw\u00fcl, stickig<\/span><\/span><span class=\"Translation\">)<\/span><span class=\"Bold\">, and the next stop was at Templecombe, nearly an hour ahead <\/span><span class=\"Translation\">(und die n\u00e4chste Station war in Templecombe, fast eine Stunde entfernt; <\/span><span class=\"Translation\"><span class=\"Comment-Words\">nearly<\/span><\/span><span class=\"Translation\"><span class=\"Comments\"> \u2014 beinahe, fast; <\/span><\/span><span class=\"Translation\"><span class=\"Comment-Words\">ahead<\/span><\/span> <span class=\"Translation\"><span class=\"Transcription\">[\u0259\u2018h\u025bd]<\/span><\/span><span class=\"Translation\"><span class=\"Comments\"> \u2014 voraus, vor, entfernt<\/span><\/span><span class=\"Translation\">)<\/span><span class=\"Bold\">. The occupants of the carriage were a small girl <\/span><span class=\"Translation\">(die Insassen des Waggons waren ein kleines M\u00e4dchen; <\/span><span class=\"Translation\"><span class=\"Comment-Words\">occupant<\/span><\/span> <span class=\"Translation\"><span class=\"Transcription\">[\u201a\u0252kj\u028ap\u0259nt]<\/span><\/span><span class=\"Translation\"><span class=\"Comments\"> \u2014 Bewohner, Inhaber, Insasse; <\/span><\/span><span class=\"Translation\"><span class=\"Comment-Words\">to occupy<\/span><\/span> <span class=\"Translation\"><span class=\"Transcription\">[\u201a\u0252kj\u028a\u02ccpa\u026a]<\/span><\/span><span class=\"Translation\"><span class=\"Comments\"> \u2014 besetzen, einnehmen<\/span><\/span><span class=\"Translation\">)<\/span><span class=\"Bold\">, and a smaller girl, and a small boy <\/span><span class=\"Translation\">(und ein kleineres M\u00e4dchen und ein kleiner Junge)<\/span><span class=\"Bold\">.<\/span><\/p>\r\n\r\n<\/div>\r\n[audio mp3=\"https:\/\/easyoriginal1.s3.eu-central-1.amazonaws.com\/englisch\/e2\/1.mp3\"][\/audio]\r\n<div class=\"original-container\">\r\n<p class=\"Original\">It was a hot afternoon, and the railway carriage was correspondingly sultry, and the next stop was at Templecombe, nearly an hour ahead. The occupants of the carriage were a small girl, and a smaller girl, and a small boy.<\/p>\r\n\r\n<\/div>\r\n<a class=\"weiter\" href=\"\/webreader\/the-story-teller\/fragment\/2-5\/\">weiter lesen<\/a>","_et_gb_content_width":""},"product_brand":[],"product_cat":[42],"product_tag":[167,172,71,173],"class_list":{"0":"post-8761","1":"product","2":"type-product","3":"status-publish","4":"has-post-thumbnail","6":"product_cat-englisch-deutsch","7":"product_tag-amerikanisch","8":"product_tag-horror","9":"product_tag-kurzgeschichte","10":"product_tag-schauergeschichte","12":"first","13":"instock","14":"taxable","15":"shipping-taxable","16":"purchasable","17":"product-type-variable"},"acf":[],"yoast_head":"<!-- This site is optimized with the Yoast SEO plugin v27.4 - https:\/\/yoast.com\/product\/yoast-seo-wordpress\/ -->\n<title>The Black Cat \/ Der schwarze Kater - EasyOriginal.com<\/title>\n<meta name=\"robots\" content=\"index, follow, max-snippet:-1, max-image-preview:large, max-video-preview:-1\" \/>\n<link rel=\"canonical\" href=\"https:\/\/easyoriginal.com\/en\/shop\/englisch-deutsch\/the-black-cat-der-schwarze-kater\/\" \/>\n<meta property=\"og:locale\" content=\"en_GB\" \/>\n<meta property=\"og:type\" content=\"article\" \/>\n<meta property=\"og:title\" content=\"The Black Cat \/ Der schwarze Kater - EasyOriginal.com\" \/>\n<meta property=\"og:description\" content=\"Tauchen Sie ein in die dunklen Abgr\u00fcnde der menschlichen Psyche mit Edgar Allan Poes &quot;The Black Cat&quot; \u2013 einem Meisterwerk der Schauerliteratur, das Sie in die Welt eines Mannes entf\u00fchrt, dessen Leben durch Alkohol und Grausamkeit in den Wahnsinn abdriftet. Diese Geschichte ist nicht nur eine Erz\u00e4hlung \u00fcber Schuld und S\u00fchne, sondern auch ein fesselndes Portr\u00e4t der Zerbrechlichkeit der menschlichen Vernunft und der tiefen Abgr\u00fcnde, in die sie st\u00fcrzen kann. Mit &quot;The Black Cat&quot; liefert Poe eine unvergessliche Erkundung der dunkelsten Ecken der menschlichen Seele, verwebt mit einem Netz aus Aberglauben, Schuldgef\u00fchlen und unausweichlichem Verh\u00e4ngnis. Dieses Buch ist ein Muss f\u00fcr jeden Liebhaber der klassischen Literatur und jene, die es wagen, einen Blick in die Schatten zu werfen, die in uns allen lauern. Lassen Sie sich von dieser zeitlosen Geschichte in den Bann ziehen und erleben Sie, wie Poe die Grenzen zwischen Realit\u00e4t und Wahnsinn meisterhaft verschwimmen l\u00e4sst.  Edgar Allan Poe war ein US-amerikanischer Schriftsteller. Er pr\u00e4gte entscheidend die Gattung der Kurzgeschichte sowie die Genres der Kriminalliteratur und der Horror- bzw. Schauerliteratur. Ungek\u00fcrzter Oriignaltext. Zweisprachiges Buch Englisch-Deutsch\" \/>\n<meta property=\"og:url\" content=\"https:\/\/easyoriginal.com\/en\/shop\/englisch-deutsch\/the-black-cat-der-schwarze-kater\/\" \/>\n<meta property=\"og:site_name\" content=\"EasyOriginal.com\" \/>\n<meta property=\"article:modified_time\" content=\"2024-07-03T08:03:41+00:00\" \/>\n<meta property=\"og:image\" content=\"https:\/\/easyoriginal.com\/wp-content\/uploads\/poe_the_black_cat_cover_2024.jpg\" \/>\n\t<meta property=\"og:image:width\" content=\"1600\" \/>\n\t<meta property=\"og:image:height\" content=\"2400\" \/>\n\t<meta property=\"og:image:type\" content=\"image\/jpeg\" \/>\n<meta name=\"twitter:card\" content=\"summary_large_image\" \/>\n<meta name=\"twitter:label1\" content=\"Estimated reading time\" \/>\n\t<meta name=\"twitter:data1\" content=\"2 minutes\" \/>\n<script type=\"application\/ld+json\" class=\"yoast-schema-graph\">{\"@context\":\"https:\\\/\\\/schema.org\",\"@graph\":[{\"@type\":\"WebPage\",\"@id\":\"https:\\\/\\\/easyoriginal.com\\\/shop\\\/englisch-deutsch\\\/the-black-cat-der-schwarze-kater\\\/\",\"url\":\"https:\\\/\\\/easyoriginal.com\\\/shop\\\/englisch-deutsch\\\/the-black-cat-der-schwarze-kater\\\/\",\"name\":\"The Black Cat \\\/ Der schwarze Kater - EasyOriginal.com\",\"isPartOf\":{\"@id\":\"https:\\\/\\\/easyoriginal.com\\\/#website\"},\"primaryImageOfPage\":{\"@id\":\"https:\\\/\\\/easyoriginal.com\\\/shop\\\/englisch-deutsch\\\/the-black-cat-der-schwarze-kater\\\/#primaryimage\"},\"image\":{\"@id\":\"https:\\\/\\\/easyoriginal.com\\\/shop\\\/englisch-deutsch\\\/the-black-cat-der-schwarze-kater\\\/#primaryimage\"},\"thumbnailUrl\":\"https:\\\/\\\/easyoriginal.com\\\/wp-content\\\/uploads\\\/poe_the_black_cat_cover_2024.jpg\",\"datePublished\":\"2021-07-30T13:08:10+00:00\",\"dateModified\":\"2024-07-03T08:03:41+00:00\",\"breadcrumb\":{\"@id\":\"https:\\\/\\\/easyoriginal.com\\\/shop\\\/englisch-deutsch\\\/the-black-cat-der-schwarze-kater\\\/#breadcrumb\"},\"inLanguage\":\"en-GB\",\"potentialAction\":[{\"@type\":\"ReadAction\",\"target\":[\"https:\\\/\\\/easyoriginal.com\\\/shop\\\/englisch-deutsch\\\/the-black-cat-der-schwarze-kater\\\/\"]}]},{\"@type\":\"ImageObject\",\"inLanguage\":\"en-GB\",\"@id\":\"https:\\\/\\\/easyoriginal.com\\\/shop\\\/englisch-deutsch\\\/the-black-cat-der-schwarze-kater\\\/#primaryimage\",\"url\":\"https:\\\/\\\/easyoriginal.com\\\/wp-content\\\/uploads\\\/poe_the_black_cat_cover_2024.jpg\",\"contentUrl\":\"https:\\\/\\\/easyoriginal.com\\\/wp-content\\\/uploads\\\/poe_the_black_cat_cover_2024.jpg\",\"width\":1600,\"height\":2400},{\"@type\":\"BreadcrumbList\",\"@id\":\"https:\\\/\\\/easyoriginal.com\\\/shop\\\/englisch-deutsch\\\/the-black-cat-der-schwarze-kater\\\/#breadcrumb\",\"itemListElement\":[{\"@type\":\"ListItem\",\"position\":1,\"name\":\"Startseite\",\"item\":\"https:\\\/\\\/easyoriginal.com\\\/\"},{\"@type\":\"ListItem\",\"position\":2,\"name\":\"Shop\",\"item\":\"https:\\\/\\\/easyoriginal.com\\\/shop\\\/\"},{\"@type\":\"ListItem\",\"position\":3,\"name\":\"The Black Cat \\\/ Der schwarze Kater\"}]},{\"@type\":\"WebSite\",\"@id\":\"https:\\\/\\\/easyoriginal.com\\\/#website\",\"url\":\"https:\\\/\\\/easyoriginal.com\\\/\",\"name\":\"EasyOriginal.com\",\"description\":\"Spa\u00df am Lesen im Original - Innovative Lesemethode f\u00fcr Fremdsprachen\",\"publisher\":{\"@id\":\"https:\\\/\\\/easyoriginal.com\\\/#organization\"},\"potentialAction\":[{\"@type\":\"SearchAction\",\"target\":{\"@type\":\"EntryPoint\",\"urlTemplate\":\"https:\\\/\\\/easyoriginal.com\\\/?s={search_term_string}\"},\"query-input\":{\"@type\":\"PropertyValueSpecification\",\"valueRequired\":true,\"valueName\":\"search_term_string\"}}],\"inLanguage\":\"en-GB\"},{\"@type\":\"Organization\",\"@id\":\"https:\\\/\\\/easyoriginal.com\\\/#organization\",\"name\":\"EasyOriginal Verlag\",\"url\":\"https:\\\/\\\/easyoriginal.com\\\/\",\"logo\":{\"@type\":\"ImageObject\",\"inLanguage\":\"en-GB\",\"@id\":\"https:\\\/\\\/easyoriginal.com\\\/#\\\/schema\\\/logo\\\/image\\\/\",\"url\":\"https:\\\/\\\/easyoriginal.com\\\/wp-content\\\/uploads\\\/2020\\\/08\\\/logo_main.png\",\"contentUrl\":\"https:\\\/\\\/easyoriginal.com\\\/wp-content\\\/uploads\\\/2020\\\/08\\\/logo_main.png\",\"width\":500,\"height\":103,\"caption\":\"EasyOriginal Verlag\"},\"image\":{\"@id\":\"https:\\\/\\\/easyoriginal.com\\\/#\\\/schema\\\/logo\\\/image\\\/\"}}]}<\/script>\n<!-- \/ Yoast SEO plugin. -->","yoast_head_json":{"title":"The Black Cat \/ Der schwarze Kater - EasyOriginal.com","robots":{"index":"index","follow":"follow","max-snippet":"max-snippet:-1","max-image-preview":"max-image-preview:large","max-video-preview":"max-video-preview:-1"},"canonical":"https:\/\/easyoriginal.com\/en\/shop\/englisch-deutsch\/the-black-cat-der-schwarze-kater\/","og_locale":"en_GB","og_type":"article","og_title":"The Black Cat \/ Der schwarze Kater - EasyOriginal.com","og_description":"Tauchen Sie ein in die dunklen Abgr\u00fcnde der menschlichen Psyche mit Edgar Allan Poes \"The Black Cat\" \u2013 einem Meisterwerk der Schauerliteratur, das Sie in die Welt eines Mannes entf\u00fchrt, dessen Leben durch Alkohol und Grausamkeit in den Wahnsinn abdriftet. Diese Geschichte ist nicht nur eine Erz\u00e4hlung \u00fcber Schuld und S\u00fchne, sondern auch ein fesselndes Portr\u00e4t der Zerbrechlichkeit der menschlichen Vernunft und der tiefen Abgr\u00fcnde, in die sie st\u00fcrzen kann. Mit \"The Black Cat\" liefert Poe eine unvergessliche Erkundung der dunkelsten Ecken der menschlichen Seele, verwebt mit einem Netz aus Aberglauben, Schuldgef\u00fchlen und unausweichlichem Verh\u00e4ngnis. Dieses Buch ist ein Muss f\u00fcr jeden Liebhaber der klassischen Literatur und jene, die es wagen, einen Blick in die Schatten zu werfen, die in uns allen lauern. Lassen Sie sich von dieser zeitlosen Geschichte in den Bann ziehen und erleben Sie, wie Poe die Grenzen zwischen Realit\u00e4t und Wahnsinn meisterhaft verschwimmen l\u00e4sst.  Edgar Allan Poe war ein US-amerikanischer Schriftsteller. Er pr\u00e4gte entscheidend die Gattung der Kurzgeschichte sowie die Genres der Kriminalliteratur und der Horror- bzw. Schauerliteratur. Ungek\u00fcrzter Oriignaltext. Zweisprachiges Buch Englisch-Deutsch","og_url":"https:\/\/easyoriginal.com\/en\/shop\/englisch-deutsch\/the-black-cat-der-schwarze-kater\/","og_site_name":"EasyOriginal.com","article_modified_time":"2024-07-03T08:03:41+00:00","og_image":[{"width":1600,"height":2400,"url":"https:\/\/easyoriginal.com\/wp-content\/uploads\/poe_the_black_cat_cover_2024.jpg","type":"image\/jpeg"}],"twitter_card":"summary_large_image","twitter_misc":{"Estimated reading time":"2 minutes"},"schema":{"@context":"https:\/\/schema.org","@graph":[{"@type":"WebPage","@id":"https:\/\/easyoriginal.com\/shop\/englisch-deutsch\/the-black-cat-der-schwarze-kater\/","url":"https:\/\/easyoriginal.com\/shop\/englisch-deutsch\/the-black-cat-der-schwarze-kater\/","name":"The Black Cat \/ Der schwarze Kater - EasyOriginal.com","isPartOf":{"@id":"https:\/\/easyoriginal.com\/#website"},"primaryImageOfPage":{"@id":"https:\/\/easyoriginal.com\/shop\/englisch-deutsch\/the-black-cat-der-schwarze-kater\/#primaryimage"},"image":{"@id":"https:\/\/easyoriginal.com\/shop\/englisch-deutsch\/the-black-cat-der-schwarze-kater\/#primaryimage"},"thumbnailUrl":"https:\/\/easyoriginal.com\/wp-content\/uploads\/poe_the_black_cat_cover_2024.jpg","datePublished":"2021-07-30T13:08:10+00:00","dateModified":"2024-07-03T08:03:41+00:00","breadcrumb":{"@id":"https:\/\/easyoriginal.com\/shop\/englisch-deutsch\/the-black-cat-der-schwarze-kater\/#breadcrumb"},"inLanguage":"en-GB","potentialAction":[{"@type":"ReadAction","target":["https:\/\/easyoriginal.com\/shop\/englisch-deutsch\/the-black-cat-der-schwarze-kater\/"]}]},{"@type":"ImageObject","inLanguage":"en-GB","@id":"https:\/\/easyoriginal.com\/shop\/englisch-deutsch\/the-black-cat-der-schwarze-kater\/#primaryimage","url":"https:\/\/easyoriginal.com\/wp-content\/uploads\/poe_the_black_cat_cover_2024.jpg","contentUrl":"https:\/\/easyoriginal.com\/wp-content\/uploads\/poe_the_black_cat_cover_2024.jpg","width":1600,"height":2400},{"@type":"BreadcrumbList","@id":"https:\/\/easyoriginal.com\/shop\/englisch-deutsch\/the-black-cat-der-schwarze-kater\/#breadcrumb","itemListElement":[{"@type":"ListItem","position":1,"name":"Startseite","item":"https:\/\/easyoriginal.com\/"},{"@type":"ListItem","position":2,"name":"Shop","item":"https:\/\/easyoriginal.com\/shop\/"},{"@type":"ListItem","position":3,"name":"The Black Cat \/ Der schwarze Kater"}]},{"@type":"WebSite","@id":"https:\/\/easyoriginal.com\/#website","url":"https:\/\/easyoriginal.com\/","name":"EasyOriginal.com","description":"Spa\u00df am Lesen im Original - Innovative Lesemethode f\u00fcr Fremdsprachen","publisher":{"@id":"https:\/\/easyoriginal.com\/#organization"},"potentialAction":[{"@type":"SearchAction","target":{"@type":"EntryPoint","urlTemplate":"https:\/\/easyoriginal.com\/?s={search_term_string}"},"query-input":{"@type":"PropertyValueSpecification","valueRequired":true,"valueName":"search_term_string"}}],"inLanguage":"en-GB"},{"@type":"Organization","@id":"https:\/\/easyoriginal.com\/#organization","name":"EasyOriginal Verlag","url":"https:\/\/easyoriginal.com\/","logo":{"@type":"ImageObject","inLanguage":"en-GB","@id":"https:\/\/easyoriginal.com\/#\/schema\/logo\/image\/","url":"https:\/\/easyoriginal.com\/wp-content\/uploads\/2020\/08\/logo_main.png","contentUrl":"https:\/\/easyoriginal.com\/wp-content\/uploads\/2020\/08\/logo_main.png","width":500,"height":103,"caption":"EasyOriginal Verlag"},"image":{"@id":"https:\/\/easyoriginal.com\/#\/schema\/logo\/image\/"}}]}},"_links":{"self":[{"href":"https:\/\/easyoriginal.com\/en\/wp-json\/wp\/v2\/product\/8761","targetHints":{"allow":["GET"]}}],"collection":[{"href":"https:\/\/easyoriginal.com\/en\/wp-json\/wp\/v2\/product"}],"about":[{"href":"https:\/\/easyoriginal.com\/en\/wp-json\/wp\/v2\/types\/product"}],"replies":[{"embeddable":true,"href":"https:\/\/easyoriginal.com\/en\/wp-json\/wp\/v2\/comments?post=8761"}],"wp:featuredmedia":[{"embeddable":true,"href":"https:\/\/easyoriginal.com\/en\/wp-json\/wp\/v2\/media\/13187"}],"wp:attachment":[{"href":"https:\/\/easyoriginal.com\/en\/wp-json\/wp\/v2\/media?parent=8761"}],"wp:term":[{"taxonomy":"product_brand","embeddable":true,"href":"https:\/\/easyoriginal.com\/en\/wp-json\/wp\/v2\/product_brand?post=8761"},{"taxonomy":"product_cat","embeddable":true,"href":"https:\/\/easyoriginal.com\/en\/wp-json\/wp\/v2\/product_cat?post=8761"},{"taxonomy":"product_tag","embeddable":true,"href":"https:\/\/easyoriginal.com\/en\/wp-json\/wp\/v2\/product_tag?post=8761"}],"curies":[{"name":"wp","href":"https:\/\/api.w.org\/{rel}","templated":true}]}}