{"id":8491,"date":"2021-05-07T16:43:53","date_gmt":"2021-05-07T14:43:53","guid":{"rendered":"https:\/\/easyoriginal.com\/?post_type=product&#038;p=8491"},"modified":"2024-01-04T00:26:50","modified_gmt":"2024-01-03T23:26:50","slug":"nel-segno-mitten-hinein","status":"publish","type":"product","link":"https:\/\/easyoriginal.com\/en\/shop\/italienisch-deutsch\/nel-segno-mitten-hinein\/","title":{"rendered":"Nel segno \/  Mitten hinein"},"content":{"rendered":"<div class=\"adapted-container\">\n<p class=\"Adapted\"><span class=\"Bold\">Nel segno <\/span><span class=\"Translation\">(mitten hinein: &quot;in die Markierung<\/span><span class=\"No-Break\"><span class=\"Translation\">&quot;;<\/span><\/span><span class=\"Translation\"><span class=\"Comment-Words\"> segno<\/span><\/span><span class=\"Translation\"><span class=\"Gender _idGenCharOverride-1\">m<\/span><\/span><span class=\"Translation\"><span class=\"No-Break\"><span class=\"Comment-Words\"> <\/span><\/span><\/span><span class=\"No-Break\"><span class=\"Translation\">\u2014<\/span><\/span><span class=\"Translation\"><span class=\"Comment-Words\"> <\/span><\/span><span class=\"Translation\"><span class=\"Comments\">Zeichen, Marke, Markierun<\/span><\/span><span class=\"Translation\"><span class=\"No-Break\"><span class=\"Comments\">g<\/span><\/span><\/span><span class=\"No-Break\"><span class=\"Translation\">;<\/span><\/span><span class=\"Translation\"><span class=\"Comment-Words\"> mettere a segno<\/span><\/span><span class=\"Translation\"><span class=\"No-Break\"><span class=\"Comment-Words\"> <\/span><\/span><\/span><span class=\"No-Break\"><span class=\"Translation\">\u2014<\/span><\/span><span class=\"Translation\"><span class=\"Comment-Words\"> <\/span><\/span><span class=\"Translation\"><span class=\"Comments\">ins Schwarze treffen<\/span><\/span><span class=\"Translation\"><span class=\"Bold CharOverride-1\">)<\/span><\/span><\/p>\n<p class=\"Adapted\"><span class=\"Bold\"><a id=\"_idTextAnchor000\"><\/a><a id=\"_idTextAnchor001\"><\/a>Come seppe che nella mattinata gli studenti di medicina sarebbero ritornati all\u2019ospedale <\/span><span class=\"Translation\">(da sie wusste, dass die Medizinstudenten am Vormittag ins Krankenhaus zur\u00fcckkehren w\u00fcrden: &quot;zur\u00fcckgekehrt sein w\u00fcrden<\/span><span class=\"No-Break\"><span class=\"Translation\">&quot;;<\/span><\/span><span class=\"Translation\"><span class=\"Comment-Words\"> <\/span><\/span><span class=\"Translation\"><span class=\"Comments\">saper<\/span><\/span><span class=\"Translation\"><span class=\"No-Break\"><span class=\"Comments\">e<\/span><\/span><\/span><span class=\"No-Break\"><span class=\"Translation\">;<\/span><\/span><span class=\"Translation\"><span class=\"Comment-Words\"> mattinata<\/span><\/span><span class=\"Translation\"><span class=\"Gender _idGenCharOverride-1\">f<\/span><\/span><span class=\"Translation\"><span class=\"No-Break\"><span class=\"Comment-Words\"> <\/span><\/span><\/span><span class=\"No-Break\"><span class=\"Translation\">\u2014<\/span><\/span><span class=\"Translation\"><span class=\"Comment-Words\"> <\/span><\/span><span class=\"Translation\"><span class=\"Comments\">Vormittag<\/span><\/span><span class=\"Translation\">)<\/span><span class=\"Bold\">, Raffaella \u00d2simo preg\u00f2 la caposala d\u2019introdurla nella sala del primario <\/span><span class=\"Translation\">(bat Raffaella \u00d2simo die Oberschwester, sie in den Saal des Primararztes zu f\u00fchre<\/span><span class=\"No-Break\"><span class=\"Translation\">n;<\/span><\/span><span class=\"Translation\"><span class=\"Comment-Words\"> pregare<\/span><\/span><span class=\"Translation\"><span class=\"No-Break\"><span class=\"Comment-Words\"> <\/span><\/span><\/span><span class=\"No-Break\"><span class=\"Translation\">\u2014<\/span><\/span><span class=\"Translation\"><span class=\"Comment-Words\"> <\/span><\/span><span class=\"Translation\"><span class=\"Comments\">bitte<\/span><\/span><span class=\"Translation\"><span class=\"No-Break\"><span class=\"Comments\">n<\/span><\/span><\/span><span class=\"No-Break\"><span class=\"Translation\">;<\/span><\/span><span class=\"Translation\"><span class=\"Comment-Words\"> caposala<\/span><\/span><span class=\"Translation\"><span class=\"Gender _idGenCharOverride-1\">f<\/span><\/span><span class=\"Translation\"><span class=\"No-Break\"><span class=\"Comment-Words\"> <\/span><\/span><\/span><span class=\"No-Break\"><span class=\"Translation\">\u2014<\/span><\/span><span class=\"Translation\"><span class=\"Comment-Words\"> <\/span><\/span><span class=\"Translation\"><span class=\"Comments\">Oberschweste<\/span><\/span><span class=\"Translation\"><span class=\"No-Break\"><span class=\"Comments\">r<\/span><\/span><\/span><span class=\"No-Break\"><span class=\"Translation\">;<\/span><\/span><span class=\"Translation\"><span class=\"Comment-Words\"> primario<\/span><\/span><span class=\"Translation\"><span class=\"No-Break\"><span class=\"Comment-Words\"> <\/span><\/span><\/span><span class=\"No-Break\"><span class=\"Translation\">\u2014<\/span><\/span><span class=\"Translation\"><span class=\"Comment-Words\"> <\/span><\/span><span class=\"Translation\"><span class=\"Comments\">prim\u00e4r, f\u00fchren<\/span><\/span><span class=\"Translation\"><span class=\"No-Break\"><span class=\"Comments\">d<\/span><\/span><\/span><span class=\"No-Break\"><span class=\"Translation\">;<\/span><\/span><span class=\"Translation\"><span class=\"Comment-Words\"> <\/span><\/span><span class=\"Translation\"><span class=\"No-Break\"><span class=\"Comment-Words\">\/m<\/span><\/span><\/span><span class=\"Translation\"><span class=\"Comment-Words\">edico<\/span><\/span><span class=\"Translation\"><span class=\"No-Break\"><span class=\"Comment-Words\">\/ <\/span><\/span><\/span><span class=\"Translation\"><span class=\"Comment-Words\">primario<\/span><\/span><span class=\"Translation\"><span class=\"Gender _idGenCharOverride-1\">m<\/span><\/span><span class=\"Translation\"><span class=\"No-Break\"><span class=\"Comment-Words\"> <\/span><\/span><\/span><span class=\"No-Break\"><span class=\"Translation\">\u2014<\/span><\/span><span class=\"Translation\"><span class=\"Comment-Words\"> <\/span><\/span><span class=\"Translation\"><span class=\"Comments\">Primararzt, Chefarz<\/span><\/span><span class=\"Translation\"><span class=\"No-Break\"><span class=\"Comments\">t<\/span><\/span><\/span><span class=\"No-Break\"><span class=\"Translation\">;<\/span><\/span><span class=\"Translation\"><span class=\"Comment-Words\"> sala<\/span><\/span><span class=\"Translation\"><span class=\"Gender _idGenCharOverride-1\">f<\/span><\/span><span class=\"Translation\"><span class=\"No-Break\"><span class=\"Comment-Words\"> <\/span><\/span><\/span><span class=\"No-Break\"><span class=\"Translation\">\u2014<\/span><\/span><span class=\"Translation\"><span class=\"Comment-Words\"> <\/span><\/span><span class=\"Translation\"><span class=\"Comments\">Saal<\/span><\/span><span class=\"Translation\">)<\/span><span class=\"Bold\">, dove si tenevano le lezioni di semej\u00f2tica <\/span><span class=\"Translation\">(wo die Semiotik-Vorlesungen abgehalten wurde<\/span><span class=\"No-Break\"><span class=\"Translation\">n;<\/span><\/span><span class=\"Translation\"><span class=\"Comment-Words\"> semejotica = seniotica<\/span><\/span><span class=\"Translation\"><span class=\"Gender _idGenCharOverride-1\">f<\/span><\/span><span class=\"Translation\"><span class=\"No-Break\"><span class=\"Comment-Words\"> <\/span><\/span><\/span><span class=\"No-Break\"><span class=\"Translation\">\u2014<\/span><\/span><span class=\"Translation\"><span class=\"Comment-Words\"> <\/span><\/span><span class=\"Translation\"><span class=\"Comments\">Semiotik, Lehre von den Krankheitszeichen<\/span><\/span><span class=\"Translation\">)<\/span><span class=\"Bold\">.<\/span><\/p>\n<p class=\"Adapted\"><span class=\"Bold\">La caposala la guard\u00f2 male <\/span><span class=\"Translation\">(die Oberschwester sah sie b\u00f6se a<\/span><span class=\"No-Break\"><span class=\"Translation\">n;<\/span><\/span><span class=\"Translation\"><span class=\"Comment-Words\"> guardare<\/span><\/span><span class=\"Translation\"><span class=\"No-Break\"><span class=\"Comment-Words\"> <\/span><\/span><\/span><span class=\"No-Break\"><span class=\"Translation\">\u2014<\/span><\/span><span class=\"Translation\"><span class=\"Comment-Words\"> <\/span><\/span><span class=\"Translation\"><span class=\"Comments\">schauen, ansehen<\/span><\/span><span class=\"Translation\">)<\/span><span class=\"Bold\">.<\/span><\/p>\n<\/div>\n<audio class=\"wp-audio-shortcode\" id=\"audio-8491-1\" preload=\"none\" style=\"width: 100%;\" controls=\"controls\"><source type=\"audio\/mpeg\" src=\"https:\/\/easyoriginal1.s3.eu-central-1.amazonaws.com\/italienisch\/i6\/1.mp3?_=1\" \/><a href=\"https:\/\/easyoriginal1.s3.eu-central-1.amazonaws.com\/italienisch\/i6\/1.mp3\">https:\/\/easyoriginal1.s3.eu-central-1.amazonaws.com\/italienisch\/i6\/1.mp3<\/a><\/audio>\n<div class=\"original-container\">\n<p class=\"Original\" lang=\"en-US\">Come seppe che nella mattinata gli studenti di medicina sarebbero ritornati all\u2019ospedale, Raffaella \u00d2simo preg\u00f2 la caposala d\u2019introdurla nella sala del primario, dove si tenevano le lezioni di semej\u00f2tica.<\/p>\n<p class=\"Original\" lang=\"en-US\">La caposala la guard\u00f2 male.<\/p>\n<\/div>","protected":false},"excerpt":{"rendered":"<p>&#8222;Nel segno&#8220; ist eine Novelle des italienischen Schriftstellers und Nobelpreistr\u00e4gers Luigi Pirandello.<br \/>\nUngek\u00fcrzter Originaltext. Zweisprachiges Buch Italienisch-Deutsch.<\/p>","protected":false},"featured_media":8497,"comment_status":"open","ping_status":"closed","template":"","meta":{"_acf_changed":false,"_et_pb_use_builder":"off","_et_pb_old_content":"<div class=\"adapted-container\">\r\n<p class=\"Adapted\"><span class=\"Bold\">Dopo tant\u2019anni, di ritorno al suo triste paese in cima al colle <\/span><span class=\"Translation\">(nach so vielen Jahren, zur\u00fcckgekehrt in sein trauriges Dorf oben auf dem H\u00fcgel; <\/span><span class=\"Translation\"><span class=\"Comment-Words\">ritorno<\/span><\/span><span class=\"Translation\"><span class=\"Gender _idGenCharOverride-1\">m <\/span><\/span><span class=\"Translation\"><span class=\"Comments\">\u2014 Heimkehr; <\/span><\/span><span class=\"Translation\"><span class=\"Comment-Words\">di ritorno<\/span><\/span><span class=\"Translation\"><span class=\"Comments\"> \u2014 heimgekehrt, zur\u00fcckgekehrt; <\/span><\/span><span class=\"Translation\"><span class=\"Comment-Words\">cima<\/span><\/span><span class=\"Translation\"><span class=\"Gender _idGenCharOverride-1\">f <\/span><\/span><span class=\"Translation\"><span class=\"Comments\">\u2014 Gipfel, in cima a \u2014 oben auf; <\/span><\/span><span class=\"Translation\"><span class=\"Comment-Words\">colle<\/span><\/span><span class=\"Translation\"><span class=\"Gender _idGenCharOverride-1\">m <\/span><\/span><span class=\"Translation\"><span class=\"Comments\">\u2014 H\u00fcgel<\/span><\/span><span class=\"Translation\">)<\/span><span class=\"Bold\">, Paolo Marra cap\u00ed che la rovina del padre <\/span><span class=\"Translation\">(verstand Paolo Marra, dass das Ungl\u00fcck des Vaters; <\/span><span class=\"Translation\"><span class=\"Comment-Words\">rovina<\/span><\/span><span class=\"Translation\"><span class=\"Gender _idGenCharOverride-1\">f <\/span><\/span><span class=\"Translation\"><span class=\"Comments\">\u2014 Ruine, Verderben<\/span><\/span><span class=\"Translation\">)<\/span><span class=\"Bold\"> doveva esser cominciata proprio nel momento <\/span><span class=\"Translation\">(genau in dem Moment begonnen haben musste: \"musste sein begonnen\u201c)<\/span><span class=\"Bold\">, che s\u2019era messo a costruire la casa per s\u00e9 <\/span><span class=\"Translation\">(als er begonnen hatte, das Haus f\u00fcr sich zu bauen; <\/span><span class=\"Translation\"><span class=\"Comment-Words\">mettersi a<\/span><\/span><span class=\"Translation\"><span class=\"Comments\"> \u2014 beginnen zu<\/span><\/span><span class=\"Translation\">)<\/span><span class=\"Bold\">, dopo averne costruite tante per gli altri <\/span><span class=\"Translation\">(nachdem er so viele f\u00fcr die anderen gebaut hatte: \"nach haben davon gebaut\u201c)<\/span><span class=\"Bold\">.<\/span><\/p>\r\n\r\n<\/div>\r\n[audio mp3=\"https:\/\/easyoriginal1.s3.eu-central-1.amazonaws.com\/italienisch\/i1\/1.mp3\"][\/audio]\r\n<div class=\"original-container\">\r\n<p class=\"Original\" lang=\"en-US\">Dopo tant\u2019anni, di ritorno al suo triste paese in cima al colle, Paolo Marra cap\u00ed che la rovina del padre doveva esser cominciata proprio nel momento che s\u2019era messo a costruire la casa per s\u00e9, dopo averne costruite tante per gli altri.<\/p>\r\n\r\n<\/div>\r\n<a class=\"weiter\" href=\"\/webreader\/ritorno\/fragment\/2-2-2\/\">weiter lesen<\/a>","_et_gb_content_width":""},"product_brand":[],"product_cat":[43],"product_tag":[],"class_list":{"0":"post-8491","1":"product","2":"type-product","3":"status-publish","4":"has-post-thumbnail","6":"product_cat-italienisch-deutsch","8":"first","9":"instock","10":"taxable","11":"shipping-taxable","12":"purchasable","13":"product-type-variable"},"acf":[],"yoast_head":"<!-- This site is optimized with the Yoast SEO plugin v27.4 - https:\/\/yoast.com\/product\/yoast-seo-wordpress\/ -->\n<title>Nel segno \/ Mitten hinein - EasyOriginal.com<\/title>\n<meta name=\"robots\" content=\"index, follow, max-snippet:-1, max-image-preview:large, max-video-preview:-1\" \/>\n<link rel=\"canonical\" href=\"https:\/\/easyoriginal.com\/en\/shop\/italienisch-deutsch\/nel-segno-mitten-hinein\/\" \/>\n<meta property=\"og:locale\" content=\"en_GB\" \/>\n<meta property=\"og:type\" content=\"article\" \/>\n<meta property=\"og:title\" content=\"Nel segno \/ Mitten hinein - EasyOriginal.com\" \/>\n<meta property=\"og:description\" content=\"&quot;Nel segno&quot; ist eine Novelle des italienischen Schriftstellers und Nobelpreistr\u00e4gers Luigi Pirandello. Ungek\u00fcrzter Originaltext. Zweisprachiges Buch Italienisch-Deutsch.\" \/>\n<meta property=\"og:url\" content=\"https:\/\/easyoriginal.com\/en\/shop\/italienisch-deutsch\/nel-segno-mitten-hinein\/\" \/>\n<meta property=\"og:site_name\" content=\"EasyOriginal.com\" \/>\n<meta property=\"article:modified_time\" content=\"2024-01-03T23:26:50+00:00\" \/>\n<meta property=\"og:image\" content=\"https:\/\/easyoriginal.com\/wp-content\/uploads\/Pirandello_Nel_segno-1.jpg\" \/>\n\t<meta property=\"og:image:width\" content=\"468\" \/>\n\t<meta property=\"og:image:height\" content=\"702\" \/>\n\t<meta property=\"og:image:type\" content=\"image\/jpeg\" \/>\n<meta name=\"twitter:card\" content=\"summary_large_image\" \/>\n<meta name=\"twitter:label1\" content=\"Estimated reading time\" \/>\n\t<meta name=\"twitter:data1\" content=\"2 minutes\" \/>\n<script type=\"application\/ld+json\" class=\"yoast-schema-graph\">{\"@context\":\"https:\\\/\\\/schema.org\",\"@graph\":[{\"@type\":\"WebPage\",\"@id\":\"https:\\\/\\\/easyoriginal.com\\\/shop\\\/italienisch-deutsch\\\/nel-segno-mitten-hinein\\\/\",\"url\":\"https:\\\/\\\/easyoriginal.com\\\/shop\\\/italienisch-deutsch\\\/nel-segno-mitten-hinein\\\/\",\"name\":\"Nel segno \\\/ Mitten hinein - EasyOriginal.com\",\"isPartOf\":{\"@id\":\"https:\\\/\\\/easyoriginal.com\\\/#website\"},\"primaryImageOfPage\":{\"@id\":\"https:\\\/\\\/easyoriginal.com\\\/shop\\\/italienisch-deutsch\\\/nel-segno-mitten-hinein\\\/#primaryimage\"},\"image\":{\"@id\":\"https:\\\/\\\/easyoriginal.com\\\/shop\\\/italienisch-deutsch\\\/nel-segno-mitten-hinein\\\/#primaryimage\"},\"thumbnailUrl\":\"https:\\\/\\\/easyoriginal.com\\\/wp-content\\\/uploads\\\/Pirandello_Nel_segno-1.jpg\",\"datePublished\":\"2021-05-07T14:43:53+00:00\",\"dateModified\":\"2024-01-03T23:26:50+00:00\",\"breadcrumb\":{\"@id\":\"https:\\\/\\\/easyoriginal.com\\\/shop\\\/italienisch-deutsch\\\/nel-segno-mitten-hinein\\\/#breadcrumb\"},\"inLanguage\":\"en-GB\",\"potentialAction\":[{\"@type\":\"ReadAction\",\"target\":[\"https:\\\/\\\/easyoriginal.com\\\/shop\\\/italienisch-deutsch\\\/nel-segno-mitten-hinein\\\/\"]}]},{\"@type\":\"ImageObject\",\"inLanguage\":\"en-GB\",\"@id\":\"https:\\\/\\\/easyoriginal.com\\\/shop\\\/italienisch-deutsch\\\/nel-segno-mitten-hinein\\\/#primaryimage\",\"url\":\"https:\\\/\\\/easyoriginal.com\\\/wp-content\\\/uploads\\\/Pirandello_Nel_segno-1.jpg\",\"contentUrl\":\"https:\\\/\\\/easyoriginal.com\\\/wp-content\\\/uploads\\\/Pirandello_Nel_segno-1.jpg\",\"width\":468,\"height\":702,\"caption\":\"Zweisprachiges buch italienisch-deutsch, italienische lekt\u00fcre, italienische kurzgeschichten, luigi pirandello\"},{\"@type\":\"BreadcrumbList\",\"@id\":\"https:\\\/\\\/easyoriginal.com\\\/shop\\\/italienisch-deutsch\\\/nel-segno-mitten-hinein\\\/#breadcrumb\",\"itemListElement\":[{\"@type\":\"ListItem\",\"position\":1,\"name\":\"Startseite\",\"item\":\"https:\\\/\\\/easyoriginal.com\\\/\"},{\"@type\":\"ListItem\",\"position\":2,\"name\":\"Shop\",\"item\":\"https:\\\/\\\/easyoriginal.com\\\/shop\\\/\"},{\"@type\":\"ListItem\",\"position\":3,\"name\":\"Nel segno \\\/ Mitten hinein\"}]},{\"@type\":\"WebSite\",\"@id\":\"https:\\\/\\\/easyoriginal.com\\\/#website\",\"url\":\"https:\\\/\\\/easyoriginal.com\\\/\",\"name\":\"EasyOriginal.com\",\"description\":\"Spa\u00df am Lesen im Original - Innovative Lesemethode f\u00fcr Fremdsprachen\",\"publisher\":{\"@id\":\"https:\\\/\\\/easyoriginal.com\\\/#organization\"},\"potentialAction\":[{\"@type\":\"SearchAction\",\"target\":{\"@type\":\"EntryPoint\",\"urlTemplate\":\"https:\\\/\\\/easyoriginal.com\\\/?s={search_term_string}\"},\"query-input\":{\"@type\":\"PropertyValueSpecification\",\"valueRequired\":true,\"valueName\":\"search_term_string\"}}],\"inLanguage\":\"en-GB\"},{\"@type\":\"Organization\",\"@id\":\"https:\\\/\\\/easyoriginal.com\\\/#organization\",\"name\":\"EasyOriginal Verlag\",\"url\":\"https:\\\/\\\/easyoriginal.com\\\/\",\"logo\":{\"@type\":\"ImageObject\",\"inLanguage\":\"en-GB\",\"@id\":\"https:\\\/\\\/easyoriginal.com\\\/#\\\/schema\\\/logo\\\/image\\\/\",\"url\":\"https:\\\/\\\/easyoriginal.com\\\/wp-content\\\/uploads\\\/2020\\\/08\\\/logo_main.png\",\"contentUrl\":\"https:\\\/\\\/easyoriginal.com\\\/wp-content\\\/uploads\\\/2020\\\/08\\\/logo_main.png\",\"width\":500,\"height\":103,\"caption\":\"EasyOriginal Verlag\"},\"image\":{\"@id\":\"https:\\\/\\\/easyoriginal.com\\\/#\\\/schema\\\/logo\\\/image\\\/\"}}]}<\/script>\n<!-- \/ Yoast SEO plugin. -->","yoast_head_json":{"title":"Nel segno \/ Mitten hinein - EasyOriginal.com","robots":{"index":"index","follow":"follow","max-snippet":"max-snippet:-1","max-image-preview":"max-image-preview:large","max-video-preview":"max-video-preview:-1"},"canonical":"https:\/\/easyoriginal.com\/en\/shop\/italienisch-deutsch\/nel-segno-mitten-hinein\/","og_locale":"en_GB","og_type":"article","og_title":"Nel segno \/ Mitten hinein - EasyOriginal.com","og_description":"\"Nel segno\" ist eine Novelle des italienischen Schriftstellers und Nobelpreistr\u00e4gers Luigi Pirandello. Ungek\u00fcrzter Originaltext. Zweisprachiges Buch Italienisch-Deutsch.","og_url":"https:\/\/easyoriginal.com\/en\/shop\/italienisch-deutsch\/nel-segno-mitten-hinein\/","og_site_name":"EasyOriginal.com","article_modified_time":"2024-01-03T23:26:50+00:00","og_image":[{"width":468,"height":702,"url":"https:\/\/easyoriginal.com\/wp-content\/uploads\/Pirandello_Nel_segno-1.jpg","type":"image\/jpeg"}],"twitter_card":"summary_large_image","twitter_misc":{"Estimated reading time":"2 minutes"},"schema":{"@context":"https:\/\/schema.org","@graph":[{"@type":"WebPage","@id":"https:\/\/easyoriginal.com\/shop\/italienisch-deutsch\/nel-segno-mitten-hinein\/","url":"https:\/\/easyoriginal.com\/shop\/italienisch-deutsch\/nel-segno-mitten-hinein\/","name":"Nel segno \/ Mitten hinein - EasyOriginal.com","isPartOf":{"@id":"https:\/\/easyoriginal.com\/#website"},"primaryImageOfPage":{"@id":"https:\/\/easyoriginal.com\/shop\/italienisch-deutsch\/nel-segno-mitten-hinein\/#primaryimage"},"image":{"@id":"https:\/\/easyoriginal.com\/shop\/italienisch-deutsch\/nel-segno-mitten-hinein\/#primaryimage"},"thumbnailUrl":"https:\/\/easyoriginal.com\/wp-content\/uploads\/Pirandello_Nel_segno-1.jpg","datePublished":"2021-05-07T14:43:53+00:00","dateModified":"2024-01-03T23:26:50+00:00","breadcrumb":{"@id":"https:\/\/easyoriginal.com\/shop\/italienisch-deutsch\/nel-segno-mitten-hinein\/#breadcrumb"},"inLanguage":"en-GB","potentialAction":[{"@type":"ReadAction","target":["https:\/\/easyoriginal.com\/shop\/italienisch-deutsch\/nel-segno-mitten-hinein\/"]}]},{"@type":"ImageObject","inLanguage":"en-GB","@id":"https:\/\/easyoriginal.com\/shop\/italienisch-deutsch\/nel-segno-mitten-hinein\/#primaryimage","url":"https:\/\/easyoriginal.com\/wp-content\/uploads\/Pirandello_Nel_segno-1.jpg","contentUrl":"https:\/\/easyoriginal.com\/wp-content\/uploads\/Pirandello_Nel_segno-1.jpg","width":468,"height":702,"caption":"Zweisprachiges buch italienisch-deutsch, italienische lekt\u00fcre, italienische kurzgeschichten, luigi pirandello"},{"@type":"BreadcrumbList","@id":"https:\/\/easyoriginal.com\/shop\/italienisch-deutsch\/nel-segno-mitten-hinein\/#breadcrumb","itemListElement":[{"@type":"ListItem","position":1,"name":"Startseite","item":"https:\/\/easyoriginal.com\/"},{"@type":"ListItem","position":2,"name":"Shop","item":"https:\/\/easyoriginal.com\/shop\/"},{"@type":"ListItem","position":3,"name":"Nel segno \/ Mitten hinein"}]},{"@type":"WebSite","@id":"https:\/\/easyoriginal.com\/#website","url":"https:\/\/easyoriginal.com\/","name":"EasyOriginal.com","description":"Spa\u00df am Lesen im Original - Innovative Lesemethode f\u00fcr Fremdsprachen","publisher":{"@id":"https:\/\/easyoriginal.com\/#organization"},"potentialAction":[{"@type":"SearchAction","target":{"@type":"EntryPoint","urlTemplate":"https:\/\/easyoriginal.com\/?s={search_term_string}"},"query-input":{"@type":"PropertyValueSpecification","valueRequired":true,"valueName":"search_term_string"}}],"inLanguage":"en-GB"},{"@type":"Organization","@id":"https:\/\/easyoriginal.com\/#organization","name":"EasyOriginal Verlag","url":"https:\/\/easyoriginal.com\/","logo":{"@type":"ImageObject","inLanguage":"en-GB","@id":"https:\/\/easyoriginal.com\/#\/schema\/logo\/image\/","url":"https:\/\/easyoriginal.com\/wp-content\/uploads\/2020\/08\/logo_main.png","contentUrl":"https:\/\/easyoriginal.com\/wp-content\/uploads\/2020\/08\/logo_main.png","width":500,"height":103,"caption":"EasyOriginal Verlag"},"image":{"@id":"https:\/\/easyoriginal.com\/#\/schema\/logo\/image\/"}}]}},"_links":{"self":[{"href":"https:\/\/easyoriginal.com\/en\/wp-json\/wp\/v2\/product\/8491","targetHints":{"allow":["GET"]}}],"collection":[{"href":"https:\/\/easyoriginal.com\/en\/wp-json\/wp\/v2\/product"}],"about":[{"href":"https:\/\/easyoriginal.com\/en\/wp-json\/wp\/v2\/types\/product"}],"replies":[{"embeddable":true,"href":"https:\/\/easyoriginal.com\/en\/wp-json\/wp\/v2\/comments?post=8491"}],"wp:featuredmedia":[{"embeddable":true,"href":"https:\/\/easyoriginal.com\/en\/wp-json\/wp\/v2\/media\/8497"}],"wp:attachment":[{"href":"https:\/\/easyoriginal.com\/en\/wp-json\/wp\/v2\/media?parent=8491"}],"wp:term":[{"taxonomy":"product_brand","embeddable":true,"href":"https:\/\/easyoriginal.com\/en\/wp-json\/wp\/v2\/product_brand?post=8491"},{"taxonomy":"product_cat","embeddable":true,"href":"https:\/\/easyoriginal.com\/en\/wp-json\/wp\/v2\/product_cat?post=8491"},{"taxonomy":"product_tag","embeddable":true,"href":"https:\/\/easyoriginal.com\/en\/wp-json\/wp\/v2\/product_tag?post=8491"}],"curies":[{"name":"wp","href":"https:\/\/api.w.org\/{rel}","templated":true}]}}