{"id":8330,"date":"2021-03-03T16:56:36","date_gmt":"2021-03-03T15:56:36","guid":{"rendered":"https:\/\/easyoriginal.com\/?post_type=product&#038;p=8330"},"modified":"2024-07-03T10:04:26","modified_gmt":"2024-07-03T08:04:26","slug":"el-pandero-de-piel-de-piojo-das-lausfelltamburin","status":"publish","type":"product","link":"https:\/\/easyoriginal.com\/en\/shop\/spanisch-deutsch\/el-pandero-de-piel-de-piojo-das-lausfelltamburin\/","title":{"rendered":"El pandero de piel de piojo \/ Das Lausfelltamburin"},"content":{"rendered":"<div class=\"adapted-container\">\n<p class=\"Adapted\"><span lang=\"ar-SA\">\u00c9rase un rey que ten\u00eda una hija de quince a\u00f1os <\/span><span class=\"Translation\">(es war einmal: &quot;es war sich&quot; ein K\u00f6nig, der eine f\u00fcnfzehnj\u00e4hrige Tochter hatte: &quot;der eine Tochter von f\u00fcnfzehn Jahren hatte&quot;)<\/span><span class=\"Bold\">.<\/span><\/p>\n<p class=\"Adapted\"><span class=\"Bold\">Un d\u00eda, estaba la princesita paseando por el jard\u00edn con su doncella <\/span><span class=\"Translation\">(eines Tages ging die junge Prinzessin mit ihrer Zofe durch den Garten spaziere<\/span><span class=\"No-Break\"><span class=\"Translation\">n;<\/span><\/span><span class=\"Translation\"><span class=\"Comments\"> <\/span><\/span><span class=\"Translation\"><span class=\"Comment-Words\">estaba paseando<\/span><\/span><span class=\"Translation\"><span class=\"No-Break\"><span class=\"Comment-Words\"> <\/span><\/span><\/span><span class=\"Translation\"><span class=\"No-Break\"><span class=\"Comments\">\u2014<\/span><\/span><\/span><span class=\"Translation\"><span class=\"Comments\"> war gerade dabei spazieren zu gehe<\/span><\/span><span class=\"Translation\"><span class=\"No-Break\"><span class=\"Comments\">n;<\/span><\/span><\/span><span class=\"Translation\"><span class=\"Comments\"> <\/span><\/span><span class=\"Translation\"><span class=\"Comment-Words\">pasear<\/span><\/span><span class=\"Translation\"><span class=\"No-Break\"><span class=\"Comments\"> \u2014<\/span><\/span><\/span><span class=\"Translation\"><span class=\"Comments\"> spazieren gehen<\/span><\/span><span class=\"Translation\">)<\/span><span class=\"Bold\">, cuando vio una planta desconocida <\/span><span class=\"Translation\">(als sie eine unbekannte Pflanze sa<\/span><span class=\"No-Break\"><span class=\"Translation\">h;<\/span><\/span><span class=\"Translation\"><span class=\"Comment-Words\"> desconocido<\/span><\/span><span class=\"Translation\"><span class=\"No-Break\"><span class=\"Comment-Words\"> <\/span><\/span><\/span><span class=\"No-Break\"><span class=\"Translation\">\u2014<\/span><\/span><span class=\"Translation\"><span class=\"Comment-Words\"> <\/span><\/span><span class=\"Translation\"><span class=\"Comments\">unbekann<\/span><\/span><span class=\"Translation\"><span class=\"No-Break\"><span class=\"Comments\">t<\/span><\/span><\/span><span class=\"No-Break\"><span class=\"Translation\">;<\/span><\/span><span class=\"Translation\"><span class=\"Comment-Words\"> conocer<\/span><\/span><span class=\"Translation\"><span class=\"No-Break\"><span class=\"Comment-Words\"> <\/span><\/span><\/span><span class=\"No-Break\"><span class=\"Translation\">\u2014<\/span><\/span><span class=\"Translation\"><span class=\"Comment-Words\"> <\/span><\/span><span class=\"Translation\"><span class=\"Comments\">kennen<\/span><\/span><span class=\"Translation\">)<\/span><span class=\"Bold\">.<\/span><\/p>\n<p class=\"Adapted\"><span class=\"Bold\">Y pregunt\u00f3, curiosa <\/span><span class=\"Translation\">(und fragte, neugierig)<\/span><span class=\"Bold\">:<\/span><\/p>\n<p class=\"Adapted\"><span class=\"Bold\">\u2014 \u00bfQu\u00e9 es esto <\/span><span class=\"Translation\">(was ist das)<\/span><span class=\"Bold\">?<\/span><\/p>\n<p class=\"Adapted\"><span class=\"Bold\">\u2014 Una matita de hinojo <\/span><span class=\"Translation\">(ein kleiner Fenchelzwei<\/span><span class=\"No-Break\"><span class=\"Translation\">g;<\/span><\/span><span class=\"Translation\"><span class=\"Comment-Words\"> mata<\/span><\/span><span class=\"Translation\"><span class=\"Gender CharOverride-1\">f<\/span><\/span><span class=\"Translation\"><span class=\"No-Break\"><span class=\"Gender CharOverride-1\"> <\/span><\/span><\/span><span class=\"No-Break\"><span class=\"Translation\">\u2014<\/span><\/span><span class=\"Translation\"><span class=\"Comment-Words\"> <\/span><\/span><span class=\"Translation\"><span class=\"Comments\">St\u00e4nge<\/span><\/span><span class=\"Translation\"><span class=\"No-Break\"><span class=\"Comments\">l;<\/span><\/span><\/span><span class=\"Translation\"><span class=\"Comments\"> Strauch<\/span><\/span><span class=\"Translation\">)<\/span><span class=\"Bold\">, Alteza <\/span><span class=\"Translation\">(Hohei<\/span><span class=\"No-Break\"><span class=\"Translation\">t;<\/span><\/span><span class=\"Translation\"><span class=\"Comment-Words\"> alto<\/span><\/span><span class=\"Translation\"><span class=\"No-Break\"><span class=\"Comment-Words\"> <\/span><\/span><\/span><span class=\"No-Break\"><span class=\"Translation\">\u2014<\/span><\/span><span class=\"Translation\"><span class=\"Comment-Words\"> <\/span><\/span><span class=\"Translation\"><span class=\"Comments\">hoch<\/span><\/span><span class=\"Translation\">)<\/span><span class=\"Bold\">. <\/span><\/p>\n<p class=\"Adapted\"><span class=\"Bold\">\u2014 Cuid\u00e9mosla <\/span><span class=\"Translation\">(pflegen wir ihn: &quot;sie<\/span><span class=\"No-Break\"><span class=\"Translation\">&quot;;<\/span><\/span><span class=\"Translation\"><span class=\"Comment-Words\"> cuidar<\/span><\/span><span class=\"Translation\"><span class=\"No-Break\"><span class=\"Comment-Words\"> <\/span><\/span><\/span><span class=\"No-Break\"><span class=\"Translation\">\u2014<\/span><\/span><span class=\"Translation\"><span class=\"Comment-Words\"> <\/span><\/span><span class=\"Translation\"><span class=\"Comments\">pflegen, sich k\u00fcmmern um<\/span><\/span><span class=\"Translation\">)<\/span><span class=\"Bold\">, a ver lo que crece <\/span><span class=\"Translation\">(mal sehen, was <\/span><span class=\"No-Break\"><span class=\"Translation\">\/d<\/span><\/span><span class=\"Translation\">araus<\/span><span class=\"No-Break\"><span class=\"Translation\">\/ <\/span><\/span><span class=\"Translation\">w\u00e4chst)<\/span><span class=\"No-Break\"><span class=\"Bold\"> \u2014<\/span><\/span><span class=\"Bold\"> dijo la princesa <\/span><span class=\"Translation\">(sagte die Prinzessin)<\/span><span class=\"Bold\">.<\/span><\/p>\n<\/div>\n<audio class=\"wp-audio-shortcode\" id=\"audio-8330-1\" preload=\"none\" style=\"width: 100%;\" controls=\"controls\"><source type=\"audio\/mpeg\" src=\"https:\/\/easyoriginal1.s3.eu-central-1.amazonaws.com\/spanisch\/s6\/1.mp3?_=1\" \/><a href=\"https:\/\/easyoriginal1.s3.eu-central-1.amazonaws.com\/spanisch\/s6\/1.mp3\">https:\/\/easyoriginal1.s3.eu-central-1.amazonaws.com\/spanisch\/s6\/1.mp3<\/a><\/audio>\n<div class=\"original-container\">\n<p class=\"Original\" lang=\"en-US\"><span lang=\"ar-SA\">\u00c9rase un rey que ten\u00eda una hija de quince a\u00f1os.<\/span><\/p>\n<p class=\"Original\" lang=\"en-US\">Un d\u00eda, estaba la princesita paseando por el jard\u00edn con su doncella, cuando vio una planta desconocida.<\/p>\n<p class=\"Original\" lang=\"en-US\">Y pregunt\u00f3, curiosa:<\/p>\n<p class=\"Original\" lang=\"en-US\">\u2014 \u00bfQu\u00e9 es esto?<\/p>\n<p class=\"Original\" lang=\"en-US\">\u2014 Una matita de hinojo, Alteza. <\/p>\n<p class=\"Original\" lang=\"en-US\">\u2014 Cuid\u00e9mosla, a ver lo que crece \u2014 dijo la princesa.<\/p>\n<\/div>","protected":false},"excerpt":{"rendered":"<p>Entdecken Sie die magische und spannungsgeladene Welt von &#8222;El pandero de piel de piojo&#8220;, ein M\u00e4rchen, das mit seinen unerwarteten Wendungen und kreativen Figuren verzaubert. Folgen Sie der Geschichte einer mutigen Prinzessin und eines cleveren Hirten, die sich in einem Wettbewerb der Klugheit und des Mutes messen. In diesem Reich, in dem nichts so ist, wie es scheint, wird ein einfaches Musikinstrument, das aus dem ungew\u00f6hnlichen Material einer L\u00e4usehaut und Fenchelholz gefertigt ist, zum Zentrum eines r\u00e4tselhaften R\u00e4tsels. Nur der Hirte mit seinen au\u00dfergew\u00f6hnlichen Gef\u00e4hrten \u2013 von einem gigantischen Helfer bis zu einem raffinierten kleinen Nagetier \u2013 kann das Geheimnis l\u00fcften und sich gegen aristokratische Rivalen durchsetzen, die um die Hand der Prinzessin wetteifern. &#8222;El pandero de piel de piojo&#8220; ist nicht nur ein M\u00e4rchen \u00fcber List und Liebe, sondern auch eine Hommage an die Kraft der Unterst\u00fctzung und des Mutes. Tauchen Sie ein in ein Abenteuer, das Sie an die Grenzen Ihrer Vorstellungskraft f\u00fchren wird und dabei das Herz eines jeden M\u00e4rchenliebhabers h\u00f6her schlagen l\u00e4sst. Ideal f\u00fcr Leser, die nach einer Geschichte suchen, die traditionelle M\u00e4rchenelemente mit einem frischen und dynamischen Twist kombiniert.<br \/>\nUngek\u00fcrzter Originaltext. Zweisprachiges Buch Spanisch-Deutsch.<\/p>","protected":false},"featured_media":13505,"comment_status":"open","ping_status":"closed","template":"","meta":{"_acf_changed":false,"_et_pb_use_builder":"off","_et_pb_old_content":"<div class=\"adapted-container\">\r\n<p class=\"Adapted\"><span class=\"Bold\">Hace mucho tiempo que ten\u00eda ganas de escribir <\/span><span class=\"Translation\">(seit langer Zeit hatte ich Lust zu schreiben; <\/span><span class=\"Translation\"><span class=\"Comment-Words\">tener<\/span><\/span><span class=\"Translation\"><span class=\"Comments\"> \u2014 haben<\/span><\/span><span class=\"Translation\">)<\/span><span class=\"Bold\"> cualquier cosa con este t\u00edtulo <\/span><span class=\"Translation\">(irgendetwas mit diesem Titel)<\/span><span class=\"Bold\">.<\/span><\/p>\r\n<p class=\"Adapted\"><span class=\"Bold\">Hoy<a id=\"_idTextAnchor001\"><\/a>, que se me ha presentado ocasi\u00f3n <\/span><span class=\"Translation\">(heute, wo sich mir \/eine\/ Gelegenheit geboten hat; <\/span><span class=\"Translation\"><span class=\"Comment-Words\">presentar<\/span><\/span><span class=\"Translation\"><span class=\"Comments\"> \u2014 zeigen; vorstellen<\/span><\/span><span class=\"Translation\">)<\/span><span class=\"Bold\">, lo he puesto con letras grandes <\/span><span class=\"Translation\">(das habe ich in gro\u00dfen Buchstaben gesetzt = habe ich es in Gro\u00dfbuchstaben gesetzt; <\/span><span class=\"Translation\"><span class=\"Comment-Words\">poner<\/span><\/span><span class=\"Translation\"><span class=\"Comments\"> \u2014 setzen; stellen; legen<\/span><\/span><span class=\"Translation\">)<\/span><span class=\"Bold\"> en la primera cuartilla de papel <\/span><span class=\"Translation\">(auf das erste Blatt: \u00abauf das erste Viertelpapier\u00bb; <\/span><span class=\"Translation\"><span class=\"Comment-Words\">cuarto<\/span><\/span><span class=\"Translation\"><span class=\"Gender _idGenCharOverride-1\">m <\/span><\/span><span class=\"Translation\"><span class=\"Comments\">\u2014 Viertel<\/span><\/span><span class=\"Translation\">)<\/span><span class=\"Bold\">, y luego he dejado a capricho volar la pluma <\/span><span class=\"Translation\">(und dann habe ich nach Belieben die Feder fliegen lassen; <\/span><span class=\"Translation\"><span class=\"Comment-Words\">dejar<\/span><\/span><span class=\"Translation\"><span class=\"Comments\"> \u2014 lassen; <\/span><\/span><span class=\"Translation\"><span class=\"Comment-Words\">capricho<\/span><\/span><span class=\"Translation\"><span class=\"Gender _idGenCharOverride-1\">m <\/span><\/span><span class=\"Translation\"><span class=\"Comments\">\u2014 Laune<\/span><\/span><span class=\"Translation\">)<\/span><span class=\"Bold\">.<\/span><\/p>\r\n\r\n<\/div>\r\n[audio mp3=\"https:\/\/easyoriginal1.s3.eu-central-1.amazonaws.com\/spanisch\/s1\/1.mp3\"][\/audio]\r\n<div class=\"original-container\">\r\n<p class=\"Original\">Hace mucho tiempo que ten\u00eda ganas de escribir cualquier cosa con este t\u00edtulo.<\/p>\r\n<p class=\"Original\">Hoy, que se me ha presentado ocasi\u00f3n, lo he puesto con letras grandes en la primera cuartilla de papel, y luego he dejado a capricho volar la pluma.<\/p>\r\n\r\n<\/div>\r\n<a class=\"weiter\" href=\"\/webreader\/los-ojos-verdes\/fragment\/1-4-2\/\">weiter lesen<\/a>","_et_gb_content_width":""},"product_brand":[],"product_cat":[44],"product_tag":[164,163],"class_list":{"0":"post-8330","1":"product","2":"type-product","3":"status-publish","4":"has-post-thumbnail","6":"product_cat-spanisch-deutsch","7":"product_tag-anfaenger","8":"product_tag-maerchen","10":"first","11":"instock","12":"taxable","13":"shipping-taxable","14":"purchasable","15":"product-type-variable"},"acf":[],"yoast_head":"<!-- This site is optimized with the Yoast SEO plugin v27.4 - https:\/\/yoast.com\/product\/yoast-seo-wordpress\/ -->\n<title>El pandero de piel de piojo \/ Das Lausfelltamburin - EasyOriginal.com<\/title>\n<meta name=\"robots\" content=\"index, follow, max-snippet:-1, max-image-preview:large, max-video-preview:-1\" \/>\n<link rel=\"canonical\" href=\"https:\/\/easyoriginal.com\/en\/shop\/spanisch-deutsch\/el-pandero-de-piel-de-piojo-das-lausfelltamburin\/\" \/>\n<meta property=\"og:locale\" content=\"en_GB\" \/>\n<meta property=\"og:type\" content=\"article\" \/>\n<meta property=\"og:title\" content=\"El pandero de piel de piojo \/ Das Lausfelltamburin - EasyOriginal.com\" \/>\n<meta property=\"og:description\" content=\"Entdecken Sie die magische und spannungsgeladene Welt von &quot;El pandero de piel de piojo&quot;, ein M\u00e4rchen, das mit seinen unerwarteten Wendungen und kreativen Figuren verzaubert. Folgen Sie der Geschichte einer mutigen Prinzessin und eines cleveren Hirten, die sich in einem Wettbewerb der Klugheit und des Mutes messen. In diesem Reich, in dem nichts so ist, wie es scheint, wird ein einfaches Musikinstrument, das aus dem ungew\u00f6hnlichen Material einer L\u00e4usehaut und Fenchelholz gefertigt ist, zum Zentrum eines r\u00e4tselhaften R\u00e4tsels. Nur der Hirte mit seinen au\u00dfergew\u00f6hnlichen Gef\u00e4hrten \u2013 von einem gigantischen Helfer bis zu einem raffinierten kleinen Nagetier \u2013 kann das Geheimnis l\u00fcften und sich gegen aristokratische Rivalen durchsetzen, die um die Hand der Prinzessin wetteifern. &quot;El pandero de piel de piojo&quot; ist nicht nur ein M\u00e4rchen \u00fcber List und Liebe, sondern auch eine Hommage an die Kraft der Unterst\u00fctzung und des Mutes. Tauchen Sie ein in ein Abenteuer, das Sie an die Grenzen Ihrer Vorstellungskraft f\u00fchren wird und dabei das Herz eines jeden M\u00e4rchenliebhabers h\u00f6her schlagen l\u00e4sst. Ideal f\u00fcr Leser, die nach einer Geschichte suchen, die traditionelle M\u00e4rchenelemente mit einem frischen und dynamischen Twist kombiniert. Ungek\u00fcrzter Originaltext. Zweisprachiges Buch Spanisch-Deutsch.\" \/>\n<meta property=\"og:url\" content=\"https:\/\/easyoriginal.com\/en\/shop\/spanisch-deutsch\/el-pandero-de-piel-de-piojo-das-lausfelltamburin\/\" \/>\n<meta property=\"og:site_name\" content=\"EasyOriginal.com\" \/>\n<meta property=\"article:modified_time\" content=\"2024-07-03T08:04:26+00:00\" \/>\n<meta property=\"og:image\" content=\"https:\/\/easyoriginal.com\/wp-content\/uploads\/cuentos_El-pandero-de-piel-de-piojo_cover_2024.jpg\" \/>\n\t<meta property=\"og:image:width\" content=\"1600\" \/>\n\t<meta property=\"og:image:height\" content=\"2400\" \/>\n\t<meta property=\"og:image:type\" content=\"image\/jpeg\" \/>\n<meta name=\"twitter:card\" content=\"summary_large_image\" \/>\n<meta name=\"twitter:label1\" content=\"Estimated reading time\" \/>\n\t<meta name=\"twitter:data1\" content=\"2 minutes\" \/>\n<script type=\"application\/ld+json\" class=\"yoast-schema-graph\">{\"@context\":\"https:\\\/\\\/schema.org\",\"@graph\":[{\"@type\":\"WebPage\",\"@id\":\"https:\\\/\\\/easyoriginal.com\\\/shop\\\/spanisch-deutsch\\\/el-pandero-de-piel-de-piojo-das-lausfelltamburin\\\/\",\"url\":\"https:\\\/\\\/easyoriginal.com\\\/shop\\\/spanisch-deutsch\\\/el-pandero-de-piel-de-piojo-das-lausfelltamburin\\\/\",\"name\":\"El pandero de piel de piojo \\\/ Das Lausfelltamburin - EasyOriginal.com\",\"isPartOf\":{\"@id\":\"https:\\\/\\\/easyoriginal.com\\\/#website\"},\"primaryImageOfPage\":{\"@id\":\"https:\\\/\\\/easyoriginal.com\\\/shop\\\/spanisch-deutsch\\\/el-pandero-de-piel-de-piojo-das-lausfelltamburin\\\/#primaryimage\"},\"image\":{\"@id\":\"https:\\\/\\\/easyoriginal.com\\\/shop\\\/spanisch-deutsch\\\/el-pandero-de-piel-de-piojo-das-lausfelltamburin\\\/#primaryimage\"},\"thumbnailUrl\":\"https:\\\/\\\/easyoriginal.com\\\/wp-content\\\/uploads\\\/cuentos_El-pandero-de-piel-de-piojo_cover_2024.jpg\",\"datePublished\":\"2021-03-03T15:56:36+00:00\",\"dateModified\":\"2024-07-03T08:04:26+00:00\",\"breadcrumb\":{\"@id\":\"https:\\\/\\\/easyoriginal.com\\\/shop\\\/spanisch-deutsch\\\/el-pandero-de-piel-de-piojo-das-lausfelltamburin\\\/#breadcrumb\"},\"inLanguage\":\"en-GB\",\"potentialAction\":[{\"@type\":\"ReadAction\",\"target\":[\"https:\\\/\\\/easyoriginal.com\\\/shop\\\/spanisch-deutsch\\\/el-pandero-de-piel-de-piojo-das-lausfelltamburin\\\/\"]}]},{\"@type\":\"ImageObject\",\"inLanguage\":\"en-GB\",\"@id\":\"https:\\\/\\\/easyoriginal.com\\\/shop\\\/spanisch-deutsch\\\/el-pandero-de-piel-de-piojo-das-lausfelltamburin\\\/#primaryimage\",\"url\":\"https:\\\/\\\/easyoriginal.com\\\/wp-content\\\/uploads\\\/cuentos_El-pandero-de-piel-de-piojo_cover_2024.jpg\",\"contentUrl\":\"https:\\\/\\\/easyoriginal.com\\\/wp-content\\\/uploads\\\/cuentos_El-pandero-de-piel-de-piojo_cover_2024.jpg\",\"width\":1600,\"height\":2400},{\"@type\":\"BreadcrumbList\",\"@id\":\"https:\\\/\\\/easyoriginal.com\\\/shop\\\/spanisch-deutsch\\\/el-pandero-de-piel-de-piojo-das-lausfelltamburin\\\/#breadcrumb\",\"itemListElement\":[{\"@type\":\"ListItem\",\"position\":1,\"name\":\"Startseite\",\"item\":\"https:\\\/\\\/easyoriginal.com\\\/\"},{\"@type\":\"ListItem\",\"position\":2,\"name\":\"Shop\",\"item\":\"https:\\\/\\\/easyoriginal.com\\\/shop\\\/\"},{\"@type\":\"ListItem\",\"position\":3,\"name\":\"El pandero de piel de piojo \\\/ Das Lausfelltamburin\"}]},{\"@type\":\"WebSite\",\"@id\":\"https:\\\/\\\/easyoriginal.com\\\/#website\",\"url\":\"https:\\\/\\\/easyoriginal.com\\\/\",\"name\":\"EasyOriginal.com\",\"description\":\"Spa\u00df am Lesen im Original - Innovative Lesemethode f\u00fcr Fremdsprachen\",\"publisher\":{\"@id\":\"https:\\\/\\\/easyoriginal.com\\\/#organization\"},\"potentialAction\":[{\"@type\":\"SearchAction\",\"target\":{\"@type\":\"EntryPoint\",\"urlTemplate\":\"https:\\\/\\\/easyoriginal.com\\\/?s={search_term_string}\"},\"query-input\":{\"@type\":\"PropertyValueSpecification\",\"valueRequired\":true,\"valueName\":\"search_term_string\"}}],\"inLanguage\":\"en-GB\"},{\"@type\":\"Organization\",\"@id\":\"https:\\\/\\\/easyoriginal.com\\\/#organization\",\"name\":\"EasyOriginal Verlag\",\"url\":\"https:\\\/\\\/easyoriginal.com\\\/\",\"logo\":{\"@type\":\"ImageObject\",\"inLanguage\":\"en-GB\",\"@id\":\"https:\\\/\\\/easyoriginal.com\\\/#\\\/schema\\\/logo\\\/image\\\/\",\"url\":\"https:\\\/\\\/easyoriginal.com\\\/wp-content\\\/uploads\\\/2020\\\/08\\\/logo_main.png\",\"contentUrl\":\"https:\\\/\\\/easyoriginal.com\\\/wp-content\\\/uploads\\\/2020\\\/08\\\/logo_main.png\",\"width\":500,\"height\":103,\"caption\":\"EasyOriginal Verlag\"},\"image\":{\"@id\":\"https:\\\/\\\/easyoriginal.com\\\/#\\\/schema\\\/logo\\\/image\\\/\"}}]}<\/script>\n<!-- \/ Yoast SEO plugin. -->","yoast_head_json":{"title":"El pandero de piel de piojo \/ Das Lausfelltamburin - EasyOriginal.com","robots":{"index":"index","follow":"follow","max-snippet":"max-snippet:-1","max-image-preview":"max-image-preview:large","max-video-preview":"max-video-preview:-1"},"canonical":"https:\/\/easyoriginal.com\/en\/shop\/spanisch-deutsch\/el-pandero-de-piel-de-piojo-das-lausfelltamburin\/","og_locale":"en_GB","og_type":"article","og_title":"El pandero de piel de piojo \/ Das Lausfelltamburin - EasyOriginal.com","og_description":"Entdecken Sie die magische und spannungsgeladene Welt von \"El pandero de piel de piojo\", ein M\u00e4rchen, das mit seinen unerwarteten Wendungen und kreativen Figuren verzaubert. Folgen Sie der Geschichte einer mutigen Prinzessin und eines cleveren Hirten, die sich in einem Wettbewerb der Klugheit und des Mutes messen. In diesem Reich, in dem nichts so ist, wie es scheint, wird ein einfaches Musikinstrument, das aus dem ungew\u00f6hnlichen Material einer L\u00e4usehaut und Fenchelholz gefertigt ist, zum Zentrum eines r\u00e4tselhaften R\u00e4tsels. Nur der Hirte mit seinen au\u00dfergew\u00f6hnlichen Gef\u00e4hrten \u2013 von einem gigantischen Helfer bis zu einem raffinierten kleinen Nagetier \u2013 kann das Geheimnis l\u00fcften und sich gegen aristokratische Rivalen durchsetzen, die um die Hand der Prinzessin wetteifern. \"El pandero de piel de piojo\" ist nicht nur ein M\u00e4rchen \u00fcber List und Liebe, sondern auch eine Hommage an die Kraft der Unterst\u00fctzung und des Mutes. Tauchen Sie ein in ein Abenteuer, das Sie an die Grenzen Ihrer Vorstellungskraft f\u00fchren wird und dabei das Herz eines jeden M\u00e4rchenliebhabers h\u00f6her schlagen l\u00e4sst. Ideal f\u00fcr Leser, die nach einer Geschichte suchen, die traditionelle M\u00e4rchenelemente mit einem frischen und dynamischen Twist kombiniert. Ungek\u00fcrzter Originaltext. Zweisprachiges Buch Spanisch-Deutsch.","og_url":"https:\/\/easyoriginal.com\/en\/shop\/spanisch-deutsch\/el-pandero-de-piel-de-piojo-das-lausfelltamburin\/","og_site_name":"EasyOriginal.com","article_modified_time":"2024-07-03T08:04:26+00:00","og_image":[{"width":1600,"height":2400,"url":"https:\/\/easyoriginal.com\/wp-content\/uploads\/cuentos_El-pandero-de-piel-de-piojo_cover_2024.jpg","type":"image\/jpeg"}],"twitter_card":"summary_large_image","twitter_misc":{"Estimated reading time":"2 minutes"},"schema":{"@context":"https:\/\/schema.org","@graph":[{"@type":"WebPage","@id":"https:\/\/easyoriginal.com\/shop\/spanisch-deutsch\/el-pandero-de-piel-de-piojo-das-lausfelltamburin\/","url":"https:\/\/easyoriginal.com\/shop\/spanisch-deutsch\/el-pandero-de-piel-de-piojo-das-lausfelltamburin\/","name":"El pandero de piel de piojo \/ Das Lausfelltamburin - EasyOriginal.com","isPartOf":{"@id":"https:\/\/easyoriginal.com\/#website"},"primaryImageOfPage":{"@id":"https:\/\/easyoriginal.com\/shop\/spanisch-deutsch\/el-pandero-de-piel-de-piojo-das-lausfelltamburin\/#primaryimage"},"image":{"@id":"https:\/\/easyoriginal.com\/shop\/spanisch-deutsch\/el-pandero-de-piel-de-piojo-das-lausfelltamburin\/#primaryimage"},"thumbnailUrl":"https:\/\/easyoriginal.com\/wp-content\/uploads\/cuentos_El-pandero-de-piel-de-piojo_cover_2024.jpg","datePublished":"2021-03-03T15:56:36+00:00","dateModified":"2024-07-03T08:04:26+00:00","breadcrumb":{"@id":"https:\/\/easyoriginal.com\/shop\/spanisch-deutsch\/el-pandero-de-piel-de-piojo-das-lausfelltamburin\/#breadcrumb"},"inLanguage":"en-GB","potentialAction":[{"@type":"ReadAction","target":["https:\/\/easyoriginal.com\/shop\/spanisch-deutsch\/el-pandero-de-piel-de-piojo-das-lausfelltamburin\/"]}]},{"@type":"ImageObject","inLanguage":"en-GB","@id":"https:\/\/easyoriginal.com\/shop\/spanisch-deutsch\/el-pandero-de-piel-de-piojo-das-lausfelltamburin\/#primaryimage","url":"https:\/\/easyoriginal.com\/wp-content\/uploads\/cuentos_El-pandero-de-piel-de-piojo_cover_2024.jpg","contentUrl":"https:\/\/easyoriginal.com\/wp-content\/uploads\/cuentos_El-pandero-de-piel-de-piojo_cover_2024.jpg","width":1600,"height":2400},{"@type":"BreadcrumbList","@id":"https:\/\/easyoriginal.com\/shop\/spanisch-deutsch\/el-pandero-de-piel-de-piojo-das-lausfelltamburin\/#breadcrumb","itemListElement":[{"@type":"ListItem","position":1,"name":"Startseite","item":"https:\/\/easyoriginal.com\/"},{"@type":"ListItem","position":2,"name":"Shop","item":"https:\/\/easyoriginal.com\/shop\/"},{"@type":"ListItem","position":3,"name":"El pandero de piel de piojo \/ Das Lausfelltamburin"}]},{"@type":"WebSite","@id":"https:\/\/easyoriginal.com\/#website","url":"https:\/\/easyoriginal.com\/","name":"EasyOriginal.com","description":"Spa\u00df am Lesen im Original - Innovative Lesemethode f\u00fcr Fremdsprachen","publisher":{"@id":"https:\/\/easyoriginal.com\/#organization"},"potentialAction":[{"@type":"SearchAction","target":{"@type":"EntryPoint","urlTemplate":"https:\/\/easyoriginal.com\/?s={search_term_string}"},"query-input":{"@type":"PropertyValueSpecification","valueRequired":true,"valueName":"search_term_string"}}],"inLanguage":"en-GB"},{"@type":"Organization","@id":"https:\/\/easyoriginal.com\/#organization","name":"EasyOriginal Verlag","url":"https:\/\/easyoriginal.com\/","logo":{"@type":"ImageObject","inLanguage":"en-GB","@id":"https:\/\/easyoriginal.com\/#\/schema\/logo\/image\/","url":"https:\/\/easyoriginal.com\/wp-content\/uploads\/2020\/08\/logo_main.png","contentUrl":"https:\/\/easyoriginal.com\/wp-content\/uploads\/2020\/08\/logo_main.png","width":500,"height":103,"caption":"EasyOriginal Verlag"},"image":{"@id":"https:\/\/easyoriginal.com\/#\/schema\/logo\/image\/"}}]}},"_links":{"self":[{"href":"https:\/\/easyoriginal.com\/en\/wp-json\/wp\/v2\/product\/8330","targetHints":{"allow":["GET"]}}],"collection":[{"href":"https:\/\/easyoriginal.com\/en\/wp-json\/wp\/v2\/product"}],"about":[{"href":"https:\/\/easyoriginal.com\/en\/wp-json\/wp\/v2\/types\/product"}],"replies":[{"embeddable":true,"href":"https:\/\/easyoriginal.com\/en\/wp-json\/wp\/v2\/comments?post=8330"}],"wp:featuredmedia":[{"embeddable":true,"href":"https:\/\/easyoriginal.com\/en\/wp-json\/wp\/v2\/media\/13505"}],"wp:attachment":[{"href":"https:\/\/easyoriginal.com\/en\/wp-json\/wp\/v2\/media?parent=8330"}],"wp:term":[{"taxonomy":"product_brand","embeddable":true,"href":"https:\/\/easyoriginal.com\/en\/wp-json\/wp\/v2\/product_brand?post=8330"},{"taxonomy":"product_cat","embeddable":true,"href":"https:\/\/easyoriginal.com\/en\/wp-json\/wp\/v2\/product_cat?post=8330"},{"taxonomy":"product_tag","embeddable":true,"href":"https:\/\/easyoriginal.com\/en\/wp-json\/wp\/v2\/product_tag?post=8330"}],"curies":[{"name":"wp","href":"https:\/\/api.w.org\/{rel}","templated":true}]}}