{"id":8320,"date":"2021-03-03T16:25:14","date_gmt":"2021-03-03T15:25:14","guid":{"rendered":"https:\/\/easyoriginal.com\/?post_type=product&#038;p=8320"},"modified":"2024-01-04T00:19:07","modified_gmt":"2024-01-03T23:19:07","slug":"arsene-lupin-3-levasion-darsene-lupin-die-flucht-von-arsene-lupin","status":"publish","type":"product","link":"https:\/\/easyoriginal.com\/en\/shop\/franzoesisch-deutsch\/arsene-lupin-3-levasion-darsene-lupin-die-flucht-von-arsene-lupin\/","title":{"rendered":"L&#8217;\u00c9vasion d&#8217;Ars\u00e8ne Lupin \/ Die Flucht von Ars\u00e8ne Lupin"},"content":{"rendered":"<div class=\"adapted-container\">\n<p class=\"Adapted\"><span class=\"Bold\">Au moment o\u00f9 <\/span><span class=\"Translation\">(gerade als)<\/span><span class=\"Bold\"> Ars\u00e8ne Lupin, son repas achev\u00e9 <\/span><span class=\"Translation\">(zu Ende gegessen hatte: &#8222;seine Mahlzeit beendet&#8220;)<\/span><span class=\"Bold\">, tirait de sa poche <\/span><span class=\"Translation\">(zog er aus seiner Tasche)<\/span><span class=\"Bold\"> un beau cigare bagu\u00e9 d\u2018or <\/span><span class=\"Translation\">(eine sch\u00f6ne Zigarre mit goldenem Rin<\/span><span class=\"No-Break\"><span class=\"Translation\">g;<\/span><\/span><span class=\"Translation\"><span class=\"Comment-Words\"> bague<\/span><\/span><span class=\"Translation\"><span class=\"Gender _idGenCharOverride-1\">f<\/span><\/span> <span class=\"No-Break\"><span class=\"Translation\">\u2014<\/span><\/span> <span class=\"Translation\"><span class=\"Comments\">Rin<\/span><\/span><span class=\"Translation\"><span class=\"No-Break\"><span class=\"Comments\">g<\/span><\/span><\/span><span class=\"No-Break\"><span class=\"Translation\">;<\/span><\/span><span class=\"Translation\"><span class=\"Comment-Words\"> bagu\u00e9<\/span><\/span> <span class=\"No-Break\"><span class=\"Translation\">\u2014<\/span><\/span> <span class=\"Translation\"><span class=\"Comments\">versehen mit einem Rin<\/span><\/span><span class=\"Translation\"><span class=\"No-Break\"><span class=\"Comments\">g<\/span><\/span><\/span><span class=\"No-Break\"><span class=\"Translation\">;<\/span><\/span><span class=\"Translation\"><span class=\"Comment-Words\"> or<\/span><\/span><span class=\"Translation\"><span class=\"Gender _idGenCharOverride-1\">m<\/span><\/span> <span class=\"No-Break\"><span class=\"Translation\">\u2014<\/span><\/span> <span class=\"Translation\"><span class=\"Comments\">Gol<\/span><\/span><span class=\"Translation\"><span class=\"No-Break\"><span class=\"Comments\">d<\/span><\/span><\/span><span class=\"No-Break\"><span class=\"Translation\">;<\/span><\/span><span class=\"Translation\"><span class=\"Comment-Words\"> d\u2018or<\/span><\/span> <span class=\"No-Break\"><span class=\"Translation\">\u2014<\/span><\/span> <span class=\"Translation\"><span class=\"Comments\">golden<\/span><\/span><span class=\"Translation\">)<\/span> <span class=\"Bold\">et l\u2018examinait avec complaisance <\/span><span class=\"Translation\">(und betrachtete diese mit Selbstgef\u00e4lligkei<\/span><span class=\"No-Break\"><span class=\"Translation\">t;<\/span><\/span><span class=\"Translation\"><span class=\"Comment-Words\"> complaisance<\/span><\/span><span class=\"Translation\"><span class=\"Gender _idGenCharOverride-1\">f<\/span><\/span> <span class=\"No-Break\"><span class=\"Translation\">\u2014<\/span><\/span> <span class=\"Translation\"><span class=\"Comments\">Gef\u00e4lligkeit, Selbstgef\u00e4lligkei<\/span><\/span><span class=\"Translation\"><span class=\"No-Break\"><span class=\"Comments\">t<\/span><\/span><\/span><span class=\"No-Break\"><span class=\"Translation\">;<\/span><\/span><span class=\"Translation\"><span class=\"Comment-Words\"> se complaire <\/span><\/span><span class=\"Translation\"><span class=\"No-Break\"><span class=\"Comment-Words\">\/\u00e0<\/span><\/span><\/span><span class=\"Translation\"><span class=\"Comment-Words\">, dans, en<\/span><\/span><span class=\"Translation\"><span class=\"No-Break\"><span class=\"Comment-Words\">\/<\/span><\/span><\/span> <span class=\"No-Break\"><span class=\"Translation\">\u2014<\/span><\/span> <span class=\"Translation\"><span class=\"Comments\">Gefallen an etw. finden, sich mit etw. zufriedengeben<\/span><\/span><span class=\"Translation\">)<\/span><span class=\"Bold\">, la porte de la cellule s\u2018ouvrit <\/span><span class=\"Translation\">(als sich die T\u00fcr der Zelle \u00f6ffnet<\/span><span class=\"No-Break\"><span class=\"Translation\">e;<\/span><\/span><span class=\"Translation\"><span class=\"Comments\"> s\u2018ouvrir<\/span><\/span><span class=\"Translation\">)<\/span><span class=\"Bold\">. Il n\u2018eut que le temps <\/span><span class=\"Translation\">(er schaffte es noch rechtzeitig: &#8222;er hatte nur Zeit&#8220;)<\/span><span class=\"Bold\"> de le jeter dans le tiroir <\/span><span class=\"Translation\">(diese in eine Schublade zu werfen)<\/span><span class=\"Bold\"> et de s\u2018\u00e9loigner de la table <\/span><span class=\"Translation\">(und sich vom Tisch zu entfernen)<\/span><span class=\"Bold\">. Le gardien entra <\/span><span class=\"Translation\">(der Gef\u00e4ngnisw\u00e4rter kam herein)<\/span><span class=\"Bold\">, c\u2018\u00e9tait l\u2018heure de la promenade <\/span><span class=\"Translation\">(es war Zeit f\u00fcr den Spaziergang)<\/span><span class=\"Bold\">.<\/span><\/p>\n<\/div>\n<audio class=\"wp-audio-shortcode\" id=\"audio-8320-1\" preload=\"none\" style=\"width: 100%;\" controls=\"controls\"><source type=\"audio\/mpeg\" src=\"https:\/\/easyoriginal1.s3.eu-central-1.amazonaws.com\/franzoesisch\/f5\/1.mp3?_=1\" \/><a href=\"https:\/\/easyoriginal1.s3.eu-central-1.amazonaws.com\/franzoesisch\/f5\/1.mp3\">https:\/\/easyoriginal1.s3.eu-central-1.amazonaws.com\/franzoesisch\/f5\/1.mp3<\/a><\/audio>\n<div class=\"original-container\">\n<p class=\"Original\" lang=\"fr-FR\">Au moment o\u00f9 Ars\u00e8ne Lupin, son repas achev\u00e9, tirait de sa poche un beau cigare bagu\u00e9 d\u2019or et l\u2019examinait avec complaisance, la porte de la cellule s\u2019ouvrit. Il n\u2019eut que le temps de le jeter dans le tiroir et de s\u2019\u00e9loigner de la table. Le gardien entra, c\u2019\u00e9tait l\u2019heure de la promenade.<\/p>\n<\/div>","protected":false},"excerpt":{"rendered":"<p>Ars\u00e8ne Lupin ist eine Romanfigur des franz\u00f6sischen Autors Maurice Leblanc. \u201cArs\u00e8ne Lupin, gentleman-cambrioleur\u201d (Ars\u00e8ne Lupin \u2013 Der Gentleman-Gauner) ist ein Sammelband mit 9 Geschichten. Dritte Geschichte &#8211; &#8222;L&#8217;\u00c9vasion d\u2019Ars\u00e8ne Lupin&#8220; (&#8222;Die Flucht von Ars\u00e8ne Lupin&#8220;).<br \/>\nUngek\u00fcrzter Originaltext. Zweisprachiges Buch Franz\u00f6sisch-Deutsch. Lesemethode von Ilya Frank.<\/p>","protected":false},"featured_media":8512,"comment_status":"open","ping_status":"closed","template":"","meta":{"_acf_changed":false,"_et_pb_use_builder":"off","_et_pb_old_content":"<div class=\"adapted-container\">\r\n<p class=\"Adapted\"><span class=\"Bold\">Hace mucho tiempo que ten\u00eda ganas de escribir <\/span><span class=\"Translation\">(seit langer Zeit hatte ich Lust zu schreiben; <\/span><span class=\"Translation\"><span class=\"Comment-Words\">tener<\/span><\/span><span class=\"Translation\"><span class=\"Comments\"> \u2014 haben<\/span><\/span><span class=\"Translation\">)<\/span><span class=\"Bold\"> cualquier cosa con este t\u00edtulo <\/span><span class=\"Translation\">(irgendetwas mit diesem Titel)<\/span><span class=\"Bold\">.<\/span><\/p>\r\n<p class=\"Adapted\"><span class=\"Bold\">Hoy<a id=\"_idTextAnchor001\"><\/a>, que se me ha presentado ocasi\u00f3n <\/span><span class=\"Translation\">(heute, wo sich mir \/eine\/ Gelegenheit geboten hat; <\/span><span class=\"Translation\"><span class=\"Comment-Words\">presentar<\/span><\/span><span class=\"Translation\"><span class=\"Comments\"> \u2014 zeigen; vorstellen<\/span><\/span><span class=\"Translation\">)<\/span><span class=\"Bold\">, lo he puesto con letras grandes <\/span><span class=\"Translation\">(das habe ich in gro\u00dfen Buchstaben gesetzt = habe ich es in Gro\u00dfbuchstaben gesetzt; <\/span><span class=\"Translation\"><span class=\"Comment-Words\">poner<\/span><\/span><span class=\"Translation\"><span class=\"Comments\"> \u2014 setzen; stellen; legen<\/span><\/span><span class=\"Translation\">)<\/span><span class=\"Bold\"> en la primera cuartilla de papel <\/span><span class=\"Translation\">(auf das erste Blatt: \u00abauf das erste Viertelpapier\u00bb; <\/span><span class=\"Translation\"><span class=\"Comment-Words\">cuarto<\/span><\/span><span class=\"Translation\"><span class=\"Gender _idGenCharOverride-1\">m <\/span><\/span><span class=\"Translation\"><span class=\"Comments\">\u2014 Viertel<\/span><\/span><span class=\"Translation\">)<\/span><span class=\"Bold\">, y luego he dejado a capricho volar la pluma <\/span><span class=\"Translation\">(und dann habe ich nach Belieben die Feder fliegen lassen; <\/span><span class=\"Translation\"><span class=\"Comment-Words\">dejar<\/span><\/span><span class=\"Translation\"><span class=\"Comments\"> \u2014 lassen; <\/span><\/span><span class=\"Translation\"><span class=\"Comment-Words\">capricho<\/span><\/span><span class=\"Translation\"><span class=\"Gender _idGenCharOverride-1\">m <\/span><\/span><span class=\"Translation\"><span class=\"Comments\">\u2014 Laune<\/span><\/span><span class=\"Translation\">)<\/span><span class=\"Bold\">.<\/span><\/p>\r\n\r\n<\/div>\r\n[audio mp3=\"https:\/\/easyoriginal1.s3.eu-central-1.amazonaws.com\/spanisch\/s1\/1.mp3\"][\/audio]\r\n<div class=\"original-container\">\r\n<p class=\"Original\">Hace mucho tiempo que ten\u00eda ganas de escribir cualquier cosa con este t\u00edtulo.<\/p>\r\n<p class=\"Original\">Hoy, que se me ha presentado ocasi\u00f3n, lo he puesto con letras grandes en la primera cuartilla de papel, y luego he dejado a capricho volar la pluma.<\/p>\r\n\r\n<\/div>\r\n<a class=\"weiter\" href=\"\/webreader\/los-ojos-verdes\/fragment\/1-4-2\/\">weiter lesen<\/a>","_et_gb_content_width":""},"product_brand":[],"product_cat":[45],"product_tag":[165,81],"class_list":{"0":"post-8320","1":"product","2":"type-product","3":"status-publish","4":"has-post-thumbnail","6":"product_cat-franzoesisch-deutsch","7":"product_tag-arsene-lupin","8":"product_tag-krimi","10":"first","11":"instock","12":"taxable","13":"shipping-taxable","14":"purchasable","15":"product-type-variable"},"acf":[],"yoast_head":"<!-- This site is optimized with the Yoast SEO plugin v27.4 - https:\/\/yoast.com\/product\/yoast-seo-wordpress\/ -->\n<title>L&#039;\u00c9vasion d&#039;Ars\u00e8ne Lupin \/ Die Flucht von Ars\u00e8ne Lupin - EasyOriginal.com<\/title>\n<meta name=\"robots\" content=\"index, follow, max-snippet:-1, max-image-preview:large, max-video-preview:-1\" \/>\n<link rel=\"canonical\" href=\"https:\/\/easyoriginal.com\/en\/shop\/franzoesisch-deutsch\/arsene-lupin-3-levasion-darsene-lupin-die-flucht-von-arsene-lupin\/\" \/>\n<meta property=\"og:locale\" content=\"en_GB\" \/>\n<meta property=\"og:type\" content=\"article\" \/>\n<meta property=\"og:title\" content=\"L&#039;\u00c9vasion d&#039;Ars\u00e8ne Lupin \/ Die Flucht von Ars\u00e8ne Lupin - EasyOriginal.com\" \/>\n<meta property=\"og:description\" content=\"Ars\u00e8ne Lupin ist eine Romanfigur des franz\u00f6sischen Autors Maurice Leblanc. \u201cArs\u00e8ne Lupin, gentleman-cambrioleur\u201d (Ars\u00e8ne Lupin \u2013 Der Gentleman-Gauner) ist ein Sammelband mit 9 Geschichten. Dritte Geschichte - &quot;L&#039;\u00c9vasion d\u2019Ars\u00e8ne Lupin&quot; (&quot;Die Flucht von Ars\u00e8ne Lupin&quot;). Ungek\u00fcrzter Originaltext. Zweisprachiges Buch Franz\u00f6sisch-Deutsch. Lesemethode von Ilya Frank.\" \/>\n<meta property=\"og:url\" content=\"https:\/\/easyoriginal.com\/en\/shop\/franzoesisch-deutsch\/arsene-lupin-3-levasion-darsene-lupin-die-flucht-von-arsene-lupin\/\" \/>\n<meta property=\"og:site_name\" content=\"EasyOriginal.com\" \/>\n<meta property=\"article:modified_time\" content=\"2024-01-03T23:19:07+00:00\" \/>\n<meta property=\"og:image\" content=\"https:\/\/easyoriginal.com\/wp-content\/uploads\/leblanc_Levasion-dArsene-Lupin_cover-2.jpg\" \/>\n\t<meta property=\"og:image:width\" content=\"468\" \/>\n\t<meta property=\"og:image:height\" content=\"702\" \/>\n\t<meta property=\"og:image:type\" content=\"image\/jpeg\" \/>\n<meta name=\"twitter:card\" content=\"summary_large_image\" \/>\n<meta name=\"twitter:label1\" content=\"Estimated reading time\" \/>\n\t<meta name=\"twitter:data1\" content=\"2 minutes\" \/>\n<script type=\"application\/ld+json\" class=\"yoast-schema-graph\">{\"@context\":\"https:\\\/\\\/schema.org\",\"@graph\":[{\"@type\":\"WebPage\",\"@id\":\"https:\\\/\\\/easyoriginal.com\\\/shop\\\/franzoesisch-deutsch\\\/arsene-lupin-3-levasion-darsene-lupin-die-flucht-von-arsene-lupin\\\/\",\"url\":\"https:\\\/\\\/easyoriginal.com\\\/shop\\\/franzoesisch-deutsch\\\/arsene-lupin-3-levasion-darsene-lupin-die-flucht-von-arsene-lupin\\\/\",\"name\":\"L'\u00c9vasion d'Ars\u00e8ne Lupin \\\/ Die Flucht von Ars\u00e8ne Lupin - EasyOriginal.com\",\"isPartOf\":{\"@id\":\"https:\\\/\\\/easyoriginal.com\\\/#website\"},\"primaryImageOfPage\":{\"@id\":\"https:\\\/\\\/easyoriginal.com\\\/shop\\\/franzoesisch-deutsch\\\/arsene-lupin-3-levasion-darsene-lupin-die-flucht-von-arsene-lupin\\\/#primaryimage\"},\"image\":{\"@id\":\"https:\\\/\\\/easyoriginal.com\\\/shop\\\/franzoesisch-deutsch\\\/arsene-lupin-3-levasion-darsene-lupin-die-flucht-von-arsene-lupin\\\/#primaryimage\"},\"thumbnailUrl\":\"https:\\\/\\\/easyoriginal.com\\\/wp-content\\\/uploads\\\/leblanc_Levasion-dArsene-Lupin_cover-2.jpg\",\"datePublished\":\"2021-03-03T15:25:14+00:00\",\"dateModified\":\"2024-01-03T23:19:07+00:00\",\"breadcrumb\":{\"@id\":\"https:\\\/\\\/easyoriginal.com\\\/shop\\\/franzoesisch-deutsch\\\/arsene-lupin-3-levasion-darsene-lupin-die-flucht-von-arsene-lupin\\\/#breadcrumb\"},\"inLanguage\":\"en-GB\",\"potentialAction\":[{\"@type\":\"ReadAction\",\"target\":[\"https:\\\/\\\/easyoriginal.com\\\/shop\\\/franzoesisch-deutsch\\\/arsene-lupin-3-levasion-darsene-lupin-die-flucht-von-arsene-lupin\\\/\"]}]},{\"@type\":\"ImageObject\",\"inLanguage\":\"en-GB\",\"@id\":\"https:\\\/\\\/easyoriginal.com\\\/shop\\\/franzoesisch-deutsch\\\/arsene-lupin-3-levasion-darsene-lupin-die-flucht-von-arsene-lupin\\\/#primaryimage\",\"url\":\"https:\\\/\\\/easyoriginal.com\\\/wp-content\\\/uploads\\\/leblanc_Levasion-dArsene-Lupin_cover-2.jpg\",\"contentUrl\":\"https:\\\/\\\/easyoriginal.com\\\/wp-content\\\/uploads\\\/leblanc_Levasion-dArsene-Lupin_cover-2.jpg\",\"width\":468,\"height\":702,\"caption\":\"Zweisprachiges buch franz\u00f6sisch-deutsch, arsene lupin, franz\u00f6sische krimi, franz\u00f6sische kurzgeschichten maurice leblanc\"},{\"@type\":\"BreadcrumbList\",\"@id\":\"https:\\\/\\\/easyoriginal.com\\\/shop\\\/franzoesisch-deutsch\\\/arsene-lupin-3-levasion-darsene-lupin-die-flucht-von-arsene-lupin\\\/#breadcrumb\",\"itemListElement\":[{\"@type\":\"ListItem\",\"position\":1,\"name\":\"Startseite\",\"item\":\"https:\\\/\\\/easyoriginal.com\\\/\"},{\"@type\":\"ListItem\",\"position\":2,\"name\":\"Shop\",\"item\":\"https:\\\/\\\/easyoriginal.com\\\/shop\\\/\"},{\"@type\":\"ListItem\",\"position\":3,\"name\":\"L&#8217;\u00c9vasion d&#8217;Ars\u00e8ne Lupin \\\/ Die Flucht von Ars\u00e8ne Lupin\"}]},{\"@type\":\"WebSite\",\"@id\":\"https:\\\/\\\/easyoriginal.com\\\/#website\",\"url\":\"https:\\\/\\\/easyoriginal.com\\\/\",\"name\":\"EasyOriginal.com\",\"description\":\"Spa\u00df am Lesen im Original - Innovative Lesemethode f\u00fcr Fremdsprachen\",\"publisher\":{\"@id\":\"https:\\\/\\\/easyoriginal.com\\\/#organization\"},\"potentialAction\":[{\"@type\":\"SearchAction\",\"target\":{\"@type\":\"EntryPoint\",\"urlTemplate\":\"https:\\\/\\\/easyoriginal.com\\\/?s={search_term_string}\"},\"query-input\":{\"@type\":\"PropertyValueSpecification\",\"valueRequired\":true,\"valueName\":\"search_term_string\"}}],\"inLanguage\":\"en-GB\"},{\"@type\":\"Organization\",\"@id\":\"https:\\\/\\\/easyoriginal.com\\\/#organization\",\"name\":\"EasyOriginal Verlag\",\"url\":\"https:\\\/\\\/easyoriginal.com\\\/\",\"logo\":{\"@type\":\"ImageObject\",\"inLanguage\":\"en-GB\",\"@id\":\"https:\\\/\\\/easyoriginal.com\\\/#\\\/schema\\\/logo\\\/image\\\/\",\"url\":\"https:\\\/\\\/easyoriginal.com\\\/wp-content\\\/uploads\\\/2020\\\/08\\\/logo_main.png\",\"contentUrl\":\"https:\\\/\\\/easyoriginal.com\\\/wp-content\\\/uploads\\\/2020\\\/08\\\/logo_main.png\",\"width\":500,\"height\":103,\"caption\":\"EasyOriginal Verlag\"},\"image\":{\"@id\":\"https:\\\/\\\/easyoriginal.com\\\/#\\\/schema\\\/logo\\\/image\\\/\"}}]}<\/script>\n<!-- \/ Yoast SEO plugin. -->","yoast_head_json":{"title":"L'\u00c9vasion d'Ars\u00e8ne Lupin \/ Die Flucht von Ars\u00e8ne Lupin - EasyOriginal.com","robots":{"index":"index","follow":"follow","max-snippet":"max-snippet:-1","max-image-preview":"max-image-preview:large","max-video-preview":"max-video-preview:-1"},"canonical":"https:\/\/easyoriginal.com\/en\/shop\/franzoesisch-deutsch\/arsene-lupin-3-levasion-darsene-lupin-die-flucht-von-arsene-lupin\/","og_locale":"en_GB","og_type":"article","og_title":"L'\u00c9vasion d'Ars\u00e8ne Lupin \/ Die Flucht von Ars\u00e8ne Lupin - EasyOriginal.com","og_description":"Ars\u00e8ne Lupin ist eine Romanfigur des franz\u00f6sischen Autors Maurice Leblanc. \u201cArs\u00e8ne Lupin, gentleman-cambrioleur\u201d (Ars\u00e8ne Lupin \u2013 Der Gentleman-Gauner) ist ein Sammelband mit 9 Geschichten. Dritte Geschichte - \"L'\u00c9vasion d\u2019Ars\u00e8ne Lupin\" (\"Die Flucht von Ars\u00e8ne Lupin\"). Ungek\u00fcrzter Originaltext. Zweisprachiges Buch Franz\u00f6sisch-Deutsch. Lesemethode von Ilya Frank.","og_url":"https:\/\/easyoriginal.com\/en\/shop\/franzoesisch-deutsch\/arsene-lupin-3-levasion-darsene-lupin-die-flucht-von-arsene-lupin\/","og_site_name":"EasyOriginal.com","article_modified_time":"2024-01-03T23:19:07+00:00","og_image":[{"width":468,"height":702,"url":"https:\/\/easyoriginal.com\/wp-content\/uploads\/leblanc_Levasion-dArsene-Lupin_cover-2.jpg","type":"image\/jpeg"}],"twitter_card":"summary_large_image","twitter_misc":{"Estimated reading time":"2 minutes"},"schema":{"@context":"https:\/\/schema.org","@graph":[{"@type":"WebPage","@id":"https:\/\/easyoriginal.com\/shop\/franzoesisch-deutsch\/arsene-lupin-3-levasion-darsene-lupin-die-flucht-von-arsene-lupin\/","url":"https:\/\/easyoriginal.com\/shop\/franzoesisch-deutsch\/arsene-lupin-3-levasion-darsene-lupin-die-flucht-von-arsene-lupin\/","name":"L'\u00c9vasion d'Ars\u00e8ne Lupin \/ Die Flucht von Ars\u00e8ne Lupin - EasyOriginal.com","isPartOf":{"@id":"https:\/\/easyoriginal.com\/#website"},"primaryImageOfPage":{"@id":"https:\/\/easyoriginal.com\/shop\/franzoesisch-deutsch\/arsene-lupin-3-levasion-darsene-lupin-die-flucht-von-arsene-lupin\/#primaryimage"},"image":{"@id":"https:\/\/easyoriginal.com\/shop\/franzoesisch-deutsch\/arsene-lupin-3-levasion-darsene-lupin-die-flucht-von-arsene-lupin\/#primaryimage"},"thumbnailUrl":"https:\/\/easyoriginal.com\/wp-content\/uploads\/leblanc_Levasion-dArsene-Lupin_cover-2.jpg","datePublished":"2021-03-03T15:25:14+00:00","dateModified":"2024-01-03T23:19:07+00:00","breadcrumb":{"@id":"https:\/\/easyoriginal.com\/shop\/franzoesisch-deutsch\/arsene-lupin-3-levasion-darsene-lupin-die-flucht-von-arsene-lupin\/#breadcrumb"},"inLanguage":"en-GB","potentialAction":[{"@type":"ReadAction","target":["https:\/\/easyoriginal.com\/shop\/franzoesisch-deutsch\/arsene-lupin-3-levasion-darsene-lupin-die-flucht-von-arsene-lupin\/"]}]},{"@type":"ImageObject","inLanguage":"en-GB","@id":"https:\/\/easyoriginal.com\/shop\/franzoesisch-deutsch\/arsene-lupin-3-levasion-darsene-lupin-die-flucht-von-arsene-lupin\/#primaryimage","url":"https:\/\/easyoriginal.com\/wp-content\/uploads\/leblanc_Levasion-dArsene-Lupin_cover-2.jpg","contentUrl":"https:\/\/easyoriginal.com\/wp-content\/uploads\/leblanc_Levasion-dArsene-Lupin_cover-2.jpg","width":468,"height":702,"caption":"Zweisprachiges buch franz\u00f6sisch-deutsch, arsene lupin, franz\u00f6sische krimi, franz\u00f6sische kurzgeschichten maurice leblanc"},{"@type":"BreadcrumbList","@id":"https:\/\/easyoriginal.com\/shop\/franzoesisch-deutsch\/arsene-lupin-3-levasion-darsene-lupin-die-flucht-von-arsene-lupin\/#breadcrumb","itemListElement":[{"@type":"ListItem","position":1,"name":"Startseite","item":"https:\/\/easyoriginal.com\/"},{"@type":"ListItem","position":2,"name":"Shop","item":"https:\/\/easyoriginal.com\/shop\/"},{"@type":"ListItem","position":3,"name":"L&#8217;\u00c9vasion d&#8217;Ars\u00e8ne Lupin \/ Die Flucht von Ars\u00e8ne Lupin"}]},{"@type":"WebSite","@id":"https:\/\/easyoriginal.com\/#website","url":"https:\/\/easyoriginal.com\/","name":"EasyOriginal.com","description":"Spa\u00df am Lesen im Original - Innovative Lesemethode f\u00fcr Fremdsprachen","publisher":{"@id":"https:\/\/easyoriginal.com\/#organization"},"potentialAction":[{"@type":"SearchAction","target":{"@type":"EntryPoint","urlTemplate":"https:\/\/easyoriginal.com\/?s={search_term_string}"},"query-input":{"@type":"PropertyValueSpecification","valueRequired":true,"valueName":"search_term_string"}}],"inLanguage":"en-GB"},{"@type":"Organization","@id":"https:\/\/easyoriginal.com\/#organization","name":"EasyOriginal Verlag","url":"https:\/\/easyoriginal.com\/","logo":{"@type":"ImageObject","inLanguage":"en-GB","@id":"https:\/\/easyoriginal.com\/#\/schema\/logo\/image\/","url":"https:\/\/easyoriginal.com\/wp-content\/uploads\/2020\/08\/logo_main.png","contentUrl":"https:\/\/easyoriginal.com\/wp-content\/uploads\/2020\/08\/logo_main.png","width":500,"height":103,"caption":"EasyOriginal Verlag"},"image":{"@id":"https:\/\/easyoriginal.com\/#\/schema\/logo\/image\/"}}]}},"_links":{"self":[{"href":"https:\/\/easyoriginal.com\/en\/wp-json\/wp\/v2\/product\/8320","targetHints":{"allow":["GET"]}}],"collection":[{"href":"https:\/\/easyoriginal.com\/en\/wp-json\/wp\/v2\/product"}],"about":[{"href":"https:\/\/easyoriginal.com\/en\/wp-json\/wp\/v2\/types\/product"}],"replies":[{"embeddable":true,"href":"https:\/\/easyoriginal.com\/en\/wp-json\/wp\/v2\/comments?post=8320"}],"wp:featuredmedia":[{"embeddable":true,"href":"https:\/\/easyoriginal.com\/en\/wp-json\/wp\/v2\/media\/8512"}],"wp:attachment":[{"href":"https:\/\/easyoriginal.com\/en\/wp-json\/wp\/v2\/media?parent=8320"}],"wp:term":[{"taxonomy":"product_brand","embeddable":true,"href":"https:\/\/easyoriginal.com\/en\/wp-json\/wp\/v2\/product_brand?post=8320"},{"taxonomy":"product_cat","embeddable":true,"href":"https:\/\/easyoriginal.com\/en\/wp-json\/wp\/v2\/product_cat?post=8320"},{"taxonomy":"product_tag","embeddable":true,"href":"https:\/\/easyoriginal.com\/en\/wp-json\/wp\/v2\/product_tag?post=8320"}],"curies":[{"name":"wp","href":"https:\/\/api.w.org\/{rel}","templated":true}]}}