{"id":8220,"date":"2021-02-17T12:01:05","date_gmt":"2021-02-17T11:01:05","guid":{"rendered":"https:\/\/easyoriginal.com\/?post_type=product&#038;p=8220"},"modified":"2024-01-04T00:15:44","modified_gmt":"2024-01-03T23:15:44","slug":"mateo-falcone","status":"publish","type":"product","link":"https:\/\/easyoriginal.com\/en\/shop\/franzoesisch-deutsch\/mateo-falcone\/","title":{"rendered":"Mateo Falcone"},"content":{"rendered":"<div class=\"adapted-container\">\n<p class=\"Adapted\"><span class=\"Bold\">En sortant de Porto-Vecchio <\/span><span class=\"Translation\">(verl\u00e4sst man Porto-Vecchi<\/span><span class=\"No-Break\"><span class=\"Translation\">o;<\/span><\/span> <span class=\"Translation\"><span class=\"Comment-Words\">sortir<\/span><\/span><span class=\"Translation\"><span class=\"Comments\"> \u2013 abfahren, herausgehen<\/span><\/span><span class=\"Translation\">)<\/span><span class=\"Bold\"> et se dirigeant vers l\u2019int\u00e9rieur de l\u2019\u00eele <\/span><span class=\"Translation\">(und f\u00e4hrt ins Innere der Inse<\/span><span class=\"No-Break\"><span class=\"Translation\">l;<\/span><\/span> <span class=\"Translation\"><span class=\"Comment-Words\">se diriger<\/span><\/span><span class=\"Translation\"><span class=\"Comments\"> \u2013 sich <\/span><\/span><span class=\"Translation\"><span class=\"No-Break\"><span class=\"Comments\">\/i<\/span><\/span><\/span><span class=\"Translation\"><span class=\"Comments\">n eine Richtung<\/span><\/span><span class=\"Translation\"><span class=\"No-Break\"><span class=\"Comments\">\/ <\/span><\/span><\/span><span class=\"Translation\"><span class=\"Comments\">bewege<\/span><\/span><span class=\"Translation\"><span class=\"No-Break\"><span class=\"Comments\">n;<\/span><\/span><\/span><span class=\"Translation\"><span class=\"Comments\"> direction<\/span><\/span><span class=\"Translation\"><span class=\"No-Break\"><span class=\"Gender CharOverride-1\">f<\/span><\/span><\/span><span class=\"Translation\"><span class=\"No-Break\"><span class=\"Transcription\">;<\/span><\/span><\/span><span class=\"Translation\"><span class=\"Comments\"> int\u00e9rieur<\/span><\/span><span class=\"Translation\"><span class=\"No-Break\"><span class=\"Gender CharOverride-1\">m<\/span><\/span><\/span><span class=\"Translation\"><span class=\"No-Break\"><span class=\"Transcription\">;<\/span><\/span><\/span><span class=\"Translation\"><span class=\"Comments\"> \u00eele<\/span><\/span><span class=\"Translation\"><span class=\"Gender CharOverride-1\">f<\/span><\/span><span class=\"Translation\"><span class=\"Transcription\">)<\/span><\/span><span class=\"Bold\">, on voit le terrain s\u2019\u00e9lever assez rapidement <\/span><span class=\"Translation\">(kann man sehen, das Gel\u00e4nde steigt recht bal<\/span><span class=\"No-Break\"><span class=\"Translation\">d;<\/span><\/span> <span class=\"Translation\"><span class=\"Comment-Words\">terrain<\/span><\/span><span class=\"Translation\"><span class=\"Gender CharOverride-1\">m <\/span><\/span><span class=\"Translation\"><span class=\"Comments\">\u2013 Boden, Gel\u00e4nd<\/span><\/span><span class=\"Translation\"><span class=\"No-Break\"><span class=\"Comments\">e<\/span><\/span><\/span><span class=\"No-Break\"><span class=\"Translation\">;<\/span><\/span><span class=\"Translation\"><span class=\"Comment-Words\"> assez <\/span><\/span><span class=\"Translation\">\u2013<\/span><span class=\"Translation\"><span class=\"Comments\"> ziemlic<\/span><\/span><span class=\"Translation\"><span class=\"No-Break\"><span class=\"Comments\">h<\/span><\/span><\/span><span class=\"No-Break\"><span class=\"Translation\">;<\/span><\/span><span class=\"Translation\"><span class=\"Comment-Words\"> rapidement <\/span><\/span><span class=\"Translation\">\u2013<\/span><span class=\"Translation\"><span class=\"Comments\"> schnel<\/span><\/span><span class=\"Translation\"><span class=\"No-Break\"><span class=\"Comments\">l;<\/span><\/span><\/span><span class=\"Translation\"><span class=\"Comments\"> bal<\/span><\/span><span class=\"Translation\"><span class=\"No-Break\"><span class=\"Comments\">d;<\/span><\/span><\/span><span class=\"Translation\"><span class=\"Comments\"> rapide<\/span><\/span><span class=\"Translation\">)<\/span><span class=\"Bold\">, et apr\u00e8s trois heures de marche par des sentiers tortueux <\/span><span class=\"Translation\">(und nach drei Stunden Marsch \u00fcber gewundene Weg<\/span><span class=\"No-Break\"><span class=\"Translation\">e;<\/span><\/span> <span class=\"Translation\"><span class=\"Comment-Words\">marche<\/span><\/span><span class=\"Translation\"><span class=\"Gender CharOverride-1\">f <\/span><\/span><span class=\"Translation\"><span class=\"Comments\">\u2013 Gang, Marsc<\/span><\/span><span class=\"Translation\"><span class=\"No-Break\"><span class=\"Comments\">h<\/span><\/span><\/span><span class=\"No-Break\"><span class=\"Translation\">;<\/span><\/span><span class=\"Translation\"><span class=\"Comment-Words\"> marcher <\/span><\/span><span class=\"Translation\">\u2013<\/span><span class=\"Translation\"><span class=\"Comments\"> gehe<\/span><\/span><span class=\"Translation\"><span class=\"No-Break\"><span class=\"Comments\">n<\/span><\/span><\/span><span class=\"No-Break\"><span class=\"Translation\">;<\/span><\/span><span class=\"Translation\"><span class=\"Comment-Words\"> sentier<\/span><\/span><span class=\"Translation\"><span class=\"Gender CharOverride-1\">m <\/span><\/span><span class=\"Translation\">\u2013<\/span><span class=\"Translation\"><span class=\"Comments\"> Weg, Pfa<\/span><\/span><span class=\"Translation\"><span class=\"No-Break\"><span class=\"Comments\">d<\/span><\/span><\/span><span class=\"No-Break\"><span class=\"Translation\">;<\/span><\/span><span class=\"Translation\"><span class=\"Comment-Words\"> tortueux <\/span><\/span><span class=\"Translation\"><span class=\"No-Break\"><span class=\"Comments\">\/f<\/span><\/span><\/span><span class=\"Translation\"><span class=\"Comments\">. tortueuse<\/span><\/span><span class=\"Translation\"><span class=\"No-Break\"><span class=\"Comments\">\/ <\/span><\/span><\/span><span class=\"Translation\">\u2013<\/span><span class=\"Translation\"><span class=\"Comments\"> gewunden<\/span><\/span><span class=\"Translation\">)<\/span><span class=\"Bold\">, obstru\u00e9s par de gros quartiers de rocs <\/span><span class=\"Translation\">(blockiert von gro\u00dfen Felskeile<\/span><span class=\"No-Break\"><span class=\"Translation\">n;<\/span><\/span> <span class=\"Translation\"><span class=\"Comment-Words\">obstruer<\/span><\/span><span class=\"Translation\"><span class=\"Comments\"> \u2013 verstopfen, blockieren, versperre<\/span><\/span><span class=\"Translation\"><span class=\"No-Break\"><span class=\"Comments\">n<\/span><\/span><\/span><span class=\"No-Break\"><span class=\"Translation\">;<\/span><\/span><span class=\"Translation\"><span class=\"Comment-Words\"> quartier<\/span><\/span><span class=\"Translation\"><span class=\"Gender CharOverride-1\">m <\/span><\/span><span class=\"Translation\">\u2013<\/span><span class=\"Translation\"><span class=\"Comments\"> Vierte<\/span><\/span><span class=\"Translation\"><span class=\"No-Break\"><span class=\"Comments\">l<\/span><\/span><\/span><span class=\"No-Break\"><span class=\"Translation\">;<\/span><\/span> <span class=\"Translation\"><span class=\"Comments\">gro\u00dfes St\u00fcck von etwa<\/span><\/span><span class=\"Translation\"><span class=\"No-Break\"><span class=\"Comments\">s<\/span><\/span><\/span><span class=\"No-Break\"><span class=\"Translation\">;<\/span><\/span><span class=\"Translation\"><span class=\"Comment-Words\"> roc<\/span><\/span><span class=\"Translation\"><span class=\"Gender CharOverride-1\">m <\/span><\/span><span class=\"Translation\">\u2013<\/span><span class=\"Translation\"><span class=\"Comments\"> Fels<\/span><\/span><span class=\"Translation\">)<\/span><span class=\"Bold\">, et quelquefois coup\u00e9s par des ravins <\/span><span class=\"Translation\">(und manchmal durchschnitten von Schluchte<\/span><span class=\"No-Break\"><span class=\"Translation\">n;<\/span><\/span> <span class=\"Translation\"><span class=\"Comment-Words\">couper<\/span><\/span><span class=\"Translation\"><span class=\"Comments\"> \u2013 schneide<\/span><\/span><span class=\"Translation\"><span class=\"No-Break\"><span class=\"Comments\">n;<\/span><\/span><\/span><span class=\"Translation\"><span class=\"Comments\"> ravin<\/span><\/span><span class=\"Translation\"><span class=\"Gender CharOverride-1\">m<\/span><\/span><span class=\"Translation\"><span class=\"Transcription\">)<\/span><\/span><span class=\"Bold\">, on se trouve sur le bord d\u2019un <\/span><span class=\"Comment-Words\">m\u00e2quis<\/span><span class=\"Bold\"> tr\u00e8s-\u00e9tendu <\/span><span class=\"Translation\">(befindet man sich am Rand einer sehr ausgedehnten Macchi<\/span><span class=\"No-Break\"><span class=\"Translation\">a;<\/span><\/span><span class=\"Translation\"><span class=\"Comments\"> bord<\/span><\/span><span class=\"Translation\"><span class=\"No-Break\"><span class=\"Gender CharOverride-1\">m<\/span><\/span><\/span><span class=\"Translation\"><span class=\"No-Break\"><span class=\"Transcription\">;<\/span><\/span><\/span><span class=\"Translation\"><span class=\"Comment-Words\"> maquis<\/span><\/span><span class=\"Translation\"><span class=\"Gender CharOverride-1\">m <\/span><\/span><span class=\"Translation\">\u2013<\/span><span class=\"Translation\" lang=\"ar-SA\"> f\u00fcr Korsika typisches Wildstr\u00e4uchergeb\u00fcsch, Macchi<\/span><span class=\"No-Break\"><span class=\"Translation\" lang=\"ar-SA\">a<\/span><\/span><span class=\"No-Break\"><span class=\"Translation\">;<\/span><\/span> <span class=\"Translation\"><span class=\"Comment-Words\" lang=\"ar-SA\">\u00e9tendre<\/span><\/span> <span class=\"Translation\">\u2013<\/span><span class=\"Translation\"><span class=\"Comments\"> ausdehnen<\/span><\/span><span class=\"Translation\">)<\/span><span class=\"Bold\">. Le m\u00e2quis est la patrie des bergers corses <\/span><span class=\"Translation\">(die Macchia ist die Heimat der korsischen Schafhirten)<\/span><span class=\"Bold\"> et de quiconque s\u2019est brouill\u00e9 avec la justice <\/span><span class=\"Translation\">(und eines jeden, der mit dem Gesetz in Konflikt geraten is<\/span><span class=\"No-Break\"><span class=\"Translation\">t;<\/span><\/span> <span class=\"Translation\"><span class=\"Comment-Words\">quiconque<\/span><\/span><span class=\"Translation\"><span class=\"Comments\"> \u2013 jemand, de<\/span><\/span><span class=\"Translation\"><span class=\"No-Break\"><span class=\"Comments\">r<\/span><\/span><\/span><span class=\"No-Break\"><span class=\"Translation\">;<\/span><\/span><span class=\"Translation\"><span class=\"Comment-Words\"> se brouiller <\/span><\/span><span class=\"Translation\">\u2013<\/span><span class=\"Translation\"><span class=\"Comments\"> sich anlegen mi<\/span><\/span><span class=\"Translation\"><span class=\"No-Break\"><span class=\"Comments\">t<\/span><\/span><\/span><span class=\"No-Break\"><span class=\"Translation\">;<\/span><\/span><span class=\"Translation\"><span class=\"Comment-Words\"> justice<\/span><\/span><span class=\"Translation\"><span class=\"Gender CharOverride-1\">f <\/span><\/span><span class=\"Translation\">\u2013<\/span><span class=\"Translation\"><span class=\"Comments\"> Gerechtigkei<\/span><\/span><span class=\"Translation\"><span class=\"No-Break\"><span class=\"Comments\">t;<\/span><\/span><\/span><span class=\"Translation\"><span class=\"Comments\"> Gesetz<\/span><\/span><span class=\"Translation\">)<\/span><span class=\"Bold\">.<\/span><\/p>\n<\/div>\n<audio class=\"wp-audio-shortcode\" id=\"audio-8220-1\" preload=\"none\" style=\"width: 100%;\" controls=\"controls\"><source type=\"audio\/mpeg\" src=\"https:\/\/easyoriginal1.s3.eu-central-1.amazonaws.com\/franzoesisch\/f4\/1.mp3?_=1\" \/><a href=\"https:\/\/easyoriginal1.s3.eu-central-1.amazonaws.com\/franzoesisch\/f4\/1.mp3\">https:\/\/easyoriginal1.s3.eu-central-1.amazonaws.com\/franzoesisch\/f4\/1.mp3<\/a><\/audio>\n<div class=\"original-container\">\n<p class=\"Original\" lang=\"en-US\"><span lang=\"de-DE\">En sortant de Porto-Vecchio et se dirigeant vers l\u2019int\u00e9rieur de l\u2019\u00eele, on voit le terrain s\u2019\u00e9lever assez rapidement, et apr\u00e8s trois heures de marche par des sentiers tortueux, obstru\u00e9s par de gros quartiers de rocs, et quelquefois coup\u00e9s par des ravins, on se trouve sur le bord d\u2019un <\/span><span class=\"Italic\" lang=\"de-DE\">m\u00e2quis<\/span><span lang=\"de-DE\"> tr\u00e8s-\u00e9tendu. <\/span>Le m\u00e2quis est la patrie des bergers corses et de quiconque s\u2019est brouill\u00e9 avec la justice.<\/p>\n<\/div>","protected":false},"excerpt":{"rendered":"<p>&#8222;Mateo Falcone&#8220; ist eine Erz\u00e4hlung des franz\u00f6sischen Schriftstellers Prosper M\u00e9rim\u00e9e. Die Erz\u00e4hlung spielt zu Beginn des 19. Jahrhunderts auf Korsika, unweit der Stadt Porto Vecchio.<br \/>\nUngek\u00fcrzter Originaltext. Zweisprachiges Buch Franz\u00f6sisch-Deutsch.<\/p>","protected":false},"featured_media":8516,"comment_status":"open","ping_status":"closed","template":"","meta":{"_acf_changed":false,"_et_pb_use_builder":"off","_et_pb_old_content":"<div class=\"adapted-container\">\r\n<p class=\"Adapted\"><span class=\"Bold\">Hace mucho tiempo que ten\u00eda ganas de escribir <\/span><span class=\"Translation\">(seit langer Zeit hatte ich Lust zu schreiben; <\/span><span class=\"Translation\"><span class=\"Comment-Words\">tener<\/span><\/span><span class=\"Translation\"><span class=\"Comments\"> \u2014 haben<\/span><\/span><span class=\"Translation\">)<\/span><span class=\"Bold\"> cualquier cosa con este t\u00edtulo <\/span><span class=\"Translation\">(irgendetwas mit diesem Titel)<\/span><span class=\"Bold\">.<\/span><\/p>\r\n<p class=\"Adapted\"><span class=\"Bold\">Hoy<a id=\"_idTextAnchor001\"><\/a>, que se me ha presentado ocasi\u00f3n <\/span><span class=\"Translation\">(heute, wo sich mir \/eine\/ Gelegenheit geboten hat; <\/span><span class=\"Translation\"><span class=\"Comment-Words\">presentar<\/span><\/span><span class=\"Translation\"><span class=\"Comments\"> \u2014 zeigen; vorstellen<\/span><\/span><span class=\"Translation\">)<\/span><span class=\"Bold\">, lo he puesto con letras grandes <\/span><span class=\"Translation\">(das habe ich in gro\u00dfen Buchstaben gesetzt = habe ich es in Gro\u00dfbuchstaben gesetzt; <\/span><span class=\"Translation\"><span class=\"Comment-Words\">poner<\/span><\/span><span class=\"Translation\"><span class=\"Comments\"> \u2014 setzen; stellen; legen<\/span><\/span><span class=\"Translation\">)<\/span><span class=\"Bold\"> en la primera cuartilla de papel <\/span><span class=\"Translation\">(auf das erste Blatt: \u00abauf das erste Viertelpapier\u00bb; <\/span><span class=\"Translation\"><span class=\"Comment-Words\">cuarto<\/span><\/span><span class=\"Translation\"><span class=\"Gender _idGenCharOverride-1\">m <\/span><\/span><span class=\"Translation\"><span class=\"Comments\">\u2014 Viertel<\/span><\/span><span class=\"Translation\">)<\/span><span class=\"Bold\">, y luego he dejado a capricho volar la pluma <\/span><span class=\"Translation\">(und dann habe ich nach Belieben die Feder fliegen lassen; <\/span><span class=\"Translation\"><span class=\"Comment-Words\">dejar<\/span><\/span><span class=\"Translation\"><span class=\"Comments\"> \u2014 lassen; <\/span><\/span><span class=\"Translation\"><span class=\"Comment-Words\">capricho<\/span><\/span><span class=\"Translation\"><span class=\"Gender _idGenCharOverride-1\">m <\/span><\/span><span class=\"Translation\"><span class=\"Comments\">\u2014 Laune<\/span><\/span><span class=\"Translation\">)<\/span><span class=\"Bold\">.<\/span><\/p>\r\n\r\n<\/div>\r\n[audio mp3=\"https:\/\/easyoriginal1.s3.eu-central-1.amazonaws.com\/spanisch\/s1\/1.mp3\"][\/audio]\r\n<div class=\"original-container\">\r\n<p class=\"Original\">Hace mucho tiempo que ten\u00eda ganas de escribir cualquier cosa con este t\u00edtulo.<\/p>\r\n<p class=\"Original\">Hoy, que se me ha presentado ocasi\u00f3n, lo he puesto con letras grandes en la primera cuartilla de papel, y luego he dejado a capricho volar la pluma.<\/p>\r\n\r\n<\/div>\r\n<a class=\"weiter\" href=\"\/webreader\/los-ojos-verdes\/fragment\/1-4-2\/\">weiter lesen<\/a>","_et_gb_content_width":""},"product_brand":[],"product_cat":[45],"product_tag":[],"class_list":{"0":"post-8220","1":"product","2":"type-product","3":"status-publish","4":"has-post-thumbnail","6":"product_cat-franzoesisch-deutsch","8":"first","9":"instock","10":"taxable","11":"shipping-taxable","12":"purchasable","13":"product-type-variable"},"acf":[],"yoast_head":"<!-- This site is optimized with the Yoast SEO plugin v27.4 - https:\/\/yoast.com\/product\/yoast-seo-wordpress\/ -->\n<title>Mateo Falcone - EasyOriginal.com<\/title>\n<meta name=\"robots\" content=\"index, follow, max-snippet:-1, max-image-preview:large, max-video-preview:-1\" \/>\n<link rel=\"canonical\" href=\"https:\/\/easyoriginal.com\/en\/shop\/franzoesisch-deutsch\/mateo-falcone\/\" \/>\n<meta property=\"og:locale\" content=\"en_GB\" \/>\n<meta property=\"og:type\" content=\"article\" \/>\n<meta property=\"og:title\" content=\"Mateo Falcone - EasyOriginal.com\" \/>\n<meta property=\"og:description\" content=\"&quot;Mateo Falcone&quot; ist eine Erz\u00e4hlung des franz\u00f6sischen Schriftstellers Prosper M\u00e9rim\u00e9e. Die Erz\u00e4hlung spielt zu Beginn des 19. Jahrhunderts auf Korsika, unweit der Stadt Porto Vecchio. Ungek\u00fcrzter Originaltext. Zweisprachiges Buch Franz\u00f6sisch-Deutsch.\" \/>\n<meta property=\"og:url\" content=\"https:\/\/easyoriginal.com\/en\/shop\/franzoesisch-deutsch\/mateo-falcone\/\" \/>\n<meta property=\"og:site_name\" content=\"EasyOriginal.com\" \/>\n<meta property=\"article:modified_time\" content=\"2024-01-03T23:15:44+00:00\" \/>\n<meta property=\"og:image\" content=\"https:\/\/easyoriginal.com\/wp-content\/uploads\/merimee_mateo_falcone_cover-5.jpg\" \/>\n\t<meta property=\"og:image:width\" content=\"468\" \/>\n\t<meta property=\"og:image:height\" content=\"702\" \/>\n\t<meta property=\"og:image:type\" content=\"image\/jpeg\" \/>\n<meta name=\"twitter:card\" content=\"summary_large_image\" \/>\n<meta name=\"twitter:label1\" content=\"Estimated reading time\" \/>\n\t<meta name=\"twitter:data1\" content=\"2 minutes\" \/>\n<script type=\"application\/ld+json\" class=\"yoast-schema-graph\">{\"@context\":\"https:\\\/\\\/schema.org\",\"@graph\":[{\"@type\":\"WebPage\",\"@id\":\"https:\\\/\\\/easyoriginal.com\\\/shop\\\/franzoesisch-deutsch\\\/mateo-falcone\\\/\",\"url\":\"https:\\\/\\\/easyoriginal.com\\\/shop\\\/franzoesisch-deutsch\\\/mateo-falcone\\\/\",\"name\":\"Mateo Falcone - EasyOriginal.com\",\"isPartOf\":{\"@id\":\"https:\\\/\\\/easyoriginal.com\\\/#website\"},\"primaryImageOfPage\":{\"@id\":\"https:\\\/\\\/easyoriginal.com\\\/shop\\\/franzoesisch-deutsch\\\/mateo-falcone\\\/#primaryimage\"},\"image\":{\"@id\":\"https:\\\/\\\/easyoriginal.com\\\/shop\\\/franzoesisch-deutsch\\\/mateo-falcone\\\/#primaryimage\"},\"thumbnailUrl\":\"https:\\\/\\\/easyoriginal.com\\\/wp-content\\\/uploads\\\/merimee_mateo_falcone_cover-5.jpg\",\"datePublished\":\"2021-02-17T11:01:05+00:00\",\"dateModified\":\"2024-01-03T23:15:44+00:00\",\"breadcrumb\":{\"@id\":\"https:\\\/\\\/easyoriginal.com\\\/shop\\\/franzoesisch-deutsch\\\/mateo-falcone\\\/#breadcrumb\"},\"inLanguage\":\"en-GB\",\"potentialAction\":[{\"@type\":\"ReadAction\",\"target\":[\"https:\\\/\\\/easyoriginal.com\\\/shop\\\/franzoesisch-deutsch\\\/mateo-falcone\\\/\"]}]},{\"@type\":\"ImageObject\",\"inLanguage\":\"en-GB\",\"@id\":\"https:\\\/\\\/easyoriginal.com\\\/shop\\\/franzoesisch-deutsch\\\/mateo-falcone\\\/#primaryimage\",\"url\":\"https:\\\/\\\/easyoriginal.com\\\/wp-content\\\/uploads\\\/merimee_mateo_falcone_cover-5.jpg\",\"contentUrl\":\"https:\\\/\\\/easyoriginal.com\\\/wp-content\\\/uploads\\\/merimee_mateo_falcone_cover-5.jpg\",\"width\":468,\"height\":702,\"caption\":\"Zweisprachiges buch franz\u00f6sisch-deutsch, franz\u00f6sische lekt\u00fcre, franz\u00f6sische kurzgeschichten prospere merimee, mateo falcone\"},{\"@type\":\"BreadcrumbList\",\"@id\":\"https:\\\/\\\/easyoriginal.com\\\/shop\\\/franzoesisch-deutsch\\\/mateo-falcone\\\/#breadcrumb\",\"itemListElement\":[{\"@type\":\"ListItem\",\"position\":1,\"name\":\"Startseite\",\"item\":\"https:\\\/\\\/easyoriginal.com\\\/\"},{\"@type\":\"ListItem\",\"position\":2,\"name\":\"Shop\",\"item\":\"https:\\\/\\\/easyoriginal.com\\\/shop\\\/\"},{\"@type\":\"ListItem\",\"position\":3,\"name\":\"Mateo Falcone\"}]},{\"@type\":\"WebSite\",\"@id\":\"https:\\\/\\\/easyoriginal.com\\\/#website\",\"url\":\"https:\\\/\\\/easyoriginal.com\\\/\",\"name\":\"EasyOriginal.com\",\"description\":\"Spa\u00df am Lesen im Original - Innovative Lesemethode f\u00fcr Fremdsprachen\",\"publisher\":{\"@id\":\"https:\\\/\\\/easyoriginal.com\\\/#organization\"},\"potentialAction\":[{\"@type\":\"SearchAction\",\"target\":{\"@type\":\"EntryPoint\",\"urlTemplate\":\"https:\\\/\\\/easyoriginal.com\\\/?s={search_term_string}\"},\"query-input\":{\"@type\":\"PropertyValueSpecification\",\"valueRequired\":true,\"valueName\":\"search_term_string\"}}],\"inLanguage\":\"en-GB\"},{\"@type\":\"Organization\",\"@id\":\"https:\\\/\\\/easyoriginal.com\\\/#organization\",\"name\":\"EasyOriginal Verlag\",\"url\":\"https:\\\/\\\/easyoriginal.com\\\/\",\"logo\":{\"@type\":\"ImageObject\",\"inLanguage\":\"en-GB\",\"@id\":\"https:\\\/\\\/easyoriginal.com\\\/#\\\/schema\\\/logo\\\/image\\\/\",\"url\":\"https:\\\/\\\/easyoriginal.com\\\/wp-content\\\/uploads\\\/2020\\\/08\\\/logo_main.png\",\"contentUrl\":\"https:\\\/\\\/easyoriginal.com\\\/wp-content\\\/uploads\\\/2020\\\/08\\\/logo_main.png\",\"width\":500,\"height\":103,\"caption\":\"EasyOriginal Verlag\"},\"image\":{\"@id\":\"https:\\\/\\\/easyoriginal.com\\\/#\\\/schema\\\/logo\\\/image\\\/\"}}]}<\/script>\n<!-- \/ Yoast SEO plugin. -->","yoast_head_json":{"title":"Mateo Falcone - EasyOriginal.com","robots":{"index":"index","follow":"follow","max-snippet":"max-snippet:-1","max-image-preview":"max-image-preview:large","max-video-preview":"max-video-preview:-1"},"canonical":"https:\/\/easyoriginal.com\/en\/shop\/franzoesisch-deutsch\/mateo-falcone\/","og_locale":"en_GB","og_type":"article","og_title":"Mateo Falcone - EasyOriginal.com","og_description":"\"Mateo Falcone\" ist eine Erz\u00e4hlung des franz\u00f6sischen Schriftstellers Prosper M\u00e9rim\u00e9e. Die Erz\u00e4hlung spielt zu Beginn des 19. Jahrhunderts auf Korsika, unweit der Stadt Porto Vecchio. Ungek\u00fcrzter Originaltext. Zweisprachiges Buch Franz\u00f6sisch-Deutsch.","og_url":"https:\/\/easyoriginal.com\/en\/shop\/franzoesisch-deutsch\/mateo-falcone\/","og_site_name":"EasyOriginal.com","article_modified_time":"2024-01-03T23:15:44+00:00","og_image":[{"width":468,"height":702,"url":"https:\/\/easyoriginal.com\/wp-content\/uploads\/merimee_mateo_falcone_cover-5.jpg","type":"image\/jpeg"}],"twitter_card":"summary_large_image","twitter_misc":{"Estimated reading time":"2 minutes"},"schema":{"@context":"https:\/\/schema.org","@graph":[{"@type":"WebPage","@id":"https:\/\/easyoriginal.com\/shop\/franzoesisch-deutsch\/mateo-falcone\/","url":"https:\/\/easyoriginal.com\/shop\/franzoesisch-deutsch\/mateo-falcone\/","name":"Mateo Falcone - EasyOriginal.com","isPartOf":{"@id":"https:\/\/easyoriginal.com\/#website"},"primaryImageOfPage":{"@id":"https:\/\/easyoriginal.com\/shop\/franzoesisch-deutsch\/mateo-falcone\/#primaryimage"},"image":{"@id":"https:\/\/easyoriginal.com\/shop\/franzoesisch-deutsch\/mateo-falcone\/#primaryimage"},"thumbnailUrl":"https:\/\/easyoriginal.com\/wp-content\/uploads\/merimee_mateo_falcone_cover-5.jpg","datePublished":"2021-02-17T11:01:05+00:00","dateModified":"2024-01-03T23:15:44+00:00","breadcrumb":{"@id":"https:\/\/easyoriginal.com\/shop\/franzoesisch-deutsch\/mateo-falcone\/#breadcrumb"},"inLanguage":"en-GB","potentialAction":[{"@type":"ReadAction","target":["https:\/\/easyoriginal.com\/shop\/franzoesisch-deutsch\/mateo-falcone\/"]}]},{"@type":"ImageObject","inLanguage":"en-GB","@id":"https:\/\/easyoriginal.com\/shop\/franzoesisch-deutsch\/mateo-falcone\/#primaryimage","url":"https:\/\/easyoriginal.com\/wp-content\/uploads\/merimee_mateo_falcone_cover-5.jpg","contentUrl":"https:\/\/easyoriginal.com\/wp-content\/uploads\/merimee_mateo_falcone_cover-5.jpg","width":468,"height":702,"caption":"Zweisprachiges buch franz\u00f6sisch-deutsch, franz\u00f6sische lekt\u00fcre, franz\u00f6sische kurzgeschichten prospere merimee, mateo falcone"},{"@type":"BreadcrumbList","@id":"https:\/\/easyoriginal.com\/shop\/franzoesisch-deutsch\/mateo-falcone\/#breadcrumb","itemListElement":[{"@type":"ListItem","position":1,"name":"Startseite","item":"https:\/\/easyoriginal.com\/"},{"@type":"ListItem","position":2,"name":"Shop","item":"https:\/\/easyoriginal.com\/shop\/"},{"@type":"ListItem","position":3,"name":"Mateo Falcone"}]},{"@type":"WebSite","@id":"https:\/\/easyoriginal.com\/#website","url":"https:\/\/easyoriginal.com\/","name":"EasyOriginal.com","description":"Spa\u00df am Lesen im Original - Innovative Lesemethode f\u00fcr Fremdsprachen","publisher":{"@id":"https:\/\/easyoriginal.com\/#organization"},"potentialAction":[{"@type":"SearchAction","target":{"@type":"EntryPoint","urlTemplate":"https:\/\/easyoriginal.com\/?s={search_term_string}"},"query-input":{"@type":"PropertyValueSpecification","valueRequired":true,"valueName":"search_term_string"}}],"inLanguage":"en-GB"},{"@type":"Organization","@id":"https:\/\/easyoriginal.com\/#organization","name":"EasyOriginal Verlag","url":"https:\/\/easyoriginal.com\/","logo":{"@type":"ImageObject","inLanguage":"en-GB","@id":"https:\/\/easyoriginal.com\/#\/schema\/logo\/image\/","url":"https:\/\/easyoriginal.com\/wp-content\/uploads\/2020\/08\/logo_main.png","contentUrl":"https:\/\/easyoriginal.com\/wp-content\/uploads\/2020\/08\/logo_main.png","width":500,"height":103,"caption":"EasyOriginal Verlag"},"image":{"@id":"https:\/\/easyoriginal.com\/#\/schema\/logo\/image\/"}}]}},"_links":{"self":[{"href":"https:\/\/easyoriginal.com\/en\/wp-json\/wp\/v2\/product\/8220","targetHints":{"allow":["GET"]}}],"collection":[{"href":"https:\/\/easyoriginal.com\/en\/wp-json\/wp\/v2\/product"}],"about":[{"href":"https:\/\/easyoriginal.com\/en\/wp-json\/wp\/v2\/types\/product"}],"replies":[{"embeddable":true,"href":"https:\/\/easyoriginal.com\/en\/wp-json\/wp\/v2\/comments?post=8220"}],"wp:featuredmedia":[{"embeddable":true,"href":"https:\/\/easyoriginal.com\/en\/wp-json\/wp\/v2\/media\/8516"}],"wp:attachment":[{"href":"https:\/\/easyoriginal.com\/en\/wp-json\/wp\/v2\/media?parent=8220"}],"wp:term":[{"taxonomy":"product_brand","embeddable":true,"href":"https:\/\/easyoriginal.com\/en\/wp-json\/wp\/v2\/product_brand?post=8220"},{"taxonomy":"product_cat","embeddable":true,"href":"https:\/\/easyoriginal.com\/en\/wp-json\/wp\/v2\/product_cat?post=8220"},{"taxonomy":"product_tag","embeddable":true,"href":"https:\/\/easyoriginal.com\/en\/wp-json\/wp\/v2\/product_tag?post=8220"}],"curies":[{"name":"wp","href":"https:\/\/api.w.org\/{rel}","templated":true}]}}