{"id":8088,"date":"2021-01-30T22:18:03","date_gmt":"2021-01-30T21:18:03","guid":{"rendered":"https:\/\/easyoriginal.com\/?post_type=product&#038;p=8088"},"modified":"2024-01-04T00:08:29","modified_gmt":"2024-01-03T23:08:29","slug":"el-monte-de-las-animas-der-berg-der-seelen","status":"publish","type":"product","link":"https:\/\/easyoriginal.com\/en\/shop\/spanisch-deutsch\/el-monte-de-las-animas-der-berg-der-seelen\/","title":{"rendered":"El Monte de las \u00c1nimas \/ Der Berg der Seelen"},"content":{"rendered":"<div class=\"adapted-container\">\n<p class=\"Adapted\" lang=\"de-DE\"><span class=\"Bold\">La noche de difuntos <\/span><span class=\"Translation\">(in der Nacht der Verstorbenen;<\/span> <span class=\"Translation\"><span class=\"Comment-Words\">difunto<\/span><\/span><span class=\"Translation\"><span class=\"Gender _idGenCharOverride-1\">m <\/span><\/span><span class=\"Translation\"><span class=\"Comments\"> \u2014 Verstorbener; \/in Spanien die Bezeichnung f\u00fcr Allerseelen\/<\/span><\/span><span class=\"Translation\">)<\/span><span class=\"Italic\">, <\/span><span class=\"Bold\">me despert\u00f3 a no s\u00e9 qu\u00e9 hora <\/span><span class=\"Translation\">(weckte mich, ich wei\u00df nicht mehr wann;<\/span> <span class=\"Translation\"><span class=\"Comment-Words\">despertarse<\/span><\/span><span class=\"Translation\"><span class=\"Comments\"> \u2014 erwachen; aufwachen; <\/span><\/span><span class=\"Translation\"><span class=\"Comment-Words\">a qu\u00e9 hora<\/span><\/span><span class=\"Translation\"><span class=\"Comments\"> \u2014 zu welcher Stunde, wann<\/span><\/span><span class=\"Translation\">)<\/span><span class=\"Bold\"> el doble de las campanas <\/span><span class=\"Translation\">(das Gel\u00e4ut der Glocken;<\/span> <span class=\"Translation\"><span class=\"Comment-Words\">doblar<\/span><\/span><span class=\"Translation\"><span class=\"Comments\"> \u2014 l\u00e4uten<\/span><\/span><span class=\"Translation\">)<\/span><span class=\"Bold\">; su ta\u00f1ido mon\u00f3tono y eterno me trajo a las mientes <\/span><span class=\"Translation\">(ihr monotoner und unaufh\u00f6rlicher Klang brachte mir in den S<\/span><span class=\"Translation\"><span class=\"Comments\">inn; <\/span><\/span><a href=\"https:\/\/es.pons.com\/traducci%C3%B3n\/espa%C3%B1ol-alem%C3%A1n\/ta%C3%B1er\"><span class=\"Translation\"><span class=\"Comment-Words\">ta\u00f1er<\/span><\/span><\/a><span class=\"Translation\"><span class=\"Comments\"> \u2014 l\u00e4uten;<\/span><\/span> <span class=\"Translation\"><span class=\"Comment-Words\">eterno<\/span><\/span><span class=\"Translation\"><span class=\"Comments\"> \u2014 ewig; <\/span><\/span><span class=\"Translation\"><span class=\"Comment-Words\">mente<\/span><\/span><span class=\"Translation\"><span class=\"Gender _idGenCharOverride-1\">m <\/span><\/span><span class=\"Translation\"><span class=\"Comments\"> \u2014 Gedanke, Verstand; <\/span><\/span><span class=\"Translation\"><span class=\"Comment-Words\">traer<\/span><\/span><span class=\"Translation\"><span class=\"Comments\"> \u2014 bringen<\/span><\/span><span class=\"Translation\">)<\/span><span class=\"Bold\"> esta tradici\u00f3n que o\u00ed hace poco en Soria <\/span><span class=\"Translation\">(diese \u00dcberlieferung, die ich vor kurzem: &#8222;vor kurzer Zeit&#8220; in Soria geh\u00f6rt habe;<\/span> <span class=\"Translation\"><span class=\"Comment-Words\">tradici\u00f3n<\/span><\/span><span class=\"Translation\"><span class=\"Gender _idGenCharOverride-1\">f <\/span><\/span><span class=\"Translation\"><span class=\"Comments\"> \u2014 Tradition; \u00dcberlieferung; <\/span><\/span><span class=\"Translation\"><span class=\"Comment-Words\">o\u00edr<\/span><\/span><span class=\"Translation\"><span class=\"Comments\"> \u2014 h\u00f6ren<\/span><\/span><span class=\"Translation\">)<\/span><span class=\"Bold\">.<\/span><\/p>\n<\/div>\n<audio class=\"wp-audio-shortcode\" id=\"audio-8088-1\" preload=\"none\" style=\"width: 100%;\" controls=\"controls\"><source type=\"audio\/mpeg\" src=\"https:\/\/easyoriginal1.s3.eu-central-1.amazonaws.com\/spanisch\/s4\/1.mp3?_=1\" \/><a href=\"https:\/\/easyoriginal1.s3.eu-central-1.amazonaws.com\/spanisch\/s4\/1.mp3\">https:\/\/easyoriginal1.s3.eu-central-1.amazonaws.com\/spanisch\/s4\/1.mp3<\/a><\/audio>\n<div class=\"original-container\">\n<p class=\"Original\">La noche de difuntos me despert\u00f3 a no s\u00e9 qu\u00e9 hora el doble de las campanas; su ta\u00f1ido mon\u00f3tono y eterno me trajo a las mientes esta tradici\u00f3n que o\u00ed hace poco en Soria.<\/p>\n<\/div>","protected":false},"excerpt":{"rendered":"<p>&#8222;El Monte de las \u00c1nimas&#8220; (&#8222;Der Berg der Seelen&#8220;) ist eine Legende\u00a0aus\u00a0Gustavo Adolfo B\u00e9cquer\u00b4s &#8222;Leyendas&#8220;. B\u00e9cquer z\u00e4hlt zu den bedeutendsten Autoren der spanischen Romantik.<br \/>\nUngek\u00fcrzter Originaltext. Zweisprachiges Buch Spanisch-Deutsch.<\/p>","protected":false},"featured_media":8521,"comment_status":"open","ping_status":"closed","template":"","meta":{"_acf_changed":false,"_et_pb_use_builder":"off","_et_pb_old_content":"<div class=\"adapted-container\">\r\n<p class=\"Adapted\"><span class=\"Bold\">Hace mucho tiempo que ten\u00eda ganas de escribir <\/span><span class=\"Translation\">(seit langer Zeit hatte ich Lust zu schreiben; <\/span><span class=\"Translation\"><span class=\"Comment-Words\">tener<\/span><\/span><span class=\"Translation\"><span class=\"Comments\"> \u2014 haben<\/span><\/span><span class=\"Translation\">)<\/span><span class=\"Bold\"> cualquier cosa con este t\u00edtulo <\/span><span class=\"Translation\">(irgendetwas mit diesem Titel)<\/span><span class=\"Bold\">.<\/span><\/p>\r\n<p class=\"Adapted\"><span class=\"Bold\">Hoy<a id=\"_idTextAnchor001\"><\/a>, que se me ha presentado ocasi\u00f3n <\/span><span class=\"Translation\">(heute, wo sich mir \/eine\/ Gelegenheit geboten hat; <\/span><span class=\"Translation\"><span class=\"Comment-Words\">presentar<\/span><\/span><span class=\"Translation\"><span class=\"Comments\"> \u2014 zeigen; vorstellen<\/span><\/span><span class=\"Translation\">)<\/span><span class=\"Bold\">, lo he puesto con letras grandes <\/span><span class=\"Translation\">(das habe ich in gro\u00dfen Buchstaben gesetzt = habe ich es in Gro\u00dfbuchstaben gesetzt; <\/span><span class=\"Translation\"><span class=\"Comment-Words\">poner<\/span><\/span><span class=\"Translation\"><span class=\"Comments\"> \u2014 setzen; stellen; legen<\/span><\/span><span class=\"Translation\">)<\/span><span class=\"Bold\"> en la primera cuartilla de papel <\/span><span class=\"Translation\">(auf das erste Blatt: \u00abauf das erste Viertelpapier\u00bb; <\/span><span class=\"Translation\"><span class=\"Comment-Words\">cuarto<\/span><\/span><span class=\"Translation\"><span class=\"Gender _idGenCharOverride-1\">m <\/span><\/span><span class=\"Translation\"><span class=\"Comments\">\u2014 Viertel<\/span><\/span><span class=\"Translation\">)<\/span><span class=\"Bold\">, y luego he dejado a capricho volar la pluma <\/span><span class=\"Translation\">(und dann habe ich nach Belieben die Feder fliegen lassen; <\/span><span class=\"Translation\"><span class=\"Comment-Words\">dejar<\/span><\/span><span class=\"Translation\"><span class=\"Comments\"> \u2014 lassen; <\/span><\/span><span class=\"Translation\"><span class=\"Comment-Words\">capricho<\/span><\/span><span class=\"Translation\"><span class=\"Gender _idGenCharOverride-1\">m <\/span><\/span><span class=\"Translation\"><span class=\"Comments\">\u2014 Laune<\/span><\/span><span class=\"Translation\">)<\/span><span class=\"Bold\">.<\/span><\/p>\r\n\r\n<\/div>\r\n[audio mp3=\"https:\/\/easyoriginal1.s3.eu-central-1.amazonaws.com\/spanisch\/s1\/1.mp3\"][\/audio]\r\n<div class=\"original-container\">\r\n<p class=\"Original\">Hace mucho tiempo que ten\u00eda ganas de escribir cualquier cosa con este t\u00edtulo.<\/p>\r\n<p class=\"Original\">Hoy, que se me ha presentado ocasi\u00f3n, lo he puesto con letras grandes en la primera cuartilla de papel, y luego he dejado a capricho volar la pluma.<\/p>\r\n\r\n<\/div>\r\n<a class=\"weiter\" href=\"\/webreader\/los-ojos-verdes\/fragment\/1-4-2\/\">weiter lesen<\/a>","_et_gb_content_width":""},"product_brand":[],"product_cat":[44],"product_tag":[],"class_list":{"0":"post-8088","1":"product","2":"type-product","3":"status-publish","4":"has-post-thumbnail","6":"product_cat-spanisch-deutsch","8":"first","9":"instock","10":"taxable","11":"shipping-taxable","12":"purchasable","13":"product-type-variable"},"acf":[],"yoast_head":"<!-- This site is optimized with the Yoast SEO plugin v27.3 - https:\/\/yoast.com\/product\/yoast-seo-wordpress\/ -->\n<title>El Monte de las \u00c1nimas \/ Der Berg der Seelen - EasyOriginal.com<\/title>\n<meta name=\"robots\" content=\"index, follow, max-snippet:-1, max-image-preview:large, max-video-preview:-1\" \/>\n<link rel=\"canonical\" href=\"https:\/\/easyoriginal.com\/en\/shop\/spanisch-deutsch\/el-monte-de-las-animas-der-berg-der-seelen\/\" \/>\n<meta property=\"og:locale\" content=\"en_GB\" \/>\n<meta property=\"og:type\" content=\"article\" \/>\n<meta property=\"og:title\" content=\"El Monte de las \u00c1nimas \/ Der Berg der Seelen - EasyOriginal.com\" \/>\n<meta property=\"og:description\" content=\"&quot;El Monte de las \u00c1nimas&quot; (&quot;Der Berg der Seelen&quot;) ist eine Legende\u00a0aus\u00a0Gustavo Adolfo B\u00e9cquer\u00b4s &quot;Leyendas&quot;. B\u00e9cquer z\u00e4hlt zu den bedeutendsten Autoren der spanischen Romantik. Ungek\u00fcrzter Originaltext. Zweisprachiges Buch Spanisch-Deutsch.\" \/>\n<meta property=\"og:url\" content=\"https:\/\/easyoriginal.com\/en\/shop\/spanisch-deutsch\/el-monte-de-las-animas-der-berg-der-seelen\/\" \/>\n<meta property=\"og:site_name\" content=\"EasyOriginal.com\" \/>\n<meta property=\"article:modified_time\" content=\"2024-01-03T23:08:29+00:00\" \/>\n<meta property=\"og:image\" content=\"https:\/\/easyoriginal.com\/wp-content\/uploads\/Becquer_El-Monte-de-las-Animas_cover.jpg\" \/>\n\t<meta property=\"og:image:width\" content=\"468\" \/>\n\t<meta property=\"og:image:height\" content=\"702\" \/>\n\t<meta property=\"og:image:type\" content=\"image\/jpeg\" \/>\n<meta name=\"twitter:card\" content=\"summary_large_image\" \/>\n<meta name=\"twitter:label1\" content=\"Estimated reading time\" \/>\n\t<meta name=\"twitter:data1\" content=\"2 minutes\" \/>\n<script type=\"application\/ld+json\" class=\"yoast-schema-graph\">{\"@context\":\"https:\\\/\\\/schema.org\",\"@graph\":[{\"@type\":\"WebPage\",\"@id\":\"https:\\\/\\\/easyoriginal.com\\\/shop\\\/spanisch-deutsch\\\/el-monte-de-las-animas-der-berg-der-seelen\\\/\",\"url\":\"https:\\\/\\\/easyoriginal.com\\\/shop\\\/spanisch-deutsch\\\/el-monte-de-las-animas-der-berg-der-seelen\\\/\",\"name\":\"El Monte de las \u00c1nimas \\\/ Der Berg der Seelen - EasyOriginal.com\",\"isPartOf\":{\"@id\":\"https:\\\/\\\/easyoriginal.com\\\/#website\"},\"primaryImageOfPage\":{\"@id\":\"https:\\\/\\\/easyoriginal.com\\\/shop\\\/spanisch-deutsch\\\/el-monte-de-las-animas-der-berg-der-seelen\\\/#primaryimage\"},\"image\":{\"@id\":\"https:\\\/\\\/easyoriginal.com\\\/shop\\\/spanisch-deutsch\\\/el-monte-de-las-animas-der-berg-der-seelen\\\/#primaryimage\"},\"thumbnailUrl\":\"https:\\\/\\\/easyoriginal.com\\\/wp-content\\\/uploads\\\/Becquer_El-Monte-de-las-Animas_cover.jpg\",\"datePublished\":\"2021-01-30T21:18:03+00:00\",\"dateModified\":\"2024-01-03T23:08:29+00:00\",\"breadcrumb\":{\"@id\":\"https:\\\/\\\/easyoriginal.com\\\/shop\\\/spanisch-deutsch\\\/el-monte-de-las-animas-der-berg-der-seelen\\\/#breadcrumb\"},\"inLanguage\":\"en-GB\",\"potentialAction\":[{\"@type\":\"ReadAction\",\"target\":[\"https:\\\/\\\/easyoriginal.com\\\/shop\\\/spanisch-deutsch\\\/el-monte-de-las-animas-der-berg-der-seelen\\\/\"]}]},{\"@type\":\"ImageObject\",\"inLanguage\":\"en-GB\",\"@id\":\"https:\\\/\\\/easyoriginal.com\\\/shop\\\/spanisch-deutsch\\\/el-monte-de-las-animas-der-berg-der-seelen\\\/#primaryimage\",\"url\":\"https:\\\/\\\/easyoriginal.com\\\/wp-content\\\/uploads\\\/Becquer_El-Monte-de-las-Animas_cover.jpg\",\"contentUrl\":\"https:\\\/\\\/easyoriginal.com\\\/wp-content\\\/uploads\\\/Becquer_El-Monte-de-las-Animas_cover.jpg\",\"width\":468,\"height\":702,\"caption\":\"Zweisprachiges buch spanisch-deutsch, spanische lekt\u00fcre, spanische kurzgeschichten, gustavo adolfo becquer\"},{\"@type\":\"BreadcrumbList\",\"@id\":\"https:\\\/\\\/easyoriginal.com\\\/shop\\\/spanisch-deutsch\\\/el-monte-de-las-animas-der-berg-der-seelen\\\/#breadcrumb\",\"itemListElement\":[{\"@type\":\"ListItem\",\"position\":1,\"name\":\"Startseite\",\"item\":\"https:\\\/\\\/easyoriginal.com\\\/\"},{\"@type\":\"ListItem\",\"position\":2,\"name\":\"Shop\",\"item\":\"https:\\\/\\\/easyoriginal.com\\\/shop\\\/\"},{\"@type\":\"ListItem\",\"position\":3,\"name\":\"El Monte de las \u00c1nimas \\\/ Der Berg der Seelen\"}]},{\"@type\":\"WebSite\",\"@id\":\"https:\\\/\\\/easyoriginal.com\\\/#website\",\"url\":\"https:\\\/\\\/easyoriginal.com\\\/\",\"name\":\"EasyOriginal.com\",\"description\":\"Spa\u00df am Lesen im Original - Innovative Lesemethode f\u00fcr Fremdsprachen\",\"publisher\":{\"@id\":\"https:\\\/\\\/easyoriginal.com\\\/#organization\"},\"potentialAction\":[{\"@type\":\"SearchAction\",\"target\":{\"@type\":\"EntryPoint\",\"urlTemplate\":\"https:\\\/\\\/easyoriginal.com\\\/?s={search_term_string}\"},\"query-input\":{\"@type\":\"PropertyValueSpecification\",\"valueRequired\":true,\"valueName\":\"search_term_string\"}}],\"inLanguage\":\"en-GB\"},{\"@type\":\"Organization\",\"@id\":\"https:\\\/\\\/easyoriginal.com\\\/#organization\",\"name\":\"EasyOriginal Verlag\",\"url\":\"https:\\\/\\\/easyoriginal.com\\\/\",\"logo\":{\"@type\":\"ImageObject\",\"inLanguage\":\"en-GB\",\"@id\":\"https:\\\/\\\/easyoriginal.com\\\/#\\\/schema\\\/logo\\\/image\\\/\",\"url\":\"https:\\\/\\\/easyoriginal.com\\\/wp-content\\\/uploads\\\/2020\\\/08\\\/logo_main.png\",\"contentUrl\":\"https:\\\/\\\/easyoriginal.com\\\/wp-content\\\/uploads\\\/2020\\\/08\\\/logo_main.png\",\"width\":500,\"height\":103,\"caption\":\"EasyOriginal Verlag\"},\"image\":{\"@id\":\"https:\\\/\\\/easyoriginal.com\\\/#\\\/schema\\\/logo\\\/image\\\/\"}}]}<\/script>\n<!-- \/ Yoast SEO plugin. -->","yoast_head_json":{"title":"El Monte de las \u00c1nimas \/ Der Berg der Seelen - EasyOriginal.com","robots":{"index":"index","follow":"follow","max-snippet":"max-snippet:-1","max-image-preview":"max-image-preview:large","max-video-preview":"max-video-preview:-1"},"canonical":"https:\/\/easyoriginal.com\/en\/shop\/spanisch-deutsch\/el-monte-de-las-animas-der-berg-der-seelen\/","og_locale":"en_GB","og_type":"article","og_title":"El Monte de las \u00c1nimas \/ Der Berg der Seelen - EasyOriginal.com","og_description":"\"El Monte de las \u00c1nimas\" (\"Der Berg der Seelen\") ist eine Legende\u00a0aus\u00a0Gustavo Adolfo B\u00e9cquer\u00b4s \"Leyendas\". B\u00e9cquer z\u00e4hlt zu den bedeutendsten Autoren der spanischen Romantik. Ungek\u00fcrzter Originaltext. Zweisprachiges Buch Spanisch-Deutsch.","og_url":"https:\/\/easyoriginal.com\/en\/shop\/spanisch-deutsch\/el-monte-de-las-animas-der-berg-der-seelen\/","og_site_name":"EasyOriginal.com","article_modified_time":"2024-01-03T23:08:29+00:00","og_image":[{"width":468,"height":702,"url":"https:\/\/easyoriginal.com\/wp-content\/uploads\/Becquer_El-Monte-de-las-Animas_cover.jpg","type":"image\/jpeg"}],"twitter_card":"summary_large_image","twitter_misc":{"Estimated reading time":"2 minutes"},"schema":{"@context":"https:\/\/schema.org","@graph":[{"@type":"WebPage","@id":"https:\/\/easyoriginal.com\/shop\/spanisch-deutsch\/el-monte-de-las-animas-der-berg-der-seelen\/","url":"https:\/\/easyoriginal.com\/shop\/spanisch-deutsch\/el-monte-de-las-animas-der-berg-der-seelen\/","name":"El Monte de las \u00c1nimas \/ Der Berg der Seelen - EasyOriginal.com","isPartOf":{"@id":"https:\/\/easyoriginal.com\/#website"},"primaryImageOfPage":{"@id":"https:\/\/easyoriginal.com\/shop\/spanisch-deutsch\/el-monte-de-las-animas-der-berg-der-seelen\/#primaryimage"},"image":{"@id":"https:\/\/easyoriginal.com\/shop\/spanisch-deutsch\/el-monte-de-las-animas-der-berg-der-seelen\/#primaryimage"},"thumbnailUrl":"https:\/\/easyoriginal.com\/wp-content\/uploads\/Becquer_El-Monte-de-las-Animas_cover.jpg","datePublished":"2021-01-30T21:18:03+00:00","dateModified":"2024-01-03T23:08:29+00:00","breadcrumb":{"@id":"https:\/\/easyoriginal.com\/shop\/spanisch-deutsch\/el-monte-de-las-animas-der-berg-der-seelen\/#breadcrumb"},"inLanguage":"en-GB","potentialAction":[{"@type":"ReadAction","target":["https:\/\/easyoriginal.com\/shop\/spanisch-deutsch\/el-monte-de-las-animas-der-berg-der-seelen\/"]}]},{"@type":"ImageObject","inLanguage":"en-GB","@id":"https:\/\/easyoriginal.com\/shop\/spanisch-deutsch\/el-monte-de-las-animas-der-berg-der-seelen\/#primaryimage","url":"https:\/\/easyoriginal.com\/wp-content\/uploads\/Becquer_El-Monte-de-las-Animas_cover.jpg","contentUrl":"https:\/\/easyoriginal.com\/wp-content\/uploads\/Becquer_El-Monte-de-las-Animas_cover.jpg","width":468,"height":702,"caption":"Zweisprachiges buch spanisch-deutsch, spanische lekt\u00fcre, spanische kurzgeschichten, gustavo adolfo becquer"},{"@type":"BreadcrumbList","@id":"https:\/\/easyoriginal.com\/shop\/spanisch-deutsch\/el-monte-de-las-animas-der-berg-der-seelen\/#breadcrumb","itemListElement":[{"@type":"ListItem","position":1,"name":"Startseite","item":"https:\/\/easyoriginal.com\/"},{"@type":"ListItem","position":2,"name":"Shop","item":"https:\/\/easyoriginal.com\/shop\/"},{"@type":"ListItem","position":3,"name":"El Monte de las \u00c1nimas \/ Der Berg der Seelen"}]},{"@type":"WebSite","@id":"https:\/\/easyoriginal.com\/#website","url":"https:\/\/easyoriginal.com\/","name":"EasyOriginal.com","description":"Spa\u00df am Lesen im Original - Innovative Lesemethode f\u00fcr Fremdsprachen","publisher":{"@id":"https:\/\/easyoriginal.com\/#organization"},"potentialAction":[{"@type":"SearchAction","target":{"@type":"EntryPoint","urlTemplate":"https:\/\/easyoriginal.com\/?s={search_term_string}"},"query-input":{"@type":"PropertyValueSpecification","valueRequired":true,"valueName":"search_term_string"}}],"inLanguage":"en-GB"},{"@type":"Organization","@id":"https:\/\/easyoriginal.com\/#organization","name":"EasyOriginal Verlag","url":"https:\/\/easyoriginal.com\/","logo":{"@type":"ImageObject","inLanguage":"en-GB","@id":"https:\/\/easyoriginal.com\/#\/schema\/logo\/image\/","url":"https:\/\/easyoriginal.com\/wp-content\/uploads\/2020\/08\/logo_main.png","contentUrl":"https:\/\/easyoriginal.com\/wp-content\/uploads\/2020\/08\/logo_main.png","width":500,"height":103,"caption":"EasyOriginal Verlag"},"image":{"@id":"https:\/\/easyoriginal.com\/#\/schema\/logo\/image\/"}}]}},"_links":{"self":[{"href":"https:\/\/easyoriginal.com\/en\/wp-json\/wp\/v2\/product\/8088","targetHints":{"allow":["GET"]}}],"collection":[{"href":"https:\/\/easyoriginal.com\/en\/wp-json\/wp\/v2\/product"}],"about":[{"href":"https:\/\/easyoriginal.com\/en\/wp-json\/wp\/v2\/types\/product"}],"replies":[{"embeddable":true,"href":"https:\/\/easyoriginal.com\/en\/wp-json\/wp\/v2\/comments?post=8088"}],"wp:featuredmedia":[{"embeddable":true,"href":"https:\/\/easyoriginal.com\/en\/wp-json\/wp\/v2\/media\/8521"}],"wp:attachment":[{"href":"https:\/\/easyoriginal.com\/en\/wp-json\/wp\/v2\/media?parent=8088"}],"wp:term":[{"taxonomy":"product_brand","embeddable":true,"href":"https:\/\/easyoriginal.com\/en\/wp-json\/wp\/v2\/product_brand?post=8088"},{"taxonomy":"product_cat","embeddable":true,"href":"https:\/\/easyoriginal.com\/en\/wp-json\/wp\/v2\/product_cat?post=8088"},{"taxonomy":"product_tag","embeddable":true,"href":"https:\/\/easyoriginal.com\/en\/wp-json\/wp\/v2\/product_tag?post=8088"}],"curies":[{"name":"wp","href":"https:\/\/api.w.org\/{rel}","templated":true}]}}