{"id":8082,"date":"2021-01-30T22:01:16","date_gmt":"2021-01-30T21:01:16","guid":{"rendered":"https:\/\/easyoriginal.com\/?post_type=product&#038;p=8082"},"modified":"2024-07-03T10:05:03","modified_gmt":"2024-07-03T08:05:03","slug":"el-principe-tomasito-y-san-jose-prinz-tomasito-und-der-heilige-josef","status":"publish","type":"product","link":"https:\/\/easyoriginal.com\/en\/shop\/spanisch-deutsch\/el-principe-tomasito-y-san-jose-prinz-tomasito-und-der-heilige-josef\/","title":{"rendered":"El pr\u00edncipe Tomasito y San Jos\u00e9 \/ Prinz Tomasito und der Heilige Josef"},"content":{"rendered":"<div class=\"adapted-container\">\n<p class=\"Adapted\" lang=\"de-DE\"><span lang=\"ar-SA\">\u00c9rase <\/span><span class=\"Translation\">(es war; <\/span><span class=\"Translation\"><span class=\"Comments\">ser<\/span><\/span><span class=\"Translation\">)<\/span><span class=\"Bold\"> una vez <\/span><span class=\"Translation\">(ein Mal)<\/span><span class=\"Bold\"> un rey <\/span><span class=\"Translation\">(ein K\u00f6nig)<\/span><span class=\"Bold\"> que ten\u00eda un hijo <\/span><span class=\"Translation\">(der hatte einen Sohn; t<\/span><span class=\"Translation\"><span class=\"Comments\">ener<\/span><\/span><span class=\"Translation\">)<\/span> <span class=\"Bold\">de catorce a\u00f1os <\/span><span class=\"Translation\">(von vierzehn Jahren)<\/span><span class=\"Bold\">.<\/span><\/p>\n<p class=\"Adapted\" lang=\"de-DE\"><span class=\"Bold\">Todas las tardes <\/span><span class=\"Translation CharOverride-1\">(<\/span><span class=\"Translation\">alle die Abende = jeden Abend)<\/span><span class=\"Bold\"> iban de paseo <\/span><span class=\"Translation\"><span class=\"Transcription\">(gingen sie spazieren;<\/span><\/span> <span class=\"Translation\"><span class=\"Comments\">ir;<\/span><\/span> <span class=\"Translation\"><span class=\"Comment-Words\">paseo<\/span><\/span><span class=\"Translation\"><span class=\"Gender _idGenCharOverride-1\">m <\/span><\/span><span class=\"Translation\"><span class=\"Comments\">\u2014 Spaziergang;<\/span><\/span> <span class=\"Translation\"><span class=\"Comment-Words\">pasear <\/span><\/span><span class=\"Translation\"><span class=\"Comments\">\u2014 spazieren<\/span><\/span><span class=\"Translation\">)<\/span><span class=\"Bold\"> el monarca y el principito <\/span><span class=\"Translation\">(der Monarch und der kleine Prinz: \u00abdas Prinzchen\u00bb)<\/span> <span class=\"Bold\">hasta la Fuente del Arenal <\/span><span class=\"Translation\">(bis zur Sandigen Quelle; <\/span><span class=\"Translation\"><span class=\"Comment-Words\">arenal<\/span><\/span><span class=\"Translation\"><span class=\"Gender _idGenCharOverride-1\">m <\/span><\/span><span class=\"Translation\"><span class=\"Comments\">\u2014 Sandfl\u00e4che, Sandgrube<\/span><\/span><span class=\"Translation\">)<\/span><span class=\"Bold\">.<\/span><\/p>\n<p class=\"Adapted\" lang=\"de-DE\"><span class=\"Bold\" lang=\"ru-RU\">La Fuente del Arenal estaba situada <\/span><span class=\"Translation\" lang=\"ru-RU\">(die Sandige Quelle befand sich: \u00abwar platziert\u00bb;<\/span> <span class=\"Translation\"><span class=\"Comment-Words\" lang=\"ru-RU\">situar<\/span><\/span> <span class=\"Translation\"><span class=\"Comments\" lang=\"ru-RU\">\u2014 stellen, platzieren<\/span><\/span><span class=\"Translation\" lang=\"ru-RU\">)<\/span><span class=\"Bold\" lang=\"ru-RU\"> en el centro de los jardines <\/span><span class=\"Translation\" lang=\"ru-RU\">(im Zentrum der G\u00e4rten;<\/span> <span class=\"Translation\"><span class=\"Comments\" lang=\"ru-RU\">jard\u00edn<\/span><\/span><span class=\"Translation\"><span class=\"Gender CharOverride-2\" lang=\"ru-RU\">m <\/span><\/span><span class=\"Translation\" lang=\"ru-RU\">)<\/span><span class=\"Bold\" lang=\"ru-RU\"> de un palacio abandonado <\/span><span class=\"Translation\" lang=\"ru-RU\">(eines verlassenen Palastes;<\/span> <span class=\"Translation\"><span class=\"Comment-Words\" lang=\"ru-RU\">abandonar<\/span><\/span> <span class=\"Translation\"><span class=\"Comments\" lang=\"ru-RU\">\u2014 verlassen, aufgeben<\/span><\/span><span class=\"Translation\" lang=\"ru-RU\">)<\/span><span class=\"Bold\" lang=\"ru-RU\">, en el que<\/span> <span class=\"Translation\" lang=\"ru-RU\">(in dem)<\/span><span class=\"Bold\" lang=\"ru-RU\"> se dec\u00eda <\/span><span class=\"Translation\" lang=\"ru-RU\">(sagte man; <\/span><span class=\"Translation\"><span class=\"Comments\" lang=\"ru-RU\">decir<\/span><\/span><span class=\"Translation\" lang=\"ru-RU\">)<\/span><span class=\"Bold\" lang=\"ru-RU\"> que viv\u00edan tres brujas <\/span><span class=\"Translation\" lang=\"ru-RU\">(dass drei Hexen lebten;<\/span> <span class=\"Translation\"><span class=\"Comments\" lang=\"ru-RU\">vivir<\/span><\/span><span class=\"Translation\" lang=\"ru-RU\">)<\/span><span class=\"Bold\" lang=\"ru-RU\">, llamadas <\/span><span class=\"Translation\" lang=\"ru-RU\">(genannt; <\/span><span class=\"Translation\"><span class=\"Comment-Words\" lang=\"ru-RU\">llamar <\/span><\/span><span class=\"Translation\"><span class=\"Comments\" lang=\"ru-RU\">\u2014 rufen; nennen<\/span><\/span><span class=\"Translation\" lang=\"ru-RU\">)<\/span><span class=\"Bold\" lang=\"ru-RU\"> Mauregata, Gundemara y Espinarda <\/span><span class=\"Translation\" lang=\"ru-RU\">(Mauregata, Gundemara und Espinarda)<\/span><span class=\"Bold\" lang=\"ru-RU\">.<\/span><\/p>\n<\/div>\n<audio class=\"wp-audio-shortcode\" id=\"audio-8082-1\" preload=\"none\" style=\"width: 100%;\" controls=\"controls\"><source type=\"audio\/mpeg\" src=\"https:\/\/easyoriginal1.s3.eu-central-1.amazonaws.com\/spanisch\/s3\/1.mp3?_=1\" \/><a href=\"https:\/\/easyoriginal1.s3.eu-central-1.amazonaws.com\/spanisch\/s3\/1.mp3\">https:\/\/easyoriginal1.s3.eu-central-1.amazonaws.com\/spanisch\/s3\/1.mp3<\/a><\/audio>\n<div class=\"original-container\">\n<p class=\"Original\" lang=\"en-US\"><span lang=\"ar-SA\">\u00c9rase una vez un rey que ten\u00eda un hijo de catorce a\u00f1os.<\/span><\/p>\n<p class=\"Original\" lang=\"en-US\"><span lang=\"ru-RU\">Todas las tardes iban de paseo el monarca y el principito hasta la Fuente del Arenal.<\/span><\/p>\n<p class=\"Original\" lang=\"en-US\"><span lang=\"ru-RU\">La Fuente del Arenal estaba situada en el centro de los jardines de un palacio abandonado, en el que se dec\u00eda que viv\u00edan tres brujas, llamadas Mauregata, Gundemara y Espinarda.<\/span><\/p>\n<\/div>","protected":false},"excerpt":{"rendered":"<p>Entdecken Sie die Magie und die Moral, die in den spannenden Zauberm\u00e4rchen von &#8222;El pr\u00edncipe Tomasito y San Jos\u00e9&#8220; und &#8222;El Cristo del convite&#8220; verwoben sind. Diese zwei au\u00dfergew\u00f6hnlichen Geschichten entf\u00fchren die Leser in eine Welt, in der das \u00dcbernat\u00fcrliche und das Menschliche auf faszinierende Weise zusammenkommen.<\/p>\n<p>In &#8222;El pr\u00edncipe Tomasito y San Jos\u00e9&#8220; begleiten wir den jungen Prinzen Tomasito auf einer heldenhaften Reise voller Mut und List, um das K\u00f6nigreich vor den finsteren Machenschaften einer m\u00e4chtigen Hexe zu retten. Diese Geschichte ist eine Ode an die St\u00e4rke des Herzens und den unersch\u00fctterlichen Glauben an das Gute, eingebettet in ein Abenteuer, das vor Zauber und Gefahr nur so spr\u00fcht.<\/p>\n<p>&#8222;El Cristo del convite&#8220; hingegen erz\u00e4hlt die r\u00fchrende Geschichte einer armen, aber gro\u00dfherzigen Frau, deren einfache Akte der G\u00fcte von einer himmlischen Macht belohnt werden. Diese Erz\u00e4hlung beleuchtet die Bedeutung der N\u00e4chstenliebe und die unerwarteten Segnungen, die durch Akte der Selbstlosigkeit entstehen k\u00f6nnen.<\/p>\n<p>Beide Geschichten zeichnen sich durch ihre tiefen moralischen Lehren und die bezaubernde Darstellung des spanischen Kulturerbes aus. Sie sind ein unverzichtbares Lesevergn\u00fcgen f\u00fcr jeden, der an die Macht der Magie, die Wichtigkeit von Mitgef\u00fchl und die unzerbrechliche Verbindung zwischen menschlichen Tugenden und dem \u00dcbernat\u00fcrlichen glaubt.<\/p>\n<p>Lassen Sie sich von Spanische Zauberm\u00e4rchen in eine Welt entf\u00fchren, in der jede Seite mit Hoffnung, Herausforderung und der unausl\u00f6schlichen Kraft des Guten gl\u00e4nzt. Ein literarisches Juwel, das beweist, wie tiefgreifend Geschichten unser Leben bereichern und ver\u00e4ndern k\u00f6nnen.<\/p>\n<p>Ungek\u00fcrzter Originaltext. Zweisprachiges Buch Spanisch-Deutsch.<\/p>","protected":false},"featured_media":13504,"comment_status":"open","ping_status":"closed","template":"","meta":{"_acf_changed":false,"_et_pb_use_builder":"off","_et_pb_old_content":"<div class=\"adapted-container\">\r\n<p class=\"Adapted\"><span class=\"Bold\">Hace mucho tiempo que ten\u00eda ganas de escribir <\/span><span class=\"Translation\">(seit langer Zeit hatte ich Lust zu schreiben; <\/span><span class=\"Translation\"><span class=\"Comment-Words\">tener<\/span><\/span><span class=\"Translation\"><span class=\"Comments\"> \u2014 haben<\/span><\/span><span class=\"Translation\">)<\/span><span class=\"Bold\"> cualquier cosa con este t\u00edtulo <\/span><span class=\"Translation\">(irgendetwas mit diesem Titel)<\/span><span class=\"Bold\">.<\/span><\/p>\r\n<p class=\"Adapted\"><span class=\"Bold\">Hoy<a id=\"_idTextAnchor001\"><\/a>, que se me ha presentado ocasi\u00f3n <\/span><span class=\"Translation\">(heute, wo sich mir \/eine\/ Gelegenheit geboten hat; <\/span><span class=\"Translation\"><span class=\"Comment-Words\">presentar<\/span><\/span><span class=\"Translation\"><span class=\"Comments\"> \u2014 zeigen; vorstellen<\/span><\/span><span class=\"Translation\">)<\/span><span class=\"Bold\">, lo he puesto con letras grandes <\/span><span class=\"Translation\">(das habe ich in gro\u00dfen Buchstaben gesetzt = habe ich es in Gro\u00dfbuchstaben gesetzt; <\/span><span class=\"Translation\"><span class=\"Comment-Words\">poner<\/span><\/span><span class=\"Translation\"><span class=\"Comments\"> \u2014 setzen; stellen; legen<\/span><\/span><span class=\"Translation\">)<\/span><span class=\"Bold\"> en la primera cuartilla de papel <\/span><span class=\"Translation\">(auf das erste Blatt: \u00abauf das erste Viertelpapier\u00bb; <\/span><span class=\"Translation\"><span class=\"Comment-Words\">cuarto<\/span><\/span><span class=\"Translation\"><span class=\"Gender _idGenCharOverride-1\">m <\/span><\/span><span class=\"Translation\"><span class=\"Comments\">\u2014 Viertel<\/span><\/span><span class=\"Translation\">)<\/span><span class=\"Bold\">, y luego he dejado a capricho volar la pluma <\/span><span class=\"Translation\">(und dann habe ich nach Belieben die Feder fliegen lassen; <\/span><span class=\"Translation\"><span class=\"Comment-Words\">dejar<\/span><\/span><span class=\"Translation\"><span class=\"Comments\"> \u2014 lassen; <\/span><\/span><span class=\"Translation\"><span class=\"Comment-Words\">capricho<\/span><\/span><span class=\"Translation\"><span class=\"Gender _idGenCharOverride-1\">m <\/span><\/span><span class=\"Translation\"><span class=\"Comments\">\u2014 Laune<\/span><\/span><span class=\"Translation\">)<\/span><span class=\"Bold\">.<\/span><\/p>\r\n\r\n<\/div>\r\n[audio mp3=\"https:\/\/easyoriginal1.s3.eu-central-1.amazonaws.com\/spanisch\/s1\/1.mp3\"][\/audio]\r\n<div class=\"original-container\">\r\n<p class=\"Original\">Hace mucho tiempo que ten\u00eda ganas de escribir cualquier cosa con este t\u00edtulo.<\/p>\r\n<p class=\"Original\">Hoy, que se me ha presentado ocasi\u00f3n, lo he puesto con letras grandes en la primera cuartilla de papel, y luego he dejado a capricho volar la pluma.<\/p>\r\n\r\n<\/div>\r\n<a class=\"weiter\" href=\"\/webreader\/los-ojos-verdes\/fragment\/1-4-2\/\">weiter lesen<\/a>","_et_gb_content_width":""},"product_brand":[],"product_cat":[44],"product_tag":[164,163],"class_list":{"0":"post-8082","1":"product","2":"type-product","3":"status-publish","4":"has-post-thumbnail","6":"product_cat-spanisch-deutsch","7":"product_tag-anfaenger","8":"product_tag-maerchen","10":"first","11":"instock","12":"taxable","13":"shipping-taxable","14":"purchasable","15":"product-type-variable"},"acf":[],"yoast_head":"<!-- This site is optimized with the Yoast SEO plugin v27.3 - https:\/\/yoast.com\/product\/yoast-seo-wordpress\/ -->\n<title>El pr\u00edncipe Tomasito y San Jos\u00e9 \/ Prinz Tomasito und der Heilige Josef - EasyOriginal.com<\/title>\n<meta name=\"robots\" content=\"index, follow, max-snippet:-1, max-image-preview:large, max-video-preview:-1\" \/>\n<link rel=\"canonical\" href=\"https:\/\/easyoriginal.com\/en\/shop\/spanisch-deutsch\/el-principe-tomasito-y-san-jose-prinz-tomasito-und-der-heilige-josef\/\" \/>\n<meta property=\"og:locale\" content=\"en_GB\" \/>\n<meta property=\"og:type\" content=\"article\" \/>\n<meta property=\"og:title\" content=\"El pr\u00edncipe Tomasito y San Jos\u00e9 \/ Prinz Tomasito und der Heilige Josef - EasyOriginal.com\" \/>\n<meta property=\"og:description\" content=\"Entdecken Sie die Magie und die Moral, die in den spannenden Zauberm\u00e4rchen von &quot;El pr\u00edncipe Tomasito y San Jos\u00e9&quot; und &quot;El Cristo del convite&quot; verwoben sind. Diese zwei au\u00dfergew\u00f6hnlichen Geschichten entf\u00fchren die Leser in eine Welt, in der das \u00dcbernat\u00fcrliche und das Menschliche auf faszinierende Weise zusammenkommen.  In &quot;El pr\u00edncipe Tomasito y San Jos\u00e9&quot; begleiten wir den jungen Prinzen Tomasito auf einer heldenhaften Reise voller Mut und List, um das K\u00f6nigreich vor den finsteren Machenschaften einer m\u00e4chtigen Hexe zu retten. Diese Geschichte ist eine Ode an die St\u00e4rke des Herzens und den unersch\u00fctterlichen Glauben an das Gute, eingebettet in ein Abenteuer, das vor Zauber und Gefahr nur so spr\u00fcht.  &quot;El Cristo del convite&quot; hingegen erz\u00e4hlt die r\u00fchrende Geschichte einer armen, aber gro\u00dfherzigen Frau, deren einfache Akte der G\u00fcte von einer himmlischen Macht belohnt werden. Diese Erz\u00e4hlung beleuchtet die Bedeutung der N\u00e4chstenliebe und die unerwarteten Segnungen, die durch Akte der Selbstlosigkeit entstehen k\u00f6nnen.  Beide Geschichten zeichnen sich durch ihre tiefen moralischen Lehren und die bezaubernde Darstellung des spanischen Kulturerbes aus. Sie sind ein unverzichtbares Lesevergn\u00fcgen f\u00fcr jeden, der an die Macht der Magie, die Wichtigkeit von Mitgef\u00fchl und die unzerbrechliche Verbindung zwischen menschlichen Tugenden und dem \u00dcbernat\u00fcrlichen glaubt.  Lassen Sie sich von Spanische Zauberm\u00e4rchen in eine Welt entf\u00fchren, in der jede Seite mit Hoffnung, Herausforderung und der unausl\u00f6schlichen Kraft des Guten gl\u00e4nzt. Ein literarisches Juwel, das beweist, wie tiefgreifend Geschichten unser Leben bereichern und ver\u00e4ndern k\u00f6nnen.  Ungek\u00fcrzter Originaltext. Zweisprachiges Buch Spanisch-Deutsch.\" \/>\n<meta property=\"og:url\" content=\"https:\/\/easyoriginal.com\/en\/shop\/spanisch-deutsch\/el-principe-tomasito-y-san-jose-prinz-tomasito-und-der-heilige-josef\/\" \/>\n<meta property=\"og:site_name\" content=\"EasyOriginal.com\" \/>\n<meta property=\"article:modified_time\" content=\"2024-07-03T08:05:03+00:00\" \/>\n<meta property=\"og:image\" content=\"https:\/\/easyoriginal.com\/wp-content\/uploads\/cuentos_el_principe_tomasito_y_san_jose_cover_2024.jpg\" \/>\n\t<meta property=\"og:image:width\" content=\"1600\" \/>\n\t<meta property=\"og:image:height\" content=\"2400\" \/>\n\t<meta property=\"og:image:type\" content=\"image\/jpeg\" \/>\n<meta name=\"twitter:card\" content=\"summary_large_image\" \/>\n<meta name=\"twitter:label1\" content=\"Estimated reading time\" \/>\n\t<meta name=\"twitter:data1\" content=\"2 minutes\" \/>\n<script type=\"application\/ld+json\" class=\"yoast-schema-graph\">{\"@context\":\"https:\\\/\\\/schema.org\",\"@graph\":[{\"@type\":\"WebPage\",\"@id\":\"https:\\\/\\\/easyoriginal.com\\\/shop\\\/spanisch-deutsch\\\/el-principe-tomasito-y-san-jose-prinz-tomasito-und-der-heilige-josef\\\/\",\"url\":\"https:\\\/\\\/easyoriginal.com\\\/shop\\\/spanisch-deutsch\\\/el-principe-tomasito-y-san-jose-prinz-tomasito-und-der-heilige-josef\\\/\",\"name\":\"El pr\u00edncipe Tomasito y San Jos\u00e9 \\\/ Prinz Tomasito und der Heilige Josef - EasyOriginal.com\",\"isPartOf\":{\"@id\":\"https:\\\/\\\/easyoriginal.com\\\/#website\"},\"primaryImageOfPage\":{\"@id\":\"https:\\\/\\\/easyoriginal.com\\\/shop\\\/spanisch-deutsch\\\/el-principe-tomasito-y-san-jose-prinz-tomasito-und-der-heilige-josef\\\/#primaryimage\"},\"image\":{\"@id\":\"https:\\\/\\\/easyoriginal.com\\\/shop\\\/spanisch-deutsch\\\/el-principe-tomasito-y-san-jose-prinz-tomasito-und-der-heilige-josef\\\/#primaryimage\"},\"thumbnailUrl\":\"https:\\\/\\\/easyoriginal.com\\\/wp-content\\\/uploads\\\/cuentos_el_principe_tomasito_y_san_jose_cover_2024.jpg\",\"datePublished\":\"2021-01-30T21:01:16+00:00\",\"dateModified\":\"2024-07-03T08:05:03+00:00\",\"breadcrumb\":{\"@id\":\"https:\\\/\\\/easyoriginal.com\\\/shop\\\/spanisch-deutsch\\\/el-principe-tomasito-y-san-jose-prinz-tomasito-und-der-heilige-josef\\\/#breadcrumb\"},\"inLanguage\":\"en-GB\",\"potentialAction\":[{\"@type\":\"ReadAction\",\"target\":[\"https:\\\/\\\/easyoriginal.com\\\/shop\\\/spanisch-deutsch\\\/el-principe-tomasito-y-san-jose-prinz-tomasito-und-der-heilige-josef\\\/\"]}]},{\"@type\":\"ImageObject\",\"inLanguage\":\"en-GB\",\"@id\":\"https:\\\/\\\/easyoriginal.com\\\/shop\\\/spanisch-deutsch\\\/el-principe-tomasito-y-san-jose-prinz-tomasito-und-der-heilige-josef\\\/#primaryimage\",\"url\":\"https:\\\/\\\/easyoriginal.com\\\/wp-content\\\/uploads\\\/cuentos_el_principe_tomasito_y_san_jose_cover_2024.jpg\",\"contentUrl\":\"https:\\\/\\\/easyoriginal.com\\\/wp-content\\\/uploads\\\/cuentos_el_principe_tomasito_y_san_jose_cover_2024.jpg\",\"width\":1600,\"height\":2400},{\"@type\":\"BreadcrumbList\",\"@id\":\"https:\\\/\\\/easyoriginal.com\\\/shop\\\/spanisch-deutsch\\\/el-principe-tomasito-y-san-jose-prinz-tomasito-und-der-heilige-josef\\\/#breadcrumb\",\"itemListElement\":[{\"@type\":\"ListItem\",\"position\":1,\"name\":\"Startseite\",\"item\":\"https:\\\/\\\/easyoriginal.com\\\/\"},{\"@type\":\"ListItem\",\"position\":2,\"name\":\"Shop\",\"item\":\"https:\\\/\\\/easyoriginal.com\\\/shop\\\/\"},{\"@type\":\"ListItem\",\"position\":3,\"name\":\"El pr\u00edncipe Tomasito y San Jos\u00e9 \\\/ Prinz Tomasito und der Heilige Josef\"}]},{\"@type\":\"WebSite\",\"@id\":\"https:\\\/\\\/easyoriginal.com\\\/#website\",\"url\":\"https:\\\/\\\/easyoriginal.com\\\/\",\"name\":\"EasyOriginal.com\",\"description\":\"Spa\u00df am Lesen im Original - Innovative Lesemethode f\u00fcr Fremdsprachen\",\"publisher\":{\"@id\":\"https:\\\/\\\/easyoriginal.com\\\/#organization\"},\"potentialAction\":[{\"@type\":\"SearchAction\",\"target\":{\"@type\":\"EntryPoint\",\"urlTemplate\":\"https:\\\/\\\/easyoriginal.com\\\/?s={search_term_string}\"},\"query-input\":{\"@type\":\"PropertyValueSpecification\",\"valueRequired\":true,\"valueName\":\"search_term_string\"}}],\"inLanguage\":\"en-GB\"},{\"@type\":\"Organization\",\"@id\":\"https:\\\/\\\/easyoriginal.com\\\/#organization\",\"name\":\"EasyOriginal Verlag\",\"url\":\"https:\\\/\\\/easyoriginal.com\\\/\",\"logo\":{\"@type\":\"ImageObject\",\"inLanguage\":\"en-GB\",\"@id\":\"https:\\\/\\\/easyoriginal.com\\\/#\\\/schema\\\/logo\\\/image\\\/\",\"url\":\"https:\\\/\\\/easyoriginal.com\\\/wp-content\\\/uploads\\\/2020\\\/08\\\/logo_main.png\",\"contentUrl\":\"https:\\\/\\\/easyoriginal.com\\\/wp-content\\\/uploads\\\/2020\\\/08\\\/logo_main.png\",\"width\":500,\"height\":103,\"caption\":\"EasyOriginal Verlag\"},\"image\":{\"@id\":\"https:\\\/\\\/easyoriginal.com\\\/#\\\/schema\\\/logo\\\/image\\\/\"}}]}<\/script>\n<!-- \/ Yoast SEO plugin. -->","yoast_head_json":{"title":"El pr\u00edncipe Tomasito y San Jos\u00e9 \/ Prinz Tomasito und der Heilige Josef - EasyOriginal.com","robots":{"index":"index","follow":"follow","max-snippet":"max-snippet:-1","max-image-preview":"max-image-preview:large","max-video-preview":"max-video-preview:-1"},"canonical":"https:\/\/easyoriginal.com\/en\/shop\/spanisch-deutsch\/el-principe-tomasito-y-san-jose-prinz-tomasito-und-der-heilige-josef\/","og_locale":"en_GB","og_type":"article","og_title":"El pr\u00edncipe Tomasito y San Jos\u00e9 \/ Prinz Tomasito und der Heilige Josef - EasyOriginal.com","og_description":"Entdecken Sie die Magie und die Moral, die in den spannenden Zauberm\u00e4rchen von \"El pr\u00edncipe Tomasito y San Jos\u00e9\" und \"El Cristo del convite\" verwoben sind. Diese zwei au\u00dfergew\u00f6hnlichen Geschichten entf\u00fchren die Leser in eine Welt, in der das \u00dcbernat\u00fcrliche und das Menschliche auf faszinierende Weise zusammenkommen.  In \"El pr\u00edncipe Tomasito y San Jos\u00e9\" begleiten wir den jungen Prinzen Tomasito auf einer heldenhaften Reise voller Mut und List, um das K\u00f6nigreich vor den finsteren Machenschaften einer m\u00e4chtigen Hexe zu retten. Diese Geschichte ist eine Ode an die St\u00e4rke des Herzens und den unersch\u00fctterlichen Glauben an das Gute, eingebettet in ein Abenteuer, das vor Zauber und Gefahr nur so spr\u00fcht.  \"El Cristo del convite\" hingegen erz\u00e4hlt die r\u00fchrende Geschichte einer armen, aber gro\u00dfherzigen Frau, deren einfache Akte der G\u00fcte von einer himmlischen Macht belohnt werden. Diese Erz\u00e4hlung beleuchtet die Bedeutung der N\u00e4chstenliebe und die unerwarteten Segnungen, die durch Akte der Selbstlosigkeit entstehen k\u00f6nnen.  Beide Geschichten zeichnen sich durch ihre tiefen moralischen Lehren und die bezaubernde Darstellung des spanischen Kulturerbes aus. Sie sind ein unverzichtbares Lesevergn\u00fcgen f\u00fcr jeden, der an die Macht der Magie, die Wichtigkeit von Mitgef\u00fchl und die unzerbrechliche Verbindung zwischen menschlichen Tugenden und dem \u00dcbernat\u00fcrlichen glaubt.  Lassen Sie sich von Spanische Zauberm\u00e4rchen in eine Welt entf\u00fchren, in der jede Seite mit Hoffnung, Herausforderung und der unausl\u00f6schlichen Kraft des Guten gl\u00e4nzt. Ein literarisches Juwel, das beweist, wie tiefgreifend Geschichten unser Leben bereichern und ver\u00e4ndern k\u00f6nnen.  Ungek\u00fcrzter Originaltext. Zweisprachiges Buch Spanisch-Deutsch.","og_url":"https:\/\/easyoriginal.com\/en\/shop\/spanisch-deutsch\/el-principe-tomasito-y-san-jose-prinz-tomasito-und-der-heilige-josef\/","og_site_name":"EasyOriginal.com","article_modified_time":"2024-07-03T08:05:03+00:00","og_image":[{"width":1600,"height":2400,"url":"https:\/\/easyoriginal.com\/wp-content\/uploads\/cuentos_el_principe_tomasito_y_san_jose_cover_2024.jpg","type":"image\/jpeg"}],"twitter_card":"summary_large_image","twitter_misc":{"Estimated reading time":"2 minutes"},"schema":{"@context":"https:\/\/schema.org","@graph":[{"@type":"WebPage","@id":"https:\/\/easyoriginal.com\/shop\/spanisch-deutsch\/el-principe-tomasito-y-san-jose-prinz-tomasito-und-der-heilige-josef\/","url":"https:\/\/easyoriginal.com\/shop\/spanisch-deutsch\/el-principe-tomasito-y-san-jose-prinz-tomasito-und-der-heilige-josef\/","name":"El pr\u00edncipe Tomasito y San Jos\u00e9 \/ Prinz Tomasito und der Heilige Josef - EasyOriginal.com","isPartOf":{"@id":"https:\/\/easyoriginal.com\/#website"},"primaryImageOfPage":{"@id":"https:\/\/easyoriginal.com\/shop\/spanisch-deutsch\/el-principe-tomasito-y-san-jose-prinz-tomasito-und-der-heilige-josef\/#primaryimage"},"image":{"@id":"https:\/\/easyoriginal.com\/shop\/spanisch-deutsch\/el-principe-tomasito-y-san-jose-prinz-tomasito-und-der-heilige-josef\/#primaryimage"},"thumbnailUrl":"https:\/\/easyoriginal.com\/wp-content\/uploads\/cuentos_el_principe_tomasito_y_san_jose_cover_2024.jpg","datePublished":"2021-01-30T21:01:16+00:00","dateModified":"2024-07-03T08:05:03+00:00","breadcrumb":{"@id":"https:\/\/easyoriginal.com\/shop\/spanisch-deutsch\/el-principe-tomasito-y-san-jose-prinz-tomasito-und-der-heilige-josef\/#breadcrumb"},"inLanguage":"en-GB","potentialAction":[{"@type":"ReadAction","target":["https:\/\/easyoriginal.com\/shop\/spanisch-deutsch\/el-principe-tomasito-y-san-jose-prinz-tomasito-und-der-heilige-josef\/"]}]},{"@type":"ImageObject","inLanguage":"en-GB","@id":"https:\/\/easyoriginal.com\/shop\/spanisch-deutsch\/el-principe-tomasito-y-san-jose-prinz-tomasito-und-der-heilige-josef\/#primaryimage","url":"https:\/\/easyoriginal.com\/wp-content\/uploads\/cuentos_el_principe_tomasito_y_san_jose_cover_2024.jpg","contentUrl":"https:\/\/easyoriginal.com\/wp-content\/uploads\/cuentos_el_principe_tomasito_y_san_jose_cover_2024.jpg","width":1600,"height":2400},{"@type":"BreadcrumbList","@id":"https:\/\/easyoriginal.com\/shop\/spanisch-deutsch\/el-principe-tomasito-y-san-jose-prinz-tomasito-und-der-heilige-josef\/#breadcrumb","itemListElement":[{"@type":"ListItem","position":1,"name":"Startseite","item":"https:\/\/easyoriginal.com\/"},{"@type":"ListItem","position":2,"name":"Shop","item":"https:\/\/easyoriginal.com\/shop\/"},{"@type":"ListItem","position":3,"name":"El pr\u00edncipe Tomasito y San Jos\u00e9 \/ Prinz Tomasito und der Heilige Josef"}]},{"@type":"WebSite","@id":"https:\/\/easyoriginal.com\/#website","url":"https:\/\/easyoriginal.com\/","name":"EasyOriginal.com","description":"Spa\u00df am Lesen im Original - Innovative Lesemethode f\u00fcr Fremdsprachen","publisher":{"@id":"https:\/\/easyoriginal.com\/#organization"},"potentialAction":[{"@type":"SearchAction","target":{"@type":"EntryPoint","urlTemplate":"https:\/\/easyoriginal.com\/?s={search_term_string}"},"query-input":{"@type":"PropertyValueSpecification","valueRequired":true,"valueName":"search_term_string"}}],"inLanguage":"en-GB"},{"@type":"Organization","@id":"https:\/\/easyoriginal.com\/#organization","name":"EasyOriginal Verlag","url":"https:\/\/easyoriginal.com\/","logo":{"@type":"ImageObject","inLanguage":"en-GB","@id":"https:\/\/easyoriginal.com\/#\/schema\/logo\/image\/","url":"https:\/\/easyoriginal.com\/wp-content\/uploads\/2020\/08\/logo_main.png","contentUrl":"https:\/\/easyoriginal.com\/wp-content\/uploads\/2020\/08\/logo_main.png","width":500,"height":103,"caption":"EasyOriginal Verlag"},"image":{"@id":"https:\/\/easyoriginal.com\/#\/schema\/logo\/image\/"}}]}},"_links":{"self":[{"href":"https:\/\/easyoriginal.com\/en\/wp-json\/wp\/v2\/product\/8082","targetHints":{"allow":["GET"]}}],"collection":[{"href":"https:\/\/easyoriginal.com\/en\/wp-json\/wp\/v2\/product"}],"about":[{"href":"https:\/\/easyoriginal.com\/en\/wp-json\/wp\/v2\/types\/product"}],"replies":[{"embeddable":true,"href":"https:\/\/easyoriginal.com\/en\/wp-json\/wp\/v2\/comments?post=8082"}],"wp:featuredmedia":[{"embeddable":true,"href":"https:\/\/easyoriginal.com\/en\/wp-json\/wp\/v2\/media\/13504"}],"wp:attachment":[{"href":"https:\/\/easyoriginal.com\/en\/wp-json\/wp\/v2\/media?parent=8082"}],"wp:term":[{"taxonomy":"product_brand","embeddable":true,"href":"https:\/\/easyoriginal.com\/en\/wp-json\/wp\/v2\/product_brand?post=8082"},{"taxonomy":"product_cat","embeddable":true,"href":"https:\/\/easyoriginal.com\/en\/wp-json\/wp\/v2\/product_cat?post=8082"},{"taxonomy":"product_tag","embeddable":true,"href":"https:\/\/easyoriginal.com\/en\/wp-json\/wp\/v2\/product_tag?post=8082"}],"curies":[{"name":"wp","href":"https:\/\/api.w.org\/{rel}","templated":true}]}}