{"id":7954,"date":"2020-12-12T17:11:06","date_gmt":"2020-12-12T16:11:06","guid":{"rendered":"https:\/\/easyoriginal.com\/?post_type=product&#038;p=7954"},"modified":"2024-01-04T00:04:59","modified_gmt":"2024-01-03T23:04:59","slug":"le-crime-au-pere-boniface-das-verbrechen-des-alten-bonifatius","status":"publish","type":"product","link":"https:\/\/easyoriginal.com\/en\/shop\/franzoesisch-deutsch\/le-crime-au-pere-boniface-das-verbrechen-des-alten-bonifatius\/","title":{"rendered":"Le crime au p\u00e8re Boniface \/ Das Verbrechen des alten Bonifatius"},"content":{"rendered":"<div class=\"adapted-container\">\n<p class=\"Adapted\">Ce jour-l\u00e0 le facteur Boniface, en sortant de la maison de poste <span class=\"Translation\">(an jenem Tag: \u00abdiesen Tag da\u00bb der Postbote, Bonifatius als er aus dem Postamt trat; <\/span><span class=\"Translation\"><span class=\"Comment-Words\">sortir<\/span><\/span><span class=\"Translation\"><span class=\"Comments\"> \u2014 verlassen, rausgehen; <\/span><\/span><span class=\"Translation\"><span class=\"Comment-Words\">maison<\/span><\/span><span class=\"Translation\"><span class=\"Gender _idGenCharOverride-1\">f <\/span><\/span><span class=\"Translation\"><span class=\"Comments\">\u2014 Haus; poste, f<\/span><\/span><span class=\"Translation\">)<\/span>, constata que sa tourn\u00e9e serait moins longue que de coutume <span class=\"Translation\">(feststellte, dass seine Runde k\u00fcrzer sein w\u00fcrde: \u00abw\u00fcrde sein weniger lang\u00bb, als gew\u00f6hnlich; <\/span><span class=\"Translation\"><span class=\"Comment-Words\">constater<\/span><\/span><span class=\"Translation\"><span class=\"Comments\"> \u2014 konstatieren, feststellen; <\/span><\/span><span class=\"Translation\"><span class=\"Comment-Words\">tourn\u00e9e<\/span><\/span><span class=\"Translation\"><span class=\"Comments\">; f \u2014 Rundreise, Rundfahrt; <\/span><\/span><span class=\"Translation\"><span class=\"Comment-Words\">tourner<\/span><\/span><span class=\"Translation\"><span class=\"Comments\"> \u2014 drehen; <\/span><\/span><span class=\"Translation\"><span class=\"Comment-Words\">long<\/span><\/span><span class=\"Translation\"><span class=\"Comments\"> \u2014 lang; <\/span><\/span><span class=\"Translation\"><span class=\"Comment-Words\">coutume<\/span><\/span><span class=\"Translation\"><span class=\"Gender _idGenCharOverride-1\">f <\/span><\/span><span class=\"Translation\"><span class=\"Comments\">\u2014 Brauch, Sitte, Gewohnheit<\/span><\/span><span class=\"Translation\">)<\/span>, <a id=\"_idTextAnchor000\"><\/a>et il en ressentit une joie vive <span class=\"Translation\">(und er freute sich sehr dar\u00fcber: \u00abund er dar\u00fcber versp\u00fcrte eine lebhafte Freude\u00bb; <\/span><span class=\"Translation\"><span class=\"Comment-Words\">ressentir<\/span><\/span><span class=\"Translation\"><span class=\"Comments\"> \u2014 f\u00fchlen, versp\u00fcren; <\/span><\/span><span class=\"Translation\"><span class=\"Comment-Words\">vif<\/span><\/span><span class=\"Translation\"><span class=\"Comments\"> \u2014 rege, lebhaft, lebendig<\/span><\/span><span class=\"Translation\">)<\/span>. Il \u00e9tait charg\u00e9 de la campagne autour du bourg de Vireville <span class=\"Translation\">(er war zust\u00e4ndig f\u00fcr die l\u00e4ndliche Umgebung des Marktfleckens Vireville; <\/span><span class=\"Translation\"><span class=\"Comment-Words\">charger<\/span><\/span><span class=\"Translation\"><span class=\"Comments\"> \u2014 beauftragen, belasten<\/span><\/span><span class=\"Translation\">)<\/span>, <a id=\"_idTextAnchor001\"><\/a>et, quand il revenait, le soir, de son long pas fatigu\u00e9 <span class=\"Translation\">(und, wenn er zur\u00fcckkehrte am Abend, mit seinen langen, m\u00fcden Schritten; <\/span><span class=\"Translation\"><span class=\"Comment-Words\">pas<\/span><\/span><span class=\"Translation\"><span class=\"Gender _idGenCharOverride-1\">m <\/span><\/span><span class=\"Translation\"><span class=\"Comments\">\u2014 Schritt, Fu\u00dfstapfen, Gang<\/span><\/span><span class=\"Translation\">)<\/span>, il avait parfois plus de quarante kilom\u00e8tres dans les jambes <span class=\"Translation\">(er hatte manchmal mehr als vierzig Kilometer in den Beinen; <\/span><span class=\"Translation\"><span class=\"Comments\">jambe, f<\/span><\/span><span class=\"Translation\">)<\/span>.<\/p>\n<p class=\"Adapted\">Donc la distribution serait vite faite <span class=\"Translation\">(also die Zustellung w\u00e4re schnell erledigt; <\/span><span class=\"Translation\"><span class=\"Comment-Words\">distribution<\/span><\/span><span class=\"Translation\"><span class=\"Gender _idGenCharOverride-1\">f <\/span><\/span><span class=\"Translation\"><span class=\"Comments\">\u2014 Zustellung, Verteilung; <\/span><\/span><span class=\"Translation\"><span class=\"Comment-Words\">distribuer<\/span><\/span><span class=\"Translation\"><span class=\"Comments\"> \u2014 \/Post\/ austragen, verteilen; <\/span><\/span><span class=\"Translation\"><span class=\"Comment-Words\">vite fait<\/span><\/span><span class=\"Translation\"><span class=\"Comments\"> \u2014 schnell gemacht<\/span><\/span><span class=\"Translation\">)<\/span>; il pourrait m\u00eame fl\u00e2ner un peu en route <span class=\"Translation\">(er k\u00f6nnte unterwegs sogar ein wenig schlendern; <\/span><span class=\"Translation\"><span class=\"Comment-Words\">fl\u00e2ner<\/span><\/span><span class=\"Translation\"><span class=\"Comments\"> \u2014 schlendern, bummeln, herumtr\u00f6deln; <\/span><\/span><span class=\"Translation\"><span class=\"Comment-Words\">route<\/span><\/span><span class=\"Translation\"><span class=\"Gender _idGenCharOverride-1\">f <\/span><\/span><span class=\"Translation\"><span class=\"Comments\">\u2014 Route, Stra\u00dfe, Weg<\/span><\/span><span class=\"Translation\">)<\/span><a id=\"_idTextAnchor002\"><\/a> et rentrer chez lui vers trois heures de relev\u00e9e <span class=\"Translation\">(und heimkommen zu sich gegen drei Uhr am Nachmittag; <\/span><span class=\"Translation\"><span class=\"Comment-Words\">relev\u00e9e<\/span><\/span><span class=\"Translation\"><span class=\"Gender _idGenCharOverride-1\">f <\/span><\/span><span class=\"Translation\"><span class=\"Comments\">\/veralt.\/\u2014 der Nachmittag<\/span><\/span><span class=\"Translation\">)<\/span>. <a id=\"_idTextAnchor003\"><\/a>Quelle chance <span class=\"Translation\">(welch \/ein\/ Gl\u00fcck)<\/span>!<\/p>\n<\/div>\n<audio class=\"wp-audio-shortcode\" id=\"audio-7954-1\" preload=\"none\" style=\"width: 100%;\" controls=\"controls\"><source type=\"audio\/mpeg\" src=\"https:\/\/easyoriginal1.s3.eu-central-1.amazonaws.com\/franzoesisch\/f2\/1.mp3?_=1\" \/><a href=\"https:\/\/easyoriginal1.s3.eu-central-1.amazonaws.com\/franzoesisch\/f2\/1.mp3\">https:\/\/easyoriginal1.s3.eu-central-1.amazonaws.com\/franzoesisch\/f2\/1.mp3<\/a><\/audio>\n<div class=\"original-container\">\n<p class=\"Original\">Ce jour-l\u00e0 le facteur Boniface, en sortant de la maison de poste, constata que sa tourn\u00e9e serait moins longue que de coutume, et il en ressentit une joie vive. Il \u00e9tait charg\u00e9 de la campagne autour du bourg de Vireville, et, quand il revenait, le soir, de son long pas fatigu\u00e9, il avait parfois plus de quarante kilom\u00e8tres dans les jambes.<\/p>\n<p class=\"Original\">Donc la distribution serait vite faite; il pourrait m\u00eame fl\u00e2ner un peu en route et rentrer chez lui vers trois heures de relev\u00e9e. Quelle chance!<\/p>\n<\/div>","protected":false},"excerpt":{"rendered":"<p>&#8222;Le crime au p\u00e8re Boniface&#8220; (&#8222;Das Verbrechen des alten Bonifatius&#8220;) ist eine Kurzgeschichte von Guy de Maupassant. Maupassant war ein franz\u00f6sischer Schriftsteller und Journalist und gilt als einer der gro\u00dfen franz\u00f6sischen Erz\u00e4hler des 19. Jahrhunderts.<br \/>\nUngek\u00fcrzter Originaltext. Zweisprachiges Buch Franz\u00f6sisch-Deutsch.<\/p>","protected":false},"featured_media":8515,"comment_status":"open","ping_status":"closed","template":"","meta":{"_acf_changed":false,"_et_pb_use_builder":"off","_et_pb_old_content":"<div class=\"adapted-container\">\r\n<p class=\"Adapted\"><span class=\"Bold\">Hace mucho tiempo que ten\u00eda ganas de escribir <\/span><span class=\"Translation\">(seit langer Zeit hatte ich Lust zu schreiben; <\/span><span class=\"Translation\"><span class=\"Comment-Words\">tener<\/span><\/span><span class=\"Translation\"><span class=\"Comments\"> \u2014 haben<\/span><\/span><span class=\"Translation\">)<\/span><span class=\"Bold\"> cualquier cosa con este t\u00edtulo <\/span><span class=\"Translation\">(irgendetwas mit diesem Titel)<\/span><span class=\"Bold\">.<\/span><\/p>\r\n<p class=\"Adapted\"><span class=\"Bold\">Hoy<a id=\"_idTextAnchor001\"><\/a>, que se me ha presentado ocasi\u00f3n <\/span><span class=\"Translation\">(heute, wo sich mir \/eine\/ Gelegenheit geboten hat; <\/span><span class=\"Translation\"><span class=\"Comment-Words\">presentar<\/span><\/span><span class=\"Translation\"><span class=\"Comments\"> \u2014 zeigen; vorstellen<\/span><\/span><span class=\"Translation\">)<\/span><span class=\"Bold\">, lo he puesto con letras grandes <\/span><span class=\"Translation\">(das habe ich in gro\u00dfen Buchstaben gesetzt = habe ich es in Gro\u00dfbuchstaben gesetzt; <\/span><span class=\"Translation\"><span class=\"Comment-Words\">poner<\/span><\/span><span class=\"Translation\"><span class=\"Comments\"> \u2014 setzen; stellen; legen<\/span><\/span><span class=\"Translation\">)<\/span><span class=\"Bold\"> en la primera cuartilla de papel <\/span><span class=\"Translation\">(auf das erste Blatt: \u00abauf das erste Viertelpapier\u00bb; <\/span><span class=\"Translation\"><span class=\"Comment-Words\">cuarto<\/span><\/span><span class=\"Translation\"><span class=\"Gender _idGenCharOverride-1\">m <\/span><\/span><span class=\"Translation\"><span class=\"Comments\">\u2014 Viertel<\/span><\/span><span class=\"Translation\">)<\/span><span class=\"Bold\">, y luego he dejado a capricho volar la pluma <\/span><span class=\"Translation\">(und dann habe ich nach Belieben die Feder fliegen lassen; <\/span><span class=\"Translation\"><span class=\"Comment-Words\">dejar<\/span><\/span><span class=\"Translation\"><span class=\"Comments\"> \u2014 lassen; <\/span><\/span><span class=\"Translation\"><span class=\"Comment-Words\">capricho<\/span><\/span><span class=\"Translation\"><span class=\"Gender _idGenCharOverride-1\">m <\/span><\/span><span class=\"Translation\"><span class=\"Comments\">\u2014 Laune<\/span><\/span><span class=\"Translation\">)<\/span><span class=\"Bold\">.<\/span><\/p>\r\n\r\n<\/div>\r\n[audio mp3=\"https:\/\/easyoriginal1.s3.eu-central-1.amazonaws.com\/spanisch\/s1\/1.mp3\"][\/audio]\r\n<div class=\"original-container\">\r\n<p class=\"Original\">Hace mucho tiempo que ten\u00eda ganas de escribir cualquier cosa con este t\u00edtulo.<\/p>\r\n<p class=\"Original\">Hoy, que se me ha presentado ocasi\u00f3n, lo he puesto con letras grandes en la primera cuartilla de papel, y luego he dejado a capricho volar la pluma.<\/p>\r\n\r\n<\/div>\r\n<a class=\"weiter\" href=\"\/webreader\/los-ojos-verdes\/fragment\/1-4-2\/\">weiter lesen<\/a>","_et_gb_content_width":""},"product_brand":[],"product_cat":[45],"product_tag":[184],"class_list":{"0":"post-7954","1":"product","2":"type-product","3":"status-publish","4":"has-post-thumbnail","6":"product_cat-franzoesisch-deutsch","7":"product_tag-maupassant","9":"first","10":"instock","11":"taxable","12":"shipping-taxable","13":"purchasable","14":"product-type-variable"},"acf":[],"yoast_head":"<!-- This site is optimized with the Yoast SEO plugin v27.4 - https:\/\/yoast.com\/product\/yoast-seo-wordpress\/ -->\n<title>Le crime au p\u00e8re Boniface \/ Das Verbrechen des alten Bonifatius - EasyOriginal.com<\/title>\n<meta name=\"robots\" content=\"index, follow, max-snippet:-1, max-image-preview:large, max-video-preview:-1\" \/>\n<link rel=\"canonical\" href=\"https:\/\/easyoriginal.com\/en\/shop\/franzoesisch-deutsch\/le-crime-au-pere-boniface-das-verbrechen-des-alten-bonifatius\/\" \/>\n<meta property=\"og:locale\" content=\"en_GB\" \/>\n<meta property=\"og:type\" content=\"article\" \/>\n<meta property=\"og:title\" content=\"Le crime au p\u00e8re Boniface \/ Das Verbrechen des alten Bonifatius - EasyOriginal.com\" \/>\n<meta property=\"og:description\" content=\"&quot;Le crime au p\u00e8re Boniface&quot; (&quot;Das Verbrechen des alten Bonifatius&quot;) ist eine Kurzgeschichte von Guy de Maupassant. Maupassant war ein franz\u00f6sischer Schriftsteller und Journalist und gilt als einer der gro\u00dfen franz\u00f6sischen Erz\u00e4hler des 19. Jahrhunderts. Ungek\u00fcrzter Originaltext. Zweisprachiges Buch Franz\u00f6sisch-Deutsch.\" \/>\n<meta property=\"og:url\" content=\"https:\/\/easyoriginal.com\/en\/shop\/franzoesisch-deutsch\/le-crime-au-pere-boniface-das-verbrechen-des-alten-bonifatius\/\" \/>\n<meta property=\"og:site_name\" content=\"EasyOriginal.com\" \/>\n<meta property=\"article:modified_time\" content=\"2024-01-03T23:04:59+00:00\" \/>\n<meta property=\"og:image\" content=\"https:\/\/easyoriginal.com\/wp-content\/uploads\/maupassant_le_crime_au_pere_boniface_cover-3.jpg\" \/>\n\t<meta property=\"og:image:width\" content=\"468\" \/>\n\t<meta property=\"og:image:height\" content=\"702\" \/>\n\t<meta property=\"og:image:type\" content=\"image\/jpeg\" \/>\n<meta name=\"twitter:card\" content=\"summary_large_image\" \/>\n<meta name=\"twitter:label1\" content=\"Estimated reading time\" \/>\n\t<meta name=\"twitter:data1\" content=\"3 minutes\" \/>\n<script type=\"application\/ld+json\" class=\"yoast-schema-graph\">{\"@context\":\"https:\\\/\\\/schema.org\",\"@graph\":[{\"@type\":\"WebPage\",\"@id\":\"https:\\\/\\\/easyoriginal.com\\\/shop\\\/franzoesisch-deutsch\\\/le-crime-au-pere-boniface-das-verbrechen-des-alten-bonifatius\\\/\",\"url\":\"https:\\\/\\\/easyoriginal.com\\\/shop\\\/franzoesisch-deutsch\\\/le-crime-au-pere-boniface-das-verbrechen-des-alten-bonifatius\\\/\",\"name\":\"Le crime au p\u00e8re Boniface \\\/ Das Verbrechen des alten Bonifatius - EasyOriginal.com\",\"isPartOf\":{\"@id\":\"https:\\\/\\\/easyoriginal.com\\\/#website\"},\"primaryImageOfPage\":{\"@id\":\"https:\\\/\\\/easyoriginal.com\\\/shop\\\/franzoesisch-deutsch\\\/le-crime-au-pere-boniface-das-verbrechen-des-alten-bonifatius\\\/#primaryimage\"},\"image\":{\"@id\":\"https:\\\/\\\/easyoriginal.com\\\/shop\\\/franzoesisch-deutsch\\\/le-crime-au-pere-boniface-das-verbrechen-des-alten-bonifatius\\\/#primaryimage\"},\"thumbnailUrl\":\"https:\\\/\\\/easyoriginal.com\\\/wp-content\\\/uploads\\\/maupassant_le_crime_au_pere_boniface_cover-3.jpg\",\"datePublished\":\"2020-12-12T16:11:06+00:00\",\"dateModified\":\"2024-01-03T23:04:59+00:00\",\"breadcrumb\":{\"@id\":\"https:\\\/\\\/easyoriginal.com\\\/shop\\\/franzoesisch-deutsch\\\/le-crime-au-pere-boniface-das-verbrechen-des-alten-bonifatius\\\/#breadcrumb\"},\"inLanguage\":\"en-GB\",\"potentialAction\":[{\"@type\":\"ReadAction\",\"target\":[\"https:\\\/\\\/easyoriginal.com\\\/shop\\\/franzoesisch-deutsch\\\/le-crime-au-pere-boniface-das-verbrechen-des-alten-bonifatius\\\/\"]}]},{\"@type\":\"ImageObject\",\"inLanguage\":\"en-GB\",\"@id\":\"https:\\\/\\\/easyoriginal.com\\\/shop\\\/franzoesisch-deutsch\\\/le-crime-au-pere-boniface-das-verbrechen-des-alten-bonifatius\\\/#primaryimage\",\"url\":\"https:\\\/\\\/easyoriginal.com\\\/wp-content\\\/uploads\\\/maupassant_le_crime_au_pere_boniface_cover-3.jpg\",\"contentUrl\":\"https:\\\/\\\/easyoriginal.com\\\/wp-content\\\/uploads\\\/maupassant_le_crime_au_pere_boniface_cover-3.jpg\",\"width\":468,\"height\":702,\"caption\":\"Zweisprachiges buch franz\u00f6sisch-deutsch, franz\u00f6sische lekt\u00fcre, franz\u00f6sische kurzgeschichten guy de maupassant\"},{\"@type\":\"BreadcrumbList\",\"@id\":\"https:\\\/\\\/easyoriginal.com\\\/shop\\\/franzoesisch-deutsch\\\/le-crime-au-pere-boniface-das-verbrechen-des-alten-bonifatius\\\/#breadcrumb\",\"itemListElement\":[{\"@type\":\"ListItem\",\"position\":1,\"name\":\"Startseite\",\"item\":\"https:\\\/\\\/easyoriginal.com\\\/\"},{\"@type\":\"ListItem\",\"position\":2,\"name\":\"Shop\",\"item\":\"https:\\\/\\\/easyoriginal.com\\\/shop\\\/\"},{\"@type\":\"ListItem\",\"position\":3,\"name\":\"Le crime au p\u00e8re Boniface \\\/ Das Verbrechen des alten Bonifatius\"}]},{\"@type\":\"WebSite\",\"@id\":\"https:\\\/\\\/easyoriginal.com\\\/#website\",\"url\":\"https:\\\/\\\/easyoriginal.com\\\/\",\"name\":\"EasyOriginal.com\",\"description\":\"Spa\u00df am Lesen im Original - Innovative Lesemethode f\u00fcr Fremdsprachen\",\"publisher\":{\"@id\":\"https:\\\/\\\/easyoriginal.com\\\/#organization\"},\"potentialAction\":[{\"@type\":\"SearchAction\",\"target\":{\"@type\":\"EntryPoint\",\"urlTemplate\":\"https:\\\/\\\/easyoriginal.com\\\/?s={search_term_string}\"},\"query-input\":{\"@type\":\"PropertyValueSpecification\",\"valueRequired\":true,\"valueName\":\"search_term_string\"}}],\"inLanguage\":\"en-GB\"},{\"@type\":\"Organization\",\"@id\":\"https:\\\/\\\/easyoriginal.com\\\/#organization\",\"name\":\"EasyOriginal Verlag\",\"url\":\"https:\\\/\\\/easyoriginal.com\\\/\",\"logo\":{\"@type\":\"ImageObject\",\"inLanguage\":\"en-GB\",\"@id\":\"https:\\\/\\\/easyoriginal.com\\\/#\\\/schema\\\/logo\\\/image\\\/\",\"url\":\"https:\\\/\\\/easyoriginal.com\\\/wp-content\\\/uploads\\\/2020\\\/08\\\/logo_main.png\",\"contentUrl\":\"https:\\\/\\\/easyoriginal.com\\\/wp-content\\\/uploads\\\/2020\\\/08\\\/logo_main.png\",\"width\":500,\"height\":103,\"caption\":\"EasyOriginal Verlag\"},\"image\":{\"@id\":\"https:\\\/\\\/easyoriginal.com\\\/#\\\/schema\\\/logo\\\/image\\\/\"}}]}<\/script>\n<!-- \/ Yoast SEO plugin. -->","yoast_head_json":{"title":"Le crime au p\u00e8re Boniface \/ Das Verbrechen des alten Bonifatius - EasyOriginal.com","robots":{"index":"index","follow":"follow","max-snippet":"max-snippet:-1","max-image-preview":"max-image-preview:large","max-video-preview":"max-video-preview:-1"},"canonical":"https:\/\/easyoriginal.com\/en\/shop\/franzoesisch-deutsch\/le-crime-au-pere-boniface-das-verbrechen-des-alten-bonifatius\/","og_locale":"en_GB","og_type":"article","og_title":"Le crime au p\u00e8re Boniface \/ Das Verbrechen des alten Bonifatius - EasyOriginal.com","og_description":"\"Le crime au p\u00e8re Boniface\" (\"Das Verbrechen des alten Bonifatius\") ist eine Kurzgeschichte von Guy de Maupassant. Maupassant war ein franz\u00f6sischer Schriftsteller und Journalist und gilt als einer der gro\u00dfen franz\u00f6sischen Erz\u00e4hler des 19. Jahrhunderts. Ungek\u00fcrzter Originaltext. Zweisprachiges Buch Franz\u00f6sisch-Deutsch.","og_url":"https:\/\/easyoriginal.com\/en\/shop\/franzoesisch-deutsch\/le-crime-au-pere-boniface-das-verbrechen-des-alten-bonifatius\/","og_site_name":"EasyOriginal.com","article_modified_time":"2024-01-03T23:04:59+00:00","og_image":[{"width":468,"height":702,"url":"https:\/\/easyoriginal.com\/wp-content\/uploads\/maupassant_le_crime_au_pere_boniface_cover-3.jpg","type":"image\/jpeg"}],"twitter_card":"summary_large_image","twitter_misc":{"Estimated reading time":"3 minutes"},"schema":{"@context":"https:\/\/schema.org","@graph":[{"@type":"WebPage","@id":"https:\/\/easyoriginal.com\/shop\/franzoesisch-deutsch\/le-crime-au-pere-boniface-das-verbrechen-des-alten-bonifatius\/","url":"https:\/\/easyoriginal.com\/shop\/franzoesisch-deutsch\/le-crime-au-pere-boniface-das-verbrechen-des-alten-bonifatius\/","name":"Le crime au p\u00e8re Boniface \/ Das Verbrechen des alten Bonifatius - EasyOriginal.com","isPartOf":{"@id":"https:\/\/easyoriginal.com\/#website"},"primaryImageOfPage":{"@id":"https:\/\/easyoriginal.com\/shop\/franzoesisch-deutsch\/le-crime-au-pere-boniface-das-verbrechen-des-alten-bonifatius\/#primaryimage"},"image":{"@id":"https:\/\/easyoriginal.com\/shop\/franzoesisch-deutsch\/le-crime-au-pere-boniface-das-verbrechen-des-alten-bonifatius\/#primaryimage"},"thumbnailUrl":"https:\/\/easyoriginal.com\/wp-content\/uploads\/maupassant_le_crime_au_pere_boniface_cover-3.jpg","datePublished":"2020-12-12T16:11:06+00:00","dateModified":"2024-01-03T23:04:59+00:00","breadcrumb":{"@id":"https:\/\/easyoriginal.com\/shop\/franzoesisch-deutsch\/le-crime-au-pere-boniface-das-verbrechen-des-alten-bonifatius\/#breadcrumb"},"inLanguage":"en-GB","potentialAction":[{"@type":"ReadAction","target":["https:\/\/easyoriginal.com\/shop\/franzoesisch-deutsch\/le-crime-au-pere-boniface-das-verbrechen-des-alten-bonifatius\/"]}]},{"@type":"ImageObject","inLanguage":"en-GB","@id":"https:\/\/easyoriginal.com\/shop\/franzoesisch-deutsch\/le-crime-au-pere-boniface-das-verbrechen-des-alten-bonifatius\/#primaryimage","url":"https:\/\/easyoriginal.com\/wp-content\/uploads\/maupassant_le_crime_au_pere_boniface_cover-3.jpg","contentUrl":"https:\/\/easyoriginal.com\/wp-content\/uploads\/maupassant_le_crime_au_pere_boniface_cover-3.jpg","width":468,"height":702,"caption":"Zweisprachiges buch franz\u00f6sisch-deutsch, franz\u00f6sische lekt\u00fcre, franz\u00f6sische kurzgeschichten guy de maupassant"},{"@type":"BreadcrumbList","@id":"https:\/\/easyoriginal.com\/shop\/franzoesisch-deutsch\/le-crime-au-pere-boniface-das-verbrechen-des-alten-bonifatius\/#breadcrumb","itemListElement":[{"@type":"ListItem","position":1,"name":"Startseite","item":"https:\/\/easyoriginal.com\/"},{"@type":"ListItem","position":2,"name":"Shop","item":"https:\/\/easyoriginal.com\/shop\/"},{"@type":"ListItem","position":3,"name":"Le crime au p\u00e8re Boniface \/ Das Verbrechen des alten Bonifatius"}]},{"@type":"WebSite","@id":"https:\/\/easyoriginal.com\/#website","url":"https:\/\/easyoriginal.com\/","name":"EasyOriginal.com","description":"Spa\u00df am Lesen im Original - Innovative Lesemethode f\u00fcr Fremdsprachen","publisher":{"@id":"https:\/\/easyoriginal.com\/#organization"},"potentialAction":[{"@type":"SearchAction","target":{"@type":"EntryPoint","urlTemplate":"https:\/\/easyoriginal.com\/?s={search_term_string}"},"query-input":{"@type":"PropertyValueSpecification","valueRequired":true,"valueName":"search_term_string"}}],"inLanguage":"en-GB"},{"@type":"Organization","@id":"https:\/\/easyoriginal.com\/#organization","name":"EasyOriginal Verlag","url":"https:\/\/easyoriginal.com\/","logo":{"@type":"ImageObject","inLanguage":"en-GB","@id":"https:\/\/easyoriginal.com\/#\/schema\/logo\/image\/","url":"https:\/\/easyoriginal.com\/wp-content\/uploads\/2020\/08\/logo_main.png","contentUrl":"https:\/\/easyoriginal.com\/wp-content\/uploads\/2020\/08\/logo_main.png","width":500,"height":103,"caption":"EasyOriginal Verlag"},"image":{"@id":"https:\/\/easyoriginal.com\/#\/schema\/logo\/image\/"}}]}},"_links":{"self":[{"href":"https:\/\/easyoriginal.com\/en\/wp-json\/wp\/v2\/product\/7954","targetHints":{"allow":["GET"]}}],"collection":[{"href":"https:\/\/easyoriginal.com\/en\/wp-json\/wp\/v2\/product"}],"about":[{"href":"https:\/\/easyoriginal.com\/en\/wp-json\/wp\/v2\/types\/product"}],"replies":[{"embeddable":true,"href":"https:\/\/easyoriginal.com\/en\/wp-json\/wp\/v2\/comments?post=7954"}],"wp:featuredmedia":[{"embeddable":true,"href":"https:\/\/easyoriginal.com\/en\/wp-json\/wp\/v2\/media\/8515"}],"wp:attachment":[{"href":"https:\/\/easyoriginal.com\/en\/wp-json\/wp\/v2\/media?parent=7954"}],"wp:term":[{"taxonomy":"product_brand","embeddable":true,"href":"https:\/\/easyoriginal.com\/en\/wp-json\/wp\/v2\/product_brand?post=7954"},{"taxonomy":"product_cat","embeddable":true,"href":"https:\/\/easyoriginal.com\/en\/wp-json\/wp\/v2\/product_cat?post=7954"},{"taxonomy":"product_tag","embeddable":true,"href":"https:\/\/easyoriginal.com\/en\/wp-json\/wp\/v2\/product_tag?post=7954"}],"curies":[{"name":"wp","href":"https:\/\/api.w.org\/{rel}","templated":true}]}}