{"id":7632,"date":"2020-10-16T14:46:53","date_gmt":"2020-10-16T12:46:53","guid":{"rendered":"https:\/\/easyoriginal.com\/?post_type=product&#038;p=7632"},"modified":"2026-04-03T22:56:03","modified_gmt":"2026-04-03T20:56:03","slug":"arsene-lupin-1-larrestation-darsene-lupin-die-verhaftung-von-arsene-lupin","status":"publish","type":"product","link":"https:\/\/easyoriginal.com\/en\/shop\/franzoesisch-deutsch\/arsene-lupin-1-larrestation-darsene-lupin-die-verhaftung-von-arsene-lupin\/","title":{"rendered":"L\u2019Arrestation d\u2019Ars\u00e8ne Lupin \/ Die Verhaftung von Ars\u00e8ne Lupin"},"content":{"rendered":"<div class=\"adapted-container\">\n<p class=\"Adapted\"><span class=\"Bold\">L\u2018<\/span>\u00e9trange v<span class=\"Bold\">oyage <\/span><span class=\"Translation\">(die seltsame Reise)<\/span><span class=\"Bold\">! Il avait si bien commenc<\/span>\u00e9 <span class=\"Bold\">cependant <\/span><span class=\"Translation\">(sie hatte doch so gut begonnen;<\/span> <span class=\"Translation\"><span class=\"Comment-Words\">commencer<\/span><\/span><span class=\"Translation\"><span class=\"Italic\"> \u2014 beginnen; <\/span><\/span><span class=\"Translation\"><span class=\"Comment-Words\">cependant<\/span><\/span><span class=\"Translation\"><span class=\"Italic\"> \u2014 jedoch, dennoch<\/span><\/span><span class=\"Translation\">)<\/span><span class=\"Bold\">! <a id=\"_idTextAnchor000\"><\/a>Pour ma part <\/span><span class=\"Translation\">(f\u00fcr<a id=\"_idTextAnchor001\"><\/a> meinen Teil)<\/span><span class=\"Bold\">, <a id=\"_idTextAnchor002\"><\/a>je n\u2018en fis jamais <\/span><span class=\"Translation\">(habe ich mich nie auf eine begeben: &#8222;machte ich nie eine davon&#8220;;<\/span> <span class=\"Translation\"><span class=\"Comment-Words\">en faire \u2014<\/span><\/span><span class=\"Translation\"><span class=\"Italic\"> \/hier: eine Reise\/ machen; &#8222;en&#8220; ersetzt das vorher genannte Wort &#8222;Reise&#8220;<\/span><\/span><span class=\"Translation\">)<\/span><span class=\"Bold\"> <a id=\"_idTextAnchor003\"><\/a><a id=\"_idTextAnchor004\"><\/a><a id=\"_idTextAnchor005\"><\/a>qui s\u2018annon<\/span>\u00e7\u00e2<span class=\"Bold\">t sous de plus heureux auspices <\/span><span class=\"Translation\">(die sich verhei\u00dfungsvoller: &#8222;unter gl\u00fccklicheren Vorzeichen&#8220; ank\u00fcndigte;<\/span> <span class=\"Translation\"><span class=\"Comment-Words\">s\u2019annoncer<\/span><\/span><span class=\"Translation\"><span class=\"Italic\"> \u2014 sich ank\u00fcndigen, versprechen; <\/span><\/span><span class=\"Translation\"><span class=\"Comment-Words\">\u00e7a s\u2018annonce bien<\/span><\/span><span class=\"Translation\"><span class=\"Italic\"> \u2014 das sieht gut aus; <\/span><\/span><span class=\"Translation\"><span class=\"Comment-Words\">\u00e7a s\u2018annonce plut\u00f4t mal<\/span><\/span><span class=\"Translation\"><span class=\"Italic\"> \u2014 das sieht ziemlich schlecht aus; <\/span><\/span><span class=\"Translation\"><span class=\"Comment-Words\">auspice<\/span><\/span><span class=\"Translation\"><span class=\"Gender _idGenCharOverride-1\">m<\/span><\/span><span class=\"Translation\"><span class=\"Italic\"> \u2014 Vorzeichen<\/span><\/span><span class=\"Translation\">)<\/span><span class=\"Bold\">. La Provence est un transatlantique rapide, confortable <\/span><span class=\"Translation\">(die &#8222;Provence&#8220; ist ein schneller und komfortabler Ozeandampfer;<\/span> <span class=\"Translation\"><span class=\"Comment-Words\">transatlantique<\/span><\/span><span class=\"Translation\"><span class=\"Italic\"> \u2014 transatlantisch; <\/span><\/span><span class=\"Translation\"><span class=\"Comment-Words\">\/bateau\/ transatlantique<\/span><\/span><span class=\"Translation\"><span class=\"Gender _idGenCharOverride-1\">m<\/span><\/span><span class=\"Translation\"><span class=\"Italic\"> \u2014 Ozeandampfer; <\/span><\/span><span class=\"Translation\"><span class=\"Comment-Words\">rapide<\/span><\/span><span class=\"Translation\"><span class=\"Italic\"> \u2014 schnell, geschwind<\/span><\/span><span class=\"Translation\">)<\/span><span class=\"Bold\">, command<\/span>\u00e9 <span class=\"Bold\">par le plus affable des hommes <\/span><span class=\"Translation\">(befehligt von dem liebensw\u00fcrdigsten Menschen: &#8222;befehligt von dem liebensw\u00fcrdigsten der Menschen&#8220;;<\/span> <span class=\"Translation\"><span class=\"Comment-Words\">affable<\/span><\/span><span class=\"Translation\"><span class=\"Italic\"> \u2014 freundlich, nett, liebensw\u00fcrdig<\/span><\/span><span class=\"Translation\">)<\/span><span class=\"Bold\">. La soci<\/span>\u00e9<span class=\"Bold\">t<\/span>\u00e9 <span class=\"Bold\">la plus choisie <\/span><span class=\"Translation\">(die erlesenste Gesellschaft;<\/span> <span class=\"Translation\"><span class=\"Comment-Words\">choisir<\/span><\/span><span class=\"Translation\"><span class=\"Italic\"> \u2014 ausw\u00e4hlen, auslesen<\/span><\/span><span class=\"Translation\">)<\/span><span class=\"Bold\"> s\u2018y trouvait r<\/span>\u00e9<span class=\"Bold\">unie <\/span><span class=\"Translation\">(versammelte sich dort: &#8222;befand sich dort versammelt&#8220;;<\/span> <span class=\"Translation\"><span class=\"Comment-Words\">y <\/span><\/span><span class=\"Translation\"><span class=\"Italic\">\u2014 dort; <\/span><\/span><span class=\"Translation\"><span class=\"Comment-Words\">se trouver<\/span><\/span><span class=\"Translation\"><span class=\"Italic\"> \u2014 sich befinden; <\/span><\/span><span class=\"Translation\"><span class=\"Comment-Words\">r\u00e9unir<\/span><\/span><span class=\"Translation\"><span class=\"Italic\"> \u2014 versammeln, verbinden; sich treffen; <\/span><\/span><span class=\"Translation\"><span class=\"Comment-Words\">r<\/span><\/span><span class=\"Translation\"><span class=\"Italic\">\u00e9<\/span><\/span><span class=\"Translation\"><span class=\"Comment-Words\">uni<\/span><\/span><span class=\"Translation\"><span class=\"Italic\"> \u2014 versammelt<\/span><\/span><span class=\"Translation\">)<\/span><span class=\"Bold\">.<\/span><\/p>\n<\/div>\n<audio class=\"wp-audio-shortcode\" id=\"audio-7632-1\" preload=\"none\" style=\"width: 100%;\" controls=\"controls\"><source type=\"audio\/mpeg\" src=\"https:\/\/easyoriginal1.s3.eu-central-1.amazonaws.com\/franzoesisch\/f1\/1.mp3?_=1\" \/><a href=\"https:\/\/easyoriginal1.s3.eu-central-1.amazonaws.com\/franzoesisch\/f1\/1.mp3\">https:\/\/easyoriginal1.s3.eu-central-1.amazonaws.com\/franzoesisch\/f1\/1.mp3<\/a><\/audio>\n<div class=\"original-container\">\n<p class=\"Original\">L\u2019\u00e9trange voyage! Il avait si bien commenc\u00e9 cependant! Pour ma part, je n\u2019en fis jamais qui s\u2019annon\u00e7\u00e2t sous de plus heureux auspices. La Provence est un transatlantique rapide, confortable, command\u00e9 par le plus affable des hommes. La soci\u00e9t\u00e9 la plus choisie s\u2018y trouvait r\u00e9unie.<\/p>\n<\/div>","protected":false},"excerpt":{"rendered":"<p>Ars\u00e8ne Lupin ist eine Romanfigur des franz\u00f6sischen Autors Maurice Leblanc. &#8222;Ars\u00e8ne Lupin, gentleman-cambrioleur&#8220; (Ars\u00e8ne Lupin &#8211; Der Gentleman-Gauner) ist ein Sammelband mit 9 Geschichten. Beginnend mit &#8222;L\u2019Arrestation d\u2019Ars\u00e8ne Lupin&#8220; (&#8222;Die Verhaftung von Ars\u00e8ne Lupin&#8220;).<br \/>\nUngek\u00fcrzter Originaltext. Zweisprachiges Buch Franz\u00f6sisch-Deutsch.<\/p>","protected":false},"featured_media":8511,"comment_status":"open","ping_status":"closed","template":"","meta":{"_acf_changed":false,"_et_pb_use_builder":"off","_et_pb_old_content":"<div class=\"adapted-container\">\r\n<p class=\"Adapted\"><span class=\"Bold\">Hace mucho tiempo que ten\u00eda ganas de escribir <\/span><span class=\"Translation\">(seit langer Zeit hatte ich Lust zu schreiben; <\/span><span class=\"Translation\"><span class=\"Comment-Words\">tener<\/span><\/span><span class=\"Translation\"><span class=\"Comments\"> \u2014 haben<\/span><\/span><span class=\"Translation\">)<\/span><span class=\"Bold\"> cualquier cosa con este t\u00edtulo <\/span><span class=\"Translation\">(irgendetwas mit diesem Titel)<\/span><span class=\"Bold\">.<\/span><\/p>\r\n<p class=\"Adapted\"><span class=\"Bold\">Hoy<a id=\"_idTextAnchor001\"><\/a>, que se me ha presentado ocasi\u00f3n <\/span><span class=\"Translation\">(heute, wo sich mir \/eine\/ Gelegenheit geboten hat; <\/span><span class=\"Translation\"><span class=\"Comment-Words\">presentar<\/span><\/span><span class=\"Translation\"><span class=\"Comments\"> \u2014 zeigen; vorstellen<\/span><\/span><span class=\"Translation\">)<\/span><span class=\"Bold\">, lo he puesto con letras grandes <\/span><span class=\"Translation\">(das habe ich in gro\u00dfen Buchstaben gesetzt = habe ich es in Gro\u00dfbuchstaben gesetzt; <\/span><span class=\"Translation\"><span class=\"Comment-Words\">poner<\/span><\/span><span class=\"Translation\"><span class=\"Comments\"> \u2014 setzen; stellen; legen<\/span><\/span><span class=\"Translation\">)<\/span><span class=\"Bold\"> en la primera cuartilla de papel <\/span><span class=\"Translation\">(auf das erste Blatt: \u00abauf das erste Viertelpapier\u00bb; <\/span><span class=\"Translation\"><span class=\"Comment-Words\">cuarto<\/span><\/span><span class=\"Translation\"><span class=\"Gender _idGenCharOverride-1\">m <\/span><\/span><span class=\"Translation\"><span class=\"Comments\">\u2014 Viertel<\/span><\/span><span class=\"Translation\">)<\/span><span class=\"Bold\">, y luego he dejado a capricho volar la pluma <\/span><span class=\"Translation\">(und dann habe ich nach Belieben die Feder fliegen lassen; <\/span><span class=\"Translation\"><span class=\"Comment-Words\">dejar<\/span><\/span><span class=\"Translation\"><span class=\"Comments\"> \u2014 lassen; <\/span><\/span><span class=\"Translation\"><span class=\"Comment-Words\">capricho<\/span><\/span><span class=\"Translation\"><span class=\"Gender _idGenCharOverride-1\">m <\/span><\/span><span class=\"Translation\"><span class=\"Comments\">\u2014 Laune<\/span><\/span><span class=\"Translation\">)<\/span><span class=\"Bold\">.<\/span><\/p>\r\n\r\n<\/div>\r\n[audio mp3=\"https:\/\/easyoriginal1.s3.eu-central-1.amazonaws.com\/spanisch\/s1\/1.mp3\"][\/audio]\r\n<div class=\"original-container\">\r\n<p class=\"Original\">Hace mucho tiempo que ten\u00eda ganas de escribir cualquier cosa con este t\u00edtulo.<\/p>\r\n<p class=\"Original\">Hoy, que se me ha presentado ocasi\u00f3n, lo he puesto con letras grandes en la primera cuartilla de papel, y luego he dejado a capricho volar la pluma.<\/p>\r\n\r\n<\/div>\r\n<a class=\"weiter\" href=\"\/webreader\/los-ojos-verdes\/fragment\/1-4-2\/\">weiter lesen<\/a>","_et_gb_content_width":""},"product_brand":[],"product_cat":[45],"product_tag":[165,81],"class_list":{"0":"post-7632","1":"product","2":"type-product","3":"status-publish","4":"has-post-thumbnail","6":"product_cat-franzoesisch-deutsch","7":"product_tag-arsene-lupin","8":"product_tag-krimi","10":"first","11":"instock","12":"taxable","13":"shipping-taxable","14":"purchasable","15":"product-type-variable"},"acf":[],"yoast_head":"<!-- This site is optimized with the Yoast SEO plugin v27.3 - https:\/\/yoast.com\/product\/yoast-seo-wordpress\/ -->\n<title>L\u2019Arrestation d\u2019Ars\u00e8ne Lupin \/ Die Verhaftung von Ars\u00e8ne Lupin - EasyOriginal.com<\/title>\n<meta name=\"robots\" content=\"index, follow, max-snippet:-1, max-image-preview:large, max-video-preview:-1\" \/>\n<link rel=\"canonical\" href=\"https:\/\/easyoriginal.com\/en\/shop\/franzoesisch-deutsch\/arsene-lupin-1-larrestation-darsene-lupin-die-verhaftung-von-arsene-lupin\/\" \/>\n<meta property=\"og:locale\" content=\"en_GB\" \/>\n<meta property=\"og:type\" content=\"article\" \/>\n<meta property=\"og:title\" content=\"L\u2019Arrestation d\u2019Ars\u00e8ne Lupin \/ Die Verhaftung von Ars\u00e8ne Lupin - EasyOriginal.com\" \/>\n<meta property=\"og:description\" content=\"Ars\u00e8ne Lupin ist eine Romanfigur des franz\u00f6sischen Autors Maurice Leblanc. &quot;Ars\u00e8ne Lupin, gentleman-cambrioleur&quot; (Ars\u00e8ne Lupin - Der Gentleman-Gauner) ist ein Sammelband mit 9 Geschichten. Beginnend mit &quot;L\u2019Arrestation d\u2019Ars\u00e8ne Lupin&quot; (&quot;Die Verhaftung von Ars\u00e8ne Lupin&quot;). Ungek\u00fcrzter Originaltext. Zweisprachiges Buch Franz\u00f6sisch-Deutsch.\" \/>\n<meta property=\"og:url\" content=\"https:\/\/easyoriginal.com\/en\/shop\/franzoesisch-deutsch\/arsene-lupin-1-larrestation-darsene-lupin-die-verhaftung-von-arsene-lupin\/\" \/>\n<meta property=\"og:site_name\" content=\"EasyOriginal.com\" \/>\n<meta property=\"article:modified_time\" content=\"2026-04-03T20:56:03+00:00\" \/>\n<meta property=\"og:image\" content=\"https:\/\/easyoriginal.com\/wp-content\/uploads\/leblanc_larrestation_darsene_lupin_cover-2.jpg\" \/>\n\t<meta property=\"og:image:width\" content=\"468\" \/>\n\t<meta property=\"og:image:height\" content=\"702\" \/>\n\t<meta property=\"og:image:type\" content=\"image\/jpeg\" \/>\n<meta name=\"twitter:card\" content=\"summary_large_image\" \/>\n<meta name=\"twitter:label1\" content=\"Estimated reading time\" \/>\n\t<meta name=\"twitter:data1\" content=\"2 minutes\" \/>\n<script type=\"application\/ld+json\" class=\"yoast-schema-graph\">{\"@context\":\"https:\\\/\\\/schema.org\",\"@graph\":[{\"@type\":\"WebPage\",\"@id\":\"https:\\\/\\\/easyoriginal.com\\\/shop\\\/franzoesisch-deutsch\\\/arsene-lupin-1-larrestation-darsene-lupin-die-verhaftung-von-arsene-lupin\\\/\",\"url\":\"https:\\\/\\\/easyoriginal.com\\\/shop\\\/franzoesisch-deutsch\\\/arsene-lupin-1-larrestation-darsene-lupin-die-verhaftung-von-arsene-lupin\\\/\",\"name\":\"L\u2019Arrestation d\u2019Ars\u00e8ne Lupin \\\/ Die Verhaftung von Ars\u00e8ne Lupin - EasyOriginal.com\",\"isPartOf\":{\"@id\":\"https:\\\/\\\/easyoriginal.com\\\/#website\"},\"primaryImageOfPage\":{\"@id\":\"https:\\\/\\\/easyoriginal.com\\\/shop\\\/franzoesisch-deutsch\\\/arsene-lupin-1-larrestation-darsene-lupin-die-verhaftung-von-arsene-lupin\\\/#primaryimage\"},\"image\":{\"@id\":\"https:\\\/\\\/easyoriginal.com\\\/shop\\\/franzoesisch-deutsch\\\/arsene-lupin-1-larrestation-darsene-lupin-die-verhaftung-von-arsene-lupin\\\/#primaryimage\"},\"thumbnailUrl\":\"https:\\\/\\\/easyoriginal.com\\\/wp-content\\\/uploads\\\/leblanc_larrestation_darsene_lupin_cover-2.jpg\",\"datePublished\":\"2020-10-16T12:46:53+00:00\",\"dateModified\":\"2026-04-03T20:56:03+00:00\",\"breadcrumb\":{\"@id\":\"https:\\\/\\\/easyoriginal.com\\\/shop\\\/franzoesisch-deutsch\\\/arsene-lupin-1-larrestation-darsene-lupin-die-verhaftung-von-arsene-lupin\\\/#breadcrumb\"},\"inLanguage\":\"en-GB\",\"potentialAction\":[{\"@type\":\"ReadAction\",\"target\":[\"https:\\\/\\\/easyoriginal.com\\\/shop\\\/franzoesisch-deutsch\\\/arsene-lupin-1-larrestation-darsene-lupin-die-verhaftung-von-arsene-lupin\\\/\"]}]},{\"@type\":\"ImageObject\",\"inLanguage\":\"en-GB\",\"@id\":\"https:\\\/\\\/easyoriginal.com\\\/shop\\\/franzoesisch-deutsch\\\/arsene-lupin-1-larrestation-darsene-lupin-die-verhaftung-von-arsene-lupin\\\/#primaryimage\",\"url\":\"https:\\\/\\\/easyoriginal.com\\\/wp-content\\\/uploads\\\/leblanc_larrestation_darsene_lupin_cover-2.jpg\",\"contentUrl\":\"https:\\\/\\\/easyoriginal.com\\\/wp-content\\\/uploads\\\/leblanc_larrestation_darsene_lupin_cover-2.jpg\",\"width\":468,\"height\":702,\"caption\":\"Zweisprachiges buch franz\u00f6sisch-deutsch, arsene lupin, franz\u00f6sische krimi, franz\u00f6sische kurzgeschichten maurice leblanc\"},{\"@type\":\"BreadcrumbList\",\"@id\":\"https:\\\/\\\/easyoriginal.com\\\/shop\\\/franzoesisch-deutsch\\\/arsene-lupin-1-larrestation-darsene-lupin-die-verhaftung-von-arsene-lupin\\\/#breadcrumb\",\"itemListElement\":[{\"@type\":\"ListItem\",\"position\":1,\"name\":\"Startseite\",\"item\":\"https:\\\/\\\/easyoriginal.com\\\/\"},{\"@type\":\"ListItem\",\"position\":2,\"name\":\"Shop\",\"item\":\"https:\\\/\\\/easyoriginal.com\\\/shop\\\/\"},{\"@type\":\"ListItem\",\"position\":3,\"name\":\"L\u2019Arrestation d\u2019Ars\u00e8ne Lupin \\\/ Die Verhaftung von Ars\u00e8ne Lupin\"}]},{\"@type\":\"WebSite\",\"@id\":\"https:\\\/\\\/easyoriginal.com\\\/#website\",\"url\":\"https:\\\/\\\/easyoriginal.com\\\/\",\"name\":\"EasyOriginal.com\",\"description\":\"Spa\u00df am Lesen im Original - Innovative Lesemethode f\u00fcr Fremdsprachen\",\"publisher\":{\"@id\":\"https:\\\/\\\/easyoriginal.com\\\/#organization\"},\"potentialAction\":[{\"@type\":\"SearchAction\",\"target\":{\"@type\":\"EntryPoint\",\"urlTemplate\":\"https:\\\/\\\/easyoriginal.com\\\/?s={search_term_string}\"},\"query-input\":{\"@type\":\"PropertyValueSpecification\",\"valueRequired\":true,\"valueName\":\"search_term_string\"}}],\"inLanguage\":\"en-GB\"},{\"@type\":\"Organization\",\"@id\":\"https:\\\/\\\/easyoriginal.com\\\/#organization\",\"name\":\"EasyOriginal Verlag\",\"url\":\"https:\\\/\\\/easyoriginal.com\\\/\",\"logo\":{\"@type\":\"ImageObject\",\"inLanguage\":\"en-GB\",\"@id\":\"https:\\\/\\\/easyoriginal.com\\\/#\\\/schema\\\/logo\\\/image\\\/\",\"url\":\"https:\\\/\\\/easyoriginal.com\\\/wp-content\\\/uploads\\\/2020\\\/08\\\/logo_main.png\",\"contentUrl\":\"https:\\\/\\\/easyoriginal.com\\\/wp-content\\\/uploads\\\/2020\\\/08\\\/logo_main.png\",\"width\":500,\"height\":103,\"caption\":\"EasyOriginal Verlag\"},\"image\":{\"@id\":\"https:\\\/\\\/easyoriginal.com\\\/#\\\/schema\\\/logo\\\/image\\\/\"}}]}<\/script>\n<!-- \/ Yoast SEO plugin. -->","yoast_head_json":{"title":"L\u2019Arrestation d\u2019Ars\u00e8ne Lupin \/ Die Verhaftung von Ars\u00e8ne Lupin - EasyOriginal.com","robots":{"index":"index","follow":"follow","max-snippet":"max-snippet:-1","max-image-preview":"max-image-preview:large","max-video-preview":"max-video-preview:-1"},"canonical":"https:\/\/easyoriginal.com\/en\/shop\/franzoesisch-deutsch\/arsene-lupin-1-larrestation-darsene-lupin-die-verhaftung-von-arsene-lupin\/","og_locale":"en_GB","og_type":"article","og_title":"L\u2019Arrestation d\u2019Ars\u00e8ne Lupin \/ Die Verhaftung von Ars\u00e8ne Lupin - EasyOriginal.com","og_description":"Ars\u00e8ne Lupin ist eine Romanfigur des franz\u00f6sischen Autors Maurice Leblanc. \"Ars\u00e8ne Lupin, gentleman-cambrioleur\" (Ars\u00e8ne Lupin - Der Gentleman-Gauner) ist ein Sammelband mit 9 Geschichten. Beginnend mit \"L\u2019Arrestation d\u2019Ars\u00e8ne Lupin\" (\"Die Verhaftung von Ars\u00e8ne Lupin\"). Ungek\u00fcrzter Originaltext. Zweisprachiges Buch Franz\u00f6sisch-Deutsch.","og_url":"https:\/\/easyoriginal.com\/en\/shop\/franzoesisch-deutsch\/arsene-lupin-1-larrestation-darsene-lupin-die-verhaftung-von-arsene-lupin\/","og_site_name":"EasyOriginal.com","article_modified_time":"2026-04-03T20:56:03+00:00","og_image":[{"width":468,"height":702,"url":"https:\/\/easyoriginal.com\/wp-content\/uploads\/leblanc_larrestation_darsene_lupin_cover-2.jpg","type":"image\/jpeg"}],"twitter_card":"summary_large_image","twitter_misc":{"Estimated reading time":"2 minutes"},"schema":{"@context":"https:\/\/schema.org","@graph":[{"@type":"WebPage","@id":"https:\/\/easyoriginal.com\/shop\/franzoesisch-deutsch\/arsene-lupin-1-larrestation-darsene-lupin-die-verhaftung-von-arsene-lupin\/","url":"https:\/\/easyoriginal.com\/shop\/franzoesisch-deutsch\/arsene-lupin-1-larrestation-darsene-lupin-die-verhaftung-von-arsene-lupin\/","name":"L\u2019Arrestation d\u2019Ars\u00e8ne Lupin \/ Die Verhaftung von Ars\u00e8ne Lupin - EasyOriginal.com","isPartOf":{"@id":"https:\/\/easyoriginal.com\/#website"},"primaryImageOfPage":{"@id":"https:\/\/easyoriginal.com\/shop\/franzoesisch-deutsch\/arsene-lupin-1-larrestation-darsene-lupin-die-verhaftung-von-arsene-lupin\/#primaryimage"},"image":{"@id":"https:\/\/easyoriginal.com\/shop\/franzoesisch-deutsch\/arsene-lupin-1-larrestation-darsene-lupin-die-verhaftung-von-arsene-lupin\/#primaryimage"},"thumbnailUrl":"https:\/\/easyoriginal.com\/wp-content\/uploads\/leblanc_larrestation_darsene_lupin_cover-2.jpg","datePublished":"2020-10-16T12:46:53+00:00","dateModified":"2026-04-03T20:56:03+00:00","breadcrumb":{"@id":"https:\/\/easyoriginal.com\/shop\/franzoesisch-deutsch\/arsene-lupin-1-larrestation-darsene-lupin-die-verhaftung-von-arsene-lupin\/#breadcrumb"},"inLanguage":"en-GB","potentialAction":[{"@type":"ReadAction","target":["https:\/\/easyoriginal.com\/shop\/franzoesisch-deutsch\/arsene-lupin-1-larrestation-darsene-lupin-die-verhaftung-von-arsene-lupin\/"]}]},{"@type":"ImageObject","inLanguage":"en-GB","@id":"https:\/\/easyoriginal.com\/shop\/franzoesisch-deutsch\/arsene-lupin-1-larrestation-darsene-lupin-die-verhaftung-von-arsene-lupin\/#primaryimage","url":"https:\/\/easyoriginal.com\/wp-content\/uploads\/leblanc_larrestation_darsene_lupin_cover-2.jpg","contentUrl":"https:\/\/easyoriginal.com\/wp-content\/uploads\/leblanc_larrestation_darsene_lupin_cover-2.jpg","width":468,"height":702,"caption":"Zweisprachiges buch franz\u00f6sisch-deutsch, arsene lupin, franz\u00f6sische krimi, franz\u00f6sische kurzgeschichten maurice leblanc"},{"@type":"BreadcrumbList","@id":"https:\/\/easyoriginal.com\/shop\/franzoesisch-deutsch\/arsene-lupin-1-larrestation-darsene-lupin-die-verhaftung-von-arsene-lupin\/#breadcrumb","itemListElement":[{"@type":"ListItem","position":1,"name":"Startseite","item":"https:\/\/easyoriginal.com\/"},{"@type":"ListItem","position":2,"name":"Shop","item":"https:\/\/easyoriginal.com\/shop\/"},{"@type":"ListItem","position":3,"name":"L\u2019Arrestation d\u2019Ars\u00e8ne Lupin \/ Die Verhaftung von Ars\u00e8ne Lupin"}]},{"@type":"WebSite","@id":"https:\/\/easyoriginal.com\/#website","url":"https:\/\/easyoriginal.com\/","name":"EasyOriginal.com","description":"Spa\u00df am Lesen im Original - Innovative Lesemethode f\u00fcr Fremdsprachen","publisher":{"@id":"https:\/\/easyoriginal.com\/#organization"},"potentialAction":[{"@type":"SearchAction","target":{"@type":"EntryPoint","urlTemplate":"https:\/\/easyoriginal.com\/?s={search_term_string}"},"query-input":{"@type":"PropertyValueSpecification","valueRequired":true,"valueName":"search_term_string"}}],"inLanguage":"en-GB"},{"@type":"Organization","@id":"https:\/\/easyoriginal.com\/#organization","name":"EasyOriginal Verlag","url":"https:\/\/easyoriginal.com\/","logo":{"@type":"ImageObject","inLanguage":"en-GB","@id":"https:\/\/easyoriginal.com\/#\/schema\/logo\/image\/","url":"https:\/\/easyoriginal.com\/wp-content\/uploads\/2020\/08\/logo_main.png","contentUrl":"https:\/\/easyoriginal.com\/wp-content\/uploads\/2020\/08\/logo_main.png","width":500,"height":103,"caption":"EasyOriginal Verlag"},"image":{"@id":"https:\/\/easyoriginal.com\/#\/schema\/logo\/image\/"}}]}},"_links":{"self":[{"href":"https:\/\/easyoriginal.com\/en\/wp-json\/wp\/v2\/product\/7632","targetHints":{"allow":["GET"]}}],"collection":[{"href":"https:\/\/easyoriginal.com\/en\/wp-json\/wp\/v2\/product"}],"about":[{"href":"https:\/\/easyoriginal.com\/en\/wp-json\/wp\/v2\/types\/product"}],"replies":[{"embeddable":true,"href":"https:\/\/easyoriginal.com\/en\/wp-json\/wp\/v2\/comments?post=7632"}],"wp:featuredmedia":[{"embeddable":true,"href":"https:\/\/easyoriginal.com\/en\/wp-json\/wp\/v2\/media\/8511"}],"wp:attachment":[{"href":"https:\/\/easyoriginal.com\/en\/wp-json\/wp\/v2\/media?parent=7632"}],"wp:term":[{"taxonomy":"product_brand","embeddable":true,"href":"https:\/\/easyoriginal.com\/en\/wp-json\/wp\/v2\/product_brand?post=7632"},{"taxonomy":"product_cat","embeddable":true,"href":"https:\/\/easyoriginal.com\/en\/wp-json\/wp\/v2\/product_cat?post=7632"},{"taxonomy":"product_tag","embeddable":true,"href":"https:\/\/easyoriginal.com\/en\/wp-json\/wp\/v2\/product_tag?post=7632"}],"curies":[{"name":"wp","href":"https:\/\/api.w.org\/{rel}","templated":true}]}}