{"id":6900,"date":"2020-10-15T22:32:49","date_gmt":"2020-10-15T20:32:49","guid":{"rendered":"https:\/\/easyoriginal.com\/?post_type=product&#038;p=6900"},"modified":"2024-07-03T10:05:59","modified_gmt":"2024-07-03T08:05:59","slug":"la-dama-del-lago-die-dame-aus-dem-see","status":"publish","type":"product","link":"https:\/\/easyoriginal.com\/en\/shop\/spanisch-deutsch\/la-dama-del-lago-die-dame-aus-dem-see\/","title":{"rendered":"La Dama del Lago \/ Die Dame aus dem See"},"content":{"rendered":"<div class=\"adapted-container\">\n<p class=\"Adapted\"><span class=\"Bold\">Hab\u00eda una vez una viuda que <\/span><span class=\"Translation\">(es war einmal eine Witwe, die)<\/span><span class=\"Bold\">, habiendo perdido a su esposo en la guerra <\/span><span class=\"Translation\">(ihren Gatten im Krieg verloren hatte<a id=\"_idTextAnchor000\"><\/a>: &#8222;ihren Gatten verloren habend&#8220;;<\/span> <span class=\"Translation\"><span class=\"Comment-Words\">perder<\/span><\/span><span class=\"Translation\"><span class=\"Comments\"> \u2014 verlieren<\/span><\/span><span class=\"Translation\">)<\/span><span class=\"Bold\">, viv\u00eda en uni\u00f3n de su \u00fanico hijo <\/span><span class=\"Translation\">(\/und\/ mit ihrem einzigen Sohn zusammenlebte: <a id=\"_idTextAnchor001\"><\/a>&#8222;in Einheit mit ihrem einzigen Sohn&#8220;)<\/span><span class=\"Bold\">. Ambos eran tan trabajadores que <\/span><span class=\"Translation\">(die beiden waren so flei\u00dfig\/arbeitsam, dass)<\/span><span class=\"Bold\">, en pocos a\u00f1os, se hab\u00edan asegurado una existencia holgada <\/span><span class=\"Translation\">(sie sich in wenigen Jahren ein Leben in Wohlstand: &#8222;ein bequemes Leben&#8220; gesichert hatten;<\/span> <span class=\"Translation\"><span class=\"Comment-Words\">holgar<\/span><\/span><span class=\"Translation\"><span class=\"Comments\"> \u2014 faulenzen, sich ausruhen; <\/span><\/span><span class=\"Translation\"><span class=\"Comment-Words\">holgado<\/span><\/span><span class=\"Translation\"><span class=\"Comments\"> \u2014 bequem<\/span><\/span><span class=\"Translation\">)<\/span><span class=\"Bold\">, sin que nada les faltase <\/span><span class=\"Translation\">(ohne dass es ihnen an etwas fehlte)<\/span><span class=\"Bold\">.<\/span><\/p>\n<\/div>\n<audio class=\"wp-audio-shortcode\" id=\"audio-6900-1\" preload=\"none\" style=\"width: 100%;\" controls=\"controls\"><source type=\"audio\/mpeg\" src=\"https:\/\/easyoriginal1.s3.eu-central-1.amazonaws.com\/spanisch\/s2\/1.mp3?_=1\" \/><a href=\"https:\/\/easyoriginal1.s3.eu-central-1.amazonaws.com\/spanisch\/s2\/1.mp3\">https:\/\/easyoriginal1.s3.eu-central-1.amazonaws.com\/spanisch\/s2\/1.mp3<\/a><\/audio>\n<div class=\"original-container\">\n<p class=\"Original\">Hab\u00eda una vez una viuda que, habiendo perdido a su esposo en la guerra, viv\u00eda en uni\u00f3n de su \u00fanico hijo. Ambos eran tan trabajadores que, en pocos a\u00f1os, se hab\u00edan asegurado una existencia holgada, sin que nada les faltase.<\/p>\n<\/div>","protected":false},"excerpt":{"rendered":"<p>Tauchen Sie ein in die magische Welt von &#8222;La dama del lago&#8220;, einer fesselnden Geschichte voller Geheimnisse und Romantik.<\/p>\n<p>Ein junger Hirte, der am Ufer eines verzauberten Sees lebt, begegnet eines Tages einer wundersch\u00f6nen Frau, deren Sch\u00f6nheit und Anmut ihn sofort verzaubern. Ihr goldenes Haar gl\u00e4nzt in der Sonne, und ihre Augen strahlen wie kostbare Edelsteine. Doch diese geheimnisvolle Dame ist keine gew\u00f6hnliche Frau &#8211; sie geh\u00f6rt dem Reich der Feen an.<\/p>\n<p>Die Liebe des jungen Hirten zu dieser bezaubernden Gestalt ist so stark, dass er bereit ist, alles zu tun, um ihr Herz zu gewinnen. Doch ihre Liebe ist nicht ohne Hindernisse. Ein r\u00e4tselhafter Pakt und eine Pr\u00fcfung der Geduld und des Verst\u00e4ndnisses stellen ihre Beziehung auf eine harte Probe.<\/p>\n<p>Wird es dem Hirten gelingen, die Pr\u00fcfungen zu bestehen und die Liebe seines Lebens zu gewinnen, oder wird das Schicksal ihn dazu zwingen, sie f\u00fcr immer zu verlieren?<\/p>\n<p>Entdecken Sie eine zeitlose Erz\u00e4hlung, die die Leser in eine Welt voller Wunder und Emotionen entf\u00fchrt. &#8222;La dama del lago&#8220; ist eine Geschichte \u00fcber die Kraft der wahren Liebe, die alle Widrigkeiten \u00fcberwinden kann. Perfekt f\u00fcr alle, die M\u00e4rchen und Romantik lieben!<br \/>\nUngek\u00fcrzter Originaltext. Zweisprachiges Buch Spanisch-Deutsch.<\/p>","protected":false},"featured_media":13626,"comment_status":"open","ping_status":"closed","template":"","meta":{"_acf_changed":false,"_et_pb_use_builder":"off","_et_pb_old_content":"<div class=\"adapted-container\">\r\n<p class=\"Adapted\"><span class=\"Bold\">Hace mucho tiempo que ten\u00eda ganas de escribir <\/span><span class=\"Translation\">(seit langer Zeit hatte ich Lust zu schreiben; <\/span><span class=\"Translation\"><span class=\"Comment-Words\">tener<\/span><\/span><span class=\"Translation\"><span class=\"Comments\"> \u2014 haben<\/span><\/span><span class=\"Translation\">)<\/span><span class=\"Bold\"> cualquier cosa con este t\u00edtulo <\/span><span class=\"Translation\">(irgendetwas mit diesem Titel)<\/span><span class=\"Bold\">.<\/span><\/p>\r\n<p class=\"Adapted\"><span class=\"Bold\">Hoy<a id=\"_idTextAnchor001\"><\/a>, que se me ha presentado ocasi\u00f3n <\/span><span class=\"Translation\">(heute, wo sich mir \/eine\/ Gelegenheit geboten hat; <\/span><span class=\"Translation\"><span class=\"Comment-Words\">presentar<\/span><\/span><span class=\"Translation\"><span class=\"Comments\"> \u2014 zeigen; vorstellen<\/span><\/span><span class=\"Translation\">)<\/span><span class=\"Bold\">, lo he puesto con letras grandes <\/span><span class=\"Translation\">(das habe ich in gro\u00dfen Buchstaben gesetzt = habe ich es in Gro\u00dfbuchstaben gesetzt; <\/span><span class=\"Translation\"><span class=\"Comment-Words\">poner<\/span><\/span><span class=\"Translation\"><span class=\"Comments\"> \u2014 setzen; stellen; legen<\/span><\/span><span class=\"Translation\">)<\/span><span class=\"Bold\"> en la primera cuartilla de papel <\/span><span class=\"Translation\">(auf das erste Blatt: \u00abauf das erste Viertelpapier\u00bb; <\/span><span class=\"Translation\"><span class=\"Comment-Words\">cuarto<\/span><\/span><span class=\"Translation\"><span class=\"Gender _idGenCharOverride-1\">m <\/span><\/span><span class=\"Translation\"><span class=\"Comments\">\u2014 Viertel<\/span><\/span><span class=\"Translation\">)<\/span><span class=\"Bold\">, y luego he dejado a capricho volar la pluma <\/span><span class=\"Translation\">(und dann habe ich nach Belieben die Feder fliegen lassen; <\/span><span class=\"Translation\"><span class=\"Comment-Words\">dejar<\/span><\/span><span class=\"Translation\"><span class=\"Comments\"> \u2014 lassen; <\/span><\/span><span class=\"Translation\"><span class=\"Comment-Words\">capricho<\/span><\/span><span class=\"Translation\"><span class=\"Gender _idGenCharOverride-1\">m <\/span><\/span><span class=\"Translation\"><span class=\"Comments\">\u2014 Laune<\/span><\/span><span class=\"Translation\">)<\/span><span class=\"Bold\">.<\/span><\/p>\r\n\r\n<\/div>\r\n[audio mp3=\"https:\/\/easyoriginal1.s3.eu-central-1.amazonaws.com\/spanisch\/s1\/1.mp3\"][\/audio]\r\n<div class=\"original-container\">\r\n<p class=\"Original\">Hace mucho tiempo que ten\u00eda ganas de escribir cualquier cosa con este t\u00edtulo.<\/p>\r\n<p class=\"Original\">Hoy, que se me ha presentado ocasi\u00f3n, lo he puesto con letras grandes en la primera cuartilla de papel, y luego he dejado a capricho volar la pluma.<\/p>\r\n\r\n<\/div>\r\n<a class=\"weiter\" href=\"\/webreader\/los-ojos-verdes\/fragment\/1-4-2\/\">weiter lesen<\/a>","_et_gb_content_width":""},"product_brand":[],"product_cat":[44],"product_tag":[164,163],"class_list":{"0":"post-6900","1":"product","2":"type-product","3":"status-publish","4":"has-post-thumbnail","6":"product_cat-spanisch-deutsch","7":"product_tag-anfaenger","8":"product_tag-maerchen","10":"first","11":"instock","12":"taxable","13":"shipping-taxable","14":"purchasable","15":"product-type-variable"},"acf":[],"yoast_head":"<!-- This site is optimized with the Yoast SEO plugin v27.3 - https:\/\/yoast.com\/product\/yoast-seo-wordpress\/ -->\n<title>La Dama del Lago \/ Die Dame aus dem See - EasyOriginal.com<\/title>\n<meta name=\"robots\" content=\"index, follow, max-snippet:-1, max-image-preview:large, max-video-preview:-1\" \/>\n<link rel=\"canonical\" href=\"https:\/\/easyoriginal.com\/en\/shop\/spanisch-deutsch\/la-dama-del-lago-die-dame-aus-dem-see\/\" \/>\n<meta property=\"og:locale\" content=\"en_GB\" \/>\n<meta property=\"og:type\" content=\"article\" \/>\n<meta property=\"og:title\" content=\"La Dama del Lago \/ Die Dame aus dem See - EasyOriginal.com\" \/>\n<meta property=\"og:description\" content=\"Tauchen Sie ein in die magische Welt von &quot;La dama del lago&quot;, einer fesselnden Geschichte voller Geheimnisse und Romantik.  Ein junger Hirte, der am Ufer eines verzauberten Sees lebt, begegnet eines Tages einer wundersch\u00f6nen Frau, deren Sch\u00f6nheit und Anmut ihn sofort verzaubern. Ihr goldenes Haar gl\u00e4nzt in der Sonne, und ihre Augen strahlen wie kostbare Edelsteine. Doch diese geheimnisvolle Dame ist keine gew\u00f6hnliche Frau - sie geh\u00f6rt dem Reich der Feen an.  Die Liebe des jungen Hirten zu dieser bezaubernden Gestalt ist so stark, dass er bereit ist, alles zu tun, um ihr Herz zu gewinnen. Doch ihre Liebe ist nicht ohne Hindernisse. Ein r\u00e4tselhafter Pakt und eine Pr\u00fcfung der Geduld und des Verst\u00e4ndnisses stellen ihre Beziehung auf eine harte Probe.  Wird es dem Hirten gelingen, die Pr\u00fcfungen zu bestehen und die Liebe seines Lebens zu gewinnen, oder wird das Schicksal ihn dazu zwingen, sie f\u00fcr immer zu verlieren?  Entdecken Sie eine zeitlose Erz\u00e4hlung, die die Leser in eine Welt voller Wunder und Emotionen entf\u00fchrt. &quot;La dama del lago&quot; ist eine Geschichte \u00fcber die Kraft der wahren Liebe, die alle Widrigkeiten \u00fcberwinden kann. Perfekt f\u00fcr alle, die M\u00e4rchen und Romantik lieben! Ungek\u00fcrzter Originaltext. Zweisprachiges Buch Spanisch-Deutsch.\" \/>\n<meta property=\"og:url\" content=\"https:\/\/easyoriginal.com\/en\/shop\/spanisch-deutsch\/la-dama-del-lago-die-dame-aus-dem-see\/\" \/>\n<meta property=\"og:site_name\" content=\"EasyOriginal.com\" \/>\n<meta property=\"article:modified_time\" content=\"2024-07-03T08:05:59+00:00\" \/>\n<meta property=\"og:image\" content=\"https:\/\/easyoriginal.com\/wp-content\/uploads\/Cuentos_la_dama_del_lago_printcover_2024.jpg\" \/>\n\t<meta property=\"og:image:width\" content=\"1600\" \/>\n\t<meta property=\"og:image:height\" content=\"2400\" \/>\n\t<meta property=\"og:image:type\" content=\"image\/jpeg\" \/>\n<meta name=\"twitter:card\" content=\"summary_large_image\" \/>\n<meta name=\"twitter:label1\" content=\"Estimated reading time\" \/>\n\t<meta name=\"twitter:data1\" content=\"2 minutes\" \/>\n<script type=\"application\/ld+json\" class=\"yoast-schema-graph\">{\"@context\":\"https:\\\/\\\/schema.org\",\"@graph\":[{\"@type\":\"WebPage\",\"@id\":\"https:\\\/\\\/easyoriginal.com\\\/shop\\\/spanisch-deutsch\\\/la-dama-del-lago-die-dame-aus-dem-see\\\/\",\"url\":\"https:\\\/\\\/easyoriginal.com\\\/shop\\\/spanisch-deutsch\\\/la-dama-del-lago-die-dame-aus-dem-see\\\/\",\"name\":\"La Dama del Lago \\\/ Die Dame aus dem See - EasyOriginal.com\",\"isPartOf\":{\"@id\":\"https:\\\/\\\/easyoriginal.com\\\/#website\"},\"primaryImageOfPage\":{\"@id\":\"https:\\\/\\\/easyoriginal.com\\\/shop\\\/spanisch-deutsch\\\/la-dama-del-lago-die-dame-aus-dem-see\\\/#primaryimage\"},\"image\":{\"@id\":\"https:\\\/\\\/easyoriginal.com\\\/shop\\\/spanisch-deutsch\\\/la-dama-del-lago-die-dame-aus-dem-see\\\/#primaryimage\"},\"thumbnailUrl\":\"https:\\\/\\\/easyoriginal.com\\\/wp-content\\\/uploads\\\/Cuentos_la_dama_del_lago_printcover_2024.jpg\",\"datePublished\":\"2020-10-15T20:32:49+00:00\",\"dateModified\":\"2024-07-03T08:05:59+00:00\",\"breadcrumb\":{\"@id\":\"https:\\\/\\\/easyoriginal.com\\\/shop\\\/spanisch-deutsch\\\/la-dama-del-lago-die-dame-aus-dem-see\\\/#breadcrumb\"},\"inLanguage\":\"en-GB\",\"potentialAction\":[{\"@type\":\"ReadAction\",\"target\":[\"https:\\\/\\\/easyoriginal.com\\\/shop\\\/spanisch-deutsch\\\/la-dama-del-lago-die-dame-aus-dem-see\\\/\"]}]},{\"@type\":\"ImageObject\",\"inLanguage\":\"en-GB\",\"@id\":\"https:\\\/\\\/easyoriginal.com\\\/shop\\\/spanisch-deutsch\\\/la-dama-del-lago-die-dame-aus-dem-see\\\/#primaryimage\",\"url\":\"https:\\\/\\\/easyoriginal.com\\\/wp-content\\\/uploads\\\/Cuentos_la_dama_del_lago_printcover_2024.jpg\",\"contentUrl\":\"https:\\\/\\\/easyoriginal.com\\\/wp-content\\\/uploads\\\/Cuentos_la_dama_del_lago_printcover_2024.jpg\",\"width\":1600,\"height\":2400},{\"@type\":\"BreadcrumbList\",\"@id\":\"https:\\\/\\\/easyoriginal.com\\\/shop\\\/spanisch-deutsch\\\/la-dama-del-lago-die-dame-aus-dem-see\\\/#breadcrumb\",\"itemListElement\":[{\"@type\":\"ListItem\",\"position\":1,\"name\":\"Startseite\",\"item\":\"https:\\\/\\\/easyoriginal.com\\\/\"},{\"@type\":\"ListItem\",\"position\":2,\"name\":\"Shop\",\"item\":\"https:\\\/\\\/easyoriginal.com\\\/shop\\\/\"},{\"@type\":\"ListItem\",\"position\":3,\"name\":\"La Dama del Lago \\\/ Die Dame aus dem See\"}]},{\"@type\":\"WebSite\",\"@id\":\"https:\\\/\\\/easyoriginal.com\\\/#website\",\"url\":\"https:\\\/\\\/easyoriginal.com\\\/\",\"name\":\"EasyOriginal.com\",\"description\":\"Spa\u00df am Lesen im Original - Innovative Lesemethode f\u00fcr Fremdsprachen\",\"publisher\":{\"@id\":\"https:\\\/\\\/easyoriginal.com\\\/#organization\"},\"potentialAction\":[{\"@type\":\"SearchAction\",\"target\":{\"@type\":\"EntryPoint\",\"urlTemplate\":\"https:\\\/\\\/easyoriginal.com\\\/?s={search_term_string}\"},\"query-input\":{\"@type\":\"PropertyValueSpecification\",\"valueRequired\":true,\"valueName\":\"search_term_string\"}}],\"inLanguage\":\"en-GB\"},{\"@type\":\"Organization\",\"@id\":\"https:\\\/\\\/easyoriginal.com\\\/#organization\",\"name\":\"EasyOriginal Verlag\",\"url\":\"https:\\\/\\\/easyoriginal.com\\\/\",\"logo\":{\"@type\":\"ImageObject\",\"inLanguage\":\"en-GB\",\"@id\":\"https:\\\/\\\/easyoriginal.com\\\/#\\\/schema\\\/logo\\\/image\\\/\",\"url\":\"https:\\\/\\\/easyoriginal.com\\\/wp-content\\\/uploads\\\/2020\\\/08\\\/logo_main.png\",\"contentUrl\":\"https:\\\/\\\/easyoriginal.com\\\/wp-content\\\/uploads\\\/2020\\\/08\\\/logo_main.png\",\"width\":500,\"height\":103,\"caption\":\"EasyOriginal Verlag\"},\"image\":{\"@id\":\"https:\\\/\\\/easyoriginal.com\\\/#\\\/schema\\\/logo\\\/image\\\/\"}}]}<\/script>\n<!-- \/ Yoast SEO plugin. -->","yoast_head_json":{"title":"La Dama del Lago \/ Die Dame aus dem See - EasyOriginal.com","robots":{"index":"index","follow":"follow","max-snippet":"max-snippet:-1","max-image-preview":"max-image-preview:large","max-video-preview":"max-video-preview:-1"},"canonical":"https:\/\/easyoriginal.com\/en\/shop\/spanisch-deutsch\/la-dama-del-lago-die-dame-aus-dem-see\/","og_locale":"en_GB","og_type":"article","og_title":"La Dama del Lago \/ Die Dame aus dem See - EasyOriginal.com","og_description":"Tauchen Sie ein in die magische Welt von \"La dama del lago\", einer fesselnden Geschichte voller Geheimnisse und Romantik.  Ein junger Hirte, der am Ufer eines verzauberten Sees lebt, begegnet eines Tages einer wundersch\u00f6nen Frau, deren Sch\u00f6nheit und Anmut ihn sofort verzaubern. Ihr goldenes Haar gl\u00e4nzt in der Sonne, und ihre Augen strahlen wie kostbare Edelsteine. Doch diese geheimnisvolle Dame ist keine gew\u00f6hnliche Frau - sie geh\u00f6rt dem Reich der Feen an.  Die Liebe des jungen Hirten zu dieser bezaubernden Gestalt ist so stark, dass er bereit ist, alles zu tun, um ihr Herz zu gewinnen. Doch ihre Liebe ist nicht ohne Hindernisse. Ein r\u00e4tselhafter Pakt und eine Pr\u00fcfung der Geduld und des Verst\u00e4ndnisses stellen ihre Beziehung auf eine harte Probe.  Wird es dem Hirten gelingen, die Pr\u00fcfungen zu bestehen und die Liebe seines Lebens zu gewinnen, oder wird das Schicksal ihn dazu zwingen, sie f\u00fcr immer zu verlieren?  Entdecken Sie eine zeitlose Erz\u00e4hlung, die die Leser in eine Welt voller Wunder und Emotionen entf\u00fchrt. \"La dama del lago\" ist eine Geschichte \u00fcber die Kraft der wahren Liebe, die alle Widrigkeiten \u00fcberwinden kann. Perfekt f\u00fcr alle, die M\u00e4rchen und Romantik lieben! Ungek\u00fcrzter Originaltext. Zweisprachiges Buch Spanisch-Deutsch.","og_url":"https:\/\/easyoriginal.com\/en\/shop\/spanisch-deutsch\/la-dama-del-lago-die-dame-aus-dem-see\/","og_site_name":"EasyOriginal.com","article_modified_time":"2024-07-03T08:05:59+00:00","og_image":[{"width":1600,"height":2400,"url":"https:\/\/easyoriginal.com\/wp-content\/uploads\/Cuentos_la_dama_del_lago_printcover_2024.jpg","type":"image\/jpeg"}],"twitter_card":"summary_large_image","twitter_misc":{"Estimated reading time":"2 minutes"},"schema":{"@context":"https:\/\/schema.org","@graph":[{"@type":"WebPage","@id":"https:\/\/easyoriginal.com\/shop\/spanisch-deutsch\/la-dama-del-lago-die-dame-aus-dem-see\/","url":"https:\/\/easyoriginal.com\/shop\/spanisch-deutsch\/la-dama-del-lago-die-dame-aus-dem-see\/","name":"La Dama del Lago \/ Die Dame aus dem See - EasyOriginal.com","isPartOf":{"@id":"https:\/\/easyoriginal.com\/#website"},"primaryImageOfPage":{"@id":"https:\/\/easyoriginal.com\/shop\/spanisch-deutsch\/la-dama-del-lago-die-dame-aus-dem-see\/#primaryimage"},"image":{"@id":"https:\/\/easyoriginal.com\/shop\/spanisch-deutsch\/la-dama-del-lago-die-dame-aus-dem-see\/#primaryimage"},"thumbnailUrl":"https:\/\/easyoriginal.com\/wp-content\/uploads\/Cuentos_la_dama_del_lago_printcover_2024.jpg","datePublished":"2020-10-15T20:32:49+00:00","dateModified":"2024-07-03T08:05:59+00:00","breadcrumb":{"@id":"https:\/\/easyoriginal.com\/shop\/spanisch-deutsch\/la-dama-del-lago-die-dame-aus-dem-see\/#breadcrumb"},"inLanguage":"en-GB","potentialAction":[{"@type":"ReadAction","target":["https:\/\/easyoriginal.com\/shop\/spanisch-deutsch\/la-dama-del-lago-die-dame-aus-dem-see\/"]}]},{"@type":"ImageObject","inLanguage":"en-GB","@id":"https:\/\/easyoriginal.com\/shop\/spanisch-deutsch\/la-dama-del-lago-die-dame-aus-dem-see\/#primaryimage","url":"https:\/\/easyoriginal.com\/wp-content\/uploads\/Cuentos_la_dama_del_lago_printcover_2024.jpg","contentUrl":"https:\/\/easyoriginal.com\/wp-content\/uploads\/Cuentos_la_dama_del_lago_printcover_2024.jpg","width":1600,"height":2400},{"@type":"BreadcrumbList","@id":"https:\/\/easyoriginal.com\/shop\/spanisch-deutsch\/la-dama-del-lago-die-dame-aus-dem-see\/#breadcrumb","itemListElement":[{"@type":"ListItem","position":1,"name":"Startseite","item":"https:\/\/easyoriginal.com\/"},{"@type":"ListItem","position":2,"name":"Shop","item":"https:\/\/easyoriginal.com\/shop\/"},{"@type":"ListItem","position":3,"name":"La Dama del Lago \/ Die Dame aus dem See"}]},{"@type":"WebSite","@id":"https:\/\/easyoriginal.com\/#website","url":"https:\/\/easyoriginal.com\/","name":"EasyOriginal.com","description":"Spa\u00df am Lesen im Original - Innovative Lesemethode f\u00fcr Fremdsprachen","publisher":{"@id":"https:\/\/easyoriginal.com\/#organization"},"potentialAction":[{"@type":"SearchAction","target":{"@type":"EntryPoint","urlTemplate":"https:\/\/easyoriginal.com\/?s={search_term_string}"},"query-input":{"@type":"PropertyValueSpecification","valueRequired":true,"valueName":"search_term_string"}}],"inLanguage":"en-GB"},{"@type":"Organization","@id":"https:\/\/easyoriginal.com\/#organization","name":"EasyOriginal Verlag","url":"https:\/\/easyoriginal.com\/","logo":{"@type":"ImageObject","inLanguage":"en-GB","@id":"https:\/\/easyoriginal.com\/#\/schema\/logo\/image\/","url":"https:\/\/easyoriginal.com\/wp-content\/uploads\/2020\/08\/logo_main.png","contentUrl":"https:\/\/easyoriginal.com\/wp-content\/uploads\/2020\/08\/logo_main.png","width":500,"height":103,"caption":"EasyOriginal Verlag"},"image":{"@id":"https:\/\/easyoriginal.com\/#\/schema\/logo\/image\/"}}]}},"_links":{"self":[{"href":"https:\/\/easyoriginal.com\/en\/wp-json\/wp\/v2\/product\/6900","targetHints":{"allow":["GET"]}}],"collection":[{"href":"https:\/\/easyoriginal.com\/en\/wp-json\/wp\/v2\/product"}],"about":[{"href":"https:\/\/easyoriginal.com\/en\/wp-json\/wp\/v2\/types\/product"}],"replies":[{"embeddable":true,"href":"https:\/\/easyoriginal.com\/en\/wp-json\/wp\/v2\/comments?post=6900"}],"wp:featuredmedia":[{"embeddable":true,"href":"https:\/\/easyoriginal.com\/en\/wp-json\/wp\/v2\/media\/13626"}],"wp:attachment":[{"href":"https:\/\/easyoriginal.com\/en\/wp-json\/wp\/v2\/media?parent=6900"}],"wp:term":[{"taxonomy":"product_brand","embeddable":true,"href":"https:\/\/easyoriginal.com\/en\/wp-json\/wp\/v2\/product_brand?post=6900"},{"taxonomy":"product_cat","embeddable":true,"href":"https:\/\/easyoriginal.com\/en\/wp-json\/wp\/v2\/product_cat?post=6900"},{"taxonomy":"product_tag","embeddable":true,"href":"https:\/\/easyoriginal.com\/en\/wp-json\/wp\/v2\/product_tag?post=6900"}],"curies":[{"name":"wp","href":"https:\/\/api.w.org\/{rel}","templated":true}]}}