{"id":552,"date":"2020-08-24T09:42:39","date_gmt":"2020-08-24T09:42:39","guid":{"rendered":"https:\/\/easyoriginal.com\/?post_type=product&#038;p=552"},"modified":"2024-07-03T10:06:14","modified_gmt":"2024-07-03T08:06:14","slug":"the-story-teller-der-erzaehler","status":"publish","type":"product","link":"https:\/\/easyoriginal.com\/en\/shop\/englisch-deutsch\/the-story-teller-der-erzaehler\/","title":{"rendered":"The Story-Teller \/ Der Erz\u00e4hler"},"content":{"rendered":"<div class=\"adapted-container\">\n<p class=\"Adapted\" lang=\"de-DE\"><span class=\"Bold\">It was a hot afternoon <\/span><span class=\"Translation\">(es war ein hei\u00dfer Nachmittag)<\/span><span class=\"Bold\">, and the railway carriage was correspondingly sultry <\/span><span class=\"Translation\">(und der Eisenbahnwaggon war entsprechend stickig; <\/span><span class=\"Translation\"><span class=\"Comments\">carriage <\/span><\/span><span class=\"Translation\"><span class=\"Transcription\">[\u201ak\u00e6r\u026ad\u0292]<\/span><\/span><span class=\"Translation\"><span class=\"Comments\">;<\/span><\/span> <span class=\"Translation\"><span class=\"Comments\">correspondingly <\/span><\/span><span class=\"Translation\"><span class=\"Transcription\">[\u02cck\u0252r\u0259\u02c8sp\u0252nd\u026a\u014bli]<\/span><\/span><span class=\"Translation\"><span class=\"Comments\">;<\/span><\/span> <span class=\"Translation\"><span class=\"Comment-Words\">sultry<\/span><\/span><span class=\"Translation\"><span class=\"Comments\"> \u2014 schw\u00fcl, stickig<\/span><\/span><span class=\"Translation\">)<\/span><span class=\"Bold\">, and the next stop was at Templecombe, nearly an hour ahead <\/span><span class=\"Translation\">(und die n\u00e4chste Station war in Templecombe, fast eine Stunde entfernt; <\/span><span class=\"Translation\"><span class=\"Comment-Words\">nearly<\/span><\/span><span class=\"Translation\"><span class=\"Comments\"> \u2014 beinahe, fast; <\/span><\/span><span class=\"Translation\"><span class=\"Comment-Words\">ahead<\/span><\/span> <span class=\"Translation\"><span class=\"Transcription\">[\u0259\u2018h\u025bd]<\/span><\/span><span class=\"Translation\"><span class=\"Comments\"> \u2014 voraus, vor, entfernt<\/span><\/span><span class=\"Translation\">)<\/span><span class=\"Bold\">. The occupants of the carriage were a small girl <\/span><span class=\"Translation\">(die Insassen des Waggons waren ein kleines M\u00e4dchen; <\/span><span class=\"Translation\"><span class=\"Comment-Words\">occupant<\/span><\/span> <span class=\"Translation\"><span class=\"Transcription\">[\u201a\u0252kj\u028ap\u0259nt]<\/span><\/span><span class=\"Translation\"><span class=\"Comments\"> \u2014 Bewohner, Inhaber, Insasse; <\/span><\/span><span class=\"Translation\"><span class=\"Comment-Words\">to occupy<\/span><\/span> <span class=\"Translation\"><span class=\"Transcription\">[\u201a\u0252kj\u028a\u02ccpa\u026a]<\/span><\/span><span class=\"Translation\"><span class=\"Comments\"> \u2014 besetzen, einnehmen<\/span><\/span><span class=\"Translation\">)<\/span><span class=\"Bold\">, and a smaller girl, and a small boy <\/span><span class=\"Translation\">(und ein kleineres M\u00e4dchen und ein kleiner Junge)<\/span><span class=\"Bold\">.<\/span><\/p>\n<\/div>\n<audio class=\"wp-audio-shortcode\" id=\"audio-552-1\" preload=\"none\" style=\"width: 100%;\" controls=\"controls\"><source type=\"audio\/mpeg\" src=\"https:\/\/easyoriginal1.s3.eu-central-1.amazonaws.com\/englisch\/e2\/01.mp3?_=1\" \/><a href=\"https:\/\/easyoriginal1.s3.eu-central-1.amazonaws.com\/englisch\/e2\/01.mp3\">https:\/\/easyoriginal1.s3.eu-central-1.amazonaws.com\/englisch\/e2\/01.mp3<\/a><\/audio>\n<div class=\"original-container\">\n<p class=\"Original\">It was a hot afternoon, and the railway carriage was correspondingly sultry, and the next stop was at Templecombe, nearly an hour ahead. The occupants of the carriage were a small girl, and a smaller girl, and a small boy.<\/p>\n<\/div>\n","protected":false},"excerpt":{"rendered":"<p>&#8222;Der Erz\u00e4hler&#8220; von Saki ist eine meisterhaft erz\u00e4hlte Kurzgeschichte, die mit Witz und scharfsinniger Beobachtungsgabe gl\u00e4nzt. An einem hei\u00dfen Nachmittag in einem Zugabteil entfaltet sich eine faszinierende Begegnung zwischen einer Tante, ihren drei jungen Begleitern und einem mysteri\u00f6sen Junggesellen. W\u00e4hrend die Kinder von ihrer Tante unterhalten werden m\u00f6chten, wird die Situation durch den Eintritt des Junggesellen in die Dynamik der Gruppe interessant und unvorhersehbar. Sakis Geschichte ist ein brillantes Beispiel f\u00fcr die Kunst des Geschichtenerz\u00e4hlens und bietet eine fesselnde Mischung aus Humor, Ironie und subtiler Gesellschaftskritik. Dieses Werk ist perfekt f\u00fcr Leser, die eine Geschichte mit Tiefe und Charakter suchen, die zugleich unterhaltsam und gedankenanregend ist. Ideal f\u00fcr diejenigen, die Freude an Geschichten finden, die sowohl zum Schmunzeln bringen als auch zum Nachdenken anregen, ohne dabei die \u00fcblichen Pfade des Erz\u00e4hlens zu beschreiten.<\/p>\n<p>Ungek\u00fcrzter Originaltext. Zweisprachiges Buch Englisch-Deutsch.<br \/>\nDiese Geschichte ist Teil des Buches &#8222;<a href=\"https:\/\/easyoriginal.com\/en\/shop\/englisch\/saki-kurzgeschichten-band-1\/\">Saki &#8211; Kurzgeschichten Band 1<\/a>&#8222;<\/p>","protected":false},"featured_media":13170,"comment_status":"open","ping_status":"closed","template":"","meta":{"_acf_changed":false,"_et_pb_use_builder":"off","_et_pb_old_content":"<div class=\"adapted-container\">\r\n<p class=\"Adapted\" lang=\"de-DE\"><span class=\"Bold\">It was a hot afternoon <\/span><span class=\"Translation\">(es war ein hei\u00dfer Nachmittag)<\/span><span class=\"Bold\">, and the railway carriage was correspondingly sultry <\/span><span class=\"Translation\">(und der Eisenbahnwaggon war entsprechend stickig; <\/span><span class=\"Translation\"><span class=\"Comments\">carriage <\/span><\/span><span class=\"Translation\"><span class=\"Transcription\">[\u201ak\u00e6r\u026ad\u0292]<\/span><\/span><span class=\"Translation\"><span class=\"Comments\">;<\/span><\/span> <span class=\"Translation\"><span class=\"Comments\">correspondingly <\/span><\/span><span class=\"Translation\"><span class=\"Transcription\">[\u02cck\u0252r\u0259\u02c8sp\u0252nd\u026a\u014bli]<\/span><\/span><span class=\"Translation\"><span class=\"Comments\">;<\/span><\/span> <span class=\"Translation\"><span class=\"Comment-Words\">sultry<\/span><\/span><span class=\"Translation\"><span class=\"Comments\"> \u2014 schw\u00fcl, stickig<\/span><\/span><span class=\"Translation\">)<\/span><span class=\"Bold\">, and the next stop was at Templecombe, nearly an hour ahead <\/span><span class=\"Translation\">(und die n\u00e4chste Station war in Templecombe, fast eine Stunde entfernt; <\/span><span class=\"Translation\"><span class=\"Comment-Words\">nearly<\/span><\/span><span class=\"Translation\"><span class=\"Comments\"> \u2014 beinahe, fast; <\/span><\/span><span class=\"Translation\"><span class=\"Comment-Words\">ahead<\/span><\/span> <span class=\"Translation\"><span class=\"Transcription\">[\u0259\u2018h\u025bd]<\/span><\/span><span class=\"Translation\"><span class=\"Comments\"> \u2014 voraus, vor, entfernt<\/span><\/span><span class=\"Translation\">)<\/span><span class=\"Bold\">. The occupants of the carriage were a small girl <\/span><span class=\"Translation\">(die Insassen des Waggons waren ein kleines M\u00e4dchen; <\/span><span class=\"Translation\"><span class=\"Comment-Words\">occupant<\/span><\/span> <span class=\"Translation\"><span class=\"Transcription\">[\u201a\u0252kj\u028ap\u0259nt]<\/span><\/span><span class=\"Translation\"><span class=\"Comments\"> \u2014 Bewohner, Inhaber, Insasse; <\/span><\/span><span class=\"Translation\"><span class=\"Comment-Words\">to occupy<\/span><\/span> <span class=\"Translation\"><span class=\"Transcription\">[\u201a\u0252kj\u028a\u02ccpa\u026a]<\/span><\/span><span class=\"Translation\"><span class=\"Comments\"> \u2014 besetzen, einnehmen<\/span><\/span><span class=\"Translation\">)<\/span><span class=\"Bold\">, and a smaller girl, and a small boy <\/span><span class=\"Translation\">(und ein kleineres M\u00e4dchen und ein kleiner Junge)<\/span><span class=\"Bold\">.<\/span><\/p>\r\n\r\n<\/div>\r\n[audio mp3=\"https:\/\/easyoriginal1.s3.eu-central-1.amazonaws.com\/englisch\/e2\/1.mp3\"][\/audio]\r\n<div class=\"original-container\">\r\n<p class=\"Original\">It was a hot afternoon, and the railway carriage was correspondingly sultry, and the next stop was at Templecombe, nearly an hour ahead. The occupants of the carriage were a small girl, and a smaller girl, and a small boy.<\/p>\r\n\r\n<\/div>\r\n<a class=\"weiter\" href=\"\/webreader\/the-story-teller\/fragment\/2-5\/\">weiter lesen<\/a>","_et_gb_content_width":""},"product_brand":[],"product_cat":[42],"product_tag":[72,70,71],"class_list":{"0":"post-552","1":"product","2":"type-product","3":"status-publish","4":"has-post-thumbnail","6":"product_cat-englisch-deutsch","7":"product_tag-britisch","8":"product_tag-humorvoll","9":"product_tag-kurzgeschichte","11":"first","12":"instock","13":"taxable","14":"shipping-taxable","15":"purchasable","16":"product-type-variable"},"acf":[],"yoast_head":"<!-- This site is optimized with the Yoast SEO plugin v27.3 - https:\/\/yoast.com\/product\/yoast-seo-wordpress\/ -->\n<title>The Story-Teller \/ Der Erz\u00e4hler - EasyOriginal.com<\/title>\n<meta name=\"robots\" content=\"index, follow, max-snippet:-1, max-image-preview:large, max-video-preview:-1\" \/>\n<link rel=\"canonical\" href=\"https:\/\/easyoriginal.com\/en\/shop\/englisch-deutsch\/the-story-teller-der-erzaehler\/\" \/>\n<meta property=\"og:locale\" content=\"en_GB\" \/>\n<meta property=\"og:type\" content=\"article\" \/>\n<meta property=\"og:title\" content=\"The Story-Teller \/ Der Erz\u00e4hler - EasyOriginal.com\" \/>\n<meta property=\"og:description\" content=\"&quot;Der Erz\u00e4hler&quot; von Saki ist eine meisterhaft erz\u00e4hlte Kurzgeschichte, die mit Witz und scharfsinniger Beobachtungsgabe gl\u00e4nzt. An einem hei\u00dfen Nachmittag in einem Zugabteil entfaltet sich eine faszinierende Begegnung zwischen einer Tante, ihren drei jungen Begleitern und einem mysteri\u00f6sen Junggesellen. W\u00e4hrend die Kinder von ihrer Tante unterhalten werden m\u00f6chten, wird die Situation durch den Eintritt des Junggesellen in die Dynamik der Gruppe interessant und unvorhersehbar. Sakis Geschichte ist ein brillantes Beispiel f\u00fcr die Kunst des Geschichtenerz\u00e4hlens und bietet eine fesselnde Mischung aus Humor, Ironie und subtiler Gesellschaftskritik. Dieses Werk ist perfekt f\u00fcr Leser, die eine Geschichte mit Tiefe und Charakter suchen, die zugleich unterhaltsam und gedankenanregend ist. Ideal f\u00fcr diejenigen, die Freude an Geschichten finden, die sowohl zum Schmunzeln bringen als auch zum Nachdenken anregen, ohne dabei die \u00fcblichen Pfade des Erz\u00e4hlens zu beschreiten.  Ungek\u00fcrzter Originaltext. Zweisprachiges Buch Englisch-Deutsch. Diese Geschichte ist Teil des Buches &quot;Saki - Kurzgeschichten Band 1&quot;\" \/>\n<meta property=\"og:url\" content=\"https:\/\/easyoriginal.com\/en\/shop\/englisch-deutsch\/the-story-teller-der-erzaehler\/\" \/>\n<meta property=\"og:site_name\" content=\"EasyOriginal.com\" \/>\n<meta property=\"article:modified_time\" content=\"2024-07-03T08:06:14+00:00\" \/>\n<meta property=\"og:image\" content=\"https:\/\/easyoriginal.com\/wp-content\/uploads\/saki_the_story_teller_cover_2024.jpg\" \/>\n\t<meta property=\"og:image:width\" content=\"1600\" \/>\n\t<meta property=\"og:image:height\" content=\"2400\" \/>\n\t<meta property=\"og:image:type\" content=\"image\/jpeg\" \/>\n<meta name=\"twitter:card\" content=\"summary_large_image\" \/>\n<meta name=\"twitter:label1\" content=\"Estimated reading time\" \/>\n\t<meta name=\"twitter:data1\" content=\"2 minutes\" \/>\n<script type=\"application\/ld+json\" class=\"yoast-schema-graph\">{\"@context\":\"https:\\\/\\\/schema.org\",\"@graph\":[{\"@type\":\"WebPage\",\"@id\":\"https:\\\/\\\/easyoriginal.com\\\/shop\\\/englisch-deutsch\\\/the-story-teller-der-erzaehler\\\/\",\"url\":\"https:\\\/\\\/easyoriginal.com\\\/shop\\\/englisch-deutsch\\\/the-story-teller-der-erzaehler\\\/\",\"name\":\"The Story-Teller \\\/ Der Erz\u00e4hler - EasyOriginal.com\",\"isPartOf\":{\"@id\":\"https:\\\/\\\/easyoriginal.com\\\/#website\"},\"primaryImageOfPage\":{\"@id\":\"https:\\\/\\\/easyoriginal.com\\\/shop\\\/englisch-deutsch\\\/the-story-teller-der-erzaehler\\\/#primaryimage\"},\"image\":{\"@id\":\"https:\\\/\\\/easyoriginal.com\\\/shop\\\/englisch-deutsch\\\/the-story-teller-der-erzaehler\\\/#primaryimage\"},\"thumbnailUrl\":\"https:\\\/\\\/easyoriginal.com\\\/wp-content\\\/uploads\\\/saki_the_story_teller_cover_2024.jpg\",\"datePublished\":\"2020-08-24T09:42:39+00:00\",\"dateModified\":\"2024-07-03T08:06:14+00:00\",\"breadcrumb\":{\"@id\":\"https:\\\/\\\/easyoriginal.com\\\/shop\\\/englisch-deutsch\\\/the-story-teller-der-erzaehler\\\/#breadcrumb\"},\"inLanguage\":\"en-GB\",\"potentialAction\":[{\"@type\":\"ReadAction\",\"target\":[\"https:\\\/\\\/easyoriginal.com\\\/shop\\\/englisch-deutsch\\\/the-story-teller-der-erzaehler\\\/\"]}]},{\"@type\":\"ImageObject\",\"inLanguage\":\"en-GB\",\"@id\":\"https:\\\/\\\/easyoriginal.com\\\/shop\\\/englisch-deutsch\\\/the-story-teller-der-erzaehler\\\/#primaryimage\",\"url\":\"https:\\\/\\\/easyoriginal.com\\\/wp-content\\\/uploads\\\/saki_the_story_teller_cover_2024.jpg\",\"contentUrl\":\"https:\\\/\\\/easyoriginal.com\\\/wp-content\\\/uploads\\\/saki_the_story_teller_cover_2024.jpg\",\"width\":1600,\"height\":2400},{\"@type\":\"BreadcrumbList\",\"@id\":\"https:\\\/\\\/easyoriginal.com\\\/shop\\\/englisch-deutsch\\\/the-story-teller-der-erzaehler\\\/#breadcrumb\",\"itemListElement\":[{\"@type\":\"ListItem\",\"position\":1,\"name\":\"Startseite\",\"item\":\"https:\\\/\\\/easyoriginal.com\\\/\"},{\"@type\":\"ListItem\",\"position\":2,\"name\":\"Shop\",\"item\":\"https:\\\/\\\/easyoriginal.com\\\/shop\\\/\"},{\"@type\":\"ListItem\",\"position\":3,\"name\":\"The Story-Teller \\\/ Der Erz\u00e4hler\"}]},{\"@type\":\"WebSite\",\"@id\":\"https:\\\/\\\/easyoriginal.com\\\/#website\",\"url\":\"https:\\\/\\\/easyoriginal.com\\\/\",\"name\":\"EasyOriginal.com\",\"description\":\"Spa\u00df am Lesen im Original - Innovative Lesemethode f\u00fcr Fremdsprachen\",\"publisher\":{\"@id\":\"https:\\\/\\\/easyoriginal.com\\\/#organization\"},\"potentialAction\":[{\"@type\":\"SearchAction\",\"target\":{\"@type\":\"EntryPoint\",\"urlTemplate\":\"https:\\\/\\\/easyoriginal.com\\\/?s={search_term_string}\"},\"query-input\":{\"@type\":\"PropertyValueSpecification\",\"valueRequired\":true,\"valueName\":\"search_term_string\"}}],\"inLanguage\":\"en-GB\"},{\"@type\":\"Organization\",\"@id\":\"https:\\\/\\\/easyoriginal.com\\\/#organization\",\"name\":\"EasyOriginal Verlag\",\"url\":\"https:\\\/\\\/easyoriginal.com\\\/\",\"logo\":{\"@type\":\"ImageObject\",\"inLanguage\":\"en-GB\",\"@id\":\"https:\\\/\\\/easyoriginal.com\\\/#\\\/schema\\\/logo\\\/image\\\/\",\"url\":\"https:\\\/\\\/easyoriginal.com\\\/wp-content\\\/uploads\\\/2020\\\/08\\\/logo_main.png\",\"contentUrl\":\"https:\\\/\\\/easyoriginal.com\\\/wp-content\\\/uploads\\\/2020\\\/08\\\/logo_main.png\",\"width\":500,\"height\":103,\"caption\":\"EasyOriginal Verlag\"},\"image\":{\"@id\":\"https:\\\/\\\/easyoriginal.com\\\/#\\\/schema\\\/logo\\\/image\\\/\"}}]}<\/script>\n<!-- \/ Yoast SEO plugin. -->","yoast_head_json":{"title":"The Story-Teller \/ Der Erz\u00e4hler - EasyOriginal.com","robots":{"index":"index","follow":"follow","max-snippet":"max-snippet:-1","max-image-preview":"max-image-preview:large","max-video-preview":"max-video-preview:-1"},"canonical":"https:\/\/easyoriginal.com\/en\/shop\/englisch-deutsch\/the-story-teller-der-erzaehler\/","og_locale":"en_GB","og_type":"article","og_title":"The Story-Teller \/ Der Erz\u00e4hler - EasyOriginal.com","og_description":"\"Der Erz\u00e4hler\" von Saki ist eine meisterhaft erz\u00e4hlte Kurzgeschichte, die mit Witz und scharfsinniger Beobachtungsgabe gl\u00e4nzt. An einem hei\u00dfen Nachmittag in einem Zugabteil entfaltet sich eine faszinierende Begegnung zwischen einer Tante, ihren drei jungen Begleitern und einem mysteri\u00f6sen Junggesellen. W\u00e4hrend die Kinder von ihrer Tante unterhalten werden m\u00f6chten, wird die Situation durch den Eintritt des Junggesellen in die Dynamik der Gruppe interessant und unvorhersehbar. Sakis Geschichte ist ein brillantes Beispiel f\u00fcr die Kunst des Geschichtenerz\u00e4hlens und bietet eine fesselnde Mischung aus Humor, Ironie und subtiler Gesellschaftskritik. Dieses Werk ist perfekt f\u00fcr Leser, die eine Geschichte mit Tiefe und Charakter suchen, die zugleich unterhaltsam und gedankenanregend ist. Ideal f\u00fcr diejenigen, die Freude an Geschichten finden, die sowohl zum Schmunzeln bringen als auch zum Nachdenken anregen, ohne dabei die \u00fcblichen Pfade des Erz\u00e4hlens zu beschreiten.  Ungek\u00fcrzter Originaltext. Zweisprachiges Buch Englisch-Deutsch. Diese Geschichte ist Teil des Buches \"Saki - Kurzgeschichten Band 1\"","og_url":"https:\/\/easyoriginal.com\/en\/shop\/englisch-deutsch\/the-story-teller-der-erzaehler\/","og_site_name":"EasyOriginal.com","article_modified_time":"2024-07-03T08:06:14+00:00","og_image":[{"width":1600,"height":2400,"url":"https:\/\/easyoriginal.com\/wp-content\/uploads\/saki_the_story_teller_cover_2024.jpg","type":"image\/jpeg"}],"twitter_card":"summary_large_image","twitter_misc":{"Estimated reading time":"2 minutes"},"schema":{"@context":"https:\/\/schema.org","@graph":[{"@type":"WebPage","@id":"https:\/\/easyoriginal.com\/shop\/englisch-deutsch\/the-story-teller-der-erzaehler\/","url":"https:\/\/easyoriginal.com\/shop\/englisch-deutsch\/the-story-teller-der-erzaehler\/","name":"The Story-Teller \/ Der Erz\u00e4hler - EasyOriginal.com","isPartOf":{"@id":"https:\/\/easyoriginal.com\/#website"},"primaryImageOfPage":{"@id":"https:\/\/easyoriginal.com\/shop\/englisch-deutsch\/the-story-teller-der-erzaehler\/#primaryimage"},"image":{"@id":"https:\/\/easyoriginal.com\/shop\/englisch-deutsch\/the-story-teller-der-erzaehler\/#primaryimage"},"thumbnailUrl":"https:\/\/easyoriginal.com\/wp-content\/uploads\/saki_the_story_teller_cover_2024.jpg","datePublished":"2020-08-24T09:42:39+00:00","dateModified":"2024-07-03T08:06:14+00:00","breadcrumb":{"@id":"https:\/\/easyoriginal.com\/shop\/englisch-deutsch\/the-story-teller-der-erzaehler\/#breadcrumb"},"inLanguage":"en-GB","potentialAction":[{"@type":"ReadAction","target":["https:\/\/easyoriginal.com\/shop\/englisch-deutsch\/the-story-teller-der-erzaehler\/"]}]},{"@type":"ImageObject","inLanguage":"en-GB","@id":"https:\/\/easyoriginal.com\/shop\/englisch-deutsch\/the-story-teller-der-erzaehler\/#primaryimage","url":"https:\/\/easyoriginal.com\/wp-content\/uploads\/saki_the_story_teller_cover_2024.jpg","contentUrl":"https:\/\/easyoriginal.com\/wp-content\/uploads\/saki_the_story_teller_cover_2024.jpg","width":1600,"height":2400},{"@type":"BreadcrumbList","@id":"https:\/\/easyoriginal.com\/shop\/englisch-deutsch\/the-story-teller-der-erzaehler\/#breadcrumb","itemListElement":[{"@type":"ListItem","position":1,"name":"Startseite","item":"https:\/\/easyoriginal.com\/"},{"@type":"ListItem","position":2,"name":"Shop","item":"https:\/\/easyoriginal.com\/shop\/"},{"@type":"ListItem","position":3,"name":"The Story-Teller \/ Der Erz\u00e4hler"}]},{"@type":"WebSite","@id":"https:\/\/easyoriginal.com\/#website","url":"https:\/\/easyoriginal.com\/","name":"EasyOriginal.com","description":"Spa\u00df am Lesen im Original - Innovative Lesemethode f\u00fcr Fremdsprachen","publisher":{"@id":"https:\/\/easyoriginal.com\/#organization"},"potentialAction":[{"@type":"SearchAction","target":{"@type":"EntryPoint","urlTemplate":"https:\/\/easyoriginal.com\/?s={search_term_string}"},"query-input":{"@type":"PropertyValueSpecification","valueRequired":true,"valueName":"search_term_string"}}],"inLanguage":"en-GB"},{"@type":"Organization","@id":"https:\/\/easyoriginal.com\/#organization","name":"EasyOriginal Verlag","url":"https:\/\/easyoriginal.com\/","logo":{"@type":"ImageObject","inLanguage":"en-GB","@id":"https:\/\/easyoriginal.com\/#\/schema\/logo\/image\/","url":"https:\/\/easyoriginal.com\/wp-content\/uploads\/2020\/08\/logo_main.png","contentUrl":"https:\/\/easyoriginal.com\/wp-content\/uploads\/2020\/08\/logo_main.png","width":500,"height":103,"caption":"EasyOriginal Verlag"},"image":{"@id":"https:\/\/easyoriginal.com\/#\/schema\/logo\/image\/"}}]}},"_links":{"self":[{"href":"https:\/\/easyoriginal.com\/en\/wp-json\/wp\/v2\/product\/552","targetHints":{"allow":["GET"]}}],"collection":[{"href":"https:\/\/easyoriginal.com\/en\/wp-json\/wp\/v2\/product"}],"about":[{"href":"https:\/\/easyoriginal.com\/en\/wp-json\/wp\/v2\/types\/product"}],"replies":[{"embeddable":true,"href":"https:\/\/easyoriginal.com\/en\/wp-json\/wp\/v2\/comments?post=552"}],"wp:featuredmedia":[{"embeddable":true,"href":"https:\/\/easyoriginal.com\/en\/wp-json\/wp\/v2\/media\/13170"}],"wp:attachment":[{"href":"https:\/\/easyoriginal.com\/en\/wp-json\/wp\/v2\/media?parent=552"}],"wp:term":[{"taxonomy":"product_brand","embeddable":true,"href":"https:\/\/easyoriginal.com\/en\/wp-json\/wp\/v2\/product_brand?post=552"},{"taxonomy":"product_cat","embeddable":true,"href":"https:\/\/easyoriginal.com\/en\/wp-json\/wp\/v2\/product_cat?post=552"},{"taxonomy":"product_tag","embeddable":true,"href":"https:\/\/easyoriginal.com\/en\/wp-json\/wp\/v2\/product_tag?post=552"}],"curies":[{"name":"wp","href":"https:\/\/api.w.org\/{rel}","templated":true}]}}