{"id":5342,"date":"2020-08-30T17:38:29","date_gmt":"2020-08-30T15:38:29","guid":{"rendered":"https:\/\/easyoriginal.com\/?post_type=product&#038;p=5342"},"modified":"2026-04-02T04:04:19","modified_gmt":"2026-04-02T02:04:19","slug":"ritorno-die-heimkehr","status":"publish","type":"product","link":"https:\/\/easyoriginal.com\/en\/shop\/italienisch-deutsch\/ritorno-die-heimkehr\/","title":{"rendered":"Ritorno \/ Die Heimkehr"},"content":{"rendered":"<div class=\"adapted-container\">\n<p class=\"Adapted\"><span class=\"Bold\">Dopo tant\u2019anni, di ritorno al suo triste paese in cima al colle <\/span><span class=\"Translation\">(nach so vielen Jahren, zur\u00fcckgekehrt in sein trauriges Dorf oben auf dem H\u00fcgel; <\/span><span class=\"Translation\"><span class=\"Comment-Words\">ritorno<\/span><\/span><span class=\"Translation\"><span class=\"Gender _idGenCharOverride-1\">m <\/span><\/span><span class=\"Translation\"><span class=\"Comments\">\u2014 Heimkehr; <\/span><\/span><span class=\"Translation\"><span class=\"Comment-Words\">di ritorno<\/span><\/span><span class=\"Translation\"><span class=\"Comments\"> \u2014 heimgekehrt, zur\u00fcckgekehrt; <\/span><\/span><span class=\"Translation\"><span class=\"Comment-Words\">cima<\/span><\/span><span class=\"Translation\"><span class=\"Gender _idGenCharOverride-1\">f <\/span><\/span><span class=\"Translation\"><span class=\"Comments\">\u2014 Gipfel, in cima a \u2014 oben auf; <\/span><\/span><span class=\"Translation\"><span class=\"Comment-Words\">colle<\/span><\/span><span class=\"Translation\"><span class=\"Gender _idGenCharOverride-1\">m <\/span><\/span><span class=\"Translation\"><span class=\"Comments\">\u2014 H\u00fcgel<\/span><\/span><span class=\"Translation\">)<\/span><span class=\"Bold\">, Paolo Marra cap\u00ed che la rovina del padre <\/span><span class=\"Translation\">(verstand Paolo Marra, dass das Ungl\u00fcck des Vaters; <\/span><span class=\"Translation\"><span class=\"Comment-Words\">rovina<\/span><\/span><span class=\"Translation\"><span class=\"Gender _idGenCharOverride-1\">f <\/span><\/span><span class=\"Translation\"><span class=\"Comments\">\u2014 Ruine, Verderben<\/span><\/span><span class=\"Translation\">)<\/span><span class=\"Bold\"> doveva esser cominciata proprio nel momento <\/span><span class=\"Translation\">(genau in dem Moment begonnen haben musste: &#8222;musste sein begonnen\u201c)<\/span><span class=\"Bold\">, che s\u2019era messo a costruire la casa per s\u00e9 <\/span><span class=\"Translation\">(als er begonnen hatte, das Haus f\u00fcr sich zu bauen; <\/span><span class=\"Translation\"><span class=\"Comment-Words\">mettersi a<\/span><\/span><span class=\"Translation\"><span class=\"Comments\"> \u2014 beginnen zu<\/span><\/span><span class=\"Translation\">)<\/span><span class=\"Bold\">, dopo averne costruite tante per gli altri <\/span><span class=\"Translation\">(nachdem er so viele f\u00fcr die anderen gebaut hatte: &#8222;nach haben davon gebaut\u201c)<\/span><span class=\"Bold\">.<\/span><\/p>\n<\/div>\n<audio class=\"wp-audio-shortcode\" id=\"audio-5342-1\" preload=\"none\" style=\"width: 100%;\" controls=\"controls\"><source type=\"audio\/mpeg\" src=\"https:\/\/easyoriginal1.s3.eu-central-1.amazonaws.com\/italienisch\/i1\/1.mp3?_=1\" \/><a href=\"https:\/\/easyoriginal1.s3.eu-central-1.amazonaws.com\/italienisch\/i1\/1.mp3\">https:\/\/easyoriginal1.s3.eu-central-1.amazonaws.com\/italienisch\/i1\/1.mp3<\/a><\/audio>\n<div class=\"original-container\">\n<p class=\"Original\" lang=\"en-US\">Dopo tant\u2019anni, di ritorno al suo triste paese in cima al colle, Paolo Marra cap\u00ed che la rovina del padre doveva esser cominciata proprio nel momento che s\u2019era messo a costruire la casa per s\u00e9, dopo averne costruite tante per gli altri.<\/p>\n<\/div>","protected":false},"excerpt":{"rendered":"<p>&#8222;Ritorno&#8220; ist eine fesselnde Geschichte, die den Leser in die tiefen Schatten der Vergangenheit und die komplexen Beziehungen einer zerr\u00fctteten Familie entf\u00fchrt. Die Erz\u00e4hlung folgt Paolo Marra, der nach vielen Jahren in sein trauriges Heimatdorf zur\u00fcckkehrt, nur um mit den Scherben seines einstigen Lebens konfrontiert zu werden. In den Ruinen seines Elternhauses und den verblassten Erinnerungen seiner Kindheit findet Paolo nicht nur Spuren seines Vaters, sondern auch die tief verwurzelten Konflikte, die seine Familie auseinandergerissen haben.<\/p>\n<p>Die Geschichte ist reich an Symbolik und Metaphern, die das emotionale Gewicht von Paolos R\u00fcckkehr verst\u00e4rken. Jedes Element, von der verfallenen Architektur bis hin zu den lebhaften Erinnerungen, tr\u00e4gt zur Erz\u00e4hlung bei und schafft eine Atmosph\u00e4re, die sowohl nostalgisch als auch bedr\u00fcckend ist. Der Leser wird in eine Welt entf\u00fchrt, in der die Grenzen zwischen Vergangenheit und Gegenwart verschwimmen und wo jeder Stein, jeder Winkel des Dorfes eine Geschichte zu erz\u00e4hlen hat.<\/p>\n<p>&#8222;Ritorno&#8220; ist nicht nur eine Reise in die Vergangenheit, sondern auch eine tiefgr\u00fcndige Untersuchung der menschlichen Natur und der Komplexit\u00e4t famili\u00e4rer Bindungen. Dieses Buch ist ein Muss f\u00fcr alle, die sich f\u00fcr Geschichten interessieren, die das menschliche Herz und die unergr\u00fcndlichen Tiefen der Familiengeschichte erforschen. Mit seiner eindrucksvollen Erz\u00e4hlkunst und seiner F\u00e4higkeit, starke Emotionen hervorzurufen, ist &#8222;Ritorno&#8220; ein unvergessliches Leseerlebnis, das noch lange nachwirkt.<\/p>\n<p>&#8222;Ritorno&#8220; (&#8222;Die Heimkehr&#8220;) ist eine Novelle des italienischen Schriftstellers und Nobelpreistr\u00e4gers\u00a0Luigi Pirandello.<br \/>\nUngek\u00fcrzter Originaltext. Zweisprachiges Buch Italienisch-Deutsch.<\/p>","protected":false},"featured_media":13175,"comment_status":"open","ping_status":"closed","template":"","meta":{"_acf_changed":false,"_et_pb_use_builder":"off","_et_pb_old_content":"<div class=\"adapted-container\">\r\n<p class=\"Adapted\"><span class=\"Bold\">Dopo tant\u2019anni, di ritorno al suo triste paese in cima al colle <\/span><span class=\"Translation\">(nach so vielen Jahren, zur\u00fcckgekehrt in sein trauriges Dorf oben auf dem H\u00fcgel; <\/span><span class=\"Translation\"><span class=\"Comment-Words\">ritorno<\/span><\/span><span class=\"Translation\"><span class=\"Gender _idGenCharOverride-1\">m <\/span><\/span><span class=\"Translation\"><span class=\"Comments\">\u2014 Heimkehr; <\/span><\/span><span class=\"Translation\"><span class=\"Comment-Words\">di ritorno<\/span><\/span><span class=\"Translation\"><span class=\"Comments\"> \u2014 heimgekehrt, zur\u00fcckgekehrt; <\/span><\/span><span class=\"Translation\"><span class=\"Comment-Words\">cima<\/span><\/span><span class=\"Translation\"><span class=\"Gender _idGenCharOverride-1\">f <\/span><\/span><span class=\"Translation\"><span class=\"Comments\">\u2014 Gipfel, in cima a \u2014 oben auf; <\/span><\/span><span class=\"Translation\"><span class=\"Comment-Words\">colle<\/span><\/span><span class=\"Translation\"><span class=\"Gender _idGenCharOverride-1\">m <\/span><\/span><span class=\"Translation\"><span class=\"Comments\">\u2014 H\u00fcgel<\/span><\/span><span class=\"Translation\">)<\/span><span class=\"Bold\">, Paolo Marra cap\u00ed che la rovina del padre <\/span><span class=\"Translation\">(verstand Paolo Marra, dass das Ungl\u00fcck des Vaters; <\/span><span class=\"Translation\"><span class=\"Comment-Words\">rovina<\/span><\/span><span class=\"Translation\"><span class=\"Gender _idGenCharOverride-1\">f <\/span><\/span><span class=\"Translation\"><span class=\"Comments\">\u2014 Ruine, Verderben<\/span><\/span><span class=\"Translation\">)<\/span><span class=\"Bold\"> doveva esser cominciata proprio nel momento <\/span><span class=\"Translation\">(genau in dem Moment begonnen haben musste: \"musste sein begonnen\u201c)<\/span><span class=\"Bold\">, che s\u2019era messo a costruire la casa per s\u00e9 <\/span><span class=\"Translation\">(als er begonnen hatte, das Haus f\u00fcr sich zu bauen; <\/span><span class=\"Translation\"><span class=\"Comment-Words\">mettersi a<\/span><\/span><span class=\"Translation\"><span class=\"Comments\"> \u2014 beginnen zu<\/span><\/span><span class=\"Translation\">)<\/span><span class=\"Bold\">, dopo averne costruite tante per gli altri <\/span><span class=\"Translation\">(nachdem er so viele f\u00fcr die anderen gebaut hatte: \"nach haben davon gebaut\u201c)<\/span><span class=\"Bold\">.<\/span><\/p>\r\n\r\n<\/div>\r\n[audio mp3=\"https:\/\/easyoriginal1.s3.eu-central-1.amazonaws.com\/italienisch\/i1\/1.mp3\"][\/audio]\r\n<div class=\"original-container\">\r\n<p class=\"Original\" lang=\"en-US\">Dopo tant\u2019anni, di ritorno al suo triste paese in cima al colle, Paolo Marra cap\u00ed che la rovina del padre doveva esser cominciata proprio nel momento che s\u2019era messo a costruire la casa per s\u00e9, dopo averne costruite tante per gli altri.<\/p>\r\n\r\n<\/div>\r\n<a class=\"weiter\" href=\"\/webreader\/ritorno\/fragment\/2-2-2\/\">weiter lesen<\/a>","_et_gb_content_width":""},"product_brand":[],"product_cat":[43],"product_tag":[],"class_list":{"0":"post-5342","1":"product","2":"type-product","3":"status-publish","4":"has-post-thumbnail","6":"product_cat-italienisch-deutsch","8":"first","9":"instock","10":"taxable","11":"shipping-taxable","12":"purchasable","13":"product-type-variable"},"acf":[],"yoast_head":"<!-- This site is optimized with the Yoast SEO plugin v27.4 - https:\/\/yoast.com\/product\/yoast-seo-wordpress\/ -->\n<title>Ritorno \/ Die Heimkehr - EasyOriginal.com<\/title>\n<meta name=\"robots\" content=\"index, follow, max-snippet:-1, max-image-preview:large, max-video-preview:-1\" \/>\n<link rel=\"canonical\" href=\"https:\/\/easyoriginal.com\/en\/shop\/italienisch-deutsch\/ritorno-die-heimkehr\/\" \/>\n<meta property=\"og:locale\" content=\"en_GB\" \/>\n<meta property=\"og:type\" content=\"article\" \/>\n<meta property=\"og:title\" content=\"Ritorno \/ Die Heimkehr - EasyOriginal.com\" \/>\n<meta property=\"og:description\" content=\"&quot;Ritorno&quot; ist eine fesselnde Geschichte, die den Leser in die tiefen Schatten der Vergangenheit und die komplexen Beziehungen einer zerr\u00fctteten Familie entf\u00fchrt. Die Erz\u00e4hlung folgt Paolo Marra, der nach vielen Jahren in sein trauriges Heimatdorf zur\u00fcckkehrt, nur um mit den Scherben seines einstigen Lebens konfrontiert zu werden. In den Ruinen seines Elternhauses und den verblassten Erinnerungen seiner Kindheit findet Paolo nicht nur Spuren seines Vaters, sondern auch die tief verwurzelten Konflikte, die seine Familie auseinandergerissen haben.  Die Geschichte ist reich an Symbolik und Metaphern, die das emotionale Gewicht von Paolos R\u00fcckkehr verst\u00e4rken. Jedes Element, von der verfallenen Architektur bis hin zu den lebhaften Erinnerungen, tr\u00e4gt zur Erz\u00e4hlung bei und schafft eine Atmosph\u00e4re, die sowohl nostalgisch als auch bedr\u00fcckend ist. Der Leser wird in eine Welt entf\u00fchrt, in der die Grenzen zwischen Vergangenheit und Gegenwart verschwimmen und wo jeder Stein, jeder Winkel des Dorfes eine Geschichte zu erz\u00e4hlen hat.  &quot;Ritorno&quot; ist nicht nur eine Reise in die Vergangenheit, sondern auch eine tiefgr\u00fcndige Untersuchung der menschlichen Natur und der Komplexit\u00e4t famili\u00e4rer Bindungen. Dieses Buch ist ein Muss f\u00fcr alle, die sich f\u00fcr Geschichten interessieren, die das menschliche Herz und die unergr\u00fcndlichen Tiefen der Familiengeschichte erforschen. Mit seiner eindrucksvollen Erz\u00e4hlkunst und seiner F\u00e4higkeit, starke Emotionen hervorzurufen, ist &quot;Ritorno&quot; ein unvergessliches Leseerlebnis, das noch lange nachwirkt.  &quot;Ritorno&quot; (&quot;Die Heimkehr&quot;) ist eine Novelle des italienischen Schriftstellers und Nobelpreistr\u00e4gers\u00a0Luigi Pirandello. Ungek\u00fcrzter Originaltext. Zweisprachiges Buch Italienisch-Deutsch.\" \/>\n<meta property=\"og:url\" content=\"https:\/\/easyoriginal.com\/en\/shop\/italienisch-deutsch\/ritorno-die-heimkehr\/\" \/>\n<meta property=\"og:site_name\" content=\"EasyOriginal.com\" \/>\n<meta property=\"article:modified_time\" content=\"2026-04-02T02:04:19+00:00\" \/>\n<meta property=\"og:image\" content=\"https:\/\/easyoriginal.com\/wp-content\/uploads\/pirandello_ritorno_cover_2024.jpg\" \/>\n\t<meta property=\"og:image:width\" content=\"1600\" \/>\n\t<meta property=\"og:image:height\" content=\"2400\" \/>\n\t<meta property=\"og:image:type\" content=\"image\/jpeg\" \/>\n<meta name=\"twitter:card\" content=\"summary_large_image\" \/>\n<meta name=\"twitter:label1\" content=\"Estimated reading time\" \/>\n\t<meta name=\"twitter:data1\" content=\"2 minutes\" \/>\n<script type=\"application\/ld+json\" class=\"yoast-schema-graph\">{\"@context\":\"https:\\\/\\\/schema.org\",\"@graph\":[{\"@type\":\"WebPage\",\"@id\":\"https:\\\/\\\/easyoriginal.com\\\/shop\\\/italienisch-deutsch\\\/ritorno-die-heimkehr\\\/\",\"url\":\"https:\\\/\\\/easyoriginal.com\\\/shop\\\/italienisch-deutsch\\\/ritorno-die-heimkehr\\\/\",\"name\":\"Ritorno \\\/ Die Heimkehr - EasyOriginal.com\",\"isPartOf\":{\"@id\":\"https:\\\/\\\/easyoriginal.com\\\/#website\"},\"primaryImageOfPage\":{\"@id\":\"https:\\\/\\\/easyoriginal.com\\\/shop\\\/italienisch-deutsch\\\/ritorno-die-heimkehr\\\/#primaryimage\"},\"image\":{\"@id\":\"https:\\\/\\\/easyoriginal.com\\\/shop\\\/italienisch-deutsch\\\/ritorno-die-heimkehr\\\/#primaryimage\"},\"thumbnailUrl\":\"https:\\\/\\\/easyoriginal.com\\\/wp-content\\\/uploads\\\/pirandello_ritorno_cover_2024.jpg\",\"datePublished\":\"2020-08-30T15:38:29+00:00\",\"dateModified\":\"2026-04-02T02:04:19+00:00\",\"breadcrumb\":{\"@id\":\"https:\\\/\\\/easyoriginal.com\\\/shop\\\/italienisch-deutsch\\\/ritorno-die-heimkehr\\\/#breadcrumb\"},\"inLanguage\":\"en-GB\",\"potentialAction\":[{\"@type\":\"ReadAction\",\"target\":[\"https:\\\/\\\/easyoriginal.com\\\/shop\\\/italienisch-deutsch\\\/ritorno-die-heimkehr\\\/\"]}]},{\"@type\":\"ImageObject\",\"inLanguage\":\"en-GB\",\"@id\":\"https:\\\/\\\/easyoriginal.com\\\/shop\\\/italienisch-deutsch\\\/ritorno-die-heimkehr\\\/#primaryimage\",\"url\":\"https:\\\/\\\/easyoriginal.com\\\/wp-content\\\/uploads\\\/pirandello_ritorno_cover_2024.jpg\",\"contentUrl\":\"https:\\\/\\\/easyoriginal.com\\\/wp-content\\\/uploads\\\/pirandello_ritorno_cover_2024.jpg\",\"width\":1600,\"height\":2400},{\"@type\":\"BreadcrumbList\",\"@id\":\"https:\\\/\\\/easyoriginal.com\\\/shop\\\/italienisch-deutsch\\\/ritorno-die-heimkehr\\\/#breadcrumb\",\"itemListElement\":[{\"@type\":\"ListItem\",\"position\":1,\"name\":\"Startseite\",\"item\":\"https:\\\/\\\/easyoriginal.com\\\/\"},{\"@type\":\"ListItem\",\"position\":2,\"name\":\"Shop\",\"item\":\"https:\\\/\\\/easyoriginal.com\\\/shop\\\/\"},{\"@type\":\"ListItem\",\"position\":3,\"name\":\"Ritorno \\\/ Die Heimkehr\"}]},{\"@type\":\"WebSite\",\"@id\":\"https:\\\/\\\/easyoriginal.com\\\/#website\",\"url\":\"https:\\\/\\\/easyoriginal.com\\\/\",\"name\":\"EasyOriginal.com\",\"description\":\"Spa\u00df am Lesen im Original - Innovative Lesemethode f\u00fcr Fremdsprachen\",\"publisher\":{\"@id\":\"https:\\\/\\\/easyoriginal.com\\\/#organization\"},\"potentialAction\":[{\"@type\":\"SearchAction\",\"target\":{\"@type\":\"EntryPoint\",\"urlTemplate\":\"https:\\\/\\\/easyoriginal.com\\\/?s={search_term_string}\"},\"query-input\":{\"@type\":\"PropertyValueSpecification\",\"valueRequired\":true,\"valueName\":\"search_term_string\"}}],\"inLanguage\":\"en-GB\"},{\"@type\":\"Organization\",\"@id\":\"https:\\\/\\\/easyoriginal.com\\\/#organization\",\"name\":\"EasyOriginal Verlag\",\"url\":\"https:\\\/\\\/easyoriginal.com\\\/\",\"logo\":{\"@type\":\"ImageObject\",\"inLanguage\":\"en-GB\",\"@id\":\"https:\\\/\\\/easyoriginal.com\\\/#\\\/schema\\\/logo\\\/image\\\/\",\"url\":\"https:\\\/\\\/easyoriginal.com\\\/wp-content\\\/uploads\\\/2020\\\/08\\\/logo_main.png\",\"contentUrl\":\"https:\\\/\\\/easyoriginal.com\\\/wp-content\\\/uploads\\\/2020\\\/08\\\/logo_main.png\",\"width\":500,\"height\":103,\"caption\":\"EasyOriginal Verlag\"},\"image\":{\"@id\":\"https:\\\/\\\/easyoriginal.com\\\/#\\\/schema\\\/logo\\\/image\\\/\"}}]}<\/script>\n<!-- \/ Yoast SEO plugin. -->","yoast_head_json":{"title":"Ritorno \/ Die Heimkehr - EasyOriginal.com","robots":{"index":"index","follow":"follow","max-snippet":"max-snippet:-1","max-image-preview":"max-image-preview:large","max-video-preview":"max-video-preview:-1"},"canonical":"https:\/\/easyoriginal.com\/en\/shop\/italienisch-deutsch\/ritorno-die-heimkehr\/","og_locale":"en_GB","og_type":"article","og_title":"Ritorno \/ Die Heimkehr - EasyOriginal.com","og_description":"\"Ritorno\" ist eine fesselnde Geschichte, die den Leser in die tiefen Schatten der Vergangenheit und die komplexen Beziehungen einer zerr\u00fctteten Familie entf\u00fchrt. Die Erz\u00e4hlung folgt Paolo Marra, der nach vielen Jahren in sein trauriges Heimatdorf zur\u00fcckkehrt, nur um mit den Scherben seines einstigen Lebens konfrontiert zu werden. In den Ruinen seines Elternhauses und den verblassten Erinnerungen seiner Kindheit findet Paolo nicht nur Spuren seines Vaters, sondern auch die tief verwurzelten Konflikte, die seine Familie auseinandergerissen haben.  Die Geschichte ist reich an Symbolik und Metaphern, die das emotionale Gewicht von Paolos R\u00fcckkehr verst\u00e4rken. Jedes Element, von der verfallenen Architektur bis hin zu den lebhaften Erinnerungen, tr\u00e4gt zur Erz\u00e4hlung bei und schafft eine Atmosph\u00e4re, die sowohl nostalgisch als auch bedr\u00fcckend ist. Der Leser wird in eine Welt entf\u00fchrt, in der die Grenzen zwischen Vergangenheit und Gegenwart verschwimmen und wo jeder Stein, jeder Winkel des Dorfes eine Geschichte zu erz\u00e4hlen hat.  \"Ritorno\" ist nicht nur eine Reise in die Vergangenheit, sondern auch eine tiefgr\u00fcndige Untersuchung der menschlichen Natur und der Komplexit\u00e4t famili\u00e4rer Bindungen. Dieses Buch ist ein Muss f\u00fcr alle, die sich f\u00fcr Geschichten interessieren, die das menschliche Herz und die unergr\u00fcndlichen Tiefen der Familiengeschichte erforschen. Mit seiner eindrucksvollen Erz\u00e4hlkunst und seiner F\u00e4higkeit, starke Emotionen hervorzurufen, ist \"Ritorno\" ein unvergessliches Leseerlebnis, das noch lange nachwirkt.  \"Ritorno\" (\"Die Heimkehr\") ist eine Novelle des italienischen Schriftstellers und Nobelpreistr\u00e4gers\u00a0Luigi Pirandello. Ungek\u00fcrzter Originaltext. Zweisprachiges Buch Italienisch-Deutsch.","og_url":"https:\/\/easyoriginal.com\/en\/shop\/italienisch-deutsch\/ritorno-die-heimkehr\/","og_site_name":"EasyOriginal.com","article_modified_time":"2026-04-02T02:04:19+00:00","og_image":[{"width":1600,"height":2400,"url":"https:\/\/easyoriginal.com\/wp-content\/uploads\/pirandello_ritorno_cover_2024.jpg","type":"image\/jpeg"}],"twitter_card":"summary_large_image","twitter_misc":{"Estimated reading time":"2 minutes"},"schema":{"@context":"https:\/\/schema.org","@graph":[{"@type":"WebPage","@id":"https:\/\/easyoriginal.com\/shop\/italienisch-deutsch\/ritorno-die-heimkehr\/","url":"https:\/\/easyoriginal.com\/shop\/italienisch-deutsch\/ritorno-die-heimkehr\/","name":"Ritorno \/ Die Heimkehr - EasyOriginal.com","isPartOf":{"@id":"https:\/\/easyoriginal.com\/#website"},"primaryImageOfPage":{"@id":"https:\/\/easyoriginal.com\/shop\/italienisch-deutsch\/ritorno-die-heimkehr\/#primaryimage"},"image":{"@id":"https:\/\/easyoriginal.com\/shop\/italienisch-deutsch\/ritorno-die-heimkehr\/#primaryimage"},"thumbnailUrl":"https:\/\/easyoriginal.com\/wp-content\/uploads\/pirandello_ritorno_cover_2024.jpg","datePublished":"2020-08-30T15:38:29+00:00","dateModified":"2026-04-02T02:04:19+00:00","breadcrumb":{"@id":"https:\/\/easyoriginal.com\/shop\/italienisch-deutsch\/ritorno-die-heimkehr\/#breadcrumb"},"inLanguage":"en-GB","potentialAction":[{"@type":"ReadAction","target":["https:\/\/easyoriginal.com\/shop\/italienisch-deutsch\/ritorno-die-heimkehr\/"]}]},{"@type":"ImageObject","inLanguage":"en-GB","@id":"https:\/\/easyoriginal.com\/shop\/italienisch-deutsch\/ritorno-die-heimkehr\/#primaryimage","url":"https:\/\/easyoriginal.com\/wp-content\/uploads\/pirandello_ritorno_cover_2024.jpg","contentUrl":"https:\/\/easyoriginal.com\/wp-content\/uploads\/pirandello_ritorno_cover_2024.jpg","width":1600,"height":2400},{"@type":"BreadcrumbList","@id":"https:\/\/easyoriginal.com\/shop\/italienisch-deutsch\/ritorno-die-heimkehr\/#breadcrumb","itemListElement":[{"@type":"ListItem","position":1,"name":"Startseite","item":"https:\/\/easyoriginal.com\/"},{"@type":"ListItem","position":2,"name":"Shop","item":"https:\/\/easyoriginal.com\/shop\/"},{"@type":"ListItem","position":3,"name":"Ritorno \/ Die Heimkehr"}]},{"@type":"WebSite","@id":"https:\/\/easyoriginal.com\/#website","url":"https:\/\/easyoriginal.com\/","name":"EasyOriginal.com","description":"Spa\u00df am Lesen im Original - Innovative Lesemethode f\u00fcr Fremdsprachen","publisher":{"@id":"https:\/\/easyoriginal.com\/#organization"},"potentialAction":[{"@type":"SearchAction","target":{"@type":"EntryPoint","urlTemplate":"https:\/\/easyoriginal.com\/?s={search_term_string}"},"query-input":{"@type":"PropertyValueSpecification","valueRequired":true,"valueName":"search_term_string"}}],"inLanguage":"en-GB"},{"@type":"Organization","@id":"https:\/\/easyoriginal.com\/#organization","name":"EasyOriginal Verlag","url":"https:\/\/easyoriginal.com\/","logo":{"@type":"ImageObject","inLanguage":"en-GB","@id":"https:\/\/easyoriginal.com\/#\/schema\/logo\/image\/","url":"https:\/\/easyoriginal.com\/wp-content\/uploads\/2020\/08\/logo_main.png","contentUrl":"https:\/\/easyoriginal.com\/wp-content\/uploads\/2020\/08\/logo_main.png","width":500,"height":103,"caption":"EasyOriginal Verlag"},"image":{"@id":"https:\/\/easyoriginal.com\/#\/schema\/logo\/image\/"}}]}},"_links":{"self":[{"href":"https:\/\/easyoriginal.com\/en\/wp-json\/wp\/v2\/product\/5342","targetHints":{"allow":["GET"]}}],"collection":[{"href":"https:\/\/easyoriginal.com\/en\/wp-json\/wp\/v2\/product"}],"about":[{"href":"https:\/\/easyoriginal.com\/en\/wp-json\/wp\/v2\/types\/product"}],"replies":[{"embeddable":true,"href":"https:\/\/easyoriginal.com\/en\/wp-json\/wp\/v2\/comments?post=5342"}],"wp:featuredmedia":[{"embeddable":true,"href":"https:\/\/easyoriginal.com\/en\/wp-json\/wp\/v2\/media\/13175"}],"wp:attachment":[{"href":"https:\/\/easyoriginal.com\/en\/wp-json\/wp\/v2\/media?parent=5342"}],"wp:term":[{"taxonomy":"product_brand","embeddable":true,"href":"https:\/\/easyoriginal.com\/en\/wp-json\/wp\/v2\/product_brand?post=5342"},{"taxonomy":"product_cat","embeddable":true,"href":"https:\/\/easyoriginal.com\/en\/wp-json\/wp\/v2\/product_cat?post=5342"},{"taxonomy":"product_tag","embeddable":true,"href":"https:\/\/easyoriginal.com\/en\/wp-json\/wp\/v2\/product_tag?post=5342"}],"curies":[{"name":"wp","href":"https:\/\/api.w.org\/{rel}","templated":true}]}}