{"id":5300,"date":"2020-08-30T15:40:49","date_gmt":"2020-08-30T13:40:49","guid":{"rendered":"https:\/\/easyoriginal.com\/?post_type=product&#038;p=5300"},"modified":"2024-03-08T23:01:54","modified_gmt":"2024-03-08T22:01:54","slug":"the-country-of-the-blind-das-land-der-blinden","status":"publish","type":"product","link":"https:\/\/easyoriginal.com\/en\/shop\/englisch-deutsch\/the-country-of-the-blind-das-land-der-blinden\/","title":{"rendered":"The Country of the Blind \/ Das Land der Blinden"},"content":{"rendered":"<div class=\"adapted-container\">\n<p class=\"Adapted\"><span class=\"Bold\">Three hundred miles and more from Chimborazo <\/span><span class=\"Translation\">(dreihundert Meilen und mehr von Chimborazo)<\/span><span class=\"Bold\">, one hundred from the snows of Cotopaxi <\/span><span class=\"Translation\">(einhundert vom Schnee Cotopaxis)<\/span><span class=\"Bold\">, in the wildest wastes of Ecuador\u2019s Andes <\/span><span class=\"Translation\">(in den wildesten \u00d6dfl\u00e4chen der Anden von Ecuador; <\/span><span class=\"Translation\"><span class=\"Comment-Words\">waste<\/span><\/span> <span class=\"Translation\"><span class=\"Transcription\">[we\u026ast]<\/span><\/span><span class=\"Translation\"><span class=\"Comments\"> \u2013<\/span><\/span> <span class=\"Translation\"><span class=\"Comments\">W\u00fcste, Ein\u00f6de<\/span><\/span><span class=\"Translation\">)<\/span><span class=\"Bold\">, there lies that mysterious mountain valle<a id=\"_idTextAnchor000\"><\/a>y <\/span><span class=\"Translation\">(dort liegt das sagenumwobene Gebirgstal; <\/span><span class=\"Translation\"><span class=\"Comments\">mysterious <\/span><\/span><span class=\"Translation\"><span class=\"Transcription\">[m\u026a\u2019st\u026a\u0259r\u026a\u0259s]<\/span><\/span><span class=\"Translation\"><span class=\"Comments\">; mountain <\/span><\/span><span class=\"Translation\"><span class=\"Transcription\">[\u2018ma\u028ant\u026an]<\/span><\/span><span class=\"Translation\"><span class=\"Comments\">; valley <\/span><\/span><span class=\"Translation\"><span class=\"Transcription\">[\u2018v\u00e6l\u026a]<\/span><\/span><span class=\"Translation\">)<\/span><span class=\"Bold\">, cut off from all the world of men <\/span><span class=\"Translation\">(von der Welt der Menschen v\u00f6llig abgeschnitten)<\/span><span class=\"Bold\">, the Country of the Blind <\/span><span class=\"Translation\">(das Land der Blinden; <\/span><span class=\"Translation\"><span class=\"Comments\">blind <\/span><\/span><span class=\"Translation\"><span class=\"Transcription\">[bla\u026and]<\/span><\/span><span class=\"Translation\">)<\/span><span class=\"Bold\">. <\/span><\/p>\n<p class=\"Adapted\"><span class=\"Bold\">Long years ago <\/span><span class=\"Translation\">(vor vielen Jahren)<\/span><span class=\"Bold\"> hat valley lay so far open to the world <\/span><span class=\"Translation\">(lag dieses Tal so weit offen f\u00fcr die Welt)<\/span><span class=\"Bold\"> that men might come at last through frightful gorges and over an icy pass into its equable meadows <\/span><span class=\"Translation\">(dass Menschen endlich durch schreckliche Schluchten und \u00fcber einen vereisten Gebirgspass in seine gleichf\u00f6rmigen Auen kommen konnten; <\/span><span class=\"Translation\"><span class=\"Comments\">frightful <\/span><\/span><span class=\"Translation\"><span class=\"Transcription\">[\u2018fra\u026atf\u028al]<\/span><\/span><span class=\"Translation\"><span class=\"Comments\">; gorge <\/span><\/span><span class=\"Translation\"><span class=\"Transcription\">[g\u0254\u02d0d\u0292]<\/span><\/span><span class=\"Translation\"><span class=\"Comments\">; equable <\/span><\/span><span class=\"Translation\"><span class=\"Transcription\">[\u02c8\u025bkw\u0259b(\u0259)<\/span><\/span><span class=\"Transcription\">l]<\/span><span class=\"Comments\">; meadow<\/span> <span class=\"Transcription\">[\u2018m\u025bd\u0259\u028a]<\/span><span class=\"Translation\">)<\/span><span class=\"Bold\">, and thither indeed men came <\/span><span class=\"Translation\">(und tats\u00e4chlich kamen Menschen dorthin; <\/span><span class=\"Translation\"><span class=\"Comments\">thither <\/span><\/span><span class=\"Translation\"><span class=\"Transcription\">[\u2018\u00f0\u026a\u00f0\u0259]<\/span><\/span><span class=\"Translation\"><span class=\"Comments\">; indeed <\/span><\/span><span class=\"Translation\"><span class=\"Transcription\">[\u026an\u2019di\u02d0d]<\/span><\/span><span class=\"Translation\">)<\/span><span class=\"Bold\">, a family or so of Peruvian half-breeds fleeing <\/span><span class=\"Translation\">(eine Familie oder so von peruanischen Mischlingen; <\/span><span class=\"Translation\"><span class=\"Comments\">breed <\/span><\/span><span class=\"Translation\"><span class=\"Transcription\">[bri\u02d0d]<\/span><\/span><span class=\"Translation\">)<\/span><span class=\"Bold\"> from the lust and tyranny of an evil Spanish ruler<\/span> <span class=\"Translation\">(die vor der Gier und Tyrannei eines b\u00f6sen spanischen Herrschers floh; <\/span><span class=\"Translation\"><span class=\"Comments\">lust <\/span><\/span><span class=\"Translation\"><span class=\"Transcription\">[l\u028cst]<\/span><\/span><span class=\"Translation\"><span class=\"Comments\">; tyranny <\/span><\/span><span class=\"Translation\"><span class=\"Transcription\">[\u2018t\u026ar\u0259n\u026a]<\/span><\/span><span class=\"Translation\"><span class=\"Comments\">;<\/span><\/span> <span class=\"Translation\"><span class=\"Comments\">evil <\/span><\/span><span class=\"Translation\"><span class=\"Transcription\">[\u2018i\u02d0v(\u0259)<\/span><\/span><span class=\"Transcription\">l]<\/span>)<span class=\"Bold\">.<\/span><\/p>\n<\/div>\n<audio class=\"wp-audio-shortcode\" id=\"audio-5300-1\" preload=\"none\" style=\"width: 100%;\" controls=\"controls\"><source type=\"audio\/mpeg\" src=\"https:\/\/easyoriginal1.s3.eu-central-1.amazonaws.com\/englisch\/e5\/1.mp3?_=1\" \/><a href=\"https:\/\/easyoriginal1.s3.eu-central-1.amazonaws.com\/englisch\/e5\/1.mp3\">https:\/\/easyoriginal1.s3.eu-central-1.amazonaws.com\/englisch\/e5\/1.mp3<\/a><\/audio>\n<div class=\"original-container\">\n<p class=\"Original\">Three hundred miles and more from Chimborazo, one hundred from the snows of Cotopaxi, in the wildest wastes of Ecuador\u2019s Andes, there lies that mysterious mountain valley, cut off from all the world of men, the Country of the Blind.<\/p>\n<p class=\"Original\">Long years ago that valley lay so far open to the world that men might come at last through frightful gorges and over an icy pass into its equable meadows, and thither indeed men came, a family or so of Peruvian half-breeds fleeing from the lust and tyranny of an evil Spanish ruler.<\/p>\n<\/div>\n","protected":false},"excerpt":{"rendered":"<p>Entdecken Sie das packende Meisterwerk &#8222;The Country of the Blind&#8220; \u2013 eine Geschichte, die Sie in eine verborgene Welt entf\u00fchrt. In den abgelegenen Anden Ecuadors liegt das mysteri\u00f6se Tal des Blindenlandes, abgeschnitten von der Au\u00dfenwelt durch eine katastrophale Naturkatastrophe. Hier hat sich eine Gemeinschaft von Blinden gebildet, die \u00fcber Generationen hinweg in v\u00f6lliger Isolation lebt. Als Nu\u00f1ez, ein Sehender, in ihr Tal st\u00fcrzt, wird er mit einer Welt konfrontiert, in der Sehen nicht nur wertlos, sondern sogar ein Hindernis ist. Diese fesselnde Erz\u00e4hlung von H.G. Wells stellt grundlegende Fragen \u00fcber Wahrnehmung, Anpassung und was es wirklich bedeutet, &#8222;zu sehen&#8220;. Entdecken Sie die Spannungen zwischen Nu\u00f1ez&#8216; Welt des Sehens und der einzigartigen Kultur der Blinden, in einem Tal, wo der Spruch &#8222;Im Land der Blinden ist der Ein\u00e4ugige K\u00f6nig&#8220; auf die Probe gestellt wird. Ein Muss f\u00fcr jeden Literaturliebhaber, der sich nach einer Geschichte sehnt, die den Geist herausfordert und das Herz ber\u00fchrt.<\/p>\n<p>Ungek\u00fcrzter Originaltext. Zweisprachiges Buch Englisch-Deutsch.<\/p>","protected":false},"featured_media":13202,"comment_status":"open","ping_status":"closed","template":"","meta":{"_acf_changed":false,"_et_pb_use_builder":"off","_et_pb_old_content":"<div class=\"adapted-container\">\r\n<p class=\"Adapted\"><span class=\"Bold\">Three hundred miles and more from Chimborazo <\/span><span class=\"Translation\">(dreihundert Meilen und mehr von Chimborazo)<\/span><span class=\"Bold\">, one hundred from the snows of Cotopaxi <\/span><span class=\"Translation\">(einhundert vom Schnee Cotopaxis)<\/span><span class=\"Bold\">, in the wildest wastes of Ecuador\u2019s Andes <\/span><span class=\"Translation\">(in den wildesten \u00d6dfl\u00e4chen der Anden von Ecuador; <\/span><span class=\"Translation\"><span class=\"Comment-Words\">waste<\/span><\/span> <span class=\"Translation\"><span class=\"Transcription\">[we\u026ast]<\/span><\/span><span class=\"Translation\"><span class=\"Comments\"> \u2013<\/span><\/span> <span class=\"Translation\"><span class=\"Comments\">W\u00fcste, Ein\u00f6de<\/span><\/span><span class=\"Translation\">)<\/span><span class=\"Bold\">, there lies that mysterious mountain valle<a id=\"_idTextAnchor000\"><\/a>y <\/span><span class=\"Translation\">(dort liegt das sagenumwobene Gebirgstal; <\/span><span class=\"Translation\"><span class=\"Comments\">mysterious <\/span><\/span><span class=\"Translation\"><span class=\"Transcription\">[m\u026a\u2019st\u026a\u0259r\u026a\u0259s]<\/span><\/span><span class=\"Translation\"><span class=\"Comments\">; mountain <\/span><\/span><span class=\"Translation\"><span class=\"Transcription\">[\u2018ma\u028ant\u026an]<\/span><\/span><span class=\"Translation\"><span class=\"Comments\">; valley <\/span><\/span><span class=\"Translation\"><span class=\"Transcription\">[\u2018v\u00e6l\u026a]<\/span><\/span><span class=\"Translation\">)<\/span><span class=\"Bold\">, cut off from all the world of men <\/span><span class=\"Translation\">(von der Welt der Menschen v\u00f6llig abgeschnitten)<\/span><span class=\"Bold\">, the Country of the Blind <\/span><span class=\"Translation\">(das Land der Blinden; <\/span><span class=\"Translation\"><span class=\"Comments\">blind <\/span><\/span><span class=\"Translation\"><span class=\"Transcription\">[bla\u026and]<\/span><\/span><span class=\"Translation\">)<\/span><span class=\"Bold\">. <\/span><\/p>\r\n<p class=\"Adapted\"><span class=\"Bold\">Long years ago <\/span><span class=\"Translation\">(vor vielen Jahren)<\/span><span class=\"Bold\"> hat valley lay so far open to the world <\/span><span class=\"Translation\">(lag dieses Tal so weit offen f\u00fcr die Welt)<\/span><span class=\"Bold\"> that men might come at last through frightful gorges and over an icy pass into its equable meadows <\/span><span class=\"Translation\">(dass Menschen endlich durch schreckliche Schluchten und \u00fcber einen vereisten Gebirgspass in seine gleichf\u00f6rmigen Auen kommen konnten; <\/span><span class=\"Translation\"><span class=\"Comments\">frightful <\/span><\/span><span class=\"Translation\"><span class=\"Transcription\">[\u2018fra\u026atf\u028al]<\/span><\/span><span class=\"Translation\"><span class=\"Comments\">; gorge <\/span><\/span><span class=\"Translation\"><span class=\"Transcription\">[g\u0254\u02d0d\u0292]<\/span><\/span><span class=\"Translation\"><span class=\"Comments\">; equable <\/span><\/span><span class=\"Translation\"><span class=\"Transcription\">[\u02c8\u025bkw\u0259b(\u0259)<\/span><\/span><span class=\"Transcription\">l]<\/span><span class=\"Comments\">; meadow<\/span> <span class=\"Transcription\">[\u2018m\u025bd\u0259\u028a]<\/span><span class=\"Translation\">)<\/span><span class=\"Bold\">, and thither indeed men came <\/span><span class=\"Translation\">(und tats\u00e4chlich kamen Menschen dorthin; <\/span><span class=\"Translation\"><span class=\"Comments\">thither <\/span><\/span><span class=\"Translation\"><span class=\"Transcription\">[\u2018\u00f0\u026a\u00f0\u0259]<\/span><\/span><span class=\"Translation\"><span class=\"Comments\">; indeed <\/span><\/span><span class=\"Translation\"><span class=\"Transcription\">[\u026an\u2019di\u02d0d]<\/span><\/span><span class=\"Translation\">)<\/span><span class=\"Bold\">, a family or so of Peruvian half-breeds fleeing <\/span><span class=\"Translation\">(eine Familie oder so von peruanischen Mischlingen; <\/span><span class=\"Translation\"><span class=\"Comments\">breed <\/span><\/span><span class=\"Translation\"><span class=\"Transcription\">[bri\u02d0d]<\/span><\/span><span class=\"Translation\">)<\/span><span class=\"Bold\"> from the lust and tyranny of an evil Spanish ruler<\/span> <span class=\"Translation\">(die vor der Gier und Tyrannei eines b\u00f6sen spanischen Herrschers floh; <\/span><span class=\"Translation\"><span class=\"Comments\">lust <\/span><\/span><span class=\"Translation\"><span class=\"Transcription\">[l\u028cst]<\/span><\/span><span class=\"Translation\"><span class=\"Comments\">; tyranny <\/span><\/span><span class=\"Translation\"><span class=\"Transcription\">[\u2018t\u026ar\u0259n\u026a]<\/span><\/span><span class=\"Translation\"><span class=\"Comments\">;<\/span><\/span> <span class=\"Translation\"><span class=\"Comments\">evil <\/span><\/span><span class=\"Translation\"><span class=\"Transcription\">[\u2018i\u02d0v(\u0259)<\/span><\/span><span class=\"Transcription\">l]<\/span>)<span class=\"Bold\">.<\/span><\/p>\r\n\r\n<\/div>\r\n[audio mp3=\"https:\/\/easyoriginal1.s3.eu-central-1.amazonaws.com\/englisch\/e5\/1.mp3\"][\/audio]\r\n<div class=\"original-container\">\r\n<p class=\"Original\">Three hundred miles and more from Chimborazo, one hundred from the snows of Cotopaxi, in the wildest wastes of Ecuador\u2019s Andes, there lies that mysterious mountain valley, cut off from all the world of men, the Country of the Blind.<\/p>\r\n<p class=\"Original\">Long years ago that valley lay so far open to the world that men might come at last through frightful gorges and over an icy pass into its equable meadows, and thither indeed men came, a family or so of Peruvian half-breeds fleeing from the lust and tyranny of an evil Spanish ruler.<\/p>\r\n\r\n<\/div>\r\n<a class=\"weiter\" href=\"\/webreader\/the-country-of-the-blind\/fragment\/2-4-2-2-3\/\">weiter lesen<\/a>","_et_gb_content_width":""},"product_brand":[],"product_cat":[42],"product_tag":[72,82],"class_list":{"0":"post-5300","1":"product","2":"type-product","3":"status-publish","4":"has-post-thumbnail","6":"product_cat-englisch-deutsch","7":"product_tag-britisch","8":"product_tag-science-fiction","10":"first","11":"instock","12":"taxable","13":"shipping-taxable","14":"purchasable","15":"product-type-variable"},"acf":[],"yoast_head":"<!-- This site is optimized with the Yoast SEO plugin v27.3 - https:\/\/yoast.com\/product\/yoast-seo-wordpress\/ -->\n<title>The Country of the Blind \/ Das Land der Blinden - EasyOriginal.com<\/title>\n<meta name=\"robots\" content=\"index, follow, max-snippet:-1, max-image-preview:large, max-video-preview:-1\" \/>\n<link rel=\"canonical\" href=\"https:\/\/easyoriginal.com\/en\/shop\/englisch-deutsch\/the-country-of-the-blind-das-land-der-blinden\/\" \/>\n<meta property=\"og:locale\" content=\"en_GB\" \/>\n<meta property=\"og:type\" content=\"article\" \/>\n<meta property=\"og:title\" content=\"The Country of the Blind \/ Das Land der Blinden - EasyOriginal.com\" \/>\n<meta property=\"og:description\" content=\"Entdecken Sie das packende Meisterwerk &quot;The Country of the Blind&quot; \u2013 eine Geschichte, die Sie in eine verborgene Welt entf\u00fchrt. In den abgelegenen Anden Ecuadors liegt das mysteri\u00f6se Tal des Blindenlandes, abgeschnitten von der Au\u00dfenwelt durch eine katastrophale Naturkatastrophe. Hier hat sich eine Gemeinschaft von Blinden gebildet, die \u00fcber Generationen hinweg in v\u00f6lliger Isolation lebt. Als Nu\u00f1ez, ein Sehender, in ihr Tal st\u00fcrzt, wird er mit einer Welt konfrontiert, in der Sehen nicht nur wertlos, sondern sogar ein Hindernis ist. Diese fesselnde Erz\u00e4hlung von H.G. Wells stellt grundlegende Fragen \u00fcber Wahrnehmung, Anpassung und was es wirklich bedeutet, &quot;zu sehen&quot;. Entdecken Sie die Spannungen zwischen Nu\u00f1ez&#039; Welt des Sehens und der einzigartigen Kultur der Blinden, in einem Tal, wo der Spruch &quot;Im Land der Blinden ist der Ein\u00e4ugige K\u00f6nig&quot; auf die Probe gestellt wird. Ein Muss f\u00fcr jeden Literaturliebhaber, der sich nach einer Geschichte sehnt, die den Geist herausfordert und das Herz ber\u00fchrt.  Ungek\u00fcrzter Originaltext. Zweisprachiges Buch Englisch-Deutsch.\" \/>\n<meta property=\"og:url\" content=\"https:\/\/easyoriginal.com\/en\/shop\/englisch-deutsch\/the-country-of-the-blind-das-land-der-blinden\/\" \/>\n<meta property=\"og:site_name\" content=\"EasyOriginal.com\" \/>\n<meta property=\"article:modified_time\" content=\"2024-03-08T22:01:54+00:00\" \/>\n<meta property=\"og:image\" content=\"https:\/\/easyoriginal.com\/wp-content\/uploads\/wells_the_country_of_the_blind_cover_2024.jpg\" \/>\n\t<meta property=\"og:image:width\" content=\"1600\" \/>\n\t<meta property=\"og:image:height\" content=\"2400\" \/>\n\t<meta property=\"og:image:type\" content=\"image\/jpeg\" \/>\n<meta name=\"twitter:card\" content=\"summary_large_image\" \/>\n<meta name=\"twitter:label1\" content=\"Estimated reading time\" \/>\n\t<meta name=\"twitter:data1\" content=\"2 minutes\" \/>\n<script type=\"application\/ld+json\" class=\"yoast-schema-graph\">{\"@context\":\"https:\\\/\\\/schema.org\",\"@graph\":[{\"@type\":\"WebPage\",\"@id\":\"https:\\\/\\\/easyoriginal.com\\\/shop\\\/englisch-deutsch\\\/the-country-of-the-blind-das-land-der-blinden\\\/\",\"url\":\"https:\\\/\\\/easyoriginal.com\\\/shop\\\/englisch-deutsch\\\/the-country-of-the-blind-das-land-der-blinden\\\/\",\"name\":\"The Country of the Blind \\\/ Das Land der Blinden - EasyOriginal.com\",\"isPartOf\":{\"@id\":\"https:\\\/\\\/easyoriginal.com\\\/#website\"},\"primaryImageOfPage\":{\"@id\":\"https:\\\/\\\/easyoriginal.com\\\/shop\\\/englisch-deutsch\\\/the-country-of-the-blind-das-land-der-blinden\\\/#primaryimage\"},\"image\":{\"@id\":\"https:\\\/\\\/easyoriginal.com\\\/shop\\\/englisch-deutsch\\\/the-country-of-the-blind-das-land-der-blinden\\\/#primaryimage\"},\"thumbnailUrl\":\"https:\\\/\\\/easyoriginal.com\\\/wp-content\\\/uploads\\\/wells_the_country_of_the_blind_cover_2024.jpg\",\"datePublished\":\"2020-08-30T13:40:49+00:00\",\"dateModified\":\"2024-03-08T22:01:54+00:00\",\"breadcrumb\":{\"@id\":\"https:\\\/\\\/easyoriginal.com\\\/shop\\\/englisch-deutsch\\\/the-country-of-the-blind-das-land-der-blinden\\\/#breadcrumb\"},\"inLanguage\":\"en-GB\",\"potentialAction\":[{\"@type\":\"ReadAction\",\"target\":[\"https:\\\/\\\/easyoriginal.com\\\/shop\\\/englisch-deutsch\\\/the-country-of-the-blind-das-land-der-blinden\\\/\"]}]},{\"@type\":\"ImageObject\",\"inLanguage\":\"en-GB\",\"@id\":\"https:\\\/\\\/easyoriginal.com\\\/shop\\\/englisch-deutsch\\\/the-country-of-the-blind-das-land-der-blinden\\\/#primaryimage\",\"url\":\"https:\\\/\\\/easyoriginal.com\\\/wp-content\\\/uploads\\\/wells_the_country_of_the_blind_cover_2024.jpg\",\"contentUrl\":\"https:\\\/\\\/easyoriginal.com\\\/wp-content\\\/uploads\\\/wells_the_country_of_the_blind_cover_2024.jpg\",\"width\":1600,\"height\":2400},{\"@type\":\"BreadcrumbList\",\"@id\":\"https:\\\/\\\/easyoriginal.com\\\/shop\\\/englisch-deutsch\\\/the-country-of-the-blind-das-land-der-blinden\\\/#breadcrumb\",\"itemListElement\":[{\"@type\":\"ListItem\",\"position\":1,\"name\":\"Startseite\",\"item\":\"https:\\\/\\\/easyoriginal.com\\\/\"},{\"@type\":\"ListItem\",\"position\":2,\"name\":\"Shop\",\"item\":\"https:\\\/\\\/easyoriginal.com\\\/shop\\\/\"},{\"@type\":\"ListItem\",\"position\":3,\"name\":\"The Country of the Blind \\\/ Das Land der Blinden\"}]},{\"@type\":\"WebSite\",\"@id\":\"https:\\\/\\\/easyoriginal.com\\\/#website\",\"url\":\"https:\\\/\\\/easyoriginal.com\\\/\",\"name\":\"EasyOriginal.com\",\"description\":\"Spa\u00df am Lesen im Original - Innovative Lesemethode f\u00fcr Fremdsprachen\",\"publisher\":{\"@id\":\"https:\\\/\\\/easyoriginal.com\\\/#organization\"},\"potentialAction\":[{\"@type\":\"SearchAction\",\"target\":{\"@type\":\"EntryPoint\",\"urlTemplate\":\"https:\\\/\\\/easyoriginal.com\\\/?s={search_term_string}\"},\"query-input\":{\"@type\":\"PropertyValueSpecification\",\"valueRequired\":true,\"valueName\":\"search_term_string\"}}],\"inLanguage\":\"en-GB\"},{\"@type\":\"Organization\",\"@id\":\"https:\\\/\\\/easyoriginal.com\\\/#organization\",\"name\":\"EasyOriginal Verlag\",\"url\":\"https:\\\/\\\/easyoriginal.com\\\/\",\"logo\":{\"@type\":\"ImageObject\",\"inLanguage\":\"en-GB\",\"@id\":\"https:\\\/\\\/easyoriginal.com\\\/#\\\/schema\\\/logo\\\/image\\\/\",\"url\":\"https:\\\/\\\/easyoriginal.com\\\/wp-content\\\/uploads\\\/2020\\\/08\\\/logo_main.png\",\"contentUrl\":\"https:\\\/\\\/easyoriginal.com\\\/wp-content\\\/uploads\\\/2020\\\/08\\\/logo_main.png\",\"width\":500,\"height\":103,\"caption\":\"EasyOriginal Verlag\"},\"image\":{\"@id\":\"https:\\\/\\\/easyoriginal.com\\\/#\\\/schema\\\/logo\\\/image\\\/\"}}]}<\/script>\n<!-- \/ Yoast SEO plugin. -->","yoast_head_json":{"title":"The Country of the Blind \/ Das Land der Blinden - EasyOriginal.com","robots":{"index":"index","follow":"follow","max-snippet":"max-snippet:-1","max-image-preview":"max-image-preview:large","max-video-preview":"max-video-preview:-1"},"canonical":"https:\/\/easyoriginal.com\/en\/shop\/englisch-deutsch\/the-country-of-the-blind-das-land-der-blinden\/","og_locale":"en_GB","og_type":"article","og_title":"The Country of the Blind \/ Das Land der Blinden - EasyOriginal.com","og_description":"Entdecken Sie das packende Meisterwerk \"The Country of the Blind\" \u2013 eine Geschichte, die Sie in eine verborgene Welt entf\u00fchrt. In den abgelegenen Anden Ecuadors liegt das mysteri\u00f6se Tal des Blindenlandes, abgeschnitten von der Au\u00dfenwelt durch eine katastrophale Naturkatastrophe. Hier hat sich eine Gemeinschaft von Blinden gebildet, die \u00fcber Generationen hinweg in v\u00f6lliger Isolation lebt. Als Nu\u00f1ez, ein Sehender, in ihr Tal st\u00fcrzt, wird er mit einer Welt konfrontiert, in der Sehen nicht nur wertlos, sondern sogar ein Hindernis ist. Diese fesselnde Erz\u00e4hlung von H.G. Wells stellt grundlegende Fragen \u00fcber Wahrnehmung, Anpassung und was es wirklich bedeutet, \"zu sehen\". Entdecken Sie die Spannungen zwischen Nu\u00f1ez' Welt des Sehens und der einzigartigen Kultur der Blinden, in einem Tal, wo der Spruch \"Im Land der Blinden ist der Ein\u00e4ugige K\u00f6nig\" auf die Probe gestellt wird. Ein Muss f\u00fcr jeden Literaturliebhaber, der sich nach einer Geschichte sehnt, die den Geist herausfordert und das Herz ber\u00fchrt.  Ungek\u00fcrzter Originaltext. Zweisprachiges Buch Englisch-Deutsch.","og_url":"https:\/\/easyoriginal.com\/en\/shop\/englisch-deutsch\/the-country-of-the-blind-das-land-der-blinden\/","og_site_name":"EasyOriginal.com","article_modified_time":"2024-03-08T22:01:54+00:00","og_image":[{"width":1600,"height":2400,"url":"https:\/\/easyoriginal.com\/wp-content\/uploads\/wells_the_country_of_the_blind_cover_2024.jpg","type":"image\/jpeg"}],"twitter_card":"summary_large_image","twitter_misc":{"Estimated reading time":"2 minutes"},"schema":{"@context":"https:\/\/schema.org","@graph":[{"@type":"WebPage","@id":"https:\/\/easyoriginal.com\/shop\/englisch-deutsch\/the-country-of-the-blind-das-land-der-blinden\/","url":"https:\/\/easyoriginal.com\/shop\/englisch-deutsch\/the-country-of-the-blind-das-land-der-blinden\/","name":"The Country of the Blind \/ Das Land der Blinden - EasyOriginal.com","isPartOf":{"@id":"https:\/\/easyoriginal.com\/#website"},"primaryImageOfPage":{"@id":"https:\/\/easyoriginal.com\/shop\/englisch-deutsch\/the-country-of-the-blind-das-land-der-blinden\/#primaryimage"},"image":{"@id":"https:\/\/easyoriginal.com\/shop\/englisch-deutsch\/the-country-of-the-blind-das-land-der-blinden\/#primaryimage"},"thumbnailUrl":"https:\/\/easyoriginal.com\/wp-content\/uploads\/wells_the_country_of_the_blind_cover_2024.jpg","datePublished":"2020-08-30T13:40:49+00:00","dateModified":"2024-03-08T22:01:54+00:00","breadcrumb":{"@id":"https:\/\/easyoriginal.com\/shop\/englisch-deutsch\/the-country-of-the-blind-das-land-der-blinden\/#breadcrumb"},"inLanguage":"en-GB","potentialAction":[{"@type":"ReadAction","target":["https:\/\/easyoriginal.com\/shop\/englisch-deutsch\/the-country-of-the-blind-das-land-der-blinden\/"]}]},{"@type":"ImageObject","inLanguage":"en-GB","@id":"https:\/\/easyoriginal.com\/shop\/englisch-deutsch\/the-country-of-the-blind-das-land-der-blinden\/#primaryimage","url":"https:\/\/easyoriginal.com\/wp-content\/uploads\/wells_the_country_of_the_blind_cover_2024.jpg","contentUrl":"https:\/\/easyoriginal.com\/wp-content\/uploads\/wells_the_country_of_the_blind_cover_2024.jpg","width":1600,"height":2400},{"@type":"BreadcrumbList","@id":"https:\/\/easyoriginal.com\/shop\/englisch-deutsch\/the-country-of-the-blind-das-land-der-blinden\/#breadcrumb","itemListElement":[{"@type":"ListItem","position":1,"name":"Startseite","item":"https:\/\/easyoriginal.com\/"},{"@type":"ListItem","position":2,"name":"Shop","item":"https:\/\/easyoriginal.com\/shop\/"},{"@type":"ListItem","position":3,"name":"The Country of the Blind \/ Das Land der Blinden"}]},{"@type":"WebSite","@id":"https:\/\/easyoriginal.com\/#website","url":"https:\/\/easyoriginal.com\/","name":"EasyOriginal.com","description":"Spa\u00df am Lesen im Original - Innovative Lesemethode f\u00fcr Fremdsprachen","publisher":{"@id":"https:\/\/easyoriginal.com\/#organization"},"potentialAction":[{"@type":"SearchAction","target":{"@type":"EntryPoint","urlTemplate":"https:\/\/easyoriginal.com\/?s={search_term_string}"},"query-input":{"@type":"PropertyValueSpecification","valueRequired":true,"valueName":"search_term_string"}}],"inLanguage":"en-GB"},{"@type":"Organization","@id":"https:\/\/easyoriginal.com\/#organization","name":"EasyOriginal Verlag","url":"https:\/\/easyoriginal.com\/","logo":{"@type":"ImageObject","inLanguage":"en-GB","@id":"https:\/\/easyoriginal.com\/#\/schema\/logo\/image\/","url":"https:\/\/easyoriginal.com\/wp-content\/uploads\/2020\/08\/logo_main.png","contentUrl":"https:\/\/easyoriginal.com\/wp-content\/uploads\/2020\/08\/logo_main.png","width":500,"height":103,"caption":"EasyOriginal Verlag"},"image":{"@id":"https:\/\/easyoriginal.com\/#\/schema\/logo\/image\/"}}]}},"_links":{"self":[{"href":"https:\/\/easyoriginal.com\/en\/wp-json\/wp\/v2\/product\/5300","targetHints":{"allow":["GET"]}}],"collection":[{"href":"https:\/\/easyoriginal.com\/en\/wp-json\/wp\/v2\/product"}],"about":[{"href":"https:\/\/easyoriginal.com\/en\/wp-json\/wp\/v2\/types\/product"}],"replies":[{"embeddable":true,"href":"https:\/\/easyoriginal.com\/en\/wp-json\/wp\/v2\/comments?post=5300"}],"wp:featuredmedia":[{"embeddable":true,"href":"https:\/\/easyoriginal.com\/en\/wp-json\/wp\/v2\/media\/13202"}],"wp:attachment":[{"href":"https:\/\/easyoriginal.com\/en\/wp-json\/wp\/v2\/media?parent=5300"}],"wp:term":[{"taxonomy":"product_brand","embeddable":true,"href":"https:\/\/easyoriginal.com\/en\/wp-json\/wp\/v2\/product_brand?post=5300"},{"taxonomy":"product_cat","embeddable":true,"href":"https:\/\/easyoriginal.com\/en\/wp-json\/wp\/v2\/product_cat?post=5300"},{"taxonomy":"product_tag","embeddable":true,"href":"https:\/\/easyoriginal.com\/en\/wp-json\/wp\/v2\/product_tag?post=5300"}],"curies":[{"name":"wp","href":"https:\/\/api.w.org\/{rel}","templated":true}]}}