{"id":5292,"date":"2020-08-30T14:33:29","date_gmt":"2020-08-30T12:33:29","guid":{"rendered":"https:\/\/easyoriginal.com\/?post_type=product&#038;p=5292"},"modified":"2024-01-03T23:55:45","modified_gmt":"2024-01-03T22:55:45","slug":"the-red-headed-league-die-liga-der-rothaarigen","status":"publish","type":"product","link":"https:\/\/easyoriginal.com\/en\/shop\/englisch-deutsch\/the-red-headed-league-die-liga-der-rothaarigen\/","title":{"rendered":"The Red-headed League \/ Die Liga der Rothaarigen"},"content":{"rendered":"<div class=\"adapted-container\">\n<p class=\"Adapted\"><span class=\"Bold\">I had called upon my friend, Mr. Sherlock Holmes <\/span><span class=\"Translation\">(ich hatte bei meinem Freund, Mister Sherlock Holmes, vorgesprochen: \u00abappelliert\u00bb)<\/span><span class=\"Bold\">, one day in the autumn of last year <\/span><span class=\"Translation\">(eines Tages im Herbst letzten Jahres;<\/span><span class=\"Translation\"><span class=\"Comments\"> autumn <\/span><\/span><span class=\"Translation\"><span class=\"Transcription\">[\u2018\u0254\u02d0t\u0259m]<\/span><\/span><span class=\"Translation\">)<\/span> <span class=\"Bold\">and found him in deep conversation <\/span><span class=\"Translation\">(und ihn in tiefem Gespr\u00e4ch vorgefunden;<\/span><span class=\"Translation\"><span class=\"Comments\"> conversation <\/span><\/span><span class=\"Translation\"><span class=\"Transcription\">[\u02cck\u0252nv\u0259\u2019se\u026a\u0283\u0259n]<\/span><\/span><span class=\"Translation\">)<\/span> <span class=\"Bold\">with a very stout, florid-faced, elderly gentleman <\/span><span class=\"Translation\">(mit einem \u00e4u\u00dferst st\u00e4mmigen, rotgesichtigen, \u00e4lteren Gentleman;<\/span><span class=\"Translation\"><span class=\"Comments\"> stout <\/span><\/span><span class=\"Translation\"><span class=\"Transcription\">[sta\u028at]<\/span><\/span><span class=\"Translation\"><span class=\"Comments\">; <\/span><\/span><span class=\"Translation\"><span class=\"Comment-Words\">florid<\/span><\/span> <span class=\"Translation\"><span class=\"Transcription\">[\u2018fl\u0252r\u026ad]<\/span><\/span><span class=\"Translation\"><span class=\"Comments\"> \u2014 schw\u00fclstig, ger\u00f6tet<\/span><\/span><span class=\"Translation\">)<\/span><span class=\"Bold\"> with fiery red hair<\/span> <span class=\"Translation\">(mit feuerrotem Haar;<\/span><span class=\"Translation\"><span class=\"Comments\"> fiery <\/span><\/span><span class=\"Translation\"><span class=\"Transcription\">[\u2018fa\u026a\u0259r\u026a]<\/span><\/span><span class=\"Translation\">)<\/span><span class=\"Bold\">. With an apology for my intrusion <\/span><span class=\"Translation\">(mit einer Entschuld<a id=\"_idTextAnchor000\"><\/a>igung f\u00fcr mein Eindringen = mich f\u00fcr mein Eindringen entschuldigend;<\/span><span class=\"Translation\"><span class=\"Comments\"> apology <\/span><\/span><span class=\"Translation\"><span class=\"Transcription\">[\u0259\u2018p\u0252l\u0259d\u0292\u026a]<\/span><\/span><span class=\"Translation\"><span class=\"Comments\">; intrusion <\/span><\/span><span class=\"Translation\"><span class=\"Transcription\">[\u026an\u2018tru\u02d0\u0292\u0259n]<\/span><\/span><span class=\"Translation\">)<\/span><span class=\"Bold\">, I was about to withdraw <\/span><span class=\"Translation\">(wollte ich mich \/soeben\/ zur\u00fcckziehen;<\/span> <span class=\"Translation\"><span class=\"Comment-Words\">to be about to<\/span><\/span><span class=\"Translation\"><span class=\"Comments\"> \u2014 dabei sein etwas zu tun, etwas tun wollen; withdraw <\/span><\/span><span class=\"Translation\"><span class=\"Transcription\">[w\u026a\u00f0\u2018dr\u0254\u02d0]<\/span><\/span><span class=\"Translation\">)<\/span><span class=\"Bold\">, when Holmes pulled me abruptly into the room <\/span><span class=\"Translation\">(als Holmes mich abrupt in den Raum zog;<\/span><span class=\"Translation\"><span class=\"Comments\"> abruptly <\/span><\/span><span class=\"Translation\"><span class=\"Transcription\">[\u0259\u2018br\u028cptl\u026a]<\/span><\/span><span class=\"Translation\">)<\/span><span class=\"Bold\"> and closed the door behind me <\/span><span class=\"Translation\">(und die T\u00fcre hinter mir schloss)<\/span><span class=\"Bold\">.<\/span><\/p>\n<\/div>\n<audio class=\"wp-audio-shortcode\" id=\"audio-5292-1\" preload=\"none\" style=\"width: 100%;\" controls=\"controls\"><source type=\"audio\/mpeg\" src=\"https:\/\/easyoriginal1.s3.eu-central-1.amazonaws.com\/englisch\/e4\/1.mp3?_=1\" \/><a href=\"https:\/\/easyoriginal1.s3.eu-central-1.amazonaws.com\/englisch\/e4\/1.mp3\">https:\/\/easyoriginal1.s3.eu-central-1.amazonaws.com\/englisch\/e4\/1.mp3<\/a><\/audio>\n<div class=\"original-container\">\n<p class=\"Original\">I had called upon my friend, Mr. Sherlock Holmes, one day in the autumn of last year and found him in deep conversation with a very stout, florid-faced, elderly gentleman with fiery red hair. With an apology for my intrusion, I was about to withdraw, when Holmes pulled me abruptly into the room and closed the door behind me.<\/p>\n<\/div>\n","protected":false},"excerpt":{"rendered":"<p>&#8222;The Red-Headed League&#8220; (&#8222;Die Liga der Rothaarigen&#8220;) ist eine\u00a0Sherlock-Holmes-Kurzgeschichte aus dem Sammelband &#8222;The Adventures of Sherlock Holmes&#8220; von Sir Arthur Conan Doyle.<br \/>\nSherlock Holmes ist eine vom britischen\u00a0Schriftsteller\u00a0Arthur Conan Doyle\u00a0geschaffene\u00a0Kunstfigur, die in seinen im sp\u00e4ten 19. und fr\u00fchen 20.\u00a0Jahrhundert spielenden\u00a0Romanen\u00a0als\u00a0Detektiv\u00a0t\u00e4tig ist.<br \/>\nUngek\u00fcrzter Originaltext. Zweisprachiges Buch Englisch-Deutsch.<\/p>","protected":false},"featured_media":8557,"comment_status":"open","ping_status":"closed","template":"","meta":{"_acf_changed":false,"_et_pb_use_builder":"off","_et_pb_old_content":"<div class=\"adapted-container\">\r\n<p class=\"Adapted\"><span class=\"Bold\">I had called upon my friend, Mr. Sherlock Holmes <\/span><span class=\"Translation\">(ich hatte bei meinem Freund, Mister Sherlock Holmes, vorgesprochen: \u00abappelliert\u00bb)<\/span><span class=\"Bold\">, one day in the autumn of last year <\/span><span class=\"Translation\">(eines Tages im Herbst letzten Jahres;<\/span><span class=\"Translation\"><span class=\"Comments\"> autumn <\/span><\/span><span class=\"Translation\"><span class=\"Transcription\">[\u2018\u0254\u02d0t\u0259m]<\/span><\/span><span class=\"Translation\">)<\/span> <span class=\"Bold\">and found him in deep conversation <\/span><span class=\"Translation\">(und ihn in tiefem Gespr\u00e4ch vorgefunden;<\/span><span class=\"Translation\"><span class=\"Comments\"> conversation <\/span><\/span><span class=\"Translation\"><span class=\"Transcription\">[\u02cck\u0252nv\u0259\u2019se\u026a\u0283\u0259n]<\/span><\/span><span class=\"Translation\">)<\/span> <span class=\"Bold\">with a very stout, florid-faced, elderly gentleman <\/span><span class=\"Translation\">(mit einem \u00e4u\u00dferst st\u00e4mmigen, rotgesichtigen, \u00e4lteren Gentleman;<\/span><span class=\"Translation\"><span class=\"Comments\"> stout <\/span><\/span><span class=\"Translation\"><span class=\"Transcription\">[sta\u028at]<\/span><\/span><span class=\"Translation\"><span class=\"Comments\">; <\/span><\/span><span class=\"Translation\"><span class=\"Comment-Words\">florid<\/span><\/span> <span class=\"Translation\"><span class=\"Transcription\">[\u2018fl\u0252r\u026ad]<\/span><\/span><span class=\"Translation\"><span class=\"Comments\"> \u2014 schw\u00fclstig, ger\u00f6tet<\/span><\/span><span class=\"Translation\">)<\/span><span class=\"Bold\"> with fiery red hair<\/span> <span class=\"Translation\">(mit feuerrotem Haar;<\/span><span class=\"Translation\"><span class=\"Comments\"> fiery <\/span><\/span><span class=\"Translation\"><span class=\"Transcription\">[\u2018fa\u026a\u0259r\u026a]<\/span><\/span><span class=\"Translation\">)<\/span><span class=\"Bold\">. With an apology for my intrusion <\/span><span class=\"Translation\">(mit einer Entschuld<a id=\"_idTextAnchor000\"><\/a>igung f\u00fcr mein Eindringen = mich f\u00fcr mein Eindringen entschuldigend;<\/span><span class=\"Translation\"><span class=\"Comments\"> apology <\/span><\/span><span class=\"Translation\"><span class=\"Transcription\">[\u0259\u2018p\u0252l\u0259d\u0292\u026a]<\/span><\/span><span class=\"Translation\"><span class=\"Comments\">; intrusion <\/span><\/span><span class=\"Translation\"><span class=\"Transcription\">[\u026an\u2018tru\u02d0\u0292\u0259n]<\/span><\/span><span class=\"Translation\">)<\/span><span class=\"Bold\">, I was about to withdraw <\/span><span class=\"Translation\">(wollte ich mich \/soeben\/ zur\u00fcckziehen;<\/span> <span class=\"Translation\"><span class=\"Comment-Words\">to be about to<\/span><\/span><span class=\"Translation\"><span class=\"Comments\"> \u2014 dabei sein etwas zu tun, etwas tun wollen; withdraw <\/span><\/span><span class=\"Translation\"><span class=\"Transcription\">[w\u026a\u00f0\u2018dr\u0254\u02d0]<\/span><\/span><span class=\"Translation\">)<\/span><span class=\"Bold\">, when Holmes pulled me abruptly into the room <\/span><span class=\"Translation\">(als Holmes mich abrupt in den Raum zog;<\/span><span class=\"Translation\"><span class=\"Comments\"> abruptly <\/span><\/span><span class=\"Translation\"><span class=\"Transcription\">[\u0259\u2018br\u028cptl\u026a]<\/span><\/span><span class=\"Translation\">)<\/span><span class=\"Bold\"> and closed the door behind me <\/span><span class=\"Translation\">(und die T\u00fcre hinter mir schloss)<\/span><span class=\"Bold\">.<\/span><\/p>\r\n\r\n<\/div>\r\n[audio mp3=\"https:\/\/easyoriginal1.s3.eu-central-1.amazonaws.com\/englisch\/e4\/1.mp3\"][\/audio]\r\n<div class=\"original-container\">\r\n<p class=\"Original\">I had called upon my friend, Mr. Sherlock Holmes, one day in the autumn of last year and found him in deep conversation with a very stout, florid-faced, elderly gentleman with fiery red hair. With an apology for my intrusion, I was about to withdraw, when Holmes pulled me abruptly into the room and closed the door behind me.<\/p>\r\n\r\n<\/div>\r\n<a class=\"weiter\" href=\"\/webreader\/the-red-headed-league\/fragment\/2-4-2-3\/\">weiter lesen<\/a>","_et_gb_content_width":""},"product_brand":[],"product_cat":[42],"product_tag":[72,81,166],"class_list":{"0":"post-5292","1":"product","2":"type-product","3":"status-publish","4":"has-post-thumbnail","6":"product_cat-englisch-deutsch","7":"product_tag-britisch","8":"product_tag-krimi","9":"product_tag-sherlock-holmes","11":"first","12":"instock","13":"taxable","14":"shipping-taxable","15":"purchasable","16":"product-type-variable"},"acf":[],"yoast_head":"<!-- This site is optimized with the Yoast SEO plugin v27.3 - https:\/\/yoast.com\/product\/yoast-seo-wordpress\/ -->\n<title>The Red-headed League \/ Die Liga der Rothaarigen - EasyOriginal.com<\/title>\n<meta name=\"robots\" content=\"index, follow, max-snippet:-1, max-image-preview:large, max-video-preview:-1\" \/>\n<link rel=\"canonical\" href=\"https:\/\/easyoriginal.com\/en\/shop\/englisch-deutsch\/the-red-headed-league-die-liga-der-rothaarigen\/\" \/>\n<meta property=\"og:locale\" content=\"en_GB\" \/>\n<meta property=\"og:type\" content=\"article\" \/>\n<meta property=\"og:title\" content=\"The Red-headed League \/ Die Liga der Rothaarigen - EasyOriginal.com\" \/>\n<meta property=\"og:description\" content=\"&quot;The Red-Headed League&quot; (&quot;Die Liga der Rothaarigen&quot;) ist eine\u00a0Sherlock-Holmes-Kurzgeschichte aus dem Sammelband &quot;The Adventures of Sherlock Holmes&quot; von Sir Arthur Conan Doyle. Sherlock Holmes ist eine vom britischen\u00a0Schriftsteller\u00a0Arthur Conan Doyle\u00a0geschaffene\u00a0Kunstfigur, die in seinen im sp\u00e4ten 19. und fr\u00fchen 20.\u00a0Jahrhundert spielenden\u00a0Romanen\u00a0als\u00a0Detektiv\u00a0t\u00e4tig ist. Ungek\u00fcrzter Originaltext. Zweisprachiges Buch Englisch-Deutsch.\" \/>\n<meta property=\"og:url\" content=\"https:\/\/easyoriginal.com\/en\/shop\/englisch-deutsch\/the-red-headed-league-die-liga-der-rothaarigen\/\" \/>\n<meta property=\"og:site_name\" content=\"EasyOriginal.com\" \/>\n<meta property=\"article:modified_time\" content=\"2024-01-03T22:55:45+00:00\" \/>\n<meta property=\"og:image\" content=\"https:\/\/easyoriginal.com\/wp-content\/uploads\/doyle_the_red_headed_league_cover-2.jpg\" \/>\n\t<meta property=\"og:image:width\" content=\"468\" \/>\n\t<meta property=\"og:image:height\" content=\"702\" \/>\n\t<meta property=\"og:image:type\" content=\"image\/jpeg\" \/>\n<meta name=\"twitter:card\" content=\"summary_large_image\" \/>\n<meta name=\"twitter:label1\" content=\"Estimated reading time\" \/>\n\t<meta name=\"twitter:data1\" content=\"2 minutes\" \/>\n<script type=\"application\/ld+json\" class=\"yoast-schema-graph\">{\"@context\":\"https:\\\/\\\/schema.org\",\"@graph\":[{\"@type\":\"WebPage\",\"@id\":\"https:\\\/\\\/easyoriginal.com\\\/shop\\\/englisch-deutsch\\\/the-red-headed-league-die-liga-der-rothaarigen\\\/\",\"url\":\"https:\\\/\\\/easyoriginal.com\\\/shop\\\/englisch-deutsch\\\/the-red-headed-league-die-liga-der-rothaarigen\\\/\",\"name\":\"The Red-headed League \\\/ Die Liga der Rothaarigen - EasyOriginal.com\",\"isPartOf\":{\"@id\":\"https:\\\/\\\/easyoriginal.com\\\/#website\"},\"primaryImageOfPage\":{\"@id\":\"https:\\\/\\\/easyoriginal.com\\\/shop\\\/englisch-deutsch\\\/the-red-headed-league-die-liga-der-rothaarigen\\\/#primaryimage\"},\"image\":{\"@id\":\"https:\\\/\\\/easyoriginal.com\\\/shop\\\/englisch-deutsch\\\/the-red-headed-league-die-liga-der-rothaarigen\\\/#primaryimage\"},\"thumbnailUrl\":\"https:\\\/\\\/easyoriginal.com\\\/wp-content\\\/uploads\\\/doyle_the_red_headed_league_cover-2.jpg\",\"datePublished\":\"2020-08-30T12:33:29+00:00\",\"dateModified\":\"2024-01-03T22:55:45+00:00\",\"breadcrumb\":{\"@id\":\"https:\\\/\\\/easyoriginal.com\\\/shop\\\/englisch-deutsch\\\/the-red-headed-league-die-liga-der-rothaarigen\\\/#breadcrumb\"},\"inLanguage\":\"en-GB\",\"potentialAction\":[{\"@type\":\"ReadAction\",\"target\":[\"https:\\\/\\\/easyoriginal.com\\\/shop\\\/englisch-deutsch\\\/the-red-headed-league-die-liga-der-rothaarigen\\\/\"]}]},{\"@type\":\"ImageObject\",\"inLanguage\":\"en-GB\",\"@id\":\"https:\\\/\\\/easyoriginal.com\\\/shop\\\/englisch-deutsch\\\/the-red-headed-league-die-liga-der-rothaarigen\\\/#primaryimage\",\"url\":\"https:\\\/\\\/easyoriginal.com\\\/wp-content\\\/uploads\\\/doyle_the_red_headed_league_cover-2.jpg\",\"contentUrl\":\"https:\\\/\\\/easyoriginal.com\\\/wp-content\\\/uploads\\\/doyle_the_red_headed_league_cover-2.jpg\",\"width\":468,\"height\":702,\"caption\":\"Zweisprachiges buch englisch-deutsch, sherlock holmes kurzgeschichten, arthur conan doyle, englische krimis\"},{\"@type\":\"BreadcrumbList\",\"@id\":\"https:\\\/\\\/easyoriginal.com\\\/shop\\\/englisch-deutsch\\\/the-red-headed-league-die-liga-der-rothaarigen\\\/#breadcrumb\",\"itemListElement\":[{\"@type\":\"ListItem\",\"position\":1,\"name\":\"Startseite\",\"item\":\"https:\\\/\\\/easyoriginal.com\\\/\"},{\"@type\":\"ListItem\",\"position\":2,\"name\":\"Shop\",\"item\":\"https:\\\/\\\/easyoriginal.com\\\/shop\\\/\"},{\"@type\":\"ListItem\",\"position\":3,\"name\":\"The Red-headed League \\\/ Die Liga der Rothaarigen\"}]},{\"@type\":\"WebSite\",\"@id\":\"https:\\\/\\\/easyoriginal.com\\\/#website\",\"url\":\"https:\\\/\\\/easyoriginal.com\\\/\",\"name\":\"EasyOriginal.com\",\"description\":\"Spa\u00df am Lesen im Original - Innovative Lesemethode f\u00fcr Fremdsprachen\",\"publisher\":{\"@id\":\"https:\\\/\\\/easyoriginal.com\\\/#organization\"},\"potentialAction\":[{\"@type\":\"SearchAction\",\"target\":{\"@type\":\"EntryPoint\",\"urlTemplate\":\"https:\\\/\\\/easyoriginal.com\\\/?s={search_term_string}\"},\"query-input\":{\"@type\":\"PropertyValueSpecification\",\"valueRequired\":true,\"valueName\":\"search_term_string\"}}],\"inLanguage\":\"en-GB\"},{\"@type\":\"Organization\",\"@id\":\"https:\\\/\\\/easyoriginal.com\\\/#organization\",\"name\":\"EasyOriginal Verlag\",\"url\":\"https:\\\/\\\/easyoriginal.com\\\/\",\"logo\":{\"@type\":\"ImageObject\",\"inLanguage\":\"en-GB\",\"@id\":\"https:\\\/\\\/easyoriginal.com\\\/#\\\/schema\\\/logo\\\/image\\\/\",\"url\":\"https:\\\/\\\/easyoriginal.com\\\/wp-content\\\/uploads\\\/2020\\\/08\\\/logo_main.png\",\"contentUrl\":\"https:\\\/\\\/easyoriginal.com\\\/wp-content\\\/uploads\\\/2020\\\/08\\\/logo_main.png\",\"width\":500,\"height\":103,\"caption\":\"EasyOriginal Verlag\"},\"image\":{\"@id\":\"https:\\\/\\\/easyoriginal.com\\\/#\\\/schema\\\/logo\\\/image\\\/\"}}]}<\/script>\n<!-- \/ Yoast SEO plugin. -->","yoast_head_json":{"title":"The Red-headed League \/ Die Liga der Rothaarigen - EasyOriginal.com","robots":{"index":"index","follow":"follow","max-snippet":"max-snippet:-1","max-image-preview":"max-image-preview:large","max-video-preview":"max-video-preview:-1"},"canonical":"https:\/\/easyoriginal.com\/en\/shop\/englisch-deutsch\/the-red-headed-league-die-liga-der-rothaarigen\/","og_locale":"en_GB","og_type":"article","og_title":"The Red-headed League \/ Die Liga der Rothaarigen - EasyOriginal.com","og_description":"\"The Red-Headed League\" (\"Die Liga der Rothaarigen\") ist eine\u00a0Sherlock-Holmes-Kurzgeschichte aus dem Sammelband \"The Adventures of Sherlock Holmes\" von Sir Arthur Conan Doyle. Sherlock Holmes ist eine vom britischen\u00a0Schriftsteller\u00a0Arthur Conan Doyle\u00a0geschaffene\u00a0Kunstfigur, die in seinen im sp\u00e4ten 19. und fr\u00fchen 20.\u00a0Jahrhundert spielenden\u00a0Romanen\u00a0als\u00a0Detektiv\u00a0t\u00e4tig ist. Ungek\u00fcrzter Originaltext. Zweisprachiges Buch Englisch-Deutsch.","og_url":"https:\/\/easyoriginal.com\/en\/shop\/englisch-deutsch\/the-red-headed-league-die-liga-der-rothaarigen\/","og_site_name":"EasyOriginal.com","article_modified_time":"2024-01-03T22:55:45+00:00","og_image":[{"width":468,"height":702,"url":"https:\/\/easyoriginal.com\/wp-content\/uploads\/doyle_the_red_headed_league_cover-2.jpg","type":"image\/jpeg"}],"twitter_card":"summary_large_image","twitter_misc":{"Estimated reading time":"2 minutes"},"schema":{"@context":"https:\/\/schema.org","@graph":[{"@type":"WebPage","@id":"https:\/\/easyoriginal.com\/shop\/englisch-deutsch\/the-red-headed-league-die-liga-der-rothaarigen\/","url":"https:\/\/easyoriginal.com\/shop\/englisch-deutsch\/the-red-headed-league-die-liga-der-rothaarigen\/","name":"The Red-headed League \/ Die Liga der Rothaarigen - EasyOriginal.com","isPartOf":{"@id":"https:\/\/easyoriginal.com\/#website"},"primaryImageOfPage":{"@id":"https:\/\/easyoriginal.com\/shop\/englisch-deutsch\/the-red-headed-league-die-liga-der-rothaarigen\/#primaryimage"},"image":{"@id":"https:\/\/easyoriginal.com\/shop\/englisch-deutsch\/the-red-headed-league-die-liga-der-rothaarigen\/#primaryimage"},"thumbnailUrl":"https:\/\/easyoriginal.com\/wp-content\/uploads\/doyle_the_red_headed_league_cover-2.jpg","datePublished":"2020-08-30T12:33:29+00:00","dateModified":"2024-01-03T22:55:45+00:00","breadcrumb":{"@id":"https:\/\/easyoriginal.com\/shop\/englisch-deutsch\/the-red-headed-league-die-liga-der-rothaarigen\/#breadcrumb"},"inLanguage":"en-GB","potentialAction":[{"@type":"ReadAction","target":["https:\/\/easyoriginal.com\/shop\/englisch-deutsch\/the-red-headed-league-die-liga-der-rothaarigen\/"]}]},{"@type":"ImageObject","inLanguage":"en-GB","@id":"https:\/\/easyoriginal.com\/shop\/englisch-deutsch\/the-red-headed-league-die-liga-der-rothaarigen\/#primaryimage","url":"https:\/\/easyoriginal.com\/wp-content\/uploads\/doyle_the_red_headed_league_cover-2.jpg","contentUrl":"https:\/\/easyoriginal.com\/wp-content\/uploads\/doyle_the_red_headed_league_cover-2.jpg","width":468,"height":702,"caption":"Zweisprachiges buch englisch-deutsch, sherlock holmes kurzgeschichten, arthur conan doyle, englische krimis"},{"@type":"BreadcrumbList","@id":"https:\/\/easyoriginal.com\/shop\/englisch-deutsch\/the-red-headed-league-die-liga-der-rothaarigen\/#breadcrumb","itemListElement":[{"@type":"ListItem","position":1,"name":"Startseite","item":"https:\/\/easyoriginal.com\/"},{"@type":"ListItem","position":2,"name":"Shop","item":"https:\/\/easyoriginal.com\/shop\/"},{"@type":"ListItem","position":3,"name":"The Red-headed League \/ Die Liga der Rothaarigen"}]},{"@type":"WebSite","@id":"https:\/\/easyoriginal.com\/#website","url":"https:\/\/easyoriginal.com\/","name":"EasyOriginal.com","description":"Spa\u00df am Lesen im Original - Innovative Lesemethode f\u00fcr Fremdsprachen","publisher":{"@id":"https:\/\/easyoriginal.com\/#organization"},"potentialAction":[{"@type":"SearchAction","target":{"@type":"EntryPoint","urlTemplate":"https:\/\/easyoriginal.com\/?s={search_term_string}"},"query-input":{"@type":"PropertyValueSpecification","valueRequired":true,"valueName":"search_term_string"}}],"inLanguage":"en-GB"},{"@type":"Organization","@id":"https:\/\/easyoriginal.com\/#organization","name":"EasyOriginal Verlag","url":"https:\/\/easyoriginal.com\/","logo":{"@type":"ImageObject","inLanguage":"en-GB","@id":"https:\/\/easyoriginal.com\/#\/schema\/logo\/image\/","url":"https:\/\/easyoriginal.com\/wp-content\/uploads\/2020\/08\/logo_main.png","contentUrl":"https:\/\/easyoriginal.com\/wp-content\/uploads\/2020\/08\/logo_main.png","width":500,"height":103,"caption":"EasyOriginal Verlag"},"image":{"@id":"https:\/\/easyoriginal.com\/#\/schema\/logo\/image\/"}}]}},"_links":{"self":[{"href":"https:\/\/easyoriginal.com\/en\/wp-json\/wp\/v2\/product\/5292","targetHints":{"allow":["GET"]}}],"collection":[{"href":"https:\/\/easyoriginal.com\/en\/wp-json\/wp\/v2\/product"}],"about":[{"href":"https:\/\/easyoriginal.com\/en\/wp-json\/wp\/v2\/types\/product"}],"replies":[{"embeddable":true,"href":"https:\/\/easyoriginal.com\/en\/wp-json\/wp\/v2\/comments?post=5292"}],"wp:featuredmedia":[{"embeddable":true,"href":"https:\/\/easyoriginal.com\/en\/wp-json\/wp\/v2\/media\/8557"}],"wp:attachment":[{"href":"https:\/\/easyoriginal.com\/en\/wp-json\/wp\/v2\/media?parent=5292"}],"wp:term":[{"taxonomy":"product_brand","embeddable":true,"href":"https:\/\/easyoriginal.com\/en\/wp-json\/wp\/v2\/product_brand?post=5292"},{"taxonomy":"product_cat","embeddable":true,"href":"https:\/\/easyoriginal.com\/en\/wp-json\/wp\/v2\/product_cat?post=5292"},{"taxonomy":"product_tag","embeddable":true,"href":"https:\/\/easyoriginal.com\/en\/wp-json\/wp\/v2\/product_tag?post=5292"}],"curies":[{"name":"wp","href":"https:\/\/api.w.org\/{rel}","templated":true}]}}