{"id":17587,"date":"2026-05-15T23:27:37","date_gmt":"2026-05-15T21:27:37","guid":{"rendered":"https:\/\/easyoriginal.com\/?post_type=product&#038;p=17587"},"modified":"2026-05-15T23:32:24","modified_gmt":"2026-05-15T21:32:24","slug":"the-colourful-creek-der-bunte-bach","status":"publish","type":"product","link":"https:\/\/easyoriginal.com\/en\/shop\/modern-englisch-frank-a1-a2\/the-colourful-creek-der-bunte-bach\/","title":{"rendered":"The Colourful Creek \u2014  Der bunte Bach"},"content":{"rendered":"<div class=\"adapted-container\">\n<p class=\"Adapted\">Morning on the Farm <span class=\"Translation\">(Morgen auf dem Hof)<\/span><\/p>\n<p class=\"Adapted\">The autumn morning was cool and misty <span class=\"Translation\">(der Herbstmorgen war k\u00fchl und neblig)<\/span> on Grange Farm <span class=\"Translation\">(auf der Grange Farm)<\/span>. Golden leaves from the ash trees <span class=\"Translation\">(goldene Bl\u00e4tter der Esche<\/span><span class=\"Translation\"><span class=\"No-Break\">n;<\/span><\/span><span class=\"Translation\"><span class=\"Comments\"> <\/span><\/span><span class=\"Translation\"><span class=\"Comment-Words\">ash<\/span><\/span><span class=\"Translation\"><span class=\"No-Break\"><span class=\"Comments\"> \u2014<\/span><\/span><\/span><span class=\"Translation\"><span class=\"Comments\"> Esche <\/span><\/span><span class=\"Translation\"><span class=\"No-Break\"><span class=\"Comments\">\/B<\/span><\/span><\/span><span class=\"Translation\"><span class=\"Comments\">aum<\/span><\/span><span class=\"Translation\"><span class=\"No-Break\"><span class=\"Comments\">\/<\/span><\/span><\/span><span class=\"Translation\"><span class=\"No-Break\">)<\/span><\/span> drifted down <span class=\"Translation\">(schwebten hera<\/span><span class=\"Translation\"><span class=\"No-Break\">b;<\/span><\/span><span class=\"Translation\"><span class=\"Comments\"> <\/span><\/span><span class=\"Translation\"><span class=\"Comment-Words\">to drift<\/span><\/span><span class=\"Translation\"><span class=\"No-Break\"><span class=\"Comments\"> \u2014<\/span><\/span><\/span><span class=\"Translation\"><span class=\"Comments\"> treiben, schweben<\/span><\/span><span class=\"Translation\">)<\/span>, covering the ground like a soft blanket <span class=\"Translation\">(und bedeckten den Boden wie eine weiche Deck<\/span><span class=\"Translation\"><span class=\"No-Break\">e;<\/span><\/span><span class=\"Translation\"><span class=\"Comments\"> <\/span><\/span><span class=\"Translation\"><span class=\"Comment-Words\">blanket<\/span><\/span><span class=\"Translation\"><span class=\"No-Break\"><span class=\"Comments\"> \u2014<\/span><\/span><\/span><span class=\"Translation\"><span class=\"Comments\"> Decke <\/span><\/span><span class=\"Translation\"><span class=\"No-Break\"><span class=\"Comments\">\/B<\/span><\/span><\/span><span class=\"Translation\"><span class=\"Comments\">ett-<\/span><\/span><span class=\"Translation\"><span class=\"No-Break\"><span class=\"Comments\">\/<\/span><\/span><\/span><span class=\"Translation\"><span class=\"No-Break\">)<\/span><\/span>. Bethan Lloyd walked along the edge of the fields <span class=\"Translation\">(Bethan Lloyd ging am Rand der Felder entlan<\/span><span class=\"Translation\"><span class=\"No-Break\">g;<\/span><\/span><span class=\"Translation\"><span class=\"Comments\"> <\/span><\/span><span class=\"Translation\"><span class=\"Comment-Words\">edge<\/span><\/span><span class=\"Translation\"><span class=\"No-Break\"><span class=\"Comments\"> \u2014<\/span><\/span><\/span><span class=\"Translation\"><span class=\"Comments\"> Rand, Kante<\/span><\/span><span class=\"Translation\">)<\/span>, checking the last crops before harvest <span class=\"Translation\">(und \u00fcberpr\u00fcfte die letzten Feldfr\u00fcchte vor der Ernt<\/span><span class=\"Translation\"><span class=\"No-Break\">e;<\/span><\/span><span class=\"Translation\"><span class=\"Comments\"> <\/span><\/span><span class=\"Translation\"><span class=\"Comment-Words\">crop<\/span><\/span><span class=\"Translation\"><span class=\"No-Break\"><span class=\"Comments\"> \u2014<\/span><\/span><\/span><span class=\"Translation\"><span class=\"Comments\"> Feldfrucht, Ernteertrag<\/span><\/span><span class=\"Translation\">)<\/span>. She was seventeen years old <span class=\"Translation\">(sie war siebzehn Jahre alt)<\/span>, with curly auburn hair <span class=\"Translation\">(mit lockigem kastanienbraunem Haa<\/span><span class=\"Translation\"><span class=\"No-Break\">r;<\/span><\/span><span class=\"Translation\"><span class=\"Comments\"> <\/span><\/span><span class=\"Translation\"><span class=\"Comment-Words\">auburn<\/span><\/span><span class=\"Translation\"><span class=\"No-Break\"><span class=\"Comments\"> \u2014<\/span><\/span><\/span><span class=\"Translation\"><span class=\"Comments\"> kastanienbraun, rotbraun<\/span><\/span><span class=\"Translation\">)<\/span> tied back in a practical ponytail <span class=\"Translation\">(das sie zu einem praktischen Pferdeschwanz zur\u00fcckgebunden hatt<\/span><span class=\"Translation\"><span class=\"No-Break\">e;<\/span><\/span><span class=\"Translation\"><span class=\"Comments\"> <\/span><\/span><span class=\"Translation\"><span class=\"Comment-Words\">to tie<\/span><\/span><span class=\"Translation\"><span class=\"No-Break\"><span class=\"Comments\"> \u2014<\/span><\/span><\/span><span class=\"Translation\"><span class=\"Comments\"> binden, kn\u00fcpfen<\/span><\/span><span class=\"Translation\">)<\/span>. She wore her grandfather&apos;s old brown leather jacket <span class=\"Translation\">(sie trug die alte braune Lederjacke ihres Gro\u00dfvater<\/span><span class=\"Translation\"><span class=\"No-Break\">s;<\/span><\/span><span class=\"Translation\"><span class=\"Comments\"> <\/span><\/span><span class=\"Translation\"><span class=\"Comment-Words\">to wear<\/span><\/span><span class=\"Translation\"><span class=\"No-Break\"><span class=\"Comments\"> \u2014<\/span><\/span><\/span><span class=\"Translation\"><span class=\"Comments\"> tragen <\/span><\/span><span class=\"Translation\"><span class=\"No-Break\"><span class=\"Comments\">\/K<\/span><\/span><\/span><span class=\"Translation\"><span class=\"Comments\">leidung<\/span><\/span><span class=\"Translation\"><span class=\"No-Break\"><span class=\"Comments\">\/<\/span><\/span><\/span><span class=\"Translation\"><span class=\"No-Break\">)<\/span><\/span> and her bright yellow wellington boots <span class=\"Translation\">(und ihre leuchtend gelben Gummistiefe<\/span><span class=\"Translation\"><span class=\"No-Break\">l;<\/span><\/span><span class=\"Translation\"><span class=\"Comments\"> <\/span><\/span><span class=\"Translation\"><span class=\"Comment-Words\">wellington boots<\/span><\/span><span class=\"Translation\"><span class=\"No-Break\"><span class=\"Comments\"> \u2014<\/span><\/span><\/span><span class=\"Translation\"><span class=\"Comments\"> Gummistiefel, benannt nach dem Duke of Wellington<\/span><\/span><span class=\"Translation\">)<\/span> that left clear prints in the damp soil <span class=\"Translation\">(die deutliche Abdr\u00fccke in der feuchten Erde hinterlie\u00dfe<\/span><span class=\"Translation\"><span class=\"No-Break\">n;<\/span><\/span><span class=\"Translation\"><span class=\"Comments\"> <\/span><\/span><span class=\"Translation\"><span class=\"Comment-Words\">damp<\/span><\/span><span class=\"Translation\"><span class=\"No-Break\"><span class=\"Comments\"> \u2014<\/span><\/span><\/span><span class=\"Translation\"><span class=\"Comments\"> feucht, klam<\/span><\/span><span class=\"Translation\"><span class=\"No-Break\"><span class=\"Comments\">m;<\/span><\/span><\/span><span class=\"Translation\"><span class=\"Comments\"> <\/span><\/span><span class=\"Translation\"><span class=\"Comment-Words\">soil<\/span><\/span><span class=\"Translation\"><span class=\"No-Break\"><span class=\"Comments\"> \u2014<\/span><\/span><\/span><span class=\"Translation\"><span class=\"Comments\"> Erde, Boden<\/span><\/span><span class=\"Translation\">)<\/span>.<\/p>\n<\/div>\n<audio class=\"wp-audio-shortcode\" id=\"audio-17587-1\" preload=\"none\" style=\"width: 100%;\" controls=\"controls\"><source type=\"audio\/mpeg\" src=\"https:\/\/easyoriginal1.s3.eu-central-1.amazonaws.com\/englisch\/e95\/001.mp3?_=1\" \/><a href=\"https:\/\/easyoriginal1.s3.eu-central-1.amazonaws.com\/englisch\/e95\/001.mp3\">https:\/\/easyoriginal1.s3.eu-central-1.amazonaws.com\/englisch\/e95\/001.mp3<\/a><\/audio>\n<div class=\"original-container\">\n<p class=\"Original\" lang=\"it-IT\">Morning on the Farm<\/p>\n<p class=\"Original\" lang=\"it-IT\">The autumn morning was cool and misty on Grange Farm. Golden leaves from the ash trees drifted down, covering the ground like a soft blanket. Bethan Lloyd walked along the edge of the fields, checking the last crops before harvest. She was seventeen years old, with curly auburn hair tied back in a practical ponytail. She wore her grandfather\u2019s old brown leather jacket and her bright yellow wellington boots that left clear prints in the damp soil.<\/p>\n<\/div>","protected":false},"excerpt":{"rendered":"<p>Ein Herbstmorgen auf Grange Farm \u2013 und pl\u00f6tzlich leuchtet der Bach in strahlendem Blaugr\u00fcn. Kein Regenbogen, kein Farbenspiel \u2013 das Wasser selbst hat sich ver\u00e4ndert. F\u00fcr Bethan Lloyd beginnt damit das vielleicht r\u00e4tselhafteste Abenteuer ihrer bisherigen Ermittlerlaufbahn.<br \/>\nIst es Umweltverschmutzung? Ein geheimer Chemieunfall? Oder steckt die Natur selbst hinter diesem schimmernden Ph\u00e4nomen? Mit offenen Augen, einem klugen Bruder und viel Forschergeist macht sich Bethan auf Spurensuche \u2013 und entdeckt dabei, dass manche R\u00e4tsel nicht gel\u00f6st, sondern verstanden werden wollen.<br \/>\nThe Colourful Creek ist ein atmosph\u00e4risches, poetisches Farm-Mystery \u00fcber die Kraft der Beobachtung, die Verbindung von Tradition und Wissenschaft \u2013 und \u00fcber das Staunen vor der Natur, die manchmal ganz eigene Wege geht.<br \/>\nEin leuchtendes Leseerlebnis f\u00fcr alle, die neugierig bleiben wollen.<\/p>","protected":false},"featured_media":17592,"comment_status":"open","ping_status":"closed","template":"","meta":{"_acf_changed":false,"_et_pb_use_builder":"off","_et_pb_old_content":"<div class=\"adapted-container\">\r\n<p class=\"Adapted\"><span class=\"Bold\">Hace mucho tiempo que ten\u00eda ganas de escribir <\/span><span class=\"Translation\">(seit langer Zeit hatte ich Lust zu schreiben; <\/span><span class=\"Translation\"><span class=\"Comment-Words\">tener<\/span><\/span><span class=\"Translation\"><span class=\"Comments\"> \u2014 haben<\/span><\/span><span class=\"Translation\">)<\/span><span class=\"Bold\"> cualquier cosa con este t\u00edtulo <\/span><span class=\"Translation\">(irgendetwas mit diesem Titel)<\/span><span class=\"Bold\">.<\/span><\/p>\r\n<p class=\"Adapted\"><span class=\"Bold\">Hoy<a id=\"_idTextAnchor001\"><\/a>, que se me ha presentado ocasi\u00f3n <\/span><span class=\"Translation\">(heute, wo sich mir \/eine\/ Gelegenheit geboten hat; <\/span><span class=\"Translation\"><span class=\"Comment-Words\">presentar<\/span><\/span><span class=\"Translation\"><span class=\"Comments\"> \u2014 zeigen; vorstellen<\/span><\/span><span class=\"Translation\">)<\/span><span class=\"Bold\">, lo he puesto con letras grandes <\/span><span class=\"Translation\">(das habe ich in gro\u00dfen Buchstaben gesetzt = habe ich es in Gro\u00dfbuchstaben gesetzt; <\/span><span class=\"Translation\"><span class=\"Comment-Words\">poner<\/span><\/span><span class=\"Translation\"><span class=\"Comments\"> \u2014 setzen; stellen; legen<\/span><\/span><span class=\"Translation\">)<\/span><span class=\"Bold\"> en la primera cuartilla de papel <\/span><span class=\"Translation\">(auf das erste Blatt: \u00abauf das erste Viertelpapier\u00bb; <\/span><span class=\"Translation\"><span class=\"Comment-Words\">cuarto<\/span><\/span><span class=\"Translation\"><span class=\"Gender _idGenCharOverride-1\">m <\/span><\/span><span class=\"Translation\"><span class=\"Comments\">\u2014 Viertel<\/span><\/span><span class=\"Translation\">)<\/span><span class=\"Bold\">, y luego he dejado a capricho volar la pluma <\/span><span class=\"Translation\">(und dann habe ich nach Belieben die Feder fliegen lassen; <\/span><span class=\"Translation\"><span class=\"Comment-Words\">dejar<\/span><\/span><span class=\"Translation\"><span class=\"Comments\"> \u2014 lassen; <\/span><\/span><span class=\"Translation\"><span class=\"Comment-Words\">capricho<\/span><\/span><span class=\"Translation\"><span class=\"Gender _idGenCharOverride-1\">m <\/span><\/span><span class=\"Translation\"><span class=\"Comments\">\u2014 Laune<\/span><\/span><span class=\"Translation\">)<\/span><span class=\"Bold\">.<\/span><\/p>\r\n\r\n<\/div>\r\n[audio mp3=\"https:\/\/easyoriginal1.s3.eu-central-1.amazonaws.com\/spanisch\/s1\/1.mp3\"][\/audio]\r\n<div class=\"original-container\">\r\n<p class=\"Original\">Hace mucho tiempo que ten\u00eda ganas de escribir cualquier cosa con este t\u00edtulo.<\/p>\r\n<p class=\"Original\">Hoy, que se me ha presentado ocasi\u00f3n, lo he puesto con letras grandes en la primera cuartilla de papel, y luego he dejado a capricho volar la pluma.<\/p>\r\n\r\n<\/div>\r\n<a class=\"weiter\" href=\"\/webreader\/los-ojos-verdes\/fragment\/1-4-2\/\">weiter lesen<\/a>","_et_gb_content_width":""},"product_brand":[],"product_cat":[270],"product_tag":[164,81],"class_list":{"0":"post-17587","1":"product","2":"type-product","3":"status-publish","4":"has-post-thumbnail","6":"product_cat-modern-englisch-frank-a1-a2","7":"product_tag-anfaenger","8":"product_tag-krimi","10":"first","11":"instock","12":"taxable","13":"shipping-taxable","14":"purchasable","15":"product-type-variable"},"acf":[],"yoast_head":"<!-- This site is optimized with the Yoast SEO plugin v27.6 - https:\/\/yoast.com\/product\/yoast-seo-wordpress\/ -->\n<title>The Colourful Creek \u2014 Der bunte Bach - EasyOriginal.com<\/title>\n<meta name=\"robots\" content=\"index, follow, max-snippet:-1, max-image-preview:large, max-video-preview:-1\" \/>\n<link rel=\"canonical\" href=\"https:\/\/easyoriginal.com\/en\/shop\/modern-englisch-frank-a1-a2\/the-colourful-creek-der-bunte-bach\/\" \/>\n<meta property=\"og:locale\" content=\"en_GB\" \/>\n<meta property=\"og:type\" content=\"article\" \/>\n<meta property=\"og:title\" content=\"The Colourful Creek \u2014 Der bunte Bach - EasyOriginal.com\" \/>\n<meta property=\"og:description\" content=\"Ein Herbstmorgen auf Grange Farm \u2013 und pl\u00f6tzlich leuchtet der Bach in strahlendem Blaugr\u00fcn. Kein Regenbogen, kein Farbenspiel \u2013 das Wasser selbst hat sich ver\u00e4ndert. F\u00fcr Bethan Lloyd beginnt damit das vielleicht r\u00e4tselhafteste Abenteuer ihrer bisherigen Ermittlerlaufbahn. Ist es Umweltverschmutzung? Ein geheimer Chemieunfall? Oder steckt die Natur selbst hinter diesem schimmernden Ph\u00e4nomen? Mit offenen Augen, einem klugen Bruder und viel Forschergeist macht sich Bethan auf Spurensuche \u2013 und entdeckt dabei, dass manche R\u00e4tsel nicht gel\u00f6st, sondern verstanden werden wollen. The Colourful Creek ist ein atmosph\u00e4risches, poetisches Farm-Mystery \u00fcber die Kraft der Beobachtung, die Verbindung von Tradition und Wissenschaft \u2013 und \u00fcber das Staunen vor der Natur, die manchmal ganz eigene Wege geht. Ein leuchtendes Leseerlebnis f\u00fcr alle, die neugierig bleiben wollen.\" \/>\n<meta property=\"og:url\" content=\"https:\/\/easyoriginal.com\/en\/shop\/modern-englisch-frank-a1-a2\/the-colourful-creek-der-bunte-bach\/\" \/>\n<meta property=\"og:site_name\" content=\"EasyOriginal.com\" \/>\n<meta property=\"article:modified_time\" content=\"2026-05-15T21:32:24+00:00\" \/>\n<meta property=\"og:image\" content=\"https:\/\/easyoriginal.com\/wp-content\/uploads\/Colourful_Creek_printcover.jpg\" \/>\n\t<meta property=\"og:image:width\" content=\"1600\" \/>\n\t<meta property=\"og:image:height\" content=\"2400\" \/>\n\t<meta property=\"og:image:type\" content=\"image\/jpeg\" \/>\n<meta name=\"twitter:card\" content=\"summary_large_image\" \/>\n<meta name=\"twitter:label1\" content=\"Estimated reading time\" \/>\n\t<meta name=\"twitter:data1\" content=\"1 minute\" \/>\n<script type=\"application\/ld+json\" class=\"yoast-schema-graph\">{\"@context\":\"https:\\\/\\\/schema.org\",\"@graph\":[{\"@type\":\"WebPage\",\"@id\":\"https:\\\/\\\/easyoriginal.com\\\/shop\\\/modern-englisch-frank-a1-a2\\\/the-colourful-creek-der-bunte-bach\\\/\",\"url\":\"https:\\\/\\\/easyoriginal.com\\\/shop\\\/modern-englisch-frank-a1-a2\\\/the-colourful-creek-der-bunte-bach\\\/\",\"name\":\"The Colourful Creek \u2014 Der bunte Bach - EasyOriginal.com\",\"isPartOf\":{\"@id\":\"https:\\\/\\\/easyoriginal.com\\\/#website\"},\"primaryImageOfPage\":{\"@id\":\"https:\\\/\\\/easyoriginal.com\\\/shop\\\/modern-englisch-frank-a1-a2\\\/the-colourful-creek-der-bunte-bach\\\/#primaryimage\"},\"image\":{\"@id\":\"https:\\\/\\\/easyoriginal.com\\\/shop\\\/modern-englisch-frank-a1-a2\\\/the-colourful-creek-der-bunte-bach\\\/#primaryimage\"},\"thumbnailUrl\":\"https:\\\/\\\/easyoriginal.com\\\/wp-content\\\/uploads\\\/Colourful_Creek_printcover.jpg\",\"datePublished\":\"2026-05-15T21:27:37+00:00\",\"dateModified\":\"2026-05-15T21:32:24+00:00\",\"breadcrumb\":{\"@id\":\"https:\\\/\\\/easyoriginal.com\\\/shop\\\/modern-englisch-frank-a1-a2\\\/the-colourful-creek-der-bunte-bach\\\/#breadcrumb\"},\"inLanguage\":\"en-GB\",\"potentialAction\":[{\"@type\":\"ReadAction\",\"target\":[\"https:\\\/\\\/easyoriginal.com\\\/shop\\\/modern-englisch-frank-a1-a2\\\/the-colourful-creek-der-bunte-bach\\\/\"]}]},{\"@type\":\"ImageObject\",\"inLanguage\":\"en-GB\",\"@id\":\"https:\\\/\\\/easyoriginal.com\\\/shop\\\/modern-englisch-frank-a1-a2\\\/the-colourful-creek-der-bunte-bach\\\/#primaryimage\",\"url\":\"https:\\\/\\\/easyoriginal.com\\\/wp-content\\\/uploads\\\/Colourful_Creek_printcover.jpg\",\"contentUrl\":\"https:\\\/\\\/easyoriginal.com\\\/wp-content\\\/uploads\\\/Colourful_Creek_printcover.jpg\",\"width\":1600,\"height\":2400},{\"@type\":\"BreadcrumbList\",\"@id\":\"https:\\\/\\\/easyoriginal.com\\\/shop\\\/modern-englisch-frank-a1-a2\\\/the-colourful-creek-der-bunte-bach\\\/#breadcrumb\",\"itemListElement\":[{\"@type\":\"ListItem\",\"position\":1,\"name\":\"Startseite\",\"item\":\"https:\\\/\\\/easyoriginal.com\\\/\"},{\"@type\":\"ListItem\",\"position\":2,\"name\":\"Shop\",\"item\":\"https:\\\/\\\/easyoriginal.com\\\/shop\\\/\"},{\"@type\":\"ListItem\",\"position\":3,\"name\":\"The Colourful Creek \u2014 Der bunte Bach\"}]},{\"@type\":\"WebSite\",\"@id\":\"https:\\\/\\\/easyoriginal.com\\\/#website\",\"url\":\"https:\\\/\\\/easyoriginal.com\\\/\",\"name\":\"EasyOriginal.com\",\"description\":\"Spa\u00df am Lesen im Original - Innovative Lesemethode f\u00fcr Fremdsprachen\",\"publisher\":{\"@id\":\"https:\\\/\\\/easyoriginal.com\\\/#organization\"},\"potentialAction\":[{\"@type\":\"SearchAction\",\"target\":{\"@type\":\"EntryPoint\",\"urlTemplate\":\"https:\\\/\\\/easyoriginal.com\\\/?s={search_term_string}\"},\"query-input\":{\"@type\":\"PropertyValueSpecification\",\"valueRequired\":true,\"valueName\":\"search_term_string\"}}],\"inLanguage\":\"en-GB\"},{\"@type\":\"Organization\",\"@id\":\"https:\\\/\\\/easyoriginal.com\\\/#organization\",\"name\":\"EasyOriginal Verlag\",\"url\":\"https:\\\/\\\/easyoriginal.com\\\/\",\"logo\":{\"@type\":\"ImageObject\",\"inLanguage\":\"en-GB\",\"@id\":\"https:\\\/\\\/easyoriginal.com\\\/#\\\/schema\\\/logo\\\/image\\\/\",\"url\":\"https:\\\/\\\/easyoriginal.com\\\/wp-content\\\/uploads\\\/2020\\\/08\\\/logo_main.png\",\"contentUrl\":\"https:\\\/\\\/easyoriginal.com\\\/wp-content\\\/uploads\\\/2020\\\/08\\\/logo_main.png\",\"width\":500,\"height\":103,\"caption\":\"EasyOriginal Verlag\"},\"image\":{\"@id\":\"https:\\\/\\\/easyoriginal.com\\\/#\\\/schema\\\/logo\\\/image\\\/\"}}]}<\/script>\n<!-- \/ Yoast SEO plugin. -->","yoast_head_json":{"title":"The Colourful Creek \u2014 Der bunte Bach - EasyOriginal.com","robots":{"index":"index","follow":"follow","max-snippet":"max-snippet:-1","max-image-preview":"max-image-preview:large","max-video-preview":"max-video-preview:-1"},"canonical":"https:\/\/easyoriginal.com\/en\/shop\/modern-englisch-frank-a1-a2\/the-colourful-creek-der-bunte-bach\/","og_locale":"en_GB","og_type":"article","og_title":"The Colourful Creek \u2014 Der bunte Bach - EasyOriginal.com","og_description":"Ein Herbstmorgen auf Grange Farm \u2013 und pl\u00f6tzlich leuchtet der Bach in strahlendem Blaugr\u00fcn. Kein Regenbogen, kein Farbenspiel \u2013 das Wasser selbst hat sich ver\u00e4ndert. F\u00fcr Bethan Lloyd beginnt damit das vielleicht r\u00e4tselhafteste Abenteuer ihrer bisherigen Ermittlerlaufbahn. Ist es Umweltverschmutzung? Ein geheimer Chemieunfall? Oder steckt die Natur selbst hinter diesem schimmernden Ph\u00e4nomen? Mit offenen Augen, einem klugen Bruder und viel Forschergeist macht sich Bethan auf Spurensuche \u2013 und entdeckt dabei, dass manche R\u00e4tsel nicht gel\u00f6st, sondern verstanden werden wollen. The Colourful Creek ist ein atmosph\u00e4risches, poetisches Farm-Mystery \u00fcber die Kraft der Beobachtung, die Verbindung von Tradition und Wissenschaft \u2013 und \u00fcber das Staunen vor der Natur, die manchmal ganz eigene Wege geht. Ein leuchtendes Leseerlebnis f\u00fcr alle, die neugierig bleiben wollen.","og_url":"https:\/\/easyoriginal.com\/en\/shop\/modern-englisch-frank-a1-a2\/the-colourful-creek-der-bunte-bach\/","og_site_name":"EasyOriginal.com","article_modified_time":"2026-05-15T21:32:24+00:00","og_image":[{"width":1600,"height":2400,"url":"https:\/\/easyoriginal.com\/wp-content\/uploads\/Colourful_Creek_printcover.jpg","type":"image\/jpeg"}],"twitter_card":"summary_large_image","twitter_misc":{"Estimated reading time":"1 minute"},"schema":{"@context":"https:\/\/schema.org","@graph":[{"@type":"WebPage","@id":"https:\/\/easyoriginal.com\/shop\/modern-englisch-frank-a1-a2\/the-colourful-creek-der-bunte-bach\/","url":"https:\/\/easyoriginal.com\/shop\/modern-englisch-frank-a1-a2\/the-colourful-creek-der-bunte-bach\/","name":"The Colourful Creek \u2014 Der bunte Bach - EasyOriginal.com","isPartOf":{"@id":"https:\/\/easyoriginal.com\/#website"},"primaryImageOfPage":{"@id":"https:\/\/easyoriginal.com\/shop\/modern-englisch-frank-a1-a2\/the-colourful-creek-der-bunte-bach\/#primaryimage"},"image":{"@id":"https:\/\/easyoriginal.com\/shop\/modern-englisch-frank-a1-a2\/the-colourful-creek-der-bunte-bach\/#primaryimage"},"thumbnailUrl":"https:\/\/easyoriginal.com\/wp-content\/uploads\/Colourful_Creek_printcover.jpg","datePublished":"2026-05-15T21:27:37+00:00","dateModified":"2026-05-15T21:32:24+00:00","breadcrumb":{"@id":"https:\/\/easyoriginal.com\/shop\/modern-englisch-frank-a1-a2\/the-colourful-creek-der-bunte-bach\/#breadcrumb"},"inLanguage":"en-GB","potentialAction":[{"@type":"ReadAction","target":["https:\/\/easyoriginal.com\/shop\/modern-englisch-frank-a1-a2\/the-colourful-creek-der-bunte-bach\/"]}]},{"@type":"ImageObject","inLanguage":"en-GB","@id":"https:\/\/easyoriginal.com\/shop\/modern-englisch-frank-a1-a2\/the-colourful-creek-der-bunte-bach\/#primaryimage","url":"https:\/\/easyoriginal.com\/wp-content\/uploads\/Colourful_Creek_printcover.jpg","contentUrl":"https:\/\/easyoriginal.com\/wp-content\/uploads\/Colourful_Creek_printcover.jpg","width":1600,"height":2400},{"@type":"BreadcrumbList","@id":"https:\/\/easyoriginal.com\/shop\/modern-englisch-frank-a1-a2\/the-colourful-creek-der-bunte-bach\/#breadcrumb","itemListElement":[{"@type":"ListItem","position":1,"name":"Startseite","item":"https:\/\/easyoriginal.com\/"},{"@type":"ListItem","position":2,"name":"Shop","item":"https:\/\/easyoriginal.com\/shop\/"},{"@type":"ListItem","position":3,"name":"The Colourful Creek \u2014 Der bunte Bach"}]},{"@type":"WebSite","@id":"https:\/\/easyoriginal.com\/#website","url":"https:\/\/easyoriginal.com\/","name":"EasyOriginal.com","description":"Spa\u00df am Lesen im Original - Innovative Lesemethode f\u00fcr Fremdsprachen","publisher":{"@id":"https:\/\/easyoriginal.com\/#organization"},"potentialAction":[{"@type":"SearchAction","target":{"@type":"EntryPoint","urlTemplate":"https:\/\/easyoriginal.com\/?s={search_term_string}"},"query-input":{"@type":"PropertyValueSpecification","valueRequired":true,"valueName":"search_term_string"}}],"inLanguage":"en-GB"},{"@type":"Organization","@id":"https:\/\/easyoriginal.com\/#organization","name":"EasyOriginal Verlag","url":"https:\/\/easyoriginal.com\/","logo":{"@type":"ImageObject","inLanguage":"en-GB","@id":"https:\/\/easyoriginal.com\/#\/schema\/logo\/image\/","url":"https:\/\/easyoriginal.com\/wp-content\/uploads\/2020\/08\/logo_main.png","contentUrl":"https:\/\/easyoriginal.com\/wp-content\/uploads\/2020\/08\/logo_main.png","width":500,"height":103,"caption":"EasyOriginal Verlag"},"image":{"@id":"https:\/\/easyoriginal.com\/#\/schema\/logo\/image\/"}}]}},"_links":{"self":[{"href":"https:\/\/easyoriginal.com\/en\/wp-json\/wp\/v2\/product\/17587","targetHints":{"allow":["GET"]}}],"collection":[{"href":"https:\/\/easyoriginal.com\/en\/wp-json\/wp\/v2\/product"}],"about":[{"href":"https:\/\/easyoriginal.com\/en\/wp-json\/wp\/v2\/types\/product"}],"replies":[{"embeddable":true,"href":"https:\/\/easyoriginal.com\/en\/wp-json\/wp\/v2\/comments?post=17587"}],"wp:featuredmedia":[{"embeddable":true,"href":"https:\/\/easyoriginal.com\/en\/wp-json\/wp\/v2\/media\/17592"}],"wp:attachment":[{"href":"https:\/\/easyoriginal.com\/en\/wp-json\/wp\/v2\/media?parent=17587"}],"wp:term":[{"taxonomy":"product_brand","embeddable":true,"href":"https:\/\/easyoriginal.com\/en\/wp-json\/wp\/v2\/product_brand?post=17587"},{"taxonomy":"product_cat","embeddable":true,"href":"https:\/\/easyoriginal.com\/en\/wp-json\/wp\/v2\/product_cat?post=17587"},{"taxonomy":"product_tag","embeddable":true,"href":"https:\/\/easyoriginal.com\/en\/wp-json\/wp\/v2\/product_tag?post=17587"}],"curies":[{"name":"wp","href":"https:\/\/api.w.org\/{rel}","templated":true}]}}