{"id":17418,"date":"2026-04-19T15:25:04","date_gmt":"2026-04-19T13:25:04","guid":{"rendered":"https:\/\/easyoriginal.com\/?post_type=product&#038;p=17418"},"modified":"2026-04-19T20:02:54","modified_gmt":"2026-04-19T18:02:54","slug":"la-conspiracion-del-cafe-cantante-die-verschwoerung-des-cafe-cantante","status":"publish","type":"product","link":"https:\/\/easyoriginal.com\/en\/shop\/modern-spanisch-frank-a1-a2\/la-conspiracion-del-cafe-cantante-die-verschwoerung-des-cafe-cantante\/","title":{"rendered":"La Conspiraci\u00f3n del Caf\u00e9 Cantante &#8211; Die Verschw\u00f6rung des Caf\u00e9 Cantante"},"content":{"rendered":"<div class=\"adapted-container\">\n<p class=\"Adapted\">Una ma\u00f1ana musical <span class=\"Translation\">(ein musikalischer Morgen)<\/span><\/p>\n<p class=\"Adapted\">Era una ma\u00f1ana soleada en San Sebasti\u00e1n <span class=\"Translation\">(es war ein sonniger Morgen in San Sebasti\u00e1<\/span><span class=\"Translation\"><span class=\"No-Break\">n;<\/span><\/span><span class=\"Translation\"><span class=\"Comments\"> <\/span><\/span><span class=\"Translation\"><span class=\"Comment-Words\">soleado<\/span><\/span><span class=\"Translation\"><span class=\"No-Break\"><span class=\"Comments\"> \u2014<\/span><\/span><\/span><span class=\"Translation\"><span class=\"Comments\"> sonni<\/span><\/span><span class=\"Translation\"><span class=\"No-Break\"><span class=\"Comments\">g;<\/span><\/span><\/span><span class=\"Translation\"><span class=\"Comments\"> <\/span><\/span><span class=\"Translation\"><span class=\"Comment-Words\">sol<\/span><\/span><span class=\"Translation\"><span class=\"Sub-Char _idGenCharOverride-1\" lang=\"ru-RU\">m<\/span><\/span><span class=\"Translation\"><span class=\"No-Break\"><span class=\"Comments\"> \u2014<\/span><\/span><\/span><span class=\"Translation\"><span class=\"Comments\"> Sonne<\/span><\/span><span class=\"Translation\">)<\/span>. El cielo estaba azul <span class=\"Translation\">(der Himmel war blau)<\/span> y no hab\u00eda nubes <span class=\"Translation\">(und es gab keine Wolken)<\/span>. Adriana Mendoza caminaba por las calles hacia la Escuela Culinaria Donostia <span class=\"Translation\">(Adriana Mendoza ging durch die Stra\u00dfen zur Kochschule Donostia)<\/span>, donde trabajaba como chef principal <span class=\"Translation\">(wo sie als Chefk\u00f6chin arbeitet<\/span><span class=\"Translation\"><span class=\"No-Break\">e;<\/span><\/span><span class=\"Translation\"><span class=\"Comments\"> <\/span><\/span><span class=\"Translation\"><span class=\"Comment-Words\">principal<\/span><\/span><span class=\"Translation\"><span class=\"No-Break\"><span class=\"Comments\"> \u2014<\/span><\/span><\/span><span class=\"Translation\"><span class=\"Comments\"> haupt-, Haupt-<\/span><\/span><span class=\"Translation\">)<\/span>.<\/p>\n<p class=\"Adapted\">De repente <span class=\"Translation\">(pl\u00f6tzlic<\/span><span class=\"Translation\"><span class=\"No-Break\">h;<\/span><\/span><span class=\"Translation\"><span class=\"Comments\"> <\/span><\/span><span class=\"Translation\"><span class=\"Comment-Words\">repente<\/span><\/span><span class=\"Translation\"><span class=\"Sub-Char _idGenCharOverride-1\" lang=\"ru-RU\">m<\/span><\/span><span class=\"Translation\"><span class=\"No-Break\"><span class=\"Comments\"> \u2014<\/span><\/span><\/span><span class=\"Translation\"><span class=\"Comments\"> pl\u00f6tzliche Bewegun<\/span><\/span><span class=\"Translation\"><span class=\"No-Break\"><span class=\"Comments\">g;<\/span><\/span><\/span><span class=\"Translation\"><span class=\"Comments\"> <\/span><\/span><span class=\"Translation\"><span class=\"Comment-Words\">de repente<\/span><\/span><span class=\"Translation\"><span class=\"No-Break\"><span class=\"Comments\"> \u2014<\/span><\/span><\/span><span class=\"Translation\"><span class=\"Comments\"> pl\u00f6tzlich<\/span><\/span><span class=\"Translation\">)<\/span>, vio algo extra\u00f1o <span class=\"Translation\">(sah sie etwas Seltsame<\/span><span class=\"Translation\"><span class=\"No-Break\">s;<\/span><\/span><span class=\"Translation\"><span class=\"Comments\"> <\/span><\/span><span class=\"Translation\"><span class=\"Comment-Words\">ver<\/span><\/span><span class=\"Translation\"><span class=\"No-Break\"><span class=\"Comments\"> \u2014<\/span><\/span><\/span><span class=\"Translation\"><span class=\"Comments\"> sehe<\/span><\/span><span class=\"Translation\"><span class=\"No-Break\"><span class=\"Comments\">n;<\/span><\/span><\/span><span class=\"Translation\"><span class=\"Comments\"> <\/span><\/span><span class=\"Translation\"><span class=\"Comment-Words\">extra\u00f1o<\/span><\/span><span class=\"Translation\"><span class=\"No-Break\"><span class=\"Comments\"> \u2014<\/span><\/span><\/span><span class=\"Translation\"><span class=\"Comments\"> seltsam, fremd, merkw\u00fcrdig<\/span><\/span><span class=\"Translation\">)<\/span>: una larga fila de personas esperaba fuera de un caf\u00e9 <span class=\"Translation\">(eine lange Schlange von Leuten wartete vor einem Caf<\/span><span class=\"Translation\"><span class=\"No-Break\">\u00e9;<\/span><\/span><span class=\"Translation\"><span class=\"Comments\"> <\/span><\/span><span class=\"Translation\"><span class=\"Comment-Words\">fila<\/span><\/span><span class=\"Translation\"><span class=\"Sub-Char _idGenCharOverride-1\" lang=\"ru-RU\">f<\/span><\/span><span class=\"Translation\"><span class=\"No-Break\"><span class=\"Comments\"> \u2014<\/span><\/span><\/span><span class=\"Translation\"><span class=\"Comments\"> Schlange, Reihe<\/span><\/span><span class=\"Translation\">)<\/span>. El letrero del local dec\u00eda <span class=\"Translation\">(das Schild des Lokals sagte = das Ladenschild zeigte)<\/span> &quot;El Caf\u00e9 Cantante <span class=\"Translation\">(das singende Caf\u00e9)<\/span>&quot;. Adriana nunca hab\u00eda visto tantas personas <span class=\"Translation\">(Adriana hatte noch nie so viele Menschen gesehen)<\/span> esperando para entrar a un caf\u00e9 <span class=\"Translation\">(die darauf warteten, in ein Caf\u00e9 zu kommen)<\/span>.<\/p>\n<\/div>\n<audio class=\"wp-audio-shortcode\" id=\"audio-17418-1\" preload=\"none\" style=\"width: 100%;\" controls=\"controls\"><source type=\"audio\/mpeg\" src=\"https:\/\/easyoriginal1.s3.eu-central-1.amazonaws.com\/spanisch\/s44\/001.mp3?_=1\" \/><a href=\"https:\/\/easyoriginal1.s3.eu-central-1.amazonaws.com\/spanisch\/s44\/001.mp3\">https:\/\/easyoriginal1.s3.eu-central-1.amazonaws.com\/spanisch\/s44\/001.mp3<\/a><\/audio>\n<div class=\"original-container\">\n<p class=\"Original\" lang=\"es-ES\">Una ma\u00f1ana musical<\/p>\n<p class=\"Original\" lang=\"es-ES\">Era una ma\u00f1ana soleada en San Sebasti\u00e1n. El cielo estaba azul y no hab\u00eda nubes. Adriana Mendoza caminaba por las calles hacia la Escuela Culinaria Donostia, donde trabajaba como chef principal.<\/p>\n<p class=\"Original\" lang=\"es-ES\">De repente, vio algo extra\u00f1o: una larga fila de personas esperaba fuera de un caf\u00e9. El letrero del local dec\u00eda &quot;El Caf\u00e9 Cantante&quot;. Adriana nunca hab\u00eda visto tantas personas esperando para entrar a un caf\u00e9.<\/p>\n<\/div>","protected":false},"excerpt":{"rendered":"<p>Erleben Sie eine au\u00dfergew\u00f6hnliche Geschichte voller Genuss, Mysterien und kulinarischer Abenteuer in La Conspiraci\u00f3n del Caf\u00e9 Cantante. Im charmanten San Sebasti\u00e1n zieht ein neu er\u00f6ffnetes Caf\u00e9 alle in seinen Bann. Der Grund? Ein einzigartiger Kaffee, der seine G\u00e4ste Musik h\u00f6ren l\u00e4sst \u2013 doch nur in ihren K\u00f6pfen.<br \/>\nAdriana Mendoza, leidenschaftliche Chefk\u00f6chin und neugierige Feinschmeckerin, beschlie\u00dft gemeinsam mit ihrem Team, diesem r\u00e4tselhaften Ph\u00e4nomen auf den Grund zu gehen. Begleiten Sie Adriana und ihre Begleiter bei ihrer aufregenden Entdeckungsreise zwischen kulinarischer Tradition und moderner Wissenschaft. Eine Geschichte voller \u00fcberraschender Wendungen, die nicht nur den Gaumen, sondern auch die Fantasie anregt.<br \/>\nWas ist das Geheimnis dieses au\u00dfergew\u00f6hnlichen Kaffees? Welche verborgenen Verbindungen und \u00fcberraschenden Enth\u00fcllungen erwarten Adriana? Finden Sie es heraus in La Conspiraci\u00f3n del Caf\u00e9 Cantante \u2013 einer fesselnden Geschichte, die Appetit auf mehr macht.<br \/>\nVorsicht: Nach diesem Genuss werden Sie Kaffee nie wieder mit denselben Augen sehen!<\/p>","protected":false},"featured_media":17423,"comment_status":"open","ping_status":"closed","template":"","meta":{"_acf_changed":false,"_et_pb_use_builder":"off","_et_pb_old_content":"<div class=\"adapted-container\">\r\n<p class=\"Adapted\"><span class=\"Bold\">Hace mucho tiempo que ten\u00eda ganas de escribir <\/span><span class=\"Translation\">(seit langer Zeit hatte ich Lust zu schreiben; <\/span><span class=\"Translation\"><span class=\"Comment-Words\">tener<\/span><\/span><span class=\"Translation\"><span class=\"Comments\"> \u2014 haben<\/span><\/span><span class=\"Translation\">)<\/span><span class=\"Bold\"> cualquier cosa con este t\u00edtulo <\/span><span class=\"Translation\">(irgendetwas mit diesem Titel)<\/span><span class=\"Bold\">.<\/span><\/p>\r\n<p class=\"Adapted\"><span class=\"Bold\">Hoy<a id=\"_idTextAnchor001\"><\/a>, que se me ha presentado ocasi\u00f3n <\/span><span class=\"Translation\">(heute, wo sich mir \/eine\/ Gelegenheit geboten hat; <\/span><span class=\"Translation\"><span class=\"Comment-Words\">presentar<\/span><\/span><span class=\"Translation\"><span class=\"Comments\"> \u2014 zeigen; vorstellen<\/span><\/span><span class=\"Translation\">)<\/span><span class=\"Bold\">, lo he puesto con letras grandes <\/span><span class=\"Translation\">(das habe ich in gro\u00dfen Buchstaben gesetzt = habe ich es in Gro\u00dfbuchstaben gesetzt; <\/span><span class=\"Translation\"><span class=\"Comment-Words\">poner<\/span><\/span><span class=\"Translation\"><span class=\"Comments\"> \u2014 setzen; stellen; legen<\/span><\/span><span class=\"Translation\">)<\/span><span class=\"Bold\"> en la primera cuartilla de papel <\/span><span class=\"Translation\">(auf das erste Blatt: \u00abauf das erste Viertelpapier\u00bb; <\/span><span class=\"Translation\"><span class=\"Comment-Words\">cuarto<\/span><\/span><span class=\"Translation\"><span class=\"Gender _idGenCharOverride-1\">m <\/span><\/span><span class=\"Translation\"><span class=\"Comments\">\u2014 Viertel<\/span><\/span><span class=\"Translation\">)<\/span><span class=\"Bold\">, y luego he dejado a capricho volar la pluma <\/span><span class=\"Translation\">(und dann habe ich nach Belieben die Feder fliegen lassen; <\/span><span class=\"Translation\"><span class=\"Comment-Words\">dejar<\/span><\/span><span class=\"Translation\"><span class=\"Comments\"> \u2014 lassen; <\/span><\/span><span class=\"Translation\"><span class=\"Comment-Words\">capricho<\/span><\/span><span class=\"Translation\"><span class=\"Gender _idGenCharOverride-1\">m <\/span><\/span><span class=\"Translation\"><span class=\"Comments\">\u2014 Laune<\/span><\/span><span class=\"Translation\">)<\/span><span class=\"Bold\">.<\/span><\/p>\r\n\r\n<\/div>\r\n[audio mp3=\"https:\/\/easyoriginal1.s3.eu-central-1.amazonaws.com\/spanisch\/s1\/1.mp3\"][\/audio]\r\n<div class=\"original-container\">\r\n<p class=\"Original\">Hace mucho tiempo que ten\u00eda ganas de escribir cualquier cosa con este t\u00edtulo.<\/p>\r\n<p class=\"Original\">Hoy, que se me ha presentado ocasi\u00f3n, lo he puesto con letras grandes en la primera cuartilla de papel, y luego he dejado a capricho volar la pluma.<\/p>\r\n\r\n<\/div>\r\n<a class=\"weiter\" href=\"\/webreader\/los-ojos-verdes\/fragment\/1-4-2\/\">weiter lesen<\/a>","_et_gb_content_width":""},"product_brand":[],"product_cat":[269],"product_tag":[164,81],"class_list":{"0":"post-17418","1":"product","2":"type-product","3":"status-publish","4":"has-post-thumbnail","6":"product_cat-modern-spanisch-frank-a1-a2","7":"product_tag-anfaenger","8":"product_tag-krimi","10":"first","11":"instock","12":"taxable","13":"shipping-taxable","14":"purchasable","15":"product-type-variable"},"acf":[],"yoast_head":"<!-- This site is optimized with the Yoast SEO plugin v27.4 - https:\/\/yoast.com\/product\/yoast-seo-wordpress\/ -->\n<title>La Conspiraci\u00f3n del Caf\u00e9 Cantante - Die Verschw\u00f6rung des Caf\u00e9 Cantante - EasyOriginal.com<\/title>\n<meta name=\"robots\" content=\"index, follow, max-snippet:-1, max-image-preview:large, max-video-preview:-1\" \/>\n<link rel=\"canonical\" href=\"https:\/\/easyoriginal.com\/en\/shop\/modern-spanisch-frank-a1-a2\/la-conspiracion-del-cafe-cantante-die-verschwoerung-des-cafe-cantante\/\" \/>\n<meta property=\"og:locale\" content=\"en_GB\" \/>\n<meta property=\"og:type\" content=\"article\" \/>\n<meta property=\"og:title\" content=\"La Conspiraci\u00f3n del Caf\u00e9 Cantante - Die Verschw\u00f6rung des Caf\u00e9 Cantante - EasyOriginal.com\" \/>\n<meta property=\"og:description\" content=\"Erleben Sie eine au\u00dfergew\u00f6hnliche Geschichte voller Genuss, Mysterien und kulinarischer Abenteuer in La Conspiraci\u00f3n del Caf\u00e9 Cantante. Im charmanten San Sebasti\u00e1n zieht ein neu er\u00f6ffnetes Caf\u00e9 alle in seinen Bann. Der Grund? Ein einzigartiger Kaffee, der seine G\u00e4ste Musik h\u00f6ren l\u00e4sst \u2013 doch nur in ihren K\u00f6pfen. Adriana Mendoza, leidenschaftliche Chefk\u00f6chin und neugierige Feinschmeckerin, beschlie\u00dft gemeinsam mit ihrem Team, diesem r\u00e4tselhaften Ph\u00e4nomen auf den Grund zu gehen. Begleiten Sie Adriana und ihre Begleiter bei ihrer aufregenden Entdeckungsreise zwischen kulinarischer Tradition und moderner Wissenschaft. Eine Geschichte voller \u00fcberraschender Wendungen, die nicht nur den Gaumen, sondern auch die Fantasie anregt. Was ist das Geheimnis dieses au\u00dfergew\u00f6hnlichen Kaffees? Welche verborgenen Verbindungen und \u00fcberraschenden Enth\u00fcllungen erwarten Adriana? Finden Sie es heraus in La Conspiraci\u00f3n del Caf\u00e9 Cantante \u2013 einer fesselnden Geschichte, die Appetit auf mehr macht. Vorsicht: Nach diesem Genuss werden Sie Kaffee nie wieder mit denselben Augen sehen!\" \/>\n<meta property=\"og:url\" content=\"https:\/\/easyoriginal.com\/en\/shop\/modern-spanisch-frank-a1-a2\/la-conspiracion-del-cafe-cantante-die-verschwoerung-des-cafe-cantante\/\" \/>\n<meta property=\"og:site_name\" content=\"EasyOriginal.com\" \/>\n<meta property=\"article:modified_time\" content=\"2026-04-19T18:02:54+00:00\" \/>\n<meta property=\"og:image\" content=\"https:\/\/easyoriginal.com\/wp-content\/uploads\/La_Conspiracion_del_Cafe_Cantante_printcover.jpg\" \/>\n\t<meta property=\"og:image:width\" content=\"1600\" \/>\n\t<meta property=\"og:image:height\" content=\"2400\" \/>\n\t<meta property=\"og:image:type\" content=\"image\/jpeg\" \/>\n<meta name=\"twitter:card\" content=\"summary_large_image\" \/>\n<meta name=\"twitter:label1\" content=\"Estimated reading time\" \/>\n\t<meta name=\"twitter:data1\" content=\"2 minutes\" \/>\n<script type=\"application\/ld+json\" class=\"yoast-schema-graph\">{\"@context\":\"https:\\\/\\\/schema.org\",\"@graph\":[{\"@type\":\"WebPage\",\"@id\":\"https:\\\/\\\/easyoriginal.com\\\/shop\\\/modern-spanisch-frank-a1-a2\\\/la-conspiracion-del-cafe-cantante-die-verschwoerung-des-cafe-cantante\\\/\",\"url\":\"https:\\\/\\\/easyoriginal.com\\\/shop\\\/modern-spanisch-frank-a1-a2\\\/la-conspiracion-del-cafe-cantante-die-verschwoerung-des-cafe-cantante\\\/\",\"name\":\"La Conspiraci\u00f3n del Caf\u00e9 Cantante - Die Verschw\u00f6rung des Caf\u00e9 Cantante - EasyOriginal.com\",\"isPartOf\":{\"@id\":\"https:\\\/\\\/easyoriginal.com\\\/#website\"},\"primaryImageOfPage\":{\"@id\":\"https:\\\/\\\/easyoriginal.com\\\/shop\\\/modern-spanisch-frank-a1-a2\\\/la-conspiracion-del-cafe-cantante-die-verschwoerung-des-cafe-cantante\\\/#primaryimage\"},\"image\":{\"@id\":\"https:\\\/\\\/easyoriginal.com\\\/shop\\\/modern-spanisch-frank-a1-a2\\\/la-conspiracion-del-cafe-cantante-die-verschwoerung-des-cafe-cantante\\\/#primaryimage\"},\"thumbnailUrl\":\"https:\\\/\\\/easyoriginal.com\\\/wp-content\\\/uploads\\\/La_Conspiracion_del_Cafe_Cantante_printcover.jpg\",\"datePublished\":\"2026-04-19T13:25:04+00:00\",\"dateModified\":\"2026-04-19T18:02:54+00:00\",\"breadcrumb\":{\"@id\":\"https:\\\/\\\/easyoriginal.com\\\/shop\\\/modern-spanisch-frank-a1-a2\\\/la-conspiracion-del-cafe-cantante-die-verschwoerung-des-cafe-cantante\\\/#breadcrumb\"},\"inLanguage\":\"en-GB\",\"potentialAction\":[{\"@type\":\"ReadAction\",\"target\":[\"https:\\\/\\\/easyoriginal.com\\\/shop\\\/modern-spanisch-frank-a1-a2\\\/la-conspiracion-del-cafe-cantante-die-verschwoerung-des-cafe-cantante\\\/\"]}]},{\"@type\":\"ImageObject\",\"inLanguage\":\"en-GB\",\"@id\":\"https:\\\/\\\/easyoriginal.com\\\/shop\\\/modern-spanisch-frank-a1-a2\\\/la-conspiracion-del-cafe-cantante-die-verschwoerung-des-cafe-cantante\\\/#primaryimage\",\"url\":\"https:\\\/\\\/easyoriginal.com\\\/wp-content\\\/uploads\\\/La_Conspiracion_del_Cafe_Cantante_printcover.jpg\",\"contentUrl\":\"https:\\\/\\\/easyoriginal.com\\\/wp-content\\\/uploads\\\/La_Conspiracion_del_Cafe_Cantante_printcover.jpg\",\"width\":1600,\"height\":2400},{\"@type\":\"BreadcrumbList\",\"@id\":\"https:\\\/\\\/easyoriginal.com\\\/shop\\\/modern-spanisch-frank-a1-a2\\\/la-conspiracion-del-cafe-cantante-die-verschwoerung-des-cafe-cantante\\\/#breadcrumb\",\"itemListElement\":[{\"@type\":\"ListItem\",\"position\":1,\"name\":\"Startseite\",\"item\":\"https:\\\/\\\/easyoriginal.com\\\/\"},{\"@type\":\"ListItem\",\"position\":2,\"name\":\"Shop\",\"item\":\"https:\\\/\\\/easyoriginal.com\\\/shop\\\/\"},{\"@type\":\"ListItem\",\"position\":3,\"name\":\"La Conspiraci\u00f3n del Caf\u00e9 Cantante &#8211; Die Verschw\u00f6rung des Caf\u00e9 Cantante\"}]},{\"@type\":\"WebSite\",\"@id\":\"https:\\\/\\\/easyoriginal.com\\\/#website\",\"url\":\"https:\\\/\\\/easyoriginal.com\\\/\",\"name\":\"EasyOriginal.com\",\"description\":\"Spa\u00df am Lesen im Original - Innovative Lesemethode f\u00fcr Fremdsprachen\",\"publisher\":{\"@id\":\"https:\\\/\\\/easyoriginal.com\\\/#organization\"},\"potentialAction\":[{\"@type\":\"SearchAction\",\"target\":{\"@type\":\"EntryPoint\",\"urlTemplate\":\"https:\\\/\\\/easyoriginal.com\\\/?s={search_term_string}\"},\"query-input\":{\"@type\":\"PropertyValueSpecification\",\"valueRequired\":true,\"valueName\":\"search_term_string\"}}],\"inLanguage\":\"en-GB\"},{\"@type\":\"Organization\",\"@id\":\"https:\\\/\\\/easyoriginal.com\\\/#organization\",\"name\":\"EasyOriginal Verlag\",\"url\":\"https:\\\/\\\/easyoriginal.com\\\/\",\"logo\":{\"@type\":\"ImageObject\",\"inLanguage\":\"en-GB\",\"@id\":\"https:\\\/\\\/easyoriginal.com\\\/#\\\/schema\\\/logo\\\/image\\\/\",\"url\":\"https:\\\/\\\/easyoriginal.com\\\/wp-content\\\/uploads\\\/2020\\\/08\\\/logo_main.png\",\"contentUrl\":\"https:\\\/\\\/easyoriginal.com\\\/wp-content\\\/uploads\\\/2020\\\/08\\\/logo_main.png\",\"width\":500,\"height\":103,\"caption\":\"EasyOriginal Verlag\"},\"image\":{\"@id\":\"https:\\\/\\\/easyoriginal.com\\\/#\\\/schema\\\/logo\\\/image\\\/\"}}]}<\/script>\n<!-- \/ Yoast SEO plugin. -->","yoast_head_json":{"title":"La Conspiraci\u00f3n del Caf\u00e9 Cantante - Die Verschw\u00f6rung des Caf\u00e9 Cantante - EasyOriginal.com","robots":{"index":"index","follow":"follow","max-snippet":"max-snippet:-1","max-image-preview":"max-image-preview:large","max-video-preview":"max-video-preview:-1"},"canonical":"https:\/\/easyoriginal.com\/en\/shop\/modern-spanisch-frank-a1-a2\/la-conspiracion-del-cafe-cantante-die-verschwoerung-des-cafe-cantante\/","og_locale":"en_GB","og_type":"article","og_title":"La Conspiraci\u00f3n del Caf\u00e9 Cantante - Die Verschw\u00f6rung des Caf\u00e9 Cantante - EasyOriginal.com","og_description":"Erleben Sie eine au\u00dfergew\u00f6hnliche Geschichte voller Genuss, Mysterien und kulinarischer Abenteuer in La Conspiraci\u00f3n del Caf\u00e9 Cantante. Im charmanten San Sebasti\u00e1n zieht ein neu er\u00f6ffnetes Caf\u00e9 alle in seinen Bann. Der Grund? Ein einzigartiger Kaffee, der seine G\u00e4ste Musik h\u00f6ren l\u00e4sst \u2013 doch nur in ihren K\u00f6pfen. Adriana Mendoza, leidenschaftliche Chefk\u00f6chin und neugierige Feinschmeckerin, beschlie\u00dft gemeinsam mit ihrem Team, diesem r\u00e4tselhaften Ph\u00e4nomen auf den Grund zu gehen. Begleiten Sie Adriana und ihre Begleiter bei ihrer aufregenden Entdeckungsreise zwischen kulinarischer Tradition und moderner Wissenschaft. Eine Geschichte voller \u00fcberraschender Wendungen, die nicht nur den Gaumen, sondern auch die Fantasie anregt. Was ist das Geheimnis dieses au\u00dfergew\u00f6hnlichen Kaffees? Welche verborgenen Verbindungen und \u00fcberraschenden Enth\u00fcllungen erwarten Adriana? Finden Sie es heraus in La Conspiraci\u00f3n del Caf\u00e9 Cantante \u2013 einer fesselnden Geschichte, die Appetit auf mehr macht. Vorsicht: Nach diesem Genuss werden Sie Kaffee nie wieder mit denselben Augen sehen!","og_url":"https:\/\/easyoriginal.com\/en\/shop\/modern-spanisch-frank-a1-a2\/la-conspiracion-del-cafe-cantante-die-verschwoerung-des-cafe-cantante\/","og_site_name":"EasyOriginal.com","article_modified_time":"2026-04-19T18:02:54+00:00","og_image":[{"width":1600,"height":2400,"url":"https:\/\/easyoriginal.com\/wp-content\/uploads\/La_Conspiracion_del_Cafe_Cantante_printcover.jpg","type":"image\/jpeg"}],"twitter_card":"summary_large_image","twitter_misc":{"Estimated reading time":"2 minutes"},"schema":{"@context":"https:\/\/schema.org","@graph":[{"@type":"WebPage","@id":"https:\/\/easyoriginal.com\/shop\/modern-spanisch-frank-a1-a2\/la-conspiracion-del-cafe-cantante-die-verschwoerung-des-cafe-cantante\/","url":"https:\/\/easyoriginal.com\/shop\/modern-spanisch-frank-a1-a2\/la-conspiracion-del-cafe-cantante-die-verschwoerung-des-cafe-cantante\/","name":"La Conspiraci\u00f3n del Caf\u00e9 Cantante - Die Verschw\u00f6rung des Caf\u00e9 Cantante - EasyOriginal.com","isPartOf":{"@id":"https:\/\/easyoriginal.com\/#website"},"primaryImageOfPage":{"@id":"https:\/\/easyoriginal.com\/shop\/modern-spanisch-frank-a1-a2\/la-conspiracion-del-cafe-cantante-die-verschwoerung-des-cafe-cantante\/#primaryimage"},"image":{"@id":"https:\/\/easyoriginal.com\/shop\/modern-spanisch-frank-a1-a2\/la-conspiracion-del-cafe-cantante-die-verschwoerung-des-cafe-cantante\/#primaryimage"},"thumbnailUrl":"https:\/\/easyoriginal.com\/wp-content\/uploads\/La_Conspiracion_del_Cafe_Cantante_printcover.jpg","datePublished":"2026-04-19T13:25:04+00:00","dateModified":"2026-04-19T18:02:54+00:00","breadcrumb":{"@id":"https:\/\/easyoriginal.com\/shop\/modern-spanisch-frank-a1-a2\/la-conspiracion-del-cafe-cantante-die-verschwoerung-des-cafe-cantante\/#breadcrumb"},"inLanguage":"en-GB","potentialAction":[{"@type":"ReadAction","target":["https:\/\/easyoriginal.com\/shop\/modern-spanisch-frank-a1-a2\/la-conspiracion-del-cafe-cantante-die-verschwoerung-des-cafe-cantante\/"]}]},{"@type":"ImageObject","inLanguage":"en-GB","@id":"https:\/\/easyoriginal.com\/shop\/modern-spanisch-frank-a1-a2\/la-conspiracion-del-cafe-cantante-die-verschwoerung-des-cafe-cantante\/#primaryimage","url":"https:\/\/easyoriginal.com\/wp-content\/uploads\/La_Conspiracion_del_Cafe_Cantante_printcover.jpg","contentUrl":"https:\/\/easyoriginal.com\/wp-content\/uploads\/La_Conspiracion_del_Cafe_Cantante_printcover.jpg","width":1600,"height":2400},{"@type":"BreadcrumbList","@id":"https:\/\/easyoriginal.com\/shop\/modern-spanisch-frank-a1-a2\/la-conspiracion-del-cafe-cantante-die-verschwoerung-des-cafe-cantante\/#breadcrumb","itemListElement":[{"@type":"ListItem","position":1,"name":"Startseite","item":"https:\/\/easyoriginal.com\/"},{"@type":"ListItem","position":2,"name":"Shop","item":"https:\/\/easyoriginal.com\/shop\/"},{"@type":"ListItem","position":3,"name":"La Conspiraci\u00f3n del Caf\u00e9 Cantante &#8211; Die Verschw\u00f6rung des Caf\u00e9 Cantante"}]},{"@type":"WebSite","@id":"https:\/\/easyoriginal.com\/#website","url":"https:\/\/easyoriginal.com\/","name":"EasyOriginal.com","description":"Spa\u00df am Lesen im Original - Innovative Lesemethode f\u00fcr Fremdsprachen","publisher":{"@id":"https:\/\/easyoriginal.com\/#organization"},"potentialAction":[{"@type":"SearchAction","target":{"@type":"EntryPoint","urlTemplate":"https:\/\/easyoriginal.com\/?s={search_term_string}"},"query-input":{"@type":"PropertyValueSpecification","valueRequired":true,"valueName":"search_term_string"}}],"inLanguage":"en-GB"},{"@type":"Organization","@id":"https:\/\/easyoriginal.com\/#organization","name":"EasyOriginal Verlag","url":"https:\/\/easyoriginal.com\/","logo":{"@type":"ImageObject","inLanguage":"en-GB","@id":"https:\/\/easyoriginal.com\/#\/schema\/logo\/image\/","url":"https:\/\/easyoriginal.com\/wp-content\/uploads\/2020\/08\/logo_main.png","contentUrl":"https:\/\/easyoriginal.com\/wp-content\/uploads\/2020\/08\/logo_main.png","width":500,"height":103,"caption":"EasyOriginal Verlag"},"image":{"@id":"https:\/\/easyoriginal.com\/#\/schema\/logo\/image\/"}}]}},"_links":{"self":[{"href":"https:\/\/easyoriginal.com\/en\/wp-json\/wp\/v2\/product\/17418","targetHints":{"allow":["GET"]}}],"collection":[{"href":"https:\/\/easyoriginal.com\/en\/wp-json\/wp\/v2\/product"}],"about":[{"href":"https:\/\/easyoriginal.com\/en\/wp-json\/wp\/v2\/types\/product"}],"replies":[{"embeddable":true,"href":"https:\/\/easyoriginal.com\/en\/wp-json\/wp\/v2\/comments?post=17418"}],"wp:featuredmedia":[{"embeddable":true,"href":"https:\/\/easyoriginal.com\/en\/wp-json\/wp\/v2\/media\/17423"}],"wp:attachment":[{"href":"https:\/\/easyoriginal.com\/en\/wp-json\/wp\/v2\/media?parent=17418"}],"wp:term":[{"taxonomy":"product_brand","embeddable":true,"href":"https:\/\/easyoriginal.com\/en\/wp-json\/wp\/v2\/product_brand?post=17418"},{"taxonomy":"product_cat","embeddable":true,"href":"https:\/\/easyoriginal.com\/en\/wp-json\/wp\/v2\/product_cat?post=17418"},{"taxonomy":"product_tag","embeddable":true,"href":"https:\/\/easyoriginal.com\/en\/wp-json\/wp\/v2\/product_tag?post=17418"}],"curies":[{"name":"wp","href":"https:\/\/api.w.org\/{rel}","templated":true}]}}