{"id":17340,"date":"2026-04-04T21:15:48","date_gmt":"2026-04-04T19:15:48","guid":{"rendered":"https:\/\/easyoriginal.com\/?post_type=product&#038;p=17340"},"modified":"2026-04-04T21:22:22","modified_gmt":"2026-04-04T19:22:22","slug":"nine-lives-in-the-bookshop-neun-leben-in-der-buchhandlung","status":"publish","type":"product","link":"https:\/\/easyoriginal.com\/en\/shop\/englisch-lustige-kurzgeschichtenfrank-a1-a2\/nine-lives-in-the-bookshop-neun-leben-in-der-buchhandlung\/","title":{"rendered":"Nine Lives in the Bookshop &#8211; Neun Leben in der Buchhandlung"},"content":{"rendered":"<div class=\"adapted-container\">\n<p class=\"Adapted\" lang=\"de-DE\">The Great Escape <span class=\"Translation\">(die gro\u00dfe Flucht)<\/span><\/p>\n<p class=\"Adapted\" lang=\"de-DE\">Edward Alcott had not left Alcott&apos;s Secondhand Books in three years <span class=\"Translation\">(Edward Alcott hatte Alcotts Antiquariat seit drei Jahren nicht verlasse<\/span><span class=\"Translation\"><span class=\"No-Break\">n;<\/span><\/span><span class=\"Translation\"><span class=\"Comments\"> <\/span><\/span><span class=\"Translation\"><span class=\"Comment-Words\">secondhand<\/span><\/span><span class=\"Translation\"><span class=\"No-Break\"><span class=\"Comments\"> \u2014<\/span><\/span><\/span><span class=\"Translation\"><span class=\"Comments\"> gebraucht, aus zweiter Hand<\/span><\/span><span class=\"Translation\">)<\/span>. Not once <span class=\"Translation\">(nicht ein einziges Mal)<\/span>. Not for a dentist appointment <span class=\"Translation\">(nicht f\u00fcr einen Zahnarzttermi<\/span><span class=\"Translation\"><span class=\"No-Break\">n;<\/span><\/span><span class=\"Translation\"><span class=\"Comments\"> <\/span><\/span><span class=\"Translation\"><span class=\"Comment-Words\">appointment<\/span><\/span><span class=\"Translation\"><span class=\"No-Break\"><span class=\"Comments\"> \u2014<\/span><\/span><\/span><span class=\"Translation\"><span class=\"Comments\"> Termin, Verabredung<\/span><\/span><span class=\"Translation\">)<\/span>, not for Christmas dinner <span class=\"Translation\">(nicht f\u00fcr ein Weihnachtsessen)<\/span>, and not even when the pipe burst in the flat upstairs <span class=\"Translation\">(und nicht einmal als das Rohr in der Wohnung oben platzt<\/span><span class=\"Translation\"><span class=\"No-Break\">e;<\/span><\/span><span class=\"Translation\"><span class=\"Comments\"> <\/span><\/span><span class=\"Translation\"><span class=\"Comment-Words\">to burst<\/span><\/span><span class=\"Translation\"><span class=\"No-Break\"><span class=\"Comments\"> \u2014<\/span><\/span><\/span><span class=\"Translation\"><span class=\"Comments\"> platzen, bersten<\/span><\/span><span class=\"Translation\">)<\/span> and water poured through the ceiling like a waterfall <span class=\"Translation\">(und das Wasser durch die Decke str\u00f6mte wie ein Wasserfal<\/span><span class=\"Translation\"><span class=\"No-Break\">l;<\/span><\/span><span class=\"Translation\"><span class=\"Comments\"> <\/span><\/span><span class=\"Translation\"><span class=\"Comment-Words\">to pour<\/span><\/span><span class=\"Translation\"><span class=\"No-Break\"><span class=\"Comments\"> \u2014<\/span><\/span><\/span><span class=\"Translation\"><span class=\"Comments\"> gie\u00dfen, str\u00f6me<\/span><\/span><span class=\"Translation\"><span class=\"No-Break\"><span class=\"Comments\">n;<\/span><\/span><\/span><span class=\"Translation\"><span class=\"Comments\"> <\/span><\/span><span class=\"Translation\"><span class=\"Comment-Words\">ceiling<\/span><\/span><span class=\"Translation\"><span class=\"No-Break\"><span class=\"Comments\"> \u2014<\/span><\/span><\/span><span class=\"Translation\"><span class=\"Comments\"> Decke <\/span><\/span><span class=\"Translation\"><span class=\"No-Break\"><span class=\"Comments\">\/e<\/span><\/span><\/span><span class=\"Translation\"><span class=\"Comments\">ines Raumes<\/span><\/span><span class=\"Translation\"><span class=\"No-Break\"><span class=\"Comments\">\/<\/span><\/span><\/span><span class=\"Translation\"><span class=\"No-Break\">)<\/span><\/span>.<\/p>\n<p class=\"Adapted\" lang=\"de-DE\">&quot;I have everything I need here <span class=\"Translation\">(ich habe hier alles was ich brauche)<\/span>,&quot; he told his sister Caroline during their weekly phone calls <span class=\"Translation\">(sagte er seiner Schwester Caroline w\u00e4hrend ihrer w\u00f6chentlichen Telefonanrufe)<\/span>. &quot;Books, a kettle, and Dickens <span class=\"Translation\">(B\u00fccher, einen Wasserkocher und Dicken<\/span><span class=\"Translation\"><span class=\"No-Break\">s;<\/span><\/span><span class=\"Translation\"><span class=\"Comments\"> <\/span><\/span><span class=\"Translation\"><span class=\"Comment-Words\">kettle<\/span><\/span><span class=\"Translation\"><span class=\"No-Break\"><span class=\"Comments\"> \u2014<\/span><\/span><\/span><span class=\"Translation\"><span class=\"Comments\"> Kessel, Wasserkocher<\/span><\/span><span class=\"Translation\">)<\/span>.&quot;<\/p>\n<\/div>\n<audio class=\"wp-audio-shortcode\" id=\"audio-17340-1\" preload=\"none\" style=\"width: 100%;\" controls=\"controls\"><source type=\"audio\/mpeg\" src=\"https:\/\/easyoriginal1.s3.eu-central-1.amazonaws.com\/englisch\/e93\/001.mp3?_=1\" \/><a href=\"https:\/\/easyoriginal1.s3.eu-central-1.amazonaws.com\/englisch\/e93\/001.mp3\">https:\/\/easyoriginal1.s3.eu-central-1.amazonaws.com\/englisch\/e93\/001.mp3<\/a><\/audio>\n<div class=\"original-container\">\n<p class=\"Original\">The Great Escape<\/p>\n<p class=\"Original\">Edward Alcott had not left Alcott\u2019s Secondhand Books in three years. Not once. Not for a dentist appointment, not for Christmas dinner, and not even when the pipe burst in the flat upstairs and water poured through the ceiling like a waterfall.<\/p>\n<p class=\"Original\">&quot;I have everything I need here,&quot; he told his sister Caroline during their weekly phone calls. &quot;Books, a kettle, and Dickens.&quot;<\/p>\n<\/div>","protected":false},"excerpt":{"rendered":"<p>Siebenunddrei\u00dfig Liebesbriefe, versteckt zwischen vergilbten Seiten \u2014 und der Mann, f\u00fcr den sie bestimmt waren, wei\u00df nichts davon.<br \/>\nAlcott&#8217;s Secondhand Books riecht nach altem Papier und frischem Brot von nebenan. Edward, der Besitzer, hat den Laden seit drei Jahren nicht verlassen. Sein Kater Dickens sitzt auf genau dem Buch, das jemand kaufen will. Neun Menschen stolpern durch diese T\u00fcr. Jeder tr\u00e4gt etwas, das er fast verloren h\u00e4tte \u2014 den Mut zu schreiben, die Stimme zum Vorlesen, den Weg nach drau\u00dfen.<br \/>\nManche Orte reparieren, was man selbst nicht reparieren kann.<\/p>","protected":false},"featured_media":17345,"comment_status":"open","ping_status":"closed","template":"","meta":{"_acf_changed":false,"_et_pb_use_builder":"off","_et_pb_old_content":"<div class=\"adapted-container\">\r\n<p class=\"Adapted\"><span class=\"Bold\">Hace mucho tiempo que ten\u00eda ganas de escribir <\/span><span class=\"Translation\">(seit langer Zeit hatte ich Lust zu schreiben; <\/span><span class=\"Translation\"><span class=\"Comment-Words\">tener<\/span><\/span><span class=\"Translation\"><span class=\"Comments\"> \u2014 haben<\/span><\/span><span class=\"Translation\">)<\/span><span class=\"Bold\"> cualquier cosa con este t\u00edtulo <\/span><span class=\"Translation\">(irgendetwas mit diesem Titel)<\/span><span class=\"Bold\">.<\/span><\/p>\r\n<p class=\"Adapted\"><span class=\"Bold\">Hoy<a id=\"_idTextAnchor001\"><\/a>, que se me ha presentado ocasi\u00f3n <\/span><span class=\"Translation\">(heute, wo sich mir \/eine\/ Gelegenheit geboten hat; <\/span><span class=\"Translation\"><span class=\"Comment-Words\">presentar<\/span><\/span><span class=\"Translation\"><span class=\"Comments\"> \u2014 zeigen; vorstellen<\/span><\/span><span class=\"Translation\">)<\/span><span class=\"Bold\">, lo he puesto con letras grandes <\/span><span class=\"Translation\">(das habe ich in gro\u00dfen Buchstaben gesetzt = habe ich es in Gro\u00dfbuchstaben gesetzt; <\/span><span class=\"Translation\"><span class=\"Comment-Words\">poner<\/span><\/span><span class=\"Translation\"><span class=\"Comments\"> \u2014 setzen; stellen; legen<\/span><\/span><span class=\"Translation\">)<\/span><span class=\"Bold\"> en la primera cuartilla de papel <\/span><span class=\"Translation\">(auf das erste Blatt: \u00abauf das erste Viertelpapier\u00bb; <\/span><span class=\"Translation\"><span class=\"Comment-Words\">cuarto<\/span><\/span><span class=\"Translation\"><span class=\"Gender _idGenCharOverride-1\">m <\/span><\/span><span class=\"Translation\"><span class=\"Comments\">\u2014 Viertel<\/span><\/span><span class=\"Translation\">)<\/span><span class=\"Bold\">, y luego he dejado a capricho volar la pluma <\/span><span class=\"Translation\">(und dann habe ich nach Belieben die Feder fliegen lassen; <\/span><span class=\"Translation\"><span class=\"Comment-Words\">dejar<\/span><\/span><span class=\"Translation\"><span class=\"Comments\"> \u2014 lassen; <\/span><\/span><span class=\"Translation\"><span class=\"Comment-Words\">capricho<\/span><\/span><span class=\"Translation\"><span class=\"Gender _idGenCharOverride-1\">m <\/span><\/span><span class=\"Translation\"><span class=\"Comments\">\u2014 Laune<\/span><\/span><span class=\"Translation\">)<\/span><span class=\"Bold\">.<\/span><\/p>\r\n\r\n<\/div>\r\n[audio mp3=\"https:\/\/easyoriginal1.s3.eu-central-1.amazonaws.com\/spanisch\/s1\/1.mp3\"][\/audio]\r\n<div class=\"original-container\">\r\n<p class=\"Original\">Hace mucho tiempo que ten\u00eda ganas de escribir cualquier cosa con este t\u00edtulo.<\/p>\r\n<p class=\"Original\">Hoy, que se me ha presentado ocasi\u00f3n, lo he puesto con letras grandes en la primera cuartilla de papel, y luego he dejado a capricho volar la pluma.<\/p>\r\n\r\n<\/div>\r\n<a class=\"weiter\" href=\"\/webreader\/los-ojos-verdes\/fragment\/1-4-2\/\">weiter lesen<\/a>","_et_gb_content_width":""},"product_brand":[],"product_cat":[288],"product_tag":[164,210,287],"class_list":{"0":"post-17340","1":"product","2":"type-product","3":"status-publish","4":"has-post-thumbnail","6":"product_cat-englisch-lustige-kurzgeschichtenfrank-a1-a2","7":"product_tag-anfaenger","8":"product_tag-kurzgeschichten","9":"product_tag-lustige-kurzgeschichten","11":"first","12":"instock","13":"taxable","14":"shipping-taxable","15":"purchasable","16":"product-type-variable"},"acf":[],"yoast_head":"<!-- This site is optimized with the Yoast SEO plugin v27.3 - https:\/\/yoast.com\/product\/yoast-seo-wordpress\/ -->\n<title>Nine Lives in the Bookshop - Neun Leben in der Buchhandlung - EasyOriginal.com<\/title>\n<meta name=\"robots\" content=\"index, follow, max-snippet:-1, max-image-preview:large, max-video-preview:-1\" \/>\n<link rel=\"canonical\" href=\"https:\/\/easyoriginal.com\/en\/shop\/englisch-lustige-kurzgeschichtenfrank-a1-a2\/nine-lives-in-the-bookshop-neun-leben-in-der-buchhandlung\/\" \/>\n<meta property=\"og:locale\" content=\"en_GB\" \/>\n<meta property=\"og:type\" content=\"article\" \/>\n<meta property=\"og:title\" content=\"Nine Lives in the Bookshop - Neun Leben in der Buchhandlung - EasyOriginal.com\" \/>\n<meta property=\"og:description\" content=\"Siebenunddrei\u00dfig Liebesbriefe, versteckt zwischen vergilbten Seiten \u2014 und der Mann, f\u00fcr den sie bestimmt waren, wei\u00df nichts davon. Alcott&#039;s Secondhand Books riecht nach altem Papier und frischem Brot von nebenan. Edward, der Besitzer, hat den Laden seit drei Jahren nicht verlassen. Sein Kater Dickens sitzt auf genau dem Buch, das jemand kaufen will. Neun Menschen stolpern durch diese T\u00fcr. Jeder tr\u00e4gt etwas, das er fast verloren h\u00e4tte \u2014 den Mut zu schreiben, die Stimme zum Vorlesen, den Weg nach drau\u00dfen. Manche Orte reparieren, was man selbst nicht reparieren kann.\" \/>\n<meta property=\"og:url\" content=\"https:\/\/easyoriginal.com\/en\/shop\/englisch-lustige-kurzgeschichtenfrank-a1-a2\/nine-lives-in-the-bookshop-neun-leben-in-der-buchhandlung\/\" \/>\n<meta property=\"og:site_name\" content=\"EasyOriginal.com\" \/>\n<meta property=\"article:modified_time\" content=\"2026-04-04T19:22:22+00:00\" \/>\n<meta property=\"og:image\" content=\"https:\/\/easyoriginal.com\/wp-content\/uploads\/Nine_Lives_in_the_Bookshop_printcover.jpg\" \/>\n\t<meta property=\"og:image:width\" content=\"1600\" \/>\n\t<meta property=\"og:image:height\" content=\"2400\" \/>\n\t<meta property=\"og:image:type\" content=\"image\/jpeg\" \/>\n<meta name=\"twitter:card\" content=\"summary_large_image\" \/>\n<meta name=\"twitter:label1\" content=\"Estimated reading time\" \/>\n\t<meta name=\"twitter:data1\" content=\"2 minutes\" \/>\n<script type=\"application\/ld+json\" class=\"yoast-schema-graph\">{\"@context\":\"https:\\\/\\\/schema.org\",\"@graph\":[{\"@type\":\"WebPage\",\"@id\":\"https:\\\/\\\/easyoriginal.com\\\/shop\\\/englisch-lustige-kurzgeschichtenfrank-a1-a2\\\/nine-lives-in-the-bookshop-neun-leben-in-der-buchhandlung\\\/\",\"url\":\"https:\\\/\\\/easyoriginal.com\\\/shop\\\/englisch-lustige-kurzgeschichtenfrank-a1-a2\\\/nine-lives-in-the-bookshop-neun-leben-in-der-buchhandlung\\\/\",\"name\":\"Nine Lives in the Bookshop - Neun Leben in der Buchhandlung - EasyOriginal.com\",\"isPartOf\":{\"@id\":\"https:\\\/\\\/easyoriginal.com\\\/#website\"},\"primaryImageOfPage\":{\"@id\":\"https:\\\/\\\/easyoriginal.com\\\/shop\\\/englisch-lustige-kurzgeschichtenfrank-a1-a2\\\/nine-lives-in-the-bookshop-neun-leben-in-der-buchhandlung\\\/#primaryimage\"},\"image\":{\"@id\":\"https:\\\/\\\/easyoriginal.com\\\/shop\\\/englisch-lustige-kurzgeschichtenfrank-a1-a2\\\/nine-lives-in-the-bookshop-neun-leben-in-der-buchhandlung\\\/#primaryimage\"},\"thumbnailUrl\":\"https:\\\/\\\/easyoriginal.com\\\/wp-content\\\/uploads\\\/Nine_Lives_in_the_Bookshop_printcover.jpg\",\"datePublished\":\"2026-04-04T19:15:48+00:00\",\"dateModified\":\"2026-04-04T19:22:22+00:00\",\"breadcrumb\":{\"@id\":\"https:\\\/\\\/easyoriginal.com\\\/shop\\\/englisch-lustige-kurzgeschichtenfrank-a1-a2\\\/nine-lives-in-the-bookshop-neun-leben-in-der-buchhandlung\\\/#breadcrumb\"},\"inLanguage\":\"en-GB\",\"potentialAction\":[{\"@type\":\"ReadAction\",\"target\":[\"https:\\\/\\\/easyoriginal.com\\\/shop\\\/englisch-lustige-kurzgeschichtenfrank-a1-a2\\\/nine-lives-in-the-bookshop-neun-leben-in-der-buchhandlung\\\/\"]}]},{\"@type\":\"ImageObject\",\"inLanguage\":\"en-GB\",\"@id\":\"https:\\\/\\\/easyoriginal.com\\\/shop\\\/englisch-lustige-kurzgeschichtenfrank-a1-a2\\\/nine-lives-in-the-bookshop-neun-leben-in-der-buchhandlung\\\/#primaryimage\",\"url\":\"https:\\\/\\\/easyoriginal.com\\\/wp-content\\\/uploads\\\/Nine_Lives_in_the_Bookshop_printcover.jpg\",\"contentUrl\":\"https:\\\/\\\/easyoriginal.com\\\/wp-content\\\/uploads\\\/Nine_Lives_in_the_Bookshop_printcover.jpg\",\"width\":1600,\"height\":2400},{\"@type\":\"BreadcrumbList\",\"@id\":\"https:\\\/\\\/easyoriginal.com\\\/shop\\\/englisch-lustige-kurzgeschichtenfrank-a1-a2\\\/nine-lives-in-the-bookshop-neun-leben-in-der-buchhandlung\\\/#breadcrumb\",\"itemListElement\":[{\"@type\":\"ListItem\",\"position\":1,\"name\":\"Startseite\",\"item\":\"https:\\\/\\\/easyoriginal.com\\\/\"},{\"@type\":\"ListItem\",\"position\":2,\"name\":\"Shop\",\"item\":\"https:\\\/\\\/easyoriginal.com\\\/shop\\\/\"},{\"@type\":\"ListItem\",\"position\":3,\"name\":\"Nine Lives in the Bookshop &#8211; Neun Leben in der Buchhandlung\"}]},{\"@type\":\"WebSite\",\"@id\":\"https:\\\/\\\/easyoriginal.com\\\/#website\",\"url\":\"https:\\\/\\\/easyoriginal.com\\\/\",\"name\":\"EasyOriginal.com\",\"description\":\"Spa\u00df am Lesen im Original - Innovative Lesemethode f\u00fcr Fremdsprachen\",\"publisher\":{\"@id\":\"https:\\\/\\\/easyoriginal.com\\\/#organization\"},\"potentialAction\":[{\"@type\":\"SearchAction\",\"target\":{\"@type\":\"EntryPoint\",\"urlTemplate\":\"https:\\\/\\\/easyoriginal.com\\\/?s={search_term_string}\"},\"query-input\":{\"@type\":\"PropertyValueSpecification\",\"valueRequired\":true,\"valueName\":\"search_term_string\"}}],\"inLanguage\":\"en-GB\"},{\"@type\":\"Organization\",\"@id\":\"https:\\\/\\\/easyoriginal.com\\\/#organization\",\"name\":\"EasyOriginal Verlag\",\"url\":\"https:\\\/\\\/easyoriginal.com\\\/\",\"logo\":{\"@type\":\"ImageObject\",\"inLanguage\":\"en-GB\",\"@id\":\"https:\\\/\\\/easyoriginal.com\\\/#\\\/schema\\\/logo\\\/image\\\/\",\"url\":\"https:\\\/\\\/easyoriginal.com\\\/wp-content\\\/uploads\\\/2020\\\/08\\\/logo_main.png\",\"contentUrl\":\"https:\\\/\\\/easyoriginal.com\\\/wp-content\\\/uploads\\\/2020\\\/08\\\/logo_main.png\",\"width\":500,\"height\":103,\"caption\":\"EasyOriginal Verlag\"},\"image\":{\"@id\":\"https:\\\/\\\/easyoriginal.com\\\/#\\\/schema\\\/logo\\\/image\\\/\"}}]}<\/script>\n<!-- \/ Yoast SEO plugin. -->","yoast_head_json":{"title":"Nine Lives in the Bookshop - Neun Leben in der Buchhandlung - EasyOriginal.com","robots":{"index":"index","follow":"follow","max-snippet":"max-snippet:-1","max-image-preview":"max-image-preview:large","max-video-preview":"max-video-preview:-1"},"canonical":"https:\/\/easyoriginal.com\/en\/shop\/englisch-lustige-kurzgeschichtenfrank-a1-a2\/nine-lives-in-the-bookshop-neun-leben-in-der-buchhandlung\/","og_locale":"en_GB","og_type":"article","og_title":"Nine Lives in the Bookshop - Neun Leben in der Buchhandlung - EasyOriginal.com","og_description":"Siebenunddrei\u00dfig Liebesbriefe, versteckt zwischen vergilbten Seiten \u2014 und der Mann, f\u00fcr den sie bestimmt waren, wei\u00df nichts davon. Alcott's Secondhand Books riecht nach altem Papier und frischem Brot von nebenan. Edward, der Besitzer, hat den Laden seit drei Jahren nicht verlassen. Sein Kater Dickens sitzt auf genau dem Buch, das jemand kaufen will. Neun Menschen stolpern durch diese T\u00fcr. Jeder tr\u00e4gt etwas, das er fast verloren h\u00e4tte \u2014 den Mut zu schreiben, die Stimme zum Vorlesen, den Weg nach drau\u00dfen. Manche Orte reparieren, was man selbst nicht reparieren kann.","og_url":"https:\/\/easyoriginal.com\/en\/shop\/englisch-lustige-kurzgeschichtenfrank-a1-a2\/nine-lives-in-the-bookshop-neun-leben-in-der-buchhandlung\/","og_site_name":"EasyOriginal.com","article_modified_time":"2026-04-04T19:22:22+00:00","og_image":[{"width":1600,"height":2400,"url":"https:\/\/easyoriginal.com\/wp-content\/uploads\/Nine_Lives_in_the_Bookshop_printcover.jpg","type":"image\/jpeg"}],"twitter_card":"summary_large_image","twitter_misc":{"Estimated reading time":"2 minutes"},"schema":{"@context":"https:\/\/schema.org","@graph":[{"@type":"WebPage","@id":"https:\/\/easyoriginal.com\/shop\/englisch-lustige-kurzgeschichtenfrank-a1-a2\/nine-lives-in-the-bookshop-neun-leben-in-der-buchhandlung\/","url":"https:\/\/easyoriginal.com\/shop\/englisch-lustige-kurzgeschichtenfrank-a1-a2\/nine-lives-in-the-bookshop-neun-leben-in-der-buchhandlung\/","name":"Nine Lives in the Bookshop - Neun Leben in der Buchhandlung - EasyOriginal.com","isPartOf":{"@id":"https:\/\/easyoriginal.com\/#website"},"primaryImageOfPage":{"@id":"https:\/\/easyoriginal.com\/shop\/englisch-lustige-kurzgeschichtenfrank-a1-a2\/nine-lives-in-the-bookshop-neun-leben-in-der-buchhandlung\/#primaryimage"},"image":{"@id":"https:\/\/easyoriginal.com\/shop\/englisch-lustige-kurzgeschichtenfrank-a1-a2\/nine-lives-in-the-bookshop-neun-leben-in-der-buchhandlung\/#primaryimage"},"thumbnailUrl":"https:\/\/easyoriginal.com\/wp-content\/uploads\/Nine_Lives_in_the_Bookshop_printcover.jpg","datePublished":"2026-04-04T19:15:48+00:00","dateModified":"2026-04-04T19:22:22+00:00","breadcrumb":{"@id":"https:\/\/easyoriginal.com\/shop\/englisch-lustige-kurzgeschichtenfrank-a1-a2\/nine-lives-in-the-bookshop-neun-leben-in-der-buchhandlung\/#breadcrumb"},"inLanguage":"en-GB","potentialAction":[{"@type":"ReadAction","target":["https:\/\/easyoriginal.com\/shop\/englisch-lustige-kurzgeschichtenfrank-a1-a2\/nine-lives-in-the-bookshop-neun-leben-in-der-buchhandlung\/"]}]},{"@type":"ImageObject","inLanguage":"en-GB","@id":"https:\/\/easyoriginal.com\/shop\/englisch-lustige-kurzgeschichtenfrank-a1-a2\/nine-lives-in-the-bookshop-neun-leben-in-der-buchhandlung\/#primaryimage","url":"https:\/\/easyoriginal.com\/wp-content\/uploads\/Nine_Lives_in_the_Bookshop_printcover.jpg","contentUrl":"https:\/\/easyoriginal.com\/wp-content\/uploads\/Nine_Lives_in_the_Bookshop_printcover.jpg","width":1600,"height":2400},{"@type":"BreadcrumbList","@id":"https:\/\/easyoriginal.com\/shop\/englisch-lustige-kurzgeschichtenfrank-a1-a2\/nine-lives-in-the-bookshop-neun-leben-in-der-buchhandlung\/#breadcrumb","itemListElement":[{"@type":"ListItem","position":1,"name":"Startseite","item":"https:\/\/easyoriginal.com\/"},{"@type":"ListItem","position":2,"name":"Shop","item":"https:\/\/easyoriginal.com\/shop\/"},{"@type":"ListItem","position":3,"name":"Nine Lives in the Bookshop &#8211; Neun Leben in der Buchhandlung"}]},{"@type":"WebSite","@id":"https:\/\/easyoriginal.com\/#website","url":"https:\/\/easyoriginal.com\/","name":"EasyOriginal.com","description":"Spa\u00df am Lesen im Original - Innovative Lesemethode f\u00fcr Fremdsprachen","publisher":{"@id":"https:\/\/easyoriginal.com\/#organization"},"potentialAction":[{"@type":"SearchAction","target":{"@type":"EntryPoint","urlTemplate":"https:\/\/easyoriginal.com\/?s={search_term_string}"},"query-input":{"@type":"PropertyValueSpecification","valueRequired":true,"valueName":"search_term_string"}}],"inLanguage":"en-GB"},{"@type":"Organization","@id":"https:\/\/easyoriginal.com\/#organization","name":"EasyOriginal Verlag","url":"https:\/\/easyoriginal.com\/","logo":{"@type":"ImageObject","inLanguage":"en-GB","@id":"https:\/\/easyoriginal.com\/#\/schema\/logo\/image\/","url":"https:\/\/easyoriginal.com\/wp-content\/uploads\/2020\/08\/logo_main.png","contentUrl":"https:\/\/easyoriginal.com\/wp-content\/uploads\/2020\/08\/logo_main.png","width":500,"height":103,"caption":"EasyOriginal Verlag"},"image":{"@id":"https:\/\/easyoriginal.com\/#\/schema\/logo\/image\/"}}]}},"_links":{"self":[{"href":"https:\/\/easyoriginal.com\/en\/wp-json\/wp\/v2\/product\/17340","targetHints":{"allow":["GET"]}}],"collection":[{"href":"https:\/\/easyoriginal.com\/en\/wp-json\/wp\/v2\/product"}],"about":[{"href":"https:\/\/easyoriginal.com\/en\/wp-json\/wp\/v2\/types\/product"}],"replies":[{"embeddable":true,"href":"https:\/\/easyoriginal.com\/en\/wp-json\/wp\/v2\/comments?post=17340"}],"wp:featuredmedia":[{"embeddable":true,"href":"https:\/\/easyoriginal.com\/en\/wp-json\/wp\/v2\/media\/17345"}],"wp:attachment":[{"href":"https:\/\/easyoriginal.com\/en\/wp-json\/wp\/v2\/media?parent=17340"}],"wp:term":[{"taxonomy":"product_brand","embeddable":true,"href":"https:\/\/easyoriginal.com\/en\/wp-json\/wp\/v2\/product_brand?post=17340"},{"taxonomy":"product_cat","embeddable":true,"href":"https:\/\/easyoriginal.com\/en\/wp-json\/wp\/v2\/product_cat?post=17340"},{"taxonomy":"product_tag","embeddable":true,"href":"https:\/\/easyoriginal.com\/en\/wp-json\/wp\/v2\/product_tag?post=17340"}],"curies":[{"name":"wp","href":"https:\/\/api.w.org\/{rel}","templated":true}]}}