{"id":17314,"date":"2026-04-02T15:45:49","date_gmt":"2026-04-02T13:45:49","guid":{"rendered":"https:\/\/easyoriginal.com\/?post_type=product&#038;p=17314"},"modified":"2026-04-05T11:46:47","modified_gmt":"2026-04-05T09:46:47","slug":"la-guerra-del-gelato-der-krieg-um-das-eis","status":"publish","type":"product","link":"https:\/\/easyoriginal.com\/en\/shop\/italienisch-lustige-kurzgeschichtenfrank-a1-a2\/la-guerra-del-gelato-der-krieg-um-das-eis\/","title":{"rendered":"La Guerra del Gelato \u2014 Der Krieg um das Eis"},"content":{"rendered":"<div class=\"adapted-container\">\n<p class=\"Adapted\">Due Gelaterie, Una Piazza <span class=\"Translation\">(zwei Eisdielen, ein Plat<\/span><span class=\"Translation\"><span class=\"No-Break\">z;<\/span><\/span><span class=\"Translation\"><span class=\"Comments\"> <\/span><\/span><span class=\"Translation\"><span class=\"Comment-Words\">gelateria<\/span><\/span><span class=\"Translation\"><span class=\"Sub _idGenCharOverride-1\">f<\/span><\/span><span class=\"Translation\"><span class=\"No-Break\"><span class=\"Comments\"> \u2014<\/span><\/span><\/span><span class=\"Translation\"><span class=\"Comments\"> Eisdiel<\/span><\/span><span class=\"Translation\"><span class=\"No-Break\"><span class=\"Comments\">e;<\/span><\/span><\/span><span class=\"Translation\"><span class=\"Comments\"> <\/span><\/span><span class=\"Translation\"><span class=\"Comment-Words\">gelato<\/span><\/span><span class=\"Translation\"><span class=\"Sub _idGenCharOverride-1\">m<\/span><\/span><span class=\"Translation\"><span class=\"No-Break\"><span class=\"Comments\"> \u2014<\/span><\/span><\/span><span class=\"Translation\"><span class=\"Comments\"> Eis<\/span><\/span><span class=\"Translation\">)<\/span><\/p>\n<p class=\"Adapted\">Nella piccola citt\u00e0 di Monterosso, in Sicilia <span class=\"Translation\">(in der kleinen Stadt Monterosso, in Sizilien)<\/span>, c&apos;\u00e8 una piazza molto bella <span class=\"Translation\">(gibt es einen sehr sch\u00f6nen Platz)<\/span>. Ha una fontana al centro <span class=\"Translation\">(er hat einen Brunnen in der Mitte)<\/span>, alberi di arancio ai lati <span class=\"Translation\">(Orangenb\u00e4ume an den Seiten)<\/span> e panchine dove i vecchi del paese giocano a carte ogni pomeriggio <span class=\"Translation\">(und B\u00e4nke, wo die Alten des Ortes jeden Nachmittag Karten spiele<\/span><span class=\"Translation\"><span class=\"No-Break\">n;<\/span><\/span><span class=\"Translation\"><span class=\"Comments\"> <\/span><\/span><span class=\"Translation\"><span class=\"Comment-Words\">paese<\/span><\/span><span class=\"Translation\"><span class=\"Sub _idGenCharOverride-1\">m<\/span><\/span><span class=\"Translation\"><span class=\"No-Break\"><span class=\"Comments\"> \u2014<\/span><\/span><\/span><span class=\"Translation\"><span class=\"Comments\"> Dorf, Ort, Land<\/span><\/span><span class=\"Translation\">)<\/span>. Ma la cosa pi\u00f9 importante della piazza sono le due gelaterie <span class=\"Translation\">(aber das Wichtigste des Platzes sind die zwei Eisdielen)<\/span>.<\/p>\n<\/div>\n<audio class=\"wp-audio-shortcode\" id=\"audio-17314-1\" preload=\"none\" style=\"width: 100%;\" controls=\"controls\"><source type=\"audio\/mpeg\" src=\"https:\/\/easyoriginal1.s3.eu-central-1.amazonaws.com\/italienisch\/i20\/001.mp3?_=1\" \/><a href=\"https:\/\/easyoriginal1.s3.eu-central-1.amazonaws.com\/italienisch\/i20\/001.mp3\">https:\/\/easyoriginal1.s3.eu-central-1.amazonaws.com\/italienisch\/i20\/001.mp3<\/a><\/audio>\n<div class=\"original-container\">\n<p class=\"Original\" lang=\"it-IT\">Due Gelaterie, Una Piazza<\/p>\n<p class=\"Original\" lang=\"it-IT\">Nella piccola citt\u00e0 di Monterosso, in Sicilia, c\u2019\u00e8 una piazza molto bella. Ha una fontana al centro, alberi di arancio ai lati e panchine dove i vecchi del paese giocano a carte ogni pomeriggio. Ma la cosa pi\u00f9 importante della piazza sono le due gelaterie.<\/p>\n<\/div>","protected":false},"excerpt":{"rendered":"<p>Zwei Eisdielen. Ein Platz. Null Kompromisse.<br \/>\nIn dem kleinen sizilianischen St\u00e4dtchen Monterosso stehen sich Marco und Elena unvers\u00f6hnlich gegen\u00fcber \u2014 buchst\u00e4blich. Seine Eisdiele Il Paradiso del Gelato bewahrt seit drei Generationen die Tradition. Ihre La Dolce Vita setzt auf k\u00fchne Kreationen, die Instagram im Sturm erobern. Zwischen den beiden herrscht eisiges Schweigen, und der Kampf um die Gunst der Kunden wird mit immer absurderen Mitteln gef\u00fchrt: leuchtende Riesenschilder, immer verr\u00fccktere Eissorten und Anschuldigungen, die den Dorfpolizisten zur Verzweiflung treiben.<br \/>\nDoch als ein m\u00e4chtiger Konkurrent auftaucht, der beiden den Garaus machen will, m\u00fcssen Marco und Elena eine unm\u00f6gliche Entscheidung treffen: Weiterk\u00e4mpfen \u2014 oder sich zusammentun?<br \/>\nLa Guerra del Gelato erz\u00e4hlt in zehn mitrei\u00dfenden Kurzgeschichten vom Stolz und der Sturheit zweier leidenschaftlicher Menschen, von der Magie des echten Handwerks und davon, dass die besten Rezepte manchmal aus den unerwartetsten Zutaten entstehen. Humorvoll, warmherzig und so unwiderstehlich wie ein Pistazieneis an einem hei\u00dfen Sommertag in Sizilien.<br \/>\nIdeal f\u00fcr alle, die Italienisch lernen \u2014 und f\u00fcr jeden, der an die Kraft einer guten Geschichte glaubt.<\/p>","protected":false},"featured_media":17321,"comment_status":"open","ping_status":"closed","template":"","meta":{"_acf_changed":false,"_et_pb_use_builder":"off","_et_pb_old_content":"<div class=\"adapted-container\">\r\n<p class=\"Adapted\"><span class=\"Bold\">Hace mucho tiempo que ten\u00eda ganas de escribir <\/span><span class=\"Translation\">(seit langer Zeit hatte ich Lust zu schreiben; <\/span><span class=\"Translation\"><span class=\"Comment-Words\">tener<\/span><\/span><span class=\"Translation\"><span class=\"Comments\"> \u2014 haben<\/span><\/span><span class=\"Translation\">)<\/span><span class=\"Bold\"> cualquier cosa con este t\u00edtulo <\/span><span class=\"Translation\">(irgendetwas mit diesem Titel)<\/span><span class=\"Bold\">.<\/span><\/p>\r\n<p class=\"Adapted\"><span class=\"Bold\">Hoy<a id=\"_idTextAnchor001\"><\/a>, que se me ha presentado ocasi\u00f3n <\/span><span class=\"Translation\">(heute, wo sich mir \/eine\/ Gelegenheit geboten hat; <\/span><span class=\"Translation\"><span class=\"Comment-Words\">presentar<\/span><\/span><span class=\"Translation\"><span class=\"Comments\"> \u2014 zeigen; vorstellen<\/span><\/span><span class=\"Translation\">)<\/span><span class=\"Bold\">, lo he puesto con letras grandes <\/span><span class=\"Translation\">(das habe ich in gro\u00dfen Buchstaben gesetzt = habe ich es in Gro\u00dfbuchstaben gesetzt; <\/span><span class=\"Translation\"><span class=\"Comment-Words\">poner<\/span><\/span><span class=\"Translation\"><span class=\"Comments\"> \u2014 setzen; stellen; legen<\/span><\/span><span class=\"Translation\">)<\/span><span class=\"Bold\"> en la primera cuartilla de papel <\/span><span class=\"Translation\">(auf das erste Blatt: \u00abauf das erste Viertelpapier\u00bb; <\/span><span class=\"Translation\"><span class=\"Comment-Words\">cuarto<\/span><\/span><span class=\"Translation\"><span class=\"Gender _idGenCharOverride-1\">m <\/span><\/span><span class=\"Translation\"><span class=\"Comments\">\u2014 Viertel<\/span><\/span><span class=\"Translation\">)<\/span><span class=\"Bold\">, y luego he dejado a capricho volar la pluma <\/span><span class=\"Translation\">(und dann habe ich nach Belieben die Feder fliegen lassen; <\/span><span class=\"Translation\"><span class=\"Comment-Words\">dejar<\/span><\/span><span class=\"Translation\"><span class=\"Comments\"> \u2014 lassen; <\/span><\/span><span class=\"Translation\"><span class=\"Comment-Words\">capricho<\/span><\/span><span class=\"Translation\"><span class=\"Gender _idGenCharOverride-1\">m <\/span><\/span><span class=\"Translation\"><span class=\"Comments\">\u2014 Laune<\/span><\/span><span class=\"Translation\">)<\/span><span class=\"Bold\">.<\/span><\/p>\r\n\r\n<\/div>\r\n[audio mp3=\"https:\/\/easyoriginal1.s3.eu-central-1.amazonaws.com\/spanisch\/s1\/1.mp3\"][\/audio]\r\n<div class=\"original-container\">\r\n<p class=\"Original\">Hace mucho tiempo que ten\u00eda ganas de escribir cualquier cosa con este t\u00edtulo.<\/p>\r\n<p class=\"Original\">Hoy, que se me ha presentado ocasi\u00f3n, lo he puesto con letras grandes en la primera cuartilla de papel, y luego he dejado a capricho volar la pluma.<\/p>\r\n\r\n<\/div>\r\n<a class=\"weiter\" href=\"\/webreader\/los-ojos-verdes\/fragment\/1-4-2\/\">weiter lesen<\/a>","_et_gb_content_width":""},"product_brand":[],"product_cat":[286],"product_tag":[164,287],"class_list":{"0":"post-17314","1":"product","2":"type-product","3":"status-publish","4":"has-post-thumbnail","6":"product_cat-italienisch-lustige-kurzgeschichtenfrank-a1-a2","7":"product_tag-anfaenger","8":"product_tag-lustige-kurzgeschichten","10":"first","11":"instock","12":"taxable","13":"shipping-taxable","14":"purchasable","15":"product-type-variable"},"acf":[],"yoast_head":"<!-- This site is optimized with the Yoast SEO plugin v27.4 - https:\/\/yoast.com\/product\/yoast-seo-wordpress\/ -->\n<title>La Guerra del Gelato \u2014 Der Krieg um das Eis - EasyOriginal.com<\/title>\n<meta name=\"robots\" content=\"index, follow, max-snippet:-1, max-image-preview:large, max-video-preview:-1\" \/>\n<link rel=\"canonical\" href=\"https:\/\/easyoriginal.com\/en\/shop\/italienisch-lustige-kurzgeschichtenfrank-a1-a2\/la-guerra-del-gelato-der-krieg-um-das-eis\/\" \/>\n<meta property=\"og:locale\" content=\"en_GB\" \/>\n<meta property=\"og:type\" content=\"article\" \/>\n<meta property=\"og:title\" content=\"La Guerra del Gelato \u2014 Der Krieg um das Eis - EasyOriginal.com\" \/>\n<meta property=\"og:description\" content=\"Zwei Eisdielen. Ein Platz. Null Kompromisse. In dem kleinen sizilianischen St\u00e4dtchen Monterosso stehen sich Marco und Elena unvers\u00f6hnlich gegen\u00fcber \u2014 buchst\u00e4blich. Seine Eisdiele Il Paradiso del Gelato bewahrt seit drei Generationen die Tradition. Ihre La Dolce Vita setzt auf k\u00fchne Kreationen, die Instagram im Sturm erobern. Zwischen den beiden herrscht eisiges Schweigen, und der Kampf um die Gunst der Kunden wird mit immer absurderen Mitteln gef\u00fchrt: leuchtende Riesenschilder, immer verr\u00fccktere Eissorten und Anschuldigungen, die den Dorfpolizisten zur Verzweiflung treiben. Doch als ein m\u00e4chtiger Konkurrent auftaucht, der beiden den Garaus machen will, m\u00fcssen Marco und Elena eine unm\u00f6gliche Entscheidung treffen: Weiterk\u00e4mpfen \u2014 oder sich zusammentun? La Guerra del Gelato erz\u00e4hlt in zehn mitrei\u00dfenden Kurzgeschichten vom Stolz und der Sturheit zweier leidenschaftlicher Menschen, von der Magie des echten Handwerks und davon, dass die besten Rezepte manchmal aus den unerwartetsten Zutaten entstehen. Humorvoll, warmherzig und so unwiderstehlich wie ein Pistazieneis an einem hei\u00dfen Sommertag in Sizilien. Ideal f\u00fcr alle, die Italienisch lernen \u2014 und f\u00fcr jeden, der an die Kraft einer guten Geschichte glaubt.\" \/>\n<meta property=\"og:url\" content=\"https:\/\/easyoriginal.com\/en\/shop\/italienisch-lustige-kurzgeschichtenfrank-a1-a2\/la-guerra-del-gelato-der-krieg-um-das-eis\/\" \/>\n<meta property=\"og:site_name\" content=\"EasyOriginal.com\" \/>\n<meta property=\"article:modified_time\" content=\"2026-04-05T09:46:47+00:00\" \/>\n<meta property=\"og:image\" content=\"https:\/\/easyoriginal.com\/wp-content\/uploads\/La_Guerra_del_Gelato_printcover.jpg\" \/>\n\t<meta property=\"og:image:width\" content=\"1600\" \/>\n\t<meta property=\"og:image:height\" content=\"2400\" \/>\n\t<meta property=\"og:image:type\" content=\"image\/jpeg\" \/>\n<meta name=\"twitter:card\" content=\"summary_large_image\" \/>\n<meta name=\"twitter:label1\" content=\"Estimated reading time\" \/>\n\t<meta name=\"twitter:data1\" content=\"2 minutes\" \/>\n<script type=\"application\/ld+json\" class=\"yoast-schema-graph\">{\"@context\":\"https:\\\/\\\/schema.org\",\"@graph\":[{\"@type\":\"WebPage\",\"@id\":\"https:\\\/\\\/easyoriginal.com\\\/shop\\\/italienisch-lustige-kurzgeschichtenfrank-a1-a2\\\/la-guerra-del-gelato-der-krieg-um-das-eis\\\/\",\"url\":\"https:\\\/\\\/easyoriginal.com\\\/shop\\\/italienisch-lustige-kurzgeschichtenfrank-a1-a2\\\/la-guerra-del-gelato-der-krieg-um-das-eis\\\/\",\"name\":\"La Guerra del Gelato \u2014 Der Krieg um das Eis - EasyOriginal.com\",\"isPartOf\":{\"@id\":\"https:\\\/\\\/easyoriginal.com\\\/#website\"},\"primaryImageOfPage\":{\"@id\":\"https:\\\/\\\/easyoriginal.com\\\/shop\\\/italienisch-lustige-kurzgeschichtenfrank-a1-a2\\\/la-guerra-del-gelato-der-krieg-um-das-eis\\\/#primaryimage\"},\"image\":{\"@id\":\"https:\\\/\\\/easyoriginal.com\\\/shop\\\/italienisch-lustige-kurzgeschichtenfrank-a1-a2\\\/la-guerra-del-gelato-der-krieg-um-das-eis\\\/#primaryimage\"},\"thumbnailUrl\":\"https:\\\/\\\/easyoriginal.com\\\/wp-content\\\/uploads\\\/La_Guerra_del_Gelato_printcover.jpg\",\"datePublished\":\"2026-04-02T13:45:49+00:00\",\"dateModified\":\"2026-04-05T09:46:47+00:00\",\"breadcrumb\":{\"@id\":\"https:\\\/\\\/easyoriginal.com\\\/shop\\\/italienisch-lustige-kurzgeschichtenfrank-a1-a2\\\/la-guerra-del-gelato-der-krieg-um-das-eis\\\/#breadcrumb\"},\"inLanguage\":\"en-GB\",\"potentialAction\":[{\"@type\":\"ReadAction\",\"target\":[\"https:\\\/\\\/easyoriginal.com\\\/shop\\\/italienisch-lustige-kurzgeschichtenfrank-a1-a2\\\/la-guerra-del-gelato-der-krieg-um-das-eis\\\/\"]}]},{\"@type\":\"ImageObject\",\"inLanguage\":\"en-GB\",\"@id\":\"https:\\\/\\\/easyoriginal.com\\\/shop\\\/italienisch-lustige-kurzgeschichtenfrank-a1-a2\\\/la-guerra-del-gelato-der-krieg-um-das-eis\\\/#primaryimage\",\"url\":\"https:\\\/\\\/easyoriginal.com\\\/wp-content\\\/uploads\\\/La_Guerra_del_Gelato_printcover.jpg\",\"contentUrl\":\"https:\\\/\\\/easyoriginal.com\\\/wp-content\\\/uploads\\\/La_Guerra_del_Gelato_printcover.jpg\",\"width\":1600,\"height\":2400},{\"@type\":\"BreadcrumbList\",\"@id\":\"https:\\\/\\\/easyoriginal.com\\\/shop\\\/italienisch-lustige-kurzgeschichtenfrank-a1-a2\\\/la-guerra-del-gelato-der-krieg-um-das-eis\\\/#breadcrumb\",\"itemListElement\":[{\"@type\":\"ListItem\",\"position\":1,\"name\":\"Startseite\",\"item\":\"https:\\\/\\\/easyoriginal.com\\\/\"},{\"@type\":\"ListItem\",\"position\":2,\"name\":\"Shop\",\"item\":\"https:\\\/\\\/easyoriginal.com\\\/shop\\\/\"},{\"@type\":\"ListItem\",\"position\":3,\"name\":\"La Guerra del Gelato \u2014 Der Krieg um das Eis\"}]},{\"@type\":\"WebSite\",\"@id\":\"https:\\\/\\\/easyoriginal.com\\\/#website\",\"url\":\"https:\\\/\\\/easyoriginal.com\\\/\",\"name\":\"EasyOriginal.com\",\"description\":\"Spa\u00df am Lesen im Original - Innovative Lesemethode f\u00fcr Fremdsprachen\",\"publisher\":{\"@id\":\"https:\\\/\\\/easyoriginal.com\\\/#organization\"},\"potentialAction\":[{\"@type\":\"SearchAction\",\"target\":{\"@type\":\"EntryPoint\",\"urlTemplate\":\"https:\\\/\\\/easyoriginal.com\\\/?s={search_term_string}\"},\"query-input\":{\"@type\":\"PropertyValueSpecification\",\"valueRequired\":true,\"valueName\":\"search_term_string\"}}],\"inLanguage\":\"en-GB\"},{\"@type\":\"Organization\",\"@id\":\"https:\\\/\\\/easyoriginal.com\\\/#organization\",\"name\":\"EasyOriginal Verlag\",\"url\":\"https:\\\/\\\/easyoriginal.com\\\/\",\"logo\":{\"@type\":\"ImageObject\",\"inLanguage\":\"en-GB\",\"@id\":\"https:\\\/\\\/easyoriginal.com\\\/#\\\/schema\\\/logo\\\/image\\\/\",\"url\":\"https:\\\/\\\/easyoriginal.com\\\/wp-content\\\/uploads\\\/2020\\\/08\\\/logo_main.png\",\"contentUrl\":\"https:\\\/\\\/easyoriginal.com\\\/wp-content\\\/uploads\\\/2020\\\/08\\\/logo_main.png\",\"width\":500,\"height\":103,\"caption\":\"EasyOriginal Verlag\"},\"image\":{\"@id\":\"https:\\\/\\\/easyoriginal.com\\\/#\\\/schema\\\/logo\\\/image\\\/\"}}]}<\/script>\n<!-- \/ Yoast SEO plugin. -->","yoast_head_json":{"title":"La Guerra del Gelato \u2014 Der Krieg um das Eis - EasyOriginal.com","robots":{"index":"index","follow":"follow","max-snippet":"max-snippet:-1","max-image-preview":"max-image-preview:large","max-video-preview":"max-video-preview:-1"},"canonical":"https:\/\/easyoriginal.com\/en\/shop\/italienisch-lustige-kurzgeschichtenfrank-a1-a2\/la-guerra-del-gelato-der-krieg-um-das-eis\/","og_locale":"en_GB","og_type":"article","og_title":"La Guerra del Gelato \u2014 Der Krieg um das Eis - EasyOriginal.com","og_description":"Zwei Eisdielen. Ein Platz. Null Kompromisse. In dem kleinen sizilianischen St\u00e4dtchen Monterosso stehen sich Marco und Elena unvers\u00f6hnlich gegen\u00fcber \u2014 buchst\u00e4blich. Seine Eisdiele Il Paradiso del Gelato bewahrt seit drei Generationen die Tradition. Ihre La Dolce Vita setzt auf k\u00fchne Kreationen, die Instagram im Sturm erobern. Zwischen den beiden herrscht eisiges Schweigen, und der Kampf um die Gunst der Kunden wird mit immer absurderen Mitteln gef\u00fchrt: leuchtende Riesenschilder, immer verr\u00fccktere Eissorten und Anschuldigungen, die den Dorfpolizisten zur Verzweiflung treiben. Doch als ein m\u00e4chtiger Konkurrent auftaucht, der beiden den Garaus machen will, m\u00fcssen Marco und Elena eine unm\u00f6gliche Entscheidung treffen: Weiterk\u00e4mpfen \u2014 oder sich zusammentun? La Guerra del Gelato erz\u00e4hlt in zehn mitrei\u00dfenden Kurzgeschichten vom Stolz und der Sturheit zweier leidenschaftlicher Menschen, von der Magie des echten Handwerks und davon, dass die besten Rezepte manchmal aus den unerwartetsten Zutaten entstehen. Humorvoll, warmherzig und so unwiderstehlich wie ein Pistazieneis an einem hei\u00dfen Sommertag in Sizilien. Ideal f\u00fcr alle, die Italienisch lernen \u2014 und f\u00fcr jeden, der an die Kraft einer guten Geschichte glaubt.","og_url":"https:\/\/easyoriginal.com\/en\/shop\/italienisch-lustige-kurzgeschichtenfrank-a1-a2\/la-guerra-del-gelato-der-krieg-um-das-eis\/","og_site_name":"EasyOriginal.com","article_modified_time":"2026-04-05T09:46:47+00:00","og_image":[{"width":1600,"height":2400,"url":"https:\/\/easyoriginal.com\/wp-content\/uploads\/La_Guerra_del_Gelato_printcover.jpg","type":"image\/jpeg"}],"twitter_card":"summary_large_image","twitter_misc":{"Estimated reading time":"2 minutes"},"schema":{"@context":"https:\/\/schema.org","@graph":[{"@type":"WebPage","@id":"https:\/\/easyoriginal.com\/shop\/italienisch-lustige-kurzgeschichtenfrank-a1-a2\/la-guerra-del-gelato-der-krieg-um-das-eis\/","url":"https:\/\/easyoriginal.com\/shop\/italienisch-lustige-kurzgeschichtenfrank-a1-a2\/la-guerra-del-gelato-der-krieg-um-das-eis\/","name":"La Guerra del Gelato \u2014 Der Krieg um das Eis - EasyOriginal.com","isPartOf":{"@id":"https:\/\/easyoriginal.com\/#website"},"primaryImageOfPage":{"@id":"https:\/\/easyoriginal.com\/shop\/italienisch-lustige-kurzgeschichtenfrank-a1-a2\/la-guerra-del-gelato-der-krieg-um-das-eis\/#primaryimage"},"image":{"@id":"https:\/\/easyoriginal.com\/shop\/italienisch-lustige-kurzgeschichtenfrank-a1-a2\/la-guerra-del-gelato-der-krieg-um-das-eis\/#primaryimage"},"thumbnailUrl":"https:\/\/easyoriginal.com\/wp-content\/uploads\/La_Guerra_del_Gelato_printcover.jpg","datePublished":"2026-04-02T13:45:49+00:00","dateModified":"2026-04-05T09:46:47+00:00","breadcrumb":{"@id":"https:\/\/easyoriginal.com\/shop\/italienisch-lustige-kurzgeschichtenfrank-a1-a2\/la-guerra-del-gelato-der-krieg-um-das-eis\/#breadcrumb"},"inLanguage":"en-GB","potentialAction":[{"@type":"ReadAction","target":["https:\/\/easyoriginal.com\/shop\/italienisch-lustige-kurzgeschichtenfrank-a1-a2\/la-guerra-del-gelato-der-krieg-um-das-eis\/"]}]},{"@type":"ImageObject","inLanguage":"en-GB","@id":"https:\/\/easyoriginal.com\/shop\/italienisch-lustige-kurzgeschichtenfrank-a1-a2\/la-guerra-del-gelato-der-krieg-um-das-eis\/#primaryimage","url":"https:\/\/easyoriginal.com\/wp-content\/uploads\/La_Guerra_del_Gelato_printcover.jpg","contentUrl":"https:\/\/easyoriginal.com\/wp-content\/uploads\/La_Guerra_del_Gelato_printcover.jpg","width":1600,"height":2400},{"@type":"BreadcrumbList","@id":"https:\/\/easyoriginal.com\/shop\/italienisch-lustige-kurzgeschichtenfrank-a1-a2\/la-guerra-del-gelato-der-krieg-um-das-eis\/#breadcrumb","itemListElement":[{"@type":"ListItem","position":1,"name":"Startseite","item":"https:\/\/easyoriginal.com\/"},{"@type":"ListItem","position":2,"name":"Shop","item":"https:\/\/easyoriginal.com\/shop\/"},{"@type":"ListItem","position":3,"name":"La Guerra del Gelato \u2014 Der Krieg um das Eis"}]},{"@type":"WebSite","@id":"https:\/\/easyoriginal.com\/#website","url":"https:\/\/easyoriginal.com\/","name":"EasyOriginal.com","description":"Spa\u00df am Lesen im Original - Innovative Lesemethode f\u00fcr Fremdsprachen","publisher":{"@id":"https:\/\/easyoriginal.com\/#organization"},"potentialAction":[{"@type":"SearchAction","target":{"@type":"EntryPoint","urlTemplate":"https:\/\/easyoriginal.com\/?s={search_term_string}"},"query-input":{"@type":"PropertyValueSpecification","valueRequired":true,"valueName":"search_term_string"}}],"inLanguage":"en-GB"},{"@type":"Organization","@id":"https:\/\/easyoriginal.com\/#organization","name":"EasyOriginal Verlag","url":"https:\/\/easyoriginal.com\/","logo":{"@type":"ImageObject","inLanguage":"en-GB","@id":"https:\/\/easyoriginal.com\/#\/schema\/logo\/image\/","url":"https:\/\/easyoriginal.com\/wp-content\/uploads\/2020\/08\/logo_main.png","contentUrl":"https:\/\/easyoriginal.com\/wp-content\/uploads\/2020\/08\/logo_main.png","width":500,"height":103,"caption":"EasyOriginal Verlag"},"image":{"@id":"https:\/\/easyoriginal.com\/#\/schema\/logo\/image\/"}}]}},"_links":{"self":[{"href":"https:\/\/easyoriginal.com\/en\/wp-json\/wp\/v2\/product\/17314","targetHints":{"allow":["GET"]}}],"collection":[{"href":"https:\/\/easyoriginal.com\/en\/wp-json\/wp\/v2\/product"}],"about":[{"href":"https:\/\/easyoriginal.com\/en\/wp-json\/wp\/v2\/types\/product"}],"replies":[{"embeddable":true,"href":"https:\/\/easyoriginal.com\/en\/wp-json\/wp\/v2\/comments?post=17314"}],"wp:featuredmedia":[{"embeddable":true,"href":"https:\/\/easyoriginal.com\/en\/wp-json\/wp\/v2\/media\/17321"}],"wp:attachment":[{"href":"https:\/\/easyoriginal.com\/en\/wp-json\/wp\/v2\/media?parent=17314"}],"wp:term":[{"taxonomy":"product_brand","embeddable":true,"href":"https:\/\/easyoriginal.com\/en\/wp-json\/wp\/v2\/product_brand?post=17314"},{"taxonomy":"product_cat","embeddable":true,"href":"https:\/\/easyoriginal.com\/en\/wp-json\/wp\/v2\/product_cat?post=17314"},{"taxonomy":"product_tag","embeddable":true,"href":"https:\/\/easyoriginal.com\/en\/wp-json\/wp\/v2\/product_tag?post=17314"}],"curies":[{"name":"wp","href":"https:\/\/api.w.org\/{rel}","templated":true}]}}