{"id":17234,"date":"2026-03-20T11:16:46","date_gmt":"2026-03-20T10:16:46","guid":{"rendered":"https:\/\/easyoriginal.com\/?post_type=product&#038;p=17234"},"modified":"2026-04-03T19:19:06","modified_gmt":"2026-04-03T17:19:06","slug":"storie-di-maialino-nano-geschichten-vom-mini-schwein","status":"publish","type":"product","link":"https:\/\/easyoriginal.com\/en\/shop\/italienisch-lustige-kurzgeschichtenfrank-a1-a2\/storie-di-maialino-nano-geschichten-vom-mini-schwein\/","title":{"rendered":"Storie di Maialino Nano \u2013 Geschichten vom Mini-Schwein"},"content":{"rendered":"<div class=\"adapted-container\">\n<p class=\"Adapted\">Il nuovo coinquilino <span class=\"Translation CharOverride-1\">(der neue Mitbewohne<\/span><span class=\"Translation\"><span class=\"No-Break CharOverride-1\">r;<\/span><\/span> <span class=\"Translation\"><span class=\"Comment-Words\">coinquilino<\/span><\/span><span class=\"Translation\"><span class=\"Sub _idGenCharOverride-1\">m<\/span><\/span><span class=\"Translation\"><span class=\"No-Break\"><span class=\"Comments\"> \u2014<\/span><\/span><\/span><span class=\"Translation\"><span class=\"Comments\"> Mitbewohne<\/span><\/span><span class=\"Translation\"><span class=\"No-Break\"><span class=\"Comments\">r;<\/span><\/span><\/span> <span class=\"Translation\"><span class=\"Comment-Words\">inquilino<\/span><\/span><span class=\"Translation\"><span class=\"Sub _idGenCharOverride-1\">m<\/span><\/span><span class=\"Translation\"><span class=\"No-Break\"><span class=\"Comments\"> \u2014<\/span><\/span><\/span><span class=\"Translation\"><span class=\"Comments\"> Mieter, Bewohner<\/span><\/span><span class=\"Translation CharOverride-1\">)<\/span><\/p>\n<p class=\"Adapted\">Marco ha trentadue anni <span class=\"Translation CharOverride-1\">(Marco ist zweiunddrei\u00dfig Jahre alt: \u00abhat zweiunddrei\u00dfig Jahre\u00bb)<\/span> e vive da solo in un piccolo appartamento a Bologna <span class=\"Translation CharOverride-1\">(und lebt allein in einer kleinen Wohnung in Bologna)<\/span>. La sua vita \u00e8 tranquilla <span class=\"Translation CharOverride-1\">(sein Leben ist ruhig)<\/span>, forse troppo tranquilla <span class=\"Translation CharOverride-1\">(vielleicht zu ruhig)<\/span>. Ogni sera torna a casa dal lavoro <span class=\"Translation CharOverride-1\">(jeden Abend kommt er von der Arbeit nach Hause)<\/span>, mangia una pizza surgelata <span class=\"Translation CharOverride-1\">(isst eine Tiefk\u00fchlpizz<\/span><span class=\"Translation\"><span class=\"No-Break CharOverride-1\">a;<\/span><\/span> <span class=\"Translation\"><span class=\"Comment-Words\">surgelato<\/span><\/span><span class=\"Translation\"><span class=\"No-Break\"><span class=\"Comments\"> \u2014<\/span><\/span><\/span><span class=\"Translation\"><span class=\"Comments\"> tiefgek\u00fchlt, tiefgefroren<\/span><\/span><span class=\"Translation CharOverride-1\">)<\/span> e guarda la televisione <span class=\"Translation CharOverride-1\">(und sieht fern)<\/span>. I suoi amici dicono sempre <span class=\"Translation CharOverride-1\">(seine Freunde sagen immer)<\/span>: \u00abMarco, hai bisogno di compagnia <span class=\"Translation CharOverride-1\">(Marco, du brauchst Gesellschaf<\/span><span class=\"Translation\"><span class=\"No-Break CharOverride-1\">t;<\/span><\/span> <span class=\"Translation\"><span class=\"Comment-Words\">avere bisogno di<\/span><\/span><span class=\"Translation\"><span class=\"No-Break\"><span class=\"Comments\"> \u2014<\/span><\/span><\/span><span class=\"Translation\"><span class=\"Comments\"> brauchen<\/span><\/span><span class=\"Translation CharOverride-1\">)<\/span>!\u00bb<\/p>\n<\/div>\n<audio class=\"wp-audio-shortcode\" id=\"audio-17234-1\" preload=\"none\" style=\"width: 100%;\" controls=\"controls\"><source type=\"audio\/mpeg\" src=\"https:\/\/easyoriginal1.s3.eu-central-1.amazonaws.com\/italienisch\/i17\/001.mp3?_=1\" \/><a href=\"https:\/\/easyoriginal1.s3.eu-central-1.amazonaws.com\/italienisch\/i17\/001.mp3\">https:\/\/easyoriginal1.s3.eu-central-1.amazonaws.com\/italienisch\/i17\/001.mp3<\/a><\/audio>\n<div class=\"original-container\">\n<p class=\"Original\" lang=\"it-IT\">Il nuovo coinquilino<\/p>\n<p class=\"Original\" lang=\"it-IT\">Marco ha trentadue anni e vive da solo in un piccolo appartamento a Bologna. La sua vita \u00e8 tranquilla, forse troppo tranquilla. Ogni sera torna a casa dal lavoro, mangia una pizza surgelata e guarda la televisione. I suoi amici dicono sempre: \u00abMarco, hai bisogno di compagnia!\u00bb<\/p>\n<\/div>","protected":false},"excerpt":{"rendered":"<p>Zehn kurze Geschichten<br \/>\nWas passiert, wenn ein einsamer Grafiker aus Bologna auf die Idee kommt, sich ein Minischwein anzuschaffen? Pures Chaos. Jede Menge Gel\u00e4chter. Und eine Geschichte, die ans Herz geht.<br \/>\nMarco lebt allein, isst Tiefk\u00fchlpizza und kennt seine Fernbedienung besser als seine Nachbarn. Doch dann kommt Dante \u2013 ein kleines, rosafarbenes Minischwein mit gro\u00dfen dunklen Augen, einem uners\u00e4ttlichen Appetit und einem untr\u00fcglichen Talent, \u00fcberall dort aufzutauchen, wo er nicht sein sollte.<br \/>\nWas als ungew\u00f6hnliche Mitbewohnersituation beginnt, wird schnell zu einem urkomischen Abenteuer quer durch Bologna: Ob beim Tierarzt, auf der Geburtstagsfeier, im B\u00fcro oder beim romantischen Dinner \u2013 Dante stellt Marcos Leben komplett auf den Kopf. Und dabei erobert das freche Schweinchen nicht nur Marcos Herz, sondern auch das einer m\u00fcrrischen Nachbarin, eines einsamen Rentners und Tausender Instagram-Follower.<br \/>\nZehn liebevoll erz\u00e4hlte Kurzgeschichten voller W\u00e4rme, Witz und \u00fcberraschender Wendungen \u2013 geschrieben in klarem, lebendigem Italienisch f\u00fcr Lernende auf dem Niveau A2 bis B1. Alltagsnahe Dialoge, lebendige Szenen und ein n\u00fctzliches Glossar machen das Lesen zum Vergn\u00fcgen, w\u00e4hrend Dante daf\u00fcr sorgt, dass man einfach nicht aufh\u00f6ren kann, weiterzubl\u00e4ttern.<br \/>\nF\u00fcr alle, die Italienisch mit einem L\u00e4cheln lernen wollen \u2013 und f\u00fcr jeden, der schon immer wissen wollte, was passiert, wenn ein Minischwein den K\u00fchlschrank knackt.<\/p>","protected":false},"featured_media":17240,"comment_status":"open","ping_status":"closed","template":"","meta":{"_acf_changed":false,"_et_pb_use_builder":"off","_et_pb_old_content":"<div class=\"adapted-container\">\r\n<p class=\"Adapted\"><span class=\"Bold\">Hace mucho tiempo que ten\u00eda ganas de escribir <\/span><span class=\"Translation\">(seit langer Zeit hatte ich Lust zu schreiben; <\/span><span class=\"Translation\"><span class=\"Comment-Words\">tener<\/span><\/span><span class=\"Translation\"><span class=\"Comments\"> \u2014 haben<\/span><\/span><span class=\"Translation\">)<\/span><span class=\"Bold\"> cualquier cosa con este t\u00edtulo <\/span><span class=\"Translation\">(irgendetwas mit diesem Titel)<\/span><span class=\"Bold\">.<\/span><\/p>\r\n<p class=\"Adapted\"><span class=\"Bold\">Hoy<a id=\"_idTextAnchor001\"><\/a>, que se me ha presentado ocasi\u00f3n <\/span><span class=\"Translation\">(heute, wo sich mir \/eine\/ Gelegenheit geboten hat; <\/span><span class=\"Translation\"><span class=\"Comment-Words\">presentar<\/span><\/span><span class=\"Translation\"><span class=\"Comments\"> \u2014 zeigen; vorstellen<\/span><\/span><span class=\"Translation\">)<\/span><span class=\"Bold\">, lo he puesto con letras grandes <\/span><span class=\"Translation\">(das habe ich in gro\u00dfen Buchstaben gesetzt = habe ich es in Gro\u00dfbuchstaben gesetzt; <\/span><span class=\"Translation\"><span class=\"Comment-Words\">poner<\/span><\/span><span class=\"Translation\"><span class=\"Comments\"> \u2014 setzen; stellen; legen<\/span><\/span><span class=\"Translation\">)<\/span><span class=\"Bold\"> en la primera cuartilla de papel <\/span><span class=\"Translation\">(auf das erste Blatt: \u00abauf das erste Viertelpapier\u00bb; <\/span><span class=\"Translation\"><span class=\"Comment-Words\">cuarto<\/span><\/span><span class=\"Translation\"><span class=\"Gender _idGenCharOverride-1\">m <\/span><\/span><span class=\"Translation\"><span class=\"Comments\">\u2014 Viertel<\/span><\/span><span class=\"Translation\">)<\/span><span class=\"Bold\">, y luego he dejado a capricho volar la pluma <\/span><span class=\"Translation\">(und dann habe ich nach Belieben die Feder fliegen lassen; <\/span><span class=\"Translation\"><span class=\"Comment-Words\">dejar<\/span><\/span><span class=\"Translation\"><span class=\"Comments\"> \u2014 lassen; <\/span><\/span><span class=\"Translation\"><span class=\"Comment-Words\">capricho<\/span><\/span><span class=\"Translation\"><span class=\"Gender _idGenCharOverride-1\">m <\/span><\/span><span class=\"Translation\"><span class=\"Comments\">\u2014 Laune<\/span><\/span><span class=\"Translation\">)<\/span><span class=\"Bold\">.<\/span><\/p>\r\n\r\n<\/div>\r\n[audio mp3=\"https:\/\/easyoriginal1.s3.eu-central-1.amazonaws.com\/spanisch\/s1\/1.mp3\"][\/audio]\r\n<div class=\"original-container\">\r\n<p class=\"Original\">Hace mucho tiempo que ten\u00eda ganas de escribir cualquier cosa con este t\u00edtulo.<\/p>\r\n<p class=\"Original\">Hoy, que se me ha presentado ocasi\u00f3n, lo he puesto con letras grandes en la primera cuartilla de papel, y luego he dejado a capricho volar la pluma.<\/p>\r\n\r\n<\/div>\r\n<a class=\"weiter\" href=\"\/webreader\/los-ojos-verdes\/fragment\/1-4-2\/\">weiter lesen<\/a>","_et_gb_content_width":""},"product_brand":[],"product_cat":[286],"product_tag":[164,287],"class_list":{"0":"post-17234","1":"product","2":"type-product","3":"status-publish","4":"has-post-thumbnail","6":"product_cat-italienisch-lustige-kurzgeschichtenfrank-a1-a2","7":"product_tag-anfaenger","8":"product_tag-lustige-kurzgeschichten","10":"first","11":"instock","12":"taxable","13":"shipping-taxable","14":"purchasable","15":"product-type-variable"},"acf":[],"yoast_head":"<!-- This site is optimized with the Yoast SEO plugin v27.3 - https:\/\/yoast.com\/product\/yoast-seo-wordpress\/ -->\n<title>Storie di Maialino Nano \u2013 Geschichten vom Mini-Schwein - EasyOriginal.com<\/title>\n<meta name=\"robots\" content=\"index, follow, max-snippet:-1, max-image-preview:large, max-video-preview:-1\" \/>\n<link rel=\"canonical\" href=\"https:\/\/easyoriginal.com\/en\/shop\/italienisch-lustige-kurzgeschichtenfrank-a1-a2\/storie-di-maialino-nano-geschichten-vom-mini-schwein\/\" \/>\n<meta property=\"og:locale\" content=\"en_GB\" \/>\n<meta property=\"og:type\" content=\"article\" \/>\n<meta property=\"og:title\" content=\"Storie di Maialino Nano \u2013 Geschichten vom Mini-Schwein - EasyOriginal.com\" \/>\n<meta property=\"og:description\" content=\"Zehn kurze Geschichten Was passiert, wenn ein einsamer Grafiker aus Bologna auf die Idee kommt, sich ein Minischwein anzuschaffen? Pures Chaos. Jede Menge Gel\u00e4chter. Und eine Geschichte, die ans Herz geht. Marco lebt allein, isst Tiefk\u00fchlpizza und kennt seine Fernbedienung besser als seine Nachbarn. Doch dann kommt Dante \u2013 ein kleines, rosafarbenes Minischwein mit gro\u00dfen dunklen Augen, einem uners\u00e4ttlichen Appetit und einem untr\u00fcglichen Talent, \u00fcberall dort aufzutauchen, wo er nicht sein sollte. Was als ungew\u00f6hnliche Mitbewohnersituation beginnt, wird schnell zu einem urkomischen Abenteuer quer durch Bologna: Ob beim Tierarzt, auf der Geburtstagsfeier, im B\u00fcro oder beim romantischen Dinner \u2013 Dante stellt Marcos Leben komplett auf den Kopf. Und dabei erobert das freche Schweinchen nicht nur Marcos Herz, sondern auch das einer m\u00fcrrischen Nachbarin, eines einsamen Rentners und Tausender Instagram-Follower. Zehn liebevoll erz\u00e4hlte Kurzgeschichten voller W\u00e4rme, Witz und \u00fcberraschender Wendungen \u2013 geschrieben in klarem, lebendigem Italienisch f\u00fcr Lernende auf dem Niveau A2 bis B1. Alltagsnahe Dialoge, lebendige Szenen und ein n\u00fctzliches Glossar machen das Lesen zum Vergn\u00fcgen, w\u00e4hrend Dante daf\u00fcr sorgt, dass man einfach nicht aufh\u00f6ren kann, weiterzubl\u00e4ttern. F\u00fcr alle, die Italienisch mit einem L\u00e4cheln lernen wollen \u2013 und f\u00fcr jeden, der schon immer wissen wollte, was passiert, wenn ein Minischwein den K\u00fchlschrank knackt.\" \/>\n<meta property=\"og:url\" content=\"https:\/\/easyoriginal.com\/en\/shop\/italienisch-lustige-kurzgeschichtenfrank-a1-a2\/storie-di-maialino-nano-geschichten-vom-mini-schwein\/\" \/>\n<meta property=\"og:site_name\" content=\"EasyOriginal.com\" \/>\n<meta property=\"article:modified_time\" content=\"2026-04-03T17:19:06+00:00\" \/>\n<meta property=\"og:image\" content=\"https:\/\/easyoriginal.com\/wp-content\/uploads\/Storie_di_maialino_nano_printcover.jpg\" \/>\n\t<meta property=\"og:image:width\" content=\"1600\" \/>\n\t<meta property=\"og:image:height\" content=\"2400\" \/>\n\t<meta property=\"og:image:type\" content=\"image\/jpeg\" \/>\n<meta name=\"twitter:card\" content=\"summary_large_image\" \/>\n<meta name=\"twitter:label1\" content=\"Estimated reading time\" \/>\n\t<meta name=\"twitter:data1\" content=\"2 minutes\" \/>\n<script type=\"application\/ld+json\" class=\"yoast-schema-graph\">{\"@context\":\"https:\\\/\\\/schema.org\",\"@graph\":[{\"@type\":\"WebPage\",\"@id\":\"https:\\\/\\\/easyoriginal.com\\\/shop\\\/italienisch-lustige-kurzgeschichtenfrank-a1-a2\\\/storie-di-maialino-nano-geschichten-vom-mini-schwein\\\/\",\"url\":\"https:\\\/\\\/easyoriginal.com\\\/shop\\\/italienisch-lustige-kurzgeschichtenfrank-a1-a2\\\/storie-di-maialino-nano-geschichten-vom-mini-schwein\\\/\",\"name\":\"Storie di Maialino Nano \u2013 Geschichten vom Mini-Schwein - EasyOriginal.com\",\"isPartOf\":{\"@id\":\"https:\\\/\\\/easyoriginal.com\\\/#website\"},\"primaryImageOfPage\":{\"@id\":\"https:\\\/\\\/easyoriginal.com\\\/shop\\\/italienisch-lustige-kurzgeschichtenfrank-a1-a2\\\/storie-di-maialino-nano-geschichten-vom-mini-schwein\\\/#primaryimage\"},\"image\":{\"@id\":\"https:\\\/\\\/easyoriginal.com\\\/shop\\\/italienisch-lustige-kurzgeschichtenfrank-a1-a2\\\/storie-di-maialino-nano-geschichten-vom-mini-schwein\\\/#primaryimage\"},\"thumbnailUrl\":\"https:\\\/\\\/easyoriginal.com\\\/wp-content\\\/uploads\\\/Storie_di_maialino_nano_printcover.jpg\",\"datePublished\":\"2026-03-20T10:16:46+00:00\",\"dateModified\":\"2026-04-03T17:19:06+00:00\",\"breadcrumb\":{\"@id\":\"https:\\\/\\\/easyoriginal.com\\\/shop\\\/italienisch-lustige-kurzgeschichtenfrank-a1-a2\\\/storie-di-maialino-nano-geschichten-vom-mini-schwein\\\/#breadcrumb\"},\"inLanguage\":\"en-GB\",\"potentialAction\":[{\"@type\":\"ReadAction\",\"target\":[\"https:\\\/\\\/easyoriginal.com\\\/shop\\\/italienisch-lustige-kurzgeschichtenfrank-a1-a2\\\/storie-di-maialino-nano-geschichten-vom-mini-schwein\\\/\"]}]},{\"@type\":\"ImageObject\",\"inLanguage\":\"en-GB\",\"@id\":\"https:\\\/\\\/easyoriginal.com\\\/shop\\\/italienisch-lustige-kurzgeschichtenfrank-a1-a2\\\/storie-di-maialino-nano-geschichten-vom-mini-schwein\\\/#primaryimage\",\"url\":\"https:\\\/\\\/easyoriginal.com\\\/wp-content\\\/uploads\\\/Storie_di_maialino_nano_printcover.jpg\",\"contentUrl\":\"https:\\\/\\\/easyoriginal.com\\\/wp-content\\\/uploads\\\/Storie_di_maialino_nano_printcover.jpg\",\"width\":1600,\"height\":2400},{\"@type\":\"BreadcrumbList\",\"@id\":\"https:\\\/\\\/easyoriginal.com\\\/shop\\\/italienisch-lustige-kurzgeschichtenfrank-a1-a2\\\/storie-di-maialino-nano-geschichten-vom-mini-schwein\\\/#breadcrumb\",\"itemListElement\":[{\"@type\":\"ListItem\",\"position\":1,\"name\":\"Startseite\",\"item\":\"https:\\\/\\\/easyoriginal.com\\\/\"},{\"@type\":\"ListItem\",\"position\":2,\"name\":\"Shop\",\"item\":\"https:\\\/\\\/easyoriginal.com\\\/shop\\\/\"},{\"@type\":\"ListItem\",\"position\":3,\"name\":\"Storie di Maialino Nano \u2013 Geschichten vom Mini-Schwein\"}]},{\"@type\":\"WebSite\",\"@id\":\"https:\\\/\\\/easyoriginal.com\\\/#website\",\"url\":\"https:\\\/\\\/easyoriginal.com\\\/\",\"name\":\"EasyOriginal.com\",\"description\":\"Spa\u00df am Lesen im Original - Innovative Lesemethode f\u00fcr Fremdsprachen\",\"publisher\":{\"@id\":\"https:\\\/\\\/easyoriginal.com\\\/#organization\"},\"potentialAction\":[{\"@type\":\"SearchAction\",\"target\":{\"@type\":\"EntryPoint\",\"urlTemplate\":\"https:\\\/\\\/easyoriginal.com\\\/?s={search_term_string}\"},\"query-input\":{\"@type\":\"PropertyValueSpecification\",\"valueRequired\":true,\"valueName\":\"search_term_string\"}}],\"inLanguage\":\"en-GB\"},{\"@type\":\"Organization\",\"@id\":\"https:\\\/\\\/easyoriginal.com\\\/#organization\",\"name\":\"EasyOriginal Verlag\",\"url\":\"https:\\\/\\\/easyoriginal.com\\\/\",\"logo\":{\"@type\":\"ImageObject\",\"inLanguage\":\"en-GB\",\"@id\":\"https:\\\/\\\/easyoriginal.com\\\/#\\\/schema\\\/logo\\\/image\\\/\",\"url\":\"https:\\\/\\\/easyoriginal.com\\\/wp-content\\\/uploads\\\/2020\\\/08\\\/logo_main.png\",\"contentUrl\":\"https:\\\/\\\/easyoriginal.com\\\/wp-content\\\/uploads\\\/2020\\\/08\\\/logo_main.png\",\"width\":500,\"height\":103,\"caption\":\"EasyOriginal Verlag\"},\"image\":{\"@id\":\"https:\\\/\\\/easyoriginal.com\\\/#\\\/schema\\\/logo\\\/image\\\/\"}}]}<\/script>\n<!-- \/ Yoast SEO plugin. -->","yoast_head_json":{"title":"Storie di Maialino Nano \u2013 Geschichten vom Mini-Schwein - EasyOriginal.com","robots":{"index":"index","follow":"follow","max-snippet":"max-snippet:-1","max-image-preview":"max-image-preview:large","max-video-preview":"max-video-preview:-1"},"canonical":"https:\/\/easyoriginal.com\/en\/shop\/italienisch-lustige-kurzgeschichtenfrank-a1-a2\/storie-di-maialino-nano-geschichten-vom-mini-schwein\/","og_locale":"en_GB","og_type":"article","og_title":"Storie di Maialino Nano \u2013 Geschichten vom Mini-Schwein - EasyOriginal.com","og_description":"Zehn kurze Geschichten Was passiert, wenn ein einsamer Grafiker aus Bologna auf die Idee kommt, sich ein Minischwein anzuschaffen? Pures Chaos. Jede Menge Gel\u00e4chter. Und eine Geschichte, die ans Herz geht. Marco lebt allein, isst Tiefk\u00fchlpizza und kennt seine Fernbedienung besser als seine Nachbarn. Doch dann kommt Dante \u2013 ein kleines, rosafarbenes Minischwein mit gro\u00dfen dunklen Augen, einem uners\u00e4ttlichen Appetit und einem untr\u00fcglichen Talent, \u00fcberall dort aufzutauchen, wo er nicht sein sollte. Was als ungew\u00f6hnliche Mitbewohnersituation beginnt, wird schnell zu einem urkomischen Abenteuer quer durch Bologna: Ob beim Tierarzt, auf der Geburtstagsfeier, im B\u00fcro oder beim romantischen Dinner \u2013 Dante stellt Marcos Leben komplett auf den Kopf. Und dabei erobert das freche Schweinchen nicht nur Marcos Herz, sondern auch das einer m\u00fcrrischen Nachbarin, eines einsamen Rentners und Tausender Instagram-Follower. Zehn liebevoll erz\u00e4hlte Kurzgeschichten voller W\u00e4rme, Witz und \u00fcberraschender Wendungen \u2013 geschrieben in klarem, lebendigem Italienisch f\u00fcr Lernende auf dem Niveau A2 bis B1. Alltagsnahe Dialoge, lebendige Szenen und ein n\u00fctzliches Glossar machen das Lesen zum Vergn\u00fcgen, w\u00e4hrend Dante daf\u00fcr sorgt, dass man einfach nicht aufh\u00f6ren kann, weiterzubl\u00e4ttern. F\u00fcr alle, die Italienisch mit einem L\u00e4cheln lernen wollen \u2013 und f\u00fcr jeden, der schon immer wissen wollte, was passiert, wenn ein Minischwein den K\u00fchlschrank knackt.","og_url":"https:\/\/easyoriginal.com\/en\/shop\/italienisch-lustige-kurzgeschichtenfrank-a1-a2\/storie-di-maialino-nano-geschichten-vom-mini-schwein\/","og_site_name":"EasyOriginal.com","article_modified_time":"2026-04-03T17:19:06+00:00","og_image":[{"width":1600,"height":2400,"url":"https:\/\/easyoriginal.com\/wp-content\/uploads\/Storie_di_maialino_nano_printcover.jpg","type":"image\/jpeg"}],"twitter_card":"summary_large_image","twitter_misc":{"Estimated reading time":"2 minutes"},"schema":{"@context":"https:\/\/schema.org","@graph":[{"@type":"WebPage","@id":"https:\/\/easyoriginal.com\/shop\/italienisch-lustige-kurzgeschichtenfrank-a1-a2\/storie-di-maialino-nano-geschichten-vom-mini-schwein\/","url":"https:\/\/easyoriginal.com\/shop\/italienisch-lustige-kurzgeschichtenfrank-a1-a2\/storie-di-maialino-nano-geschichten-vom-mini-schwein\/","name":"Storie di Maialino Nano \u2013 Geschichten vom Mini-Schwein - EasyOriginal.com","isPartOf":{"@id":"https:\/\/easyoriginal.com\/#website"},"primaryImageOfPage":{"@id":"https:\/\/easyoriginal.com\/shop\/italienisch-lustige-kurzgeschichtenfrank-a1-a2\/storie-di-maialino-nano-geschichten-vom-mini-schwein\/#primaryimage"},"image":{"@id":"https:\/\/easyoriginal.com\/shop\/italienisch-lustige-kurzgeschichtenfrank-a1-a2\/storie-di-maialino-nano-geschichten-vom-mini-schwein\/#primaryimage"},"thumbnailUrl":"https:\/\/easyoriginal.com\/wp-content\/uploads\/Storie_di_maialino_nano_printcover.jpg","datePublished":"2026-03-20T10:16:46+00:00","dateModified":"2026-04-03T17:19:06+00:00","breadcrumb":{"@id":"https:\/\/easyoriginal.com\/shop\/italienisch-lustige-kurzgeschichtenfrank-a1-a2\/storie-di-maialino-nano-geschichten-vom-mini-schwein\/#breadcrumb"},"inLanguage":"en-GB","potentialAction":[{"@type":"ReadAction","target":["https:\/\/easyoriginal.com\/shop\/italienisch-lustige-kurzgeschichtenfrank-a1-a2\/storie-di-maialino-nano-geschichten-vom-mini-schwein\/"]}]},{"@type":"ImageObject","inLanguage":"en-GB","@id":"https:\/\/easyoriginal.com\/shop\/italienisch-lustige-kurzgeschichtenfrank-a1-a2\/storie-di-maialino-nano-geschichten-vom-mini-schwein\/#primaryimage","url":"https:\/\/easyoriginal.com\/wp-content\/uploads\/Storie_di_maialino_nano_printcover.jpg","contentUrl":"https:\/\/easyoriginal.com\/wp-content\/uploads\/Storie_di_maialino_nano_printcover.jpg","width":1600,"height":2400},{"@type":"BreadcrumbList","@id":"https:\/\/easyoriginal.com\/shop\/italienisch-lustige-kurzgeschichtenfrank-a1-a2\/storie-di-maialino-nano-geschichten-vom-mini-schwein\/#breadcrumb","itemListElement":[{"@type":"ListItem","position":1,"name":"Startseite","item":"https:\/\/easyoriginal.com\/"},{"@type":"ListItem","position":2,"name":"Shop","item":"https:\/\/easyoriginal.com\/shop\/"},{"@type":"ListItem","position":3,"name":"Storie di Maialino Nano \u2013 Geschichten vom Mini-Schwein"}]},{"@type":"WebSite","@id":"https:\/\/easyoriginal.com\/#website","url":"https:\/\/easyoriginal.com\/","name":"EasyOriginal.com","description":"Spa\u00df am Lesen im Original - Innovative Lesemethode f\u00fcr Fremdsprachen","publisher":{"@id":"https:\/\/easyoriginal.com\/#organization"},"potentialAction":[{"@type":"SearchAction","target":{"@type":"EntryPoint","urlTemplate":"https:\/\/easyoriginal.com\/?s={search_term_string}"},"query-input":{"@type":"PropertyValueSpecification","valueRequired":true,"valueName":"search_term_string"}}],"inLanguage":"en-GB"},{"@type":"Organization","@id":"https:\/\/easyoriginal.com\/#organization","name":"EasyOriginal Verlag","url":"https:\/\/easyoriginal.com\/","logo":{"@type":"ImageObject","inLanguage":"en-GB","@id":"https:\/\/easyoriginal.com\/#\/schema\/logo\/image\/","url":"https:\/\/easyoriginal.com\/wp-content\/uploads\/2020\/08\/logo_main.png","contentUrl":"https:\/\/easyoriginal.com\/wp-content\/uploads\/2020\/08\/logo_main.png","width":500,"height":103,"caption":"EasyOriginal Verlag"},"image":{"@id":"https:\/\/easyoriginal.com\/#\/schema\/logo\/image\/"}}]}},"_links":{"self":[{"href":"https:\/\/easyoriginal.com\/en\/wp-json\/wp\/v2\/product\/17234","targetHints":{"allow":["GET"]}}],"collection":[{"href":"https:\/\/easyoriginal.com\/en\/wp-json\/wp\/v2\/product"}],"about":[{"href":"https:\/\/easyoriginal.com\/en\/wp-json\/wp\/v2\/types\/product"}],"replies":[{"embeddable":true,"href":"https:\/\/easyoriginal.com\/en\/wp-json\/wp\/v2\/comments?post=17234"}],"wp:featuredmedia":[{"embeddable":true,"href":"https:\/\/easyoriginal.com\/en\/wp-json\/wp\/v2\/media\/17240"}],"wp:attachment":[{"href":"https:\/\/easyoriginal.com\/en\/wp-json\/wp\/v2\/media?parent=17234"}],"wp:term":[{"taxonomy":"product_brand","embeddable":true,"href":"https:\/\/easyoriginal.com\/en\/wp-json\/wp\/v2\/product_brand?post=17234"},{"taxonomy":"product_cat","embeddable":true,"href":"https:\/\/easyoriginal.com\/en\/wp-json\/wp\/v2\/product_cat?post=17234"},{"taxonomy":"product_tag","embeddable":true,"href":"https:\/\/easyoriginal.com\/en\/wp-json\/wp\/v2\/product_tag?post=17234"}],"curies":[{"name":"wp","href":"https:\/\/api.w.org\/{rel}","templated":true}]}}