{"id":17119,"date":"2026-02-19T19:53:26","date_gmt":"2026-02-19T18:53:26","guid":{"rendered":"https:\/\/easyoriginal.com\/?post_type=product&#038;p=17119"},"modified":"2026-03-25T21:39:39","modified_gmt":"2026-03-25T20:39:39","slug":"the-vanishing-vegetables-das-verschwinden-der-gemuese","status":"publish","type":"product","link":"https:\/\/easyoriginal.com\/en\/shop\/modern-englisch-frank-a1-a2\/the-vanishing-vegetables-das-verschwinden-der-gemuese\/","title":{"rendered":"The Vanishing Vegetables \u2014  Das Verschwinden der Gem\u00fcse"},"content":{"rendered":"<div class=\"adapted-container\">\n<p class=\"Adapted\" lang=\"de-DE\">Morning on the Farm <span class=\"Translation\">(Morgen auf dem Bauernhof)<\/span><\/p>\n<p class=\"Adapted\" lang=\"de-DE\">The spring sun was rising over the green hills of Wales <span class=\"Translation\">(die Fr\u00fchlingssonne ging \u00fcber den gr\u00fcnen H\u00fcgeln von Wales auf)<\/span>. Golden light touched the fields and stone walls of Grange Farm <span class=\"Translation\">(goldenes Licht ber\u00fchrte die Felder und Steinmauern von Grange Far<\/span><span class=\"Translation\"><span class=\"No-Break\">m;<\/span><\/span><span class=\"Translation\"><span class=\"Comments\"> <\/span><\/span><span class=\"Translation\"><span class=\"Comment-Words\">grange<\/span><\/span><span class=\"Translation\"><span class=\"No-Break\"><span class=\"Comments\"> \u2014<\/span><\/span><\/span><span class=\"Translation\"><span class=\"Comments\"> Gutshof, Landgut<\/span><\/span><span class=\"Translation\">)<\/span>. In the vegetable garden <span class=\"Translation\">(im Gem\u00fcsegarten)<\/span>, rows of young plants stretched across the dark soil <span class=\"Translation\">(streckten sich Reihen junger Pflanzen \u00fcber den dunklen Boden)<\/span>\u2014lettuce, carrots, peas, and potatoes <span class=\"Translation\">(Salat, Karotten, Erbsen und Kartoffeln)<\/span>.<\/p>\n<\/div>\n<audio class=\"wp-audio-shortcode\" id=\"audio-17119-1\" preload=\"none\" style=\"width: 100%;\" controls=\"controls\"><source type=\"audio\/mpeg\" src=\"https:\/\/easyoriginal1.s3.eu-central-1.amazonaws.com\/englisch\/e92\/001.mp3?_=1\" \/><a href=\"https:\/\/easyoriginal1.s3.eu-central-1.amazonaws.com\/englisch\/e92\/001.mp3\">https:\/\/easyoriginal1.s3.eu-central-1.amazonaws.com\/englisch\/e92\/001.mp3<\/a><\/audio>\n<div class=\"original-container\">\n<p class=\"Original\">Morning on the Farm <\/p>\n<p class=\"Original\">The spring sun was rising over the green hills of Wales. Golden light touched the fields and stone walls of Grange Farm. In the vegetable garden, rows of young plants stretched across the dark soil\u2014lettuce, carrots, peas, and potatoes.<\/p>\n<\/div>","protected":false},"excerpt":{"rendered":"<p>Grange Farm steht kurz vor der gro\u00dfen Marktsaison \u2013 doch \u00fcber Nacht verschwinden ganze Reihen junger Gem\u00fcsepflanzen. Spurlos. Keine Spuren im Boden, keine Einbr\u00fcche, keine Fra\u00dfreste. F\u00fcr Bethan Lloyd beginnt ein neues R\u00e4tsel \u2013 und die L\u00f6sung liegt tiefer, als irgendjemand ahnt.<br \/>\nWas steckt hinter dem unsichtbaren Pfad durch die Beete? Warum scheinen verschiedene Tiere wie im geheimen Zusammenspiel zu agieren? Und was hat das alles mit fr\u00fcheren R\u00e4tseln auf dem Hof zu tun?<br \/>\nThe Vanishing Vegetables ist ein cleveres, warmherziges Farm-Mystery \u00fcber \u00f6kologische Zusammenh\u00e4nge, den Wert des genauen Beobachtens \u2013 und die Kraft, die entsteht, wenn man im Einklang mit der Natur arbeitet.<br \/>\nPerfekt f\u00fcr junge Leser*innen, die Natur lieben, gerne mitdenken \u2013 und sich f\u00fcr tierische Sp\u00fcrnasen begeistern.<br \/>\nZweisprachiges Buch Englisch-Deutsch.<\/p>","protected":false},"featured_media":17126,"comment_status":"open","ping_status":"closed","template":"","meta":{"_acf_changed":false,"_et_pb_use_builder":"off","_et_pb_old_content":"<div class=\"adapted-container\">\r\n<p class=\"Adapted\"><span class=\"Bold\">Hace mucho tiempo que ten\u00eda ganas de escribir <\/span><span class=\"Translation\">(seit langer Zeit hatte ich Lust zu schreiben; <\/span><span class=\"Translation\"><span class=\"Comment-Words\">tener<\/span><\/span><span class=\"Translation\"><span class=\"Comments\"> \u2014 haben<\/span><\/span><span class=\"Translation\">)<\/span><span class=\"Bold\"> cualquier cosa con este t\u00edtulo <\/span><span class=\"Translation\">(irgendetwas mit diesem Titel)<\/span><span class=\"Bold\">.<\/span><\/p>\r\n<p class=\"Adapted\"><span class=\"Bold\">Hoy<a id=\"_idTextAnchor001\"><\/a>, que se me ha presentado ocasi\u00f3n <\/span><span class=\"Translation\">(heute, wo sich mir \/eine\/ Gelegenheit geboten hat; <\/span><span class=\"Translation\"><span class=\"Comment-Words\">presentar<\/span><\/span><span class=\"Translation\"><span class=\"Comments\"> \u2014 zeigen; vorstellen<\/span><\/span><span class=\"Translation\">)<\/span><span class=\"Bold\">, lo he puesto con letras grandes <\/span><span class=\"Translation\">(das habe ich in gro\u00dfen Buchstaben gesetzt = habe ich es in Gro\u00dfbuchstaben gesetzt; <\/span><span class=\"Translation\"><span class=\"Comment-Words\">poner<\/span><\/span><span class=\"Translation\"><span class=\"Comments\"> \u2014 setzen; stellen; legen<\/span><\/span><span class=\"Translation\">)<\/span><span class=\"Bold\"> en la primera cuartilla de papel <\/span><span class=\"Translation\">(auf das erste Blatt: \u00abauf das erste Viertelpapier\u00bb; <\/span><span class=\"Translation\"><span class=\"Comment-Words\">cuarto<\/span><\/span><span class=\"Translation\"><span class=\"Gender _idGenCharOverride-1\">m <\/span><\/span><span class=\"Translation\"><span class=\"Comments\">\u2014 Viertel<\/span><\/span><span class=\"Translation\">)<\/span><span class=\"Bold\">, y luego he dejado a capricho volar la pluma <\/span><span class=\"Translation\">(und dann habe ich nach Belieben die Feder fliegen lassen; <\/span><span class=\"Translation\"><span class=\"Comment-Words\">dejar<\/span><\/span><span class=\"Translation\"><span class=\"Comments\"> \u2014 lassen; <\/span><\/span><span class=\"Translation\"><span class=\"Comment-Words\">capricho<\/span><\/span><span class=\"Translation\"><span class=\"Gender _idGenCharOverride-1\">m <\/span><\/span><span class=\"Translation\"><span class=\"Comments\">\u2014 Laune<\/span><\/span><span class=\"Translation\">)<\/span><span class=\"Bold\">.<\/span><\/p>\r\n\r\n<\/div>\r\n[audio mp3=\"https:\/\/easyoriginal1.s3.eu-central-1.amazonaws.com\/spanisch\/s1\/1.mp3\"][\/audio]\r\n<div class=\"original-container\">\r\n<p class=\"Original\">Hace mucho tiempo que ten\u00eda ganas de escribir cualquier cosa con este t\u00edtulo.<\/p>\r\n<p class=\"Original\">Hoy, que se me ha presentado ocasi\u00f3n, lo he puesto con letras grandes en la primera cuartilla de papel, y luego he dejado a capricho volar la pluma.<\/p>\r\n\r\n<\/div>\r\n<a class=\"weiter\" href=\"\/webreader\/los-ojos-verdes\/fragment\/1-4-2\/\">weiter lesen<\/a>","_et_gb_content_width":""},"product_brand":[],"product_cat":[270],"product_tag":[164,81],"class_list":{"0":"post-17119","1":"product","2":"type-product","3":"status-publish","4":"has-post-thumbnail","6":"product_cat-modern-englisch-frank-a1-a2","7":"product_tag-anfaenger","8":"product_tag-krimi","10":"first","11":"instock","12":"taxable","13":"shipping-taxable","14":"purchasable","15":"product-type-variable"},"acf":[],"yoast_head":"<!-- This site is optimized with the Yoast SEO plugin v27.4 - https:\/\/yoast.com\/product\/yoast-seo-wordpress\/ -->\n<title>The Vanishing Vegetables \u2014 Das Verschwinden der Gem\u00fcse - EasyOriginal.com<\/title>\n<meta name=\"robots\" content=\"index, follow, max-snippet:-1, max-image-preview:large, max-video-preview:-1\" \/>\n<link rel=\"canonical\" href=\"https:\/\/easyoriginal.com\/en\/shop\/modern-englisch-frank-a1-a2\/the-vanishing-vegetables-das-verschwinden-der-gemuese\/\" \/>\n<meta property=\"og:locale\" content=\"en_GB\" \/>\n<meta property=\"og:type\" content=\"article\" \/>\n<meta property=\"og:title\" content=\"The Vanishing Vegetables \u2014 Das Verschwinden der Gem\u00fcse - EasyOriginal.com\" \/>\n<meta property=\"og:description\" content=\"Grange Farm steht kurz vor der gro\u00dfen Marktsaison \u2013 doch \u00fcber Nacht verschwinden ganze Reihen junger Gem\u00fcsepflanzen. Spurlos. Keine Spuren im Boden, keine Einbr\u00fcche, keine Fra\u00dfreste. F\u00fcr Bethan Lloyd beginnt ein neues R\u00e4tsel \u2013 und die L\u00f6sung liegt tiefer, als irgendjemand ahnt. Was steckt hinter dem unsichtbaren Pfad durch die Beete? Warum scheinen verschiedene Tiere wie im geheimen Zusammenspiel zu agieren? Und was hat das alles mit fr\u00fcheren R\u00e4tseln auf dem Hof zu tun? The Vanishing Vegetables ist ein cleveres, warmherziges Farm-Mystery \u00fcber \u00f6kologische Zusammenh\u00e4nge, den Wert des genauen Beobachtens \u2013 und die Kraft, die entsteht, wenn man im Einklang mit der Natur arbeitet. Perfekt f\u00fcr junge Leser*innen, die Natur lieben, gerne mitdenken \u2013 und sich f\u00fcr tierische Sp\u00fcrnasen begeistern. Zweisprachiges Buch Englisch-Deutsch.\" \/>\n<meta property=\"og:url\" content=\"https:\/\/easyoriginal.com\/en\/shop\/modern-englisch-frank-a1-a2\/the-vanishing-vegetables-das-verschwinden-der-gemuese\/\" \/>\n<meta property=\"og:site_name\" content=\"EasyOriginal.com\" \/>\n<meta property=\"article:modified_time\" content=\"2026-03-25T20:39:39+00:00\" \/>\n<meta property=\"og:image\" content=\"https:\/\/easyoriginal.com\/wp-content\/uploads\/Vanishing_Vegetables_printcover.jpg\" \/>\n\t<meta property=\"og:image:width\" content=\"1600\" \/>\n\t<meta property=\"og:image:height\" content=\"2400\" \/>\n\t<meta property=\"og:image:type\" content=\"image\/jpeg\" \/>\n<meta name=\"twitter:card\" content=\"summary_large_image\" \/>\n<meta name=\"twitter:label1\" content=\"Estimated reading time\" \/>\n\t<meta name=\"twitter:data1\" content=\"1 minute\" \/>\n<script type=\"application\/ld+json\" class=\"yoast-schema-graph\">{\"@context\":\"https:\\\/\\\/schema.org\",\"@graph\":[{\"@type\":\"WebPage\",\"@id\":\"https:\\\/\\\/easyoriginal.com\\\/shop\\\/modern-englisch-frank-a1-a2\\\/the-vanishing-vegetables-das-verschwinden-der-gemuese\\\/\",\"url\":\"https:\\\/\\\/easyoriginal.com\\\/shop\\\/modern-englisch-frank-a1-a2\\\/the-vanishing-vegetables-das-verschwinden-der-gemuese\\\/\",\"name\":\"The Vanishing Vegetables \u2014 Das Verschwinden der Gem\u00fcse - EasyOriginal.com\",\"isPartOf\":{\"@id\":\"https:\\\/\\\/easyoriginal.com\\\/#website\"},\"primaryImageOfPage\":{\"@id\":\"https:\\\/\\\/easyoriginal.com\\\/shop\\\/modern-englisch-frank-a1-a2\\\/the-vanishing-vegetables-das-verschwinden-der-gemuese\\\/#primaryimage\"},\"image\":{\"@id\":\"https:\\\/\\\/easyoriginal.com\\\/shop\\\/modern-englisch-frank-a1-a2\\\/the-vanishing-vegetables-das-verschwinden-der-gemuese\\\/#primaryimage\"},\"thumbnailUrl\":\"https:\\\/\\\/easyoriginal.com\\\/wp-content\\\/uploads\\\/Vanishing_Vegetables_printcover.jpg\",\"datePublished\":\"2026-02-19T18:53:26+00:00\",\"dateModified\":\"2026-03-25T20:39:39+00:00\",\"breadcrumb\":{\"@id\":\"https:\\\/\\\/easyoriginal.com\\\/shop\\\/modern-englisch-frank-a1-a2\\\/the-vanishing-vegetables-das-verschwinden-der-gemuese\\\/#breadcrumb\"},\"inLanguage\":\"en-GB\",\"potentialAction\":[{\"@type\":\"ReadAction\",\"target\":[\"https:\\\/\\\/easyoriginal.com\\\/shop\\\/modern-englisch-frank-a1-a2\\\/the-vanishing-vegetables-das-verschwinden-der-gemuese\\\/\"]}]},{\"@type\":\"ImageObject\",\"inLanguage\":\"en-GB\",\"@id\":\"https:\\\/\\\/easyoriginal.com\\\/shop\\\/modern-englisch-frank-a1-a2\\\/the-vanishing-vegetables-das-verschwinden-der-gemuese\\\/#primaryimage\",\"url\":\"https:\\\/\\\/easyoriginal.com\\\/wp-content\\\/uploads\\\/Vanishing_Vegetables_printcover.jpg\",\"contentUrl\":\"https:\\\/\\\/easyoriginal.com\\\/wp-content\\\/uploads\\\/Vanishing_Vegetables_printcover.jpg\",\"width\":1600,\"height\":2400},{\"@type\":\"BreadcrumbList\",\"@id\":\"https:\\\/\\\/easyoriginal.com\\\/shop\\\/modern-englisch-frank-a1-a2\\\/the-vanishing-vegetables-das-verschwinden-der-gemuese\\\/#breadcrumb\",\"itemListElement\":[{\"@type\":\"ListItem\",\"position\":1,\"name\":\"Startseite\",\"item\":\"https:\\\/\\\/easyoriginal.com\\\/\"},{\"@type\":\"ListItem\",\"position\":2,\"name\":\"Shop\",\"item\":\"https:\\\/\\\/easyoriginal.com\\\/shop\\\/\"},{\"@type\":\"ListItem\",\"position\":3,\"name\":\"The Vanishing Vegetables \u2014 Das Verschwinden der Gem\u00fcse\"}]},{\"@type\":\"WebSite\",\"@id\":\"https:\\\/\\\/easyoriginal.com\\\/#website\",\"url\":\"https:\\\/\\\/easyoriginal.com\\\/\",\"name\":\"EasyOriginal.com\",\"description\":\"Spa\u00df am Lesen im Original - Innovative Lesemethode f\u00fcr Fremdsprachen\",\"publisher\":{\"@id\":\"https:\\\/\\\/easyoriginal.com\\\/#organization\"},\"potentialAction\":[{\"@type\":\"SearchAction\",\"target\":{\"@type\":\"EntryPoint\",\"urlTemplate\":\"https:\\\/\\\/easyoriginal.com\\\/?s={search_term_string}\"},\"query-input\":{\"@type\":\"PropertyValueSpecification\",\"valueRequired\":true,\"valueName\":\"search_term_string\"}}],\"inLanguage\":\"en-GB\"},{\"@type\":\"Organization\",\"@id\":\"https:\\\/\\\/easyoriginal.com\\\/#organization\",\"name\":\"EasyOriginal Verlag\",\"url\":\"https:\\\/\\\/easyoriginal.com\\\/\",\"logo\":{\"@type\":\"ImageObject\",\"inLanguage\":\"en-GB\",\"@id\":\"https:\\\/\\\/easyoriginal.com\\\/#\\\/schema\\\/logo\\\/image\\\/\",\"url\":\"https:\\\/\\\/easyoriginal.com\\\/wp-content\\\/uploads\\\/2020\\\/08\\\/logo_main.png\",\"contentUrl\":\"https:\\\/\\\/easyoriginal.com\\\/wp-content\\\/uploads\\\/2020\\\/08\\\/logo_main.png\",\"width\":500,\"height\":103,\"caption\":\"EasyOriginal Verlag\"},\"image\":{\"@id\":\"https:\\\/\\\/easyoriginal.com\\\/#\\\/schema\\\/logo\\\/image\\\/\"}}]}<\/script>\n<!-- \/ Yoast SEO plugin. -->","yoast_head_json":{"title":"The Vanishing Vegetables \u2014 Das Verschwinden der Gem\u00fcse - EasyOriginal.com","robots":{"index":"index","follow":"follow","max-snippet":"max-snippet:-1","max-image-preview":"max-image-preview:large","max-video-preview":"max-video-preview:-1"},"canonical":"https:\/\/easyoriginal.com\/en\/shop\/modern-englisch-frank-a1-a2\/the-vanishing-vegetables-das-verschwinden-der-gemuese\/","og_locale":"en_GB","og_type":"article","og_title":"The Vanishing Vegetables \u2014 Das Verschwinden der Gem\u00fcse - EasyOriginal.com","og_description":"Grange Farm steht kurz vor der gro\u00dfen Marktsaison \u2013 doch \u00fcber Nacht verschwinden ganze Reihen junger Gem\u00fcsepflanzen. Spurlos. Keine Spuren im Boden, keine Einbr\u00fcche, keine Fra\u00dfreste. F\u00fcr Bethan Lloyd beginnt ein neues R\u00e4tsel \u2013 und die L\u00f6sung liegt tiefer, als irgendjemand ahnt. Was steckt hinter dem unsichtbaren Pfad durch die Beete? Warum scheinen verschiedene Tiere wie im geheimen Zusammenspiel zu agieren? Und was hat das alles mit fr\u00fcheren R\u00e4tseln auf dem Hof zu tun? The Vanishing Vegetables ist ein cleveres, warmherziges Farm-Mystery \u00fcber \u00f6kologische Zusammenh\u00e4nge, den Wert des genauen Beobachtens \u2013 und die Kraft, die entsteht, wenn man im Einklang mit der Natur arbeitet. Perfekt f\u00fcr junge Leser*innen, die Natur lieben, gerne mitdenken \u2013 und sich f\u00fcr tierische Sp\u00fcrnasen begeistern. Zweisprachiges Buch Englisch-Deutsch.","og_url":"https:\/\/easyoriginal.com\/en\/shop\/modern-englisch-frank-a1-a2\/the-vanishing-vegetables-das-verschwinden-der-gemuese\/","og_site_name":"EasyOriginal.com","article_modified_time":"2026-03-25T20:39:39+00:00","og_image":[{"width":1600,"height":2400,"url":"https:\/\/easyoriginal.com\/wp-content\/uploads\/Vanishing_Vegetables_printcover.jpg","type":"image\/jpeg"}],"twitter_card":"summary_large_image","twitter_misc":{"Estimated reading time":"1 minute"},"schema":{"@context":"https:\/\/schema.org","@graph":[{"@type":"WebPage","@id":"https:\/\/easyoriginal.com\/shop\/modern-englisch-frank-a1-a2\/the-vanishing-vegetables-das-verschwinden-der-gemuese\/","url":"https:\/\/easyoriginal.com\/shop\/modern-englisch-frank-a1-a2\/the-vanishing-vegetables-das-verschwinden-der-gemuese\/","name":"The Vanishing Vegetables \u2014 Das Verschwinden der Gem\u00fcse - EasyOriginal.com","isPartOf":{"@id":"https:\/\/easyoriginal.com\/#website"},"primaryImageOfPage":{"@id":"https:\/\/easyoriginal.com\/shop\/modern-englisch-frank-a1-a2\/the-vanishing-vegetables-das-verschwinden-der-gemuese\/#primaryimage"},"image":{"@id":"https:\/\/easyoriginal.com\/shop\/modern-englisch-frank-a1-a2\/the-vanishing-vegetables-das-verschwinden-der-gemuese\/#primaryimage"},"thumbnailUrl":"https:\/\/easyoriginal.com\/wp-content\/uploads\/Vanishing_Vegetables_printcover.jpg","datePublished":"2026-02-19T18:53:26+00:00","dateModified":"2026-03-25T20:39:39+00:00","breadcrumb":{"@id":"https:\/\/easyoriginal.com\/shop\/modern-englisch-frank-a1-a2\/the-vanishing-vegetables-das-verschwinden-der-gemuese\/#breadcrumb"},"inLanguage":"en-GB","potentialAction":[{"@type":"ReadAction","target":["https:\/\/easyoriginal.com\/shop\/modern-englisch-frank-a1-a2\/the-vanishing-vegetables-das-verschwinden-der-gemuese\/"]}]},{"@type":"ImageObject","inLanguage":"en-GB","@id":"https:\/\/easyoriginal.com\/shop\/modern-englisch-frank-a1-a2\/the-vanishing-vegetables-das-verschwinden-der-gemuese\/#primaryimage","url":"https:\/\/easyoriginal.com\/wp-content\/uploads\/Vanishing_Vegetables_printcover.jpg","contentUrl":"https:\/\/easyoriginal.com\/wp-content\/uploads\/Vanishing_Vegetables_printcover.jpg","width":1600,"height":2400},{"@type":"BreadcrumbList","@id":"https:\/\/easyoriginal.com\/shop\/modern-englisch-frank-a1-a2\/the-vanishing-vegetables-das-verschwinden-der-gemuese\/#breadcrumb","itemListElement":[{"@type":"ListItem","position":1,"name":"Startseite","item":"https:\/\/easyoriginal.com\/"},{"@type":"ListItem","position":2,"name":"Shop","item":"https:\/\/easyoriginal.com\/shop\/"},{"@type":"ListItem","position":3,"name":"The Vanishing Vegetables \u2014 Das Verschwinden der Gem\u00fcse"}]},{"@type":"WebSite","@id":"https:\/\/easyoriginal.com\/#website","url":"https:\/\/easyoriginal.com\/","name":"EasyOriginal.com","description":"Spa\u00df am Lesen im Original - Innovative Lesemethode f\u00fcr Fremdsprachen","publisher":{"@id":"https:\/\/easyoriginal.com\/#organization"},"potentialAction":[{"@type":"SearchAction","target":{"@type":"EntryPoint","urlTemplate":"https:\/\/easyoriginal.com\/?s={search_term_string}"},"query-input":{"@type":"PropertyValueSpecification","valueRequired":true,"valueName":"search_term_string"}}],"inLanguage":"en-GB"},{"@type":"Organization","@id":"https:\/\/easyoriginal.com\/#organization","name":"EasyOriginal Verlag","url":"https:\/\/easyoriginal.com\/","logo":{"@type":"ImageObject","inLanguage":"en-GB","@id":"https:\/\/easyoriginal.com\/#\/schema\/logo\/image\/","url":"https:\/\/easyoriginal.com\/wp-content\/uploads\/2020\/08\/logo_main.png","contentUrl":"https:\/\/easyoriginal.com\/wp-content\/uploads\/2020\/08\/logo_main.png","width":500,"height":103,"caption":"EasyOriginal Verlag"},"image":{"@id":"https:\/\/easyoriginal.com\/#\/schema\/logo\/image\/"}}]}},"_links":{"self":[{"href":"https:\/\/easyoriginal.com\/en\/wp-json\/wp\/v2\/product\/17119","targetHints":{"allow":["GET"]}}],"collection":[{"href":"https:\/\/easyoriginal.com\/en\/wp-json\/wp\/v2\/product"}],"about":[{"href":"https:\/\/easyoriginal.com\/en\/wp-json\/wp\/v2\/types\/product"}],"replies":[{"embeddable":true,"href":"https:\/\/easyoriginal.com\/en\/wp-json\/wp\/v2\/comments?post=17119"}],"wp:featuredmedia":[{"embeddable":true,"href":"https:\/\/easyoriginal.com\/en\/wp-json\/wp\/v2\/media\/17126"}],"wp:attachment":[{"href":"https:\/\/easyoriginal.com\/en\/wp-json\/wp\/v2\/media?parent=17119"}],"wp:term":[{"taxonomy":"product_brand","embeddable":true,"href":"https:\/\/easyoriginal.com\/en\/wp-json\/wp\/v2\/product_brand?post=17119"},{"taxonomy":"product_cat","embeddable":true,"href":"https:\/\/easyoriginal.com\/en\/wp-json\/wp\/v2\/product_cat?post=17119"},{"taxonomy":"product_tag","embeddable":true,"href":"https:\/\/easyoriginal.com\/en\/wp-json\/wp\/v2\/product_tag?post=17119"}],"curies":[{"name":"wp","href":"https:\/\/api.w.org\/{rel}","templated":true}]}}