{"id":16965,"date":"2026-01-20T22:16:37","date_gmt":"2026-01-20T21:16:37","guid":{"rendered":"https:\/\/easyoriginal.com\/?post_type=product&#038;p=16965"},"modified":"2026-02-15T16:56:58","modified_gmt":"2026-02-15T15:56:58","slug":"el-canto-del-oceano-der-gesang-des-ozeans","status":"publish","type":"product","link":"https:\/\/easyoriginal.com\/en\/shop\/modern-spanisch-frank-a1-a2\/el-canto-del-oceano-der-gesang-des-ozeans\/","title":{"rendered":"El canto del oc\u00e9ano \u2014 Der Gesang des Ozeans"},"content":{"rendered":"<div class=\"adapted-container\">\n<p class=\"Adapted\" lang=\"de-DE\">Un sonido misterioso <span class=\"Translation\">(ein geheimnisvoller Klan<\/span><span class=\"Translation\"><span class=\"No-Break\">g;<\/span><\/span><span class=\"Translation\"><span class=\"Comments-Char\"> <\/span><\/span><span class=\"Translation\"><span class=\"Comment-Word-Char\">misterioso<\/span><\/span><span class=\"Translation\"><span class=\"No-Break\"><span class=\"Comments-Char\"> \u2014<\/span><\/span><\/span><span class=\"Translation\"><span class=\"Comments-Char\"> geheimnisvoll, r\u00e4tselhaft<\/span><\/span><span class=\"Translation\">)<\/span><\/p>\n<p class=\"Adapted\" lang=\"de-DE\">Era un d\u00eda radiante en Cala Cristal <span class=\"Translation\">(es war ein strahlender Tag in Cala Crista<\/span><span class=\"Translation\"><span class=\"No-Break\">l;<\/span><\/span><span class=\"Translation\"><span class=\"Comments-Char\"> <\/span><\/span><span class=\"Translation\"><span class=\"Comment-Word-Char\">radiante<\/span><\/span><span class=\"Translation\"><span class=\"No-Break\"><span class=\"Comments-Char\"> \u2014<\/span><\/span><\/span><span class=\"Translation\"><span class=\"Comments-Char\"> strahlend, leuchtend<\/span><\/span><span class=\"Translation\">)<\/span>. El sol brillaba en el cielo azul <span class=\"Translation\">(die Sonne schien am blauen Himme<\/span><span class=\"Translation\"><span class=\"No-Break\">l;<\/span><\/span><span class=\"Translation\"><span class=\"Comments-Char\"> <\/span><\/span><span class=\"Translation\"><span class=\"Comment-Word-Char\">brillar<\/span><\/span><span class=\"Translation\"><span class=\"No-Break\"><span class=\"Comments-Char\"> \u2014<\/span><\/span><\/span><span class=\"Translation\"><span class=\"Comments-Char\"> scheinen, gl\u00e4nzen<\/span><\/span><span class=\"Translation\">)<\/span> y el mar permanec\u00eda tranquilo y transparente <span class=\"Translation\">(und das Meer blieb ruhig und durchsichti<\/span><span class=\"Translation\"><span class=\"No-Break\">g;<\/span><\/span><span class=\"Translation\"><span class=\"Comments-Char\"> <\/span><\/span><span class=\"Translation\"><span class=\"Comment-Word-Char\">permanecer<\/span><\/span><span class=\"Translation\"><span class=\"No-Break\"><span class=\"Comments-Char\"> \u2014<\/span><\/span><\/span><span class=\"Translation\"><span class=\"Comments-Char\"> bleiben, verbleiben<\/span><\/span><span class=\"Translation\">)<\/span>.<\/p>\n<p class=\"Adapted\" lang=\"de-DE\">Marina se encontraba en la playa con sus amigos Hugo y Clara <span class=\"Translation\">(Marina befand sich am Strand mit ihren Freunden Hugo und Clar<\/span><span class=\"Translation\"><span class=\"No-Break\">a;<\/span><\/span><span class=\"Translation\"><span class=\"Comments-Char\"> <\/span><\/span><span class=\"Translation\"><span class=\"Comment-Word-Char\">encontrarse<\/span><\/span><span class=\"Translation\"><span class=\"No-Break\"><span class=\"Comments-Char\"> \u2014<\/span><\/span><\/span><span class=\"Translation\"><span class=\"Comments-Char\"> sich befinden<\/span><\/span><span class=\"Translation\">)<\/span>. Los tres contemplaban el mar <span class=\"Translation\">(die drei betrachteten das Mee<\/span><span class=\"Translation\"><span class=\"No-Break\">r;<\/span><\/span><span class=\"Translation\"><span class=\"Comments-Char\"> <\/span><\/span><span class=\"Translation\"><span class=\"Comment-Word-Char\">contemplar<\/span><\/span><span class=\"Translation\"><span class=\"No-Break\"><span class=\"Comments-Char\"> \u2014<\/span><\/span><\/span><span class=\"Translation\"><span class=\"Comments-Char\"> betrachten, anschauen<\/span><\/span><span class=\"Translation\">)<\/span> y los peces que nadaban cerca de la orilla <span class=\"Translation\">(und die Fische, die nahe am Ufer schwamme<\/span><span class=\"Translation\"><span class=\"No-Break\">n;<\/span><\/span><span class=\"Translation\"><span class=\"Comments-Char\"> <\/span><\/span><span class=\"Translation\"><span class=\"Comment-Word-Char\">orilla<\/span><\/span><span class=\"Translation\"><span class=\"Sub _idGenCharOverride-1\">f<\/span><\/span><span class=\"Translation\"><span class=\"No-Break\"><span class=\"Comments-Char\"> \u2014<\/span><\/span><\/span><span class=\"Translation\"><span class=\"Comments-Char\"> Ufer, Strand<\/span><\/span><span class=\"Translation\">)<\/span>.<\/p>\n<\/div>\n<audio class=\"wp-audio-shortcode\" id=\"audio-16965-1\" preload=\"none\" style=\"width: 100%;\" controls=\"controls\"><source type=\"audio\/mpeg\" src=\"https:\/\/easyoriginal1.s3.eu-central-1.amazonaws.com\/spanisch\/s42\/001.mp3?_=1\" \/><a href=\"https:\/\/easyoriginal1.s3.eu-central-1.amazonaws.com\/spanisch\/s42\/001.mp3\">https:\/\/easyoriginal1.s3.eu-central-1.amazonaws.com\/spanisch\/s42\/001.mp3<\/a><\/audio>\n<div class=\"original-container\">\n<p class=\"Original\" lang=\"es-ES\">Un sonido misterioso<\/p>\n<p class=\"Original\" lang=\"es-ES\">Era un d\u00eda radiante en Cala Cristal. El sol brillaba en el cielo azul y el mar permanec\u00eda tranquilo y transparente.<\/p>\n<p class=\"Original\" lang=\"es-ES\">Marina se encontraba en la playa con sus amigos Hugo y Clara. Los tres contemplaban el mar y los peces que nadaban cerca de la orilla.<\/p>\n<\/div>","protected":false},"excerpt":{"rendered":"<p>Ein Sommerparadies, ein dreister Diebstahl und eine Melodie, die in die Tiefe lockt.<br \/>\nIn der idyllischen Bucht von Cala Cristal verschwinden wertvolle Forschungsger\u00e4te \u2013 und gleichzeitig dringt ein unheimlicher, wundersch\u00f6ner Gesang aus einer gef\u00e4hrlichen Meeresh\u00f6hle. Spukt dort wirklich eine Sirene, wie die alten Legenden behaupten, oder steckt ein menschlicher Eindringling dahinter?<br \/>\nMarina, Hugo und Clara st\u00fcrzen sich in die Ermittlungen. Doch die Verd\u00e4chtigen verhalten sich seltsam, und die Natur spielt gegen sie: Als die Freunde in die dunkle H\u00f6hle vordringen, beginnt die Flut bereits, den R\u00fcckweg abzuschneiden.<br \/>\nEin fesselndes Abenteuer zwischen Wissenschaft und Mythos \u2013 wagen Sie den Sprung ins kalte Wasser!<br \/>\nZweisprachiges Buch Spanisch-Deutsch.<\/p>","protected":false},"featured_media":16970,"comment_status":"open","ping_status":"closed","template":"","meta":{"_acf_changed":false,"_et_pb_use_builder":"off","_et_pb_old_content":"<div class=\"adapted-container\">\r\n<p class=\"Adapted\"><span class=\"Bold\">Hace mucho tiempo que ten\u00eda ganas de escribir <\/span><span class=\"Translation\">(seit langer Zeit hatte ich Lust zu schreiben; <\/span><span class=\"Translation\"><span class=\"Comment-Words\">tener<\/span><\/span><span class=\"Translation\"><span class=\"Comments\"> \u2014 haben<\/span><\/span><span class=\"Translation\">)<\/span><span class=\"Bold\"> cualquier cosa con este t\u00edtulo <\/span><span class=\"Translation\">(irgendetwas mit diesem Titel)<\/span><span class=\"Bold\">.<\/span><\/p>\r\n<p class=\"Adapted\"><span class=\"Bold\">Hoy<a id=\"_idTextAnchor001\"><\/a>, que se me ha presentado ocasi\u00f3n <\/span><span class=\"Translation\">(heute, wo sich mir \/eine\/ Gelegenheit geboten hat; <\/span><span class=\"Translation\"><span class=\"Comment-Words\">presentar<\/span><\/span><span class=\"Translation\"><span class=\"Comments\"> \u2014 zeigen; vorstellen<\/span><\/span><span class=\"Translation\">)<\/span><span class=\"Bold\">, lo he puesto con letras grandes <\/span><span class=\"Translation\">(das habe ich in gro\u00dfen Buchstaben gesetzt = habe ich es in Gro\u00dfbuchstaben gesetzt; <\/span><span class=\"Translation\"><span class=\"Comment-Words\">poner<\/span><\/span><span class=\"Translation\"><span class=\"Comments\"> \u2014 setzen; stellen; legen<\/span><\/span><span class=\"Translation\">)<\/span><span class=\"Bold\"> en la primera cuartilla de papel <\/span><span class=\"Translation\">(auf das erste Blatt: \u00abauf das erste Viertelpapier\u00bb; <\/span><span class=\"Translation\"><span class=\"Comment-Words\">cuarto<\/span><\/span><span class=\"Translation\"><span class=\"Gender _idGenCharOverride-1\">m <\/span><\/span><span class=\"Translation\"><span class=\"Comments\">\u2014 Viertel<\/span><\/span><span class=\"Translation\">)<\/span><span class=\"Bold\">, y luego he dejado a capricho volar la pluma <\/span><span class=\"Translation\">(und dann habe ich nach Belieben die Feder fliegen lassen; <\/span><span class=\"Translation\"><span class=\"Comment-Words\">dejar<\/span><\/span><span class=\"Translation\"><span class=\"Comments\"> \u2014 lassen; <\/span><\/span><span class=\"Translation\"><span class=\"Comment-Words\">capricho<\/span><\/span><span class=\"Translation\"><span class=\"Gender _idGenCharOverride-1\">m <\/span><\/span><span class=\"Translation\"><span class=\"Comments\">\u2014 Laune<\/span><\/span><span class=\"Translation\">)<\/span><span class=\"Bold\">.<\/span><\/p>\r\n\r\n<\/div>\r\n[audio mp3=\"https:\/\/easyoriginal1.s3.eu-central-1.amazonaws.com\/spanisch\/s1\/1.mp3\"][\/audio]\r\n<div class=\"original-container\">\r\n<p class=\"Original\">Hace mucho tiempo que ten\u00eda ganas de escribir cualquier cosa con este t\u00edtulo.<\/p>\r\n<p class=\"Original\">Hoy, que se me ha presentado ocasi\u00f3n, lo he puesto con letras grandes en la primera cuartilla de papel, y luego he dejado a capricho volar la pluma.<\/p>\r\n\r\n<\/div>\r\n<a class=\"weiter\" href=\"\/webreader\/los-ojos-verdes\/fragment\/1-4-2\/\">weiter lesen<\/a>","_et_gb_content_width":""},"product_brand":[],"product_cat":[269],"product_tag":[164,81],"class_list":{"0":"post-16965","1":"product","2":"type-product","3":"status-publish","4":"has-post-thumbnail","6":"product_cat-modern-spanisch-frank-a1-a2","7":"product_tag-anfaenger","8":"product_tag-krimi","10":"first","11":"instock","12":"taxable","13":"shipping-taxable","14":"purchasable","15":"product-type-variable"},"acf":[],"yoast_head":"<!-- This site is optimized with the Yoast SEO plugin v27.3 - https:\/\/yoast.com\/product\/yoast-seo-wordpress\/ -->\n<title>El canto del oc\u00e9ano \u2014 Der Gesang des Ozeans - EasyOriginal.com<\/title>\n<meta name=\"robots\" content=\"index, follow, max-snippet:-1, max-image-preview:large, max-video-preview:-1\" \/>\n<link rel=\"canonical\" href=\"https:\/\/easyoriginal.com\/en\/shop\/modern-spanisch-frank-a1-a2\/el-canto-del-oceano-der-gesang-des-ozeans\/\" \/>\n<meta property=\"og:locale\" content=\"en_GB\" \/>\n<meta property=\"og:type\" content=\"article\" \/>\n<meta property=\"og:title\" content=\"El canto del oc\u00e9ano \u2014 Der Gesang des Ozeans - EasyOriginal.com\" \/>\n<meta property=\"og:description\" content=\"Ein Sommerparadies, ein dreister Diebstahl und eine Melodie, die in die Tiefe lockt. In der idyllischen Bucht von Cala Cristal verschwinden wertvolle Forschungsger\u00e4te \u2013 und gleichzeitig dringt ein unheimlicher, wundersch\u00f6ner Gesang aus einer gef\u00e4hrlichen Meeresh\u00f6hle. Spukt dort wirklich eine Sirene, wie die alten Legenden behaupten, oder steckt ein menschlicher Eindringling dahinter? Marina, Hugo und Clara st\u00fcrzen sich in die Ermittlungen. Doch die Verd\u00e4chtigen verhalten sich seltsam, und die Natur spielt gegen sie: Als die Freunde in die dunkle H\u00f6hle vordringen, beginnt die Flut bereits, den R\u00fcckweg abzuschneiden. Ein fesselndes Abenteuer zwischen Wissenschaft und Mythos \u2013 wagen Sie den Sprung ins kalte Wasser! Zweisprachiges Buch Spanisch-Deutsch.\" \/>\n<meta property=\"og:url\" content=\"https:\/\/easyoriginal.com\/en\/shop\/modern-spanisch-frank-a1-a2\/el-canto-del-oceano-der-gesang-des-ozeans\/\" \/>\n<meta property=\"og:site_name\" content=\"EasyOriginal.com\" \/>\n<meta property=\"article:modified_time\" content=\"2026-02-15T15:56:58+00:00\" \/>\n<meta property=\"og:image\" content=\"https:\/\/easyoriginal.com\/wp-content\/uploads\/El_canto_del_oceano_printcover.jpg\" \/>\n\t<meta property=\"og:image:width\" content=\"1600\" \/>\n\t<meta property=\"og:image:height\" content=\"2400\" \/>\n\t<meta property=\"og:image:type\" content=\"image\/jpeg\" \/>\n<meta name=\"twitter:card\" content=\"summary_large_image\" \/>\n<meta name=\"twitter:label1\" content=\"Estimated reading time\" \/>\n\t<meta name=\"twitter:data1\" content=\"2 minutes\" \/>\n<script type=\"application\/ld+json\" class=\"yoast-schema-graph\">{\"@context\":\"https:\\\/\\\/schema.org\",\"@graph\":[{\"@type\":\"WebPage\",\"@id\":\"https:\\\/\\\/easyoriginal.com\\\/shop\\\/modern-spanisch-frank-a1-a2\\\/el-canto-del-oceano-der-gesang-des-ozeans\\\/\",\"url\":\"https:\\\/\\\/easyoriginal.com\\\/shop\\\/modern-spanisch-frank-a1-a2\\\/el-canto-del-oceano-der-gesang-des-ozeans\\\/\",\"name\":\"El canto del oc\u00e9ano \u2014 Der Gesang des Ozeans - EasyOriginal.com\",\"isPartOf\":{\"@id\":\"https:\\\/\\\/easyoriginal.com\\\/#website\"},\"primaryImageOfPage\":{\"@id\":\"https:\\\/\\\/easyoriginal.com\\\/shop\\\/modern-spanisch-frank-a1-a2\\\/el-canto-del-oceano-der-gesang-des-ozeans\\\/#primaryimage\"},\"image\":{\"@id\":\"https:\\\/\\\/easyoriginal.com\\\/shop\\\/modern-spanisch-frank-a1-a2\\\/el-canto-del-oceano-der-gesang-des-ozeans\\\/#primaryimage\"},\"thumbnailUrl\":\"https:\\\/\\\/easyoriginal.com\\\/wp-content\\\/uploads\\\/El_canto_del_oceano_printcover.jpg\",\"datePublished\":\"2026-01-20T21:16:37+00:00\",\"dateModified\":\"2026-02-15T15:56:58+00:00\",\"breadcrumb\":{\"@id\":\"https:\\\/\\\/easyoriginal.com\\\/shop\\\/modern-spanisch-frank-a1-a2\\\/el-canto-del-oceano-der-gesang-des-ozeans\\\/#breadcrumb\"},\"inLanguage\":\"en-GB\",\"potentialAction\":[{\"@type\":\"ReadAction\",\"target\":[\"https:\\\/\\\/easyoriginal.com\\\/shop\\\/modern-spanisch-frank-a1-a2\\\/el-canto-del-oceano-der-gesang-des-ozeans\\\/\"]}]},{\"@type\":\"ImageObject\",\"inLanguage\":\"en-GB\",\"@id\":\"https:\\\/\\\/easyoriginal.com\\\/shop\\\/modern-spanisch-frank-a1-a2\\\/el-canto-del-oceano-der-gesang-des-ozeans\\\/#primaryimage\",\"url\":\"https:\\\/\\\/easyoriginal.com\\\/wp-content\\\/uploads\\\/El_canto_del_oceano_printcover.jpg\",\"contentUrl\":\"https:\\\/\\\/easyoriginal.com\\\/wp-content\\\/uploads\\\/El_canto_del_oceano_printcover.jpg\",\"width\":1600,\"height\":2400},{\"@type\":\"BreadcrumbList\",\"@id\":\"https:\\\/\\\/easyoriginal.com\\\/shop\\\/modern-spanisch-frank-a1-a2\\\/el-canto-del-oceano-der-gesang-des-ozeans\\\/#breadcrumb\",\"itemListElement\":[{\"@type\":\"ListItem\",\"position\":1,\"name\":\"Startseite\",\"item\":\"https:\\\/\\\/easyoriginal.com\\\/\"},{\"@type\":\"ListItem\",\"position\":2,\"name\":\"Shop\",\"item\":\"https:\\\/\\\/easyoriginal.com\\\/shop\\\/\"},{\"@type\":\"ListItem\",\"position\":3,\"name\":\"El canto del oc\u00e9ano \u2014 Der Gesang des Ozeans\"}]},{\"@type\":\"WebSite\",\"@id\":\"https:\\\/\\\/easyoriginal.com\\\/#website\",\"url\":\"https:\\\/\\\/easyoriginal.com\\\/\",\"name\":\"EasyOriginal.com\",\"description\":\"Spa\u00df am Lesen im Original - Innovative Lesemethode f\u00fcr Fremdsprachen\",\"publisher\":{\"@id\":\"https:\\\/\\\/easyoriginal.com\\\/#organization\"},\"potentialAction\":[{\"@type\":\"SearchAction\",\"target\":{\"@type\":\"EntryPoint\",\"urlTemplate\":\"https:\\\/\\\/easyoriginal.com\\\/?s={search_term_string}\"},\"query-input\":{\"@type\":\"PropertyValueSpecification\",\"valueRequired\":true,\"valueName\":\"search_term_string\"}}],\"inLanguage\":\"en-GB\"},{\"@type\":\"Organization\",\"@id\":\"https:\\\/\\\/easyoriginal.com\\\/#organization\",\"name\":\"EasyOriginal Verlag\",\"url\":\"https:\\\/\\\/easyoriginal.com\\\/\",\"logo\":{\"@type\":\"ImageObject\",\"inLanguage\":\"en-GB\",\"@id\":\"https:\\\/\\\/easyoriginal.com\\\/#\\\/schema\\\/logo\\\/image\\\/\",\"url\":\"https:\\\/\\\/easyoriginal.com\\\/wp-content\\\/uploads\\\/2020\\\/08\\\/logo_main.png\",\"contentUrl\":\"https:\\\/\\\/easyoriginal.com\\\/wp-content\\\/uploads\\\/2020\\\/08\\\/logo_main.png\",\"width\":500,\"height\":103,\"caption\":\"EasyOriginal Verlag\"},\"image\":{\"@id\":\"https:\\\/\\\/easyoriginal.com\\\/#\\\/schema\\\/logo\\\/image\\\/\"}}]}<\/script>\n<!-- \/ Yoast SEO plugin. -->","yoast_head_json":{"title":"El canto del oc\u00e9ano \u2014 Der Gesang des Ozeans - EasyOriginal.com","robots":{"index":"index","follow":"follow","max-snippet":"max-snippet:-1","max-image-preview":"max-image-preview:large","max-video-preview":"max-video-preview:-1"},"canonical":"https:\/\/easyoriginal.com\/en\/shop\/modern-spanisch-frank-a1-a2\/el-canto-del-oceano-der-gesang-des-ozeans\/","og_locale":"en_GB","og_type":"article","og_title":"El canto del oc\u00e9ano \u2014 Der Gesang des Ozeans - EasyOriginal.com","og_description":"Ein Sommerparadies, ein dreister Diebstahl und eine Melodie, die in die Tiefe lockt. In der idyllischen Bucht von Cala Cristal verschwinden wertvolle Forschungsger\u00e4te \u2013 und gleichzeitig dringt ein unheimlicher, wundersch\u00f6ner Gesang aus einer gef\u00e4hrlichen Meeresh\u00f6hle. Spukt dort wirklich eine Sirene, wie die alten Legenden behaupten, oder steckt ein menschlicher Eindringling dahinter? Marina, Hugo und Clara st\u00fcrzen sich in die Ermittlungen. Doch die Verd\u00e4chtigen verhalten sich seltsam, und die Natur spielt gegen sie: Als die Freunde in die dunkle H\u00f6hle vordringen, beginnt die Flut bereits, den R\u00fcckweg abzuschneiden. Ein fesselndes Abenteuer zwischen Wissenschaft und Mythos \u2013 wagen Sie den Sprung ins kalte Wasser! Zweisprachiges Buch Spanisch-Deutsch.","og_url":"https:\/\/easyoriginal.com\/en\/shop\/modern-spanisch-frank-a1-a2\/el-canto-del-oceano-der-gesang-des-ozeans\/","og_site_name":"EasyOriginal.com","article_modified_time":"2026-02-15T15:56:58+00:00","og_image":[{"width":1600,"height":2400,"url":"https:\/\/easyoriginal.com\/wp-content\/uploads\/El_canto_del_oceano_printcover.jpg","type":"image\/jpeg"}],"twitter_card":"summary_large_image","twitter_misc":{"Estimated reading time":"2 minutes"},"schema":{"@context":"https:\/\/schema.org","@graph":[{"@type":"WebPage","@id":"https:\/\/easyoriginal.com\/shop\/modern-spanisch-frank-a1-a2\/el-canto-del-oceano-der-gesang-des-ozeans\/","url":"https:\/\/easyoriginal.com\/shop\/modern-spanisch-frank-a1-a2\/el-canto-del-oceano-der-gesang-des-ozeans\/","name":"El canto del oc\u00e9ano \u2014 Der Gesang des Ozeans - EasyOriginal.com","isPartOf":{"@id":"https:\/\/easyoriginal.com\/#website"},"primaryImageOfPage":{"@id":"https:\/\/easyoriginal.com\/shop\/modern-spanisch-frank-a1-a2\/el-canto-del-oceano-der-gesang-des-ozeans\/#primaryimage"},"image":{"@id":"https:\/\/easyoriginal.com\/shop\/modern-spanisch-frank-a1-a2\/el-canto-del-oceano-der-gesang-des-ozeans\/#primaryimage"},"thumbnailUrl":"https:\/\/easyoriginal.com\/wp-content\/uploads\/El_canto_del_oceano_printcover.jpg","datePublished":"2026-01-20T21:16:37+00:00","dateModified":"2026-02-15T15:56:58+00:00","breadcrumb":{"@id":"https:\/\/easyoriginal.com\/shop\/modern-spanisch-frank-a1-a2\/el-canto-del-oceano-der-gesang-des-ozeans\/#breadcrumb"},"inLanguage":"en-GB","potentialAction":[{"@type":"ReadAction","target":["https:\/\/easyoriginal.com\/shop\/modern-spanisch-frank-a1-a2\/el-canto-del-oceano-der-gesang-des-ozeans\/"]}]},{"@type":"ImageObject","inLanguage":"en-GB","@id":"https:\/\/easyoriginal.com\/shop\/modern-spanisch-frank-a1-a2\/el-canto-del-oceano-der-gesang-des-ozeans\/#primaryimage","url":"https:\/\/easyoriginal.com\/wp-content\/uploads\/El_canto_del_oceano_printcover.jpg","contentUrl":"https:\/\/easyoriginal.com\/wp-content\/uploads\/El_canto_del_oceano_printcover.jpg","width":1600,"height":2400},{"@type":"BreadcrumbList","@id":"https:\/\/easyoriginal.com\/shop\/modern-spanisch-frank-a1-a2\/el-canto-del-oceano-der-gesang-des-ozeans\/#breadcrumb","itemListElement":[{"@type":"ListItem","position":1,"name":"Startseite","item":"https:\/\/easyoriginal.com\/"},{"@type":"ListItem","position":2,"name":"Shop","item":"https:\/\/easyoriginal.com\/shop\/"},{"@type":"ListItem","position":3,"name":"El canto del oc\u00e9ano \u2014 Der Gesang des Ozeans"}]},{"@type":"WebSite","@id":"https:\/\/easyoriginal.com\/#website","url":"https:\/\/easyoriginal.com\/","name":"EasyOriginal.com","description":"Spa\u00df am Lesen im Original - Innovative Lesemethode f\u00fcr Fremdsprachen","publisher":{"@id":"https:\/\/easyoriginal.com\/#organization"},"potentialAction":[{"@type":"SearchAction","target":{"@type":"EntryPoint","urlTemplate":"https:\/\/easyoriginal.com\/?s={search_term_string}"},"query-input":{"@type":"PropertyValueSpecification","valueRequired":true,"valueName":"search_term_string"}}],"inLanguage":"en-GB"},{"@type":"Organization","@id":"https:\/\/easyoriginal.com\/#organization","name":"EasyOriginal Verlag","url":"https:\/\/easyoriginal.com\/","logo":{"@type":"ImageObject","inLanguage":"en-GB","@id":"https:\/\/easyoriginal.com\/#\/schema\/logo\/image\/","url":"https:\/\/easyoriginal.com\/wp-content\/uploads\/2020\/08\/logo_main.png","contentUrl":"https:\/\/easyoriginal.com\/wp-content\/uploads\/2020\/08\/logo_main.png","width":500,"height":103,"caption":"EasyOriginal Verlag"},"image":{"@id":"https:\/\/easyoriginal.com\/#\/schema\/logo\/image\/"}}]}},"_links":{"self":[{"href":"https:\/\/easyoriginal.com\/en\/wp-json\/wp\/v2\/product\/16965","targetHints":{"allow":["GET"]}}],"collection":[{"href":"https:\/\/easyoriginal.com\/en\/wp-json\/wp\/v2\/product"}],"about":[{"href":"https:\/\/easyoriginal.com\/en\/wp-json\/wp\/v2\/types\/product"}],"replies":[{"embeddable":true,"href":"https:\/\/easyoriginal.com\/en\/wp-json\/wp\/v2\/comments?post=16965"}],"wp:featuredmedia":[{"embeddable":true,"href":"https:\/\/easyoriginal.com\/en\/wp-json\/wp\/v2\/media\/16970"}],"wp:attachment":[{"href":"https:\/\/easyoriginal.com\/en\/wp-json\/wp\/v2\/media?parent=16965"}],"wp:term":[{"taxonomy":"product_brand","embeddable":true,"href":"https:\/\/easyoriginal.com\/en\/wp-json\/wp\/v2\/product_brand?post=16965"},{"taxonomy":"product_cat","embeddable":true,"href":"https:\/\/easyoriginal.com\/en\/wp-json\/wp\/v2\/product_cat?post=16965"},{"taxonomy":"product_tag","embeddable":true,"href":"https:\/\/easyoriginal.com\/en\/wp-json\/wp\/v2\/product_tag?post=16965"}],"curies":[{"name":"wp","href":"https:\/\/api.w.org\/{rel}","templated":true}]}}