{"id":16874,"date":"2026-01-07T16:50:40","date_gmt":"2026-01-07T15:50:40","guid":{"rendered":"https:\/\/easyoriginal.com\/?post_type=product&#038;p=16874"},"modified":"2026-04-02T04:05:13","modified_gmt":"2026-04-02T02:05:13","slug":"il-pesce-che-ricorda-der-fisch-der-sich-erinnert","status":"publish","type":"product","link":"https:\/\/easyoriginal.com\/en\/shop\/modern-italienisch-frank-a1-a2\/il-pesce-che-ricorda-der-fisch-der-sich-erinnert\/","title":{"rendered":"Il pesce che ricorda \u2014 Der Fisch, der sich erinnert"},"content":{"rendered":"<div class=\"adapted-container\">\n<p class=\"Adapted\">L&apos;alba al ristorante <span class=\"Translation\">(die Morgend\u00e4mmerung im Restaurant)<\/span><\/p>\n<p class=\"Adapted\">\u00c8 mattina presto a Torre Canne <span class=\"Translation\">(es ist fr\u00fcher Morgen in Torre Cann<\/span><span class=\"Translation\"><span class=\"No-Break\">e;<\/span><\/span><span class=\"Translation\"><span class=\"Comments\"> <\/span><\/span><span class=\"Translation\"><span class=\"Comment-Words\">essere<\/span><\/span><span class=\"Translation\"><span class=\"No-Break\"><span class=\"Comments\"> \u2014<\/span><\/span><\/span><span class=\"Translation\"><span class=\"Comments\"> sein<\/span><\/span><span class=\"Translation\">)<\/span>. Il sole sale piano piano sul mare <span class=\"Translation\">(die Sonne steigt langsam \u00fcber dem Meer au<\/span><span class=\"Translation\"><span class=\"No-Break\">f;<\/span><\/span><span class=\"Translation\"><span class=\"Comments\"> <\/span><\/span><span class=\"Translation\"><span class=\"Comment-Words\">salire<\/span><\/span><span class=\"Translation\"><span class=\"No-Break\"><span class=\"Comments\"> \u2014<\/span><\/span><\/span><span class=\"Translation\"><span class=\"Comments\"> steigen, aufsteigen<\/span><\/span><span class=\"Translation\">)<\/span>. Il cielo \u00e8 rosa e oro <span class=\"Translation\">(der Himmel ist rosa und golden)<\/span>. L&apos;acqua \u00e8 calma <span class=\"Translation\">(das Wasser ist ruhig)<\/span>, quasi ferma <span class=\"Translation\">(fast still)<\/span>. \u00c8 un bel giorno di settembre <span class=\"Translation\">(es ist ein sch\u00f6ner Tag im September)<\/span>.<\/p>\n<p class=\"Adapted\">Concetta Palmisano apre gli occhi <span class=\"Translation\">(Concetta Palmisano \u00f6ffnet die Augen)<\/span>. Sono le sei <span class=\"Translation\">(es ist sechs Uhr)<\/span>. \u00c8 ora di andare al ristorante <span class=\"Translation\">(es ist Zeit, zum Restaurant zu gehen)<\/span>. Si alza <span class=\"Translation\">(sie steht auf)<\/span>, si lava <span class=\"Translation\">(sie w\u00e4scht sich)<\/span>, si veste <span class=\"Translation\">(sie zieht sich a<\/span><span class=\"Translation\"><span class=\"No-Break\">n;<\/span><\/span><span class=\"Translation\"><span class=\"Comments\"> <\/span><\/span><span class=\"Translation\"><span class=\"Comment-Words\">vestirsi<\/span><\/span><span class=\"Translation\"><span class=\"No-Break\"><span class=\"Comments\"> \u2014<\/span><\/span><\/span><span class=\"Translation\"><span class=\"Comments\"> sich anziehe<\/span><\/span><span class=\"Translation\"><span class=\"No-Break\"><span class=\"Comments\">n;<\/span><\/span><\/span><span class=\"Translation\"><span class=\"Comments\"> <\/span><\/span><span class=\"Translation\"><span class=\"Comment-Words\">veste<\/span><\/span><span class=\"Translation\"><span class=\"Sub _idGenCharOverride-1\">f<\/span><\/span><span class=\"Translation\"><span class=\"No-Break\"><span class=\"Comments\"> \u2014<\/span><\/span><\/span><span class=\"Translation\"><span class=\"Comments\"> Kleid<\/span><\/span><span class=\"Translation\">)<\/span>. Mette i pantaloni neri e la giacca bianca da cuoca <span class=\"Translation\">(sie zieht die schwarze Hose und die wei\u00dfe Kochjacke a<\/span><span class=\"Translation\"><span class=\"No-Break\">n;<\/span><\/span><span class=\"Translation\"><span class=\"Comments\"> <\/span><\/span><span class=\"Translation\"><span class=\"Comment-Words\">mettere<\/span><\/span><span class=\"Translation\"><span class=\"No-Break\"><span class=\"Comments\"> \u2014<\/span><\/span><\/span><span class=\"Translation\"><span class=\"Comments\"> setzen, stellen, legen, anziehen<\/span><\/span><span class=\"Translation\">)<\/span>. I suoi capelli sono grigi e neri <span class=\"Translation\">(ihre Haare sind grau und schwarz)<\/span>. Li lega dietro la testa <span class=\"Translation\">(sie bindet sie hinter dem Kopf zusammen)<\/span>.<\/p>\n<\/div>\n<audio class=\"wp-audio-shortcode\" id=\"audio-16874-1\" preload=\"none\" style=\"width: 100%;\" controls=\"controls\"><source type=\"audio\/mpeg\" src=\"https:\/\/easyoriginal1.s3.eu-central-1.amazonaws.com\/italienisch\/i13\/001.mp3?_=1\" \/><a href=\"https:\/\/easyoriginal1.s3.eu-central-1.amazonaws.com\/italienisch\/i13\/001.mp3\">https:\/\/easyoriginal1.s3.eu-central-1.amazonaws.com\/italienisch\/i13\/001.mp3<\/a><\/audio>\n<div class=\"original-container\">\n<p class=\"Original\" lang=\"it-IT\">L\u2019alba al ristorante<\/p>\n<p class=\"Original\" lang=\"it-IT\">\u00c8 mattina presto a Torre Canne. Il sole sale piano piano sul mare. Il cielo \u00e8 rosa e oro. L&apos;acqua \u00e8 calma, quasi ferma. \u00c8 un bel giorno di settembre.<\/p>\n<p class=\"Original\" lang=\"it-IT\">Concetta Palmisano apre gli occhi. Sono le sei. \u00c8 ora di andare al ristorante. Si alza, si lava, si veste. Mette i pantaloni neri e la giacca bianca da cuoca. I suoi capelli sono grigi e neri. Li lega dietro la testa.<\/p>\n<\/div>","protected":false},"excerpt":{"rendered":"<p>Was passiert, wenn ein Fisch nach drei\u00dfig Jahren zur\u00fcckkehrt \u2013 und Beweise f\u00fcr einen Mord mitbringt?<br \/>\nTorre Canne, Apulien. Concetta f\u00fchrt ihr Restaurant am Meer wie jeden Tag seit drei Jahrzehnten. Doch als der Fischer heute seinen Fang bringt, erkennt sie die alte Narbe an der Flanke der Zackenbarsche: Ihr Vater hat diesen Fisch einst freigelassen. Und tief in seiner Kehle gl\u00e4nzt ein goldenes Armband. Eine Gravur. Ein Name. Eine Frau, die vor zwei Wochen von einer Jacht verschwand. Der Salzgeruch der K\u00fcche vermischt sich mit dem Eishauch einer Erkenntnis: Jemand hat gelogen.<br \/>\nDas Meer vergisst nichts. Manchmal wartet es nur auf den richtigen Zeugen.<br \/>\nZweisprachiges Buch Italienisch-Deutsch.<\/p>","protected":false},"featured_media":16879,"comment_status":"open","ping_status":"closed","template":"","meta":{"_acf_changed":false,"_et_pb_use_builder":"off","_et_pb_old_content":"<div class=\"adapted-container\">\r\n<p class=\"Adapted\"><span class=\"Bold\">Hace mucho tiempo que ten\u00eda ganas de escribir <\/span><span class=\"Translation\">(seit langer Zeit hatte ich Lust zu schreiben; <\/span><span class=\"Translation\"><span class=\"Comment-Words\">tener<\/span><\/span><span class=\"Translation\"><span class=\"Comments\"> \u2014 haben<\/span><\/span><span class=\"Translation\">)<\/span><span class=\"Bold\"> cualquier cosa con este t\u00edtulo <\/span><span class=\"Translation\">(irgendetwas mit diesem Titel)<\/span><span class=\"Bold\">.<\/span><\/p>\r\n<p class=\"Adapted\"><span class=\"Bold\">Hoy<a id=\"_idTextAnchor001\"><\/a>, que se me ha presentado ocasi\u00f3n <\/span><span class=\"Translation\">(heute, wo sich mir \/eine\/ Gelegenheit geboten hat; <\/span><span class=\"Translation\"><span class=\"Comment-Words\">presentar<\/span><\/span><span class=\"Translation\"><span class=\"Comments\"> \u2014 zeigen; vorstellen<\/span><\/span><span class=\"Translation\">)<\/span><span class=\"Bold\">, lo he puesto con letras grandes <\/span><span class=\"Translation\">(das habe ich in gro\u00dfen Buchstaben gesetzt = habe ich es in Gro\u00dfbuchstaben gesetzt; <\/span><span class=\"Translation\"><span class=\"Comment-Words\">poner<\/span><\/span><span class=\"Translation\"><span class=\"Comments\"> \u2014 setzen; stellen; legen<\/span><\/span><span class=\"Translation\">)<\/span><span class=\"Bold\"> en la primera cuartilla de papel <\/span><span class=\"Translation\">(auf das erste Blatt: \u00abauf das erste Viertelpapier\u00bb; <\/span><span class=\"Translation\"><span class=\"Comment-Words\">cuarto<\/span><\/span><span class=\"Translation\"><span class=\"Gender _idGenCharOverride-1\">m <\/span><\/span><span class=\"Translation\"><span class=\"Comments\">\u2014 Viertel<\/span><\/span><span class=\"Translation\">)<\/span><span class=\"Bold\">, y luego he dejado a capricho volar la pluma <\/span><span class=\"Translation\">(und dann habe ich nach Belieben die Feder fliegen lassen; <\/span><span class=\"Translation\"><span class=\"Comment-Words\">dejar<\/span><\/span><span class=\"Translation\"><span class=\"Comments\"> \u2014 lassen; <\/span><\/span><span class=\"Translation\"><span class=\"Comment-Words\">capricho<\/span><\/span><span class=\"Translation\"><span class=\"Gender _idGenCharOverride-1\">m <\/span><\/span><span class=\"Translation\"><span class=\"Comments\">\u2014 Laune<\/span><\/span><span class=\"Translation\">)<\/span><span class=\"Bold\">.<\/span><\/p>\r\n\r\n<\/div>\r\n[audio mp3=\"https:\/\/easyoriginal1.s3.eu-central-1.amazonaws.com\/spanisch\/s1\/1.mp3\"][\/audio]\r\n<div class=\"original-container\">\r\n<p class=\"Original\">Hace mucho tiempo que ten\u00eda ganas de escribir cualquier cosa con este t\u00edtulo.<\/p>\r\n<p class=\"Original\">Hoy, que se me ha presentado ocasi\u00f3n, lo he puesto con letras grandes en la primera cuartilla de papel, y luego he dejado a capricho volar la pluma.<\/p>\r\n\r\n<\/div>\r\n<a class=\"weiter\" href=\"\/webreader\/los-ojos-verdes\/fragment\/1-4-2\/\">weiter lesen<\/a>","_et_gb_content_width":""},"product_brand":[],"product_cat":[282],"product_tag":[164,81],"class_list":{"0":"post-16874","1":"product","2":"type-product","3":"status-publish","4":"has-post-thumbnail","6":"product_cat-modern-italienisch-frank-a1-a2","7":"product_tag-anfaenger","8":"product_tag-krimi","10":"first","11":"instock","12":"taxable","13":"shipping-taxable","14":"purchasable","15":"product-type-variable"},"acf":[],"yoast_head":"<!-- This site is optimized with the Yoast SEO plugin v27.3 - https:\/\/yoast.com\/product\/yoast-seo-wordpress\/ -->\n<title>Il pesce che ricorda \u2014 Der Fisch, der sich erinnert - EasyOriginal.com<\/title>\n<meta name=\"robots\" content=\"index, follow, max-snippet:-1, max-image-preview:large, max-video-preview:-1\" \/>\n<link rel=\"canonical\" href=\"https:\/\/easyoriginal.com\/en\/shop\/modern-italienisch-frank-a1-a2\/il-pesce-che-ricorda-der-fisch-der-sich-erinnert\/\" \/>\n<meta property=\"og:locale\" content=\"en_GB\" \/>\n<meta property=\"og:type\" content=\"article\" \/>\n<meta property=\"og:title\" content=\"Il pesce che ricorda \u2014 Der Fisch, der sich erinnert - EasyOriginal.com\" \/>\n<meta property=\"og:description\" content=\"Was passiert, wenn ein Fisch nach drei\u00dfig Jahren zur\u00fcckkehrt \u2013 und Beweise f\u00fcr einen Mord mitbringt? Torre Canne, Apulien. Concetta f\u00fchrt ihr Restaurant am Meer wie jeden Tag seit drei Jahrzehnten. Doch als der Fischer heute seinen Fang bringt, erkennt sie die alte Narbe an der Flanke der Zackenbarsche: Ihr Vater hat diesen Fisch einst freigelassen. Und tief in seiner Kehle gl\u00e4nzt ein goldenes Armband. Eine Gravur. Ein Name. Eine Frau, die vor zwei Wochen von einer Jacht verschwand. Der Salzgeruch der K\u00fcche vermischt sich mit dem Eishauch einer Erkenntnis: Jemand hat gelogen. Das Meer vergisst nichts. Manchmal wartet es nur auf den richtigen Zeugen. Zweisprachiges Buch Italienisch-Deutsch.\" \/>\n<meta property=\"og:url\" content=\"https:\/\/easyoriginal.com\/en\/shop\/modern-italienisch-frank-a1-a2\/il-pesce-che-ricorda-der-fisch-der-sich-erinnert\/\" \/>\n<meta property=\"og:site_name\" content=\"EasyOriginal.com\" \/>\n<meta property=\"article:modified_time\" content=\"2026-04-02T02:05:13+00:00\" \/>\n<meta property=\"og:image\" content=\"https:\/\/easyoriginal.com\/wp-content\/uploads\/Il_Pesce_che_Ricorda_printcover.jpg\" \/>\n\t<meta property=\"og:image:width\" content=\"1600\" \/>\n\t<meta property=\"og:image:height\" content=\"2400\" \/>\n\t<meta property=\"og:image:type\" content=\"image\/jpeg\" \/>\n<meta name=\"twitter:card\" content=\"summary_large_image\" \/>\n<meta name=\"twitter:label1\" content=\"Estimated reading time\" \/>\n\t<meta name=\"twitter:data1\" content=\"2 minutes\" \/>\n<script type=\"application\/ld+json\" class=\"yoast-schema-graph\">{\"@context\":\"https:\\\/\\\/schema.org\",\"@graph\":[{\"@type\":\"WebPage\",\"@id\":\"https:\\\/\\\/easyoriginal.com\\\/shop\\\/modern-italienisch-frank-a1-a2\\\/il-pesce-che-ricorda-der-fisch-der-sich-erinnert\\\/\",\"url\":\"https:\\\/\\\/easyoriginal.com\\\/shop\\\/modern-italienisch-frank-a1-a2\\\/il-pesce-che-ricorda-der-fisch-der-sich-erinnert\\\/\",\"name\":\"Il pesce che ricorda \u2014 Der Fisch, der sich erinnert - EasyOriginal.com\",\"isPartOf\":{\"@id\":\"https:\\\/\\\/easyoriginal.com\\\/#website\"},\"primaryImageOfPage\":{\"@id\":\"https:\\\/\\\/easyoriginal.com\\\/shop\\\/modern-italienisch-frank-a1-a2\\\/il-pesce-che-ricorda-der-fisch-der-sich-erinnert\\\/#primaryimage\"},\"image\":{\"@id\":\"https:\\\/\\\/easyoriginal.com\\\/shop\\\/modern-italienisch-frank-a1-a2\\\/il-pesce-che-ricorda-der-fisch-der-sich-erinnert\\\/#primaryimage\"},\"thumbnailUrl\":\"https:\\\/\\\/easyoriginal.com\\\/wp-content\\\/uploads\\\/Il_Pesce_che_Ricorda_printcover.jpg\",\"datePublished\":\"2026-01-07T15:50:40+00:00\",\"dateModified\":\"2026-04-02T02:05:13+00:00\",\"breadcrumb\":{\"@id\":\"https:\\\/\\\/easyoriginal.com\\\/shop\\\/modern-italienisch-frank-a1-a2\\\/il-pesce-che-ricorda-der-fisch-der-sich-erinnert\\\/#breadcrumb\"},\"inLanguage\":\"en-GB\",\"potentialAction\":[{\"@type\":\"ReadAction\",\"target\":[\"https:\\\/\\\/easyoriginal.com\\\/shop\\\/modern-italienisch-frank-a1-a2\\\/il-pesce-che-ricorda-der-fisch-der-sich-erinnert\\\/\"]}]},{\"@type\":\"ImageObject\",\"inLanguage\":\"en-GB\",\"@id\":\"https:\\\/\\\/easyoriginal.com\\\/shop\\\/modern-italienisch-frank-a1-a2\\\/il-pesce-che-ricorda-der-fisch-der-sich-erinnert\\\/#primaryimage\",\"url\":\"https:\\\/\\\/easyoriginal.com\\\/wp-content\\\/uploads\\\/Il_Pesce_che_Ricorda_printcover.jpg\",\"contentUrl\":\"https:\\\/\\\/easyoriginal.com\\\/wp-content\\\/uploads\\\/Il_Pesce_che_Ricorda_printcover.jpg\",\"width\":1600,\"height\":2400},{\"@type\":\"BreadcrumbList\",\"@id\":\"https:\\\/\\\/easyoriginal.com\\\/shop\\\/modern-italienisch-frank-a1-a2\\\/il-pesce-che-ricorda-der-fisch-der-sich-erinnert\\\/#breadcrumb\",\"itemListElement\":[{\"@type\":\"ListItem\",\"position\":1,\"name\":\"Startseite\",\"item\":\"https:\\\/\\\/easyoriginal.com\\\/\"},{\"@type\":\"ListItem\",\"position\":2,\"name\":\"Shop\",\"item\":\"https:\\\/\\\/easyoriginal.com\\\/shop\\\/\"},{\"@type\":\"ListItem\",\"position\":3,\"name\":\"Il pesce che ricorda \u2014 Der Fisch, der sich erinnert\"}]},{\"@type\":\"WebSite\",\"@id\":\"https:\\\/\\\/easyoriginal.com\\\/#website\",\"url\":\"https:\\\/\\\/easyoriginal.com\\\/\",\"name\":\"EasyOriginal.com\",\"description\":\"Spa\u00df am Lesen im Original - Innovative Lesemethode f\u00fcr Fremdsprachen\",\"publisher\":{\"@id\":\"https:\\\/\\\/easyoriginal.com\\\/#organization\"},\"potentialAction\":[{\"@type\":\"SearchAction\",\"target\":{\"@type\":\"EntryPoint\",\"urlTemplate\":\"https:\\\/\\\/easyoriginal.com\\\/?s={search_term_string}\"},\"query-input\":{\"@type\":\"PropertyValueSpecification\",\"valueRequired\":true,\"valueName\":\"search_term_string\"}}],\"inLanguage\":\"en-GB\"},{\"@type\":\"Organization\",\"@id\":\"https:\\\/\\\/easyoriginal.com\\\/#organization\",\"name\":\"EasyOriginal Verlag\",\"url\":\"https:\\\/\\\/easyoriginal.com\\\/\",\"logo\":{\"@type\":\"ImageObject\",\"inLanguage\":\"en-GB\",\"@id\":\"https:\\\/\\\/easyoriginal.com\\\/#\\\/schema\\\/logo\\\/image\\\/\",\"url\":\"https:\\\/\\\/easyoriginal.com\\\/wp-content\\\/uploads\\\/2020\\\/08\\\/logo_main.png\",\"contentUrl\":\"https:\\\/\\\/easyoriginal.com\\\/wp-content\\\/uploads\\\/2020\\\/08\\\/logo_main.png\",\"width\":500,\"height\":103,\"caption\":\"EasyOriginal Verlag\"},\"image\":{\"@id\":\"https:\\\/\\\/easyoriginal.com\\\/#\\\/schema\\\/logo\\\/image\\\/\"}}]}<\/script>\n<!-- \/ Yoast SEO plugin. -->","yoast_head_json":{"title":"Il pesce che ricorda \u2014 Der Fisch, der sich erinnert - EasyOriginal.com","robots":{"index":"index","follow":"follow","max-snippet":"max-snippet:-1","max-image-preview":"max-image-preview:large","max-video-preview":"max-video-preview:-1"},"canonical":"https:\/\/easyoriginal.com\/en\/shop\/modern-italienisch-frank-a1-a2\/il-pesce-che-ricorda-der-fisch-der-sich-erinnert\/","og_locale":"en_GB","og_type":"article","og_title":"Il pesce che ricorda \u2014 Der Fisch, der sich erinnert - EasyOriginal.com","og_description":"Was passiert, wenn ein Fisch nach drei\u00dfig Jahren zur\u00fcckkehrt \u2013 und Beweise f\u00fcr einen Mord mitbringt? Torre Canne, Apulien. Concetta f\u00fchrt ihr Restaurant am Meer wie jeden Tag seit drei Jahrzehnten. Doch als der Fischer heute seinen Fang bringt, erkennt sie die alte Narbe an der Flanke der Zackenbarsche: Ihr Vater hat diesen Fisch einst freigelassen. Und tief in seiner Kehle gl\u00e4nzt ein goldenes Armband. Eine Gravur. Ein Name. Eine Frau, die vor zwei Wochen von einer Jacht verschwand. Der Salzgeruch der K\u00fcche vermischt sich mit dem Eishauch einer Erkenntnis: Jemand hat gelogen. Das Meer vergisst nichts. Manchmal wartet es nur auf den richtigen Zeugen. Zweisprachiges Buch Italienisch-Deutsch.","og_url":"https:\/\/easyoriginal.com\/en\/shop\/modern-italienisch-frank-a1-a2\/il-pesce-che-ricorda-der-fisch-der-sich-erinnert\/","og_site_name":"EasyOriginal.com","article_modified_time":"2026-04-02T02:05:13+00:00","og_image":[{"width":1600,"height":2400,"url":"https:\/\/easyoriginal.com\/wp-content\/uploads\/Il_Pesce_che_Ricorda_printcover.jpg","type":"image\/jpeg"}],"twitter_card":"summary_large_image","twitter_misc":{"Estimated reading time":"2 minutes"},"schema":{"@context":"https:\/\/schema.org","@graph":[{"@type":"WebPage","@id":"https:\/\/easyoriginal.com\/shop\/modern-italienisch-frank-a1-a2\/il-pesce-che-ricorda-der-fisch-der-sich-erinnert\/","url":"https:\/\/easyoriginal.com\/shop\/modern-italienisch-frank-a1-a2\/il-pesce-che-ricorda-der-fisch-der-sich-erinnert\/","name":"Il pesce che ricorda \u2014 Der Fisch, der sich erinnert - EasyOriginal.com","isPartOf":{"@id":"https:\/\/easyoriginal.com\/#website"},"primaryImageOfPage":{"@id":"https:\/\/easyoriginal.com\/shop\/modern-italienisch-frank-a1-a2\/il-pesce-che-ricorda-der-fisch-der-sich-erinnert\/#primaryimage"},"image":{"@id":"https:\/\/easyoriginal.com\/shop\/modern-italienisch-frank-a1-a2\/il-pesce-che-ricorda-der-fisch-der-sich-erinnert\/#primaryimage"},"thumbnailUrl":"https:\/\/easyoriginal.com\/wp-content\/uploads\/Il_Pesce_che_Ricorda_printcover.jpg","datePublished":"2026-01-07T15:50:40+00:00","dateModified":"2026-04-02T02:05:13+00:00","breadcrumb":{"@id":"https:\/\/easyoriginal.com\/shop\/modern-italienisch-frank-a1-a2\/il-pesce-che-ricorda-der-fisch-der-sich-erinnert\/#breadcrumb"},"inLanguage":"en-GB","potentialAction":[{"@type":"ReadAction","target":["https:\/\/easyoriginal.com\/shop\/modern-italienisch-frank-a1-a2\/il-pesce-che-ricorda-der-fisch-der-sich-erinnert\/"]}]},{"@type":"ImageObject","inLanguage":"en-GB","@id":"https:\/\/easyoriginal.com\/shop\/modern-italienisch-frank-a1-a2\/il-pesce-che-ricorda-der-fisch-der-sich-erinnert\/#primaryimage","url":"https:\/\/easyoriginal.com\/wp-content\/uploads\/Il_Pesce_che_Ricorda_printcover.jpg","contentUrl":"https:\/\/easyoriginal.com\/wp-content\/uploads\/Il_Pesce_che_Ricorda_printcover.jpg","width":1600,"height":2400},{"@type":"BreadcrumbList","@id":"https:\/\/easyoriginal.com\/shop\/modern-italienisch-frank-a1-a2\/il-pesce-che-ricorda-der-fisch-der-sich-erinnert\/#breadcrumb","itemListElement":[{"@type":"ListItem","position":1,"name":"Startseite","item":"https:\/\/easyoriginal.com\/"},{"@type":"ListItem","position":2,"name":"Shop","item":"https:\/\/easyoriginal.com\/shop\/"},{"@type":"ListItem","position":3,"name":"Il pesce che ricorda \u2014 Der Fisch, der sich erinnert"}]},{"@type":"WebSite","@id":"https:\/\/easyoriginal.com\/#website","url":"https:\/\/easyoriginal.com\/","name":"EasyOriginal.com","description":"Spa\u00df am Lesen im Original - Innovative Lesemethode f\u00fcr Fremdsprachen","publisher":{"@id":"https:\/\/easyoriginal.com\/#organization"},"potentialAction":[{"@type":"SearchAction","target":{"@type":"EntryPoint","urlTemplate":"https:\/\/easyoriginal.com\/?s={search_term_string}"},"query-input":{"@type":"PropertyValueSpecification","valueRequired":true,"valueName":"search_term_string"}}],"inLanguage":"en-GB"},{"@type":"Organization","@id":"https:\/\/easyoriginal.com\/#organization","name":"EasyOriginal Verlag","url":"https:\/\/easyoriginal.com\/","logo":{"@type":"ImageObject","inLanguage":"en-GB","@id":"https:\/\/easyoriginal.com\/#\/schema\/logo\/image\/","url":"https:\/\/easyoriginal.com\/wp-content\/uploads\/2020\/08\/logo_main.png","contentUrl":"https:\/\/easyoriginal.com\/wp-content\/uploads\/2020\/08\/logo_main.png","width":500,"height":103,"caption":"EasyOriginal Verlag"},"image":{"@id":"https:\/\/easyoriginal.com\/#\/schema\/logo\/image\/"}}]}},"_links":{"self":[{"href":"https:\/\/easyoriginal.com\/en\/wp-json\/wp\/v2\/product\/16874","targetHints":{"allow":["GET"]}}],"collection":[{"href":"https:\/\/easyoriginal.com\/en\/wp-json\/wp\/v2\/product"}],"about":[{"href":"https:\/\/easyoriginal.com\/en\/wp-json\/wp\/v2\/types\/product"}],"replies":[{"embeddable":true,"href":"https:\/\/easyoriginal.com\/en\/wp-json\/wp\/v2\/comments?post=16874"}],"wp:featuredmedia":[{"embeddable":true,"href":"https:\/\/easyoriginal.com\/en\/wp-json\/wp\/v2\/media\/16879"}],"wp:attachment":[{"href":"https:\/\/easyoriginal.com\/en\/wp-json\/wp\/v2\/media?parent=16874"}],"wp:term":[{"taxonomy":"product_brand","embeddable":true,"href":"https:\/\/easyoriginal.com\/en\/wp-json\/wp\/v2\/product_brand?post=16874"},{"taxonomy":"product_cat","embeddable":true,"href":"https:\/\/easyoriginal.com\/en\/wp-json\/wp\/v2\/product_cat?post=16874"},{"taxonomy":"product_tag","embeddable":true,"href":"https:\/\/easyoriginal.com\/en\/wp-json\/wp\/v2\/product_tag?post=16874"}],"curies":[{"name":"wp","href":"https:\/\/api.w.org\/{rel}","templated":true}]}}