{"id":16787,"date":"2025-12-29T13:11:07","date_gmt":"2025-12-29T12:11:07","guid":{"rendered":"https:\/\/easyoriginal.com\/?post_type=product&#038;p=16787"},"modified":"2026-04-03T08:20:28","modified_gmt":"2026-04-03T06:20:28","slug":"le-secret-de-cavaillon-das-geheimnis-von-cavaillon","status":"publish","type":"product","link":"https:\/\/easyoriginal.com\/en\/shop\/modern-franzoesisch-frank-a1-a2\/le-secret-de-cavaillon-das-geheimnis-von-cavaillon\/","title":{"rendered":"Le Secret de Cavaillon \u2014 Das Geheimnis von Cavaillon"},"content":{"rendered":"<div class=\"adapted-container\">\n<p class=\"Adapted\">Le Melon sans \u00e2me <span class=\"Translation\">(die Melone ohne Seele)<\/span><\/p>\n<p class=\"Adapted\">Le march\u00e9 de Rungis \u00e9tait d\u00e9j\u00e0 anim\u00e9 \u00e0 quatre heures du matin <span class=\"Translation\">(der Markt von Rungis war schon um vier Uhr morgens beleb<\/span><span class=\"Translation\"><span class=\"No-Break\">t;<\/span><\/span> <span class=\"Translation\"><span class=\"Comment-Words\">animer<\/span><\/span><span class=\"Translation\"><span class=\"No-Break\"><span class=\"Comments\"> \u2014<\/span><\/span><\/span><span class=\"Translation\"><span class=\"Comments\"> beleben<\/span><\/span><span class=\"Translation\">)<\/span>. Sous les grandes halles m\u00e9talliques <span class=\"Translation\">(unter den gro\u00dfen metallischen Hallen)<\/span>, les vendeurs pr\u00e9paraient leurs \u00e9tals pour la journ\u00e9e <span class=\"Translation\">(bereiteten die Verk\u00e4ufer ihre St\u00e4nde f\u00fcr den Tag vo<\/span><span class=\"Translation\"><span class=\"No-Break\">r;<\/span><\/span> <span class=\"Translation\"><span class=\"Comment-Words\">\u00e9tal<\/span><\/span><span class=\"Translation\"><span class=\"Sub _idGenCharOverride-1\">m<\/span><\/span><span class=\"Translation\"><span class=\"No-Break\"><span class=\"Comments\"> \u2014<\/span><\/span><\/span><span class=\"Translation\"><span class=\"Comments\"> Stand, Verkaufsstand<\/span><\/span><span class=\"Translation\">)<\/span>. C&#8217;\u00e9tait juillet <span class=\"Translation\">(es war Juli)<\/span>, et l&#8217;air chaud de l&#8217;\u00e9t\u00e9 parisien se m\u00ealait aux parfums des fruits et l\u00e9gumes fra\u00eechement arriv\u00e9s de toute la France <span class=\"Translation\">(und die hei\u00dfe Luft des Pariser Sommers vermischte sich mit den D\u00fcften der frisch aus ganz Frankreich angekommenen Fr\u00fcchte und Gem\u00fcs<\/span><span class=\"Translation\"><span class=\"No-Break\">e;<\/span><\/span> <span class=\"Translation\"><span class=\"Comment-Words\">se m\u00ealer<\/span><\/span><span class=\"Translation\"><span class=\"No-Break\"><span class=\"Comments\"> \u2014<\/span><\/span><\/span><span class=\"Translation\"><span class=\"Comments\"> sich vermische<\/span><\/span><span class=\"Translation\"><span class=\"No-Break\"><span class=\"Comments\">n;<\/span><\/span><\/span> <span class=\"Translation\"><span class=\"Comment-Words\">fra\u00eechement<\/span><\/span><span class=\"Translation\"><span class=\"No-Break\"><span class=\"Comments\"> \u2014<\/span><\/span><\/span><span class=\"Translation\"><span class=\"Comments\"> frisch, k\u00fcrzlich<\/span><\/span><span class=\"Translation\">)<\/span>.<\/p>\n<\/div>\n<audio class=\"wp-audio-shortcode\" id=\"audio-16787-1\" preload=\"none\" style=\"width: 100%;\" controls=\"controls\"><source type=\"audio\/mpeg\" src=\"https:\/\/easyoriginal1.s3.eu-central-1.amazonaws.com\/franzoesisch\/f47\/001.mp3?_=1\" \/><a href=\"https:\/\/easyoriginal1.s3.eu-central-1.amazonaws.com\/franzoesisch\/f47\/001.mp3\">https:\/\/easyoriginal1.s3.eu-central-1.amazonaws.com\/franzoesisch\/f47\/001.mp3<\/a><\/audio>\n<div class=\"original-container\">\n<p class=\"Original\" lang=\"fr-FR\">Le Melon sans \u00e2me<\/p>\n<p class=\"Original\" lang=\"fr-FR\">Le march\u00e9 de Rungis \u00e9tait d\u00e9j\u00e0 anim\u00e9 \u00e0 quatre heures du matin. Sous les grandes halles m\u00e9talliques, les vendeurs pr\u00e9paraient leurs \u00e9tals pour la journ\u00e9e. C&#8217;\u00e9tait juillet, et l&#8217;air chaud de l&#8217;\u00e9t\u00e9 parisien se m\u00ealait aux parfums des fruits et l\u00e9gumes fra\u00eechement arriv\u00e9s de toute la France.<\/p>\n<\/div>","protected":false},"excerpt":{"rendered":"<p>Zu perfekt, um wahr zu sein.<br \/>\nDie ber\u00fchmten Cavaillon-Melonen sind dieses Jahr makellos \u2013 und verd\u00e4chtig geschmacklos. F\u00fcr Rapha\u00ebl Mercier vom Bureau d&#8217;Investigation Agricole ist klar: Hier stimmt etwas nicht. W\u00e4hrend eine D\u00fcrre die Ernte bedroht, flutet pl\u00f6tzlich mysteri\u00f6se, standardisierte Ware den Pariser Markt.<br \/>\nSeine Ermittlungen f\u00fchren tief in die Provence, zu einem zur Festung ausgebauten Kloster. Was als Routinekontrolle beginnt, deckt ein hochtechnologisches Komplott auf, das die Seele der franz\u00f6sischen K\u00fcche bedroht. Kann Mercier die Wahrheit ans Licht bringen, bevor der Betrug perfekt ist?<br \/>\nEin spannungsgeladener kulinarischer Krimi \u00fcber Tradition, Gier und den Preis der Perfektion.<br \/>\nZweisprachiges Buch Franz\u00f6sisch-Deutsch.<\/p>","protected":false},"featured_media":16793,"comment_status":"open","ping_status":"closed","template":"","meta":{"_acf_changed":false,"_et_pb_use_builder":"off","_et_pb_old_content":"<div class=\"adapted-container\">\r\n<p class=\"Adapted\"><span class=\"Bold\">Hace mucho tiempo que ten\u00eda ganas de escribir <\/span><span class=\"Translation\">(seit langer Zeit hatte ich Lust zu schreiben; <\/span><span class=\"Translation\"><span class=\"Comment-Words\">tener<\/span><\/span><span class=\"Translation\"><span class=\"Comments\"> \u2014 haben<\/span><\/span><span class=\"Translation\">)<\/span><span class=\"Bold\"> cualquier cosa con este t\u00edtulo <\/span><span class=\"Translation\">(irgendetwas mit diesem Titel)<\/span><span class=\"Bold\">.<\/span><\/p>\r\n<p class=\"Adapted\"><span class=\"Bold\">Hoy<a id=\"_idTextAnchor001\"><\/a>, que se me ha presentado ocasi\u00f3n <\/span><span class=\"Translation\">(heute, wo sich mir \/eine\/ Gelegenheit geboten hat; <\/span><span class=\"Translation\"><span class=\"Comment-Words\">presentar<\/span><\/span><span class=\"Translation\"><span class=\"Comments\"> \u2014 zeigen; vorstellen<\/span><\/span><span class=\"Translation\">)<\/span><span class=\"Bold\">, lo he puesto con letras grandes <\/span><span class=\"Translation\">(das habe ich in gro\u00dfen Buchstaben gesetzt = habe ich es in Gro\u00dfbuchstaben gesetzt; <\/span><span class=\"Translation\"><span class=\"Comment-Words\">poner<\/span><\/span><span class=\"Translation\"><span class=\"Comments\"> \u2014 setzen; stellen; legen<\/span><\/span><span class=\"Translation\">)<\/span><span class=\"Bold\"> en la primera cuartilla de papel <\/span><span class=\"Translation\">(auf das erste Blatt: \u00abauf das erste Viertelpapier\u00bb; <\/span><span class=\"Translation\"><span class=\"Comment-Words\">cuarto<\/span><\/span><span class=\"Translation\"><span class=\"Gender _idGenCharOverride-1\">m <\/span><\/span><span class=\"Translation\"><span class=\"Comments\">\u2014 Viertel<\/span><\/span><span class=\"Translation\">)<\/span><span class=\"Bold\">, y luego he dejado a capricho volar la pluma <\/span><span class=\"Translation\">(und dann habe ich nach Belieben die Feder fliegen lassen; <\/span><span class=\"Translation\"><span class=\"Comment-Words\">dejar<\/span><\/span><span class=\"Translation\"><span class=\"Comments\"> \u2014 lassen; <\/span><\/span><span class=\"Translation\"><span class=\"Comment-Words\">capricho<\/span><\/span><span class=\"Translation\"><span class=\"Gender _idGenCharOverride-1\">m <\/span><\/span><span class=\"Translation\"><span class=\"Comments\">\u2014 Laune<\/span><\/span><span class=\"Translation\">)<\/span><span class=\"Bold\">.<\/span><\/p>\r\n\r\n<\/div>\r\n[audio mp3=\"https:\/\/easyoriginal1.s3.eu-central-1.amazonaws.com\/spanisch\/s1\/1.mp3\"][\/audio]\r\n<div class=\"original-container\">\r\n<p class=\"Original\">Hace mucho tiempo que ten\u00eda ganas de escribir cualquier cosa con este t\u00edtulo.<\/p>\r\n<p class=\"Original\">Hoy, que se me ha presentado ocasi\u00f3n, lo he puesto con letras grandes en la primera cuartilla de papel, y luego he dejado a capricho volar la pluma.<\/p>\r\n\r\n<\/div>\r\n<a class=\"weiter\" href=\"\/webreader\/los-ojos-verdes\/fragment\/1-4-2\/\">weiter lesen<\/a>","_et_gb_content_width":""},"product_brand":[],"product_cat":[276],"product_tag":[164,81],"class_list":{"0":"post-16787","1":"product","2":"type-product","3":"status-publish","4":"has-post-thumbnail","6":"product_cat-modern-franzoesisch-frank-a1-a2","7":"product_tag-anfaenger","8":"product_tag-krimi","10":"first","11":"instock","12":"taxable","13":"shipping-taxable","14":"purchasable","15":"product-type-variable"},"acf":[],"yoast_head":"<!-- This site is optimized with the Yoast SEO plugin v27.4 - https:\/\/yoast.com\/product\/yoast-seo-wordpress\/ -->\n<title>Le Secret de Cavaillon \u2014 Das Geheimnis von Cavaillon - EasyOriginal.com<\/title>\n<meta name=\"robots\" content=\"index, follow, max-snippet:-1, max-image-preview:large, max-video-preview:-1\" \/>\n<link rel=\"canonical\" href=\"https:\/\/easyoriginal.com\/en\/shop\/modern-franzoesisch-frank-a1-a2\/le-secret-de-cavaillon-das-geheimnis-von-cavaillon\/\" \/>\n<meta property=\"og:locale\" content=\"en_GB\" \/>\n<meta property=\"og:type\" content=\"article\" \/>\n<meta property=\"og:title\" content=\"Le Secret de Cavaillon \u2014 Das Geheimnis von Cavaillon - EasyOriginal.com\" \/>\n<meta property=\"og:description\" content=\"Zu perfekt, um wahr zu sein. Die ber\u00fchmten Cavaillon-Melonen sind dieses Jahr makellos \u2013 und verd\u00e4chtig geschmacklos. F\u00fcr Rapha\u00ebl Mercier vom Bureau d&#039;Investigation Agricole ist klar: Hier stimmt etwas nicht. W\u00e4hrend eine D\u00fcrre die Ernte bedroht, flutet pl\u00f6tzlich mysteri\u00f6se, standardisierte Ware den Pariser Markt. Seine Ermittlungen f\u00fchren tief in die Provence, zu einem zur Festung ausgebauten Kloster. Was als Routinekontrolle beginnt, deckt ein hochtechnologisches Komplott auf, das die Seele der franz\u00f6sischen K\u00fcche bedroht. Kann Mercier die Wahrheit ans Licht bringen, bevor der Betrug perfekt ist? Ein spannungsgeladener kulinarischer Krimi \u00fcber Tradition, Gier und den Preis der Perfektion. Zweisprachiges Buch Franz\u00f6sisch-Deutsch.\" \/>\n<meta property=\"og:url\" content=\"https:\/\/easyoriginal.com\/en\/shop\/modern-franzoesisch-frank-a1-a2\/le-secret-de-cavaillon-das-geheimnis-von-cavaillon\/\" \/>\n<meta property=\"og:site_name\" content=\"EasyOriginal.com\" \/>\n<meta property=\"article:modified_time\" content=\"2026-04-03T06:20:28+00:00\" \/>\n<meta property=\"og:image\" content=\"https:\/\/easyoriginal.com\/wp-content\/uploads\/Le_Secret_de_Cavaillon_printcover.jpg\" \/>\n\t<meta property=\"og:image:width\" content=\"1600\" \/>\n\t<meta property=\"og:image:height\" content=\"2400\" \/>\n\t<meta property=\"og:image:type\" content=\"image\/jpeg\" \/>\n<meta name=\"twitter:card\" content=\"summary_large_image\" \/>\n<meta name=\"twitter:label1\" content=\"Estimated reading time\" \/>\n\t<meta name=\"twitter:data1\" content=\"2 minutes\" \/>\n<script type=\"application\/ld+json\" class=\"yoast-schema-graph\">{\"@context\":\"https:\\\/\\\/schema.org\",\"@graph\":[{\"@type\":\"WebPage\",\"@id\":\"https:\\\/\\\/easyoriginal.com\\\/shop\\\/modern-franzoesisch-frank-a1-a2\\\/le-secret-de-cavaillon-das-geheimnis-von-cavaillon\\\/\",\"url\":\"https:\\\/\\\/easyoriginal.com\\\/shop\\\/modern-franzoesisch-frank-a1-a2\\\/le-secret-de-cavaillon-das-geheimnis-von-cavaillon\\\/\",\"name\":\"Le Secret de Cavaillon \u2014 Das Geheimnis von Cavaillon - EasyOriginal.com\",\"isPartOf\":{\"@id\":\"https:\\\/\\\/easyoriginal.com\\\/#website\"},\"primaryImageOfPage\":{\"@id\":\"https:\\\/\\\/easyoriginal.com\\\/shop\\\/modern-franzoesisch-frank-a1-a2\\\/le-secret-de-cavaillon-das-geheimnis-von-cavaillon\\\/#primaryimage\"},\"image\":{\"@id\":\"https:\\\/\\\/easyoriginal.com\\\/shop\\\/modern-franzoesisch-frank-a1-a2\\\/le-secret-de-cavaillon-das-geheimnis-von-cavaillon\\\/#primaryimage\"},\"thumbnailUrl\":\"https:\\\/\\\/easyoriginal.com\\\/wp-content\\\/uploads\\\/Le_Secret_de_Cavaillon_printcover.jpg\",\"datePublished\":\"2025-12-29T12:11:07+00:00\",\"dateModified\":\"2026-04-03T06:20:28+00:00\",\"breadcrumb\":{\"@id\":\"https:\\\/\\\/easyoriginal.com\\\/shop\\\/modern-franzoesisch-frank-a1-a2\\\/le-secret-de-cavaillon-das-geheimnis-von-cavaillon\\\/#breadcrumb\"},\"inLanguage\":\"en-GB\",\"potentialAction\":[{\"@type\":\"ReadAction\",\"target\":[\"https:\\\/\\\/easyoriginal.com\\\/shop\\\/modern-franzoesisch-frank-a1-a2\\\/le-secret-de-cavaillon-das-geheimnis-von-cavaillon\\\/\"]}]},{\"@type\":\"ImageObject\",\"inLanguage\":\"en-GB\",\"@id\":\"https:\\\/\\\/easyoriginal.com\\\/shop\\\/modern-franzoesisch-frank-a1-a2\\\/le-secret-de-cavaillon-das-geheimnis-von-cavaillon\\\/#primaryimage\",\"url\":\"https:\\\/\\\/easyoriginal.com\\\/wp-content\\\/uploads\\\/Le_Secret_de_Cavaillon_printcover.jpg\",\"contentUrl\":\"https:\\\/\\\/easyoriginal.com\\\/wp-content\\\/uploads\\\/Le_Secret_de_Cavaillon_printcover.jpg\",\"width\":1600,\"height\":2400},{\"@type\":\"BreadcrumbList\",\"@id\":\"https:\\\/\\\/easyoriginal.com\\\/shop\\\/modern-franzoesisch-frank-a1-a2\\\/le-secret-de-cavaillon-das-geheimnis-von-cavaillon\\\/#breadcrumb\",\"itemListElement\":[{\"@type\":\"ListItem\",\"position\":1,\"name\":\"Startseite\",\"item\":\"https:\\\/\\\/easyoriginal.com\\\/\"},{\"@type\":\"ListItem\",\"position\":2,\"name\":\"Shop\",\"item\":\"https:\\\/\\\/easyoriginal.com\\\/shop\\\/\"},{\"@type\":\"ListItem\",\"position\":3,\"name\":\"Le Secret de Cavaillon \u2014 Das Geheimnis von Cavaillon\"}]},{\"@type\":\"WebSite\",\"@id\":\"https:\\\/\\\/easyoriginal.com\\\/#website\",\"url\":\"https:\\\/\\\/easyoriginal.com\\\/\",\"name\":\"EasyOriginal.com\",\"description\":\"Spa\u00df am Lesen im Original - Innovative Lesemethode f\u00fcr Fremdsprachen\",\"publisher\":{\"@id\":\"https:\\\/\\\/easyoriginal.com\\\/#organization\"},\"potentialAction\":[{\"@type\":\"SearchAction\",\"target\":{\"@type\":\"EntryPoint\",\"urlTemplate\":\"https:\\\/\\\/easyoriginal.com\\\/?s={search_term_string}\"},\"query-input\":{\"@type\":\"PropertyValueSpecification\",\"valueRequired\":true,\"valueName\":\"search_term_string\"}}],\"inLanguage\":\"en-GB\"},{\"@type\":\"Organization\",\"@id\":\"https:\\\/\\\/easyoriginal.com\\\/#organization\",\"name\":\"EasyOriginal Verlag\",\"url\":\"https:\\\/\\\/easyoriginal.com\\\/\",\"logo\":{\"@type\":\"ImageObject\",\"inLanguage\":\"en-GB\",\"@id\":\"https:\\\/\\\/easyoriginal.com\\\/#\\\/schema\\\/logo\\\/image\\\/\",\"url\":\"https:\\\/\\\/easyoriginal.com\\\/wp-content\\\/uploads\\\/2020\\\/08\\\/logo_main.png\",\"contentUrl\":\"https:\\\/\\\/easyoriginal.com\\\/wp-content\\\/uploads\\\/2020\\\/08\\\/logo_main.png\",\"width\":500,\"height\":103,\"caption\":\"EasyOriginal Verlag\"},\"image\":{\"@id\":\"https:\\\/\\\/easyoriginal.com\\\/#\\\/schema\\\/logo\\\/image\\\/\"}}]}<\/script>\n<!-- \/ Yoast SEO plugin. -->","yoast_head_json":{"title":"Le Secret de Cavaillon \u2014 Das Geheimnis von Cavaillon - EasyOriginal.com","robots":{"index":"index","follow":"follow","max-snippet":"max-snippet:-1","max-image-preview":"max-image-preview:large","max-video-preview":"max-video-preview:-1"},"canonical":"https:\/\/easyoriginal.com\/en\/shop\/modern-franzoesisch-frank-a1-a2\/le-secret-de-cavaillon-das-geheimnis-von-cavaillon\/","og_locale":"en_GB","og_type":"article","og_title":"Le Secret de Cavaillon \u2014 Das Geheimnis von Cavaillon - EasyOriginal.com","og_description":"Zu perfekt, um wahr zu sein. Die ber\u00fchmten Cavaillon-Melonen sind dieses Jahr makellos \u2013 und verd\u00e4chtig geschmacklos. F\u00fcr Rapha\u00ebl Mercier vom Bureau d'Investigation Agricole ist klar: Hier stimmt etwas nicht. W\u00e4hrend eine D\u00fcrre die Ernte bedroht, flutet pl\u00f6tzlich mysteri\u00f6se, standardisierte Ware den Pariser Markt. Seine Ermittlungen f\u00fchren tief in die Provence, zu einem zur Festung ausgebauten Kloster. Was als Routinekontrolle beginnt, deckt ein hochtechnologisches Komplott auf, das die Seele der franz\u00f6sischen K\u00fcche bedroht. Kann Mercier die Wahrheit ans Licht bringen, bevor der Betrug perfekt ist? Ein spannungsgeladener kulinarischer Krimi \u00fcber Tradition, Gier und den Preis der Perfektion. Zweisprachiges Buch Franz\u00f6sisch-Deutsch.","og_url":"https:\/\/easyoriginal.com\/en\/shop\/modern-franzoesisch-frank-a1-a2\/le-secret-de-cavaillon-das-geheimnis-von-cavaillon\/","og_site_name":"EasyOriginal.com","article_modified_time":"2026-04-03T06:20:28+00:00","og_image":[{"width":1600,"height":2400,"url":"https:\/\/easyoriginal.com\/wp-content\/uploads\/Le_Secret_de_Cavaillon_printcover.jpg","type":"image\/jpeg"}],"twitter_card":"summary_large_image","twitter_misc":{"Estimated reading time":"2 minutes"},"schema":{"@context":"https:\/\/schema.org","@graph":[{"@type":"WebPage","@id":"https:\/\/easyoriginal.com\/shop\/modern-franzoesisch-frank-a1-a2\/le-secret-de-cavaillon-das-geheimnis-von-cavaillon\/","url":"https:\/\/easyoriginal.com\/shop\/modern-franzoesisch-frank-a1-a2\/le-secret-de-cavaillon-das-geheimnis-von-cavaillon\/","name":"Le Secret de Cavaillon \u2014 Das Geheimnis von Cavaillon - EasyOriginal.com","isPartOf":{"@id":"https:\/\/easyoriginal.com\/#website"},"primaryImageOfPage":{"@id":"https:\/\/easyoriginal.com\/shop\/modern-franzoesisch-frank-a1-a2\/le-secret-de-cavaillon-das-geheimnis-von-cavaillon\/#primaryimage"},"image":{"@id":"https:\/\/easyoriginal.com\/shop\/modern-franzoesisch-frank-a1-a2\/le-secret-de-cavaillon-das-geheimnis-von-cavaillon\/#primaryimage"},"thumbnailUrl":"https:\/\/easyoriginal.com\/wp-content\/uploads\/Le_Secret_de_Cavaillon_printcover.jpg","datePublished":"2025-12-29T12:11:07+00:00","dateModified":"2026-04-03T06:20:28+00:00","breadcrumb":{"@id":"https:\/\/easyoriginal.com\/shop\/modern-franzoesisch-frank-a1-a2\/le-secret-de-cavaillon-das-geheimnis-von-cavaillon\/#breadcrumb"},"inLanguage":"en-GB","potentialAction":[{"@type":"ReadAction","target":["https:\/\/easyoriginal.com\/shop\/modern-franzoesisch-frank-a1-a2\/le-secret-de-cavaillon-das-geheimnis-von-cavaillon\/"]}]},{"@type":"ImageObject","inLanguage":"en-GB","@id":"https:\/\/easyoriginal.com\/shop\/modern-franzoesisch-frank-a1-a2\/le-secret-de-cavaillon-das-geheimnis-von-cavaillon\/#primaryimage","url":"https:\/\/easyoriginal.com\/wp-content\/uploads\/Le_Secret_de_Cavaillon_printcover.jpg","contentUrl":"https:\/\/easyoriginal.com\/wp-content\/uploads\/Le_Secret_de_Cavaillon_printcover.jpg","width":1600,"height":2400},{"@type":"BreadcrumbList","@id":"https:\/\/easyoriginal.com\/shop\/modern-franzoesisch-frank-a1-a2\/le-secret-de-cavaillon-das-geheimnis-von-cavaillon\/#breadcrumb","itemListElement":[{"@type":"ListItem","position":1,"name":"Startseite","item":"https:\/\/easyoriginal.com\/"},{"@type":"ListItem","position":2,"name":"Shop","item":"https:\/\/easyoriginal.com\/shop\/"},{"@type":"ListItem","position":3,"name":"Le Secret de Cavaillon \u2014 Das Geheimnis von Cavaillon"}]},{"@type":"WebSite","@id":"https:\/\/easyoriginal.com\/#website","url":"https:\/\/easyoriginal.com\/","name":"EasyOriginal.com","description":"Spa\u00df am Lesen im Original - Innovative Lesemethode f\u00fcr Fremdsprachen","publisher":{"@id":"https:\/\/easyoriginal.com\/#organization"},"potentialAction":[{"@type":"SearchAction","target":{"@type":"EntryPoint","urlTemplate":"https:\/\/easyoriginal.com\/?s={search_term_string}"},"query-input":{"@type":"PropertyValueSpecification","valueRequired":true,"valueName":"search_term_string"}}],"inLanguage":"en-GB"},{"@type":"Organization","@id":"https:\/\/easyoriginal.com\/#organization","name":"EasyOriginal Verlag","url":"https:\/\/easyoriginal.com\/","logo":{"@type":"ImageObject","inLanguage":"en-GB","@id":"https:\/\/easyoriginal.com\/#\/schema\/logo\/image\/","url":"https:\/\/easyoriginal.com\/wp-content\/uploads\/2020\/08\/logo_main.png","contentUrl":"https:\/\/easyoriginal.com\/wp-content\/uploads\/2020\/08\/logo_main.png","width":500,"height":103,"caption":"EasyOriginal Verlag"},"image":{"@id":"https:\/\/easyoriginal.com\/#\/schema\/logo\/image\/"}}]}},"_links":{"self":[{"href":"https:\/\/easyoriginal.com\/en\/wp-json\/wp\/v2\/product\/16787","targetHints":{"allow":["GET"]}}],"collection":[{"href":"https:\/\/easyoriginal.com\/en\/wp-json\/wp\/v2\/product"}],"about":[{"href":"https:\/\/easyoriginal.com\/en\/wp-json\/wp\/v2\/types\/product"}],"replies":[{"embeddable":true,"href":"https:\/\/easyoriginal.com\/en\/wp-json\/wp\/v2\/comments?post=16787"}],"wp:featuredmedia":[{"embeddable":true,"href":"https:\/\/easyoriginal.com\/en\/wp-json\/wp\/v2\/media\/16793"}],"wp:attachment":[{"href":"https:\/\/easyoriginal.com\/en\/wp-json\/wp\/v2\/media?parent=16787"}],"wp:term":[{"taxonomy":"product_brand","embeddable":true,"href":"https:\/\/easyoriginal.com\/en\/wp-json\/wp\/v2\/product_brand?post=16787"},{"taxonomy":"product_cat","embeddable":true,"href":"https:\/\/easyoriginal.com\/en\/wp-json\/wp\/v2\/product_cat?post=16787"},{"taxonomy":"product_tag","embeddable":true,"href":"https:\/\/easyoriginal.com\/en\/wp-json\/wp\/v2\/product_tag?post=16787"}],"curies":[{"name":"wp","href":"https:\/\/api.w.org\/{rel}","templated":true}]}}