{"id":16730,"date":"2025-12-20T12:10:42","date_gmt":"2025-12-20T11:10:42","guid":{"rendered":"https:\/\/easyoriginal.com\/?post_type=product&#038;p=16730"},"modified":"2026-02-06T15:59:01","modified_gmt":"2026-02-06T14:59:01","slug":"el-ultimo-turno-del-farero-die-letzte-schicht-des-leuchtturmwaerters","status":"publish","type":"product","link":"https:\/\/easyoriginal.com\/en\/shop\/modern-spanisch-frank-a1-a2\/el-ultimo-turno-del-farero-die-letzte-schicht-des-leuchtturmwaerters\/","title":{"rendered":"El \u00daltimo Turno del Farero &#8211; Die letzte Schicht des Leuchtturmw\u00e4rters"},"content":{"rendered":"<div class=\"adapted-container\">\n<p class=\"Adapted\">La tormenta <span class=\"Translation\">(der Sturm)<\/span><\/p>\n<p class=\"Adapted\">Era una noche oscura en Costa Bermeja <span class=\"Translation\">(es war eine dunkle Nacht in Costa Bermej<\/span><span class=\"Translation\"><span class=\"No-Break\">a;<\/span><\/span><span class=\"Translation\"><span class=\"Comments\"> <\/span><\/span><span class=\"Translation\"><span class=\"Comment-Words\">costa<\/span><\/span><span class=\"Translation\"><span class=\"Sub _idGenCharOverride-1\">f<\/span><\/span><span class=\"Translation\"><span class=\"No-Break\"><span class=\"Comments\"> \u2014<\/span><\/span><\/span><span class=\"Translation\"><span class=\"Comments\"> K\u00fcst<\/span><\/span><span class=\"Translation\"><span class=\"No-Break\"><span class=\"Comments\">e;<\/span><\/span><\/span><span class=\"Translation\"><span class=\"Comments\"> <\/span><\/span><span class=\"Translation\"><span class=\"Comment-Words\">bermejo<\/span><\/span><span class=\"Translation\"><span class=\"No-Break\"><span class=\"Comments\"> \u2014<\/span><\/span><\/span><span class=\"Translation\"><span class=\"Comments\"> r\u00f6tlich, kupferfarben<\/span><\/span><span class=\"Translation\">)<\/span>. Una gran tormenta llegaba desde el mar <span class=\"Translation\">(ein gro\u00dfer Sturm kam vom Meer)<\/span>. El viento soplaba con fuerza <span class=\"Translation\">(der Wind wehte stark: \u00abmit Kraft<\/span><span class=\"Translation\"><span class=\"No-Break\">\u00bb;<\/span><\/span><span class=\"Translation\"><span class=\"Comments\"> <\/span><\/span><span class=\"Translation\"><span class=\"Comment-Words\">fuerza<\/span><\/span><span class=\"Translation\"><span class=\"Sub _idGenCharOverride-1\">f<\/span><\/span><span class=\"Translation\"><span class=\"No-Break\"><span class=\"Comments\"> \u2014<\/span><\/span><\/span><span class=\"Translation\"><span class=\"Comments\"> Kraft, St\u00e4rke<\/span><\/span><span class=\"Translation\">)<\/span> y la lluvia ca\u00eda con intensidad <span class=\"Translation\">(und der Regen fiel heftig: \u00abmit Intensit\u00e4t<\/span><span class=\"Translation\"><span class=\"No-Break\">\u00bb;<\/span><\/span><span class=\"Translation\"><span class=\"Comments\"> <\/span><\/span><span class=\"Translation\"><span class=\"Comment-Words\">caer<\/span><\/span><span class=\"Translation\"><span class=\"No-Break\"><span class=\"Comments\"> \u2014<\/span><\/span><\/span><span class=\"Translation\"><span class=\"Comments\"> falle<\/span><\/span><span class=\"Translation\"><span class=\"No-Break\"><span class=\"Comments\">n;<\/span><\/span><\/span><span class=\"Translation\"><span class=\"Comments\"> <\/span><\/span><span class=\"Translation\"><span class=\"Comment-Words\">intensidad<\/span><\/span><span class=\"Translation\"><span class=\"Sub _idGenCharOverride-1\">f<\/span><\/span><span class=\"Translation\"><span class=\"No-Break\"><span class=\"Comments\"> \u2014<\/span><\/span><\/span><span class=\"Translation\"><span class=\"Comments\"> Intensit\u00e4t, Heftigkeit<\/span><\/span><span class=\"Translation\">)<\/span>. Las olas golpeaban violentamente contra las rocas de la costa <span class=\"Translation\">(die Wellen schlugen heftig gegen die Felsen der K\u00fcste)<\/span>.<\/p>\n<\/div>\n<audio class=\"wp-audio-shortcode\" id=\"audio-16730-1\" preload=\"none\" style=\"width: 100%;\" controls=\"controls\"><source type=\"audio\/mpeg\" src=\"https:\/\/easyoriginal1.s3.eu-central-1.amazonaws.com\/spanisch\/s41\/001.mp3?_=1\" \/><a href=\"https:\/\/easyoriginal1.s3.eu-central-1.amazonaws.com\/spanisch\/s41\/001.mp3\">https:\/\/easyoriginal1.s3.eu-central-1.amazonaws.com\/spanisch\/s41\/001.mp3<\/a><\/audio>\n<div class=\"original-container\">\n<p class=\"Original\" lang=\"es-ES\">La tormenta<\/p>\n<p class=\"Original\" lang=\"es-ES\">Era una noche oscura en Costa Bermeja. Una gran tormenta llegaba desde el mar. El viento soplaba con fuerza y la lluvia ca\u00eda con intensidad. Las olas golpeaban violentamente contra las rocas de la costa.<\/p>\n<\/div>","protected":false},"excerpt":{"rendered":"<p>Stell dir eine dunkle Nacht an der st\u00fcrmischen Costa Bermeja vor. Der Wind heult, das Meer tobt, und oben auf den Klippen dreht sich ruhig das Licht des alten Leuchtturms. Doch genau in dieser Nacht sieht der erfahrene Leuchtturmw\u00e4rter August\u00edn Mill\u00e1n seltsame Lichter auf dem Meer \u2013 Lichter, die niemand erkl\u00e4ren kann.<br \/>\nAm n\u00e4chsten Morgen wird sein lebloser K\u00f6rper auf den Felsen gefunden. Zun\u00e4chst scheint alles auf einen tragischen Unfall hinzuweisen, doch bald entdeckt Inspektor Ismael Larrea, dass es mehr Fragen als Antworten gibt. Ein mysteri\u00f6ses Tagebuch mit verst\u00f6renden Eintr\u00e4gen, verborgene Tunnel unter dem historischen Leuchtturm und Geheimnisse, die weit in die Vergangenheit reichen&#8230;<br \/>\nEl \u00daltimo Turno del Farero nimmt Sie mit auf eine spannende und geheimnisvolle Reise, in der nichts ist, wie es scheint. Begleiten Sie den hartn\u00e4ckigen Inspektor Larrea und die mutige Taucherin Ana Torres, w\u00e4hrend sie Licht in ein dunkles R\u00e4tsel bringen, das die friedliche K\u00fcste von Costa Bermeja ersch\u00fcttert.<br \/>\nEin atmosph\u00e4rischer Krimi voller \u00dcberraschungen, der Sie von der ersten Seite an fesseln wird!<br \/>\nZweisprachiges Buch Spanisch-Deutsch.<\/p>","protected":false},"featured_media":16736,"comment_status":"open","ping_status":"closed","template":"","meta":{"_acf_changed":false,"_et_pb_use_builder":"off","_et_pb_old_content":"<div class=\"adapted-container\">\r\n<p class=\"Adapted\"><span class=\"Bold\">Hace mucho tiempo que ten\u00eda ganas de escribir <\/span><span class=\"Translation\">(seit langer Zeit hatte ich Lust zu schreiben; <\/span><span class=\"Translation\"><span class=\"Comment-Words\">tener<\/span><\/span><span class=\"Translation\"><span class=\"Comments\"> \u2014 haben<\/span><\/span><span class=\"Translation\">)<\/span><span class=\"Bold\"> cualquier cosa con este t\u00edtulo <\/span><span class=\"Translation\">(irgendetwas mit diesem Titel)<\/span><span class=\"Bold\">.<\/span><\/p>\r\n<p class=\"Adapted\"><span class=\"Bold\">Hoy<a id=\"_idTextAnchor001\"><\/a>, que se me ha presentado ocasi\u00f3n <\/span><span class=\"Translation\">(heute, wo sich mir \/eine\/ Gelegenheit geboten hat; <\/span><span class=\"Translation\"><span class=\"Comment-Words\">presentar<\/span><\/span><span class=\"Translation\"><span class=\"Comments\"> \u2014 zeigen; vorstellen<\/span><\/span><span class=\"Translation\">)<\/span><span class=\"Bold\">, lo he puesto con letras grandes <\/span><span class=\"Translation\">(das habe ich in gro\u00dfen Buchstaben gesetzt = habe ich es in Gro\u00dfbuchstaben gesetzt; <\/span><span class=\"Translation\"><span class=\"Comment-Words\">poner<\/span><\/span><span class=\"Translation\"><span class=\"Comments\"> \u2014 setzen; stellen; legen<\/span><\/span><span class=\"Translation\">)<\/span><span class=\"Bold\"> en la primera cuartilla de papel <\/span><span class=\"Translation\">(auf das erste Blatt: \u00abauf das erste Viertelpapier\u00bb; <\/span><span class=\"Translation\"><span class=\"Comment-Words\">cuarto<\/span><\/span><span class=\"Translation\"><span class=\"Gender _idGenCharOverride-1\">m <\/span><\/span><span class=\"Translation\"><span class=\"Comments\">\u2014 Viertel<\/span><\/span><span class=\"Translation\">)<\/span><span class=\"Bold\">, y luego he dejado a capricho volar la pluma <\/span><span class=\"Translation\">(und dann habe ich nach Belieben die Feder fliegen lassen; <\/span><span class=\"Translation\"><span class=\"Comment-Words\">dejar<\/span><\/span><span class=\"Translation\"><span class=\"Comments\"> \u2014 lassen; <\/span><\/span><span class=\"Translation\"><span class=\"Comment-Words\">capricho<\/span><\/span><span class=\"Translation\"><span class=\"Gender _idGenCharOverride-1\">m <\/span><\/span><span class=\"Translation\"><span class=\"Comments\">\u2014 Laune<\/span><\/span><span class=\"Translation\">)<\/span><span class=\"Bold\">.<\/span><\/p>\r\n\r\n<\/div>\r\n[audio mp3=\"https:\/\/easyoriginal1.s3.eu-central-1.amazonaws.com\/spanisch\/s1\/1.mp3\"][\/audio]\r\n<div class=\"original-container\">\r\n<p class=\"Original\">Hace mucho tiempo que ten\u00eda ganas de escribir cualquier cosa con este t\u00edtulo.<\/p>\r\n<p class=\"Original\">Hoy, que se me ha presentado ocasi\u00f3n, lo he puesto con letras grandes en la primera cuartilla de papel, y luego he dejado a capricho volar la pluma.<\/p>\r\n\r\n<\/div>\r\n<a class=\"weiter\" href=\"\/webreader\/los-ojos-verdes\/fragment\/1-4-2\/\">weiter lesen<\/a>","_et_gb_content_width":""},"product_brand":[],"product_cat":[269],"product_tag":[164,81],"class_list":{"0":"post-16730","1":"product","2":"type-product","3":"status-publish","4":"has-post-thumbnail","6":"product_cat-modern-spanisch-frank-a1-a2","7":"product_tag-anfaenger","8":"product_tag-krimi","10":"first","11":"instock","12":"taxable","13":"shipping-taxable","14":"purchasable","15":"product-type-variable"},"acf":[],"yoast_head":"<!-- This site is optimized with the Yoast SEO plugin v27.3 - https:\/\/yoast.com\/product\/yoast-seo-wordpress\/ -->\n<title>El \u00daltimo Turno del Farero - Die letzte Schicht des Leuchtturmw\u00e4rters - EasyOriginal.com<\/title>\n<meta name=\"robots\" content=\"index, follow, max-snippet:-1, max-image-preview:large, max-video-preview:-1\" \/>\n<link rel=\"canonical\" href=\"https:\/\/easyoriginal.com\/en\/shop\/modern-spanisch-frank-a1-a2\/el-ultimo-turno-del-farero-die-letzte-schicht-des-leuchtturmwaerters\/\" \/>\n<meta property=\"og:locale\" content=\"en_GB\" \/>\n<meta property=\"og:type\" content=\"article\" \/>\n<meta property=\"og:title\" content=\"El \u00daltimo Turno del Farero - Die letzte Schicht des Leuchtturmw\u00e4rters - EasyOriginal.com\" \/>\n<meta property=\"og:description\" content=\"Stell dir eine dunkle Nacht an der st\u00fcrmischen Costa Bermeja vor. Der Wind heult, das Meer tobt, und oben auf den Klippen dreht sich ruhig das Licht des alten Leuchtturms. Doch genau in dieser Nacht sieht der erfahrene Leuchtturmw\u00e4rter August\u00edn Mill\u00e1n seltsame Lichter auf dem Meer \u2013 Lichter, die niemand erkl\u00e4ren kann. Am n\u00e4chsten Morgen wird sein lebloser K\u00f6rper auf den Felsen gefunden. Zun\u00e4chst scheint alles auf einen tragischen Unfall hinzuweisen, doch bald entdeckt Inspektor Ismael Larrea, dass es mehr Fragen als Antworten gibt. Ein mysteri\u00f6ses Tagebuch mit verst\u00f6renden Eintr\u00e4gen, verborgene Tunnel unter dem historischen Leuchtturm und Geheimnisse, die weit in die Vergangenheit reichen... El \u00daltimo Turno del Farero nimmt Sie mit auf eine spannende und geheimnisvolle Reise, in der nichts ist, wie es scheint. Begleiten Sie den hartn\u00e4ckigen Inspektor Larrea und die mutige Taucherin Ana Torres, w\u00e4hrend sie Licht in ein dunkles R\u00e4tsel bringen, das die friedliche K\u00fcste von Costa Bermeja ersch\u00fcttert. Ein atmosph\u00e4rischer Krimi voller \u00dcberraschungen, der Sie von der ersten Seite an fesseln wird! Zweisprachiges Buch Spanisch-Deutsch.\" \/>\n<meta property=\"og:url\" content=\"https:\/\/easyoriginal.com\/en\/shop\/modern-spanisch-frank-a1-a2\/el-ultimo-turno-del-farero-die-letzte-schicht-des-leuchtturmwaerters\/\" \/>\n<meta property=\"og:site_name\" content=\"EasyOriginal.com\" \/>\n<meta property=\"article:modified_time\" content=\"2026-02-06T14:59:01+00:00\" \/>\n<meta property=\"og:image\" content=\"https:\/\/easyoriginal.com\/wp-content\/uploads\/El_Ultimo_Turno_del_Farero_printcover.jpg\" \/>\n\t<meta property=\"og:image:width\" content=\"1600\" \/>\n\t<meta property=\"og:image:height\" content=\"2400\" \/>\n\t<meta property=\"og:image:type\" content=\"image\/jpeg\" \/>\n<meta name=\"twitter:card\" content=\"summary_large_image\" \/>\n<meta name=\"twitter:label1\" content=\"Estimated reading time\" \/>\n\t<meta name=\"twitter:data1\" content=\"2 minutes\" \/>\n<script type=\"application\/ld+json\" class=\"yoast-schema-graph\">{\"@context\":\"https:\\\/\\\/schema.org\",\"@graph\":[{\"@type\":\"WebPage\",\"@id\":\"https:\\\/\\\/easyoriginal.com\\\/shop\\\/modern-spanisch-frank-a1-a2\\\/el-ultimo-turno-del-farero-die-letzte-schicht-des-leuchtturmwaerters\\\/\",\"url\":\"https:\\\/\\\/easyoriginal.com\\\/shop\\\/modern-spanisch-frank-a1-a2\\\/el-ultimo-turno-del-farero-die-letzte-schicht-des-leuchtturmwaerters\\\/\",\"name\":\"El \u00daltimo Turno del Farero - Die letzte Schicht des Leuchtturmw\u00e4rters - EasyOriginal.com\",\"isPartOf\":{\"@id\":\"https:\\\/\\\/easyoriginal.com\\\/#website\"},\"primaryImageOfPage\":{\"@id\":\"https:\\\/\\\/easyoriginal.com\\\/shop\\\/modern-spanisch-frank-a1-a2\\\/el-ultimo-turno-del-farero-die-letzte-schicht-des-leuchtturmwaerters\\\/#primaryimage\"},\"image\":{\"@id\":\"https:\\\/\\\/easyoriginal.com\\\/shop\\\/modern-spanisch-frank-a1-a2\\\/el-ultimo-turno-del-farero-die-letzte-schicht-des-leuchtturmwaerters\\\/#primaryimage\"},\"thumbnailUrl\":\"https:\\\/\\\/easyoriginal.com\\\/wp-content\\\/uploads\\\/El_Ultimo_Turno_del_Farero_printcover.jpg\",\"datePublished\":\"2025-12-20T11:10:42+00:00\",\"dateModified\":\"2026-02-06T14:59:01+00:00\",\"breadcrumb\":{\"@id\":\"https:\\\/\\\/easyoriginal.com\\\/shop\\\/modern-spanisch-frank-a1-a2\\\/el-ultimo-turno-del-farero-die-letzte-schicht-des-leuchtturmwaerters\\\/#breadcrumb\"},\"inLanguage\":\"en-GB\",\"potentialAction\":[{\"@type\":\"ReadAction\",\"target\":[\"https:\\\/\\\/easyoriginal.com\\\/shop\\\/modern-spanisch-frank-a1-a2\\\/el-ultimo-turno-del-farero-die-letzte-schicht-des-leuchtturmwaerters\\\/\"]}]},{\"@type\":\"ImageObject\",\"inLanguage\":\"en-GB\",\"@id\":\"https:\\\/\\\/easyoriginal.com\\\/shop\\\/modern-spanisch-frank-a1-a2\\\/el-ultimo-turno-del-farero-die-letzte-schicht-des-leuchtturmwaerters\\\/#primaryimage\",\"url\":\"https:\\\/\\\/easyoriginal.com\\\/wp-content\\\/uploads\\\/El_Ultimo_Turno_del_Farero_printcover.jpg\",\"contentUrl\":\"https:\\\/\\\/easyoriginal.com\\\/wp-content\\\/uploads\\\/El_Ultimo_Turno_del_Farero_printcover.jpg\",\"width\":1600,\"height\":2400},{\"@type\":\"BreadcrumbList\",\"@id\":\"https:\\\/\\\/easyoriginal.com\\\/shop\\\/modern-spanisch-frank-a1-a2\\\/el-ultimo-turno-del-farero-die-letzte-schicht-des-leuchtturmwaerters\\\/#breadcrumb\",\"itemListElement\":[{\"@type\":\"ListItem\",\"position\":1,\"name\":\"Startseite\",\"item\":\"https:\\\/\\\/easyoriginal.com\\\/\"},{\"@type\":\"ListItem\",\"position\":2,\"name\":\"Shop\",\"item\":\"https:\\\/\\\/easyoriginal.com\\\/shop\\\/\"},{\"@type\":\"ListItem\",\"position\":3,\"name\":\"El \u00daltimo Turno del Farero &#8211; Die letzte Schicht des Leuchtturmw\u00e4rters\"}]},{\"@type\":\"WebSite\",\"@id\":\"https:\\\/\\\/easyoriginal.com\\\/#website\",\"url\":\"https:\\\/\\\/easyoriginal.com\\\/\",\"name\":\"EasyOriginal.com\",\"description\":\"Spa\u00df am Lesen im Original - Innovative Lesemethode f\u00fcr Fremdsprachen\",\"publisher\":{\"@id\":\"https:\\\/\\\/easyoriginal.com\\\/#organization\"},\"potentialAction\":[{\"@type\":\"SearchAction\",\"target\":{\"@type\":\"EntryPoint\",\"urlTemplate\":\"https:\\\/\\\/easyoriginal.com\\\/?s={search_term_string}\"},\"query-input\":{\"@type\":\"PropertyValueSpecification\",\"valueRequired\":true,\"valueName\":\"search_term_string\"}}],\"inLanguage\":\"en-GB\"},{\"@type\":\"Organization\",\"@id\":\"https:\\\/\\\/easyoriginal.com\\\/#organization\",\"name\":\"EasyOriginal Verlag\",\"url\":\"https:\\\/\\\/easyoriginal.com\\\/\",\"logo\":{\"@type\":\"ImageObject\",\"inLanguage\":\"en-GB\",\"@id\":\"https:\\\/\\\/easyoriginal.com\\\/#\\\/schema\\\/logo\\\/image\\\/\",\"url\":\"https:\\\/\\\/easyoriginal.com\\\/wp-content\\\/uploads\\\/2020\\\/08\\\/logo_main.png\",\"contentUrl\":\"https:\\\/\\\/easyoriginal.com\\\/wp-content\\\/uploads\\\/2020\\\/08\\\/logo_main.png\",\"width\":500,\"height\":103,\"caption\":\"EasyOriginal Verlag\"},\"image\":{\"@id\":\"https:\\\/\\\/easyoriginal.com\\\/#\\\/schema\\\/logo\\\/image\\\/\"}}]}<\/script>\n<!-- \/ Yoast SEO plugin. -->","yoast_head_json":{"title":"El \u00daltimo Turno del Farero - Die letzte Schicht des Leuchtturmw\u00e4rters - EasyOriginal.com","robots":{"index":"index","follow":"follow","max-snippet":"max-snippet:-1","max-image-preview":"max-image-preview:large","max-video-preview":"max-video-preview:-1"},"canonical":"https:\/\/easyoriginal.com\/en\/shop\/modern-spanisch-frank-a1-a2\/el-ultimo-turno-del-farero-die-letzte-schicht-des-leuchtturmwaerters\/","og_locale":"en_GB","og_type":"article","og_title":"El \u00daltimo Turno del Farero - Die letzte Schicht des Leuchtturmw\u00e4rters - EasyOriginal.com","og_description":"Stell dir eine dunkle Nacht an der st\u00fcrmischen Costa Bermeja vor. Der Wind heult, das Meer tobt, und oben auf den Klippen dreht sich ruhig das Licht des alten Leuchtturms. Doch genau in dieser Nacht sieht der erfahrene Leuchtturmw\u00e4rter August\u00edn Mill\u00e1n seltsame Lichter auf dem Meer \u2013 Lichter, die niemand erkl\u00e4ren kann. Am n\u00e4chsten Morgen wird sein lebloser K\u00f6rper auf den Felsen gefunden. Zun\u00e4chst scheint alles auf einen tragischen Unfall hinzuweisen, doch bald entdeckt Inspektor Ismael Larrea, dass es mehr Fragen als Antworten gibt. Ein mysteri\u00f6ses Tagebuch mit verst\u00f6renden Eintr\u00e4gen, verborgene Tunnel unter dem historischen Leuchtturm und Geheimnisse, die weit in die Vergangenheit reichen... El \u00daltimo Turno del Farero nimmt Sie mit auf eine spannende und geheimnisvolle Reise, in der nichts ist, wie es scheint. Begleiten Sie den hartn\u00e4ckigen Inspektor Larrea und die mutige Taucherin Ana Torres, w\u00e4hrend sie Licht in ein dunkles R\u00e4tsel bringen, das die friedliche K\u00fcste von Costa Bermeja ersch\u00fcttert. Ein atmosph\u00e4rischer Krimi voller \u00dcberraschungen, der Sie von der ersten Seite an fesseln wird! Zweisprachiges Buch Spanisch-Deutsch.","og_url":"https:\/\/easyoriginal.com\/en\/shop\/modern-spanisch-frank-a1-a2\/el-ultimo-turno-del-farero-die-letzte-schicht-des-leuchtturmwaerters\/","og_site_name":"EasyOriginal.com","article_modified_time":"2026-02-06T14:59:01+00:00","og_image":[{"width":1600,"height":2400,"url":"https:\/\/easyoriginal.com\/wp-content\/uploads\/El_Ultimo_Turno_del_Farero_printcover.jpg","type":"image\/jpeg"}],"twitter_card":"summary_large_image","twitter_misc":{"Estimated reading time":"2 minutes"},"schema":{"@context":"https:\/\/schema.org","@graph":[{"@type":"WebPage","@id":"https:\/\/easyoriginal.com\/shop\/modern-spanisch-frank-a1-a2\/el-ultimo-turno-del-farero-die-letzte-schicht-des-leuchtturmwaerters\/","url":"https:\/\/easyoriginal.com\/shop\/modern-spanisch-frank-a1-a2\/el-ultimo-turno-del-farero-die-letzte-schicht-des-leuchtturmwaerters\/","name":"El \u00daltimo Turno del Farero - Die letzte Schicht des Leuchtturmw\u00e4rters - EasyOriginal.com","isPartOf":{"@id":"https:\/\/easyoriginal.com\/#website"},"primaryImageOfPage":{"@id":"https:\/\/easyoriginal.com\/shop\/modern-spanisch-frank-a1-a2\/el-ultimo-turno-del-farero-die-letzte-schicht-des-leuchtturmwaerters\/#primaryimage"},"image":{"@id":"https:\/\/easyoriginal.com\/shop\/modern-spanisch-frank-a1-a2\/el-ultimo-turno-del-farero-die-letzte-schicht-des-leuchtturmwaerters\/#primaryimage"},"thumbnailUrl":"https:\/\/easyoriginal.com\/wp-content\/uploads\/El_Ultimo_Turno_del_Farero_printcover.jpg","datePublished":"2025-12-20T11:10:42+00:00","dateModified":"2026-02-06T14:59:01+00:00","breadcrumb":{"@id":"https:\/\/easyoriginal.com\/shop\/modern-spanisch-frank-a1-a2\/el-ultimo-turno-del-farero-die-letzte-schicht-des-leuchtturmwaerters\/#breadcrumb"},"inLanguage":"en-GB","potentialAction":[{"@type":"ReadAction","target":["https:\/\/easyoriginal.com\/shop\/modern-spanisch-frank-a1-a2\/el-ultimo-turno-del-farero-die-letzte-schicht-des-leuchtturmwaerters\/"]}]},{"@type":"ImageObject","inLanguage":"en-GB","@id":"https:\/\/easyoriginal.com\/shop\/modern-spanisch-frank-a1-a2\/el-ultimo-turno-del-farero-die-letzte-schicht-des-leuchtturmwaerters\/#primaryimage","url":"https:\/\/easyoriginal.com\/wp-content\/uploads\/El_Ultimo_Turno_del_Farero_printcover.jpg","contentUrl":"https:\/\/easyoriginal.com\/wp-content\/uploads\/El_Ultimo_Turno_del_Farero_printcover.jpg","width":1600,"height":2400},{"@type":"BreadcrumbList","@id":"https:\/\/easyoriginal.com\/shop\/modern-spanisch-frank-a1-a2\/el-ultimo-turno-del-farero-die-letzte-schicht-des-leuchtturmwaerters\/#breadcrumb","itemListElement":[{"@type":"ListItem","position":1,"name":"Startseite","item":"https:\/\/easyoriginal.com\/"},{"@type":"ListItem","position":2,"name":"Shop","item":"https:\/\/easyoriginal.com\/shop\/"},{"@type":"ListItem","position":3,"name":"El \u00daltimo Turno del Farero &#8211; Die letzte Schicht des Leuchtturmw\u00e4rters"}]},{"@type":"WebSite","@id":"https:\/\/easyoriginal.com\/#website","url":"https:\/\/easyoriginal.com\/","name":"EasyOriginal.com","description":"Spa\u00df am Lesen im Original - Innovative Lesemethode f\u00fcr Fremdsprachen","publisher":{"@id":"https:\/\/easyoriginal.com\/#organization"},"potentialAction":[{"@type":"SearchAction","target":{"@type":"EntryPoint","urlTemplate":"https:\/\/easyoriginal.com\/?s={search_term_string}"},"query-input":{"@type":"PropertyValueSpecification","valueRequired":true,"valueName":"search_term_string"}}],"inLanguage":"en-GB"},{"@type":"Organization","@id":"https:\/\/easyoriginal.com\/#organization","name":"EasyOriginal Verlag","url":"https:\/\/easyoriginal.com\/","logo":{"@type":"ImageObject","inLanguage":"en-GB","@id":"https:\/\/easyoriginal.com\/#\/schema\/logo\/image\/","url":"https:\/\/easyoriginal.com\/wp-content\/uploads\/2020\/08\/logo_main.png","contentUrl":"https:\/\/easyoriginal.com\/wp-content\/uploads\/2020\/08\/logo_main.png","width":500,"height":103,"caption":"EasyOriginal Verlag"},"image":{"@id":"https:\/\/easyoriginal.com\/#\/schema\/logo\/image\/"}}]}},"_links":{"self":[{"href":"https:\/\/easyoriginal.com\/en\/wp-json\/wp\/v2\/product\/16730","targetHints":{"allow":["GET"]}}],"collection":[{"href":"https:\/\/easyoriginal.com\/en\/wp-json\/wp\/v2\/product"}],"about":[{"href":"https:\/\/easyoriginal.com\/en\/wp-json\/wp\/v2\/types\/product"}],"replies":[{"embeddable":true,"href":"https:\/\/easyoriginal.com\/en\/wp-json\/wp\/v2\/comments?post=16730"}],"wp:featuredmedia":[{"embeddable":true,"href":"https:\/\/easyoriginal.com\/en\/wp-json\/wp\/v2\/media\/16736"}],"wp:attachment":[{"href":"https:\/\/easyoriginal.com\/en\/wp-json\/wp\/v2\/media?parent=16730"}],"wp:term":[{"taxonomy":"product_brand","embeddable":true,"href":"https:\/\/easyoriginal.com\/en\/wp-json\/wp\/v2\/product_brand?post=16730"},{"taxonomy":"product_cat","embeddable":true,"href":"https:\/\/easyoriginal.com\/en\/wp-json\/wp\/v2\/product_cat?post=16730"},{"taxonomy":"product_tag","embeddable":true,"href":"https:\/\/easyoriginal.com\/en\/wp-json\/wp\/v2\/product_tag?post=16730"}],"curies":[{"name":"wp","href":"https:\/\/api.w.org\/{rel}","templated":true}]}}