{"id":16698,"date":"2025-12-16T22:02:59","date_gmt":"2025-12-16T21:02:59","guid":{"rendered":"https:\/\/easyoriginal.com\/?post_type=product&#038;p=16698"},"modified":"2026-02-10T06:12:33","modified_gmt":"2026-02-10T05:12:33","slug":"el-coleccionista-de-coral-der-korallensammler","status":"publish","type":"product","link":"https:\/\/easyoriginal.com\/en\/shop\/modern-spanisch-frank-a1-a2\/el-coleccionista-de-coral-der-korallensammler\/","title":{"rendered":"El Coleccionista de Coral \u2014 Der Korallensammler"},"content":{"rendered":"<div class=\"adapted-container\">\n<p class=\"Adapted\">Un descubrimiento macabro <span class=\"Translation\">(eine makabre Entdeckun<\/span><span class=\"Translation\"><span class=\"No-Break\">g;<\/span><\/span><span class=\"Translation\"> <\/span><span class=\"Translation\"><span class=\"Comment-Words\">descubrimiento<\/span><\/span><span class=\"Translation\"><span class=\"No-Break\"> <\/span><\/span><span class=\"Translation\"><span class=\"No-Break\"><span class=\"Comments\">\u2014<\/span><\/span><\/span><span class=\"Translation\"><span class=\"Comments\"> Entdeckun<\/span><\/span><span class=\"Translation\"><span class=\"No-Break\"><span class=\"Comments\">g;<\/span><\/span><\/span><span class=\"Translation\"><span class=\"Comments\"> <\/span><\/span><span class=\"Translation\"><span class=\"Comment-Words\">descubrir<\/span><\/span><span class=\"Translation\"><span class=\"No-Break\"> <\/span><\/span><span class=\"Translation\"><span class=\"No-Break\"><span class=\"Comments\">\u2014<\/span><\/span><\/span><span class=\"Translation\"><span class=\"Comments\"> entdecken<\/span><\/span><span class=\"Translation\">)<\/span><\/p>\n<p class=\"Adapted\">Era una ma\u00f1ana tranquila en Costa Bermeja <span class=\"Translation\">(es war ein ruhiger Morgen in Costa Bermej<\/span><span class=\"Translation\"><span class=\"No-Break\">a;<\/span><\/span><span class=\"Translation\"> <\/span><span class=\"Translation\"><span class=\"Comment-Words\">costa<\/span><\/span><span class=\"Translation\"><span class=\"Sub _idGenCharOverride-1\">f<\/span><\/span><span class=\"Translation\"><span class=\"No-Break\"> \u2014<\/span><\/span><span class=\"Translation\"><span class=\"Comments\"> K\u00fcst<\/span><\/span><span class=\"Translation\"><span class=\"No-Break\"><span class=\"Comments\">e;<\/span><\/span><\/span><span class=\"Translation\"> <\/span><span class=\"Translation\"><span class=\"Comment-Words\">bermejo<\/span><\/span><span class=\"Translation\"><span class=\"No-Break\"> <\/span><\/span><span class=\"Translation\"><span class=\"No-Break\"><span class=\"Comments\">\u2014<\/span><\/span><\/span><span class=\"Translation\"><span class=\"Comments\"> r\u00f6tlich, kupferfarben<\/span><\/span><span class=\"Translation\">)<\/span>. El sol brillaba en el cielo azul <span class=\"Translation\">(die Sonne schien am blauen Himme<\/span><span class=\"Translation\"><span class=\"No-Break\">l;<\/span><\/span><span class=\"Translation\"> <\/span><span class=\"Translation\"><span class=\"Comment-Words\">brillar<\/span><\/span><span class=\"Translation\"><span class=\"No-Break\"> <\/span><\/span><span class=\"Translation\"><span class=\"No-Break\"><span class=\"Comments\">\u2014<\/span><\/span><\/span><span class=\"Translation\"><span class=\"Comments\"> scheinen, gl\u00e4nzen<\/span><\/span><span class=\"Translation\">)<\/span> y la playa estaba casi vac\u00eda <span class=\"Translation\">(und der Strand war fast leer)<\/span>. Solo se o\u00eda el suave sonido de las olas <span class=\"Translation\">(man h\u00f6rte nur das sanfte Ger\u00e4usch der Welle<\/span><span class=\"Translation\"><span class=\"No-Break\">n;<\/span><\/span><span class=\"Translation\"> <\/span><span class=\"Translation\"><span class=\"Comment-Words\">o\u00edr<\/span><\/span><span class=\"Translation\"><span class=\"No-Break\"> \u2014<\/span><\/span><span class=\"Translation\"> <\/span><span class=\"Translation\"><span class=\"Comments\">h\u00f6ren<\/span><\/span><span class=\"Translation\">)<\/span>. Ana Torres caminaba por la arena con su equipo de buceo <span class=\"Translation\">(Ana Torres ging \u00fcber den Sand mit ihrer Tauchausr\u00fcstun<\/span><span class=\"Translation\"><span class=\"No-Break\">g;<\/span><\/span><span class=\"Translation\"> <\/span><span class=\"Translation\"><span class=\"Comment-Words\">buceo<\/span><\/span><span class=\"Translation\"><span class=\"No-Break\"> \u2014<\/span><\/span><span class=\"Translation\"> <\/span><span class=\"Translation\"><span class=\"Comments\">Tauche<\/span><\/span><span class=\"Translation\"><span class=\"No-Break\"><span class=\"Comments\">n;<\/span><\/span><\/span><span class=\"Translation\"><span class=\"Comments\"> <\/span><\/span><span class=\"Translation\"><span class=\"Comment-Words\">bucear<\/span><\/span><span class=\"Translation\"><span class=\"No-Break\"> \u2014<\/span><\/span><span class=\"Translation\"> <\/span><span class=\"Translation\"><span class=\"Comments\">tauchen<\/span><\/span><span class=\"Translation\">)<\/span>. Era buceadora local <span class=\"Translation\">(sie war eine einheimische Taucherin)<\/span> y le encantaba explorar el mar <span class=\"Translation\">(und sie liebte es, das Meer zu erkunde<\/span><span class=\"Translation\"><span class=\"No-Break\">n;<\/span><\/span><span class=\"Translation\"> <\/span><span class=\"Translation\"><span class=\"Comment-Words\">encantar<\/span><\/span><span class=\"Translation\"><span class=\"No-Break\"> \u2014<\/span><\/span><span class=\"Translation\"> <\/span><span class=\"Translation\"><span class=\"Comments\">bezauber<\/span><\/span><span class=\"Translation\"><span class=\"No-Break\"><span class=\"Comments\">n;<\/span><\/span><\/span><span class=\"Translation\"><span class=\"Comments\"> hier: begeistert sein, lieben<\/span><\/span><span class=\"Translation\">)<\/span>.<\/p>\n<\/div>\n<audio class=\"wp-audio-shortcode\" id=\"audio-16698-1\" preload=\"none\" style=\"width: 100%;\" controls=\"controls\"><source type=\"audio\/mpeg\" src=\"https:\/\/easyoriginal1.s3.eu-central-1.amazonaws.com\/spanisch\/s40\/001.mp3?_=1\" \/><a href=\"https:\/\/easyoriginal1.s3.eu-central-1.amazonaws.com\/spanisch\/s40\/001.mp3\">https:\/\/easyoriginal1.s3.eu-central-1.amazonaws.com\/spanisch\/s40\/001.mp3<\/a><\/audio>\n<div class=\"original-container\">\n<p class=\"Original\" lang=\"es-ES\">Un silencio preocupante<\/p>\n<p class=\"Original\" lang=\"es-ES\"> Un descubrimiento macabro<\/p>\n<p class=\"Original\" lang=\"es-ES\">Era una ma\u00f1ana tranquila en Costa Bermeja. El sol brillaba en el cielo azul y la playa estaba casi vac\u00eda. Solo se o\u00eda el suave sonido de las olas. Ana Torres caminaba por la arena con su equipo de buceo. Era buceadora local y le encantaba explorar el mar.<\/p>\n<\/div>","protected":false},"excerpt":{"rendered":"<p>In der malerischen K\u00fcstenstadt Costa Bermeja, wo das Meer in schillernden Blaut\u00f6nen funkelt und geheimnisvolle Korallenriffe die Unterwasserwelt verzaubern, wird ein schockierendes Geheimnis enth\u00fcllt. Die erfahrene Taucherin Ana Torres macht eine verst\u00f6rende Entdeckung \u2013 und ruft damit den erfahrenen Ermittler Ismael Larrea auf den Plan.<br \/>\nW\u00e4hrend Larrea tiefer in die Ermittlungen eintaucht, st\u00f6\u00dft er auf ein Netz aus R\u00e4tseln, alten Geheimnissen und verborgenen Machenschaften. Was verbirgt sich in den Tiefen des Mittelmeers? Und wer w\u00fcrde f\u00fcr die wertvollen Korallen bis zum \u00c4u\u00dfersten gehen?<br \/>\nEin atmosph\u00e4rischer Krimi voller Spannung, Intrigen und faszinierender Unterwasserwelt \u2013 El Coleccionista de Coral nimmt Sie mit auf eine atemberaubende Reise zwischen Licht und Schatten, Land und Meer.<br \/>\nZweisprachiges Buch Spanisch-Deutsch.<\/p>","protected":false},"featured_media":16705,"comment_status":"open","ping_status":"closed","template":"","meta":{"_acf_changed":false,"_et_pb_use_builder":"off","_et_pb_old_content":"<div class=\"adapted-container\">\r\n<p class=\"Adapted\"><span class=\"Bold\">Hace mucho tiempo que ten\u00eda ganas de escribir <\/span><span class=\"Translation\">(seit langer Zeit hatte ich Lust zu schreiben; <\/span><span class=\"Translation\"><span class=\"Comment-Words\">tener<\/span><\/span><span class=\"Translation\"><span class=\"Comments\"> \u2014 haben<\/span><\/span><span class=\"Translation\">)<\/span><span class=\"Bold\"> cualquier cosa con este t\u00edtulo <\/span><span class=\"Translation\">(irgendetwas mit diesem Titel)<\/span><span class=\"Bold\">.<\/span><\/p>\r\n<p class=\"Adapted\"><span class=\"Bold\">Hoy<a id=\"_idTextAnchor001\"><\/a>, que se me ha presentado ocasi\u00f3n <\/span><span class=\"Translation\">(heute, wo sich mir \/eine\/ Gelegenheit geboten hat; <\/span><span class=\"Translation\"><span class=\"Comment-Words\">presentar<\/span><\/span><span class=\"Translation\"><span class=\"Comments\"> \u2014 zeigen; vorstellen<\/span><\/span><span class=\"Translation\">)<\/span><span class=\"Bold\">, lo he puesto con letras grandes <\/span><span class=\"Translation\">(das habe ich in gro\u00dfen Buchstaben gesetzt = habe ich es in Gro\u00dfbuchstaben gesetzt; <\/span><span class=\"Translation\"><span class=\"Comment-Words\">poner<\/span><\/span><span class=\"Translation\"><span class=\"Comments\"> \u2014 setzen; stellen; legen<\/span><\/span><span class=\"Translation\">)<\/span><span class=\"Bold\"> en la primera cuartilla de papel <\/span><span class=\"Translation\">(auf das erste Blatt: \u00abauf das erste Viertelpapier\u00bb; <\/span><span class=\"Translation\"><span class=\"Comment-Words\">cuarto<\/span><\/span><span class=\"Translation\"><span class=\"Gender _idGenCharOverride-1\">m <\/span><\/span><span class=\"Translation\"><span class=\"Comments\">\u2014 Viertel<\/span><\/span><span class=\"Translation\">)<\/span><span class=\"Bold\">, y luego he dejado a capricho volar la pluma <\/span><span class=\"Translation\">(und dann habe ich nach Belieben die Feder fliegen lassen; <\/span><span class=\"Translation\"><span class=\"Comment-Words\">dejar<\/span><\/span><span class=\"Translation\"><span class=\"Comments\"> \u2014 lassen; <\/span><\/span><span class=\"Translation\"><span class=\"Comment-Words\">capricho<\/span><\/span><span class=\"Translation\"><span class=\"Gender _idGenCharOverride-1\">m <\/span><\/span><span class=\"Translation\"><span class=\"Comments\">\u2014 Laune<\/span><\/span><span class=\"Translation\">)<\/span><span class=\"Bold\">.<\/span><\/p>\r\n\r\n<\/div>\r\n[audio mp3=\"https:\/\/easyoriginal1.s3.eu-central-1.amazonaws.com\/spanisch\/s1\/1.mp3\"][\/audio]\r\n<div class=\"original-container\">\r\n<p class=\"Original\">Hace mucho tiempo que ten\u00eda ganas de escribir cualquier cosa con este t\u00edtulo.<\/p>\r\n<p class=\"Original\">Hoy, que se me ha presentado ocasi\u00f3n, lo he puesto con letras grandes en la primera cuartilla de papel, y luego he dejado a capricho volar la pluma.<\/p>\r\n\r\n<\/div>\r\n<a class=\"weiter\" href=\"\/webreader\/los-ojos-verdes\/fragment\/1-4-2\/\">weiter lesen<\/a>","_et_gb_content_width":""},"product_brand":[],"product_cat":[269],"product_tag":[164,81],"class_list":{"0":"post-16698","1":"product","2":"type-product","3":"status-publish","4":"has-post-thumbnail","6":"product_cat-modern-spanisch-frank-a1-a2","7":"product_tag-anfaenger","8":"product_tag-krimi","10":"first","11":"instock","12":"taxable","13":"shipping-taxable","14":"purchasable","15":"product-type-variable"},"acf":[],"yoast_head":"<!-- This site is optimized with the Yoast SEO plugin v27.3 - https:\/\/yoast.com\/product\/yoast-seo-wordpress\/ -->\n<title>El Coleccionista de Coral \u2014 Der Korallensammler - EasyOriginal.com<\/title>\n<meta name=\"robots\" content=\"index, follow, max-snippet:-1, max-image-preview:large, max-video-preview:-1\" \/>\n<link rel=\"canonical\" href=\"https:\/\/easyoriginal.com\/en\/shop\/modern-spanisch-frank-a1-a2\/el-coleccionista-de-coral-der-korallensammler\/\" \/>\n<meta property=\"og:locale\" content=\"en_GB\" \/>\n<meta property=\"og:type\" content=\"article\" \/>\n<meta property=\"og:title\" content=\"El Coleccionista de Coral \u2014 Der Korallensammler - EasyOriginal.com\" \/>\n<meta property=\"og:description\" content=\"In der malerischen K\u00fcstenstadt Costa Bermeja, wo das Meer in schillernden Blaut\u00f6nen funkelt und geheimnisvolle Korallenriffe die Unterwasserwelt verzaubern, wird ein schockierendes Geheimnis enth\u00fcllt. Die erfahrene Taucherin Ana Torres macht eine verst\u00f6rende Entdeckung \u2013 und ruft damit den erfahrenen Ermittler Ismael Larrea auf den Plan. W\u00e4hrend Larrea tiefer in die Ermittlungen eintaucht, st\u00f6\u00dft er auf ein Netz aus R\u00e4tseln, alten Geheimnissen und verborgenen Machenschaften. Was verbirgt sich in den Tiefen des Mittelmeers? Und wer w\u00fcrde f\u00fcr die wertvollen Korallen bis zum \u00c4u\u00dfersten gehen? Ein atmosph\u00e4rischer Krimi voller Spannung, Intrigen und faszinierender Unterwasserwelt \u2013 El Coleccionista de Coral nimmt Sie mit auf eine atemberaubende Reise zwischen Licht und Schatten, Land und Meer. Zweisprachiges Buch Spanisch-Deutsch.\" \/>\n<meta property=\"og:url\" content=\"https:\/\/easyoriginal.com\/en\/shop\/modern-spanisch-frank-a1-a2\/el-coleccionista-de-coral-der-korallensammler\/\" \/>\n<meta property=\"og:site_name\" content=\"EasyOriginal.com\" \/>\n<meta property=\"article:modified_time\" content=\"2026-02-10T05:12:33+00:00\" \/>\n<meta property=\"og:image\" content=\"https:\/\/easyoriginal.com\/wp-content\/uploads\/El_Coleccionista_de_Coral_printcover.jpg\" \/>\n\t<meta property=\"og:image:width\" content=\"1600\" \/>\n\t<meta property=\"og:image:height\" content=\"2400\" \/>\n\t<meta property=\"og:image:type\" content=\"image\/jpeg\" \/>\n<meta name=\"twitter:card\" content=\"summary_large_image\" \/>\n<meta name=\"twitter:label1\" content=\"Estimated reading time\" \/>\n\t<meta name=\"twitter:data1\" content=\"2 minutes\" \/>\n<script type=\"application\/ld+json\" class=\"yoast-schema-graph\">{\"@context\":\"https:\\\/\\\/schema.org\",\"@graph\":[{\"@type\":\"WebPage\",\"@id\":\"https:\\\/\\\/easyoriginal.com\\\/shop\\\/modern-spanisch-frank-a1-a2\\\/el-coleccionista-de-coral-der-korallensammler\\\/\",\"url\":\"https:\\\/\\\/easyoriginal.com\\\/shop\\\/modern-spanisch-frank-a1-a2\\\/el-coleccionista-de-coral-der-korallensammler\\\/\",\"name\":\"El Coleccionista de Coral \u2014 Der Korallensammler - EasyOriginal.com\",\"isPartOf\":{\"@id\":\"https:\\\/\\\/easyoriginal.com\\\/#website\"},\"primaryImageOfPage\":{\"@id\":\"https:\\\/\\\/easyoriginal.com\\\/shop\\\/modern-spanisch-frank-a1-a2\\\/el-coleccionista-de-coral-der-korallensammler\\\/#primaryimage\"},\"image\":{\"@id\":\"https:\\\/\\\/easyoriginal.com\\\/shop\\\/modern-spanisch-frank-a1-a2\\\/el-coleccionista-de-coral-der-korallensammler\\\/#primaryimage\"},\"thumbnailUrl\":\"https:\\\/\\\/easyoriginal.com\\\/wp-content\\\/uploads\\\/El_Coleccionista_de_Coral_printcover.jpg\",\"datePublished\":\"2025-12-16T21:02:59+00:00\",\"dateModified\":\"2026-02-10T05:12:33+00:00\",\"breadcrumb\":{\"@id\":\"https:\\\/\\\/easyoriginal.com\\\/shop\\\/modern-spanisch-frank-a1-a2\\\/el-coleccionista-de-coral-der-korallensammler\\\/#breadcrumb\"},\"inLanguage\":\"en-GB\",\"potentialAction\":[{\"@type\":\"ReadAction\",\"target\":[\"https:\\\/\\\/easyoriginal.com\\\/shop\\\/modern-spanisch-frank-a1-a2\\\/el-coleccionista-de-coral-der-korallensammler\\\/\"]}]},{\"@type\":\"ImageObject\",\"inLanguage\":\"en-GB\",\"@id\":\"https:\\\/\\\/easyoriginal.com\\\/shop\\\/modern-spanisch-frank-a1-a2\\\/el-coleccionista-de-coral-der-korallensammler\\\/#primaryimage\",\"url\":\"https:\\\/\\\/easyoriginal.com\\\/wp-content\\\/uploads\\\/El_Coleccionista_de_Coral_printcover.jpg\",\"contentUrl\":\"https:\\\/\\\/easyoriginal.com\\\/wp-content\\\/uploads\\\/El_Coleccionista_de_Coral_printcover.jpg\",\"width\":1600,\"height\":2400},{\"@type\":\"BreadcrumbList\",\"@id\":\"https:\\\/\\\/easyoriginal.com\\\/shop\\\/modern-spanisch-frank-a1-a2\\\/el-coleccionista-de-coral-der-korallensammler\\\/#breadcrumb\",\"itemListElement\":[{\"@type\":\"ListItem\",\"position\":1,\"name\":\"Startseite\",\"item\":\"https:\\\/\\\/easyoriginal.com\\\/\"},{\"@type\":\"ListItem\",\"position\":2,\"name\":\"Shop\",\"item\":\"https:\\\/\\\/easyoriginal.com\\\/shop\\\/\"},{\"@type\":\"ListItem\",\"position\":3,\"name\":\"El Coleccionista de Coral \u2014 Der Korallensammler\"}]},{\"@type\":\"WebSite\",\"@id\":\"https:\\\/\\\/easyoriginal.com\\\/#website\",\"url\":\"https:\\\/\\\/easyoriginal.com\\\/\",\"name\":\"EasyOriginal.com\",\"description\":\"Spa\u00df am Lesen im Original - Innovative Lesemethode f\u00fcr Fremdsprachen\",\"publisher\":{\"@id\":\"https:\\\/\\\/easyoriginal.com\\\/#organization\"},\"potentialAction\":[{\"@type\":\"SearchAction\",\"target\":{\"@type\":\"EntryPoint\",\"urlTemplate\":\"https:\\\/\\\/easyoriginal.com\\\/?s={search_term_string}\"},\"query-input\":{\"@type\":\"PropertyValueSpecification\",\"valueRequired\":true,\"valueName\":\"search_term_string\"}}],\"inLanguage\":\"en-GB\"},{\"@type\":\"Organization\",\"@id\":\"https:\\\/\\\/easyoriginal.com\\\/#organization\",\"name\":\"EasyOriginal Verlag\",\"url\":\"https:\\\/\\\/easyoriginal.com\\\/\",\"logo\":{\"@type\":\"ImageObject\",\"inLanguage\":\"en-GB\",\"@id\":\"https:\\\/\\\/easyoriginal.com\\\/#\\\/schema\\\/logo\\\/image\\\/\",\"url\":\"https:\\\/\\\/easyoriginal.com\\\/wp-content\\\/uploads\\\/2020\\\/08\\\/logo_main.png\",\"contentUrl\":\"https:\\\/\\\/easyoriginal.com\\\/wp-content\\\/uploads\\\/2020\\\/08\\\/logo_main.png\",\"width\":500,\"height\":103,\"caption\":\"EasyOriginal Verlag\"},\"image\":{\"@id\":\"https:\\\/\\\/easyoriginal.com\\\/#\\\/schema\\\/logo\\\/image\\\/\"}}]}<\/script>\n<!-- \/ Yoast SEO plugin. -->","yoast_head_json":{"title":"El Coleccionista de Coral \u2014 Der Korallensammler - EasyOriginal.com","robots":{"index":"index","follow":"follow","max-snippet":"max-snippet:-1","max-image-preview":"max-image-preview:large","max-video-preview":"max-video-preview:-1"},"canonical":"https:\/\/easyoriginal.com\/en\/shop\/modern-spanisch-frank-a1-a2\/el-coleccionista-de-coral-der-korallensammler\/","og_locale":"en_GB","og_type":"article","og_title":"El Coleccionista de Coral \u2014 Der Korallensammler - EasyOriginal.com","og_description":"In der malerischen K\u00fcstenstadt Costa Bermeja, wo das Meer in schillernden Blaut\u00f6nen funkelt und geheimnisvolle Korallenriffe die Unterwasserwelt verzaubern, wird ein schockierendes Geheimnis enth\u00fcllt. Die erfahrene Taucherin Ana Torres macht eine verst\u00f6rende Entdeckung \u2013 und ruft damit den erfahrenen Ermittler Ismael Larrea auf den Plan. W\u00e4hrend Larrea tiefer in die Ermittlungen eintaucht, st\u00f6\u00dft er auf ein Netz aus R\u00e4tseln, alten Geheimnissen und verborgenen Machenschaften. Was verbirgt sich in den Tiefen des Mittelmeers? Und wer w\u00fcrde f\u00fcr die wertvollen Korallen bis zum \u00c4u\u00dfersten gehen? Ein atmosph\u00e4rischer Krimi voller Spannung, Intrigen und faszinierender Unterwasserwelt \u2013 El Coleccionista de Coral nimmt Sie mit auf eine atemberaubende Reise zwischen Licht und Schatten, Land und Meer. Zweisprachiges Buch Spanisch-Deutsch.","og_url":"https:\/\/easyoriginal.com\/en\/shop\/modern-spanisch-frank-a1-a2\/el-coleccionista-de-coral-der-korallensammler\/","og_site_name":"EasyOriginal.com","article_modified_time":"2026-02-10T05:12:33+00:00","og_image":[{"width":1600,"height":2400,"url":"https:\/\/easyoriginal.com\/wp-content\/uploads\/El_Coleccionista_de_Coral_printcover.jpg","type":"image\/jpeg"}],"twitter_card":"summary_large_image","twitter_misc":{"Estimated reading time":"2 minutes"},"schema":{"@context":"https:\/\/schema.org","@graph":[{"@type":"WebPage","@id":"https:\/\/easyoriginal.com\/shop\/modern-spanisch-frank-a1-a2\/el-coleccionista-de-coral-der-korallensammler\/","url":"https:\/\/easyoriginal.com\/shop\/modern-spanisch-frank-a1-a2\/el-coleccionista-de-coral-der-korallensammler\/","name":"El Coleccionista de Coral \u2014 Der Korallensammler - EasyOriginal.com","isPartOf":{"@id":"https:\/\/easyoriginal.com\/#website"},"primaryImageOfPage":{"@id":"https:\/\/easyoriginal.com\/shop\/modern-spanisch-frank-a1-a2\/el-coleccionista-de-coral-der-korallensammler\/#primaryimage"},"image":{"@id":"https:\/\/easyoriginal.com\/shop\/modern-spanisch-frank-a1-a2\/el-coleccionista-de-coral-der-korallensammler\/#primaryimage"},"thumbnailUrl":"https:\/\/easyoriginal.com\/wp-content\/uploads\/El_Coleccionista_de_Coral_printcover.jpg","datePublished":"2025-12-16T21:02:59+00:00","dateModified":"2026-02-10T05:12:33+00:00","breadcrumb":{"@id":"https:\/\/easyoriginal.com\/shop\/modern-spanisch-frank-a1-a2\/el-coleccionista-de-coral-der-korallensammler\/#breadcrumb"},"inLanguage":"en-GB","potentialAction":[{"@type":"ReadAction","target":["https:\/\/easyoriginal.com\/shop\/modern-spanisch-frank-a1-a2\/el-coleccionista-de-coral-der-korallensammler\/"]}]},{"@type":"ImageObject","inLanguage":"en-GB","@id":"https:\/\/easyoriginal.com\/shop\/modern-spanisch-frank-a1-a2\/el-coleccionista-de-coral-der-korallensammler\/#primaryimage","url":"https:\/\/easyoriginal.com\/wp-content\/uploads\/El_Coleccionista_de_Coral_printcover.jpg","contentUrl":"https:\/\/easyoriginal.com\/wp-content\/uploads\/El_Coleccionista_de_Coral_printcover.jpg","width":1600,"height":2400},{"@type":"BreadcrumbList","@id":"https:\/\/easyoriginal.com\/shop\/modern-spanisch-frank-a1-a2\/el-coleccionista-de-coral-der-korallensammler\/#breadcrumb","itemListElement":[{"@type":"ListItem","position":1,"name":"Startseite","item":"https:\/\/easyoriginal.com\/"},{"@type":"ListItem","position":2,"name":"Shop","item":"https:\/\/easyoriginal.com\/shop\/"},{"@type":"ListItem","position":3,"name":"El Coleccionista de Coral \u2014 Der Korallensammler"}]},{"@type":"WebSite","@id":"https:\/\/easyoriginal.com\/#website","url":"https:\/\/easyoriginal.com\/","name":"EasyOriginal.com","description":"Spa\u00df am Lesen im Original - Innovative Lesemethode f\u00fcr Fremdsprachen","publisher":{"@id":"https:\/\/easyoriginal.com\/#organization"},"potentialAction":[{"@type":"SearchAction","target":{"@type":"EntryPoint","urlTemplate":"https:\/\/easyoriginal.com\/?s={search_term_string}"},"query-input":{"@type":"PropertyValueSpecification","valueRequired":true,"valueName":"search_term_string"}}],"inLanguage":"en-GB"},{"@type":"Organization","@id":"https:\/\/easyoriginal.com\/#organization","name":"EasyOriginal Verlag","url":"https:\/\/easyoriginal.com\/","logo":{"@type":"ImageObject","inLanguage":"en-GB","@id":"https:\/\/easyoriginal.com\/#\/schema\/logo\/image\/","url":"https:\/\/easyoriginal.com\/wp-content\/uploads\/2020\/08\/logo_main.png","contentUrl":"https:\/\/easyoriginal.com\/wp-content\/uploads\/2020\/08\/logo_main.png","width":500,"height":103,"caption":"EasyOriginal Verlag"},"image":{"@id":"https:\/\/easyoriginal.com\/#\/schema\/logo\/image\/"}}]}},"_links":{"self":[{"href":"https:\/\/easyoriginal.com\/en\/wp-json\/wp\/v2\/product\/16698","targetHints":{"allow":["GET"]}}],"collection":[{"href":"https:\/\/easyoriginal.com\/en\/wp-json\/wp\/v2\/product"}],"about":[{"href":"https:\/\/easyoriginal.com\/en\/wp-json\/wp\/v2\/types\/product"}],"replies":[{"embeddable":true,"href":"https:\/\/easyoriginal.com\/en\/wp-json\/wp\/v2\/comments?post=16698"}],"wp:featuredmedia":[{"embeddable":true,"href":"https:\/\/easyoriginal.com\/en\/wp-json\/wp\/v2\/media\/16705"}],"wp:attachment":[{"href":"https:\/\/easyoriginal.com\/en\/wp-json\/wp\/v2\/media?parent=16698"}],"wp:term":[{"taxonomy":"product_brand","embeddable":true,"href":"https:\/\/easyoriginal.com\/en\/wp-json\/wp\/v2\/product_brand?post=16698"},{"taxonomy":"product_cat","embeddable":true,"href":"https:\/\/easyoriginal.com\/en\/wp-json\/wp\/v2\/product_cat?post=16698"},{"taxonomy":"product_tag","embeddable":true,"href":"https:\/\/easyoriginal.com\/en\/wp-json\/wp\/v2\/product_tag?post=16698"}],"curies":[{"name":"wp","href":"https:\/\/api.w.org\/{rel}","templated":true}]}}