{"id":16628,"date":"2025-12-09T22:28:32","date_gmt":"2025-12-09T21:28:32","guid":{"rendered":"https:\/\/easyoriginal.com\/?post_type=product&#038;p=16628"},"modified":"2025-12-09T22:32:39","modified_gmt":"2025-12-09T21:32:39","slug":"eleganz-der-natur-schreibset-deluxe","status":"publish","type":"product","link":"https:\/\/easyoriginal.com\/en\/shop\/schreibwaren\/schreibsets\/eleganz-der-natur-schreibset-deluxe\/","title":{"rendered":"Eleganz der Natur Schreibset Deluxe"},"content":{"rendered":"","protected":false},"excerpt":{"rendered":"<p>Schreibwaren, die nach Ihren Gedanken verlangen<br \/>\nEine goldschimmernde Bl\u00fcte, die sich \u00f6ffnet wie ein Atemzug. Bl\u00fctenbl\u00e4tter wie aus Licht gewoben, fast transparent. In der Mitte goldener Staub wie Morgensonne auf Tau. Drumherum Bl\u00e4tter in Bernstein, Blau und zartem Gr\u00fcn.<br \/>\nIm Set:<br \/>\n\u2022\tHardcover-Notizbuch A5 \u2013 64 Seiten, fein liniert. Robust und elegant.<br \/>\n\u2022\tSpiral-Notizbuch A5 mit Soft-Touch-Einband \u2013 64 Seiten, fein liniert. Samtweich, flexibel um 360\u00b0 umklappbar. Perfekt f\u00fcr unterwegs.<br \/>\n\u2022\tNotizheft A6 \u2013 40 Seiten, fein liniert. Passt in jede Jackentasche.<br \/>\n\u2022\tDrei Lesezeichen im passenden Bl\u00fcten-Design.<br \/>\n\u2022\tSchreibset \u2013 Kugelschreiber und Druckbleistift im eleganten Etui.<\/p>","protected":false},"featured_media":16629,"comment_status":"closed","ping_status":"closed","template":"","meta":{"_acf_changed":false,"_et_pb_use_builder":"","_et_pb_old_content":"","_et_gb_content_width":""},"product_brand":[],"product_cat":[246,245],"product_tag":[],"class_list":{"0":"post-16628","1":"product","2":"type-product","3":"status-publish","4":"has-post-thumbnail","6":"product_cat-schreibsets","7":"product_cat-schreibwaren","9":"first","10":"instock","11":"taxable","12":"shipping-taxable","13":"purchasable","14":"product-type-simple"},"acf":[],"yoast_head":"<!-- This site is optimized with the Yoast SEO plugin v27.4 - https:\/\/yoast.com\/product\/yoast-seo-wordpress\/ -->\n<title>Eleganz der Natur Schreibset Deluxe - EasyOriginal.com<\/title>\n<meta name=\"robots\" content=\"index, follow, max-snippet:-1, max-image-preview:large, max-video-preview:-1\" \/>\n<link rel=\"canonical\" href=\"https:\/\/easyoriginal.com\/en\/shop\/schreibwaren\/schreibsets\/eleganz-der-natur-schreibset-deluxe\/\" \/>\n<meta property=\"og:locale\" content=\"en_GB\" \/>\n<meta property=\"og:type\" content=\"article\" \/>\n<meta property=\"og:title\" content=\"Eleganz der Natur Schreibset Deluxe - EasyOriginal.com\" \/>\n<meta property=\"og:description\" content=\"Schreibwaren, die nach Ihren Gedanken verlangen Eine goldschimmernde Bl\u00fcte, die sich \u00f6ffnet wie ein Atemzug. Bl\u00fctenbl\u00e4tter wie aus Licht gewoben, fast transparent. In der Mitte goldener Staub wie Morgensonne auf Tau. Drumherum Bl\u00e4tter in Bernstein, Blau und zartem Gr\u00fcn. Im Set: \u2022 Hardcover-Notizbuch A5 \u2013 64 Seiten, fein liniert. Robust und elegant. \u2022 Spiral-Notizbuch A5 mit Soft-Touch-Einband \u2013 64 Seiten, fein liniert. Samtweich, flexibel um 360\u00b0 umklappbar. Perfekt f\u00fcr unterwegs. \u2022 Notizheft A6 \u2013 40 Seiten, fein liniert. Passt in jede Jackentasche. \u2022 Drei Lesezeichen im passenden Bl\u00fcten-Design. \u2022 Schreibset \u2013 Kugelschreiber und Druckbleistift im eleganten Etui.\" \/>\n<meta property=\"og:url\" content=\"https:\/\/easyoriginal.com\/en\/shop\/schreibwaren\/schreibsets\/eleganz-der-natur-schreibset-deluxe\/\" \/>\n<meta property=\"og:site_name\" content=\"EasyOriginal.com\" \/>\n<meta property=\"article:modified_time\" content=\"2025-12-09T21:32:39+00:00\" \/>\n<meta property=\"og:image\" content=\"https:\/\/easyoriginal.com\/wp-content\/uploads\/Notizbuch-Geschenkset6.jpg\" \/>\n\t<meta property=\"og:image:width\" content=\"1080\" \/>\n\t<meta property=\"og:image:height\" content=\"1080\" \/>\n\t<meta property=\"og:image:type\" content=\"image\/jpeg\" \/>\n<meta name=\"twitter:card\" content=\"summary_large_image\" \/>\n<meta name=\"twitter:label1\" content=\"Estimated reading time\" \/>\n\t<meta name=\"twitter:data1\" content=\"1 minute\" \/>\n<script type=\"application\/ld+json\" class=\"yoast-schema-graph\">{\"@context\":\"https:\\\/\\\/schema.org\",\"@graph\":[{\"@type\":\"WebPage\",\"@id\":\"https:\\\/\\\/easyoriginal.com\\\/shop\\\/schreibwaren\\\/schreibsets\\\/eleganz-der-natur-schreibset-deluxe\\\/\",\"url\":\"https:\\\/\\\/easyoriginal.com\\\/shop\\\/schreibwaren\\\/schreibsets\\\/eleganz-der-natur-schreibset-deluxe\\\/\",\"name\":\"Eleganz der Natur Schreibset Deluxe - EasyOriginal.com\",\"isPartOf\":{\"@id\":\"https:\\\/\\\/easyoriginal.com\\\/#website\"},\"primaryImageOfPage\":{\"@id\":\"https:\\\/\\\/easyoriginal.com\\\/shop\\\/schreibwaren\\\/schreibsets\\\/eleganz-der-natur-schreibset-deluxe\\\/#primaryimage\"},\"image\":{\"@id\":\"https:\\\/\\\/easyoriginal.com\\\/shop\\\/schreibwaren\\\/schreibsets\\\/eleganz-der-natur-schreibset-deluxe\\\/#primaryimage\"},\"thumbnailUrl\":\"https:\\\/\\\/easyoriginal.com\\\/wp-content\\\/uploads\\\/Notizbuch-Geschenkset6.jpg\",\"datePublished\":\"2025-12-09T21:28:32+00:00\",\"dateModified\":\"2025-12-09T21:32:39+00:00\",\"breadcrumb\":{\"@id\":\"https:\\\/\\\/easyoriginal.com\\\/shop\\\/schreibwaren\\\/schreibsets\\\/eleganz-der-natur-schreibset-deluxe\\\/#breadcrumb\"},\"inLanguage\":\"en-GB\",\"potentialAction\":[{\"@type\":\"ReadAction\",\"target\":[\"https:\\\/\\\/easyoriginal.com\\\/shop\\\/schreibwaren\\\/schreibsets\\\/eleganz-der-natur-schreibset-deluxe\\\/\"]}]},{\"@type\":\"ImageObject\",\"inLanguage\":\"en-GB\",\"@id\":\"https:\\\/\\\/easyoriginal.com\\\/shop\\\/schreibwaren\\\/schreibsets\\\/eleganz-der-natur-schreibset-deluxe\\\/#primaryimage\",\"url\":\"https:\\\/\\\/easyoriginal.com\\\/wp-content\\\/uploads\\\/Notizbuch-Geschenkset6.jpg\",\"contentUrl\":\"https:\\\/\\\/easyoriginal.com\\\/wp-content\\\/uploads\\\/Notizbuch-Geschenkset6.jpg\",\"width\":1080,\"height\":1080},{\"@type\":\"BreadcrumbList\",\"@id\":\"https:\\\/\\\/easyoriginal.com\\\/shop\\\/schreibwaren\\\/schreibsets\\\/eleganz-der-natur-schreibset-deluxe\\\/#breadcrumb\",\"itemListElement\":[{\"@type\":\"ListItem\",\"position\":1,\"name\":\"Startseite\",\"item\":\"https:\\\/\\\/easyoriginal.com\\\/\"},{\"@type\":\"ListItem\",\"position\":2,\"name\":\"Shop\",\"item\":\"https:\\\/\\\/easyoriginal.com\\\/shop\\\/\"},{\"@type\":\"ListItem\",\"position\":3,\"name\":\"Eleganz der Natur Schreibset Deluxe\"}]},{\"@type\":\"WebSite\",\"@id\":\"https:\\\/\\\/easyoriginal.com\\\/#website\",\"url\":\"https:\\\/\\\/easyoriginal.com\\\/\",\"name\":\"EasyOriginal.com\",\"description\":\"Spa\u00df am Lesen im Original - Innovative Lesemethode f\u00fcr Fremdsprachen\",\"publisher\":{\"@id\":\"https:\\\/\\\/easyoriginal.com\\\/#organization\"},\"potentialAction\":[{\"@type\":\"SearchAction\",\"target\":{\"@type\":\"EntryPoint\",\"urlTemplate\":\"https:\\\/\\\/easyoriginal.com\\\/?s={search_term_string}\"},\"query-input\":{\"@type\":\"PropertyValueSpecification\",\"valueRequired\":true,\"valueName\":\"search_term_string\"}}],\"inLanguage\":\"en-GB\"},{\"@type\":\"Organization\",\"@id\":\"https:\\\/\\\/easyoriginal.com\\\/#organization\",\"name\":\"EasyOriginal Verlag\",\"url\":\"https:\\\/\\\/easyoriginal.com\\\/\",\"logo\":{\"@type\":\"ImageObject\",\"inLanguage\":\"en-GB\",\"@id\":\"https:\\\/\\\/easyoriginal.com\\\/#\\\/schema\\\/logo\\\/image\\\/\",\"url\":\"https:\\\/\\\/easyoriginal.com\\\/wp-content\\\/uploads\\\/2020\\\/08\\\/logo_main.png\",\"contentUrl\":\"https:\\\/\\\/easyoriginal.com\\\/wp-content\\\/uploads\\\/2020\\\/08\\\/logo_main.png\",\"width\":500,\"height\":103,\"caption\":\"EasyOriginal Verlag\"},\"image\":{\"@id\":\"https:\\\/\\\/easyoriginal.com\\\/#\\\/schema\\\/logo\\\/image\\\/\"}}]}<\/script>\n<!-- \/ Yoast SEO plugin. -->","yoast_head_json":{"title":"Eleganz der Natur Schreibset Deluxe - EasyOriginal.com","robots":{"index":"index","follow":"follow","max-snippet":"max-snippet:-1","max-image-preview":"max-image-preview:large","max-video-preview":"max-video-preview:-1"},"canonical":"https:\/\/easyoriginal.com\/en\/shop\/schreibwaren\/schreibsets\/eleganz-der-natur-schreibset-deluxe\/","og_locale":"en_GB","og_type":"article","og_title":"Eleganz der Natur Schreibset Deluxe - EasyOriginal.com","og_description":"Schreibwaren, die nach Ihren Gedanken verlangen Eine goldschimmernde Bl\u00fcte, die sich \u00f6ffnet wie ein Atemzug. Bl\u00fctenbl\u00e4tter wie aus Licht gewoben, fast transparent. In der Mitte goldener Staub wie Morgensonne auf Tau. Drumherum Bl\u00e4tter in Bernstein, Blau und zartem Gr\u00fcn. Im Set: \u2022 Hardcover-Notizbuch A5 \u2013 64 Seiten, fein liniert. Robust und elegant. \u2022 Spiral-Notizbuch A5 mit Soft-Touch-Einband \u2013 64 Seiten, fein liniert. Samtweich, flexibel um 360\u00b0 umklappbar. Perfekt f\u00fcr unterwegs. \u2022 Notizheft A6 \u2013 40 Seiten, fein liniert. Passt in jede Jackentasche. \u2022 Drei Lesezeichen im passenden Bl\u00fcten-Design. \u2022 Schreibset \u2013 Kugelschreiber und Druckbleistift im eleganten Etui.","og_url":"https:\/\/easyoriginal.com\/en\/shop\/schreibwaren\/schreibsets\/eleganz-der-natur-schreibset-deluxe\/","og_site_name":"EasyOriginal.com","article_modified_time":"2025-12-09T21:32:39+00:00","og_image":[{"width":1080,"height":1080,"url":"https:\/\/easyoriginal.com\/wp-content\/uploads\/Notizbuch-Geschenkset6.jpg","type":"image\/jpeg"}],"twitter_card":"summary_large_image","twitter_misc":{"Estimated reading time":"1 minute"},"schema":{"@context":"https:\/\/schema.org","@graph":[{"@type":"WebPage","@id":"https:\/\/easyoriginal.com\/shop\/schreibwaren\/schreibsets\/eleganz-der-natur-schreibset-deluxe\/","url":"https:\/\/easyoriginal.com\/shop\/schreibwaren\/schreibsets\/eleganz-der-natur-schreibset-deluxe\/","name":"Eleganz der Natur Schreibset Deluxe - EasyOriginal.com","isPartOf":{"@id":"https:\/\/easyoriginal.com\/#website"},"primaryImageOfPage":{"@id":"https:\/\/easyoriginal.com\/shop\/schreibwaren\/schreibsets\/eleganz-der-natur-schreibset-deluxe\/#primaryimage"},"image":{"@id":"https:\/\/easyoriginal.com\/shop\/schreibwaren\/schreibsets\/eleganz-der-natur-schreibset-deluxe\/#primaryimage"},"thumbnailUrl":"https:\/\/easyoriginal.com\/wp-content\/uploads\/Notizbuch-Geschenkset6.jpg","datePublished":"2025-12-09T21:28:32+00:00","dateModified":"2025-12-09T21:32:39+00:00","breadcrumb":{"@id":"https:\/\/easyoriginal.com\/shop\/schreibwaren\/schreibsets\/eleganz-der-natur-schreibset-deluxe\/#breadcrumb"},"inLanguage":"en-GB","potentialAction":[{"@type":"ReadAction","target":["https:\/\/easyoriginal.com\/shop\/schreibwaren\/schreibsets\/eleganz-der-natur-schreibset-deluxe\/"]}]},{"@type":"ImageObject","inLanguage":"en-GB","@id":"https:\/\/easyoriginal.com\/shop\/schreibwaren\/schreibsets\/eleganz-der-natur-schreibset-deluxe\/#primaryimage","url":"https:\/\/easyoriginal.com\/wp-content\/uploads\/Notizbuch-Geschenkset6.jpg","contentUrl":"https:\/\/easyoriginal.com\/wp-content\/uploads\/Notizbuch-Geschenkset6.jpg","width":1080,"height":1080},{"@type":"BreadcrumbList","@id":"https:\/\/easyoriginal.com\/shop\/schreibwaren\/schreibsets\/eleganz-der-natur-schreibset-deluxe\/#breadcrumb","itemListElement":[{"@type":"ListItem","position":1,"name":"Startseite","item":"https:\/\/easyoriginal.com\/"},{"@type":"ListItem","position":2,"name":"Shop","item":"https:\/\/easyoriginal.com\/shop\/"},{"@type":"ListItem","position":3,"name":"Eleganz der Natur Schreibset Deluxe"}]},{"@type":"WebSite","@id":"https:\/\/easyoriginal.com\/#website","url":"https:\/\/easyoriginal.com\/","name":"EasyOriginal.com","description":"Spa\u00df am Lesen im Original - Innovative Lesemethode f\u00fcr Fremdsprachen","publisher":{"@id":"https:\/\/easyoriginal.com\/#organization"},"potentialAction":[{"@type":"SearchAction","target":{"@type":"EntryPoint","urlTemplate":"https:\/\/easyoriginal.com\/?s={search_term_string}"},"query-input":{"@type":"PropertyValueSpecification","valueRequired":true,"valueName":"search_term_string"}}],"inLanguage":"en-GB"},{"@type":"Organization","@id":"https:\/\/easyoriginal.com\/#organization","name":"EasyOriginal Verlag","url":"https:\/\/easyoriginal.com\/","logo":{"@type":"ImageObject","inLanguage":"en-GB","@id":"https:\/\/easyoriginal.com\/#\/schema\/logo\/image\/","url":"https:\/\/easyoriginal.com\/wp-content\/uploads\/2020\/08\/logo_main.png","contentUrl":"https:\/\/easyoriginal.com\/wp-content\/uploads\/2020\/08\/logo_main.png","width":500,"height":103,"caption":"EasyOriginal Verlag"},"image":{"@id":"https:\/\/easyoriginal.com\/#\/schema\/logo\/image\/"}}]}},"_links":{"self":[{"href":"https:\/\/easyoriginal.com\/en\/wp-json\/wp\/v2\/product\/16628","targetHints":{"allow":["GET"]}}],"collection":[{"href":"https:\/\/easyoriginal.com\/en\/wp-json\/wp\/v2\/product"}],"about":[{"href":"https:\/\/easyoriginal.com\/en\/wp-json\/wp\/v2\/types\/product"}],"replies":[{"embeddable":true,"href":"https:\/\/easyoriginal.com\/en\/wp-json\/wp\/v2\/comments?post=16628"}],"wp:featuredmedia":[{"embeddable":true,"href":"https:\/\/easyoriginal.com\/en\/wp-json\/wp\/v2\/media\/16629"}],"wp:attachment":[{"href":"https:\/\/easyoriginal.com\/en\/wp-json\/wp\/v2\/media?parent=16628"}],"wp:term":[{"taxonomy":"product_brand","embeddable":true,"href":"https:\/\/easyoriginal.com\/en\/wp-json\/wp\/v2\/product_brand?post=16628"},{"taxonomy":"product_cat","embeddable":true,"href":"https:\/\/easyoriginal.com\/en\/wp-json\/wp\/v2\/product_cat?post=16628"},{"taxonomy":"product_tag","embeddable":true,"href":"https:\/\/easyoriginal.com\/en\/wp-json\/wp\/v2\/product_tag?post=16628"}],"curies":[{"name":"wp","href":"https:\/\/api.w.org\/{rel}","templated":true}]}}