{"id":16601,"date":"2025-12-01T21:14:19","date_gmt":"2025-12-01T20:14:19","guid":{"rendered":"https:\/\/easyoriginal.com\/?post_type=product&#038;p=16601"},"modified":"2025-12-07T12:12:33","modified_gmt":"2025-12-07T11:12:33","slug":"the-unexpected-dancer-die-unerwartete-taenzerin","status":"publish","type":"product","link":"https:\/\/easyoriginal.com\/en\/shop\/modern-englisch-frank\/the-unexpected-dancer-die-unerwartete-taenzerin\/","title":{"rendered":"The Unexpected Dancer &#8211; Die unerwartete T\u00e4nzerin"},"content":{"rendered":"<div class=\"adapted-container\">\n<p class=\"Adapted\"><span lang=\"en-US\">Morning Light <\/span><span class=\"Translation CharOverride-1\" lang=\"en-US\">(Morgenlicht)<\/span><\/p>\n<p class=\"Adapted\"><span lang=\"en-US\">Dawn broke over Meadow\u2019s Edge Farm <\/span><span class=\"Translation CharOverride-1\" lang=\"en-US\">(die Morgend\u00e4mmerung brach \u00fcber Meadow\u2019s Edge Farm herei<\/span><span class=\"Translation\"><span class=\"No-Break CharOverride-1\" lang=\"en-US\">n;<\/span><\/span><span class=\"Translation\"><span class=\"Comments\"> <\/span><\/span><span class=\"Translation\"><span class=\"Comment-Words\" lang=\"en-US\">edge<\/span><\/span><span class=\"Translation\"><span class=\"No-Break\"><span class=\"Comments\"> \u2014<\/span><\/span><\/span><span class=\"Translation\"><span class=\"Comments\"> Rand, Kante<\/span><\/span><span class=\"Translation CharOverride-1\" lang=\"en-US\">)<\/span><span lang=\"en-US\">, painting the spring-green paddocks with golden light <\/span><span class=\"Translation CharOverride-1\" lang=\"en-US\">(die fr\u00fchlingsgr\u00fcnen Koppeln mit goldenem Licht malen<\/span><span class=\"Translation\"><span class=\"No-Break CharOverride-1\" lang=\"en-US\">d;<\/span><\/span><span class=\"Translation\"><span class=\"Comments\"> <\/span><\/span><span class=\"Translation\"><span class=\"Comment-Words\" lang=\"en-US\">paddock<\/span><\/span><span class=\"Translation\"><span class=\"No-Break\"><span class=\"Comments\"> \u2014<\/span><\/span><\/span><span class=\"Translation\"><span class=\"Comments\"> Koppel, Weid<\/span><\/span><span class=\"Translation\"><span class=\"No-Break\"><span class=\"Comments\">e;<\/span><\/span><\/span><span class=\"Translation\"><span class=\"Comments\"> <\/span><\/span><span class=\"Translation\"><span class=\"Comment-Words\" lang=\"en-US\">to paint<\/span><\/span><span class=\"Translation\"><span class=\"No-Break\"><span class=\"Comments\"> \u2014<\/span><\/span><\/span><span class=\"Translation\"><span class=\"Comments\"> malen, anstreichen<\/span><\/span><span class=\"Translation CharOverride-1\" lang=\"en-US\">)<\/span><span lang=\"en-US\">.<\/span><\/p>\n<p class=\"Adapted\"><span lang=\"en-US\">Orla Fletcher moved amongst her flock of Babydoll sheep <\/span><span class=\"Translation CharOverride-1\" lang=\"en-US\">(Orla Fletcher bewegte sich zwischen ihrer Herde von Babydoll-Schafe<\/span><span class=\"Translation\"><span class=\"No-Break CharOverride-1\" lang=\"en-US\">n;<\/span><\/span><span class=\"Translation\"><span class=\"Comments\"> <\/span><\/span><span class=\"Translation\"><span class=\"Comment-Words\" lang=\"en-US\">flock<\/span><\/span><span class=\"Translation\"><span class=\"No-Break\"><span class=\"Comments\"> \u2014<\/span><\/span><\/span><span class=\"Translation\"><span class=\"Comments\"> Herde, Scha<\/span><\/span><span class=\"Translation\"><span class=\"No-Break\"><span class=\"Comments\">r;<\/span><\/span><\/span><span class=\"Translation\"><span class=\"Comments\"> <\/span><\/span><span class=\"Translation\"><span class=\"Comment-Words\" lang=\"en-US\">amongst<\/span><\/span><span class=\"Translation\"><span class=\"No-Break\"><span class=\"Comments\"> \u2014<\/span><\/span><\/span><span class=\"Translation\"><span class=\"Comments\"> unter, zwischen<\/span><\/span><span class=\"Translation CharOverride-1\" lang=\"en-US\">)<\/span><span lang=\"en-US\">, carrying a bucket of feed <\/span><span class=\"Translation CharOverride-1\" lang=\"en-US\">(einen Eimer Futter tragen<\/span><span class=\"Translation\"><span class=\"No-Break CharOverride-1\" lang=\"en-US\">d;<\/span><\/span><span class=\"Translation\"><span class=\"Comments\"> <\/span><\/span><span class=\"Translation\"><span class=\"Comment-Words\" lang=\"en-US\">feed<\/span><\/span><span class=\"Translation\"><span class=\"No-Break\"><span class=\"Comments\"> \u2014<\/span><\/span><\/span><span class=\"Translation\"><span class=\"Comments\"> Futter, Nahrun<\/span><\/span><span class=\"Translation\"><span class=\"No-Break\"><span class=\"Comments\">g;<\/span><\/span><\/span><span class=\"Translation\"><span class=\"Comments\"> <\/span><\/span><span class=\"Translation\"><span class=\"Comment-Words\" lang=\"en-US\">to feed<\/span><\/span><span class=\"Translation\"><span class=\"No-Break\"><span class=\"Comments\"> \u2014<\/span><\/span><\/span><span class=\"Translation\"><span class=\"Comments\"> f\u00fcttern<\/span><\/span><span class=\"Translation CharOverride-1\" lang=\"en-US\">)<\/span><span lang=\"en-US\">.<\/span><\/p>\n<\/div>\n<audio class=\"wp-audio-shortcode\" id=\"audio-16601-1\" preload=\"none\" style=\"width: 100%;\" controls=\"controls\"><source type=\"audio\/mpeg\" src=\"https:\/\/easyoriginal1.s3.eu-central-1.amazonaws.com\/englisch\/e90\/001.mp3?_=1\" \/><a href=\"https:\/\/easyoriginal1.s3.eu-central-1.amazonaws.com\/englisch\/e90\/001.mp3\">https:\/\/easyoriginal1.s3.eu-central-1.amazonaws.com\/englisch\/e90\/001.mp3<\/a><\/audio>\n<div class=\"original-container\">\n<p class=\"Original\" lang=\"en-GB\">Morning Light<\/p>\n<p class=\"Original\" lang=\"en-GB\">Dawn broke over Meadow\u2019s Edge Farm, painting the spring-green paddocks with golden light.<\/p>\n<p class=\"Original\" lang=\"en-GB\">Orla Fletcher moved amongst her flock of Babydoll sheep, carrying a bucket of feed.<\/p>\n<\/div>","protected":false},"excerpt":{"rendered":"<p>The Unexpected Dancer &#8211; Die unerwartete T\u00e4nzerin<br \/>\nF\u00fcr Orla Fletcher soll der erste Mai in Meadowbrook der Tag sein, an dem sie endlich dazugeh\u00f6rt. F\u00fcnf Jahre nach ihrer Flucht aus der hektischen Londoner Verlagswelt sehnt sie sich nach nichts mehr als der Akzeptanz der eingeschworenen Dorfgemeinschaft. Ihr Plan ist makellos: Der w\u00fcrdevolle, stoische Zuchtbock Wellington soll als Repr\u00e4sentant von Meadow&#8217;s Edge Farm an der feierlichen Tiersegnung teilnehmen. Alles ist auf pure, britische W\u00fcrde ausgelegt.<br \/>\nDoch Orla hat die Rechnung ohne Cloudberry gemacht.<br \/>\nCloudberry ist kein gew\u00f6hnliches Schaf. Sie ist handaufgezogen, furchtlos und besitzt eine geheime Leidenschaft, die in der Welt der Nutztiere wohl einzigartig ist: Sie liebt Musik \u2013 und sie hat Rhythmus im Blut. W\u00e4hrend Orla im Dorf um Anerkennung ringt, wittert Cloudberry ihre Chance. Als die fernen Kl\u00e4nge der Geigen und das rhythmische Schellen der Morris-T\u00e4nzer \u00fcber die gr\u00fcnen H\u00fcgel wehen, h\u00e4lt kein Zaun der Welt sie mehr auf.<br \/>\nIn The Unexpected Dancer steuert das beschauliche Fest auf eine unvermeidliche Kollision zu. Auf dem Dorfplatz wartet der strenge Tanzkapit\u00e4n Albert, der auf geometrische Perfektion pocht, und der zur\u00fcckhaltende B\u00e4cker Gareth, dessen kunstvolle Mair\u00fcbchen-T\u00f6rtchen bereitstehen. Niemand ahnt, dass ein wolliger Wirbelwind im Anmarsch ist, der bereit ist, die jahrhundertealte Choreografie des Dorflebens geh\u00f6rig durcheinanderzuwirbeln.<br \/>\nWird der Zusammensto\u00df Orlas Ruf f\u00fcr immer ruinieren oder ihr zeigen, dass wahre Zugeh\u00f6rigkeit nicht durch Perfektion entsteht? Eine herzerw\u00e4rmende Geschichte voller Charme, Humor und der Erkenntnis, dass man manchmal aus der Reihe tanzen muss, um seinen wahren Platz zu finden.<br \/>\nZweisprachiges Buch Englisch-Deutsch.<\/p>","protected":false},"featured_media":16608,"comment_status":"open","ping_status":"closed","template":"","meta":{"_acf_changed":false,"_et_pb_use_builder":"off","_et_pb_old_content":"<div class=\"adapted-container\">\r\n<p class=\"Adapted\"><span class=\"Bold\">Hace mucho tiempo que ten\u00eda ganas de escribir <\/span><span class=\"Translation\">(seit langer Zeit hatte ich Lust zu schreiben; <\/span><span class=\"Translation\"><span class=\"Comment-Words\">tener<\/span><\/span><span class=\"Translation\"><span class=\"Comments\"> \u2014 haben<\/span><\/span><span class=\"Translation\">)<\/span><span class=\"Bold\"> cualquier cosa con este t\u00edtulo <\/span><span class=\"Translation\">(irgendetwas mit diesem Titel)<\/span><span class=\"Bold\">.<\/span><\/p>\r\n<p class=\"Adapted\"><span class=\"Bold\">Hoy<a id=\"_idTextAnchor001\"><\/a>, que se me ha presentado ocasi\u00f3n <\/span><span class=\"Translation\">(heute, wo sich mir \/eine\/ Gelegenheit geboten hat; <\/span><span class=\"Translation\"><span class=\"Comment-Words\">presentar<\/span><\/span><span class=\"Translation\"><span class=\"Comments\"> \u2014 zeigen; vorstellen<\/span><\/span><span class=\"Translation\">)<\/span><span class=\"Bold\">, lo he puesto con letras grandes <\/span><span class=\"Translation\">(das habe ich in gro\u00dfen Buchstaben gesetzt = habe ich es in Gro\u00dfbuchstaben gesetzt; <\/span><span class=\"Translation\"><span class=\"Comment-Words\">poner<\/span><\/span><span class=\"Translation\"><span class=\"Comments\"> \u2014 setzen; stellen; legen<\/span><\/span><span class=\"Translation\">)<\/span><span class=\"Bold\"> en la primera cuartilla de papel <\/span><span class=\"Translation\">(auf das erste Blatt: \u00abauf das erste Viertelpapier\u00bb; <\/span><span class=\"Translation\"><span class=\"Comment-Words\">cuarto<\/span><\/span><span class=\"Translation\"><span class=\"Gender _idGenCharOverride-1\">m <\/span><\/span><span class=\"Translation\"><span class=\"Comments\">\u2014 Viertel<\/span><\/span><span class=\"Translation\">)<\/span><span class=\"Bold\">, y luego he dejado a capricho volar la pluma <\/span><span class=\"Translation\">(und dann habe ich nach Belieben die Feder fliegen lassen; <\/span><span class=\"Translation\"><span class=\"Comment-Words\">dejar<\/span><\/span><span class=\"Translation\"><span class=\"Comments\"> \u2014 lassen; <\/span><\/span><span class=\"Translation\"><span class=\"Comment-Words\">capricho<\/span><\/span><span class=\"Translation\"><span class=\"Gender _idGenCharOverride-1\">m <\/span><\/span><span class=\"Translation\"><span class=\"Comments\">\u2014 Laune<\/span><\/span><span class=\"Translation\">)<\/span><span class=\"Bold\">.<\/span><\/p>\r\n\r\n<\/div>\r\n[audio mp3=\"https:\/\/easyoriginal1.s3.eu-central-1.amazonaws.com\/spanisch\/s1\/1.mp3\"][\/audio]\r\n<div class=\"original-container\">\r\n<p class=\"Original\">Hace mucho tiempo que ten\u00eda ganas de escribir cualquier cosa con este t\u00edtulo.<\/p>\r\n<p class=\"Original\">Hoy, que se me ha presentado ocasi\u00f3n, lo he puesto con letras grandes en la primera cuartilla de papel, y luego he dejado a capricho volar la pluma.<\/p>\r\n\r\n<\/div>\r\n<a class=\"weiter\" href=\"\/webreader\/los-ojos-verdes\/fragment\/1-4-2\/\">weiter lesen<\/a>","_et_gb_content_width":""},"product_brand":[],"product_cat":[267],"product_tag":[164,81],"class_list":{"0":"post-16601","1":"product","2":"type-product","3":"status-publish","4":"has-post-thumbnail","6":"product_cat-modern-englisch-frank","7":"product_tag-anfaenger","8":"product_tag-krimi","10":"first","11":"instock","12":"taxable","13":"shipping-taxable","14":"purchasable","15":"product-type-variable"},"acf":[],"yoast_head":"<!-- This site is optimized with the Yoast SEO plugin v27.3 - https:\/\/yoast.com\/product\/yoast-seo-wordpress\/ -->\n<title>The Unexpected Dancer - Die unerwartete T\u00e4nzerin - EasyOriginal.com<\/title>\n<meta name=\"robots\" content=\"index, follow, max-snippet:-1, max-image-preview:large, max-video-preview:-1\" \/>\n<link rel=\"canonical\" href=\"https:\/\/easyoriginal.com\/en\/shop\/modern-englisch-frank\/the-unexpected-dancer-die-unerwartete-taenzerin\/\" \/>\n<meta property=\"og:locale\" content=\"en_GB\" \/>\n<meta property=\"og:type\" content=\"article\" \/>\n<meta property=\"og:title\" content=\"The Unexpected Dancer - Die unerwartete T\u00e4nzerin - EasyOriginal.com\" \/>\n<meta property=\"og:description\" content=\"The Unexpected Dancer - Die unerwartete T\u00e4nzerin F\u00fcr Orla Fletcher soll der erste Mai in Meadowbrook der Tag sein, an dem sie endlich dazugeh\u00f6rt. F\u00fcnf Jahre nach ihrer Flucht aus der hektischen Londoner Verlagswelt sehnt sie sich nach nichts mehr als der Akzeptanz der eingeschworenen Dorfgemeinschaft. Ihr Plan ist makellos: Der w\u00fcrdevolle, stoische Zuchtbock Wellington soll als Repr\u00e4sentant von Meadow&#039;s Edge Farm an der feierlichen Tiersegnung teilnehmen. Alles ist auf pure, britische W\u00fcrde ausgelegt. Doch Orla hat die Rechnung ohne Cloudberry gemacht. Cloudberry ist kein gew\u00f6hnliches Schaf. Sie ist handaufgezogen, furchtlos und besitzt eine geheime Leidenschaft, die in der Welt der Nutztiere wohl einzigartig ist: Sie liebt Musik \u2013 und sie hat Rhythmus im Blut. W\u00e4hrend Orla im Dorf um Anerkennung ringt, wittert Cloudberry ihre Chance. Als die fernen Kl\u00e4nge der Geigen und das rhythmische Schellen der Morris-T\u00e4nzer \u00fcber die gr\u00fcnen H\u00fcgel wehen, h\u00e4lt kein Zaun der Welt sie mehr auf. In The Unexpected Dancer steuert das beschauliche Fest auf eine unvermeidliche Kollision zu. Auf dem Dorfplatz wartet der strenge Tanzkapit\u00e4n Albert, der auf geometrische Perfektion pocht, und der zur\u00fcckhaltende B\u00e4cker Gareth, dessen kunstvolle Mair\u00fcbchen-T\u00f6rtchen bereitstehen. Niemand ahnt, dass ein wolliger Wirbelwind im Anmarsch ist, der bereit ist, die jahrhundertealte Choreografie des Dorflebens geh\u00f6rig durcheinanderzuwirbeln. Wird der Zusammensto\u00df Orlas Ruf f\u00fcr immer ruinieren oder ihr zeigen, dass wahre Zugeh\u00f6rigkeit nicht durch Perfektion entsteht? Eine herzerw\u00e4rmende Geschichte voller Charme, Humor und der Erkenntnis, dass man manchmal aus der Reihe tanzen muss, um seinen wahren Platz zu finden. Zweisprachiges Buch Englisch-Deutsch.\" \/>\n<meta property=\"og:url\" content=\"https:\/\/easyoriginal.com\/en\/shop\/modern-englisch-frank\/the-unexpected-dancer-die-unerwartete-taenzerin\/\" \/>\n<meta property=\"og:site_name\" content=\"EasyOriginal.com\" \/>\n<meta property=\"article:modified_time\" content=\"2025-12-07T11:12:33+00:00\" \/>\n<meta property=\"og:image\" content=\"https:\/\/easyoriginal.com\/wp-content\/uploads\/The_Unexpected_Dancer_printcover.jpg\" \/>\n\t<meta property=\"og:image:width\" content=\"1600\" \/>\n\t<meta property=\"og:image:height\" content=\"2400\" \/>\n\t<meta property=\"og:image:type\" content=\"image\/jpeg\" \/>\n<meta name=\"twitter:card\" content=\"summary_large_image\" \/>\n<meta name=\"twitter:label1\" content=\"Estimated reading time\" \/>\n\t<meta name=\"twitter:data1\" content=\"2 minutes\" \/>\n<script type=\"application\/ld+json\" class=\"yoast-schema-graph\">{\"@context\":\"https:\\\/\\\/schema.org\",\"@graph\":[{\"@type\":\"WebPage\",\"@id\":\"https:\\\/\\\/easyoriginal.com\\\/shop\\\/modern-englisch-frank\\\/the-unexpected-dancer-die-unerwartete-taenzerin\\\/\",\"url\":\"https:\\\/\\\/easyoriginal.com\\\/shop\\\/modern-englisch-frank\\\/the-unexpected-dancer-die-unerwartete-taenzerin\\\/\",\"name\":\"The Unexpected Dancer - Die unerwartete T\u00e4nzerin - EasyOriginal.com\",\"isPartOf\":{\"@id\":\"https:\\\/\\\/easyoriginal.com\\\/#website\"},\"primaryImageOfPage\":{\"@id\":\"https:\\\/\\\/easyoriginal.com\\\/shop\\\/modern-englisch-frank\\\/the-unexpected-dancer-die-unerwartete-taenzerin\\\/#primaryimage\"},\"image\":{\"@id\":\"https:\\\/\\\/easyoriginal.com\\\/shop\\\/modern-englisch-frank\\\/the-unexpected-dancer-die-unerwartete-taenzerin\\\/#primaryimage\"},\"thumbnailUrl\":\"https:\\\/\\\/easyoriginal.com\\\/wp-content\\\/uploads\\\/The_Unexpected_Dancer_printcover.jpg\",\"datePublished\":\"2025-12-01T20:14:19+00:00\",\"dateModified\":\"2025-12-07T11:12:33+00:00\",\"breadcrumb\":{\"@id\":\"https:\\\/\\\/easyoriginal.com\\\/shop\\\/modern-englisch-frank\\\/the-unexpected-dancer-die-unerwartete-taenzerin\\\/#breadcrumb\"},\"inLanguage\":\"en-GB\",\"potentialAction\":[{\"@type\":\"ReadAction\",\"target\":[\"https:\\\/\\\/easyoriginal.com\\\/shop\\\/modern-englisch-frank\\\/the-unexpected-dancer-die-unerwartete-taenzerin\\\/\"]}]},{\"@type\":\"ImageObject\",\"inLanguage\":\"en-GB\",\"@id\":\"https:\\\/\\\/easyoriginal.com\\\/shop\\\/modern-englisch-frank\\\/the-unexpected-dancer-die-unerwartete-taenzerin\\\/#primaryimage\",\"url\":\"https:\\\/\\\/easyoriginal.com\\\/wp-content\\\/uploads\\\/The_Unexpected_Dancer_printcover.jpg\",\"contentUrl\":\"https:\\\/\\\/easyoriginal.com\\\/wp-content\\\/uploads\\\/The_Unexpected_Dancer_printcover.jpg\",\"width\":1600,\"height\":2400},{\"@type\":\"BreadcrumbList\",\"@id\":\"https:\\\/\\\/easyoriginal.com\\\/shop\\\/modern-englisch-frank\\\/the-unexpected-dancer-die-unerwartete-taenzerin\\\/#breadcrumb\",\"itemListElement\":[{\"@type\":\"ListItem\",\"position\":1,\"name\":\"Startseite\",\"item\":\"https:\\\/\\\/easyoriginal.com\\\/\"},{\"@type\":\"ListItem\",\"position\":2,\"name\":\"Shop\",\"item\":\"https:\\\/\\\/easyoriginal.com\\\/shop\\\/\"},{\"@type\":\"ListItem\",\"position\":3,\"name\":\"The Unexpected Dancer &#8211; Die unerwartete T\u00e4nzerin\"}]},{\"@type\":\"WebSite\",\"@id\":\"https:\\\/\\\/easyoriginal.com\\\/#website\",\"url\":\"https:\\\/\\\/easyoriginal.com\\\/\",\"name\":\"EasyOriginal.com\",\"description\":\"Spa\u00df am Lesen im Original - Innovative Lesemethode f\u00fcr Fremdsprachen\",\"publisher\":{\"@id\":\"https:\\\/\\\/easyoriginal.com\\\/#organization\"},\"potentialAction\":[{\"@type\":\"SearchAction\",\"target\":{\"@type\":\"EntryPoint\",\"urlTemplate\":\"https:\\\/\\\/easyoriginal.com\\\/?s={search_term_string}\"},\"query-input\":{\"@type\":\"PropertyValueSpecification\",\"valueRequired\":true,\"valueName\":\"search_term_string\"}}],\"inLanguage\":\"en-GB\"},{\"@type\":\"Organization\",\"@id\":\"https:\\\/\\\/easyoriginal.com\\\/#organization\",\"name\":\"EasyOriginal Verlag\",\"url\":\"https:\\\/\\\/easyoriginal.com\\\/\",\"logo\":{\"@type\":\"ImageObject\",\"inLanguage\":\"en-GB\",\"@id\":\"https:\\\/\\\/easyoriginal.com\\\/#\\\/schema\\\/logo\\\/image\\\/\",\"url\":\"https:\\\/\\\/easyoriginal.com\\\/wp-content\\\/uploads\\\/2020\\\/08\\\/logo_main.png\",\"contentUrl\":\"https:\\\/\\\/easyoriginal.com\\\/wp-content\\\/uploads\\\/2020\\\/08\\\/logo_main.png\",\"width\":500,\"height\":103,\"caption\":\"EasyOriginal Verlag\"},\"image\":{\"@id\":\"https:\\\/\\\/easyoriginal.com\\\/#\\\/schema\\\/logo\\\/image\\\/\"}}]}<\/script>\n<!-- \/ Yoast SEO plugin. -->","yoast_head_json":{"title":"The Unexpected Dancer - Die unerwartete T\u00e4nzerin - EasyOriginal.com","robots":{"index":"index","follow":"follow","max-snippet":"max-snippet:-1","max-image-preview":"max-image-preview:large","max-video-preview":"max-video-preview:-1"},"canonical":"https:\/\/easyoriginal.com\/en\/shop\/modern-englisch-frank\/the-unexpected-dancer-die-unerwartete-taenzerin\/","og_locale":"en_GB","og_type":"article","og_title":"The Unexpected Dancer - Die unerwartete T\u00e4nzerin - EasyOriginal.com","og_description":"The Unexpected Dancer - Die unerwartete T\u00e4nzerin F\u00fcr Orla Fletcher soll der erste Mai in Meadowbrook der Tag sein, an dem sie endlich dazugeh\u00f6rt. F\u00fcnf Jahre nach ihrer Flucht aus der hektischen Londoner Verlagswelt sehnt sie sich nach nichts mehr als der Akzeptanz der eingeschworenen Dorfgemeinschaft. Ihr Plan ist makellos: Der w\u00fcrdevolle, stoische Zuchtbock Wellington soll als Repr\u00e4sentant von Meadow's Edge Farm an der feierlichen Tiersegnung teilnehmen. Alles ist auf pure, britische W\u00fcrde ausgelegt. Doch Orla hat die Rechnung ohne Cloudberry gemacht. Cloudberry ist kein gew\u00f6hnliches Schaf. Sie ist handaufgezogen, furchtlos und besitzt eine geheime Leidenschaft, die in der Welt der Nutztiere wohl einzigartig ist: Sie liebt Musik \u2013 und sie hat Rhythmus im Blut. W\u00e4hrend Orla im Dorf um Anerkennung ringt, wittert Cloudberry ihre Chance. Als die fernen Kl\u00e4nge der Geigen und das rhythmische Schellen der Morris-T\u00e4nzer \u00fcber die gr\u00fcnen H\u00fcgel wehen, h\u00e4lt kein Zaun der Welt sie mehr auf. In The Unexpected Dancer steuert das beschauliche Fest auf eine unvermeidliche Kollision zu. Auf dem Dorfplatz wartet der strenge Tanzkapit\u00e4n Albert, der auf geometrische Perfektion pocht, und der zur\u00fcckhaltende B\u00e4cker Gareth, dessen kunstvolle Mair\u00fcbchen-T\u00f6rtchen bereitstehen. Niemand ahnt, dass ein wolliger Wirbelwind im Anmarsch ist, der bereit ist, die jahrhundertealte Choreografie des Dorflebens geh\u00f6rig durcheinanderzuwirbeln. Wird der Zusammensto\u00df Orlas Ruf f\u00fcr immer ruinieren oder ihr zeigen, dass wahre Zugeh\u00f6rigkeit nicht durch Perfektion entsteht? Eine herzerw\u00e4rmende Geschichte voller Charme, Humor und der Erkenntnis, dass man manchmal aus der Reihe tanzen muss, um seinen wahren Platz zu finden. Zweisprachiges Buch Englisch-Deutsch.","og_url":"https:\/\/easyoriginal.com\/en\/shop\/modern-englisch-frank\/the-unexpected-dancer-die-unerwartete-taenzerin\/","og_site_name":"EasyOriginal.com","article_modified_time":"2025-12-07T11:12:33+00:00","og_image":[{"width":1600,"height":2400,"url":"https:\/\/easyoriginal.com\/wp-content\/uploads\/The_Unexpected_Dancer_printcover.jpg","type":"image\/jpeg"}],"twitter_card":"summary_large_image","twitter_misc":{"Estimated reading time":"2 minutes"},"schema":{"@context":"https:\/\/schema.org","@graph":[{"@type":"WebPage","@id":"https:\/\/easyoriginal.com\/shop\/modern-englisch-frank\/the-unexpected-dancer-die-unerwartete-taenzerin\/","url":"https:\/\/easyoriginal.com\/shop\/modern-englisch-frank\/the-unexpected-dancer-die-unerwartete-taenzerin\/","name":"The Unexpected Dancer - Die unerwartete T\u00e4nzerin - EasyOriginal.com","isPartOf":{"@id":"https:\/\/easyoriginal.com\/#website"},"primaryImageOfPage":{"@id":"https:\/\/easyoriginal.com\/shop\/modern-englisch-frank\/the-unexpected-dancer-die-unerwartete-taenzerin\/#primaryimage"},"image":{"@id":"https:\/\/easyoriginal.com\/shop\/modern-englisch-frank\/the-unexpected-dancer-die-unerwartete-taenzerin\/#primaryimage"},"thumbnailUrl":"https:\/\/easyoriginal.com\/wp-content\/uploads\/The_Unexpected_Dancer_printcover.jpg","datePublished":"2025-12-01T20:14:19+00:00","dateModified":"2025-12-07T11:12:33+00:00","breadcrumb":{"@id":"https:\/\/easyoriginal.com\/shop\/modern-englisch-frank\/the-unexpected-dancer-die-unerwartete-taenzerin\/#breadcrumb"},"inLanguage":"en-GB","potentialAction":[{"@type":"ReadAction","target":["https:\/\/easyoriginal.com\/shop\/modern-englisch-frank\/the-unexpected-dancer-die-unerwartete-taenzerin\/"]}]},{"@type":"ImageObject","inLanguage":"en-GB","@id":"https:\/\/easyoriginal.com\/shop\/modern-englisch-frank\/the-unexpected-dancer-die-unerwartete-taenzerin\/#primaryimage","url":"https:\/\/easyoriginal.com\/wp-content\/uploads\/The_Unexpected_Dancer_printcover.jpg","contentUrl":"https:\/\/easyoriginal.com\/wp-content\/uploads\/The_Unexpected_Dancer_printcover.jpg","width":1600,"height":2400},{"@type":"BreadcrumbList","@id":"https:\/\/easyoriginal.com\/shop\/modern-englisch-frank\/the-unexpected-dancer-die-unerwartete-taenzerin\/#breadcrumb","itemListElement":[{"@type":"ListItem","position":1,"name":"Startseite","item":"https:\/\/easyoriginal.com\/"},{"@type":"ListItem","position":2,"name":"Shop","item":"https:\/\/easyoriginal.com\/shop\/"},{"@type":"ListItem","position":3,"name":"The Unexpected Dancer &#8211; Die unerwartete T\u00e4nzerin"}]},{"@type":"WebSite","@id":"https:\/\/easyoriginal.com\/#website","url":"https:\/\/easyoriginal.com\/","name":"EasyOriginal.com","description":"Spa\u00df am Lesen im Original - Innovative Lesemethode f\u00fcr Fremdsprachen","publisher":{"@id":"https:\/\/easyoriginal.com\/#organization"},"potentialAction":[{"@type":"SearchAction","target":{"@type":"EntryPoint","urlTemplate":"https:\/\/easyoriginal.com\/?s={search_term_string}"},"query-input":{"@type":"PropertyValueSpecification","valueRequired":true,"valueName":"search_term_string"}}],"inLanguage":"en-GB"},{"@type":"Organization","@id":"https:\/\/easyoriginal.com\/#organization","name":"EasyOriginal Verlag","url":"https:\/\/easyoriginal.com\/","logo":{"@type":"ImageObject","inLanguage":"en-GB","@id":"https:\/\/easyoriginal.com\/#\/schema\/logo\/image\/","url":"https:\/\/easyoriginal.com\/wp-content\/uploads\/2020\/08\/logo_main.png","contentUrl":"https:\/\/easyoriginal.com\/wp-content\/uploads\/2020\/08\/logo_main.png","width":500,"height":103,"caption":"EasyOriginal Verlag"},"image":{"@id":"https:\/\/easyoriginal.com\/#\/schema\/logo\/image\/"}}]}},"_links":{"self":[{"href":"https:\/\/easyoriginal.com\/en\/wp-json\/wp\/v2\/product\/16601","targetHints":{"allow":["GET"]}}],"collection":[{"href":"https:\/\/easyoriginal.com\/en\/wp-json\/wp\/v2\/product"}],"about":[{"href":"https:\/\/easyoriginal.com\/en\/wp-json\/wp\/v2\/types\/product"}],"replies":[{"embeddable":true,"href":"https:\/\/easyoriginal.com\/en\/wp-json\/wp\/v2\/comments?post=16601"}],"wp:featuredmedia":[{"embeddable":true,"href":"https:\/\/easyoriginal.com\/en\/wp-json\/wp\/v2\/media\/16608"}],"wp:attachment":[{"href":"https:\/\/easyoriginal.com\/en\/wp-json\/wp\/v2\/media?parent=16601"}],"wp:term":[{"taxonomy":"product_brand","embeddable":true,"href":"https:\/\/easyoriginal.com\/en\/wp-json\/wp\/v2\/product_brand?post=16601"},{"taxonomy":"product_cat","embeddable":true,"href":"https:\/\/easyoriginal.com\/en\/wp-json\/wp\/v2\/product_cat?post=16601"},{"taxonomy":"product_tag","embeddable":true,"href":"https:\/\/easyoriginal.com\/en\/wp-json\/wp\/v2\/product_tag?post=16601"}],"curies":[{"name":"wp","href":"https:\/\/api.w.org\/{rel}","templated":true}]}}