{"id":16357,"date":"2025-09-19T21:57:59","date_gmt":"2025-09-19T19:57:59","guid":{"rendered":"https:\/\/easyoriginal.com\/?post_type=product&#038;p=16357"},"modified":"2025-11-29T14:11:00","modified_gmt":"2025-11-29T13:11:00","slug":"the-midnight-moo-ver-der-mitternaechtliche-ausreisser","status":"publish","type":"product","link":"https:\/\/easyoriginal.com\/en\/shop\/modern-englisch-frank-a1-a2\/the-midnight-moo-ver-der-mitternaechtliche-ausreisser\/","title":{"rendered":"The Midnight Moo-ver \u2014 Der mittern\u00e4chtliche Ausrei\u00dfer"},"content":{"rendered":"<div class=\"adapted-container\">\n<p class=\"Adapted\" lang=\"de-DE\">Morning on the Farm <span class=\"Translation\">(Morgen auf dem Bauernhof)<\/span><\/p>\n<p class=\"Adapted\" lang=\"de-DE\">The sun was high in the summer sky over Grange Farm <span class=\"Translation\">(die Sonne stand hoch am Sommerhimmel \u00fcber Grange Farm)<\/span>.<\/p>\n<p class=\"Adapted\" lang=\"de-DE\">It was the middle of July <span class=\"Translation\">(es war Mitte Juli)<\/span>, and the fields were a bright, happy green <span class=\"Translation\">(und die Felder waren in einem hellen, fr\u00f6hlichen Gr\u00fcn)<\/span>.<\/p>\n<p class=\"Adapted\" lang=\"de-DE\">Bethan Lloyd walked with her father, Gareth <span class=\"Translation\">(Bethan Lloyd ging mit ihrem Vater, Gareth)<\/span>, counting their Welsh Black cattle <span class=\"Translation\">(ihre Welsh-Black-Rinder z\u00e4hlen<\/span><span class=\"Translation\"><span class=\"No-Break\">d;<\/span><\/span><span class=\"Translation\"><span class=\"Comments\"> <\/span><\/span><span class=\"Translation\"><span class=\"Comment-Words\">cattle<\/span><\/span><span class=\"Translation\"><span class=\"No-Break\"><span class=\"Comments\"> \u2014<\/span><\/span><\/span><span class=\"Translation\"><span class=\"Comments\"> Rinder, Vieh<\/span><\/span><span class=\"Translation\">)<\/span> in the morning sunshine <span class=\"Translation\">(im Morgensonnenschein)<\/span>.<\/p>\n<\/div>\n<audio class=\"wp-audio-shortcode\" id=\"audio-16357-1\" preload=\"none\" style=\"width: 100%;\" controls=\"controls\"><source type=\"audio\/mpeg\" src=\"https:\/\/easyoriginal1.s3.eu-central-1.amazonaws.com\/englisch\/e89\/001.mp3?_=1\" \/><a href=\"https:\/\/easyoriginal1.s3.eu-central-1.amazonaws.com\/englisch\/e89\/001.mp3\">https:\/\/easyoriginal1.s3.eu-central-1.amazonaws.com\/englisch\/e89\/001.mp3<\/a><\/audio>\n<div class=\"original-container\">\n<p class=\"Original\">Morning on the Farm<\/p>\n<p class=\"Original\">The sun was high in the summer sky over Grange Farm.<\/p>\n<p class=\"Original\">It was the middle of July, and the fields were a bright, happy green.<\/p>\n<p class=\"Original\">Bethan Lloyd walked with her father, Gareth, counting their Welsh Black cattle in the morning sunshine.<\/p>\n<\/div>","protected":false},"excerpt":{"rendered":"<p>Ein n\u00e4chtliches R\u00e4tsel. Eine Farm in Aufruhr.<br \/>\nAuf Grange Farm geschieht jede Nacht das Unm\u00f6gliche: Drei\u00dfig K\u00fche verschwinden spurlos aus einem fest verriegelten Feld. Sie kehren bei Sonnenaufgang zur\u00fcck, als w\u00e4ren sie durch Z\u00e4une marschiert \u2013 ersch\u00f6pft, mit Spuren von seltsamem blauen Schlamm und mysteri\u00f6se Kreise im Gras hinterlassend.<br \/>\nDie junge Farm-Detektivin Bethan Lloyd ist entschlossen, das Geheimnis zu l\u00fcften. Ihre n\u00e4chtliche Jagd nach der Wahrheit enth\u00fcllt ein R\u00e4tsel, das tiefer und erstaunlicher ist als jede Legende.<br \/>\nTauchen Sie ein in das fesselnde Mysterium von The Midnight Moo-ver. Eine clevere Heldin und ein Geheimnis, das in der Geschichte des Landes verwurzelt ist, werden Sie bis zur letzten Seite nicht mehr loslassen.<br \/>\nZweisprachiges Buch Englisch-Deutsch.<\/p>","protected":false},"featured_media":16363,"comment_status":"open","ping_status":"closed","template":"","meta":{"_acf_changed":false,"_et_pb_use_builder":"off","_et_pb_old_content":"<div class=\"adapted-container\">\r\n<p class=\"Adapted\"><span class=\"Bold\">Hace mucho tiempo que ten\u00eda ganas de escribir <\/span><span class=\"Translation\">(seit langer Zeit hatte ich Lust zu schreiben; <\/span><span class=\"Translation\"><span class=\"Comment-Words\">tener<\/span><\/span><span class=\"Translation\"><span class=\"Comments\"> \u2014 haben<\/span><\/span><span class=\"Translation\">)<\/span><span class=\"Bold\"> cualquier cosa con este t\u00edtulo <\/span><span class=\"Translation\">(irgendetwas mit diesem Titel)<\/span><span class=\"Bold\">.<\/span><\/p>\r\n<p class=\"Adapted\"><span class=\"Bold\">Hoy<a id=\"_idTextAnchor001\"><\/a>, que se me ha presentado ocasi\u00f3n <\/span><span class=\"Translation\">(heute, wo sich mir \/eine\/ Gelegenheit geboten hat; <\/span><span class=\"Translation\"><span class=\"Comment-Words\">presentar<\/span><\/span><span class=\"Translation\"><span class=\"Comments\"> \u2014 zeigen; vorstellen<\/span><\/span><span class=\"Translation\">)<\/span><span class=\"Bold\">, lo he puesto con letras grandes <\/span><span class=\"Translation\">(das habe ich in gro\u00dfen Buchstaben gesetzt = habe ich es in Gro\u00dfbuchstaben gesetzt; <\/span><span class=\"Translation\"><span class=\"Comment-Words\">poner<\/span><\/span><span class=\"Translation\"><span class=\"Comments\"> \u2014 setzen; stellen; legen<\/span><\/span><span class=\"Translation\">)<\/span><span class=\"Bold\"> en la primera cuartilla de papel <\/span><span class=\"Translation\">(auf das erste Blatt: \u00abauf das erste Viertelpapier\u00bb; <\/span><span class=\"Translation\"><span class=\"Comment-Words\">cuarto<\/span><\/span><span class=\"Translation\"><span class=\"Gender _idGenCharOverride-1\">m <\/span><\/span><span class=\"Translation\"><span class=\"Comments\">\u2014 Viertel<\/span><\/span><span class=\"Translation\">)<\/span><span class=\"Bold\">, y luego he dejado a capricho volar la pluma <\/span><span class=\"Translation\">(und dann habe ich nach Belieben die Feder fliegen lassen; <\/span><span class=\"Translation\"><span class=\"Comment-Words\">dejar<\/span><\/span><span class=\"Translation\"><span class=\"Comments\"> \u2014 lassen; <\/span><\/span><span class=\"Translation\"><span class=\"Comment-Words\">capricho<\/span><\/span><span class=\"Translation\"><span class=\"Gender _idGenCharOverride-1\">m <\/span><\/span><span class=\"Translation\"><span class=\"Comments\">\u2014 Laune<\/span><\/span><span class=\"Translation\">)<\/span><span class=\"Bold\">.<\/span><\/p>\r\n\r\n<\/div>\r\n[audio mp3=\"https:\/\/easyoriginal1.s3.eu-central-1.amazonaws.com\/spanisch\/s1\/1.mp3\"][\/audio]\r\n<div class=\"original-container\">\r\n<p class=\"Original\">Hace mucho tiempo que ten\u00eda ganas de escribir cualquier cosa con este t\u00edtulo.<\/p>\r\n<p class=\"Original\">Hoy, que se me ha presentado ocasi\u00f3n, lo he puesto con letras grandes en la primera cuartilla de papel, y luego he dejado a capricho volar la pluma.<\/p>\r\n\r\n<\/div>\r\n<a class=\"weiter\" href=\"\/webreader\/los-ojos-verdes\/fragment\/1-4-2\/\">weiter lesen<\/a>","_et_gb_content_width":""},"product_brand":[],"product_cat":[270],"product_tag":[164,81],"class_list":{"0":"post-16357","1":"product","2":"type-product","3":"status-publish","4":"has-post-thumbnail","6":"product_cat-modern-englisch-frank-a1-a2","7":"product_tag-anfaenger","8":"product_tag-krimi","10":"first","11":"instock","12":"taxable","13":"shipping-taxable","14":"purchasable","15":"product-type-variable"},"acf":[],"yoast_head":"<!-- This site is optimized with the Yoast SEO plugin v27.3 - https:\/\/yoast.com\/product\/yoast-seo-wordpress\/ -->\n<title>The Midnight Moo-ver \u2014 Der mittern\u00e4chtliche Ausrei\u00dfer - EasyOriginal.com<\/title>\n<meta name=\"robots\" content=\"index, follow, max-snippet:-1, max-image-preview:large, max-video-preview:-1\" \/>\n<link rel=\"canonical\" href=\"https:\/\/easyoriginal.com\/en\/shop\/modern-englisch-frank-a1-a2\/the-midnight-moo-ver-der-mitternaechtliche-ausreisser\/\" \/>\n<meta property=\"og:locale\" content=\"en_GB\" \/>\n<meta property=\"og:type\" content=\"article\" \/>\n<meta property=\"og:title\" content=\"The Midnight Moo-ver \u2014 Der mittern\u00e4chtliche Ausrei\u00dfer - EasyOriginal.com\" \/>\n<meta property=\"og:description\" content=\"Ein n\u00e4chtliches R\u00e4tsel. Eine Farm in Aufruhr. Auf Grange Farm geschieht jede Nacht das Unm\u00f6gliche: Drei\u00dfig K\u00fche verschwinden spurlos aus einem fest verriegelten Feld. Sie kehren bei Sonnenaufgang zur\u00fcck, als w\u00e4ren sie durch Z\u00e4une marschiert \u2013 ersch\u00f6pft, mit Spuren von seltsamem blauen Schlamm und mysteri\u00f6se Kreise im Gras hinterlassend.  Die junge Farm-Detektivin Bethan Lloyd ist entschlossen, das Geheimnis zu l\u00fcften. Ihre n\u00e4chtliche Jagd nach der Wahrheit enth\u00fcllt ein R\u00e4tsel, das tiefer und erstaunlicher ist als jede Legende.  Tauchen Sie ein in das fesselnde Mysterium von The Midnight Moo-ver. Eine clevere Heldin und ein Geheimnis, das in der Geschichte des Landes verwurzelt ist, werden Sie bis zur letzten Seite nicht mehr loslassen. Zweisprachiges Buch Englisch-Deutsch.\" \/>\n<meta property=\"og:url\" content=\"https:\/\/easyoriginal.com\/en\/shop\/modern-englisch-frank-a1-a2\/the-midnight-moo-ver-der-mitternaechtliche-ausreisser\/\" \/>\n<meta property=\"og:site_name\" content=\"EasyOriginal.com\" \/>\n<meta property=\"article:modified_time\" content=\"2025-11-29T13:11:00+00:00\" \/>\n<meta property=\"og:image\" content=\"https:\/\/easyoriginal.com\/wp-content\/uploads\/The_Midnight_Moo-ver_printcover.jpg\" \/>\n\t<meta property=\"og:image:width\" content=\"1600\" \/>\n\t<meta property=\"og:image:height\" content=\"2400\" \/>\n\t<meta property=\"og:image:type\" content=\"image\/jpeg\" \/>\n<meta name=\"twitter:card\" content=\"summary_large_image\" \/>\n<meta name=\"twitter:label1\" content=\"Estimated reading time\" \/>\n\t<meta name=\"twitter:data1\" content=\"2 minutes\" \/>\n<script type=\"application\/ld+json\" class=\"yoast-schema-graph\">{\"@context\":\"https:\\\/\\\/schema.org\",\"@graph\":[{\"@type\":\"WebPage\",\"@id\":\"https:\\\/\\\/easyoriginal.com\\\/shop\\\/modern-englisch-frank-a1-a2\\\/the-midnight-moo-ver-der-mitternaechtliche-ausreisser\\\/\",\"url\":\"https:\\\/\\\/easyoriginal.com\\\/shop\\\/modern-englisch-frank-a1-a2\\\/the-midnight-moo-ver-der-mitternaechtliche-ausreisser\\\/\",\"name\":\"The Midnight Moo-ver \u2014 Der mittern\u00e4chtliche Ausrei\u00dfer - EasyOriginal.com\",\"isPartOf\":{\"@id\":\"https:\\\/\\\/easyoriginal.com\\\/#website\"},\"primaryImageOfPage\":{\"@id\":\"https:\\\/\\\/easyoriginal.com\\\/shop\\\/modern-englisch-frank-a1-a2\\\/the-midnight-moo-ver-der-mitternaechtliche-ausreisser\\\/#primaryimage\"},\"image\":{\"@id\":\"https:\\\/\\\/easyoriginal.com\\\/shop\\\/modern-englisch-frank-a1-a2\\\/the-midnight-moo-ver-der-mitternaechtliche-ausreisser\\\/#primaryimage\"},\"thumbnailUrl\":\"https:\\\/\\\/easyoriginal.com\\\/wp-content\\\/uploads\\\/The_Midnight_Moo-ver_printcover.jpg\",\"datePublished\":\"2025-09-19T19:57:59+00:00\",\"dateModified\":\"2025-11-29T13:11:00+00:00\",\"breadcrumb\":{\"@id\":\"https:\\\/\\\/easyoriginal.com\\\/shop\\\/modern-englisch-frank-a1-a2\\\/the-midnight-moo-ver-der-mitternaechtliche-ausreisser\\\/#breadcrumb\"},\"inLanguage\":\"en-GB\",\"potentialAction\":[{\"@type\":\"ReadAction\",\"target\":[\"https:\\\/\\\/easyoriginal.com\\\/shop\\\/modern-englisch-frank-a1-a2\\\/the-midnight-moo-ver-der-mitternaechtliche-ausreisser\\\/\"]}]},{\"@type\":\"ImageObject\",\"inLanguage\":\"en-GB\",\"@id\":\"https:\\\/\\\/easyoriginal.com\\\/shop\\\/modern-englisch-frank-a1-a2\\\/the-midnight-moo-ver-der-mitternaechtliche-ausreisser\\\/#primaryimage\",\"url\":\"https:\\\/\\\/easyoriginal.com\\\/wp-content\\\/uploads\\\/The_Midnight_Moo-ver_printcover.jpg\",\"contentUrl\":\"https:\\\/\\\/easyoriginal.com\\\/wp-content\\\/uploads\\\/The_Midnight_Moo-ver_printcover.jpg\",\"width\":1600,\"height\":2400},{\"@type\":\"BreadcrumbList\",\"@id\":\"https:\\\/\\\/easyoriginal.com\\\/shop\\\/modern-englisch-frank-a1-a2\\\/the-midnight-moo-ver-der-mitternaechtliche-ausreisser\\\/#breadcrumb\",\"itemListElement\":[{\"@type\":\"ListItem\",\"position\":1,\"name\":\"Startseite\",\"item\":\"https:\\\/\\\/easyoriginal.com\\\/\"},{\"@type\":\"ListItem\",\"position\":2,\"name\":\"Shop\",\"item\":\"https:\\\/\\\/easyoriginal.com\\\/shop\\\/\"},{\"@type\":\"ListItem\",\"position\":3,\"name\":\"The Midnight Moo-ver \u2014 Der mittern\u00e4chtliche Ausrei\u00dfer\"}]},{\"@type\":\"WebSite\",\"@id\":\"https:\\\/\\\/easyoriginal.com\\\/#website\",\"url\":\"https:\\\/\\\/easyoriginal.com\\\/\",\"name\":\"EasyOriginal.com\",\"description\":\"Spa\u00df am Lesen im Original - Innovative Lesemethode f\u00fcr Fremdsprachen\",\"publisher\":{\"@id\":\"https:\\\/\\\/easyoriginal.com\\\/#organization\"},\"potentialAction\":[{\"@type\":\"SearchAction\",\"target\":{\"@type\":\"EntryPoint\",\"urlTemplate\":\"https:\\\/\\\/easyoriginal.com\\\/?s={search_term_string}\"},\"query-input\":{\"@type\":\"PropertyValueSpecification\",\"valueRequired\":true,\"valueName\":\"search_term_string\"}}],\"inLanguage\":\"en-GB\"},{\"@type\":\"Organization\",\"@id\":\"https:\\\/\\\/easyoriginal.com\\\/#organization\",\"name\":\"EasyOriginal Verlag\",\"url\":\"https:\\\/\\\/easyoriginal.com\\\/\",\"logo\":{\"@type\":\"ImageObject\",\"inLanguage\":\"en-GB\",\"@id\":\"https:\\\/\\\/easyoriginal.com\\\/#\\\/schema\\\/logo\\\/image\\\/\",\"url\":\"https:\\\/\\\/easyoriginal.com\\\/wp-content\\\/uploads\\\/2020\\\/08\\\/logo_main.png\",\"contentUrl\":\"https:\\\/\\\/easyoriginal.com\\\/wp-content\\\/uploads\\\/2020\\\/08\\\/logo_main.png\",\"width\":500,\"height\":103,\"caption\":\"EasyOriginal Verlag\"},\"image\":{\"@id\":\"https:\\\/\\\/easyoriginal.com\\\/#\\\/schema\\\/logo\\\/image\\\/\"}}]}<\/script>\n<!-- \/ Yoast SEO plugin. -->","yoast_head_json":{"title":"The Midnight Moo-ver \u2014 Der mittern\u00e4chtliche Ausrei\u00dfer - EasyOriginal.com","robots":{"index":"index","follow":"follow","max-snippet":"max-snippet:-1","max-image-preview":"max-image-preview:large","max-video-preview":"max-video-preview:-1"},"canonical":"https:\/\/easyoriginal.com\/en\/shop\/modern-englisch-frank-a1-a2\/the-midnight-moo-ver-der-mitternaechtliche-ausreisser\/","og_locale":"en_GB","og_type":"article","og_title":"The Midnight Moo-ver \u2014 Der mittern\u00e4chtliche Ausrei\u00dfer - EasyOriginal.com","og_description":"Ein n\u00e4chtliches R\u00e4tsel. Eine Farm in Aufruhr. Auf Grange Farm geschieht jede Nacht das Unm\u00f6gliche: Drei\u00dfig K\u00fche verschwinden spurlos aus einem fest verriegelten Feld. Sie kehren bei Sonnenaufgang zur\u00fcck, als w\u00e4ren sie durch Z\u00e4une marschiert \u2013 ersch\u00f6pft, mit Spuren von seltsamem blauen Schlamm und mysteri\u00f6se Kreise im Gras hinterlassend.  Die junge Farm-Detektivin Bethan Lloyd ist entschlossen, das Geheimnis zu l\u00fcften. Ihre n\u00e4chtliche Jagd nach der Wahrheit enth\u00fcllt ein R\u00e4tsel, das tiefer und erstaunlicher ist als jede Legende.  Tauchen Sie ein in das fesselnde Mysterium von The Midnight Moo-ver. Eine clevere Heldin und ein Geheimnis, das in der Geschichte des Landes verwurzelt ist, werden Sie bis zur letzten Seite nicht mehr loslassen. Zweisprachiges Buch Englisch-Deutsch.","og_url":"https:\/\/easyoriginal.com\/en\/shop\/modern-englisch-frank-a1-a2\/the-midnight-moo-ver-der-mitternaechtliche-ausreisser\/","og_site_name":"EasyOriginal.com","article_modified_time":"2025-11-29T13:11:00+00:00","og_image":[{"width":1600,"height":2400,"url":"https:\/\/easyoriginal.com\/wp-content\/uploads\/The_Midnight_Moo-ver_printcover.jpg","type":"image\/jpeg"}],"twitter_card":"summary_large_image","twitter_misc":{"Estimated reading time":"2 minutes"},"schema":{"@context":"https:\/\/schema.org","@graph":[{"@type":"WebPage","@id":"https:\/\/easyoriginal.com\/shop\/modern-englisch-frank-a1-a2\/the-midnight-moo-ver-der-mitternaechtliche-ausreisser\/","url":"https:\/\/easyoriginal.com\/shop\/modern-englisch-frank-a1-a2\/the-midnight-moo-ver-der-mitternaechtliche-ausreisser\/","name":"The Midnight Moo-ver \u2014 Der mittern\u00e4chtliche Ausrei\u00dfer - EasyOriginal.com","isPartOf":{"@id":"https:\/\/easyoriginal.com\/#website"},"primaryImageOfPage":{"@id":"https:\/\/easyoriginal.com\/shop\/modern-englisch-frank-a1-a2\/the-midnight-moo-ver-der-mitternaechtliche-ausreisser\/#primaryimage"},"image":{"@id":"https:\/\/easyoriginal.com\/shop\/modern-englisch-frank-a1-a2\/the-midnight-moo-ver-der-mitternaechtliche-ausreisser\/#primaryimage"},"thumbnailUrl":"https:\/\/easyoriginal.com\/wp-content\/uploads\/The_Midnight_Moo-ver_printcover.jpg","datePublished":"2025-09-19T19:57:59+00:00","dateModified":"2025-11-29T13:11:00+00:00","breadcrumb":{"@id":"https:\/\/easyoriginal.com\/shop\/modern-englisch-frank-a1-a2\/the-midnight-moo-ver-der-mitternaechtliche-ausreisser\/#breadcrumb"},"inLanguage":"en-GB","potentialAction":[{"@type":"ReadAction","target":["https:\/\/easyoriginal.com\/shop\/modern-englisch-frank-a1-a2\/the-midnight-moo-ver-der-mitternaechtliche-ausreisser\/"]}]},{"@type":"ImageObject","inLanguage":"en-GB","@id":"https:\/\/easyoriginal.com\/shop\/modern-englisch-frank-a1-a2\/the-midnight-moo-ver-der-mitternaechtliche-ausreisser\/#primaryimage","url":"https:\/\/easyoriginal.com\/wp-content\/uploads\/The_Midnight_Moo-ver_printcover.jpg","contentUrl":"https:\/\/easyoriginal.com\/wp-content\/uploads\/The_Midnight_Moo-ver_printcover.jpg","width":1600,"height":2400},{"@type":"BreadcrumbList","@id":"https:\/\/easyoriginal.com\/shop\/modern-englisch-frank-a1-a2\/the-midnight-moo-ver-der-mitternaechtliche-ausreisser\/#breadcrumb","itemListElement":[{"@type":"ListItem","position":1,"name":"Startseite","item":"https:\/\/easyoriginal.com\/"},{"@type":"ListItem","position":2,"name":"Shop","item":"https:\/\/easyoriginal.com\/shop\/"},{"@type":"ListItem","position":3,"name":"The Midnight Moo-ver \u2014 Der mittern\u00e4chtliche Ausrei\u00dfer"}]},{"@type":"WebSite","@id":"https:\/\/easyoriginal.com\/#website","url":"https:\/\/easyoriginal.com\/","name":"EasyOriginal.com","description":"Spa\u00df am Lesen im Original - Innovative Lesemethode f\u00fcr Fremdsprachen","publisher":{"@id":"https:\/\/easyoriginal.com\/#organization"},"potentialAction":[{"@type":"SearchAction","target":{"@type":"EntryPoint","urlTemplate":"https:\/\/easyoriginal.com\/?s={search_term_string}"},"query-input":{"@type":"PropertyValueSpecification","valueRequired":true,"valueName":"search_term_string"}}],"inLanguage":"en-GB"},{"@type":"Organization","@id":"https:\/\/easyoriginal.com\/#organization","name":"EasyOriginal Verlag","url":"https:\/\/easyoriginal.com\/","logo":{"@type":"ImageObject","inLanguage":"en-GB","@id":"https:\/\/easyoriginal.com\/#\/schema\/logo\/image\/","url":"https:\/\/easyoriginal.com\/wp-content\/uploads\/2020\/08\/logo_main.png","contentUrl":"https:\/\/easyoriginal.com\/wp-content\/uploads\/2020\/08\/logo_main.png","width":500,"height":103,"caption":"EasyOriginal Verlag"},"image":{"@id":"https:\/\/easyoriginal.com\/#\/schema\/logo\/image\/"}}]}},"_links":{"self":[{"href":"https:\/\/easyoriginal.com\/en\/wp-json\/wp\/v2\/product\/16357","targetHints":{"allow":["GET"]}}],"collection":[{"href":"https:\/\/easyoriginal.com\/en\/wp-json\/wp\/v2\/product"}],"about":[{"href":"https:\/\/easyoriginal.com\/en\/wp-json\/wp\/v2\/types\/product"}],"replies":[{"embeddable":true,"href":"https:\/\/easyoriginal.com\/en\/wp-json\/wp\/v2\/comments?post=16357"}],"wp:featuredmedia":[{"embeddable":true,"href":"https:\/\/easyoriginal.com\/en\/wp-json\/wp\/v2\/media\/16363"}],"wp:attachment":[{"href":"https:\/\/easyoriginal.com\/en\/wp-json\/wp\/v2\/media?parent=16357"}],"wp:term":[{"taxonomy":"product_brand","embeddable":true,"href":"https:\/\/easyoriginal.com\/en\/wp-json\/wp\/v2\/product_brand?post=16357"},{"taxonomy":"product_cat","embeddable":true,"href":"https:\/\/easyoriginal.com\/en\/wp-json\/wp\/v2\/product_cat?post=16357"},{"taxonomy":"product_tag","embeddable":true,"href":"https:\/\/easyoriginal.com\/en\/wp-json\/wp\/v2\/product_tag?post=16357"}],"curies":[{"name":"wp","href":"https:\/\/api.w.org\/{rel}","templated":true}]}}