{"id":16348,"date":"2025-09-19T21:50:24","date_gmt":"2025-09-19T19:50:24","guid":{"rendered":"https:\/\/easyoriginal.com\/?post_type=product&#038;p=16348"},"modified":"2025-11-06T20:26:11","modified_gmt":"2025-11-06T19:26:11","slug":"lasperge-impossible-der-unmoegliche-spargel","status":"publish","type":"product","link":"https:\/\/easyoriginal.com\/en\/shop\/modern-franzoesisch-frank-a1-a2\/lasperge-impossible-der-unmoegliche-spargel\/","title":{"rendered":"L&#8217;Asperge impossible \u2014 Der unm\u00f6gliche Spargel"},"content":{"rendered":"<div class=\"adapted-container\">\n<p class=\"Adapted\">La Cuisine Parfaite <span class=\"Translation\">(die perfekte K\u00fcche)<\/span><\/p>\n<p class=\"Adapted\">Le restaurant du chef Arnaud Beauchamp \u00e9tait silencieux ce matin de f\u00e9vrier <span class=\"Translation\">(das Restaurant des K\u00fcchenchefs Arnaud Beauchamp war still an diesem Februarmorgen)<\/span>. Dans la cuisine moderne <span class=\"Translation\">(in der modernen K\u00fcche)<\/span>, tout brillait sous les lumi\u00e8res blanches <span class=\"Translation\">(alles gl\u00e4nzte unter den wei\u00dfen Lichtern)<\/span>. Les surfaces en acier inoxydable refl\u00e9taient la lumi\u00e8re comme des miroirs <span class=\"Translation\">(die Edelstahloberfl\u00e4chen reflektierten das Licht wie Spiege<\/span><span class=\"Translation\"><span class=\"No-Break\">l;<\/span><\/span><span class=\"Translation\"><span class=\"Comments\"> <\/span><\/span><span class=\"Translation\"><span class=\"Comment-Words\">acier inoxydable, m<\/span><\/span><span class=\"Translation\"><span class=\"No-Break\"><span class=\"Comments\"> \u2014<\/span><\/span><\/span><span class=\"Translation\"><span class=\"Comments\"> Edelstah<\/span><\/span><span class=\"Translation\"><span class=\"No-Break\"><span class=\"Comments\">l;<\/span><\/span><\/span><span class=\"Translation\"><span class=\"Comments\"> <\/span><\/span><span class=\"Translation\"><span class=\"Comment-Words\">acier, m<\/span><\/span><span class=\"Translation\"><span class=\"No-Break\"><span class=\"Comments\"> \u2014<\/span><\/span><\/span><span class=\"Translation\"><span class=\"Comments\"> Stah<\/span><\/span><span class=\"Translation\"><span class=\"No-Break\"><span class=\"Comments\">l;<\/span><\/span><\/span><span class=\"Translation\"><span class=\"Comments\"> <\/span><\/span><span class=\"Translation\"><span class=\"Comment-Words\">inoxydable<\/span><\/span><span class=\"Translation\"><span class=\"No-Break\"><span class=\"Comments\"> \u2014<\/span><\/span><\/span><span class=\"Translation\"><span class=\"Comments\"> rostfrei<\/span><\/span><span class=\"Translation\">)<\/span>. Il \u00e9tait six heures du matin \u00e0 Paris <span class=\"Translation\">(es war sechs Uhr morgens in Paris)<\/span>, et la ville dormait encore sous un ciel gris d&apos;hiver <span class=\"Translation\">(und die Stadt schlief noch unter einem grauen Winterhimmel)<\/span>.<\/p>\n<\/div>\n<audio class=\"wp-audio-shortcode\" id=\"audio-16348-1\" preload=\"none\" style=\"width: 100%;\" controls=\"controls\"><source type=\"audio\/mpeg\" src=\"https:\/\/easyoriginal1.s3.eu-central-1.amazonaws.com\/franzoesisch\/f44\/001.mp3?_=1\" \/><a href=\"https:\/\/easyoriginal1.s3.eu-central-1.amazonaws.com\/franzoesisch\/f44\/001.mp3\">https:\/\/easyoriginal1.s3.eu-central-1.amazonaws.com\/franzoesisch\/f44\/001.mp3<\/a><\/audio>\n<div class=\"original-container\">\n<p class=\"Original\" lang=\"fr-FR\">La Cuisine Parfaite<\/p>\n<p class=\"Original\" lang=\"fr-FR\">Le restaurant du chef Arnaud Beauchamp \u00e9tait silencieux ce matin de f\u00e9vrier. Dans la cuisine moderne, tout brillait sous les lumi\u00e8res blanches. Les surfaces en acier inoxydable refl\u00e9taient la lumi\u00e8re comme des miroirs. Il \u00e9tait six heures du matin \u00e0 Paris, et la ville dormait encore sous un ciel gris d\u2019hiver.<\/p>\n<\/div>","protected":false},"excerpt":{"rendered":"<p>Ein Spargel, so perfekt, dass er unm\u00f6glich sein kann, landet in einer Pariser Sternek\u00fcche. Sein Geschmack ist makellos, doch ihm fehlt die Seele.<br \/>\nDer mysteri\u00f6se Fund alarmiert das Bureau d&#8217;Investigation Agricole, eine Eliteeinheit, die eine fesselnde Jagd nach der Wahrheit beginnt \u2013 von der Hauptstadt bis in das Herz der Provence. Schnell wird klar: Dies ist keine simple F\u00e4lschung, sondern eine Verschw\u00f6rung, die an den Grundfesten der franz\u00f6sischen Kulinarik r\u00fcttelt.<br \/>\nL&#8217;Asperge Impossible ist ein raffinierter kulinarischer Thriller \u00fcber den Kampf zwischen Tradition und T\u00e4uschung. Eine Geschichte, die Sie den wahren Preis der Perfektion hinterfragen l\u00e4sst und die Lust weckt, die Wahrheit selbst zu schmecken.<br \/>\nZweisprachiges Buch Franz\u00f6sisch-Deutsch.<\/p>","protected":false},"featured_media":16355,"comment_status":"open","ping_status":"closed","template":"","meta":{"_acf_changed":false,"_et_pb_use_builder":"off","_et_pb_old_content":"<div class=\"adapted-container\">\r\n<p class=\"Adapted\"><span class=\"Bold\">Hace mucho tiempo que ten\u00eda ganas de escribir <\/span><span class=\"Translation\">(seit langer Zeit hatte ich Lust zu schreiben; <\/span><span class=\"Translation\"><span class=\"Comment-Words\">tener<\/span><\/span><span class=\"Translation\"><span class=\"Comments\"> \u2014 haben<\/span><\/span><span class=\"Translation\">)<\/span><span class=\"Bold\"> cualquier cosa con este t\u00edtulo <\/span><span class=\"Translation\">(irgendetwas mit diesem Titel)<\/span><span class=\"Bold\">.<\/span><\/p>\r\n<p class=\"Adapted\"><span class=\"Bold\">Hoy<a id=\"_idTextAnchor001\"><\/a>, que se me ha presentado ocasi\u00f3n <\/span><span class=\"Translation\">(heute, wo sich mir \/eine\/ Gelegenheit geboten hat; <\/span><span class=\"Translation\"><span class=\"Comment-Words\">presentar<\/span><\/span><span class=\"Translation\"><span class=\"Comments\"> \u2014 zeigen; vorstellen<\/span><\/span><span class=\"Translation\">)<\/span><span class=\"Bold\">, lo he puesto con letras grandes <\/span><span class=\"Translation\">(das habe ich in gro\u00dfen Buchstaben gesetzt = habe ich es in Gro\u00dfbuchstaben gesetzt; <\/span><span class=\"Translation\"><span class=\"Comment-Words\">poner<\/span><\/span><span class=\"Translation\"><span class=\"Comments\"> \u2014 setzen; stellen; legen<\/span><\/span><span class=\"Translation\">)<\/span><span class=\"Bold\"> en la primera cuartilla de papel <\/span><span class=\"Translation\">(auf das erste Blatt: \u00abauf das erste Viertelpapier\u00bb; <\/span><span class=\"Translation\"><span class=\"Comment-Words\">cuarto<\/span><\/span><span class=\"Translation\"><span class=\"Gender _idGenCharOverride-1\">m <\/span><\/span><span class=\"Translation\"><span class=\"Comments\">\u2014 Viertel<\/span><\/span><span class=\"Translation\">)<\/span><span class=\"Bold\">, y luego he dejado a capricho volar la pluma <\/span><span class=\"Translation\">(und dann habe ich nach Belieben die Feder fliegen lassen; <\/span><span class=\"Translation\"><span class=\"Comment-Words\">dejar<\/span><\/span><span class=\"Translation\"><span class=\"Comments\"> \u2014 lassen; <\/span><\/span><span class=\"Translation\"><span class=\"Comment-Words\">capricho<\/span><\/span><span class=\"Translation\"><span class=\"Gender _idGenCharOverride-1\">m <\/span><\/span><span class=\"Translation\"><span class=\"Comments\">\u2014 Laune<\/span><\/span><span class=\"Translation\">)<\/span><span class=\"Bold\">.<\/span><\/p>\r\n\r\n<\/div>\r\n[audio mp3=\"https:\/\/easyoriginal1.s3.eu-central-1.amazonaws.com\/spanisch\/s1\/1.mp3\"][\/audio]\r\n<div class=\"original-container\">\r\n<p class=\"Original\">Hace mucho tiempo que ten\u00eda ganas de escribir cualquier cosa con este t\u00edtulo.<\/p>\r\n<p class=\"Original\">Hoy, que se me ha presentado ocasi\u00f3n, lo he puesto con letras grandes en la primera cuartilla de papel, y luego he dejado a capricho volar la pluma.<\/p>\r\n\r\n<\/div>\r\n<a class=\"weiter\" href=\"\/webreader\/los-ojos-verdes\/fragment\/1-4-2\/\">weiter lesen<\/a>","_et_gb_content_width":""},"product_brand":[],"product_cat":[276],"product_tag":[164,81],"class_list":{"0":"post-16348","1":"product","2":"type-product","3":"status-publish","4":"has-post-thumbnail","6":"product_cat-modern-franzoesisch-frank-a1-a2","7":"product_tag-anfaenger","8":"product_tag-krimi","10":"first","11":"instock","12":"taxable","13":"shipping-taxable","14":"purchasable","15":"product-type-variable"},"acf":[],"yoast_head":"<!-- This site is optimized with the Yoast SEO plugin v27.4 - https:\/\/yoast.com\/product\/yoast-seo-wordpress\/ -->\n<title>L&#039;Asperge impossible \u2014 Der unm\u00f6gliche Spargel - EasyOriginal.com<\/title>\n<meta name=\"robots\" content=\"index, follow, max-snippet:-1, max-image-preview:large, max-video-preview:-1\" \/>\n<link rel=\"canonical\" href=\"https:\/\/easyoriginal.com\/en\/shop\/modern-franzoesisch-frank-a1-a2\/lasperge-impossible-der-unmoegliche-spargel\/\" \/>\n<meta property=\"og:locale\" content=\"en_GB\" \/>\n<meta property=\"og:type\" content=\"article\" \/>\n<meta property=\"og:title\" content=\"L&#039;Asperge impossible \u2014 Der unm\u00f6gliche Spargel - EasyOriginal.com\" \/>\n<meta property=\"og:description\" content=\"Ein Spargel, so perfekt, dass er unm\u00f6glich sein kann, landet in einer Pariser Sternek\u00fcche. Sein Geschmack ist makellos, doch ihm fehlt die Seele. Der mysteri\u00f6se Fund alarmiert das Bureau d&#039;Investigation Agricole, eine Eliteeinheit, die eine fesselnde Jagd nach der Wahrheit beginnt \u2013 von der Hauptstadt bis in das Herz der Provence. Schnell wird klar: Dies ist keine simple F\u00e4lschung, sondern eine Verschw\u00f6rung, die an den Grundfesten der franz\u00f6sischen Kulinarik r\u00fcttelt. L&#039;Asperge Impossible ist ein raffinierter kulinarischer Thriller \u00fcber den Kampf zwischen Tradition und T\u00e4uschung. Eine Geschichte, die Sie den wahren Preis der Perfektion hinterfragen l\u00e4sst und die Lust weckt, die Wahrheit selbst zu schmecken. Zweisprachiges Buch Franz\u00f6sisch-Deutsch.\" \/>\n<meta property=\"og:url\" content=\"https:\/\/easyoriginal.com\/en\/shop\/modern-franzoesisch-frank-a1-a2\/lasperge-impossible-der-unmoegliche-spargel\/\" \/>\n<meta property=\"og:site_name\" content=\"EasyOriginal.com\" \/>\n<meta property=\"article:modified_time\" content=\"2025-11-06T19:26:11+00:00\" \/>\n<meta property=\"og:image\" content=\"https:\/\/easyoriginal.com\/wp-content\/uploads\/LAsperge_Impossible_printcover.jpg\" \/>\n\t<meta property=\"og:image:width\" content=\"1600\" \/>\n\t<meta property=\"og:image:height\" content=\"2400\" \/>\n\t<meta property=\"og:image:type\" content=\"image\/jpeg\" \/>\n<meta name=\"twitter:card\" content=\"summary_large_image\" \/>\n<meta name=\"twitter:label1\" content=\"Estimated reading time\" \/>\n\t<meta name=\"twitter:data1\" content=\"2 minutes\" \/>\n<script type=\"application\/ld+json\" class=\"yoast-schema-graph\">{\"@context\":\"https:\\\/\\\/schema.org\",\"@graph\":[{\"@type\":\"WebPage\",\"@id\":\"https:\\\/\\\/easyoriginal.com\\\/shop\\\/modern-franzoesisch-frank-a1-a2\\\/lasperge-impossible-der-unmoegliche-spargel\\\/\",\"url\":\"https:\\\/\\\/easyoriginal.com\\\/shop\\\/modern-franzoesisch-frank-a1-a2\\\/lasperge-impossible-der-unmoegliche-spargel\\\/\",\"name\":\"L'Asperge impossible \u2014 Der unm\u00f6gliche Spargel - EasyOriginal.com\",\"isPartOf\":{\"@id\":\"https:\\\/\\\/easyoriginal.com\\\/#website\"},\"primaryImageOfPage\":{\"@id\":\"https:\\\/\\\/easyoriginal.com\\\/shop\\\/modern-franzoesisch-frank-a1-a2\\\/lasperge-impossible-der-unmoegliche-spargel\\\/#primaryimage\"},\"image\":{\"@id\":\"https:\\\/\\\/easyoriginal.com\\\/shop\\\/modern-franzoesisch-frank-a1-a2\\\/lasperge-impossible-der-unmoegliche-spargel\\\/#primaryimage\"},\"thumbnailUrl\":\"https:\\\/\\\/easyoriginal.com\\\/wp-content\\\/uploads\\\/LAsperge_Impossible_printcover.jpg\",\"datePublished\":\"2025-09-19T19:50:24+00:00\",\"dateModified\":\"2025-11-06T19:26:11+00:00\",\"breadcrumb\":{\"@id\":\"https:\\\/\\\/easyoriginal.com\\\/shop\\\/modern-franzoesisch-frank-a1-a2\\\/lasperge-impossible-der-unmoegliche-spargel\\\/#breadcrumb\"},\"inLanguage\":\"en-GB\",\"potentialAction\":[{\"@type\":\"ReadAction\",\"target\":[\"https:\\\/\\\/easyoriginal.com\\\/shop\\\/modern-franzoesisch-frank-a1-a2\\\/lasperge-impossible-der-unmoegliche-spargel\\\/\"]}]},{\"@type\":\"ImageObject\",\"inLanguage\":\"en-GB\",\"@id\":\"https:\\\/\\\/easyoriginal.com\\\/shop\\\/modern-franzoesisch-frank-a1-a2\\\/lasperge-impossible-der-unmoegliche-spargel\\\/#primaryimage\",\"url\":\"https:\\\/\\\/easyoriginal.com\\\/wp-content\\\/uploads\\\/LAsperge_Impossible_printcover.jpg\",\"contentUrl\":\"https:\\\/\\\/easyoriginal.com\\\/wp-content\\\/uploads\\\/LAsperge_Impossible_printcover.jpg\",\"width\":1600,\"height\":2400},{\"@type\":\"BreadcrumbList\",\"@id\":\"https:\\\/\\\/easyoriginal.com\\\/shop\\\/modern-franzoesisch-frank-a1-a2\\\/lasperge-impossible-der-unmoegliche-spargel\\\/#breadcrumb\",\"itemListElement\":[{\"@type\":\"ListItem\",\"position\":1,\"name\":\"Startseite\",\"item\":\"https:\\\/\\\/easyoriginal.com\\\/\"},{\"@type\":\"ListItem\",\"position\":2,\"name\":\"Shop\",\"item\":\"https:\\\/\\\/easyoriginal.com\\\/shop\\\/\"},{\"@type\":\"ListItem\",\"position\":3,\"name\":\"L&#8217;Asperge impossible \u2014 Der unm\u00f6gliche Spargel\"}]},{\"@type\":\"WebSite\",\"@id\":\"https:\\\/\\\/easyoriginal.com\\\/#website\",\"url\":\"https:\\\/\\\/easyoriginal.com\\\/\",\"name\":\"EasyOriginal.com\",\"description\":\"Spa\u00df am Lesen im Original - Innovative Lesemethode f\u00fcr Fremdsprachen\",\"publisher\":{\"@id\":\"https:\\\/\\\/easyoriginal.com\\\/#organization\"},\"potentialAction\":[{\"@type\":\"SearchAction\",\"target\":{\"@type\":\"EntryPoint\",\"urlTemplate\":\"https:\\\/\\\/easyoriginal.com\\\/?s={search_term_string}\"},\"query-input\":{\"@type\":\"PropertyValueSpecification\",\"valueRequired\":true,\"valueName\":\"search_term_string\"}}],\"inLanguage\":\"en-GB\"},{\"@type\":\"Organization\",\"@id\":\"https:\\\/\\\/easyoriginal.com\\\/#organization\",\"name\":\"EasyOriginal Verlag\",\"url\":\"https:\\\/\\\/easyoriginal.com\\\/\",\"logo\":{\"@type\":\"ImageObject\",\"inLanguage\":\"en-GB\",\"@id\":\"https:\\\/\\\/easyoriginal.com\\\/#\\\/schema\\\/logo\\\/image\\\/\",\"url\":\"https:\\\/\\\/easyoriginal.com\\\/wp-content\\\/uploads\\\/2020\\\/08\\\/logo_main.png\",\"contentUrl\":\"https:\\\/\\\/easyoriginal.com\\\/wp-content\\\/uploads\\\/2020\\\/08\\\/logo_main.png\",\"width\":500,\"height\":103,\"caption\":\"EasyOriginal Verlag\"},\"image\":{\"@id\":\"https:\\\/\\\/easyoriginal.com\\\/#\\\/schema\\\/logo\\\/image\\\/\"}}]}<\/script>\n<!-- \/ Yoast SEO plugin. -->","yoast_head_json":{"title":"L'Asperge impossible \u2014 Der unm\u00f6gliche Spargel - EasyOriginal.com","robots":{"index":"index","follow":"follow","max-snippet":"max-snippet:-1","max-image-preview":"max-image-preview:large","max-video-preview":"max-video-preview:-1"},"canonical":"https:\/\/easyoriginal.com\/en\/shop\/modern-franzoesisch-frank-a1-a2\/lasperge-impossible-der-unmoegliche-spargel\/","og_locale":"en_GB","og_type":"article","og_title":"L'Asperge impossible \u2014 Der unm\u00f6gliche Spargel - EasyOriginal.com","og_description":"Ein Spargel, so perfekt, dass er unm\u00f6glich sein kann, landet in einer Pariser Sternek\u00fcche. Sein Geschmack ist makellos, doch ihm fehlt die Seele. Der mysteri\u00f6se Fund alarmiert das Bureau d'Investigation Agricole, eine Eliteeinheit, die eine fesselnde Jagd nach der Wahrheit beginnt \u2013 von der Hauptstadt bis in das Herz der Provence. Schnell wird klar: Dies ist keine simple F\u00e4lschung, sondern eine Verschw\u00f6rung, die an den Grundfesten der franz\u00f6sischen Kulinarik r\u00fcttelt. L'Asperge Impossible ist ein raffinierter kulinarischer Thriller \u00fcber den Kampf zwischen Tradition und T\u00e4uschung. Eine Geschichte, die Sie den wahren Preis der Perfektion hinterfragen l\u00e4sst und die Lust weckt, die Wahrheit selbst zu schmecken. Zweisprachiges Buch Franz\u00f6sisch-Deutsch.","og_url":"https:\/\/easyoriginal.com\/en\/shop\/modern-franzoesisch-frank-a1-a2\/lasperge-impossible-der-unmoegliche-spargel\/","og_site_name":"EasyOriginal.com","article_modified_time":"2025-11-06T19:26:11+00:00","og_image":[{"width":1600,"height":2400,"url":"https:\/\/easyoriginal.com\/wp-content\/uploads\/LAsperge_Impossible_printcover.jpg","type":"image\/jpeg"}],"twitter_card":"summary_large_image","twitter_misc":{"Estimated reading time":"2 minutes"},"schema":{"@context":"https:\/\/schema.org","@graph":[{"@type":"WebPage","@id":"https:\/\/easyoriginal.com\/shop\/modern-franzoesisch-frank-a1-a2\/lasperge-impossible-der-unmoegliche-spargel\/","url":"https:\/\/easyoriginal.com\/shop\/modern-franzoesisch-frank-a1-a2\/lasperge-impossible-der-unmoegliche-spargel\/","name":"L'Asperge impossible \u2014 Der unm\u00f6gliche Spargel - EasyOriginal.com","isPartOf":{"@id":"https:\/\/easyoriginal.com\/#website"},"primaryImageOfPage":{"@id":"https:\/\/easyoriginal.com\/shop\/modern-franzoesisch-frank-a1-a2\/lasperge-impossible-der-unmoegliche-spargel\/#primaryimage"},"image":{"@id":"https:\/\/easyoriginal.com\/shop\/modern-franzoesisch-frank-a1-a2\/lasperge-impossible-der-unmoegliche-spargel\/#primaryimage"},"thumbnailUrl":"https:\/\/easyoriginal.com\/wp-content\/uploads\/LAsperge_Impossible_printcover.jpg","datePublished":"2025-09-19T19:50:24+00:00","dateModified":"2025-11-06T19:26:11+00:00","breadcrumb":{"@id":"https:\/\/easyoriginal.com\/shop\/modern-franzoesisch-frank-a1-a2\/lasperge-impossible-der-unmoegliche-spargel\/#breadcrumb"},"inLanguage":"en-GB","potentialAction":[{"@type":"ReadAction","target":["https:\/\/easyoriginal.com\/shop\/modern-franzoesisch-frank-a1-a2\/lasperge-impossible-der-unmoegliche-spargel\/"]}]},{"@type":"ImageObject","inLanguage":"en-GB","@id":"https:\/\/easyoriginal.com\/shop\/modern-franzoesisch-frank-a1-a2\/lasperge-impossible-der-unmoegliche-spargel\/#primaryimage","url":"https:\/\/easyoriginal.com\/wp-content\/uploads\/LAsperge_Impossible_printcover.jpg","contentUrl":"https:\/\/easyoriginal.com\/wp-content\/uploads\/LAsperge_Impossible_printcover.jpg","width":1600,"height":2400},{"@type":"BreadcrumbList","@id":"https:\/\/easyoriginal.com\/shop\/modern-franzoesisch-frank-a1-a2\/lasperge-impossible-der-unmoegliche-spargel\/#breadcrumb","itemListElement":[{"@type":"ListItem","position":1,"name":"Startseite","item":"https:\/\/easyoriginal.com\/"},{"@type":"ListItem","position":2,"name":"Shop","item":"https:\/\/easyoriginal.com\/shop\/"},{"@type":"ListItem","position":3,"name":"L&#8217;Asperge impossible \u2014 Der unm\u00f6gliche Spargel"}]},{"@type":"WebSite","@id":"https:\/\/easyoriginal.com\/#website","url":"https:\/\/easyoriginal.com\/","name":"EasyOriginal.com","description":"Spa\u00df am Lesen im Original - Innovative Lesemethode f\u00fcr Fremdsprachen","publisher":{"@id":"https:\/\/easyoriginal.com\/#organization"},"potentialAction":[{"@type":"SearchAction","target":{"@type":"EntryPoint","urlTemplate":"https:\/\/easyoriginal.com\/?s={search_term_string}"},"query-input":{"@type":"PropertyValueSpecification","valueRequired":true,"valueName":"search_term_string"}}],"inLanguage":"en-GB"},{"@type":"Organization","@id":"https:\/\/easyoriginal.com\/#organization","name":"EasyOriginal Verlag","url":"https:\/\/easyoriginal.com\/","logo":{"@type":"ImageObject","inLanguage":"en-GB","@id":"https:\/\/easyoriginal.com\/#\/schema\/logo\/image\/","url":"https:\/\/easyoriginal.com\/wp-content\/uploads\/2020\/08\/logo_main.png","contentUrl":"https:\/\/easyoriginal.com\/wp-content\/uploads\/2020\/08\/logo_main.png","width":500,"height":103,"caption":"EasyOriginal Verlag"},"image":{"@id":"https:\/\/easyoriginal.com\/#\/schema\/logo\/image\/"}}]}},"_links":{"self":[{"href":"https:\/\/easyoriginal.com\/en\/wp-json\/wp\/v2\/product\/16348","targetHints":{"allow":["GET"]}}],"collection":[{"href":"https:\/\/easyoriginal.com\/en\/wp-json\/wp\/v2\/product"}],"about":[{"href":"https:\/\/easyoriginal.com\/en\/wp-json\/wp\/v2\/types\/product"}],"replies":[{"embeddable":true,"href":"https:\/\/easyoriginal.com\/en\/wp-json\/wp\/v2\/comments?post=16348"}],"wp:featuredmedia":[{"embeddable":true,"href":"https:\/\/easyoriginal.com\/en\/wp-json\/wp\/v2\/media\/16355"}],"wp:attachment":[{"href":"https:\/\/easyoriginal.com\/en\/wp-json\/wp\/v2\/media?parent=16348"}],"wp:term":[{"taxonomy":"product_brand","embeddable":true,"href":"https:\/\/easyoriginal.com\/en\/wp-json\/wp\/v2\/product_brand?post=16348"},{"taxonomy":"product_cat","embeddable":true,"href":"https:\/\/easyoriginal.com\/en\/wp-json\/wp\/v2\/product_cat?post=16348"},{"taxonomy":"product_tag","embeddable":true,"href":"https:\/\/easyoriginal.com\/en\/wp-json\/wp\/v2\/product_tag?post=16348"}],"curies":[{"name":"wp","href":"https:\/\/api.w.org\/{rel}","templated":true}]}}