{"id":16281,"date":"2025-09-07T11:03:57","date_gmt":"2025-09-07T09:03:57","guid":{"rendered":"https:\/\/easyoriginal.com\/?post_type=product&#038;p=16281"},"modified":"2025-11-30T12:07:50","modified_gmt":"2025-11-30T11:07:50","slug":"veneno-en-el-vinedo-gift-im-weinberg","status":"publish","type":"product","link":"https:\/\/easyoriginal.com\/en\/shop\/modern-spanisch-frank\/veneno-en-el-vinedo-gift-im-weinberg\/","title":{"rendered":"Veneno en el vi\u00f1edo \u2014 Gift im Weinberg"},"content":{"rendered":"<div class=\"adapted-container\">\n<p class=\"Adapted\">El autob\u00fas tur\u00edstico sub\u00eda despacio por la carretera de monta\u00f1a <span class=\"Translation\">(der Touristenbus fuhr langsam die Bergstra\u00dfe hinau<\/span><span class=\"Translation\"><span class=\"No-Break\">f;<\/span><\/span><span class=\"Translation\"><span class=\"Comments\"> <\/span><\/span><span class=\"Translation\"><span class=\"Comment-Words\">subir<\/span><\/span><span class=\"Translation\"><span class=\"No-Break\"><span class=\"Comments\"> \u2014<\/span><\/span><\/span><span class=\"Translation\"><span class=\"Comments\"> hinauffahren, steigen<\/span><\/span><span class=\"Translation\">)<\/span>. Las curvas eran cerradas <span class=\"Translation\">(die Kurven waren en<\/span><span class=\"Translation\"><span class=\"No-Break\">g;<\/span><\/span><span class=\"Translation\"><span class=\"Comments\"> <\/span><\/span><span class=\"Translation\"><span class=\"Comment-Words\">cerrado<\/span><\/span><span class=\"Translation\"><span class=\"No-Break\"><span class=\"Comments\"> \u2014<\/span><\/span><\/span><span class=\"Translation\"><span class=\"Comments\"> geschlossen, eng<\/span><\/span><span class=\"Translation\">)<\/span> y el conductor las tomaba con cuidado <span class=\"Translation\">(und der Fahrer nahm sie vorsichtig)<\/span>. Dolores Quintana, conocida por todos como Lola <span class=\"Translation\">(Dolores Quintana, von allen als Lola bekann<\/span><span class=\"Translation\"><span class=\"No-Break\">t;<\/span><\/span><span class=\"Translation\"><span class=\"Comments\"> <\/span><\/span><span class=\"Translation\"><span class=\"Comment-Words\">conocido<\/span><\/span><span class=\"Translation\"><span class=\"No-Break\"><span class=\"Comments\"> \u2014<\/span><\/span><\/span><span class=\"Translation\"><span class=\"Comments\"> bekann<\/span><\/span><span class=\"Translation\"><span class=\"No-Break\"><span class=\"Comments\">t;<\/span><\/span><\/span><span class=\"Translation\"><span class=\"Comments\"> <\/span><\/span><span class=\"Translation\"><span class=\"Comment-Words\">conocer<\/span><\/span><span class=\"Translation\"><span class=\"No-Break\"><span class=\"Comments\"> \u2014<\/span><\/span><\/span><span class=\"Translation\"><span class=\"Comments\"> kennen<\/span><\/span><span class=\"Translation\">)<\/span>, miraba por la ventana <span class=\"Translation\">(schaute aus dem Fenster)<\/span>. A sus sesenta y dos a\u00f1os <span class=\"Translation\">(mit ihren zweiundsechzig Jahren)<\/span>, hab\u00eda decidido tomarse un d\u00eda libre <span class=\"Translation\">(hatte sie beschlossen, sich einen freien Tag zu nehme<\/span><span class=\"Translation\"><span class=\"No-Break\">n;<\/span><\/span><span class=\"Translation\"><span class=\"Comments\"> <\/span><\/span><span class=\"Translation\"><span class=\"Comment-Words\">tomarse<\/span><\/span><span class=\"Translation\"><span class=\"No-Break\"><span class=\"Comments\"> \u2014<\/span><\/span><\/span><span class=\"Translation\"><span class=\"Comments\"> sich nehmen<\/span><\/span><span class=\"Translation\">)<\/span>. Un d\u00eda sin yates lujosos <span class=\"Translation\">(ein Tag ohne luxuri\u00f6se Yachte<\/span><span class=\"Translation\"><span class=\"No-Break\">n;<\/span><\/span><span class=\"Translation\"><span class=\"Comments\"> <\/span><\/span><span class=\"Translation\"><span class=\"Comment-Words\">lujoso<\/span><\/span><span class=\"Translation\"><span class=\"No-Break\"><span class=\"Comments\"> \u2014<\/span><\/span><\/span><span class=\"Translation\"><span class=\"Comments\"> luxuri\u00f6<\/span><\/span><span class=\"Translation\"><span class=\"No-Break\"><span class=\"Comments\">s;<\/span><\/span><\/span><span class=\"Translation\"><span class=\"Comments\"> <\/span><\/span><span class=\"Translation\"><span class=\"Comment-Words\">lujo<\/span><\/span><span class=\"Translation\"><span class=\"Sub _idGenCharOverride-1\">m<\/span><\/span><span class=\"Translation\"><span class=\"No-Break\"><span class=\"Comments\"> \u2014<\/span><\/span><\/span><span class=\"Translation\"><span class=\"Comments\"> Luxus<\/span><\/span><span class=\"Translation\">)<\/span>, sin misterios <span class=\"Translation\">(ohne Geheimnisse)<\/span>, sin los problemas de Marbella <span class=\"Translation\">(ohne die Probleme von Marbella)<\/span>.<\/p>\n<\/div>\n<audio class=\"wp-audio-shortcode\" id=\"audio-16281-1\" preload=\"none\" style=\"width: 100%;\" controls=\"controls\"><source type=\"audio\/mpeg\" src=\"https:\/\/easyoriginal1.s3.eu-central-1.amazonaws.com\/spanisch\/s39\/001.mp3?_=1\" \/><a href=\"https:\/\/easyoriginal1.s3.eu-central-1.amazonaws.com\/spanisch\/s39\/001.mp3\">https:\/\/easyoriginal1.s3.eu-central-1.amazonaws.com\/spanisch\/s39\/001.mp3<\/a><\/audio>\n<div class=\"original-container\">\n<p class=\"Original\" lang=\"es-ES\">El autob\u00fas tur\u00edstico sub\u00eda despacio por la carretera de monta\u00f1a. Las curvas eran cerradas y el conductor las tomaba con cuidado. Dolores Quintana, conocida por todos como Lola, miraba por la ventana. A sus sesenta y dos a\u00f1os, hab\u00eda decidido tomarse un d\u00eda libre. Un d\u00eda sin yates lujosos, sin misterios, sin los problemas de Marbella.<\/p>\n<\/div>","protected":false},"excerpt":{"rendered":"<p>Ein Glas. Ein Schluck. Ein Schrei.<br \/>\nIn der sonnenverw\u00f6hnten Idylle eines andalusischen Weinguts zerbricht die Welt, als der Patriarch Don Alonso Jim\u00e9nez w\u00e4hrend der feierlichen Verkostung seines pr\u00e4mierten Weins zusammenbricht. War es ein tragischer Anfall oder eiskalter Mord?<br \/>\nDie pensionierte Kommissarin Lola Quintana, eigentlich nur als Touristin vor Ort, wird unfreiwillig in die Ermittlungen gezogen. Schnell blickt sie hinter die Fassade der stolzen Winzerfamilie und entdeckt ein explosives Gemisch aus alten Geheimnissen, finanziellen N\u00f6ten und dem erbitterten Kampf zwischen Tradition und Fortschritt.<br \/>\nJeder hat ein Motiv, doch wer ist bereit, f\u00fcr das Erbe zu t\u00f6ten?<br \/>\nVeneno en el vi\u00f1edo ist ein fesselnder Krimi voller s\u00fcdlicher Leidenschaft und Hochspannung bis zur letzten Seite. Entkorken Sie das Geheimnis \u2013 wenn Sie sich trauen!<\/p>\n<p>Zweisprachiges Buch Spanisch-Deutsch.<\/p>","protected":false},"featured_media":16287,"comment_status":"open","ping_status":"closed","template":"","meta":{"_acf_changed":false,"_et_pb_use_builder":"off","_et_pb_old_content":"<div class=\"adapted-container\">\r\n<p class=\"Adapted\"><span class=\"Bold\">Hace mucho tiempo que ten\u00eda ganas de escribir <\/span><span class=\"Translation\">(seit langer Zeit hatte ich Lust zu schreiben; <\/span><span class=\"Translation\"><span class=\"Comment-Words\">tener<\/span><\/span><span class=\"Translation\"><span class=\"Comments\"> \u2014 haben<\/span><\/span><span class=\"Translation\">)<\/span><span class=\"Bold\"> cualquier cosa con este t\u00edtulo <\/span><span class=\"Translation\">(irgendetwas mit diesem Titel)<\/span><span class=\"Bold\">.<\/span><\/p>\r\n<p class=\"Adapted\"><span class=\"Bold\">Hoy<a id=\"_idTextAnchor001\"><\/a>, que se me ha presentado ocasi\u00f3n <\/span><span class=\"Translation\">(heute, wo sich mir \/eine\/ Gelegenheit geboten hat; <\/span><span class=\"Translation\"><span class=\"Comment-Words\">presentar<\/span><\/span><span class=\"Translation\"><span class=\"Comments\"> \u2014 zeigen; vorstellen<\/span><\/span><span class=\"Translation\">)<\/span><span class=\"Bold\">, lo he puesto con letras grandes <\/span><span class=\"Translation\">(das habe ich in gro\u00dfen Buchstaben gesetzt = habe ich es in Gro\u00dfbuchstaben gesetzt; <\/span><span class=\"Translation\"><span class=\"Comment-Words\">poner<\/span><\/span><span class=\"Translation\"><span class=\"Comments\"> \u2014 setzen; stellen; legen<\/span><\/span><span class=\"Translation\">)<\/span><span class=\"Bold\"> en la primera cuartilla de papel <\/span><span class=\"Translation\">(auf das erste Blatt: \u00abauf das erste Viertelpapier\u00bb; <\/span><span class=\"Translation\"><span class=\"Comment-Words\">cuarto<\/span><\/span><span class=\"Translation\"><span class=\"Gender _idGenCharOverride-1\">m <\/span><\/span><span class=\"Translation\"><span class=\"Comments\">\u2014 Viertel<\/span><\/span><span class=\"Translation\">)<\/span><span class=\"Bold\">, y luego he dejado a capricho volar la pluma <\/span><span class=\"Translation\">(und dann habe ich nach Belieben die Feder fliegen lassen; <\/span><span class=\"Translation\"><span class=\"Comment-Words\">dejar<\/span><\/span><span class=\"Translation\"><span class=\"Comments\"> \u2014 lassen; <\/span><\/span><span class=\"Translation\"><span class=\"Comment-Words\">capricho<\/span><\/span><span class=\"Translation\"><span class=\"Gender _idGenCharOverride-1\">m <\/span><\/span><span class=\"Translation\"><span class=\"Comments\">\u2014 Laune<\/span><\/span><span class=\"Translation\">)<\/span><span class=\"Bold\">.<\/span><\/p>\r\n\r\n<\/div>\r\n[audio mp3=\"https:\/\/easyoriginal1.s3.eu-central-1.amazonaws.com\/spanisch\/s1\/1.mp3\"][\/audio]\r\n<div class=\"original-container\">\r\n<p class=\"Original\">Hace mucho tiempo que ten\u00eda ganas de escribir cualquier cosa con este t\u00edtulo.<\/p>\r\n<p class=\"Original\">Hoy, que se me ha presentado ocasi\u00f3n, lo he puesto con letras grandes en la primera cuartilla de papel, y luego he dejado a capricho volar la pluma.<\/p>\r\n\r\n<\/div>\r\n<a class=\"weiter\" href=\"\/webreader\/los-ojos-verdes\/fragment\/1-4-2\/\">weiter lesen<\/a>","_et_gb_content_width":""},"product_brand":[],"product_cat":[265],"product_tag":[164,81],"class_list":{"0":"post-16281","1":"product","2":"type-product","3":"status-publish","4":"has-post-thumbnail","6":"product_cat-modern-spanisch-frank","7":"product_tag-anfaenger","8":"product_tag-krimi","10":"first","11":"instock","12":"taxable","13":"shipping-taxable","14":"purchasable","15":"product-type-variable"},"acf":[],"yoast_head":"<!-- This site is optimized with the Yoast SEO plugin v27.3 - https:\/\/yoast.com\/product\/yoast-seo-wordpress\/ -->\n<title>Veneno en el vi\u00f1edo \u2014 Gift im Weinberg - EasyOriginal.com<\/title>\n<meta name=\"robots\" content=\"index, follow, max-snippet:-1, max-image-preview:large, max-video-preview:-1\" \/>\n<link rel=\"canonical\" href=\"https:\/\/easyoriginal.com\/en\/shop\/modern-spanisch-frank\/veneno-en-el-vinedo-gift-im-weinberg\/\" \/>\n<meta property=\"og:locale\" content=\"en_GB\" \/>\n<meta property=\"og:type\" content=\"article\" \/>\n<meta property=\"og:title\" content=\"Veneno en el vi\u00f1edo \u2014 Gift im Weinberg - EasyOriginal.com\" \/>\n<meta property=\"og:description\" content=\"Ein Glas. Ein Schluck. Ein Schrei. In der sonnenverw\u00f6hnten Idylle eines andalusischen Weinguts zerbricht die Welt, als der Patriarch Don Alonso Jim\u00e9nez w\u00e4hrend der feierlichen Verkostung seines pr\u00e4mierten Weins zusammenbricht. War es ein tragischer Anfall oder eiskalter Mord? Die pensionierte Kommissarin Lola Quintana, eigentlich nur als Touristin vor Ort, wird unfreiwillig in die Ermittlungen gezogen. Schnell blickt sie hinter die Fassade der stolzen Winzerfamilie und entdeckt ein explosives Gemisch aus alten Geheimnissen, finanziellen N\u00f6ten und dem erbitterten Kampf zwischen Tradition und Fortschritt. Jeder hat ein Motiv, doch wer ist bereit, f\u00fcr das Erbe zu t\u00f6ten? Veneno en el vi\u00f1edo ist ein fesselnder Krimi voller s\u00fcdlicher Leidenschaft und Hochspannung bis zur letzten Seite. Entkorken Sie das Geheimnis \u2013 wenn Sie sich trauen!  Zweisprachiges Buch Spanisch-Deutsch.\" \/>\n<meta property=\"og:url\" content=\"https:\/\/easyoriginal.com\/en\/shop\/modern-spanisch-frank\/veneno-en-el-vinedo-gift-im-weinberg\/\" \/>\n<meta property=\"og:site_name\" content=\"EasyOriginal.com\" \/>\n<meta property=\"article:modified_time\" content=\"2025-11-30T11:07:50+00:00\" \/>\n<meta property=\"og:image\" content=\"https:\/\/easyoriginal.com\/wp-content\/uploads\/Veneno_en_el_Vinedo_printcover.jpg\" \/>\n\t<meta property=\"og:image:width\" content=\"1600\" \/>\n\t<meta property=\"og:image:height\" content=\"2400\" \/>\n\t<meta property=\"og:image:type\" content=\"image\/jpeg\" \/>\n<meta name=\"twitter:card\" content=\"summary_large_image\" \/>\n<meta name=\"twitter:label1\" content=\"Estimated reading time\" \/>\n\t<meta name=\"twitter:data1\" content=\"2 minutes\" \/>\n<script type=\"application\/ld+json\" class=\"yoast-schema-graph\">{\"@context\":\"https:\\\/\\\/schema.org\",\"@graph\":[{\"@type\":\"WebPage\",\"@id\":\"https:\\\/\\\/easyoriginal.com\\\/shop\\\/modern-spanisch-frank\\\/veneno-en-el-vinedo-gift-im-weinberg\\\/\",\"url\":\"https:\\\/\\\/easyoriginal.com\\\/shop\\\/modern-spanisch-frank\\\/veneno-en-el-vinedo-gift-im-weinberg\\\/\",\"name\":\"Veneno en el vi\u00f1edo \u2014 Gift im Weinberg - EasyOriginal.com\",\"isPartOf\":{\"@id\":\"https:\\\/\\\/easyoriginal.com\\\/#website\"},\"primaryImageOfPage\":{\"@id\":\"https:\\\/\\\/easyoriginal.com\\\/shop\\\/modern-spanisch-frank\\\/veneno-en-el-vinedo-gift-im-weinberg\\\/#primaryimage\"},\"image\":{\"@id\":\"https:\\\/\\\/easyoriginal.com\\\/shop\\\/modern-spanisch-frank\\\/veneno-en-el-vinedo-gift-im-weinberg\\\/#primaryimage\"},\"thumbnailUrl\":\"https:\\\/\\\/easyoriginal.com\\\/wp-content\\\/uploads\\\/Veneno_en_el_Vinedo_printcover.jpg\",\"datePublished\":\"2025-09-07T09:03:57+00:00\",\"dateModified\":\"2025-11-30T11:07:50+00:00\",\"breadcrumb\":{\"@id\":\"https:\\\/\\\/easyoriginal.com\\\/shop\\\/modern-spanisch-frank\\\/veneno-en-el-vinedo-gift-im-weinberg\\\/#breadcrumb\"},\"inLanguage\":\"en-GB\",\"potentialAction\":[{\"@type\":\"ReadAction\",\"target\":[\"https:\\\/\\\/easyoriginal.com\\\/shop\\\/modern-spanisch-frank\\\/veneno-en-el-vinedo-gift-im-weinberg\\\/\"]}]},{\"@type\":\"ImageObject\",\"inLanguage\":\"en-GB\",\"@id\":\"https:\\\/\\\/easyoriginal.com\\\/shop\\\/modern-spanisch-frank\\\/veneno-en-el-vinedo-gift-im-weinberg\\\/#primaryimage\",\"url\":\"https:\\\/\\\/easyoriginal.com\\\/wp-content\\\/uploads\\\/Veneno_en_el_Vinedo_printcover.jpg\",\"contentUrl\":\"https:\\\/\\\/easyoriginal.com\\\/wp-content\\\/uploads\\\/Veneno_en_el_Vinedo_printcover.jpg\",\"width\":1600,\"height\":2400},{\"@type\":\"BreadcrumbList\",\"@id\":\"https:\\\/\\\/easyoriginal.com\\\/shop\\\/modern-spanisch-frank\\\/veneno-en-el-vinedo-gift-im-weinberg\\\/#breadcrumb\",\"itemListElement\":[{\"@type\":\"ListItem\",\"position\":1,\"name\":\"Startseite\",\"item\":\"https:\\\/\\\/easyoriginal.com\\\/\"},{\"@type\":\"ListItem\",\"position\":2,\"name\":\"Shop\",\"item\":\"https:\\\/\\\/easyoriginal.com\\\/shop\\\/\"},{\"@type\":\"ListItem\",\"position\":3,\"name\":\"Veneno en el vi\u00f1edo \u2014 Gift im Weinberg\"}]},{\"@type\":\"WebSite\",\"@id\":\"https:\\\/\\\/easyoriginal.com\\\/#website\",\"url\":\"https:\\\/\\\/easyoriginal.com\\\/\",\"name\":\"EasyOriginal.com\",\"description\":\"Spa\u00df am Lesen im Original - Innovative Lesemethode f\u00fcr Fremdsprachen\",\"publisher\":{\"@id\":\"https:\\\/\\\/easyoriginal.com\\\/#organization\"},\"potentialAction\":[{\"@type\":\"SearchAction\",\"target\":{\"@type\":\"EntryPoint\",\"urlTemplate\":\"https:\\\/\\\/easyoriginal.com\\\/?s={search_term_string}\"},\"query-input\":{\"@type\":\"PropertyValueSpecification\",\"valueRequired\":true,\"valueName\":\"search_term_string\"}}],\"inLanguage\":\"en-GB\"},{\"@type\":\"Organization\",\"@id\":\"https:\\\/\\\/easyoriginal.com\\\/#organization\",\"name\":\"EasyOriginal Verlag\",\"url\":\"https:\\\/\\\/easyoriginal.com\\\/\",\"logo\":{\"@type\":\"ImageObject\",\"inLanguage\":\"en-GB\",\"@id\":\"https:\\\/\\\/easyoriginal.com\\\/#\\\/schema\\\/logo\\\/image\\\/\",\"url\":\"https:\\\/\\\/easyoriginal.com\\\/wp-content\\\/uploads\\\/2020\\\/08\\\/logo_main.png\",\"contentUrl\":\"https:\\\/\\\/easyoriginal.com\\\/wp-content\\\/uploads\\\/2020\\\/08\\\/logo_main.png\",\"width\":500,\"height\":103,\"caption\":\"EasyOriginal Verlag\"},\"image\":{\"@id\":\"https:\\\/\\\/easyoriginal.com\\\/#\\\/schema\\\/logo\\\/image\\\/\"}}]}<\/script>\n<!-- \/ Yoast SEO plugin. -->","yoast_head_json":{"title":"Veneno en el vi\u00f1edo \u2014 Gift im Weinberg - EasyOriginal.com","robots":{"index":"index","follow":"follow","max-snippet":"max-snippet:-1","max-image-preview":"max-image-preview:large","max-video-preview":"max-video-preview:-1"},"canonical":"https:\/\/easyoriginal.com\/en\/shop\/modern-spanisch-frank\/veneno-en-el-vinedo-gift-im-weinberg\/","og_locale":"en_GB","og_type":"article","og_title":"Veneno en el vi\u00f1edo \u2014 Gift im Weinberg - EasyOriginal.com","og_description":"Ein Glas. Ein Schluck. Ein Schrei. In der sonnenverw\u00f6hnten Idylle eines andalusischen Weinguts zerbricht die Welt, als der Patriarch Don Alonso Jim\u00e9nez w\u00e4hrend der feierlichen Verkostung seines pr\u00e4mierten Weins zusammenbricht. War es ein tragischer Anfall oder eiskalter Mord? Die pensionierte Kommissarin Lola Quintana, eigentlich nur als Touristin vor Ort, wird unfreiwillig in die Ermittlungen gezogen. Schnell blickt sie hinter die Fassade der stolzen Winzerfamilie und entdeckt ein explosives Gemisch aus alten Geheimnissen, finanziellen N\u00f6ten und dem erbitterten Kampf zwischen Tradition und Fortschritt. Jeder hat ein Motiv, doch wer ist bereit, f\u00fcr das Erbe zu t\u00f6ten? Veneno en el vi\u00f1edo ist ein fesselnder Krimi voller s\u00fcdlicher Leidenschaft und Hochspannung bis zur letzten Seite. Entkorken Sie das Geheimnis \u2013 wenn Sie sich trauen!  Zweisprachiges Buch Spanisch-Deutsch.","og_url":"https:\/\/easyoriginal.com\/en\/shop\/modern-spanisch-frank\/veneno-en-el-vinedo-gift-im-weinberg\/","og_site_name":"EasyOriginal.com","article_modified_time":"2025-11-30T11:07:50+00:00","og_image":[{"width":1600,"height":2400,"url":"https:\/\/easyoriginal.com\/wp-content\/uploads\/Veneno_en_el_Vinedo_printcover.jpg","type":"image\/jpeg"}],"twitter_card":"summary_large_image","twitter_misc":{"Estimated reading time":"2 minutes"},"schema":{"@context":"https:\/\/schema.org","@graph":[{"@type":"WebPage","@id":"https:\/\/easyoriginal.com\/shop\/modern-spanisch-frank\/veneno-en-el-vinedo-gift-im-weinberg\/","url":"https:\/\/easyoriginal.com\/shop\/modern-spanisch-frank\/veneno-en-el-vinedo-gift-im-weinberg\/","name":"Veneno en el vi\u00f1edo \u2014 Gift im Weinberg - EasyOriginal.com","isPartOf":{"@id":"https:\/\/easyoriginal.com\/#website"},"primaryImageOfPage":{"@id":"https:\/\/easyoriginal.com\/shop\/modern-spanisch-frank\/veneno-en-el-vinedo-gift-im-weinberg\/#primaryimage"},"image":{"@id":"https:\/\/easyoriginal.com\/shop\/modern-spanisch-frank\/veneno-en-el-vinedo-gift-im-weinberg\/#primaryimage"},"thumbnailUrl":"https:\/\/easyoriginal.com\/wp-content\/uploads\/Veneno_en_el_Vinedo_printcover.jpg","datePublished":"2025-09-07T09:03:57+00:00","dateModified":"2025-11-30T11:07:50+00:00","breadcrumb":{"@id":"https:\/\/easyoriginal.com\/shop\/modern-spanisch-frank\/veneno-en-el-vinedo-gift-im-weinberg\/#breadcrumb"},"inLanguage":"en-GB","potentialAction":[{"@type":"ReadAction","target":["https:\/\/easyoriginal.com\/shop\/modern-spanisch-frank\/veneno-en-el-vinedo-gift-im-weinberg\/"]}]},{"@type":"ImageObject","inLanguage":"en-GB","@id":"https:\/\/easyoriginal.com\/shop\/modern-spanisch-frank\/veneno-en-el-vinedo-gift-im-weinberg\/#primaryimage","url":"https:\/\/easyoriginal.com\/wp-content\/uploads\/Veneno_en_el_Vinedo_printcover.jpg","contentUrl":"https:\/\/easyoriginal.com\/wp-content\/uploads\/Veneno_en_el_Vinedo_printcover.jpg","width":1600,"height":2400},{"@type":"BreadcrumbList","@id":"https:\/\/easyoriginal.com\/shop\/modern-spanisch-frank\/veneno-en-el-vinedo-gift-im-weinberg\/#breadcrumb","itemListElement":[{"@type":"ListItem","position":1,"name":"Startseite","item":"https:\/\/easyoriginal.com\/"},{"@type":"ListItem","position":2,"name":"Shop","item":"https:\/\/easyoriginal.com\/shop\/"},{"@type":"ListItem","position":3,"name":"Veneno en el vi\u00f1edo \u2014 Gift im Weinberg"}]},{"@type":"WebSite","@id":"https:\/\/easyoriginal.com\/#website","url":"https:\/\/easyoriginal.com\/","name":"EasyOriginal.com","description":"Spa\u00df am Lesen im Original - Innovative Lesemethode f\u00fcr Fremdsprachen","publisher":{"@id":"https:\/\/easyoriginal.com\/#organization"},"potentialAction":[{"@type":"SearchAction","target":{"@type":"EntryPoint","urlTemplate":"https:\/\/easyoriginal.com\/?s={search_term_string}"},"query-input":{"@type":"PropertyValueSpecification","valueRequired":true,"valueName":"search_term_string"}}],"inLanguage":"en-GB"},{"@type":"Organization","@id":"https:\/\/easyoriginal.com\/#organization","name":"EasyOriginal Verlag","url":"https:\/\/easyoriginal.com\/","logo":{"@type":"ImageObject","inLanguage":"en-GB","@id":"https:\/\/easyoriginal.com\/#\/schema\/logo\/image\/","url":"https:\/\/easyoriginal.com\/wp-content\/uploads\/2020\/08\/logo_main.png","contentUrl":"https:\/\/easyoriginal.com\/wp-content\/uploads\/2020\/08\/logo_main.png","width":500,"height":103,"caption":"EasyOriginal Verlag"},"image":{"@id":"https:\/\/easyoriginal.com\/#\/schema\/logo\/image\/"}}]}},"_links":{"self":[{"href":"https:\/\/easyoriginal.com\/en\/wp-json\/wp\/v2\/product\/16281","targetHints":{"allow":["GET"]}}],"collection":[{"href":"https:\/\/easyoriginal.com\/en\/wp-json\/wp\/v2\/product"}],"about":[{"href":"https:\/\/easyoriginal.com\/en\/wp-json\/wp\/v2\/types\/product"}],"replies":[{"embeddable":true,"href":"https:\/\/easyoriginal.com\/en\/wp-json\/wp\/v2\/comments?post=16281"}],"wp:featuredmedia":[{"embeddable":true,"href":"https:\/\/easyoriginal.com\/en\/wp-json\/wp\/v2\/media\/16287"}],"wp:attachment":[{"href":"https:\/\/easyoriginal.com\/en\/wp-json\/wp\/v2\/media?parent=16281"}],"wp:term":[{"taxonomy":"product_brand","embeddable":true,"href":"https:\/\/easyoriginal.com\/en\/wp-json\/wp\/v2\/product_brand?post=16281"},{"taxonomy":"product_cat","embeddable":true,"href":"https:\/\/easyoriginal.com\/en\/wp-json\/wp\/v2\/product_cat?post=16281"},{"taxonomy":"product_tag","embeddable":true,"href":"https:\/\/easyoriginal.com\/en\/wp-json\/wp\/v2\/product_tag?post=16281"}],"curies":[{"name":"wp","href":"https:\/\/api.w.org\/{rel}","templated":true}]}}