{"id":16247,"date":"2025-09-03T11:55:14","date_gmt":"2025-09-03T09:55:14","guid":{"rendered":"https:\/\/easyoriginal.com\/?post_type=product&#038;p=16247"},"modified":"2025-11-02T13:44:16","modified_gmt":"2025-11-02T12:44:16","slug":"la-fuente-de-la-discordia-die-quelle-der-zwietracht","status":"publish","type":"product","link":"https:\/\/easyoriginal.com\/en\/shop\/modern-spanisch-frank\/la-fuente-de-la-discordia-die-quelle-der-zwietracht\/","title":{"rendered":"La Fuente de la Discordia &#8211; Die Quelle der Zwietracht"},"content":{"rendered":"<div class=\"adapted-container\">\n<p class=\"Adapted\">El ritual del amanecer <span class=\"Translation\">(das Ritual der Morgenr\u00f6t<\/span><span class=\"Translation\"><span class=\"No-Break\">e;<\/span><\/span><span class=\"Translation\"><span class=\"Comments\"> <\/span><\/span><span class=\"Translation\"><span class=\"Comment-Words\">amanecer<\/span><\/span><span class=\"Translation\"><span class=\"Sub _idGenCharOverride-1\">m<\/span><\/span><span class=\"Translation\"><span class=\"No-Break\"><span class=\"Comments\"> \u2014<\/span><\/span><\/span><span class=\"Translation\"><span class=\"Comments\"> Morgenr\u00f6te, Tagesanbruch<\/span><\/span><span class=\"Translation\">)<\/span><\/p>\n<p class=\"Adapted\">El oto\u00f1o hab\u00eda llegado al Balneario de los Susurros <span class=\"Translation\">(der Herbst war im Kurort der Gefl\u00fcster angekomme<\/span><span class=\"Translation\"><span class=\"No-Break\">n;<\/span><\/span><span class=\"Translation\"><span class=\"Comments\"> <\/span><\/span><span class=\"Translation\"><span class=\"Comment-Words\">balneario<\/span><\/span><span class=\"Translation\"><span class=\"Sub _idGenCharOverride-1\">m<\/span><\/span><span class=\"Translation\"><span class=\"No-Break\"><span class=\"Comments\"> \u2014<\/span><\/span><\/span><span class=\"Translation\"><span class=\"Comments\"> Kurort, Heilba<\/span><\/span><span class=\"Translation\"><span class=\"No-Break\"><span class=\"Comments\">d;<\/span><\/span><\/span><span class=\"Translation\"><span class=\"Comments\"> <\/span><\/span><span class=\"Translation\"><span class=\"Comment-Words\">susurro<\/span><\/span><span class=\"Translation\"><span class=\"Sub _idGenCharOverride-1\">m<\/span><\/span><span class=\"Translation\"><span class=\"No-Break\"><span class=\"Comments\"> \u2014<\/span><\/span><\/span><span class=\"Translation\"><span class=\"Comments\"> Gefl\u00fcster, Fl\u00fcstern<\/span><\/span><span class=\"Translation\">)<\/span> con su manto de niebla dorada <span class=\"Translation\">(mit seinem Mantel aus goldenem Nebe<\/span><span class=\"Translation\"><span class=\"No-Break\">l;<\/span><\/span><span class=\"Translation\"><span class=\"Comments\"> <\/span><\/span><span class=\"Translation\"><span class=\"Comment-Words\">manto<\/span><\/span><span class=\"Translation\"><span class=\"Sub _idGenCharOverride-1\">m<\/span><\/span><span class=\"Translation\"><span class=\"No-Break\"><span class=\"Comments\"> \u2014<\/span><\/span><\/span><span class=\"Translation\"><span class=\"Comments\"> Mantel, Umhang<\/span><\/span><span class=\"Translation\">)<\/span>. Las hojas de los robles centenarios <span class=\"Translation\">(die Bl\u00e4tter der jahrhundertealten Eiche<\/span><span class=\"Translation\"><span class=\"No-Break\">n;<\/span><\/span><span class=\"Translation\"><span class=\"Comments\"> <\/span><\/span><span class=\"Translation\"><span class=\"Comment-Words\">centenario<\/span><\/span><span class=\"Translation\"><span class=\"No-Break\"><span class=\"Comments\"> \u2014<\/span><\/span><\/span><span class=\"Translation\"><span class=\"Comments\"> hundertj\u00e4hrig<\/span><\/span><span class=\"Translation\">)<\/span> que rodeaban el manantial <span class=\"Translation\">(die die Quelle umgabe<\/span><span class=\"Translation\"><span class=\"No-Break\">n;<\/span><\/span><span class=\"Translation\"><span class=\"Comments\"> <\/span><\/span><span class=\"Translation\"><span class=\"Comment-Words\">rodear<\/span><\/span><span class=\"Translation\"><span class=\"No-Break\"><span class=\"Comments\"> \u2014<\/span><\/span><\/span><span class=\"Translation\"><span class=\"Comments\"> umgeben<\/span><\/span><span class=\"Translation\">)<\/span> hab\u00edan comenzado su transformaci\u00f3n <span class=\"Translation\">(hatten ihre Verwandlung begonnen)<\/span>, ti\u00f1\u00e9ndose de ocre y carmes\u00ed <span class=\"Translation\">(sich ockerfarben und karmesinrot f\u00e4rben<\/span><span class=\"Translation\"><span class=\"No-Break\">d;<\/span><\/span><span class=\"Translation\"><span class=\"Comments\"> <\/span><\/span><span class=\"Translation\"><span class=\"Comment-Words\">te\u00f1irse<\/span><\/span><span class=\"Translation\"><span class=\"No-Break\"><span class=\"Comments\"> \u2014<\/span><\/span><\/span><span class=\"Translation\"><span class=\"Comments\"> sich f\u00e4rbe<\/span><\/span><span class=\"Translation\"><span class=\"No-Break\"><span class=\"Comments\">n;<\/span><\/span><\/span><span class=\"Translation\"><span class=\"Comments\"> <\/span><\/span><span class=\"Translation\"><span class=\"Comment-Words\">ocre<\/span><\/span><span class=\"Translation\"><span class=\"Sub _idGenCharOverride-1\">m<\/span><\/span><span class=\"Translation\"><span class=\"No-Break\"><span class=\"Comments\"> \u2014<\/span><\/span><\/span><span class=\"Translation\"><span class=\"Comments\"> Ocker<\/span><\/span><span class=\"Translation\">)<\/span>. Era el momento m\u00e1s hermoso del a\u00f1o en los Pirineos catalanes <span class=\"Translation\">(es war die sch\u00f6nste Zeit des Jahres in den katalanischen Pyren\u00e4en)<\/span>, cuando la naturaleza parec\u00eda susurrar secretos antiguos <span class=\"Translation\">(wenn die Natur alte Geheimnisse zu fl\u00fcstern schien)<\/span> con cada brisa <span class=\"Translation\">(mit jeder Brise)<\/span> que descend\u00eda de las monta\u00f1as <span class=\"Translation\">(die von den Bergen herabstieg)<\/span>.<\/p>\n<\/div>\n<audio class=\"wp-audio-shortcode\" id=\"audio-16247-1\" preload=\"none\" style=\"width: 100%;\" controls=\"controls\"><source type=\"audio\/mpeg\" src=\"https:\/\/easyoriginal1.s3.eu-central-1.amazonaws.com\/spanisch\/s38\/001.mp3?_=1\" \/><a href=\"https:\/\/easyoriginal1.s3.eu-central-1.amazonaws.com\/spanisch\/s38\/001.mp3\">https:\/\/easyoriginal1.s3.eu-central-1.amazonaws.com\/spanisch\/s38\/001.mp3<\/a><\/audio>\n<div class=\"original-container\">\n<p class=\"Original\" lang=\"es-ES\">El ritual del amanecer<\/p>\n<p class=\"Original\" lang=\"es-ES\">El oto\u00f1o hab\u00eda llegado al Balneario de los Susurros con su manto de niebla dorada. Las hojas de los robles centenarios que rodeaban el manantial hab\u00edan comenzado su transformaci\u00f3n, ti\u00f1\u00e9ndose de ocre y carmes\u00ed. Era el momento m\u00e1s hermoso del a\u00f1o en los Pirineos catalanes, cuando la naturaleza parec\u00eda susurrar secretos antiguos con cada brisa que descend\u00eda de las monta\u00f1as.<\/p>\n<\/div>","protected":false},"excerpt":{"rendered":"<p>Heilendes Wasser. T\u00f6dliche Geheimnisse.<br \/>\nIm exklusiven Pyren\u00e4en-Heilbad \u201eBalneario de los Susurros\u201c geschieht das Undenkbare: Das ber\u00fchmte Quellwasser, ein Versprechen f\u00fcr Gesundheit und Jugend, f\u00e4rbt sich pl\u00f6tzlich blutrot.<br \/>\nF\u00fcr die \u00c4rztin Dr. Elena Mart\u00ed beginnt eine fieberhafte Suche nach der Ursache. Handelt es sich um eiskalte Sabotage, oder erwacht ein uralter Fluch zum Leben? Ihre Ermittlungen rei\u00dfen die Fassade des luxuri\u00f6sen Spas ein und legen eine jahrhundertealte Fehde voller Neid und Verrat frei.<br \/>\nDas Wasser vergisst nie. Und die La Fuente de la Discordia fordert nun ihre Schuld ein.<br \/>\nEin fesselnder Mystery-Thriller, der Sie in einen Abgrund aus alten S\u00fcnden und moderner Gier zieht. Kaufen Sie jetzt und entdecken Sie die Wahrheit!<br \/>\nZweisprachiges Buch Spanisch-Deutsch.<\/p>","protected":false},"featured_media":16253,"comment_status":"open","ping_status":"closed","template":"","meta":{"_acf_changed":false,"_et_pb_use_builder":"off","_et_pb_old_content":"<div class=\"adapted-container\">\r\n<p class=\"Adapted\"><span class=\"Bold\">Hace mucho tiempo que ten\u00eda ganas de escribir <\/span><span class=\"Translation\">(seit langer Zeit hatte ich Lust zu schreiben; <\/span><span class=\"Translation\"><span class=\"Comment-Words\">tener<\/span><\/span><span class=\"Translation\"><span class=\"Comments\"> \u2014 haben<\/span><\/span><span class=\"Translation\">)<\/span><span class=\"Bold\"> cualquier cosa con este t\u00edtulo <\/span><span class=\"Translation\">(irgendetwas mit diesem Titel)<\/span><span class=\"Bold\">.<\/span><\/p>\r\n<p class=\"Adapted\"><span class=\"Bold\">Hoy<a id=\"_idTextAnchor001\"><\/a>, que se me ha presentado ocasi\u00f3n <\/span><span class=\"Translation\">(heute, wo sich mir \/eine\/ Gelegenheit geboten hat; <\/span><span class=\"Translation\"><span class=\"Comment-Words\">presentar<\/span><\/span><span class=\"Translation\"><span class=\"Comments\"> \u2014 zeigen; vorstellen<\/span><\/span><span class=\"Translation\">)<\/span><span class=\"Bold\">, lo he puesto con letras grandes <\/span><span class=\"Translation\">(das habe ich in gro\u00dfen Buchstaben gesetzt = habe ich es in Gro\u00dfbuchstaben gesetzt; <\/span><span class=\"Translation\"><span class=\"Comment-Words\">poner<\/span><\/span><span class=\"Translation\"><span class=\"Comments\"> \u2014 setzen; stellen; legen<\/span><\/span><span class=\"Translation\">)<\/span><span class=\"Bold\"> en la primera cuartilla de papel <\/span><span class=\"Translation\">(auf das erste Blatt: \u00abauf das erste Viertelpapier\u00bb; <\/span><span class=\"Translation\"><span class=\"Comment-Words\">cuarto<\/span><\/span><span class=\"Translation\"><span class=\"Gender _idGenCharOverride-1\">m <\/span><\/span><span class=\"Translation\"><span class=\"Comments\">\u2014 Viertel<\/span><\/span><span class=\"Translation\">)<\/span><span class=\"Bold\">, y luego he dejado a capricho volar la pluma <\/span><span class=\"Translation\">(und dann habe ich nach Belieben die Feder fliegen lassen; <\/span><span class=\"Translation\"><span class=\"Comment-Words\">dejar<\/span><\/span><span class=\"Translation\"><span class=\"Comments\"> \u2014 lassen; <\/span><\/span><span class=\"Translation\"><span class=\"Comment-Words\">capricho<\/span><\/span><span class=\"Translation\"><span class=\"Gender _idGenCharOverride-1\">m <\/span><\/span><span class=\"Translation\"><span class=\"Comments\">\u2014 Laune<\/span><\/span><span class=\"Translation\">)<\/span><span class=\"Bold\">.<\/span><\/p>\r\n\r\n<\/div>\r\n[audio mp3=\"https:\/\/easyoriginal1.s3.eu-central-1.amazonaws.com\/spanisch\/s1\/1.mp3\"][\/audio]\r\n<div class=\"original-container\">\r\n<p class=\"Original\">Hace mucho tiempo que ten\u00eda ganas de escribir cualquier cosa con este t\u00edtulo.<\/p>\r\n<p class=\"Original\">Hoy, que se me ha presentado ocasi\u00f3n, lo he puesto con letras grandes en la primera cuartilla de papel, y luego he dejado a capricho volar la pluma.<\/p>\r\n\r\n<\/div>\r\n<a class=\"weiter\" href=\"\/webreader\/los-ojos-verdes\/fragment\/1-4-2\/\">weiter lesen<\/a>","_et_gb_content_width":""},"product_brand":[],"product_cat":[265],"product_tag":[164,81],"class_list":{"0":"post-16247","1":"product","2":"type-product","3":"status-publish","4":"has-post-thumbnail","6":"product_cat-modern-spanisch-frank","7":"product_tag-anfaenger","8":"product_tag-krimi","10":"first","11":"instock","12":"taxable","13":"shipping-taxable","14":"purchasable","15":"product-type-variable"},"acf":[],"yoast_head":"<!-- This site is optimized with the Yoast SEO plugin v27.3 - https:\/\/yoast.com\/product\/yoast-seo-wordpress\/ -->\n<title>La Fuente de la Discordia - Die Quelle der Zwietracht - EasyOriginal.com<\/title>\n<meta name=\"robots\" content=\"index, follow, max-snippet:-1, max-image-preview:large, max-video-preview:-1\" \/>\n<link rel=\"canonical\" href=\"https:\/\/easyoriginal.com\/en\/shop\/modern-spanisch-frank\/la-fuente-de-la-discordia-die-quelle-der-zwietracht\/\" \/>\n<meta property=\"og:locale\" content=\"en_GB\" \/>\n<meta property=\"og:type\" content=\"article\" \/>\n<meta property=\"og:title\" content=\"La Fuente de la Discordia - Die Quelle der Zwietracht - EasyOriginal.com\" \/>\n<meta property=\"og:description\" content=\"Heilendes Wasser. T\u00f6dliche Geheimnisse. Im exklusiven Pyren\u00e4en-Heilbad \u201eBalneario de los Susurros\u201c geschieht das Undenkbare: Das ber\u00fchmte Quellwasser, ein Versprechen f\u00fcr Gesundheit und Jugend, f\u00e4rbt sich pl\u00f6tzlich blutrot. F\u00fcr die \u00c4rztin Dr. Elena Mart\u00ed beginnt eine fieberhafte Suche nach der Ursache. Handelt es sich um eiskalte Sabotage, oder erwacht ein uralter Fluch zum Leben? Ihre Ermittlungen rei\u00dfen die Fassade des luxuri\u00f6sen Spas ein und legen eine jahrhundertealte Fehde voller Neid und Verrat frei. Das Wasser vergisst nie. Und die La Fuente de la Discordia fordert nun ihre Schuld ein. Ein fesselnder Mystery-Thriller, der Sie in einen Abgrund aus alten S\u00fcnden und moderner Gier zieht. Kaufen Sie jetzt und entdecken Sie die Wahrheit! Zweisprachiges Buch Spanisch-Deutsch.\" \/>\n<meta property=\"og:url\" content=\"https:\/\/easyoriginal.com\/en\/shop\/modern-spanisch-frank\/la-fuente-de-la-discordia-die-quelle-der-zwietracht\/\" \/>\n<meta property=\"og:site_name\" content=\"EasyOriginal.com\" \/>\n<meta property=\"article:modified_time\" content=\"2025-11-02T12:44:16+00:00\" \/>\n<meta property=\"og:image\" content=\"https:\/\/easyoriginal.com\/wp-content\/uploads\/La_Fuente_de_la_Discordia_printcover.jpg\" \/>\n\t<meta property=\"og:image:width\" content=\"1600\" \/>\n\t<meta property=\"og:image:height\" content=\"2400\" \/>\n\t<meta property=\"og:image:type\" content=\"image\/jpeg\" \/>\n<meta name=\"twitter:card\" content=\"summary_large_image\" \/>\n<meta name=\"twitter:label1\" content=\"Estimated reading time\" \/>\n\t<meta name=\"twitter:data1\" content=\"2 minutes\" \/>\n<script type=\"application\/ld+json\" class=\"yoast-schema-graph\">{\"@context\":\"https:\\\/\\\/schema.org\",\"@graph\":[{\"@type\":\"WebPage\",\"@id\":\"https:\\\/\\\/easyoriginal.com\\\/shop\\\/modern-spanisch-frank\\\/la-fuente-de-la-discordia-die-quelle-der-zwietracht\\\/\",\"url\":\"https:\\\/\\\/easyoriginal.com\\\/shop\\\/modern-spanisch-frank\\\/la-fuente-de-la-discordia-die-quelle-der-zwietracht\\\/\",\"name\":\"La Fuente de la Discordia - Die Quelle der Zwietracht - EasyOriginal.com\",\"isPartOf\":{\"@id\":\"https:\\\/\\\/easyoriginal.com\\\/#website\"},\"primaryImageOfPage\":{\"@id\":\"https:\\\/\\\/easyoriginal.com\\\/shop\\\/modern-spanisch-frank\\\/la-fuente-de-la-discordia-die-quelle-der-zwietracht\\\/#primaryimage\"},\"image\":{\"@id\":\"https:\\\/\\\/easyoriginal.com\\\/shop\\\/modern-spanisch-frank\\\/la-fuente-de-la-discordia-die-quelle-der-zwietracht\\\/#primaryimage\"},\"thumbnailUrl\":\"https:\\\/\\\/easyoriginal.com\\\/wp-content\\\/uploads\\\/La_Fuente_de_la_Discordia_printcover.jpg\",\"datePublished\":\"2025-09-03T09:55:14+00:00\",\"dateModified\":\"2025-11-02T12:44:16+00:00\",\"breadcrumb\":{\"@id\":\"https:\\\/\\\/easyoriginal.com\\\/shop\\\/modern-spanisch-frank\\\/la-fuente-de-la-discordia-die-quelle-der-zwietracht\\\/#breadcrumb\"},\"inLanguage\":\"en-GB\",\"potentialAction\":[{\"@type\":\"ReadAction\",\"target\":[\"https:\\\/\\\/easyoriginal.com\\\/shop\\\/modern-spanisch-frank\\\/la-fuente-de-la-discordia-die-quelle-der-zwietracht\\\/\"]}]},{\"@type\":\"ImageObject\",\"inLanguage\":\"en-GB\",\"@id\":\"https:\\\/\\\/easyoriginal.com\\\/shop\\\/modern-spanisch-frank\\\/la-fuente-de-la-discordia-die-quelle-der-zwietracht\\\/#primaryimage\",\"url\":\"https:\\\/\\\/easyoriginal.com\\\/wp-content\\\/uploads\\\/La_Fuente_de_la_Discordia_printcover.jpg\",\"contentUrl\":\"https:\\\/\\\/easyoriginal.com\\\/wp-content\\\/uploads\\\/La_Fuente_de_la_Discordia_printcover.jpg\",\"width\":1600,\"height\":2400},{\"@type\":\"BreadcrumbList\",\"@id\":\"https:\\\/\\\/easyoriginal.com\\\/shop\\\/modern-spanisch-frank\\\/la-fuente-de-la-discordia-die-quelle-der-zwietracht\\\/#breadcrumb\",\"itemListElement\":[{\"@type\":\"ListItem\",\"position\":1,\"name\":\"Startseite\",\"item\":\"https:\\\/\\\/easyoriginal.com\\\/\"},{\"@type\":\"ListItem\",\"position\":2,\"name\":\"Shop\",\"item\":\"https:\\\/\\\/easyoriginal.com\\\/shop\\\/\"},{\"@type\":\"ListItem\",\"position\":3,\"name\":\"La Fuente de la Discordia &#8211; Die Quelle der Zwietracht\"}]},{\"@type\":\"WebSite\",\"@id\":\"https:\\\/\\\/easyoriginal.com\\\/#website\",\"url\":\"https:\\\/\\\/easyoriginal.com\\\/\",\"name\":\"EasyOriginal.com\",\"description\":\"Spa\u00df am Lesen im Original - Innovative Lesemethode f\u00fcr Fremdsprachen\",\"publisher\":{\"@id\":\"https:\\\/\\\/easyoriginal.com\\\/#organization\"},\"potentialAction\":[{\"@type\":\"SearchAction\",\"target\":{\"@type\":\"EntryPoint\",\"urlTemplate\":\"https:\\\/\\\/easyoriginal.com\\\/?s={search_term_string}\"},\"query-input\":{\"@type\":\"PropertyValueSpecification\",\"valueRequired\":true,\"valueName\":\"search_term_string\"}}],\"inLanguage\":\"en-GB\"},{\"@type\":\"Organization\",\"@id\":\"https:\\\/\\\/easyoriginal.com\\\/#organization\",\"name\":\"EasyOriginal Verlag\",\"url\":\"https:\\\/\\\/easyoriginal.com\\\/\",\"logo\":{\"@type\":\"ImageObject\",\"inLanguage\":\"en-GB\",\"@id\":\"https:\\\/\\\/easyoriginal.com\\\/#\\\/schema\\\/logo\\\/image\\\/\",\"url\":\"https:\\\/\\\/easyoriginal.com\\\/wp-content\\\/uploads\\\/2020\\\/08\\\/logo_main.png\",\"contentUrl\":\"https:\\\/\\\/easyoriginal.com\\\/wp-content\\\/uploads\\\/2020\\\/08\\\/logo_main.png\",\"width\":500,\"height\":103,\"caption\":\"EasyOriginal Verlag\"},\"image\":{\"@id\":\"https:\\\/\\\/easyoriginal.com\\\/#\\\/schema\\\/logo\\\/image\\\/\"}}]}<\/script>\n<!-- \/ Yoast SEO plugin. -->","yoast_head_json":{"title":"La Fuente de la Discordia - Die Quelle der Zwietracht - EasyOriginal.com","robots":{"index":"index","follow":"follow","max-snippet":"max-snippet:-1","max-image-preview":"max-image-preview:large","max-video-preview":"max-video-preview:-1"},"canonical":"https:\/\/easyoriginal.com\/en\/shop\/modern-spanisch-frank\/la-fuente-de-la-discordia-die-quelle-der-zwietracht\/","og_locale":"en_GB","og_type":"article","og_title":"La Fuente de la Discordia - Die Quelle der Zwietracht - EasyOriginal.com","og_description":"Heilendes Wasser. T\u00f6dliche Geheimnisse. Im exklusiven Pyren\u00e4en-Heilbad \u201eBalneario de los Susurros\u201c geschieht das Undenkbare: Das ber\u00fchmte Quellwasser, ein Versprechen f\u00fcr Gesundheit und Jugend, f\u00e4rbt sich pl\u00f6tzlich blutrot. F\u00fcr die \u00c4rztin Dr. Elena Mart\u00ed beginnt eine fieberhafte Suche nach der Ursache. Handelt es sich um eiskalte Sabotage, oder erwacht ein uralter Fluch zum Leben? Ihre Ermittlungen rei\u00dfen die Fassade des luxuri\u00f6sen Spas ein und legen eine jahrhundertealte Fehde voller Neid und Verrat frei. Das Wasser vergisst nie. Und die La Fuente de la Discordia fordert nun ihre Schuld ein. Ein fesselnder Mystery-Thriller, der Sie in einen Abgrund aus alten S\u00fcnden und moderner Gier zieht. Kaufen Sie jetzt und entdecken Sie die Wahrheit! Zweisprachiges Buch Spanisch-Deutsch.","og_url":"https:\/\/easyoriginal.com\/en\/shop\/modern-spanisch-frank\/la-fuente-de-la-discordia-die-quelle-der-zwietracht\/","og_site_name":"EasyOriginal.com","article_modified_time":"2025-11-02T12:44:16+00:00","og_image":[{"width":1600,"height":2400,"url":"https:\/\/easyoriginal.com\/wp-content\/uploads\/La_Fuente_de_la_Discordia_printcover.jpg","type":"image\/jpeg"}],"twitter_card":"summary_large_image","twitter_misc":{"Estimated reading time":"2 minutes"},"schema":{"@context":"https:\/\/schema.org","@graph":[{"@type":"WebPage","@id":"https:\/\/easyoriginal.com\/shop\/modern-spanisch-frank\/la-fuente-de-la-discordia-die-quelle-der-zwietracht\/","url":"https:\/\/easyoriginal.com\/shop\/modern-spanisch-frank\/la-fuente-de-la-discordia-die-quelle-der-zwietracht\/","name":"La Fuente de la Discordia - Die Quelle der Zwietracht - EasyOriginal.com","isPartOf":{"@id":"https:\/\/easyoriginal.com\/#website"},"primaryImageOfPage":{"@id":"https:\/\/easyoriginal.com\/shop\/modern-spanisch-frank\/la-fuente-de-la-discordia-die-quelle-der-zwietracht\/#primaryimage"},"image":{"@id":"https:\/\/easyoriginal.com\/shop\/modern-spanisch-frank\/la-fuente-de-la-discordia-die-quelle-der-zwietracht\/#primaryimage"},"thumbnailUrl":"https:\/\/easyoriginal.com\/wp-content\/uploads\/La_Fuente_de_la_Discordia_printcover.jpg","datePublished":"2025-09-03T09:55:14+00:00","dateModified":"2025-11-02T12:44:16+00:00","breadcrumb":{"@id":"https:\/\/easyoriginal.com\/shop\/modern-spanisch-frank\/la-fuente-de-la-discordia-die-quelle-der-zwietracht\/#breadcrumb"},"inLanguage":"en-GB","potentialAction":[{"@type":"ReadAction","target":["https:\/\/easyoriginal.com\/shop\/modern-spanisch-frank\/la-fuente-de-la-discordia-die-quelle-der-zwietracht\/"]}]},{"@type":"ImageObject","inLanguage":"en-GB","@id":"https:\/\/easyoriginal.com\/shop\/modern-spanisch-frank\/la-fuente-de-la-discordia-die-quelle-der-zwietracht\/#primaryimage","url":"https:\/\/easyoriginal.com\/wp-content\/uploads\/La_Fuente_de_la_Discordia_printcover.jpg","contentUrl":"https:\/\/easyoriginal.com\/wp-content\/uploads\/La_Fuente_de_la_Discordia_printcover.jpg","width":1600,"height":2400},{"@type":"BreadcrumbList","@id":"https:\/\/easyoriginal.com\/shop\/modern-spanisch-frank\/la-fuente-de-la-discordia-die-quelle-der-zwietracht\/#breadcrumb","itemListElement":[{"@type":"ListItem","position":1,"name":"Startseite","item":"https:\/\/easyoriginal.com\/"},{"@type":"ListItem","position":2,"name":"Shop","item":"https:\/\/easyoriginal.com\/shop\/"},{"@type":"ListItem","position":3,"name":"La Fuente de la Discordia &#8211; Die Quelle der Zwietracht"}]},{"@type":"WebSite","@id":"https:\/\/easyoriginal.com\/#website","url":"https:\/\/easyoriginal.com\/","name":"EasyOriginal.com","description":"Spa\u00df am Lesen im Original - Innovative Lesemethode f\u00fcr Fremdsprachen","publisher":{"@id":"https:\/\/easyoriginal.com\/#organization"},"potentialAction":[{"@type":"SearchAction","target":{"@type":"EntryPoint","urlTemplate":"https:\/\/easyoriginal.com\/?s={search_term_string}"},"query-input":{"@type":"PropertyValueSpecification","valueRequired":true,"valueName":"search_term_string"}}],"inLanguage":"en-GB"},{"@type":"Organization","@id":"https:\/\/easyoriginal.com\/#organization","name":"EasyOriginal Verlag","url":"https:\/\/easyoriginal.com\/","logo":{"@type":"ImageObject","inLanguage":"en-GB","@id":"https:\/\/easyoriginal.com\/#\/schema\/logo\/image\/","url":"https:\/\/easyoriginal.com\/wp-content\/uploads\/2020\/08\/logo_main.png","contentUrl":"https:\/\/easyoriginal.com\/wp-content\/uploads\/2020\/08\/logo_main.png","width":500,"height":103,"caption":"EasyOriginal Verlag"},"image":{"@id":"https:\/\/easyoriginal.com\/#\/schema\/logo\/image\/"}}]}},"_links":{"self":[{"href":"https:\/\/easyoriginal.com\/en\/wp-json\/wp\/v2\/product\/16247","targetHints":{"allow":["GET"]}}],"collection":[{"href":"https:\/\/easyoriginal.com\/en\/wp-json\/wp\/v2\/product"}],"about":[{"href":"https:\/\/easyoriginal.com\/en\/wp-json\/wp\/v2\/types\/product"}],"replies":[{"embeddable":true,"href":"https:\/\/easyoriginal.com\/en\/wp-json\/wp\/v2\/comments?post=16247"}],"wp:featuredmedia":[{"embeddable":true,"href":"https:\/\/easyoriginal.com\/en\/wp-json\/wp\/v2\/media\/16253"}],"wp:attachment":[{"href":"https:\/\/easyoriginal.com\/en\/wp-json\/wp\/v2\/media?parent=16247"}],"wp:term":[{"taxonomy":"product_brand","embeddable":true,"href":"https:\/\/easyoriginal.com\/en\/wp-json\/wp\/v2\/product_brand?post=16247"},{"taxonomy":"product_cat","embeddable":true,"href":"https:\/\/easyoriginal.com\/en\/wp-json\/wp\/v2\/product_cat?post=16247"},{"taxonomy":"product_tag","embeddable":true,"href":"https:\/\/easyoriginal.com\/en\/wp-json\/wp\/v2\/product_tag?post=16247"}],"curies":[{"name":"wp","href":"https:\/\/api.w.org\/{rel}","templated":true}]}}