{"id":16185,"date":"2025-08-27T16:02:25","date_gmt":"2025-08-27T14:02:25","guid":{"rendered":"https:\/\/easyoriginal.com\/?post_type=product&#038;p=16185"},"modified":"2026-02-13T10:16:57","modified_gmt":"2026-02-13T09:16:57","slug":"the-druids-whisper-das-fluestern-des-druiden","status":"publish","type":"product","link":"https:\/\/easyoriginal.com\/en\/shop\/modern-englisch-frank\/the-druids-whisper-das-fluestern-des-druiden\/","title":{"rendered":"The Druid&#8217;s Whisper  \u2014  Das Fl\u00fcstern des Druiden"},"content":{"rendered":"<div class=\"adapted-container\">\n<p class=\"Adapted\" lang=\"de-DE\">The mist rolled across the hills outside Avalon <span class=\"Translation\">(der Nebel w\u00e4lzte sich \u00fcber die H\u00fcgel au\u00dferhalb von Avalo<\/span><span class=\"Translation\"><span class=\"No-Break\">n;<\/span><\/span><span class=\"Translation\"><span class=\"Comments\"> <\/span><\/span><span class=\"Translation\"><span class=\"Comment-Words\">to roll<\/span><\/span><span class=\"Translation\"><span class=\"No-Break\"><span class=\"Comments\"> \u2014<\/span><\/span><\/span><span class=\"Translation\"><span class=\"Comments\"> rollen, w\u00e4lzen<\/span><\/span><span class=\"Translation\">)<\/span> like a living thing <span class=\"Translation\">(wie ein lebendiges Ding)<\/span>, swallowing sound <span class=\"Translation\">(Ger\u00e4usche verschlucken<\/span><span class=\"Translation\"><span class=\"No-Break\">d;<\/span><\/span><span class=\"Translation\"><span class=\"Comments\"> <\/span><\/span><span class=\"Translation\"><span class=\"Comment-Words\">to swallow<\/span><\/span><span class=\"Translation\"><span class=\"No-Break\"><span class=\"Comments\"> \u2014<\/span><\/span><\/span><span class=\"Translation\"><span class=\"Comments\"> schlucken, verschlingen<\/span><\/span><span class=\"Translation\">)<\/span> and blurring the boundary between earth and sky <span class=\"Translation\">(und die Grenze zwischen Erde und Himmel verschwimmen lassen<\/span><span class=\"Translation\"><span class=\"No-Break\">d;<\/span><\/span><span class=\"Translation\"><span class=\"Comments\"> <\/span><\/span><span class=\"Translation\"><span class=\"Comment-Words\">to blur<\/span><\/span><span class=\"Translation\"><span class=\"No-Break\"><span class=\"Comments\"> \u2014<\/span><\/span><\/span><span class=\"Translation\"><span class=\"Comments\"> verschwimmen lassen, verwischen<\/span><\/span><span class=\"Translation\">)<\/span>. In the pre-dawn darkness <span class=\"Translation\">(in der Dunkelheit vor der Morgend\u00e4mmerung)<\/span>, a lone yellow digger sat silent and still <span class=\"Translation\">(sa\u00df ein einsamer gelber Bagger still und regungslo<\/span><span class=\"Translation\"><span class=\"No-Break\">s;<\/span><\/span><span class=\"Translation\"><span class=\"Comments\"> <\/span><\/span><span class=\"Translation\"><span class=\"Comment-Words\">digger<\/span><\/span><span class=\"Translation\"><span class=\"No-Break\"><span class=\"Comments\"> \u2014<\/span><\/span><\/span><span class=\"Translation\"><span class=\"Comments\"> Bagge<\/span><\/span><span class=\"Translation\"><span class=\"No-Break\"><span class=\"Comments\">r;<\/span><\/span><\/span><span class=\"Translation\"><span class=\"Comments\"> <\/span><\/span><span class=\"Translation\"><span class=\"Comment-Words\">to dig<\/span><\/span><span class=\"Translation\"><span class=\"No-Break\"><span class=\"Comments\"> \u2014<\/span><\/span><\/span><span class=\"Translation\"><span class=\"Comments\"> graben<\/span><\/span><span class=\"Translation\">)<\/span>, its metal arm frozen mid-reach <span class=\"Translation\">(sein Metallarm mitten in der Bewegung erstarr<\/span><span class=\"Translation\"><span class=\"No-Break\">t;<\/span><\/span><span class=\"Translation\"><span class=\"Comments\"> <\/span><\/span><span class=\"Translation\"><span class=\"Comment-Words\">to freeze<\/span><\/span><span class=\"Translation\"><span class=\"No-Break\"><span class=\"Comments\"> \u2014<\/span><\/span><\/span><span class=\"Translation\"><span class=\"Comments\"> frieren, erstarre<\/span><\/span><span class=\"Translation\"><span class=\"No-Break\"><span class=\"Comments\">n;<\/span><\/span><\/span><span class=\"Translation\"><span class=\"Comments\"> <\/span><\/span><span class=\"Translation\"><span class=\"Comment-Words\">reach<\/span><\/span><span class=\"Translation\"><span class=\"No-Break\"><span class=\"Comments\"> \u2014<\/span><\/span><\/span><span class=\"Translation\"><span class=\"Comments\"> Reichweite, Griff<\/span><\/span><span class=\"Translation\">)<\/span> like some prehistoric beast caught in time <span class=\"Translation\">(wie ein pr\u00e4historisches Tier, in der Zeit gefange<\/span><span class=\"Translation\"><span class=\"No-Break\">n;<\/span><\/span><span class=\"Translation\"><span class=\"Comments\"> <\/span><\/span><span class=\"Translation\"><span class=\"Comment-Words\">beast<\/span><\/span><span class=\"Translation\"><span class=\"No-Break\"><span class=\"Comments\"> \u2014<\/span><\/span><\/span><span class=\"Translation\"><span class=\"Comments\"> Tier, Besti<\/span><\/span><span class=\"Translation\"><span class=\"No-Break\"><span class=\"Comments\">e;<\/span><\/span><\/span><span class=\"Translation\"><span class=\"Comments\"> <\/span><\/span><span class=\"Translation\"><span class=\"Comment-Words\">to catch<\/span><\/span><span class=\"Translation\"><span class=\"No-Break\"><span class=\"Comments\"> \u2014<\/span><\/span><\/span><span class=\"Translation\"><span class=\"Comments\"> fangen<\/span><\/span><span class=\"Translation\">)<\/span>. The construction site at Beacon\u2019s Reach housing development <span class=\"Translation\">(die Baustelle der Wohnsiedlung Beacon\u2019s Reac<\/span><span class=\"Translation\"><span class=\"No-Break\">h;<\/span><\/span><span class=\"Translation\"><span class=\"Comments\"> <\/span><\/span><span class=\"Translation\"><span class=\"Comment-Words\">beacon<\/span><\/span><span class=\"Translation\"><span class=\"No-Break\"><span class=\"Comments\"> \u2014<\/span><\/span><\/span><span class=\"Translation\"><span class=\"Comments\"> Leuchtfeuer, Bak<\/span><\/span><span class=\"Translation\"><span class=\"No-Break\"><span class=\"Comments\">e;<\/span><\/span><\/span><span class=\"Translation\"><span class=\"Comments\"> <\/span><\/span><span class=\"Translation\"><span class=\"Comment-Words\">housing development<\/span><\/span><span class=\"Translation\"><span class=\"No-Break\"><span class=\"Comments\"> \u2014<\/span><\/span><\/span><span class=\"Translation\"><span class=\"Comments\"> Wohnsiedlung<\/span><\/span><span class=\"Translation\">)<\/span> had been quiet for three days now <span class=\"Translation\">(war nun seit drei Tagen still)<\/span>\u2014ever since they\u2019d found the stones <span class=\"Translation\">(seit sie die Steine gefunden hatten)<\/span>.<\/p>\n<\/div>\n<audio class=\"wp-audio-shortcode\" id=\"audio-16185-1\" preload=\"none\" style=\"width: 100%;\" controls=\"controls\"><source type=\"audio\/mpeg\" src=\"https:\/\/easyoriginal1.s3.eu-central-1.amazonaws.com\/englisch\/e88\/001.mp3?_=1\" \/><a href=\"https:\/\/easyoriginal1.s3.eu-central-1.amazonaws.com\/englisch\/e88\/001.mp3\">https:\/\/easyoriginal1.s3.eu-central-1.amazonaws.com\/englisch\/e88\/001.mp3<\/a><\/audio>\n<div class=\"original-container\">\n<p class=\"Original\">Dawn Discovery<\/p>\n<p class=\"Original\">The mist rolled across the hills outside Avalon like a living thing, swallowing sound and blurring the boundary between earth and sky. In the pre-dawn darkness, a lone yellow digger sat silent and still, its metal arm frozen mid-reach like some prehistoric beast caught in time. The construction site at Beacon\u2019s Reach housing development had been quiet for three days now\u2014ever since they\u2019d found the stones.<\/p>\n<\/div>","protected":false},"excerpt":{"rendered":"<p>Vergessen Sie alles, was Sie \u00fcber die Vergangenheit zu wissen glauben.<br \/>\nIm Nebel von Avalon, wo Legenden und Realit\u00e4t seit jeher verschwimmen, wird auf einer Baustelle eine Entdeckung gemacht, die Geschichte schreiben k\u00f6nnte: ein vergessener Steinkreis, Zeuge uralter Rituale. Doch die Ehrfurcht weicht dem Entsetzen, als im Morgengrauen in der Mitte des Kreises eine Leiche gefunden wird.<br \/>\nEs ist kein gew\u00f6hnlicher Mord. Die Inszenierung ist perfekt, theatralisch, wie ein grausames Echo aus einer l\u00e4ngst vergangenen Zeit. Ein Opfer, dargebracht nach druidischem Ritus? Oder die eiskalte Botschaft eines modernen M\u00f6rders, der sich hinter den Mythen der Vergangenheit versteckt?<br \/>\nF\u00fcr Detective Inspector Rhiannon Blythe beginnt ein Wettlauf gegen die Zeit. Jeder, der mit den Steinen in Verbindung steht, ist verd\u00e4chtig: der charismatische Professor, der seinen Ruhm auf den alten Steinen bauen wollte ; die leidenschaftlichen Aktivisten, die das Erbe Avalons um jeden Preis sch\u00fctzen wollen ; die eifers\u00fcchtige Rivalin, f\u00fcr die der Tote ein Scharlatan war.<br \/>\nIn einem Netz aus akademischem Ehrgeiz, verborgenen L\u00fcgen und dem ewigen Kampf zwischen Fortschritt und Tradition muss Blythe erkennen, dass das Fl\u00fcstern der alten Steine tr\u00fcgerisch ist. Das wahre Geheimnis liegt nicht in der Vergangenheit begraben, sondern in den dunklen Herzen der Gegenwart.<br \/>\nWas, wenn der gr\u00f6\u00dfte Schock nicht der M\u00f6rder ist, sondern die Wahrheit, die der Steinkreis selbst verbirgt?<br \/>\nTauchen Sie ein in The Druid&#8217;s Whisper \u2013 ein Verbrechen so alt wie die Legenden selbst und eine Wahrheit, die alles ver\u00e4ndert. Sie werden dieses Buch nicht mehr aus der Hand legen k\u00f6nnen!<br \/>\nZweisprachiges Buch Englisch-Deutsch.<\/p>","protected":false},"featured_media":16190,"comment_status":"open","ping_status":"closed","template":"","meta":{"_acf_changed":false,"_et_pb_use_builder":"off","_et_pb_old_content":"<div class=\"adapted-container\">\r\n<p class=\"Adapted\"><span class=\"Bold\">Hace mucho tiempo que ten\u00eda ganas de escribir <\/span><span class=\"Translation\">(seit langer Zeit hatte ich Lust zu schreiben; <\/span><span class=\"Translation\"><span class=\"Comment-Words\">tener<\/span><\/span><span class=\"Translation\"><span class=\"Comments\"> \u2014 haben<\/span><\/span><span class=\"Translation\">)<\/span><span class=\"Bold\"> cualquier cosa con este t\u00edtulo <\/span><span class=\"Translation\">(irgendetwas mit diesem Titel)<\/span><span class=\"Bold\">.<\/span><\/p>\r\n<p class=\"Adapted\"><span class=\"Bold\">Hoy<a id=\"_idTextAnchor001\"><\/a>, que se me ha presentado ocasi\u00f3n <\/span><span class=\"Translation\">(heute, wo sich mir \/eine\/ Gelegenheit geboten hat; <\/span><span class=\"Translation\"><span class=\"Comment-Words\">presentar<\/span><\/span><span class=\"Translation\"><span class=\"Comments\"> \u2014 zeigen; vorstellen<\/span><\/span><span class=\"Translation\">)<\/span><span class=\"Bold\">, lo he puesto con letras grandes <\/span><span class=\"Translation\">(das habe ich in gro\u00dfen Buchstaben gesetzt = habe ich es in Gro\u00dfbuchstaben gesetzt; <\/span><span class=\"Translation\"><span class=\"Comment-Words\">poner<\/span><\/span><span class=\"Translation\"><span class=\"Comments\"> \u2014 setzen; stellen; legen<\/span><\/span><span class=\"Translation\">)<\/span><span class=\"Bold\"> en la primera cuartilla de papel <\/span><span class=\"Translation\">(auf das erste Blatt: \u00abauf das erste Viertelpapier\u00bb; <\/span><span class=\"Translation\"><span class=\"Comment-Words\">cuarto<\/span><\/span><span class=\"Translation\"><span class=\"Gender _idGenCharOverride-1\">m <\/span><\/span><span class=\"Translation\"><span class=\"Comments\">\u2014 Viertel<\/span><\/span><span class=\"Translation\">)<\/span><span class=\"Bold\">, y luego he dejado a capricho volar la pluma <\/span><span class=\"Translation\">(und dann habe ich nach Belieben die Feder fliegen lassen; <\/span><span class=\"Translation\"><span class=\"Comment-Words\">dejar<\/span><\/span><span class=\"Translation\"><span class=\"Comments\"> \u2014 lassen; <\/span><\/span><span class=\"Translation\"><span class=\"Comment-Words\">capricho<\/span><\/span><span class=\"Translation\"><span class=\"Gender _idGenCharOverride-1\">m <\/span><\/span><span class=\"Translation\"><span class=\"Comments\">\u2014 Laune<\/span><\/span><span class=\"Translation\">)<\/span><span class=\"Bold\">.<\/span><\/p>\r\n\r\n<\/div>\r\n[audio mp3=\"https:\/\/easyoriginal1.s3.eu-central-1.amazonaws.com\/spanisch\/s1\/1.mp3\"][\/audio]\r\n<div class=\"original-container\">\r\n<p class=\"Original\">Hace mucho tiempo que ten\u00eda ganas de escribir cualquier cosa con este t\u00edtulo.<\/p>\r\n<p class=\"Original\">Hoy, que se me ha presentado ocasi\u00f3n, lo he puesto con letras grandes en la primera cuartilla de papel, y luego he dejado a capricho volar la pluma.<\/p>\r\n\r\n<\/div>\r\n<a class=\"weiter\" href=\"\/webreader\/los-ojos-verdes\/fragment\/1-4-2\/\">weiter lesen<\/a>","_et_gb_content_width":""},"product_brand":[],"product_cat":[267],"product_tag":[164,81],"class_list":{"0":"post-16185","1":"product","2":"type-product","3":"status-publish","4":"has-post-thumbnail","6":"product_cat-modern-englisch-frank","7":"product_tag-anfaenger","8":"product_tag-krimi","10":"first","11":"instock","12":"taxable","13":"shipping-taxable","14":"purchasable","15":"product-type-variable"},"acf":[],"yoast_head":"<!-- This site is optimized with the Yoast SEO plugin v27.4 - https:\/\/yoast.com\/product\/yoast-seo-wordpress\/ -->\n<title>The Druid&#039;s Whisper \u2014 Das Fl\u00fcstern des Druiden - EasyOriginal.com<\/title>\n<meta name=\"robots\" content=\"index, follow, max-snippet:-1, max-image-preview:large, max-video-preview:-1\" \/>\n<link rel=\"canonical\" href=\"https:\/\/easyoriginal.com\/en\/shop\/modern-englisch-frank\/the-druids-whisper-das-fluestern-des-druiden\/\" \/>\n<meta property=\"og:locale\" content=\"en_GB\" \/>\n<meta property=\"og:type\" content=\"article\" \/>\n<meta property=\"og:title\" content=\"The Druid&#039;s Whisper \u2014 Das Fl\u00fcstern des Druiden - EasyOriginal.com\" \/>\n<meta property=\"og:description\" content=\"Vergessen Sie alles, was Sie \u00fcber die Vergangenheit zu wissen glauben. Im Nebel von Avalon, wo Legenden und Realit\u00e4t seit jeher verschwimmen, wird auf einer Baustelle eine Entdeckung gemacht, die Geschichte schreiben k\u00f6nnte: ein vergessener Steinkreis, Zeuge uralter Rituale. Doch die Ehrfurcht weicht dem Entsetzen, als im Morgengrauen in der Mitte des Kreises eine Leiche gefunden wird.  Es ist kein gew\u00f6hnlicher Mord. Die Inszenierung ist perfekt, theatralisch, wie ein grausames Echo aus einer l\u00e4ngst vergangenen Zeit. Ein Opfer, dargebracht nach druidischem Ritus? Oder die eiskalte Botschaft eines modernen M\u00f6rders, der sich hinter den Mythen der Vergangenheit versteckt?  F\u00fcr Detective Inspector Rhiannon Blythe beginnt ein Wettlauf gegen die Zeit. Jeder, der mit den Steinen in Verbindung steht, ist verd\u00e4chtig: der charismatische Professor, der seinen Ruhm auf den alten Steinen bauen wollte ; die leidenschaftlichen Aktivisten, die das Erbe Avalons um jeden Preis sch\u00fctzen wollen ; die eifers\u00fcchtige Rivalin, f\u00fcr die der Tote ein Scharlatan war.  In einem Netz aus akademischem Ehrgeiz, verborgenen L\u00fcgen und dem ewigen Kampf zwischen Fortschritt und Tradition muss Blythe erkennen, dass das Fl\u00fcstern der alten Steine tr\u00fcgerisch ist. Das wahre Geheimnis liegt nicht in der Vergangenheit begraben, sondern in den dunklen Herzen der Gegenwart. Was, wenn der gr\u00f6\u00dfte Schock nicht der M\u00f6rder ist, sondern die Wahrheit, die der Steinkreis selbst verbirgt? Tauchen Sie ein in The Druid&#039;s Whisper \u2013 ein Verbrechen so alt wie die Legenden selbst und eine Wahrheit, die alles ver\u00e4ndert. Sie werden dieses Buch nicht mehr aus der Hand legen k\u00f6nnen! Zweisprachiges Buch Englisch-Deutsch.\" \/>\n<meta property=\"og:url\" content=\"https:\/\/easyoriginal.com\/en\/shop\/modern-englisch-frank\/the-druids-whisper-das-fluestern-des-druiden\/\" \/>\n<meta property=\"og:site_name\" content=\"EasyOriginal.com\" \/>\n<meta property=\"article:modified_time\" content=\"2026-02-13T09:16:57+00:00\" \/>\n<meta property=\"og:image\" content=\"https:\/\/easyoriginal.com\/wp-content\/uploads\/The_Druids_Whisper_printcover.jpg\" \/>\n\t<meta property=\"og:image:width\" content=\"1600\" \/>\n\t<meta property=\"og:image:height\" content=\"2400\" \/>\n\t<meta property=\"og:image:type\" content=\"image\/jpeg\" \/>\n<meta name=\"twitter:card\" content=\"summary_large_image\" \/>\n<meta name=\"twitter:label1\" content=\"Estimated reading time\" \/>\n\t<meta name=\"twitter:data1\" content=\"2 minutes\" \/>\n<script type=\"application\/ld+json\" class=\"yoast-schema-graph\">{\"@context\":\"https:\\\/\\\/schema.org\",\"@graph\":[{\"@type\":\"WebPage\",\"@id\":\"https:\\\/\\\/easyoriginal.com\\\/shop\\\/modern-englisch-frank\\\/the-druids-whisper-das-fluestern-des-druiden\\\/\",\"url\":\"https:\\\/\\\/easyoriginal.com\\\/shop\\\/modern-englisch-frank\\\/the-druids-whisper-das-fluestern-des-druiden\\\/\",\"name\":\"The Druid's Whisper \u2014 Das Fl\u00fcstern des Druiden - EasyOriginal.com\",\"isPartOf\":{\"@id\":\"https:\\\/\\\/easyoriginal.com\\\/#website\"},\"primaryImageOfPage\":{\"@id\":\"https:\\\/\\\/easyoriginal.com\\\/shop\\\/modern-englisch-frank\\\/the-druids-whisper-das-fluestern-des-druiden\\\/#primaryimage\"},\"image\":{\"@id\":\"https:\\\/\\\/easyoriginal.com\\\/shop\\\/modern-englisch-frank\\\/the-druids-whisper-das-fluestern-des-druiden\\\/#primaryimage\"},\"thumbnailUrl\":\"https:\\\/\\\/easyoriginal.com\\\/wp-content\\\/uploads\\\/The_Druids_Whisper_printcover.jpg\",\"datePublished\":\"2025-08-27T14:02:25+00:00\",\"dateModified\":\"2026-02-13T09:16:57+00:00\",\"breadcrumb\":{\"@id\":\"https:\\\/\\\/easyoriginal.com\\\/shop\\\/modern-englisch-frank\\\/the-druids-whisper-das-fluestern-des-druiden\\\/#breadcrumb\"},\"inLanguage\":\"en-GB\",\"potentialAction\":[{\"@type\":\"ReadAction\",\"target\":[\"https:\\\/\\\/easyoriginal.com\\\/shop\\\/modern-englisch-frank\\\/the-druids-whisper-das-fluestern-des-druiden\\\/\"]}]},{\"@type\":\"ImageObject\",\"inLanguage\":\"en-GB\",\"@id\":\"https:\\\/\\\/easyoriginal.com\\\/shop\\\/modern-englisch-frank\\\/the-druids-whisper-das-fluestern-des-druiden\\\/#primaryimage\",\"url\":\"https:\\\/\\\/easyoriginal.com\\\/wp-content\\\/uploads\\\/The_Druids_Whisper_printcover.jpg\",\"contentUrl\":\"https:\\\/\\\/easyoriginal.com\\\/wp-content\\\/uploads\\\/The_Druids_Whisper_printcover.jpg\",\"width\":1600,\"height\":2400},{\"@type\":\"BreadcrumbList\",\"@id\":\"https:\\\/\\\/easyoriginal.com\\\/shop\\\/modern-englisch-frank\\\/the-druids-whisper-das-fluestern-des-druiden\\\/#breadcrumb\",\"itemListElement\":[{\"@type\":\"ListItem\",\"position\":1,\"name\":\"Startseite\",\"item\":\"https:\\\/\\\/easyoriginal.com\\\/\"},{\"@type\":\"ListItem\",\"position\":2,\"name\":\"Shop\",\"item\":\"https:\\\/\\\/easyoriginal.com\\\/shop\\\/\"},{\"@type\":\"ListItem\",\"position\":3,\"name\":\"The Druid&#8217;s Whisper \u2014 Das Fl\u00fcstern des Druiden\"}]},{\"@type\":\"WebSite\",\"@id\":\"https:\\\/\\\/easyoriginal.com\\\/#website\",\"url\":\"https:\\\/\\\/easyoriginal.com\\\/\",\"name\":\"EasyOriginal.com\",\"description\":\"Spa\u00df am Lesen im Original - Innovative Lesemethode f\u00fcr Fremdsprachen\",\"publisher\":{\"@id\":\"https:\\\/\\\/easyoriginal.com\\\/#organization\"},\"potentialAction\":[{\"@type\":\"SearchAction\",\"target\":{\"@type\":\"EntryPoint\",\"urlTemplate\":\"https:\\\/\\\/easyoriginal.com\\\/?s={search_term_string}\"},\"query-input\":{\"@type\":\"PropertyValueSpecification\",\"valueRequired\":true,\"valueName\":\"search_term_string\"}}],\"inLanguage\":\"en-GB\"},{\"@type\":\"Organization\",\"@id\":\"https:\\\/\\\/easyoriginal.com\\\/#organization\",\"name\":\"EasyOriginal Verlag\",\"url\":\"https:\\\/\\\/easyoriginal.com\\\/\",\"logo\":{\"@type\":\"ImageObject\",\"inLanguage\":\"en-GB\",\"@id\":\"https:\\\/\\\/easyoriginal.com\\\/#\\\/schema\\\/logo\\\/image\\\/\",\"url\":\"https:\\\/\\\/easyoriginal.com\\\/wp-content\\\/uploads\\\/2020\\\/08\\\/logo_main.png\",\"contentUrl\":\"https:\\\/\\\/easyoriginal.com\\\/wp-content\\\/uploads\\\/2020\\\/08\\\/logo_main.png\",\"width\":500,\"height\":103,\"caption\":\"EasyOriginal Verlag\"},\"image\":{\"@id\":\"https:\\\/\\\/easyoriginal.com\\\/#\\\/schema\\\/logo\\\/image\\\/\"}}]}<\/script>\n<!-- \/ Yoast SEO plugin. -->","yoast_head_json":{"title":"The Druid's Whisper \u2014 Das Fl\u00fcstern des Druiden - EasyOriginal.com","robots":{"index":"index","follow":"follow","max-snippet":"max-snippet:-1","max-image-preview":"max-image-preview:large","max-video-preview":"max-video-preview:-1"},"canonical":"https:\/\/easyoriginal.com\/en\/shop\/modern-englisch-frank\/the-druids-whisper-das-fluestern-des-druiden\/","og_locale":"en_GB","og_type":"article","og_title":"The Druid's Whisper \u2014 Das Fl\u00fcstern des Druiden - EasyOriginal.com","og_description":"Vergessen Sie alles, was Sie \u00fcber die Vergangenheit zu wissen glauben. Im Nebel von Avalon, wo Legenden und Realit\u00e4t seit jeher verschwimmen, wird auf einer Baustelle eine Entdeckung gemacht, die Geschichte schreiben k\u00f6nnte: ein vergessener Steinkreis, Zeuge uralter Rituale. Doch die Ehrfurcht weicht dem Entsetzen, als im Morgengrauen in der Mitte des Kreises eine Leiche gefunden wird.  Es ist kein gew\u00f6hnlicher Mord. Die Inszenierung ist perfekt, theatralisch, wie ein grausames Echo aus einer l\u00e4ngst vergangenen Zeit. Ein Opfer, dargebracht nach druidischem Ritus? Oder die eiskalte Botschaft eines modernen M\u00f6rders, der sich hinter den Mythen der Vergangenheit versteckt?  F\u00fcr Detective Inspector Rhiannon Blythe beginnt ein Wettlauf gegen die Zeit. Jeder, der mit den Steinen in Verbindung steht, ist verd\u00e4chtig: der charismatische Professor, der seinen Ruhm auf den alten Steinen bauen wollte ; die leidenschaftlichen Aktivisten, die das Erbe Avalons um jeden Preis sch\u00fctzen wollen ; die eifers\u00fcchtige Rivalin, f\u00fcr die der Tote ein Scharlatan war.  In einem Netz aus akademischem Ehrgeiz, verborgenen L\u00fcgen und dem ewigen Kampf zwischen Fortschritt und Tradition muss Blythe erkennen, dass das Fl\u00fcstern der alten Steine tr\u00fcgerisch ist. Das wahre Geheimnis liegt nicht in der Vergangenheit begraben, sondern in den dunklen Herzen der Gegenwart. Was, wenn der gr\u00f6\u00dfte Schock nicht der M\u00f6rder ist, sondern die Wahrheit, die der Steinkreis selbst verbirgt? Tauchen Sie ein in The Druid's Whisper \u2013 ein Verbrechen so alt wie die Legenden selbst und eine Wahrheit, die alles ver\u00e4ndert. Sie werden dieses Buch nicht mehr aus der Hand legen k\u00f6nnen! Zweisprachiges Buch Englisch-Deutsch.","og_url":"https:\/\/easyoriginal.com\/en\/shop\/modern-englisch-frank\/the-druids-whisper-das-fluestern-des-druiden\/","og_site_name":"EasyOriginal.com","article_modified_time":"2026-02-13T09:16:57+00:00","og_image":[{"width":1600,"height":2400,"url":"https:\/\/easyoriginal.com\/wp-content\/uploads\/The_Druids_Whisper_printcover.jpg","type":"image\/jpeg"}],"twitter_card":"summary_large_image","twitter_misc":{"Estimated reading time":"2 minutes"},"schema":{"@context":"https:\/\/schema.org","@graph":[{"@type":"WebPage","@id":"https:\/\/easyoriginal.com\/shop\/modern-englisch-frank\/the-druids-whisper-das-fluestern-des-druiden\/","url":"https:\/\/easyoriginal.com\/shop\/modern-englisch-frank\/the-druids-whisper-das-fluestern-des-druiden\/","name":"The Druid's Whisper \u2014 Das Fl\u00fcstern des Druiden - EasyOriginal.com","isPartOf":{"@id":"https:\/\/easyoriginal.com\/#website"},"primaryImageOfPage":{"@id":"https:\/\/easyoriginal.com\/shop\/modern-englisch-frank\/the-druids-whisper-das-fluestern-des-druiden\/#primaryimage"},"image":{"@id":"https:\/\/easyoriginal.com\/shop\/modern-englisch-frank\/the-druids-whisper-das-fluestern-des-druiden\/#primaryimage"},"thumbnailUrl":"https:\/\/easyoriginal.com\/wp-content\/uploads\/The_Druids_Whisper_printcover.jpg","datePublished":"2025-08-27T14:02:25+00:00","dateModified":"2026-02-13T09:16:57+00:00","breadcrumb":{"@id":"https:\/\/easyoriginal.com\/shop\/modern-englisch-frank\/the-druids-whisper-das-fluestern-des-druiden\/#breadcrumb"},"inLanguage":"en-GB","potentialAction":[{"@type":"ReadAction","target":["https:\/\/easyoriginal.com\/shop\/modern-englisch-frank\/the-druids-whisper-das-fluestern-des-druiden\/"]}]},{"@type":"ImageObject","inLanguage":"en-GB","@id":"https:\/\/easyoriginal.com\/shop\/modern-englisch-frank\/the-druids-whisper-das-fluestern-des-druiden\/#primaryimage","url":"https:\/\/easyoriginal.com\/wp-content\/uploads\/The_Druids_Whisper_printcover.jpg","contentUrl":"https:\/\/easyoriginal.com\/wp-content\/uploads\/The_Druids_Whisper_printcover.jpg","width":1600,"height":2400},{"@type":"BreadcrumbList","@id":"https:\/\/easyoriginal.com\/shop\/modern-englisch-frank\/the-druids-whisper-das-fluestern-des-druiden\/#breadcrumb","itemListElement":[{"@type":"ListItem","position":1,"name":"Startseite","item":"https:\/\/easyoriginal.com\/"},{"@type":"ListItem","position":2,"name":"Shop","item":"https:\/\/easyoriginal.com\/shop\/"},{"@type":"ListItem","position":3,"name":"The Druid&#8217;s Whisper \u2014 Das Fl\u00fcstern des Druiden"}]},{"@type":"WebSite","@id":"https:\/\/easyoriginal.com\/#website","url":"https:\/\/easyoriginal.com\/","name":"EasyOriginal.com","description":"Spa\u00df am Lesen im Original - Innovative Lesemethode f\u00fcr Fremdsprachen","publisher":{"@id":"https:\/\/easyoriginal.com\/#organization"},"potentialAction":[{"@type":"SearchAction","target":{"@type":"EntryPoint","urlTemplate":"https:\/\/easyoriginal.com\/?s={search_term_string}"},"query-input":{"@type":"PropertyValueSpecification","valueRequired":true,"valueName":"search_term_string"}}],"inLanguage":"en-GB"},{"@type":"Organization","@id":"https:\/\/easyoriginal.com\/#organization","name":"EasyOriginal Verlag","url":"https:\/\/easyoriginal.com\/","logo":{"@type":"ImageObject","inLanguage":"en-GB","@id":"https:\/\/easyoriginal.com\/#\/schema\/logo\/image\/","url":"https:\/\/easyoriginal.com\/wp-content\/uploads\/2020\/08\/logo_main.png","contentUrl":"https:\/\/easyoriginal.com\/wp-content\/uploads\/2020\/08\/logo_main.png","width":500,"height":103,"caption":"EasyOriginal Verlag"},"image":{"@id":"https:\/\/easyoriginal.com\/#\/schema\/logo\/image\/"}}]}},"_links":{"self":[{"href":"https:\/\/easyoriginal.com\/en\/wp-json\/wp\/v2\/product\/16185","targetHints":{"allow":["GET"]}}],"collection":[{"href":"https:\/\/easyoriginal.com\/en\/wp-json\/wp\/v2\/product"}],"about":[{"href":"https:\/\/easyoriginal.com\/en\/wp-json\/wp\/v2\/types\/product"}],"replies":[{"embeddable":true,"href":"https:\/\/easyoriginal.com\/en\/wp-json\/wp\/v2\/comments?post=16185"}],"wp:featuredmedia":[{"embeddable":true,"href":"https:\/\/easyoriginal.com\/en\/wp-json\/wp\/v2\/media\/16190"}],"wp:attachment":[{"href":"https:\/\/easyoriginal.com\/en\/wp-json\/wp\/v2\/media?parent=16185"}],"wp:term":[{"taxonomy":"product_brand","embeddable":true,"href":"https:\/\/easyoriginal.com\/en\/wp-json\/wp\/v2\/product_brand?post=16185"},{"taxonomy":"product_cat","embeddable":true,"href":"https:\/\/easyoriginal.com\/en\/wp-json\/wp\/v2\/product_cat?post=16185"},{"taxonomy":"product_tag","embeddable":true,"href":"https:\/\/easyoriginal.com\/en\/wp-json\/wp\/v2\/product_tag?post=16185"}],"curies":[{"name":"wp","href":"https:\/\/api.w.org\/{rel}","templated":true}]}}