{"id":16177,"date":"2025-08-27T15:43:13","date_gmt":"2025-08-27T13:43:13","guid":{"rendered":"https:\/\/easyoriginal.com\/?post_type=product&#038;p=16177"},"modified":"2025-11-30T12:06:50","modified_gmt":"2025-11-30T11:06:50","slug":"the-pigment-of-imagination-das-pigment-der-fantasie","status":"publish","type":"product","link":"https:\/\/easyoriginal.com\/en\/shop\/modern-englisch-frank\/the-pigment-of-imagination-das-pigment-der-fantasie\/","title":{"rendered":"The Pigment of Imagination \u2014 Das Pigment der Fantasie"},"content":{"rendered":"<div class=\"adapted-container\">\n<p class=\"Adapted\"><span>A Tuscan Welcome <\/span><span class=\"Translation CharOverride-1\">(eine toskanische Begr\u00fc\u00dfung)<\/span><\/p>\n<p class=\"Adapted\"><span>The small red Fiat wound its way <\/span><span class=\"Translation CharOverride-1\">(der kleine rote Fiat schl\u00e4ngelte sic<\/span><span class=\"Translation\"><span class=\"No-Break CharOverride-1\">h;<\/span><\/span><span class=\"Translation\"><span class=\"Comments\"> <\/span><\/span><span class=\"Translation\"><span class=\"Comment-Words\">to wind<\/span><\/span><span class=\"Translation\"><span class=\"No-Break\"><span class=\"Comments\"> \u2014<\/span><\/span><\/span><span class=\"Translation\"><span class=\"Comments\"> winden, schl\u00e4ngeln<\/span><\/span><span class=\"Translation CharOverride-1\">)<\/span><span> through the sun-drenched Tuscan hills <\/span><span class=\"Translation CharOverride-1\">(durch die sonnendurchfluteten toskanischen H\u00fcge<\/span><span class=\"Translation\"><span class=\"No-Break CharOverride-1\">l;<\/span><\/span><span class=\"Translation\"><span class=\"Comments\"> <\/span><\/span><span class=\"Translation\"><span class=\"Comment-Words\">to drench<\/span><\/span><span class=\"Translation\"><span class=\"No-Break\"><span class=\"Comments\"> \u2014<\/span><\/span><\/span><span class=\"Translation\"><span class=\"Comments\"> durchn\u00e4sse<\/span><\/span><span class=\"Translation\"><span class=\"No-Break\"><span class=\"Comments\">n;<\/span><\/span><\/span><span class=\"Translation\"><span class=\"Comments\"> <\/span><\/span><span class=\"Translation\"><span class=\"Comment-Words\">sun-drenched<\/span><\/span><span class=\"Translation\"><span class=\"No-Break\"><span class=\"Comments\"> \u2014<\/span><\/span><\/span><span class=\"Translation\"><span class=\"Comments\"> sonnendurchflutet<\/span><\/span><span class=\"Translation CharOverride-1\">)<\/span><span>, carrying Elisabetta Rossi and her assistant, Th\u00e9o Lef\u00e8vre <\/span><span class=\"Translation CharOverride-1\">(Elisabetta Rossi und ihren Assistenten, Th\u00e9o Lef\u00e8vre, transportieren<\/span><span class=\"Translation\"><span class=\"No-Break CharOverride-1\">d;<\/span><\/span><span class=\"Translation\"><span class=\"Comments\"> <\/span><\/span><span class=\"Translation\"><span class=\"Comment-Words\">to carry<\/span><\/span><span class=\"Translation\"><span class=\"No-Break\"><span class=\"Comments\"> \u2014<\/span><\/span><\/span><span class=\"Translation\"><span class=\"Comments\"> tragen, transportieren<\/span><\/span><span class=\"Translation CharOverride-1\">)<\/span><span>, towards the village of Sant&apos;Agnese <\/span><span class=\"Translation CharOverride-1\">(zum Dorf Sant&apos;Agnese)<\/span><span>. Elisabetta, her silver hair gleaming in the afternoon light <\/span><span class=\"Translation CharOverride-1\">(ihr silbernes Haar im Nachmittagslicht schimmern<\/span><span class=\"Translation\"><span class=\"No-Break CharOverride-1\">d;<\/span><\/span><span class=\"Translation\"><span class=\"Comments\"> <\/span><\/span><span class=\"Translation\"><span class=\"Comment-Words\">to gleam<\/span><\/span><span class=\"Translation\"><span class=\"No-Break\"><span class=\"Comments\"> \u2014<\/span><\/span><\/span><span class=\"Translation\"><span class=\"Comments\"> schimmern, gl\u00e4nzen<\/span><\/span><span class=\"Translation CharOverride-1\">)<\/span><span>, peered out of the window <\/span><span class=\"Translation CharOverride-1\">(sp\u00e4hte aus dem Fenste<\/span><span class=\"Translation\"><span class=\"No-Break CharOverride-1\">r;<\/span><\/span><span class=\"Translation\"><span class=\"Comments\"> <\/span><\/span><span class=\"Translation\"><span class=\"Comment-Words\">to peer<\/span><\/span><span class=\"Translation\"><span class=\"No-Break\"><span class=\"Comments CharOverride-2\"> \u2014<\/span><\/span><\/span><span class=\"Translation\"><span class=\"Comments CharOverride-2\"> <\/span><\/span><span class=\"Translation\"><span class=\"Comments\">sp\u00e4hen, starren<\/span><\/span><span class=\"Translation CharOverride-1\">)<\/span><span> at the passing landscape of olive groves and vineyards <\/span><span class=\"Translation CharOverride-1\">(auf die vorbeiziehende Landschaft aus Olivenhainen und Weinbergen)<\/span><span>.<\/span><\/p>\n<\/div>\n<audio class=\"wp-audio-shortcode\" id=\"audio-16177-1\" preload=\"none\" style=\"width: 100%;\" controls=\"controls\"><source type=\"audio\/mpeg\" src=\"https:\/\/easyoriginal1.s3.eu-central-1.amazonaws.com\/englisch\/e87\/001.mp3?_=1\" \/><a href=\"https:\/\/easyoriginal1.s3.eu-central-1.amazonaws.com\/englisch\/e87\/001.mp3\">https:\/\/easyoriginal1.s3.eu-central-1.amazonaws.com\/englisch\/e87\/001.mp3<\/a><\/audio>\n<div class=\"original-container\">\n<p class=\"Original\" lang=\"fr-FR\">A Tuscan Welcome<\/p>\n<p class=\"Original\" lang=\"fr-FR\">The small red Fiat wound its way through the sun-drenched Tuscan hills, carrying Elisabetta Rossi and her assistant, Th\u00e9o Lef\u00e8vre, towards the village of Sant\u2019Agnese. Elisabetta, her silver hair gleaming in the afternoon light, peered out of the window at the passing landscape of olive groves and vineyards.<\/p>\n<\/div>","protected":false},"excerpt":{"rendered":"<p>Ein verlorenes Meisterwerk. Ein Dorf voller Hoffnung. Ein Geheimnis, das die Zeit \u00fcberdauert hat.<br \/>\nIn den sonnenverw\u00f6hnten H\u00fcgeln der Toskana, im verschlafenen D\u00f6rfchen Sant&#8217;Agnese, geschieht ein Wunder: Ein atemberaubendes Fresko aus der Renaissance wird freigelegt. F\u00fcr die Bewohner, deren Heimat dem Untergang geweiht ist, ist es mehr als nur ein Kunstwerk \u2013 es ist die letzte, verzweifelte Hoffnung auf Rettung.<br \/>\nDoch als die renommierte Kunstexpertin Elisabetta Rossi anreist, um die Echtheit zu best\u00e4tigen, sp\u00fcrt sie sofort, dass etwas nicht stimmt. Die Farben sind zu perfekt, die Geschichte zu sch\u00f6n, um wahr zu sein. Hinter den l\u00e4chelnden Gesichtern der Dorfbewohner verbergen sich Geheimnisse, und in den Gassen wird \u00fcber einen r\u00e4tselhaften K\u00fcnstler gefl\u00fcstert.<br \/>\nWas als einfache Untersuchung beginnt, entwickelt sich schnell zu einem Netz aus L\u00fcgen und der Frage, was Kunst wirklich bedeutet. Elisabetta muss die Wahrheit aufdecken, die unter Schichten von Farbe und Verzweiflung begraben liegt. Doch diese Wahrheit k\u00f6nnte das kleine Dorf entweder f\u00fcr immer retten \u2013 oder es ins Verderben st\u00fcrzen.<br \/>\nTauchen Sie ein in The Pigment of Imagination, eine fesselnde Erz\u00e4hlung, in der hinter jeder Farbe ein Geheimnis und hinter jedem Pinselstrich eine potenzielle L\u00fcge lauert. Eine Geschichte so voller unerwarteter Wendungen, dass sie Sie bis zum letzten Wort nicht mehr loslassen wird. Sichern Sie sich dieses Leseerlebnis und entdecken Sie ein Geheimnis, das die Grenzen zwischen Vergangenheit und Gegenwart verschwimmen l\u00e4sst!<br \/>\nZweisprachiges Buch Englisch-Deutsch.<\/p>","protected":false},"featured_media":16182,"comment_status":"open","ping_status":"closed","template":"","meta":{"_acf_changed":false,"_et_pb_use_builder":"off","_et_pb_old_content":"<div class=\"adapted-container\">\r\n<p class=\"Adapted\"><span class=\"Bold\">Hace mucho tiempo que ten\u00eda ganas de escribir <\/span><span class=\"Translation\">(seit langer Zeit hatte ich Lust zu schreiben; <\/span><span class=\"Translation\"><span class=\"Comment-Words\">tener<\/span><\/span><span class=\"Translation\"><span class=\"Comments\"> \u2014 haben<\/span><\/span><span class=\"Translation\">)<\/span><span class=\"Bold\"> cualquier cosa con este t\u00edtulo <\/span><span class=\"Translation\">(irgendetwas mit diesem Titel)<\/span><span class=\"Bold\">.<\/span><\/p>\r\n<p class=\"Adapted\"><span class=\"Bold\">Hoy<a id=\"_idTextAnchor001\"><\/a>, que se me ha presentado ocasi\u00f3n <\/span><span class=\"Translation\">(heute, wo sich mir \/eine\/ Gelegenheit geboten hat; <\/span><span class=\"Translation\"><span class=\"Comment-Words\">presentar<\/span><\/span><span class=\"Translation\"><span class=\"Comments\"> \u2014 zeigen; vorstellen<\/span><\/span><span class=\"Translation\">)<\/span><span class=\"Bold\">, lo he puesto con letras grandes <\/span><span class=\"Translation\">(das habe ich in gro\u00dfen Buchstaben gesetzt = habe ich es in Gro\u00dfbuchstaben gesetzt; <\/span><span class=\"Translation\"><span class=\"Comment-Words\">poner<\/span><\/span><span class=\"Translation\"><span class=\"Comments\"> \u2014 setzen; stellen; legen<\/span><\/span><span class=\"Translation\">)<\/span><span class=\"Bold\"> en la primera cuartilla de papel <\/span><span class=\"Translation\">(auf das erste Blatt: \u00abauf das erste Viertelpapier\u00bb; <\/span><span class=\"Translation\"><span class=\"Comment-Words\">cuarto<\/span><\/span><span class=\"Translation\"><span class=\"Gender _idGenCharOverride-1\">m <\/span><\/span><span class=\"Translation\"><span class=\"Comments\">\u2014 Viertel<\/span><\/span><span class=\"Translation\">)<\/span><span class=\"Bold\">, y luego he dejado a capricho volar la pluma <\/span><span class=\"Translation\">(und dann habe ich nach Belieben die Feder fliegen lassen; <\/span><span class=\"Translation\"><span class=\"Comment-Words\">dejar<\/span><\/span><span class=\"Translation\"><span class=\"Comments\"> \u2014 lassen; <\/span><\/span><span class=\"Translation\"><span class=\"Comment-Words\">capricho<\/span><\/span><span class=\"Translation\"><span class=\"Gender _idGenCharOverride-1\">m <\/span><\/span><span class=\"Translation\"><span class=\"Comments\">\u2014 Laune<\/span><\/span><span class=\"Translation\">)<\/span><span class=\"Bold\">.<\/span><\/p>\r\n\r\n<\/div>\r\n[audio mp3=\"https:\/\/easyoriginal1.s3.eu-central-1.amazonaws.com\/spanisch\/s1\/1.mp3\"][\/audio]\r\n<div class=\"original-container\">\r\n<p class=\"Original\">Hace mucho tiempo que ten\u00eda ganas de escribir cualquier cosa con este t\u00edtulo.<\/p>\r\n<p class=\"Original\">Hoy, que se me ha presentado ocasi\u00f3n, lo he puesto con letras grandes en la primera cuartilla de papel, y luego he dejado a capricho volar la pluma.<\/p>\r\n\r\n<\/div>\r\n<a class=\"weiter\" href=\"\/webreader\/los-ojos-verdes\/fragment\/1-4-2\/\">weiter lesen<\/a>","_et_gb_content_width":""},"product_brand":[],"product_cat":[267],"product_tag":[164,81],"class_list":{"0":"post-16177","1":"product","2":"type-product","3":"status-publish","4":"has-post-thumbnail","6":"product_cat-modern-englisch-frank","7":"product_tag-anfaenger","8":"product_tag-krimi","10":"first","11":"instock","12":"taxable","13":"shipping-taxable","14":"purchasable","15":"product-type-variable"},"acf":[],"yoast_head":"<!-- This site is optimized with the Yoast SEO plugin v27.4 - https:\/\/yoast.com\/product\/yoast-seo-wordpress\/ -->\n<title>The Pigment of Imagination \u2014 Das Pigment der Fantasie - EasyOriginal.com<\/title>\n<meta name=\"robots\" content=\"index, follow, max-snippet:-1, max-image-preview:large, max-video-preview:-1\" \/>\n<link rel=\"canonical\" href=\"https:\/\/easyoriginal.com\/en\/shop\/modern-englisch-frank\/the-pigment-of-imagination-das-pigment-der-fantasie\/\" \/>\n<meta property=\"og:locale\" content=\"en_GB\" \/>\n<meta property=\"og:type\" content=\"article\" \/>\n<meta property=\"og:title\" content=\"The Pigment of Imagination \u2014 Das Pigment der Fantasie - EasyOriginal.com\" \/>\n<meta property=\"og:description\" content=\"Ein verlorenes Meisterwerk. Ein Dorf voller Hoffnung. Ein Geheimnis, das die Zeit \u00fcberdauert hat. In den sonnenverw\u00f6hnten H\u00fcgeln der Toskana, im verschlafenen D\u00f6rfchen Sant&#039;Agnese, geschieht ein Wunder: Ein atemberaubendes Fresko aus der Renaissance wird freigelegt. F\u00fcr die Bewohner, deren Heimat dem Untergang geweiht ist, ist es mehr als nur ein Kunstwerk \u2013 es ist die letzte, verzweifelte Hoffnung auf Rettung. Doch als die renommierte Kunstexpertin Elisabetta Rossi anreist, um die Echtheit zu best\u00e4tigen, sp\u00fcrt sie sofort, dass etwas nicht stimmt. Die Farben sind zu perfekt, die Geschichte zu sch\u00f6n, um wahr zu sein. Hinter den l\u00e4chelnden Gesichtern der Dorfbewohner verbergen sich Geheimnisse, und in den Gassen wird \u00fcber einen r\u00e4tselhaften K\u00fcnstler gefl\u00fcstert. Was als einfache Untersuchung beginnt, entwickelt sich schnell zu einem Netz aus L\u00fcgen und der Frage, was Kunst wirklich bedeutet. Elisabetta muss die Wahrheit aufdecken, die unter Schichten von Farbe und Verzweiflung begraben liegt. Doch diese Wahrheit k\u00f6nnte das kleine Dorf entweder f\u00fcr immer retten \u2013 oder es ins Verderben st\u00fcrzen. Tauchen Sie ein in The Pigment of Imagination, eine fesselnde Erz\u00e4hlung, in der hinter jeder Farbe ein Geheimnis und hinter jedem Pinselstrich eine potenzielle L\u00fcge lauert. Eine Geschichte so voller unerwarteter Wendungen, dass sie Sie bis zum letzten Wort nicht mehr loslassen wird. Sichern Sie sich dieses Leseerlebnis und entdecken Sie ein Geheimnis, das die Grenzen zwischen Vergangenheit und Gegenwart verschwimmen l\u00e4sst! Zweisprachiges Buch Englisch-Deutsch.\" \/>\n<meta property=\"og:url\" content=\"https:\/\/easyoriginal.com\/en\/shop\/modern-englisch-frank\/the-pigment-of-imagination-das-pigment-der-fantasie\/\" \/>\n<meta property=\"og:site_name\" content=\"EasyOriginal.com\" \/>\n<meta property=\"article:modified_time\" content=\"2025-11-30T11:06:50+00:00\" \/>\n<meta property=\"og:image\" content=\"https:\/\/easyoriginal.com\/wp-content\/uploads\/The_Pigment_of_Imagination_printcover.jpg\" \/>\n\t<meta property=\"og:image:width\" content=\"1600\" \/>\n\t<meta property=\"og:image:height\" content=\"2400\" \/>\n\t<meta property=\"og:image:type\" content=\"image\/jpeg\" \/>\n<meta name=\"twitter:card\" content=\"summary_large_image\" \/>\n<meta name=\"twitter:label1\" content=\"Estimated reading time\" \/>\n\t<meta name=\"twitter:data1\" content=\"2 minutes\" \/>\n<script type=\"application\/ld+json\" class=\"yoast-schema-graph\">{\"@context\":\"https:\\\/\\\/schema.org\",\"@graph\":[{\"@type\":\"WebPage\",\"@id\":\"https:\\\/\\\/easyoriginal.com\\\/shop\\\/modern-englisch-frank\\\/the-pigment-of-imagination-das-pigment-der-fantasie\\\/\",\"url\":\"https:\\\/\\\/easyoriginal.com\\\/shop\\\/modern-englisch-frank\\\/the-pigment-of-imagination-das-pigment-der-fantasie\\\/\",\"name\":\"The Pigment of Imagination \u2014 Das Pigment der Fantasie - EasyOriginal.com\",\"isPartOf\":{\"@id\":\"https:\\\/\\\/easyoriginal.com\\\/#website\"},\"primaryImageOfPage\":{\"@id\":\"https:\\\/\\\/easyoriginal.com\\\/shop\\\/modern-englisch-frank\\\/the-pigment-of-imagination-das-pigment-der-fantasie\\\/#primaryimage\"},\"image\":{\"@id\":\"https:\\\/\\\/easyoriginal.com\\\/shop\\\/modern-englisch-frank\\\/the-pigment-of-imagination-das-pigment-der-fantasie\\\/#primaryimage\"},\"thumbnailUrl\":\"https:\\\/\\\/easyoriginal.com\\\/wp-content\\\/uploads\\\/The_Pigment_of_Imagination_printcover.jpg\",\"datePublished\":\"2025-08-27T13:43:13+00:00\",\"dateModified\":\"2025-11-30T11:06:50+00:00\",\"breadcrumb\":{\"@id\":\"https:\\\/\\\/easyoriginal.com\\\/shop\\\/modern-englisch-frank\\\/the-pigment-of-imagination-das-pigment-der-fantasie\\\/#breadcrumb\"},\"inLanguage\":\"en-GB\",\"potentialAction\":[{\"@type\":\"ReadAction\",\"target\":[\"https:\\\/\\\/easyoriginal.com\\\/shop\\\/modern-englisch-frank\\\/the-pigment-of-imagination-das-pigment-der-fantasie\\\/\"]}]},{\"@type\":\"ImageObject\",\"inLanguage\":\"en-GB\",\"@id\":\"https:\\\/\\\/easyoriginal.com\\\/shop\\\/modern-englisch-frank\\\/the-pigment-of-imagination-das-pigment-der-fantasie\\\/#primaryimage\",\"url\":\"https:\\\/\\\/easyoriginal.com\\\/wp-content\\\/uploads\\\/The_Pigment_of_Imagination_printcover.jpg\",\"contentUrl\":\"https:\\\/\\\/easyoriginal.com\\\/wp-content\\\/uploads\\\/The_Pigment_of_Imagination_printcover.jpg\",\"width\":1600,\"height\":2400},{\"@type\":\"BreadcrumbList\",\"@id\":\"https:\\\/\\\/easyoriginal.com\\\/shop\\\/modern-englisch-frank\\\/the-pigment-of-imagination-das-pigment-der-fantasie\\\/#breadcrumb\",\"itemListElement\":[{\"@type\":\"ListItem\",\"position\":1,\"name\":\"Startseite\",\"item\":\"https:\\\/\\\/easyoriginal.com\\\/\"},{\"@type\":\"ListItem\",\"position\":2,\"name\":\"Shop\",\"item\":\"https:\\\/\\\/easyoriginal.com\\\/shop\\\/\"},{\"@type\":\"ListItem\",\"position\":3,\"name\":\"The Pigment of Imagination \u2014 Das Pigment der Fantasie\"}]},{\"@type\":\"WebSite\",\"@id\":\"https:\\\/\\\/easyoriginal.com\\\/#website\",\"url\":\"https:\\\/\\\/easyoriginal.com\\\/\",\"name\":\"EasyOriginal.com\",\"description\":\"Spa\u00df am Lesen im Original - Innovative Lesemethode f\u00fcr Fremdsprachen\",\"publisher\":{\"@id\":\"https:\\\/\\\/easyoriginal.com\\\/#organization\"},\"potentialAction\":[{\"@type\":\"SearchAction\",\"target\":{\"@type\":\"EntryPoint\",\"urlTemplate\":\"https:\\\/\\\/easyoriginal.com\\\/?s={search_term_string}\"},\"query-input\":{\"@type\":\"PropertyValueSpecification\",\"valueRequired\":true,\"valueName\":\"search_term_string\"}}],\"inLanguage\":\"en-GB\"},{\"@type\":\"Organization\",\"@id\":\"https:\\\/\\\/easyoriginal.com\\\/#organization\",\"name\":\"EasyOriginal Verlag\",\"url\":\"https:\\\/\\\/easyoriginal.com\\\/\",\"logo\":{\"@type\":\"ImageObject\",\"inLanguage\":\"en-GB\",\"@id\":\"https:\\\/\\\/easyoriginal.com\\\/#\\\/schema\\\/logo\\\/image\\\/\",\"url\":\"https:\\\/\\\/easyoriginal.com\\\/wp-content\\\/uploads\\\/2020\\\/08\\\/logo_main.png\",\"contentUrl\":\"https:\\\/\\\/easyoriginal.com\\\/wp-content\\\/uploads\\\/2020\\\/08\\\/logo_main.png\",\"width\":500,\"height\":103,\"caption\":\"EasyOriginal Verlag\"},\"image\":{\"@id\":\"https:\\\/\\\/easyoriginal.com\\\/#\\\/schema\\\/logo\\\/image\\\/\"}}]}<\/script>\n<!-- \/ Yoast SEO plugin. -->","yoast_head_json":{"title":"The Pigment of Imagination \u2014 Das Pigment der Fantasie - EasyOriginal.com","robots":{"index":"index","follow":"follow","max-snippet":"max-snippet:-1","max-image-preview":"max-image-preview:large","max-video-preview":"max-video-preview:-1"},"canonical":"https:\/\/easyoriginal.com\/en\/shop\/modern-englisch-frank\/the-pigment-of-imagination-das-pigment-der-fantasie\/","og_locale":"en_GB","og_type":"article","og_title":"The Pigment of Imagination \u2014 Das Pigment der Fantasie - EasyOriginal.com","og_description":"Ein verlorenes Meisterwerk. Ein Dorf voller Hoffnung. Ein Geheimnis, das die Zeit \u00fcberdauert hat. In den sonnenverw\u00f6hnten H\u00fcgeln der Toskana, im verschlafenen D\u00f6rfchen Sant'Agnese, geschieht ein Wunder: Ein atemberaubendes Fresko aus der Renaissance wird freigelegt. F\u00fcr die Bewohner, deren Heimat dem Untergang geweiht ist, ist es mehr als nur ein Kunstwerk \u2013 es ist die letzte, verzweifelte Hoffnung auf Rettung. Doch als die renommierte Kunstexpertin Elisabetta Rossi anreist, um die Echtheit zu best\u00e4tigen, sp\u00fcrt sie sofort, dass etwas nicht stimmt. Die Farben sind zu perfekt, die Geschichte zu sch\u00f6n, um wahr zu sein. Hinter den l\u00e4chelnden Gesichtern der Dorfbewohner verbergen sich Geheimnisse, und in den Gassen wird \u00fcber einen r\u00e4tselhaften K\u00fcnstler gefl\u00fcstert. Was als einfache Untersuchung beginnt, entwickelt sich schnell zu einem Netz aus L\u00fcgen und der Frage, was Kunst wirklich bedeutet. Elisabetta muss die Wahrheit aufdecken, die unter Schichten von Farbe und Verzweiflung begraben liegt. Doch diese Wahrheit k\u00f6nnte das kleine Dorf entweder f\u00fcr immer retten \u2013 oder es ins Verderben st\u00fcrzen. Tauchen Sie ein in The Pigment of Imagination, eine fesselnde Erz\u00e4hlung, in der hinter jeder Farbe ein Geheimnis und hinter jedem Pinselstrich eine potenzielle L\u00fcge lauert. Eine Geschichte so voller unerwarteter Wendungen, dass sie Sie bis zum letzten Wort nicht mehr loslassen wird. Sichern Sie sich dieses Leseerlebnis und entdecken Sie ein Geheimnis, das die Grenzen zwischen Vergangenheit und Gegenwart verschwimmen l\u00e4sst! Zweisprachiges Buch Englisch-Deutsch.","og_url":"https:\/\/easyoriginal.com\/en\/shop\/modern-englisch-frank\/the-pigment-of-imagination-das-pigment-der-fantasie\/","og_site_name":"EasyOriginal.com","article_modified_time":"2025-11-30T11:06:50+00:00","og_image":[{"width":1600,"height":2400,"url":"https:\/\/easyoriginal.com\/wp-content\/uploads\/The_Pigment_of_Imagination_printcover.jpg","type":"image\/jpeg"}],"twitter_card":"summary_large_image","twitter_misc":{"Estimated reading time":"2 minutes"},"schema":{"@context":"https:\/\/schema.org","@graph":[{"@type":"WebPage","@id":"https:\/\/easyoriginal.com\/shop\/modern-englisch-frank\/the-pigment-of-imagination-das-pigment-der-fantasie\/","url":"https:\/\/easyoriginal.com\/shop\/modern-englisch-frank\/the-pigment-of-imagination-das-pigment-der-fantasie\/","name":"The Pigment of Imagination \u2014 Das Pigment der Fantasie - EasyOriginal.com","isPartOf":{"@id":"https:\/\/easyoriginal.com\/#website"},"primaryImageOfPage":{"@id":"https:\/\/easyoriginal.com\/shop\/modern-englisch-frank\/the-pigment-of-imagination-das-pigment-der-fantasie\/#primaryimage"},"image":{"@id":"https:\/\/easyoriginal.com\/shop\/modern-englisch-frank\/the-pigment-of-imagination-das-pigment-der-fantasie\/#primaryimage"},"thumbnailUrl":"https:\/\/easyoriginal.com\/wp-content\/uploads\/The_Pigment_of_Imagination_printcover.jpg","datePublished":"2025-08-27T13:43:13+00:00","dateModified":"2025-11-30T11:06:50+00:00","breadcrumb":{"@id":"https:\/\/easyoriginal.com\/shop\/modern-englisch-frank\/the-pigment-of-imagination-das-pigment-der-fantasie\/#breadcrumb"},"inLanguage":"en-GB","potentialAction":[{"@type":"ReadAction","target":["https:\/\/easyoriginal.com\/shop\/modern-englisch-frank\/the-pigment-of-imagination-das-pigment-der-fantasie\/"]}]},{"@type":"ImageObject","inLanguage":"en-GB","@id":"https:\/\/easyoriginal.com\/shop\/modern-englisch-frank\/the-pigment-of-imagination-das-pigment-der-fantasie\/#primaryimage","url":"https:\/\/easyoriginal.com\/wp-content\/uploads\/The_Pigment_of_Imagination_printcover.jpg","contentUrl":"https:\/\/easyoriginal.com\/wp-content\/uploads\/The_Pigment_of_Imagination_printcover.jpg","width":1600,"height":2400},{"@type":"BreadcrumbList","@id":"https:\/\/easyoriginal.com\/shop\/modern-englisch-frank\/the-pigment-of-imagination-das-pigment-der-fantasie\/#breadcrumb","itemListElement":[{"@type":"ListItem","position":1,"name":"Startseite","item":"https:\/\/easyoriginal.com\/"},{"@type":"ListItem","position":2,"name":"Shop","item":"https:\/\/easyoriginal.com\/shop\/"},{"@type":"ListItem","position":3,"name":"The Pigment of Imagination \u2014 Das Pigment der Fantasie"}]},{"@type":"WebSite","@id":"https:\/\/easyoriginal.com\/#website","url":"https:\/\/easyoriginal.com\/","name":"EasyOriginal.com","description":"Spa\u00df am Lesen im Original - Innovative Lesemethode f\u00fcr Fremdsprachen","publisher":{"@id":"https:\/\/easyoriginal.com\/#organization"},"potentialAction":[{"@type":"SearchAction","target":{"@type":"EntryPoint","urlTemplate":"https:\/\/easyoriginal.com\/?s={search_term_string}"},"query-input":{"@type":"PropertyValueSpecification","valueRequired":true,"valueName":"search_term_string"}}],"inLanguage":"en-GB"},{"@type":"Organization","@id":"https:\/\/easyoriginal.com\/#organization","name":"EasyOriginal Verlag","url":"https:\/\/easyoriginal.com\/","logo":{"@type":"ImageObject","inLanguage":"en-GB","@id":"https:\/\/easyoriginal.com\/#\/schema\/logo\/image\/","url":"https:\/\/easyoriginal.com\/wp-content\/uploads\/2020\/08\/logo_main.png","contentUrl":"https:\/\/easyoriginal.com\/wp-content\/uploads\/2020\/08\/logo_main.png","width":500,"height":103,"caption":"EasyOriginal Verlag"},"image":{"@id":"https:\/\/easyoriginal.com\/#\/schema\/logo\/image\/"}}]}},"_links":{"self":[{"href":"https:\/\/easyoriginal.com\/en\/wp-json\/wp\/v2\/product\/16177","targetHints":{"allow":["GET"]}}],"collection":[{"href":"https:\/\/easyoriginal.com\/en\/wp-json\/wp\/v2\/product"}],"about":[{"href":"https:\/\/easyoriginal.com\/en\/wp-json\/wp\/v2\/types\/product"}],"replies":[{"embeddable":true,"href":"https:\/\/easyoriginal.com\/en\/wp-json\/wp\/v2\/comments?post=16177"}],"wp:featuredmedia":[{"embeddable":true,"href":"https:\/\/easyoriginal.com\/en\/wp-json\/wp\/v2\/media\/16182"}],"wp:attachment":[{"href":"https:\/\/easyoriginal.com\/en\/wp-json\/wp\/v2\/media?parent=16177"}],"wp:term":[{"taxonomy":"product_brand","embeddable":true,"href":"https:\/\/easyoriginal.com\/en\/wp-json\/wp\/v2\/product_brand?post=16177"},{"taxonomy":"product_cat","embeddable":true,"href":"https:\/\/easyoriginal.com\/en\/wp-json\/wp\/v2\/product_cat?post=16177"},{"taxonomy":"product_tag","embeddable":true,"href":"https:\/\/easyoriginal.com\/en\/wp-json\/wp\/v2\/product_tag?post=16177"}],"curies":[{"name":"wp","href":"https:\/\/api.w.org\/{rel}","templated":true}]}}