{"id":16071,"date":"2025-08-17T14:16:03","date_gmt":"2025-08-17T12:16:03","guid":{"rendered":"https:\/\/easyoriginal.com\/?post_type=product&#038;p=16071"},"modified":"2026-03-25T13:36:53","modified_gmt":"2026-03-25T12:36:53","slug":"la-critique-anonyme-der-anonyme-kritiker","status":"publish","type":"product","link":"https:\/\/easyoriginal.com\/en\/shop\/modern-franzoesisch-frank-a1-a2\/la-critique-anonyme-der-anonyme-kritiker\/","title":{"rendered":"La critique anonyme \u2014 Der anonyme Kritiker"},"content":{"rendered":"<div class=\"adapted-container\">\n<p class=\"Adapted\">Lundi matin <span class=\"Translation\">(Montagmorgen)<\/span><\/p>\n<p class=\"Adapted\">Le soleil du printemps entre doucement par les fen\u00eatres de La Cocotte Dor\u00e9e <span class=\"Translation\">(die Fr\u00fchlingssonne scheint sanft durch die Fenster der Cocotte Dor\u00e9<\/span><span class=\"Translation\"><span class=\"No-Break\">e;<\/span><\/span><span class=\"Translation\"><span class=\"Comments\"> <\/span><\/span><span class=\"Translation\"><span class=\"Comment-Words\">entrer<\/span><\/span><span class=\"Translation\"><span class=\"No-Break\"><span class=\"Comments\"> \u2014<\/span><\/span><\/span><span class=\"Translation\"><span class=\"Comments\"> eintreten, hereinkomme<\/span><\/span><span class=\"Translation\"><span class=\"No-Break\"><span class=\"Comments\">n;<\/span><\/span><\/span><span class=\"Translation\"><span class=\"Comments\"> <\/span><\/span><span class=\"Translation\"><span class=\"Comment-Words\">doucement<\/span><\/span><span class=\"Translation\"><span class=\"No-Break\"><span class=\"Comments\"> \u2014<\/span><\/span><\/span><span class=\"Translation\"><span class=\"Comments\"> sanft, leis<\/span><\/span><span class=\"Translation\"><span class=\"No-Break\"><span class=\"Comments\">e;<\/span><\/span><\/span><span class=\"Translation\"><span class=\"Comments\"> <\/span><\/span><span class=\"Translation\"><span class=\"Comment-Words\">cocotte<\/span><\/span><span class=\"Translation\"><span class=\"Sub _idGenCharOverride-1\">f<\/span><\/span><span class=\"Translation\"><span class=\"No-Break\"><span class=\"Comments\"> \u2014<\/span><\/span><\/span><span class=\"Translation\"><span class=\"Comments\"> <\/span><\/span><span class=\"Translation\"><span class=\"No-Break\"><span class=\"Comments\">\/h<\/span><\/span><\/span><span class=\"Translation\"><span class=\"Comments\">ier:<\/span><\/span><span class=\"Translation\"><span class=\"No-Break\"><span class=\"Comments\">\/ <\/span><\/span><\/span><span class=\"Translation\"><span class=\"Comments\">Schmortop<\/span><\/span><span class=\"Translation\"><span class=\"No-Break\"><span class=\"Comments\">f;<\/span><\/span><\/span><span class=\"Translation\"><span class=\"Comments\"> Kochtop<\/span><\/span><span class=\"Translation\"><span class=\"No-Break\"><span class=\"Comments\">f;<\/span><\/span><\/span><span class=\"Translation\"><span class=\"Comments\"> <\/span><\/span><span class=\"Translation\"><span class=\"Comment-Words\">dor\u00e9<\/span><\/span><span class=\"Translation\"><span class=\"No-Break\"><span class=\"Comments\"> \u2014<\/span><\/span><\/span><span class=\"Translation\"><span class=\"Comments\"> golde<\/span><\/span><span class=\"Translation\"><span class=\"No-Break\"><span class=\"Comments\">n;<\/span><\/span><\/span><span class=\"Translation\"><span class=\"Comments\"> <\/span><\/span><span class=\"Translation\"><span class=\"Comment-Words\">dorer<\/span><\/span><span class=\"Translation\"><span class=\"No-Break\"><span class=\"Comments\"> \u2014<\/span><\/span><\/span><span class=\"Translation\"><span class=\"Comments\"> vergolden<\/span><\/span><span class=\"Translation\">)<\/span>. Il est sept heures du matin <span class=\"Translation\">(es ist sieben Uhr morgens)<\/span>. Dans la cuisine <span class=\"Translation\">(in der K\u00fcche)<\/span>, Math\u00e9o Fabre, le chef et propri\u00e9taire du restaurant <span class=\"Translation\">(Math\u00e9o Fabre, der Chefkoch und Besitzer des Restaurant<\/span><span class=\"Translation\"><span class=\"No-Break\">s;<\/span><\/span><span class=\"Translation\"><span class=\"Comments\"> <\/span><\/span><span class=\"Translation\"><span class=\"Comment-Words\">chef<\/span><\/span><span class=\"Translation\"><span class=\"Sub _idGenCharOverride-1\">m<\/span><\/span><span class=\"Translation\"><span class=\"No-Break\"><span class=\"Comments\"> \u2014<\/span><\/span><\/span><span class=\"Translation\"><span class=\"Comments\"> <\/span><\/span><span class=\"Translation\"><span class=\"No-Break\"><span class=\"Comments\">\/h<\/span><\/span><\/span><span class=\"Translation\"><span class=\"Comments\">ier:<\/span><\/span><span class=\"Translation\"><span class=\"No-Break\"><span class=\"Comments\">\/ <\/span><\/span><\/span><span class=\"Translation\"><span class=\"Comments\">Chefkoc<\/span><\/span><span class=\"Translation\"><span class=\"No-Break\"><span class=\"Comments\">h;<\/span><\/span><\/span><span class=\"Translation\"><span class=\"Comments\"> <\/span><\/span><span class=\"Translation\"><span class=\"Comment-Words\">propri\u00e9taire<\/span><\/span><span class=\"Translation\"><span class=\"Gender _idGenCharOverride-1\">m<\/span><\/span><span class=\"Translation\"><span class=\"No-Break\"><span class=\"Gender _idGenCharOverride-1\">\/f<\/span><\/span><\/span><span class=\"Translation\"><span class=\"No-Break\"><span class=\"Comments\"> \u2014<\/span><\/span><\/span><span class=\"Translation\"><span class=\"Comments\"> Besitzer<\/span><\/span><span class=\"Translation\"><span class=\"No-Break\"><span class=\"Comments\">\/i<\/span><\/span><\/span><span class=\"Translation\"><span class=\"No-Break\"><span class=\"Comments\">n;<\/span><\/span><\/span><span class=\"Translation\"><span class=\"Comments\"> <\/span><\/span><span class=\"Translation\"><span class=\"Comment-Words\">propri\u00e9t\u00e9<\/span><\/span><span class=\"Translation\"><span class=\"Sub _idGenCharOverride-1\">f<\/span><\/span><span class=\"Translation\"><span class=\"No-Break\"><span class=\"Comments\"> \u2014<\/span><\/span><\/span><span class=\"Translation\"><span class=\"Comments\"> Eigentum<\/span><\/span><span class=\"Translation\">)<\/span>, examine les l\u00e9gumes frais sur la table centrale <span class=\"Translation\">(untersucht das frische Gem\u00fcse auf dem Mitteltisc<\/span><span class=\"Translation\"><span class=\"No-Break\">h;<\/span><\/span><span class=\"Translation\"><span class=\"Comments\"> <\/span><\/span><span class=\"Translation\"><span class=\"Comment-Words\">examiner<\/span><\/span><span class=\"Translation\"><span class=\"No-Break\"><span class=\"Comments\"> \u2014<\/span><\/span><\/span><span class=\"Translation\"><span class=\"Comments\"> untersuchen, pr\u00fcfe<\/span><\/span><span class=\"Translation\"><span class=\"No-Break\"><span class=\"Comments\">n;<\/span><\/span><\/span><span class=\"Translation\"><span class=\"Comments\"> <\/span><\/span><span class=\"Translation\"><span class=\"Comment-Words\">frais<\/span><\/span><span class=\"Translation\"><span class=\"No-Break\"><span class=\"Comment-Words\">\/f<\/span><\/span><\/span><span class=\"Translation\"><span class=\"Comment-Words\">ra\u00eeche<\/span><\/span><span class=\"Translation\"><span class=\"No-Break\"><span class=\"Comments\"> \u2014<\/span><\/span><\/span><span class=\"Translation\"><span class=\"Comments\"> frisch<\/span><\/span><span class=\"Translation\">)<\/span>.<\/p>\n<\/div>\n<audio class=\"wp-audio-shortcode\" id=\"audio-16071-1\" preload=\"none\" style=\"width: 100%;\" controls=\"controls\"><source type=\"audio\/mpeg\" src=\"https:\/\/easyoriginal1.s3.eu-central-1.amazonaws.com\/franzoesisch\/f42\/001.mp3?_=1\" \/><a href=\"https:\/\/easyoriginal1.s3.eu-central-1.amazonaws.com\/franzoesisch\/f42\/001.mp3\">https:\/\/easyoriginal1.s3.eu-central-1.amazonaws.com\/franzoesisch\/f42\/001.mp3<\/a><\/audio>\n<div class=\"original-container\">\n<p class=\"Original\" lang=\"fr-FR\">Lundi matin<\/p>\n<p class=\"Original\" lang=\"fr-FR\">Le soleil du printemps entre doucement par les fen\u00eatres de La Cocotte Dor\u00e9e. Il est sept heures du matin. Dans la cuisine, Math\u00e9o Fabre, le chef et propri\u00e9taire du restaurant, examine les l\u00e9gumes frais sur la table centrale.<\/p>\n<\/div>","protected":false},"excerpt":{"rendered":"<p>Werden Sie den Kritiker entlarven, bevor alles zusammenbricht?<br \/>\nIm charmanten Restaurant &#8222;La Cocotte Dor\u00e9e&#8220; ist die Stimmung zum Zerreissen gespannt. Ein einziger Brief des legend\u00e4ren &#8222;Guide Authentique&#8220; hat alles ver\u00e4ndert: Ein anonymer Kritiker wird diese Woche zu Besuch kommen \u2013 eine Inspektion, die \u00fcber Ruhm oder Ruin entscheiden kann.<br \/>\nF\u00fcr den perfektionistischen Chefkoch Math\u00e9o und sein engagiertes Team beginnt ein Wettlauf gegen die Zeit. Jeder Gast ist ein potenzieller Richter, jede Bestellung eine Pr\u00fcfung. Die Paranoia steigt, als pl\u00f6tzlich seltsame Pannen die makellose Routine der K\u00fcche st\u00f6ren: Das Salz wird ausgetauscht, Lieferungen kommen zur falschen Zeit, und die geheiligten Rezepte werden heimlich ver\u00e4ndert.<br \/>\nHandelt es sich um gezielte Sabotage? Oder sind dies die unorthodoxen Tests des getarnten Kritikers? Der Druck ist immens, die Verd\u00e4chtigungen wachsen mit jeder Stunde. Von der eleganten Stammkundin \u00fcber den neugierigen Gesch\u00e4ftsmann bis hin zum mysteri\u00f6sen Fremden \u2013 jeder k\u00f6nnte derjenige sein, der das Schicksal des Restaurants in seinen H\u00e4nden h\u00e4lt.<br \/>\nTauchen Sie ein in die hochspannende Welt der Spitzengastronomie, wo Leidenschaft an Wahnsinn grenzt und ein einziges Gericht \u00fcber eine ganze Zukunft entscheidet. La Critique Anonyme ist ein fesselnder Krimi voller unerwarteter Wendungen, der Sie bis zur letzten Seite nicht mehr loslassen wird. K\u00f6nnen Sie das R\u00e4tsel l\u00f6sen? Bestellen Sie jetzt und erleben Sie den Nervenkitzel hautnah!<br \/>\nZweisprachiges Buch Franz\u00f6sisch-Deutsch.<\/p>","protected":false},"featured_media":16078,"comment_status":"open","ping_status":"closed","template":"","meta":{"_acf_changed":false,"_et_pb_use_builder":"off","_et_pb_old_content":"<div class=\"adapted-container\">\r\n<p class=\"Adapted\"><span class=\"Bold\">Hace mucho tiempo que ten\u00eda ganas de escribir <\/span><span class=\"Translation\">(seit langer Zeit hatte ich Lust zu schreiben; <\/span><span class=\"Translation\"><span class=\"Comment-Words\">tener<\/span><\/span><span class=\"Translation\"><span class=\"Comments\"> \u2014 haben<\/span><\/span><span class=\"Translation\">)<\/span><span class=\"Bold\"> cualquier cosa con este t\u00edtulo <\/span><span class=\"Translation\">(irgendetwas mit diesem Titel)<\/span><span class=\"Bold\">.<\/span><\/p>\r\n<p class=\"Adapted\"><span class=\"Bold\">Hoy<a id=\"_idTextAnchor001\"><\/a>, que se me ha presentado ocasi\u00f3n <\/span><span class=\"Translation\">(heute, wo sich mir \/eine\/ Gelegenheit geboten hat; <\/span><span class=\"Translation\"><span class=\"Comment-Words\">presentar<\/span><\/span><span class=\"Translation\"><span class=\"Comments\"> \u2014 zeigen; vorstellen<\/span><\/span><span class=\"Translation\">)<\/span><span class=\"Bold\">, lo he puesto con letras grandes <\/span><span class=\"Translation\">(das habe ich in gro\u00dfen Buchstaben gesetzt = habe ich es in Gro\u00dfbuchstaben gesetzt; <\/span><span class=\"Translation\"><span class=\"Comment-Words\">poner<\/span><\/span><span class=\"Translation\"><span class=\"Comments\"> \u2014 setzen; stellen; legen<\/span><\/span><span class=\"Translation\">)<\/span><span class=\"Bold\"> en la primera cuartilla de papel <\/span><span class=\"Translation\">(auf das erste Blatt: \u00abauf das erste Viertelpapier\u00bb; <\/span><span class=\"Translation\"><span class=\"Comment-Words\">cuarto<\/span><\/span><span class=\"Translation\"><span class=\"Gender _idGenCharOverride-1\">m <\/span><\/span><span class=\"Translation\"><span class=\"Comments\">\u2014 Viertel<\/span><\/span><span class=\"Translation\">)<\/span><span class=\"Bold\">, y luego he dejado a capricho volar la pluma <\/span><span class=\"Translation\">(und dann habe ich nach Belieben die Feder fliegen lassen; <\/span><span class=\"Translation\"><span class=\"Comment-Words\">dejar<\/span><\/span><span class=\"Translation\"><span class=\"Comments\"> \u2014 lassen; <\/span><\/span><span class=\"Translation\"><span class=\"Comment-Words\">capricho<\/span><\/span><span class=\"Translation\"><span class=\"Gender _idGenCharOverride-1\">m <\/span><\/span><span class=\"Translation\"><span class=\"Comments\">\u2014 Laune<\/span><\/span><span class=\"Translation\">)<\/span><span class=\"Bold\">.<\/span><\/p>\r\n\r\n<\/div>\r\n[audio mp3=\"https:\/\/easyoriginal1.s3.eu-central-1.amazonaws.com\/spanisch\/s1\/1.mp3\"][\/audio]\r\n<div class=\"original-container\">\r\n<p class=\"Original\">Hace mucho tiempo que ten\u00eda ganas de escribir cualquier cosa con este t\u00edtulo.<\/p>\r\n<p class=\"Original\">Hoy, que se me ha presentado ocasi\u00f3n, lo he puesto con letras grandes en la primera cuartilla de papel, y luego he dejado a capricho volar la pluma.<\/p>\r\n\r\n<\/div>\r\n<a class=\"weiter\" href=\"\/webreader\/los-ojos-verdes\/fragment\/1-4-2\/\">weiter lesen<\/a>","_et_gb_content_width":""},"product_brand":[],"product_cat":[276],"product_tag":[164,81],"class_list":{"0":"post-16071","1":"product","2":"type-product","3":"status-publish","4":"has-post-thumbnail","6":"product_cat-modern-franzoesisch-frank-a1-a2","7":"product_tag-anfaenger","8":"product_tag-krimi","10":"first","11":"instock","12":"taxable","13":"shipping-taxable","14":"purchasable","15":"product-type-variable"},"acf":[],"yoast_head":"<!-- This site is optimized with the Yoast SEO plugin v27.4 - https:\/\/yoast.com\/product\/yoast-seo-wordpress\/ -->\n<title>La critique anonyme \u2014 Der anonyme Kritiker - EasyOriginal.com<\/title>\n<meta name=\"robots\" content=\"index, follow, max-snippet:-1, max-image-preview:large, max-video-preview:-1\" \/>\n<link rel=\"canonical\" href=\"https:\/\/easyoriginal.com\/en\/shop\/modern-franzoesisch-frank-a1-a2\/la-critique-anonyme-der-anonyme-kritiker\/\" \/>\n<meta property=\"og:locale\" content=\"en_GB\" \/>\n<meta property=\"og:type\" content=\"article\" \/>\n<meta property=\"og:title\" content=\"La critique anonyme \u2014 Der anonyme Kritiker - EasyOriginal.com\" \/>\n<meta property=\"og:description\" content=\"Werden Sie den Kritiker entlarven, bevor alles zusammenbricht? Im charmanten Restaurant &quot;La Cocotte Dor\u00e9e&quot; ist die Stimmung zum Zerreissen gespannt. Ein einziger Brief des legend\u00e4ren &quot;Guide Authentique&quot; hat alles ver\u00e4ndert: Ein anonymer Kritiker wird diese Woche zu Besuch kommen \u2013 eine Inspektion, die \u00fcber Ruhm oder Ruin entscheiden kann. F\u00fcr den perfektionistischen Chefkoch Math\u00e9o und sein engagiertes Team beginnt ein Wettlauf gegen die Zeit. Jeder Gast ist ein potenzieller Richter, jede Bestellung eine Pr\u00fcfung. Die Paranoia steigt, als pl\u00f6tzlich seltsame Pannen die makellose Routine der K\u00fcche st\u00f6ren: Das Salz wird ausgetauscht, Lieferungen kommen zur falschen Zeit, und die geheiligten Rezepte werden heimlich ver\u00e4ndert. Handelt es sich um gezielte Sabotage? Oder sind dies die unorthodoxen Tests des getarnten Kritikers? Der Druck ist immens, die Verd\u00e4chtigungen wachsen mit jeder Stunde. Von der eleganten Stammkundin \u00fcber den neugierigen Gesch\u00e4ftsmann bis hin zum mysteri\u00f6sen Fremden \u2013 jeder k\u00f6nnte derjenige sein, der das Schicksal des Restaurants in seinen H\u00e4nden h\u00e4lt. Tauchen Sie ein in die hochspannende Welt der Spitzengastronomie, wo Leidenschaft an Wahnsinn grenzt und ein einziges Gericht \u00fcber eine ganze Zukunft entscheidet. La Critique Anonyme ist ein fesselnder Krimi voller unerwarteter Wendungen, der Sie bis zur letzten Seite nicht mehr loslassen wird. K\u00f6nnen Sie das R\u00e4tsel l\u00f6sen? Bestellen Sie jetzt und erleben Sie den Nervenkitzel hautnah! Zweisprachiges Buch Franz\u00f6sisch-Deutsch.\" \/>\n<meta property=\"og:url\" content=\"https:\/\/easyoriginal.com\/en\/shop\/modern-franzoesisch-frank-a1-a2\/la-critique-anonyme-der-anonyme-kritiker\/\" \/>\n<meta property=\"og:site_name\" content=\"EasyOriginal.com\" \/>\n<meta property=\"article:modified_time\" content=\"2026-03-25T12:36:53+00:00\" \/>\n<meta property=\"og:image\" content=\"https:\/\/easyoriginal.com\/wp-content\/uploads\/La_Critique_Anonyme_printcover.jpg\" \/>\n\t<meta property=\"og:image:width\" content=\"1600\" \/>\n\t<meta property=\"og:image:height\" content=\"2400\" \/>\n\t<meta property=\"og:image:type\" content=\"image\/jpeg\" \/>\n<meta name=\"twitter:card\" content=\"summary_large_image\" \/>\n<meta name=\"twitter:label1\" content=\"Estimated reading time\" \/>\n\t<meta name=\"twitter:data1\" content=\"2 minutes\" \/>\n<script type=\"application\/ld+json\" class=\"yoast-schema-graph\">{\"@context\":\"https:\\\/\\\/schema.org\",\"@graph\":[{\"@type\":\"WebPage\",\"@id\":\"https:\\\/\\\/easyoriginal.com\\\/shop\\\/modern-franzoesisch-frank-a1-a2\\\/la-critique-anonyme-der-anonyme-kritiker\\\/\",\"url\":\"https:\\\/\\\/easyoriginal.com\\\/shop\\\/modern-franzoesisch-frank-a1-a2\\\/la-critique-anonyme-der-anonyme-kritiker\\\/\",\"name\":\"La critique anonyme \u2014 Der anonyme Kritiker - EasyOriginal.com\",\"isPartOf\":{\"@id\":\"https:\\\/\\\/easyoriginal.com\\\/#website\"},\"primaryImageOfPage\":{\"@id\":\"https:\\\/\\\/easyoriginal.com\\\/shop\\\/modern-franzoesisch-frank-a1-a2\\\/la-critique-anonyme-der-anonyme-kritiker\\\/#primaryimage\"},\"image\":{\"@id\":\"https:\\\/\\\/easyoriginal.com\\\/shop\\\/modern-franzoesisch-frank-a1-a2\\\/la-critique-anonyme-der-anonyme-kritiker\\\/#primaryimage\"},\"thumbnailUrl\":\"https:\\\/\\\/easyoriginal.com\\\/wp-content\\\/uploads\\\/La_Critique_Anonyme_printcover.jpg\",\"datePublished\":\"2025-08-17T12:16:03+00:00\",\"dateModified\":\"2026-03-25T12:36:53+00:00\",\"breadcrumb\":{\"@id\":\"https:\\\/\\\/easyoriginal.com\\\/shop\\\/modern-franzoesisch-frank-a1-a2\\\/la-critique-anonyme-der-anonyme-kritiker\\\/#breadcrumb\"},\"inLanguage\":\"en-GB\",\"potentialAction\":[{\"@type\":\"ReadAction\",\"target\":[\"https:\\\/\\\/easyoriginal.com\\\/shop\\\/modern-franzoesisch-frank-a1-a2\\\/la-critique-anonyme-der-anonyme-kritiker\\\/\"]}]},{\"@type\":\"ImageObject\",\"inLanguage\":\"en-GB\",\"@id\":\"https:\\\/\\\/easyoriginal.com\\\/shop\\\/modern-franzoesisch-frank-a1-a2\\\/la-critique-anonyme-der-anonyme-kritiker\\\/#primaryimage\",\"url\":\"https:\\\/\\\/easyoriginal.com\\\/wp-content\\\/uploads\\\/La_Critique_Anonyme_printcover.jpg\",\"contentUrl\":\"https:\\\/\\\/easyoriginal.com\\\/wp-content\\\/uploads\\\/La_Critique_Anonyme_printcover.jpg\",\"width\":1600,\"height\":2400},{\"@type\":\"BreadcrumbList\",\"@id\":\"https:\\\/\\\/easyoriginal.com\\\/shop\\\/modern-franzoesisch-frank-a1-a2\\\/la-critique-anonyme-der-anonyme-kritiker\\\/#breadcrumb\",\"itemListElement\":[{\"@type\":\"ListItem\",\"position\":1,\"name\":\"Startseite\",\"item\":\"https:\\\/\\\/easyoriginal.com\\\/\"},{\"@type\":\"ListItem\",\"position\":2,\"name\":\"Shop\",\"item\":\"https:\\\/\\\/easyoriginal.com\\\/shop\\\/\"},{\"@type\":\"ListItem\",\"position\":3,\"name\":\"La critique anonyme \u2014 Der anonyme Kritiker\"}]},{\"@type\":\"WebSite\",\"@id\":\"https:\\\/\\\/easyoriginal.com\\\/#website\",\"url\":\"https:\\\/\\\/easyoriginal.com\\\/\",\"name\":\"EasyOriginal.com\",\"description\":\"Spa\u00df am Lesen im Original - Innovative Lesemethode f\u00fcr Fremdsprachen\",\"publisher\":{\"@id\":\"https:\\\/\\\/easyoriginal.com\\\/#organization\"},\"potentialAction\":[{\"@type\":\"SearchAction\",\"target\":{\"@type\":\"EntryPoint\",\"urlTemplate\":\"https:\\\/\\\/easyoriginal.com\\\/?s={search_term_string}\"},\"query-input\":{\"@type\":\"PropertyValueSpecification\",\"valueRequired\":true,\"valueName\":\"search_term_string\"}}],\"inLanguage\":\"en-GB\"},{\"@type\":\"Organization\",\"@id\":\"https:\\\/\\\/easyoriginal.com\\\/#organization\",\"name\":\"EasyOriginal Verlag\",\"url\":\"https:\\\/\\\/easyoriginal.com\\\/\",\"logo\":{\"@type\":\"ImageObject\",\"inLanguage\":\"en-GB\",\"@id\":\"https:\\\/\\\/easyoriginal.com\\\/#\\\/schema\\\/logo\\\/image\\\/\",\"url\":\"https:\\\/\\\/easyoriginal.com\\\/wp-content\\\/uploads\\\/2020\\\/08\\\/logo_main.png\",\"contentUrl\":\"https:\\\/\\\/easyoriginal.com\\\/wp-content\\\/uploads\\\/2020\\\/08\\\/logo_main.png\",\"width\":500,\"height\":103,\"caption\":\"EasyOriginal Verlag\"},\"image\":{\"@id\":\"https:\\\/\\\/easyoriginal.com\\\/#\\\/schema\\\/logo\\\/image\\\/\"}}]}<\/script>\n<!-- \/ Yoast SEO plugin. -->","yoast_head_json":{"title":"La critique anonyme \u2014 Der anonyme Kritiker - EasyOriginal.com","robots":{"index":"index","follow":"follow","max-snippet":"max-snippet:-1","max-image-preview":"max-image-preview:large","max-video-preview":"max-video-preview:-1"},"canonical":"https:\/\/easyoriginal.com\/en\/shop\/modern-franzoesisch-frank-a1-a2\/la-critique-anonyme-der-anonyme-kritiker\/","og_locale":"en_GB","og_type":"article","og_title":"La critique anonyme \u2014 Der anonyme Kritiker - EasyOriginal.com","og_description":"Werden Sie den Kritiker entlarven, bevor alles zusammenbricht? Im charmanten Restaurant \"La Cocotte Dor\u00e9e\" ist die Stimmung zum Zerreissen gespannt. Ein einziger Brief des legend\u00e4ren \"Guide Authentique\" hat alles ver\u00e4ndert: Ein anonymer Kritiker wird diese Woche zu Besuch kommen \u2013 eine Inspektion, die \u00fcber Ruhm oder Ruin entscheiden kann. F\u00fcr den perfektionistischen Chefkoch Math\u00e9o und sein engagiertes Team beginnt ein Wettlauf gegen die Zeit. Jeder Gast ist ein potenzieller Richter, jede Bestellung eine Pr\u00fcfung. Die Paranoia steigt, als pl\u00f6tzlich seltsame Pannen die makellose Routine der K\u00fcche st\u00f6ren: Das Salz wird ausgetauscht, Lieferungen kommen zur falschen Zeit, und die geheiligten Rezepte werden heimlich ver\u00e4ndert. Handelt es sich um gezielte Sabotage? Oder sind dies die unorthodoxen Tests des getarnten Kritikers? Der Druck ist immens, die Verd\u00e4chtigungen wachsen mit jeder Stunde. Von der eleganten Stammkundin \u00fcber den neugierigen Gesch\u00e4ftsmann bis hin zum mysteri\u00f6sen Fremden \u2013 jeder k\u00f6nnte derjenige sein, der das Schicksal des Restaurants in seinen H\u00e4nden h\u00e4lt. Tauchen Sie ein in die hochspannende Welt der Spitzengastronomie, wo Leidenschaft an Wahnsinn grenzt und ein einziges Gericht \u00fcber eine ganze Zukunft entscheidet. La Critique Anonyme ist ein fesselnder Krimi voller unerwarteter Wendungen, der Sie bis zur letzten Seite nicht mehr loslassen wird. K\u00f6nnen Sie das R\u00e4tsel l\u00f6sen? Bestellen Sie jetzt und erleben Sie den Nervenkitzel hautnah! Zweisprachiges Buch Franz\u00f6sisch-Deutsch.","og_url":"https:\/\/easyoriginal.com\/en\/shop\/modern-franzoesisch-frank-a1-a2\/la-critique-anonyme-der-anonyme-kritiker\/","og_site_name":"EasyOriginal.com","article_modified_time":"2026-03-25T12:36:53+00:00","og_image":[{"width":1600,"height":2400,"url":"https:\/\/easyoriginal.com\/wp-content\/uploads\/La_Critique_Anonyme_printcover.jpg","type":"image\/jpeg"}],"twitter_card":"summary_large_image","twitter_misc":{"Estimated reading time":"2 minutes"},"schema":{"@context":"https:\/\/schema.org","@graph":[{"@type":"WebPage","@id":"https:\/\/easyoriginal.com\/shop\/modern-franzoesisch-frank-a1-a2\/la-critique-anonyme-der-anonyme-kritiker\/","url":"https:\/\/easyoriginal.com\/shop\/modern-franzoesisch-frank-a1-a2\/la-critique-anonyme-der-anonyme-kritiker\/","name":"La critique anonyme \u2014 Der anonyme Kritiker - EasyOriginal.com","isPartOf":{"@id":"https:\/\/easyoriginal.com\/#website"},"primaryImageOfPage":{"@id":"https:\/\/easyoriginal.com\/shop\/modern-franzoesisch-frank-a1-a2\/la-critique-anonyme-der-anonyme-kritiker\/#primaryimage"},"image":{"@id":"https:\/\/easyoriginal.com\/shop\/modern-franzoesisch-frank-a1-a2\/la-critique-anonyme-der-anonyme-kritiker\/#primaryimage"},"thumbnailUrl":"https:\/\/easyoriginal.com\/wp-content\/uploads\/La_Critique_Anonyme_printcover.jpg","datePublished":"2025-08-17T12:16:03+00:00","dateModified":"2026-03-25T12:36:53+00:00","breadcrumb":{"@id":"https:\/\/easyoriginal.com\/shop\/modern-franzoesisch-frank-a1-a2\/la-critique-anonyme-der-anonyme-kritiker\/#breadcrumb"},"inLanguage":"en-GB","potentialAction":[{"@type":"ReadAction","target":["https:\/\/easyoriginal.com\/shop\/modern-franzoesisch-frank-a1-a2\/la-critique-anonyme-der-anonyme-kritiker\/"]}]},{"@type":"ImageObject","inLanguage":"en-GB","@id":"https:\/\/easyoriginal.com\/shop\/modern-franzoesisch-frank-a1-a2\/la-critique-anonyme-der-anonyme-kritiker\/#primaryimage","url":"https:\/\/easyoriginal.com\/wp-content\/uploads\/La_Critique_Anonyme_printcover.jpg","contentUrl":"https:\/\/easyoriginal.com\/wp-content\/uploads\/La_Critique_Anonyme_printcover.jpg","width":1600,"height":2400},{"@type":"BreadcrumbList","@id":"https:\/\/easyoriginal.com\/shop\/modern-franzoesisch-frank-a1-a2\/la-critique-anonyme-der-anonyme-kritiker\/#breadcrumb","itemListElement":[{"@type":"ListItem","position":1,"name":"Startseite","item":"https:\/\/easyoriginal.com\/"},{"@type":"ListItem","position":2,"name":"Shop","item":"https:\/\/easyoriginal.com\/shop\/"},{"@type":"ListItem","position":3,"name":"La critique anonyme \u2014 Der anonyme Kritiker"}]},{"@type":"WebSite","@id":"https:\/\/easyoriginal.com\/#website","url":"https:\/\/easyoriginal.com\/","name":"EasyOriginal.com","description":"Spa\u00df am Lesen im Original - Innovative Lesemethode f\u00fcr Fremdsprachen","publisher":{"@id":"https:\/\/easyoriginal.com\/#organization"},"potentialAction":[{"@type":"SearchAction","target":{"@type":"EntryPoint","urlTemplate":"https:\/\/easyoriginal.com\/?s={search_term_string}"},"query-input":{"@type":"PropertyValueSpecification","valueRequired":true,"valueName":"search_term_string"}}],"inLanguage":"en-GB"},{"@type":"Organization","@id":"https:\/\/easyoriginal.com\/#organization","name":"EasyOriginal Verlag","url":"https:\/\/easyoriginal.com\/","logo":{"@type":"ImageObject","inLanguage":"en-GB","@id":"https:\/\/easyoriginal.com\/#\/schema\/logo\/image\/","url":"https:\/\/easyoriginal.com\/wp-content\/uploads\/2020\/08\/logo_main.png","contentUrl":"https:\/\/easyoriginal.com\/wp-content\/uploads\/2020\/08\/logo_main.png","width":500,"height":103,"caption":"EasyOriginal Verlag"},"image":{"@id":"https:\/\/easyoriginal.com\/#\/schema\/logo\/image\/"}}]}},"_links":{"self":[{"href":"https:\/\/easyoriginal.com\/en\/wp-json\/wp\/v2\/product\/16071","targetHints":{"allow":["GET"]}}],"collection":[{"href":"https:\/\/easyoriginal.com\/en\/wp-json\/wp\/v2\/product"}],"about":[{"href":"https:\/\/easyoriginal.com\/en\/wp-json\/wp\/v2\/types\/product"}],"replies":[{"embeddable":true,"href":"https:\/\/easyoriginal.com\/en\/wp-json\/wp\/v2\/comments?post=16071"}],"wp:featuredmedia":[{"embeddable":true,"href":"https:\/\/easyoriginal.com\/en\/wp-json\/wp\/v2\/media\/16078"}],"wp:attachment":[{"href":"https:\/\/easyoriginal.com\/en\/wp-json\/wp\/v2\/media?parent=16071"}],"wp:term":[{"taxonomy":"product_brand","embeddable":true,"href":"https:\/\/easyoriginal.com\/en\/wp-json\/wp\/v2\/product_brand?post=16071"},{"taxonomy":"product_cat","embeddable":true,"href":"https:\/\/easyoriginal.com\/en\/wp-json\/wp\/v2\/product_cat?post=16071"},{"taxonomy":"product_tag","embeddable":true,"href":"https:\/\/easyoriginal.com\/en\/wp-json\/wp\/v2\/product_tag?post=16071"}],"curies":[{"name":"wp","href":"https:\/\/api.w.org\/{rel}","templated":true}]}}