{"id":15990,"date":"2025-08-09T21:51:40","date_gmt":"2025-08-09T19:51:40","guid":{"rendered":"https:\/\/easyoriginal.com\/?post_type=product&#038;p=15990"},"modified":"2026-03-22T19:40:40","modified_gmt":"2026-03-22T18:40:40","slug":"the-daily-brew-a2-b1","status":"publish","type":"product","link":"https:\/\/easyoriginal.com\/en\/shop\/english-reflections-a2-b1-mit-worterklaerungen\/the-daily-brew-a2-b1\/","title":{"rendered":"The Daily Brew A2-B1"},"content":{"rendered":"","protected":false},"excerpt":{"rendered":"<p>The Daily Brew &#8211; Das t\u00e4gliche Gebr\u00e4u <\/p>\n<p>Was, wenn der wahre Zauber nicht im Kaffee selbst liegt, sondern in den Geschichten, die sich um ihn ranken? <\/p>\n<p>Treten Sie ein ins \u201eThe Bean Counter\u201c, dem pulsierenden Herzen des malerischen St\u00e4dtchens Millfield. Hier ist Kaffee mehr als nur ein Getr\u00e4nk \u2013 er ist ein Ritual, ein Trostpflaster und der stille Zeuge unz\u00e4hliger kleiner und gro\u00dfer menschlicher Momente. F\u00fcr die liebenswerte Margaret ist das Caf\u00e9 ein Fenster zur Welt, ein Ort, an dem sich die F\u00e4den der Gemeinschaft unmerklich verweben. <\/p>\n<p>Beobachten Sie mit ihr die unersch\u00fctterlich p\u00fcnktliche Dame, deren feste Routine unerwartet durchbrochen wird und zu einer wunderbaren Freundschaft f\u00fchrt. Erleben Sie, wie ein pl\u00f6tzlicher Sturm Fremde zusammenbringt und beweist, dass die besten Gespr\u00e4che oft dann stattfinden, wenn man sie am wenigsten erwartet. Und entdecken Sie das Geheimnis von Ellie, der jungen Barista, die mit einem \u201egeheimen Men\u00fc\u201c weit mehr als nur Koffein serviert \u2013 sie schenkt pure Empathie in Tassen. <\/p>\n<p>Jedes Kapitel in The Daily Brew ist wie ein Schluck Ihres Lieblingsgetr\u00e4nks: w\u00e4rmend, tr\u00f6stlich und voller \u00fcberraschender Geschmacksnoten. Es ist eine liebevolle Umarmung in Buchform, eine Ode an die kleinen Momente, die das Leben lebenswert machen, und an die stillen Helden des Alltags, die aus einem einfachen Caf\u00e9 ein echtes Zuhause machen. <\/p>\n<p>Perfekt f\u00fcr alle, die sich nach einer Geschichte sehnen, die das Herz ber\u00fchrt und an die Magie menschlicher Verbindungen glauben l\u00e4sst. Machen Sie es sich gem\u00fctlich, br\u00fchen Sie sich einen Kaffee und tauchen Sie ein in eine Welt, die Sie nicht mehr verlassen m\u00f6chten. Ein absolutes Wohlf\u00fchlbuch, das Sie sofort verzaubern wird! <\/p>","protected":false},"featured_media":15995,"comment_status":"open","ping_status":"closed","template":"","meta":{"_acf_changed":false,"_et_pb_use_builder":"off","_et_pb_old_content":"<div class=\"adapted-container\">\r\n<p class=\"Adapted\"><span class=\"Bold\">Hace mucho tiempo que ten\u00eda ganas de escribir <\/span><span class=\"Translation\">(seit langer Zeit hatte ich Lust zu schreiben; <\/span><span class=\"Translation\"><span class=\"Comment-Words\">tener<\/span><\/span><span class=\"Translation\"><span class=\"Comments\"> \u2014 haben<\/span><\/span><span class=\"Translation\">)<\/span><span class=\"Bold\"> cualquier cosa con este t\u00edtulo <\/span><span class=\"Translation\">(irgendetwas mit diesem Titel)<\/span><span class=\"Bold\">.<\/span><\/p>\r\n<p class=\"Adapted\"><span class=\"Bold\">Hoy<a id=\"_idTextAnchor001\"><\/a>, que se me ha presentado ocasi\u00f3n <\/span><span class=\"Translation\">(heute, wo sich mir \/eine\/ Gelegenheit geboten hat; <\/span><span class=\"Translation\"><span class=\"Comment-Words\">presentar<\/span><\/span><span class=\"Translation\"><span class=\"Comments\"> \u2014 zeigen; vorstellen<\/span><\/span><span class=\"Translation\">)<\/span><span class=\"Bold\">, lo he puesto con letras grandes <\/span><span class=\"Translation\">(das habe ich in gro\u00dfen Buchstaben gesetzt = habe ich es in Gro\u00dfbuchstaben gesetzt; <\/span><span class=\"Translation\"><span class=\"Comment-Words\">poner<\/span><\/span><span class=\"Translation\"><span class=\"Comments\"> \u2014 setzen; stellen; legen<\/span><\/span><span class=\"Translation\">)<\/span><span class=\"Bold\"> en la primera cuartilla de papel <\/span><span class=\"Translation\">(auf das erste Blatt: \u00abauf das erste Viertelpapier\u00bb; <\/span><span class=\"Translation\"><span class=\"Comment-Words\">cuarto<\/span><\/span><span class=\"Translation\"><span class=\"Gender _idGenCharOverride-1\">m <\/span><\/span><span class=\"Translation\"><span class=\"Comments\">\u2014 Viertel<\/span><\/span><span class=\"Translation\">)<\/span><span class=\"Bold\">, y luego he dejado a capricho volar la pluma <\/span><span class=\"Translation\">(und dann habe ich nach Belieben die Feder fliegen lassen; <\/span><span class=\"Translation\"><span class=\"Comment-Words\">dejar<\/span><\/span><span class=\"Translation\"><span class=\"Comments\"> \u2014 lassen; <\/span><\/span><span class=\"Translation\"><span class=\"Comment-Words\">capricho<\/span><\/span><span class=\"Translation\"><span class=\"Gender _idGenCharOverride-1\">m <\/span><\/span><span class=\"Translation\"><span class=\"Comments\">\u2014 Laune<\/span><\/span><span class=\"Translation\">)<\/span><span class=\"Bold\">.<\/span><\/p>\r\n\r\n<\/div>\r\n[audio mp3=\"https:\/\/easyoriginal1.s3.eu-central-1.amazonaws.com\/spanisch\/s1\/1.mp3\"][\/audio]\r\n<div class=\"original-container\">\r\n<p class=\"Original\">Hace mucho tiempo que ten\u00eda ganas de escribir cualquier cosa con este t\u00edtulo.<\/p>\r\n<p class=\"Original\">Hoy, que se me ha presentado ocasi\u00f3n, lo he puesto con letras grandes en la primera cuartilla de papel, y luego he dejado a capricho volar la pluma.<\/p>\r\n\r\n<\/div>\r\n<a class=\"weiter\" href=\"\/webreader\/los-ojos-verdes\/fragment\/1-4-2\/\">weiter lesen<\/a>","_et_gb_content_width":""},"product_brand":[],"product_cat":[278],"product_tag":[],"class_list":{"0":"post-15990","1":"product","2":"type-product","3":"status-publish","4":"has-post-thumbnail","6":"product_cat-english-reflections-a2-b1-mit-worterklaerungen","8":"first","9":"instock","10":"taxable","11":"shipping-taxable","12":"purchasable","13":"product-type-variable"},"acf":[],"yoast_head":"<!-- This site is optimized with the Yoast SEO plugin v27.4 - https:\/\/yoast.com\/product\/yoast-seo-wordpress\/ -->\n<title>The Daily Brew A2-B1 - EasyOriginal.com<\/title>\n<meta name=\"robots\" content=\"index, follow, max-snippet:-1, max-image-preview:large, max-video-preview:-1\" \/>\n<link rel=\"canonical\" href=\"https:\/\/easyoriginal.com\/en\/shop\/english-reflections-a2-b1-mit-worterklaerungen\/the-daily-brew-a2-b1\/\" \/>\n<meta property=\"og:locale\" content=\"en_GB\" \/>\n<meta property=\"og:type\" content=\"article\" \/>\n<meta property=\"og:title\" content=\"The Daily Brew A2-B1 - EasyOriginal.com\" \/>\n<meta property=\"og:description\" content=\"The Daily Brew - Das t\u00e4gliche Gebr\u00e4u   Was, wenn der wahre Zauber nicht im Kaffee selbst liegt, sondern in den Geschichten, die sich um ihn ranken?   Treten Sie ein ins \u201eThe Bean Counter\u201c, dem pulsierenden Herzen des malerischen St\u00e4dtchens Millfield. Hier ist Kaffee mehr als nur ein Getr\u00e4nk \u2013 er ist ein Ritual, ein Trostpflaster und der stille Zeuge unz\u00e4hliger kleiner und gro\u00dfer menschlicher Momente. F\u00fcr die liebenswerte Margaret ist das Caf\u00e9 ein Fenster zur Welt, ein Ort, an dem sich die F\u00e4den der Gemeinschaft unmerklich verweben.   Beobachten Sie mit ihr die unersch\u00fctterlich p\u00fcnktliche Dame, deren feste Routine unerwartet durchbrochen wird und zu einer wunderbaren Freundschaft f\u00fchrt. Erleben Sie, wie ein pl\u00f6tzlicher Sturm Fremde zusammenbringt und beweist, dass die besten Gespr\u00e4che oft dann stattfinden, wenn man sie am wenigsten erwartet. Und entdecken Sie das Geheimnis von Ellie, der jungen Barista, die mit einem \u201egeheimen Men\u00fc\u201c weit mehr als nur Koffein serviert \u2013 sie schenkt pure Empathie in Tassen.   Jedes Kapitel in The Daily Brew ist wie ein Schluck Ihres Lieblingsgetr\u00e4nks: w\u00e4rmend, tr\u00f6stlich und voller \u00fcberraschender Geschmacksnoten. Es ist eine liebevolle Umarmung in Buchform, eine Ode an die kleinen Momente, die das Leben lebenswert machen, und an die stillen Helden des Alltags, die aus einem einfachen Caf\u00e9 ein echtes Zuhause machen.   Perfekt f\u00fcr alle, die sich nach einer Geschichte sehnen, die das Herz ber\u00fchrt und an die Magie menschlicher Verbindungen glauben l\u00e4sst. Machen Sie es sich gem\u00fctlich, br\u00fchen Sie sich einen Kaffee und tauchen Sie ein in eine Welt, die Sie nicht mehr verlassen m\u00f6chten. Ein absolutes Wohlf\u00fchlbuch, das Sie sofort verzaubern wird!\" \/>\n<meta property=\"og:url\" content=\"https:\/\/easyoriginal.com\/en\/shop\/english-reflections-a2-b1-mit-worterklaerungen\/the-daily-brew-a2-b1\/\" \/>\n<meta property=\"og:site_name\" content=\"EasyOriginal.com\" \/>\n<meta property=\"article:modified_time\" content=\"2026-03-22T18:40:40+00:00\" \/>\n<meta property=\"og:image\" content=\"https:\/\/easyoriginal.com\/wp-content\/uploads\/The_Daily_Brew_printcover_W.jpg\" \/>\n\t<meta property=\"og:image:width\" content=\"1600\" \/>\n\t<meta property=\"og:image:height\" content=\"2400\" \/>\n\t<meta property=\"og:image:type\" content=\"image\/jpeg\" \/>\n<meta name=\"twitter:card\" content=\"summary_large_image\" \/>\n<meta name=\"twitter:label1\" content=\"Estimated reading time\" \/>\n\t<meta name=\"twitter:data1\" content=\"1 minute\" \/>\n<script type=\"application\/ld+json\" class=\"yoast-schema-graph\">{\"@context\":\"https:\\\/\\\/schema.org\",\"@graph\":[{\"@type\":\"WebPage\",\"@id\":\"https:\\\/\\\/easyoriginal.com\\\/shop\\\/english-reflections-a2-b1-mit-worterklaerungen\\\/the-daily-brew-a2-b1\\\/\",\"url\":\"https:\\\/\\\/easyoriginal.com\\\/shop\\\/english-reflections-a2-b1-mit-worterklaerungen\\\/the-daily-brew-a2-b1\\\/\",\"name\":\"The Daily Brew A2-B1 - EasyOriginal.com\",\"isPartOf\":{\"@id\":\"https:\\\/\\\/easyoriginal.com\\\/#website\"},\"primaryImageOfPage\":{\"@id\":\"https:\\\/\\\/easyoriginal.com\\\/shop\\\/english-reflections-a2-b1-mit-worterklaerungen\\\/the-daily-brew-a2-b1\\\/#primaryimage\"},\"image\":{\"@id\":\"https:\\\/\\\/easyoriginal.com\\\/shop\\\/english-reflections-a2-b1-mit-worterklaerungen\\\/the-daily-brew-a2-b1\\\/#primaryimage\"},\"thumbnailUrl\":\"https:\\\/\\\/easyoriginal.com\\\/wp-content\\\/uploads\\\/The_Daily_Brew_printcover_W.jpg\",\"datePublished\":\"2025-08-09T19:51:40+00:00\",\"dateModified\":\"2026-03-22T18:40:40+00:00\",\"breadcrumb\":{\"@id\":\"https:\\\/\\\/easyoriginal.com\\\/shop\\\/english-reflections-a2-b1-mit-worterklaerungen\\\/the-daily-brew-a2-b1\\\/#breadcrumb\"},\"inLanguage\":\"en-GB\",\"potentialAction\":[{\"@type\":\"ReadAction\",\"target\":[\"https:\\\/\\\/easyoriginal.com\\\/shop\\\/english-reflections-a2-b1-mit-worterklaerungen\\\/the-daily-brew-a2-b1\\\/\"]}]},{\"@type\":\"ImageObject\",\"inLanguage\":\"en-GB\",\"@id\":\"https:\\\/\\\/easyoriginal.com\\\/shop\\\/english-reflections-a2-b1-mit-worterklaerungen\\\/the-daily-brew-a2-b1\\\/#primaryimage\",\"url\":\"https:\\\/\\\/easyoriginal.com\\\/wp-content\\\/uploads\\\/The_Daily_Brew_printcover_W.jpg\",\"contentUrl\":\"https:\\\/\\\/easyoriginal.com\\\/wp-content\\\/uploads\\\/The_Daily_Brew_printcover_W.jpg\",\"width\":1600,\"height\":2400},{\"@type\":\"BreadcrumbList\",\"@id\":\"https:\\\/\\\/easyoriginal.com\\\/shop\\\/english-reflections-a2-b1-mit-worterklaerungen\\\/the-daily-brew-a2-b1\\\/#breadcrumb\",\"itemListElement\":[{\"@type\":\"ListItem\",\"position\":1,\"name\":\"Startseite\",\"item\":\"https:\\\/\\\/easyoriginal.com\\\/\"},{\"@type\":\"ListItem\",\"position\":2,\"name\":\"Shop\",\"item\":\"https:\\\/\\\/easyoriginal.com\\\/shop\\\/\"},{\"@type\":\"ListItem\",\"position\":3,\"name\":\"The Daily Brew A2-B1\"}]},{\"@type\":\"WebSite\",\"@id\":\"https:\\\/\\\/easyoriginal.com\\\/#website\",\"url\":\"https:\\\/\\\/easyoriginal.com\\\/\",\"name\":\"EasyOriginal.com\",\"description\":\"Spa\u00df am Lesen im Original - Innovative Lesemethode f\u00fcr Fremdsprachen\",\"publisher\":{\"@id\":\"https:\\\/\\\/easyoriginal.com\\\/#organization\"},\"potentialAction\":[{\"@type\":\"SearchAction\",\"target\":{\"@type\":\"EntryPoint\",\"urlTemplate\":\"https:\\\/\\\/easyoriginal.com\\\/?s={search_term_string}\"},\"query-input\":{\"@type\":\"PropertyValueSpecification\",\"valueRequired\":true,\"valueName\":\"search_term_string\"}}],\"inLanguage\":\"en-GB\"},{\"@type\":\"Organization\",\"@id\":\"https:\\\/\\\/easyoriginal.com\\\/#organization\",\"name\":\"EasyOriginal Verlag\",\"url\":\"https:\\\/\\\/easyoriginal.com\\\/\",\"logo\":{\"@type\":\"ImageObject\",\"inLanguage\":\"en-GB\",\"@id\":\"https:\\\/\\\/easyoriginal.com\\\/#\\\/schema\\\/logo\\\/image\\\/\",\"url\":\"https:\\\/\\\/easyoriginal.com\\\/wp-content\\\/uploads\\\/2020\\\/08\\\/logo_main.png\",\"contentUrl\":\"https:\\\/\\\/easyoriginal.com\\\/wp-content\\\/uploads\\\/2020\\\/08\\\/logo_main.png\",\"width\":500,\"height\":103,\"caption\":\"EasyOriginal Verlag\"},\"image\":{\"@id\":\"https:\\\/\\\/easyoriginal.com\\\/#\\\/schema\\\/logo\\\/image\\\/\"}}]}<\/script>\n<!-- \/ Yoast SEO plugin. -->","yoast_head_json":{"title":"The Daily Brew A2-B1 - EasyOriginal.com","robots":{"index":"index","follow":"follow","max-snippet":"max-snippet:-1","max-image-preview":"max-image-preview:large","max-video-preview":"max-video-preview:-1"},"canonical":"https:\/\/easyoriginal.com\/en\/shop\/english-reflections-a2-b1-mit-worterklaerungen\/the-daily-brew-a2-b1\/","og_locale":"en_GB","og_type":"article","og_title":"The Daily Brew A2-B1 - EasyOriginal.com","og_description":"The Daily Brew - Das t\u00e4gliche Gebr\u00e4u   Was, wenn der wahre Zauber nicht im Kaffee selbst liegt, sondern in den Geschichten, die sich um ihn ranken?   Treten Sie ein ins \u201eThe Bean Counter\u201c, dem pulsierenden Herzen des malerischen St\u00e4dtchens Millfield. Hier ist Kaffee mehr als nur ein Getr\u00e4nk \u2013 er ist ein Ritual, ein Trostpflaster und der stille Zeuge unz\u00e4hliger kleiner und gro\u00dfer menschlicher Momente. F\u00fcr die liebenswerte Margaret ist das Caf\u00e9 ein Fenster zur Welt, ein Ort, an dem sich die F\u00e4den der Gemeinschaft unmerklich verweben.   Beobachten Sie mit ihr die unersch\u00fctterlich p\u00fcnktliche Dame, deren feste Routine unerwartet durchbrochen wird und zu einer wunderbaren Freundschaft f\u00fchrt. Erleben Sie, wie ein pl\u00f6tzlicher Sturm Fremde zusammenbringt und beweist, dass die besten Gespr\u00e4che oft dann stattfinden, wenn man sie am wenigsten erwartet. Und entdecken Sie das Geheimnis von Ellie, der jungen Barista, die mit einem \u201egeheimen Men\u00fc\u201c weit mehr als nur Koffein serviert \u2013 sie schenkt pure Empathie in Tassen.   Jedes Kapitel in The Daily Brew ist wie ein Schluck Ihres Lieblingsgetr\u00e4nks: w\u00e4rmend, tr\u00f6stlich und voller \u00fcberraschender Geschmacksnoten. Es ist eine liebevolle Umarmung in Buchform, eine Ode an die kleinen Momente, die das Leben lebenswert machen, und an die stillen Helden des Alltags, die aus einem einfachen Caf\u00e9 ein echtes Zuhause machen.   Perfekt f\u00fcr alle, die sich nach einer Geschichte sehnen, die das Herz ber\u00fchrt und an die Magie menschlicher Verbindungen glauben l\u00e4sst. Machen Sie es sich gem\u00fctlich, br\u00fchen Sie sich einen Kaffee und tauchen Sie ein in eine Welt, die Sie nicht mehr verlassen m\u00f6chten. Ein absolutes Wohlf\u00fchlbuch, das Sie sofort verzaubern wird!","og_url":"https:\/\/easyoriginal.com\/en\/shop\/english-reflections-a2-b1-mit-worterklaerungen\/the-daily-brew-a2-b1\/","og_site_name":"EasyOriginal.com","article_modified_time":"2026-03-22T18:40:40+00:00","og_image":[{"width":1600,"height":2400,"url":"https:\/\/easyoriginal.com\/wp-content\/uploads\/The_Daily_Brew_printcover_W.jpg","type":"image\/jpeg"}],"twitter_card":"summary_large_image","twitter_misc":{"Estimated reading time":"1 minute"},"schema":{"@context":"https:\/\/schema.org","@graph":[{"@type":"WebPage","@id":"https:\/\/easyoriginal.com\/shop\/english-reflections-a2-b1-mit-worterklaerungen\/the-daily-brew-a2-b1\/","url":"https:\/\/easyoriginal.com\/shop\/english-reflections-a2-b1-mit-worterklaerungen\/the-daily-brew-a2-b1\/","name":"The Daily Brew A2-B1 - EasyOriginal.com","isPartOf":{"@id":"https:\/\/easyoriginal.com\/#website"},"primaryImageOfPage":{"@id":"https:\/\/easyoriginal.com\/shop\/english-reflections-a2-b1-mit-worterklaerungen\/the-daily-brew-a2-b1\/#primaryimage"},"image":{"@id":"https:\/\/easyoriginal.com\/shop\/english-reflections-a2-b1-mit-worterklaerungen\/the-daily-brew-a2-b1\/#primaryimage"},"thumbnailUrl":"https:\/\/easyoriginal.com\/wp-content\/uploads\/The_Daily_Brew_printcover_W.jpg","datePublished":"2025-08-09T19:51:40+00:00","dateModified":"2026-03-22T18:40:40+00:00","breadcrumb":{"@id":"https:\/\/easyoriginal.com\/shop\/english-reflections-a2-b1-mit-worterklaerungen\/the-daily-brew-a2-b1\/#breadcrumb"},"inLanguage":"en-GB","potentialAction":[{"@type":"ReadAction","target":["https:\/\/easyoriginal.com\/shop\/english-reflections-a2-b1-mit-worterklaerungen\/the-daily-brew-a2-b1\/"]}]},{"@type":"ImageObject","inLanguage":"en-GB","@id":"https:\/\/easyoriginal.com\/shop\/english-reflections-a2-b1-mit-worterklaerungen\/the-daily-brew-a2-b1\/#primaryimage","url":"https:\/\/easyoriginal.com\/wp-content\/uploads\/The_Daily_Brew_printcover_W.jpg","contentUrl":"https:\/\/easyoriginal.com\/wp-content\/uploads\/The_Daily_Brew_printcover_W.jpg","width":1600,"height":2400},{"@type":"BreadcrumbList","@id":"https:\/\/easyoriginal.com\/shop\/english-reflections-a2-b1-mit-worterklaerungen\/the-daily-brew-a2-b1\/#breadcrumb","itemListElement":[{"@type":"ListItem","position":1,"name":"Startseite","item":"https:\/\/easyoriginal.com\/"},{"@type":"ListItem","position":2,"name":"Shop","item":"https:\/\/easyoriginal.com\/shop\/"},{"@type":"ListItem","position":3,"name":"The Daily Brew A2-B1"}]},{"@type":"WebSite","@id":"https:\/\/easyoriginal.com\/#website","url":"https:\/\/easyoriginal.com\/","name":"EasyOriginal.com","description":"Spa\u00df am Lesen im Original - Innovative Lesemethode f\u00fcr Fremdsprachen","publisher":{"@id":"https:\/\/easyoriginal.com\/#organization"},"potentialAction":[{"@type":"SearchAction","target":{"@type":"EntryPoint","urlTemplate":"https:\/\/easyoriginal.com\/?s={search_term_string}"},"query-input":{"@type":"PropertyValueSpecification","valueRequired":true,"valueName":"search_term_string"}}],"inLanguage":"en-GB"},{"@type":"Organization","@id":"https:\/\/easyoriginal.com\/#organization","name":"EasyOriginal Verlag","url":"https:\/\/easyoriginal.com\/","logo":{"@type":"ImageObject","inLanguage":"en-GB","@id":"https:\/\/easyoriginal.com\/#\/schema\/logo\/image\/","url":"https:\/\/easyoriginal.com\/wp-content\/uploads\/2020\/08\/logo_main.png","contentUrl":"https:\/\/easyoriginal.com\/wp-content\/uploads\/2020\/08\/logo_main.png","width":500,"height":103,"caption":"EasyOriginal Verlag"},"image":{"@id":"https:\/\/easyoriginal.com\/#\/schema\/logo\/image\/"}}]}},"_links":{"self":[{"href":"https:\/\/easyoriginal.com\/en\/wp-json\/wp\/v2\/product\/15990","targetHints":{"allow":["GET"]}}],"collection":[{"href":"https:\/\/easyoriginal.com\/en\/wp-json\/wp\/v2\/product"}],"about":[{"href":"https:\/\/easyoriginal.com\/en\/wp-json\/wp\/v2\/types\/product"}],"replies":[{"embeddable":true,"href":"https:\/\/easyoriginal.com\/en\/wp-json\/wp\/v2\/comments?post=15990"}],"wp:featuredmedia":[{"embeddable":true,"href":"https:\/\/easyoriginal.com\/en\/wp-json\/wp\/v2\/media\/15995"}],"wp:attachment":[{"href":"https:\/\/easyoriginal.com\/en\/wp-json\/wp\/v2\/media?parent=15990"}],"wp:term":[{"taxonomy":"product_brand","embeddable":true,"href":"https:\/\/easyoriginal.com\/en\/wp-json\/wp\/v2\/product_brand?post=15990"},{"taxonomy":"product_cat","embeddable":true,"href":"https:\/\/easyoriginal.com\/en\/wp-json\/wp\/v2\/product_cat?post=15990"},{"taxonomy":"product_tag","embeddable":true,"href":"https:\/\/easyoriginal.com\/en\/wp-json\/wp\/v2\/product_tag?post=15990"}],"curies":[{"name":"wp","href":"https:\/\/api.w.org\/{rel}","templated":true}]}}