{"id":15967,"date":"2025-08-09T21:26:18","date_gmt":"2025-08-09T19:26:18","guid":{"rendered":"https:\/\/easyoriginal.com\/?post_type=product&#038;p=15967"},"modified":"2025-08-09T22:09:02","modified_gmt":"2025-08-09T20:09:02","slug":"the-peony-chronicles-b1-b2","status":"publish","type":"product","link":"https:\/\/easyoriginal.com\/en\/shop\/reflections-b1-b2-mit-worterklaerungen\/the-peony-chronicles-b1-b2\/","title":{"rendered":"The Peony Chronicles B1-B2"},"content":{"rendered":"","protected":false},"excerpt":{"rendered":"<p>Englisch lernen mit Herz \u2013 ber\u00fchrende Geschichten und praktische Wortschatzhilfen<\/p>\n<p>The Peony Chronicles &#8211; Die Pfingstrosen-Chroniken<\/p>\n<p>Manchmal ist es nur eine einzige Bl\u00fcte, die ein ganzes Leben ver\u00e4ndert.<br \/>\nHaben Sie sich jemals gefragt, welche Geschichten sich hinter den Fassaden eines malerischen Dorfes verbergen? In Ferndale, einem Ort, so charmant wie die Seiten eines geliebten Romans, ist es die opulente Sch\u00f6nheit der Pfingstrose, die die verborgenen F\u00e4den des Schicksals miteinander verwebt.<\/p>\n<p>Als Alice die Buchhandlung \u201eBookmark\u201c \u00fcbernimmt, um vor den Tr\u00fcmmern ihres alten Lebens Zuflucht zu suchen, ahnt sie nicht, dass ein einfacher Blumenstrau\u00df alles ver\u00e4ndern wird. Ein Geschenk von \u00fcppigen, duftenden Pfingstrosen wird zum unerwarteten Katalysator f\u00fcr eine Reihe von Ereignissen, die das ganze Dorf ber\u00fchren. Diese Blumen sind mehr als nur eine Dekoration \u2013 sie sind Tr\u00e4ger vergessener Erinnerungen , stille Zeugen verlorener Liebesbriefe und der Funke f\u00fcr eine aufkeimende, zarte Romanze, die so hoffnungsvoll ist wie die erste Knospe im Fr\u00fchling.<\/p>\n<p>In The Peony Chronicles entdecken Sie, wie die Ankunft eines Blumenstrau\u00dfes eine Kette von Verbindungen ausl\u00f6st, die Generationen umspannt. Von einer sch\u00fcchternen Sch\u00fclerin, die durch eine Blumenkrone Mut findet , bis hin zu einem Geheimnis, das in alten Postkarten schlummert \u2013 jede Bl\u00fcte erz\u00e4hlt ihre eigene Geschichte von Freundschaft, Gemeinschaft und der heilenden Kraft der Sch\u00f6nheit.<\/p>\n<p>F\u00fcr wen ist dieses Buch?<br \/>\nF\u00fcr alle, die an die Magie kleiner Momente glauben. F\u00fcr Leser, die sich in eine herzerw\u00e4rmende Gemeinschaft fallen lassen m\u00f6chten, in der Nachbarn zu Freunden werden und eine Buchhandlung das Zentrum der Welt ist. Und f\u00fcr jeden, der davon tr\u00e4umt, dass die zartesten Bl\u00fcten die tiefsten Wurzeln schlagen k\u00f6nnen \u2013 auch im eigenen Herzen.<\/p>\n<p>Lassen Sie sich von The Peony Chronicles verzaubern. Eine Geschichte so tr\u00f6stlich und wundersch\u00f6n wie ein perfekter Sommertag. <\/p>","protected":false},"featured_media":15974,"comment_status":"open","ping_status":"closed","template":"","meta":{"_acf_changed":false,"_et_pb_use_builder":"off","_et_pb_old_content":"<div class=\"adapted-container\">\r\n<p class=\"Adapted\"><span class=\"Bold\">Hace mucho tiempo que ten\u00eda ganas de escribir <\/span><span class=\"Translation\">(seit langer Zeit hatte ich Lust zu schreiben; <\/span><span class=\"Translation\"><span class=\"Comment-Words\">tener<\/span><\/span><span class=\"Translation\"><span class=\"Comments\"> \u2014 haben<\/span><\/span><span class=\"Translation\">)<\/span><span class=\"Bold\"> cualquier cosa con este t\u00edtulo <\/span><span class=\"Translation\">(irgendetwas mit diesem Titel)<\/span><span class=\"Bold\">.<\/span><\/p>\r\n<p class=\"Adapted\"><span class=\"Bold\">Hoy<a id=\"_idTextAnchor001\"><\/a>, que se me ha presentado ocasi\u00f3n <\/span><span class=\"Translation\">(heute, wo sich mir \/eine\/ Gelegenheit geboten hat; <\/span><span class=\"Translation\"><span class=\"Comment-Words\">presentar<\/span><\/span><span class=\"Translation\"><span class=\"Comments\"> \u2014 zeigen; vorstellen<\/span><\/span><span class=\"Translation\">)<\/span><span class=\"Bold\">, lo he puesto con letras grandes <\/span><span class=\"Translation\">(das habe ich in gro\u00dfen Buchstaben gesetzt = habe ich es in Gro\u00dfbuchstaben gesetzt; <\/span><span class=\"Translation\"><span class=\"Comment-Words\">poner<\/span><\/span><span class=\"Translation\"><span class=\"Comments\"> \u2014 setzen; stellen; legen<\/span><\/span><span class=\"Translation\">)<\/span><span class=\"Bold\"> en la primera cuartilla de papel <\/span><span class=\"Translation\">(auf das erste Blatt: \u00abauf das erste Viertelpapier\u00bb; <\/span><span class=\"Translation\"><span class=\"Comment-Words\">cuarto<\/span><\/span><span class=\"Translation\"><span class=\"Gender _idGenCharOverride-1\">m <\/span><\/span><span class=\"Translation\"><span class=\"Comments\">\u2014 Viertel<\/span><\/span><span class=\"Translation\">)<\/span><span class=\"Bold\">, y luego he dejado a capricho volar la pluma <\/span><span class=\"Translation\">(und dann habe ich nach Belieben die Feder fliegen lassen; <\/span><span class=\"Translation\"><span class=\"Comment-Words\">dejar<\/span><\/span><span class=\"Translation\"><span class=\"Comments\"> \u2014 lassen; <\/span><\/span><span class=\"Translation\"><span class=\"Comment-Words\">capricho<\/span><\/span><span class=\"Translation\"><span class=\"Gender _idGenCharOverride-1\">m <\/span><\/span><span class=\"Translation\"><span class=\"Comments\">\u2014 Laune<\/span><\/span><span class=\"Translation\">)<\/span><span class=\"Bold\">.<\/span><\/p>\r\n\r\n<\/div>\r\n[audio mp3=\"https:\/\/easyoriginal1.s3.eu-central-1.amazonaws.com\/spanisch\/s1\/1.mp3\"][\/audio]\r\n<div class=\"original-container\">\r\n<p class=\"Original\">Hace mucho tiempo que ten\u00eda ganas de escribir cualquier cosa con este t\u00edtulo.<\/p>\r\n<p class=\"Original\">Hoy, que se me ha presentado ocasi\u00f3n, lo he puesto con letras grandes en la primera cuartilla de papel, y luego he dejado a capricho volar la pluma.<\/p>\r\n\r\n<\/div>\r\n<a class=\"weiter\" href=\"\/webreader\/los-ojos-verdes\/fragment\/1-4-2\/\">weiter lesen<\/a>","_et_gb_content_width":""},"product_brand":[],"product_cat":[275],"product_tag":[],"class_list":{"0":"post-15967","1":"product","2":"type-product","3":"status-publish","4":"has-post-thumbnail","6":"product_cat-reflections-b1-b2-mit-worterklaerungen","8":"first","9":"instock","10":"taxable","11":"shipping-taxable","12":"purchasable","13":"product-type-variable"},"acf":[],"yoast_head":"<!-- This site is optimized with the Yoast SEO plugin v27.3 - https:\/\/yoast.com\/product\/yoast-seo-wordpress\/ -->\n<title>The Peony Chronicles B1-B2 - EasyOriginal.com<\/title>\n<meta name=\"robots\" content=\"index, follow, max-snippet:-1, max-image-preview:large, max-video-preview:-1\" \/>\n<link rel=\"canonical\" href=\"https:\/\/easyoriginal.com\/en\/shop\/reflections-b1-b2-mit-worterklaerungen\/the-peony-chronicles-b1-b2\/\" \/>\n<meta property=\"og:locale\" content=\"en_GB\" \/>\n<meta property=\"og:type\" content=\"article\" \/>\n<meta property=\"og:title\" content=\"The Peony Chronicles B1-B2 - EasyOriginal.com\" \/>\n<meta property=\"og:description\" content=\"Englisch lernen mit Herz \u2013 ber\u00fchrende Geschichten und praktische Wortschatzhilfen  The Peony Chronicles - Die Pfingstrosen-Chroniken  Manchmal ist es nur eine einzige Bl\u00fcte, die ein ganzes Leben ver\u00e4ndert. Haben Sie sich jemals gefragt, welche Geschichten sich hinter den Fassaden eines malerischen Dorfes verbergen? In Ferndale, einem Ort, so charmant wie die Seiten eines geliebten Romans, ist es die opulente Sch\u00f6nheit der Pfingstrose, die die verborgenen F\u00e4den des Schicksals miteinander verwebt.  Als Alice die Buchhandlung \u201eBookmark\u201c \u00fcbernimmt, um vor den Tr\u00fcmmern ihres alten Lebens Zuflucht zu suchen, ahnt sie nicht, dass ein einfacher Blumenstrau\u00df alles ver\u00e4ndern wird. Ein Geschenk von \u00fcppigen, duftenden Pfingstrosen wird zum unerwarteten Katalysator f\u00fcr eine Reihe von Ereignissen, die das ganze Dorf ber\u00fchren. Diese Blumen sind mehr als nur eine Dekoration \u2013 sie sind Tr\u00e4ger vergessener Erinnerungen , stille Zeugen verlorener Liebesbriefe und der Funke f\u00fcr eine aufkeimende, zarte Romanze, die so hoffnungsvoll ist wie die erste Knospe im Fr\u00fchling.  In The Peony Chronicles entdecken Sie, wie die Ankunft eines Blumenstrau\u00dfes eine Kette von Verbindungen ausl\u00f6st, die Generationen umspannt. Von einer sch\u00fcchternen Sch\u00fclerin, die durch eine Blumenkrone Mut findet , bis hin zu einem Geheimnis, das in alten Postkarten schlummert \u2013 jede Bl\u00fcte erz\u00e4hlt ihre eigene Geschichte von Freundschaft, Gemeinschaft und der heilenden Kraft der Sch\u00f6nheit.  F\u00fcr wen ist dieses Buch? F\u00fcr alle, die an die Magie kleiner Momente glauben. F\u00fcr Leser, die sich in eine herzerw\u00e4rmende Gemeinschaft fallen lassen m\u00f6chten, in der Nachbarn zu Freunden werden und eine Buchhandlung das Zentrum der Welt ist. Und f\u00fcr jeden, der davon tr\u00e4umt, dass die zartesten Bl\u00fcten die tiefsten Wurzeln schlagen k\u00f6nnen \u2013 auch im eigenen Herzen.  Lassen Sie sich von The Peony Chronicles verzaubern. Eine Geschichte so tr\u00f6stlich und wundersch\u00f6n wie ein perfekter Sommertag.\" \/>\n<meta property=\"og:url\" content=\"https:\/\/easyoriginal.com\/en\/shop\/reflections-b1-b2-mit-worterklaerungen\/the-peony-chronicles-b1-b2\/\" \/>\n<meta property=\"og:site_name\" content=\"EasyOriginal.com\" \/>\n<meta property=\"article:modified_time\" content=\"2025-08-09T20:09:02+00:00\" \/>\n<meta property=\"og:image\" content=\"https:\/\/easyoriginal.com\/wp-content\/uploads\/The_Peony_Chronicles_printcover.jpg\" \/>\n\t<meta property=\"og:image:width\" content=\"1600\" \/>\n\t<meta property=\"og:image:height\" content=\"2400\" \/>\n\t<meta property=\"og:image:type\" content=\"image\/jpeg\" \/>\n<meta name=\"twitter:card\" content=\"summary_large_image\" \/>\n<meta name=\"twitter:label1\" content=\"Estimated reading time\" \/>\n\t<meta name=\"twitter:data1\" content=\"1 minute\" \/>\n<script type=\"application\/ld+json\" class=\"yoast-schema-graph\">{\"@context\":\"https:\\\/\\\/schema.org\",\"@graph\":[{\"@type\":\"WebPage\",\"@id\":\"https:\\\/\\\/easyoriginal.com\\\/shop\\\/reflections-b1-b2-mit-worterklaerungen\\\/the-peony-chronicles-b1-b2\\\/\",\"url\":\"https:\\\/\\\/easyoriginal.com\\\/shop\\\/reflections-b1-b2-mit-worterklaerungen\\\/the-peony-chronicles-b1-b2\\\/\",\"name\":\"The Peony Chronicles B1-B2 - EasyOriginal.com\",\"isPartOf\":{\"@id\":\"https:\\\/\\\/easyoriginal.com\\\/#website\"},\"primaryImageOfPage\":{\"@id\":\"https:\\\/\\\/easyoriginal.com\\\/shop\\\/reflections-b1-b2-mit-worterklaerungen\\\/the-peony-chronicles-b1-b2\\\/#primaryimage\"},\"image\":{\"@id\":\"https:\\\/\\\/easyoriginal.com\\\/shop\\\/reflections-b1-b2-mit-worterklaerungen\\\/the-peony-chronicles-b1-b2\\\/#primaryimage\"},\"thumbnailUrl\":\"https:\\\/\\\/easyoriginal.com\\\/wp-content\\\/uploads\\\/The_Peony_Chronicles_printcover.jpg\",\"datePublished\":\"2025-08-09T19:26:18+00:00\",\"dateModified\":\"2025-08-09T20:09:02+00:00\",\"breadcrumb\":{\"@id\":\"https:\\\/\\\/easyoriginal.com\\\/shop\\\/reflections-b1-b2-mit-worterklaerungen\\\/the-peony-chronicles-b1-b2\\\/#breadcrumb\"},\"inLanguage\":\"en-GB\",\"potentialAction\":[{\"@type\":\"ReadAction\",\"target\":[\"https:\\\/\\\/easyoriginal.com\\\/shop\\\/reflections-b1-b2-mit-worterklaerungen\\\/the-peony-chronicles-b1-b2\\\/\"]}]},{\"@type\":\"ImageObject\",\"inLanguage\":\"en-GB\",\"@id\":\"https:\\\/\\\/easyoriginal.com\\\/shop\\\/reflections-b1-b2-mit-worterklaerungen\\\/the-peony-chronicles-b1-b2\\\/#primaryimage\",\"url\":\"https:\\\/\\\/easyoriginal.com\\\/wp-content\\\/uploads\\\/The_Peony_Chronicles_printcover.jpg\",\"contentUrl\":\"https:\\\/\\\/easyoriginal.com\\\/wp-content\\\/uploads\\\/The_Peony_Chronicles_printcover.jpg\",\"width\":1600,\"height\":2400},{\"@type\":\"BreadcrumbList\",\"@id\":\"https:\\\/\\\/easyoriginal.com\\\/shop\\\/reflections-b1-b2-mit-worterklaerungen\\\/the-peony-chronicles-b1-b2\\\/#breadcrumb\",\"itemListElement\":[{\"@type\":\"ListItem\",\"position\":1,\"name\":\"Startseite\",\"item\":\"https:\\\/\\\/easyoriginal.com\\\/\"},{\"@type\":\"ListItem\",\"position\":2,\"name\":\"Shop\",\"item\":\"https:\\\/\\\/easyoriginal.com\\\/shop\\\/\"},{\"@type\":\"ListItem\",\"position\":3,\"name\":\"The Peony Chronicles B1-B2\"}]},{\"@type\":\"WebSite\",\"@id\":\"https:\\\/\\\/easyoriginal.com\\\/#website\",\"url\":\"https:\\\/\\\/easyoriginal.com\\\/\",\"name\":\"EasyOriginal.com\",\"description\":\"Spa\u00df am Lesen im Original - Innovative Lesemethode f\u00fcr Fremdsprachen\",\"publisher\":{\"@id\":\"https:\\\/\\\/easyoriginal.com\\\/#organization\"},\"potentialAction\":[{\"@type\":\"SearchAction\",\"target\":{\"@type\":\"EntryPoint\",\"urlTemplate\":\"https:\\\/\\\/easyoriginal.com\\\/?s={search_term_string}\"},\"query-input\":{\"@type\":\"PropertyValueSpecification\",\"valueRequired\":true,\"valueName\":\"search_term_string\"}}],\"inLanguage\":\"en-GB\"},{\"@type\":\"Organization\",\"@id\":\"https:\\\/\\\/easyoriginal.com\\\/#organization\",\"name\":\"EasyOriginal Verlag\",\"url\":\"https:\\\/\\\/easyoriginal.com\\\/\",\"logo\":{\"@type\":\"ImageObject\",\"inLanguage\":\"en-GB\",\"@id\":\"https:\\\/\\\/easyoriginal.com\\\/#\\\/schema\\\/logo\\\/image\\\/\",\"url\":\"https:\\\/\\\/easyoriginal.com\\\/wp-content\\\/uploads\\\/2020\\\/08\\\/logo_main.png\",\"contentUrl\":\"https:\\\/\\\/easyoriginal.com\\\/wp-content\\\/uploads\\\/2020\\\/08\\\/logo_main.png\",\"width\":500,\"height\":103,\"caption\":\"EasyOriginal Verlag\"},\"image\":{\"@id\":\"https:\\\/\\\/easyoriginal.com\\\/#\\\/schema\\\/logo\\\/image\\\/\"}}]}<\/script>\n<!-- \/ Yoast SEO plugin. -->","yoast_head_json":{"title":"The Peony Chronicles B1-B2 - EasyOriginal.com","robots":{"index":"index","follow":"follow","max-snippet":"max-snippet:-1","max-image-preview":"max-image-preview:large","max-video-preview":"max-video-preview:-1"},"canonical":"https:\/\/easyoriginal.com\/en\/shop\/reflections-b1-b2-mit-worterklaerungen\/the-peony-chronicles-b1-b2\/","og_locale":"en_GB","og_type":"article","og_title":"The Peony Chronicles B1-B2 - EasyOriginal.com","og_description":"Englisch lernen mit Herz \u2013 ber\u00fchrende Geschichten und praktische Wortschatzhilfen  The Peony Chronicles - Die Pfingstrosen-Chroniken  Manchmal ist es nur eine einzige Bl\u00fcte, die ein ganzes Leben ver\u00e4ndert. Haben Sie sich jemals gefragt, welche Geschichten sich hinter den Fassaden eines malerischen Dorfes verbergen? In Ferndale, einem Ort, so charmant wie die Seiten eines geliebten Romans, ist es die opulente Sch\u00f6nheit der Pfingstrose, die die verborgenen F\u00e4den des Schicksals miteinander verwebt.  Als Alice die Buchhandlung \u201eBookmark\u201c \u00fcbernimmt, um vor den Tr\u00fcmmern ihres alten Lebens Zuflucht zu suchen, ahnt sie nicht, dass ein einfacher Blumenstrau\u00df alles ver\u00e4ndern wird. Ein Geschenk von \u00fcppigen, duftenden Pfingstrosen wird zum unerwarteten Katalysator f\u00fcr eine Reihe von Ereignissen, die das ganze Dorf ber\u00fchren. Diese Blumen sind mehr als nur eine Dekoration \u2013 sie sind Tr\u00e4ger vergessener Erinnerungen , stille Zeugen verlorener Liebesbriefe und der Funke f\u00fcr eine aufkeimende, zarte Romanze, die so hoffnungsvoll ist wie die erste Knospe im Fr\u00fchling.  In The Peony Chronicles entdecken Sie, wie die Ankunft eines Blumenstrau\u00dfes eine Kette von Verbindungen ausl\u00f6st, die Generationen umspannt. Von einer sch\u00fcchternen Sch\u00fclerin, die durch eine Blumenkrone Mut findet , bis hin zu einem Geheimnis, das in alten Postkarten schlummert \u2013 jede Bl\u00fcte erz\u00e4hlt ihre eigene Geschichte von Freundschaft, Gemeinschaft und der heilenden Kraft der Sch\u00f6nheit.  F\u00fcr wen ist dieses Buch? F\u00fcr alle, die an die Magie kleiner Momente glauben. F\u00fcr Leser, die sich in eine herzerw\u00e4rmende Gemeinschaft fallen lassen m\u00f6chten, in der Nachbarn zu Freunden werden und eine Buchhandlung das Zentrum der Welt ist. Und f\u00fcr jeden, der davon tr\u00e4umt, dass die zartesten Bl\u00fcten die tiefsten Wurzeln schlagen k\u00f6nnen \u2013 auch im eigenen Herzen.  Lassen Sie sich von The Peony Chronicles verzaubern. Eine Geschichte so tr\u00f6stlich und wundersch\u00f6n wie ein perfekter Sommertag.","og_url":"https:\/\/easyoriginal.com\/en\/shop\/reflections-b1-b2-mit-worterklaerungen\/the-peony-chronicles-b1-b2\/","og_site_name":"EasyOriginal.com","article_modified_time":"2025-08-09T20:09:02+00:00","og_image":[{"width":1600,"height":2400,"url":"https:\/\/easyoriginal.com\/wp-content\/uploads\/The_Peony_Chronicles_printcover.jpg","type":"image\/jpeg"}],"twitter_card":"summary_large_image","twitter_misc":{"Estimated reading time":"1 minute"},"schema":{"@context":"https:\/\/schema.org","@graph":[{"@type":"WebPage","@id":"https:\/\/easyoriginal.com\/shop\/reflections-b1-b2-mit-worterklaerungen\/the-peony-chronicles-b1-b2\/","url":"https:\/\/easyoriginal.com\/shop\/reflections-b1-b2-mit-worterklaerungen\/the-peony-chronicles-b1-b2\/","name":"The Peony Chronicles B1-B2 - EasyOriginal.com","isPartOf":{"@id":"https:\/\/easyoriginal.com\/#website"},"primaryImageOfPage":{"@id":"https:\/\/easyoriginal.com\/shop\/reflections-b1-b2-mit-worterklaerungen\/the-peony-chronicles-b1-b2\/#primaryimage"},"image":{"@id":"https:\/\/easyoriginal.com\/shop\/reflections-b1-b2-mit-worterklaerungen\/the-peony-chronicles-b1-b2\/#primaryimage"},"thumbnailUrl":"https:\/\/easyoriginal.com\/wp-content\/uploads\/The_Peony_Chronicles_printcover.jpg","datePublished":"2025-08-09T19:26:18+00:00","dateModified":"2025-08-09T20:09:02+00:00","breadcrumb":{"@id":"https:\/\/easyoriginal.com\/shop\/reflections-b1-b2-mit-worterklaerungen\/the-peony-chronicles-b1-b2\/#breadcrumb"},"inLanguage":"en-GB","potentialAction":[{"@type":"ReadAction","target":["https:\/\/easyoriginal.com\/shop\/reflections-b1-b2-mit-worterklaerungen\/the-peony-chronicles-b1-b2\/"]}]},{"@type":"ImageObject","inLanguage":"en-GB","@id":"https:\/\/easyoriginal.com\/shop\/reflections-b1-b2-mit-worterklaerungen\/the-peony-chronicles-b1-b2\/#primaryimage","url":"https:\/\/easyoriginal.com\/wp-content\/uploads\/The_Peony_Chronicles_printcover.jpg","contentUrl":"https:\/\/easyoriginal.com\/wp-content\/uploads\/The_Peony_Chronicles_printcover.jpg","width":1600,"height":2400},{"@type":"BreadcrumbList","@id":"https:\/\/easyoriginal.com\/shop\/reflections-b1-b2-mit-worterklaerungen\/the-peony-chronicles-b1-b2\/#breadcrumb","itemListElement":[{"@type":"ListItem","position":1,"name":"Startseite","item":"https:\/\/easyoriginal.com\/"},{"@type":"ListItem","position":2,"name":"Shop","item":"https:\/\/easyoriginal.com\/shop\/"},{"@type":"ListItem","position":3,"name":"The Peony Chronicles B1-B2"}]},{"@type":"WebSite","@id":"https:\/\/easyoriginal.com\/#website","url":"https:\/\/easyoriginal.com\/","name":"EasyOriginal.com","description":"Spa\u00df am Lesen im Original - Innovative Lesemethode f\u00fcr Fremdsprachen","publisher":{"@id":"https:\/\/easyoriginal.com\/#organization"},"potentialAction":[{"@type":"SearchAction","target":{"@type":"EntryPoint","urlTemplate":"https:\/\/easyoriginal.com\/?s={search_term_string}"},"query-input":{"@type":"PropertyValueSpecification","valueRequired":true,"valueName":"search_term_string"}}],"inLanguage":"en-GB"},{"@type":"Organization","@id":"https:\/\/easyoriginal.com\/#organization","name":"EasyOriginal Verlag","url":"https:\/\/easyoriginal.com\/","logo":{"@type":"ImageObject","inLanguage":"en-GB","@id":"https:\/\/easyoriginal.com\/#\/schema\/logo\/image\/","url":"https:\/\/easyoriginal.com\/wp-content\/uploads\/2020\/08\/logo_main.png","contentUrl":"https:\/\/easyoriginal.com\/wp-content\/uploads\/2020\/08\/logo_main.png","width":500,"height":103,"caption":"EasyOriginal Verlag"},"image":{"@id":"https:\/\/easyoriginal.com\/#\/schema\/logo\/image\/"}}]}},"_links":{"self":[{"href":"https:\/\/easyoriginal.com\/en\/wp-json\/wp\/v2\/product\/15967","targetHints":{"allow":["GET"]}}],"collection":[{"href":"https:\/\/easyoriginal.com\/en\/wp-json\/wp\/v2\/product"}],"about":[{"href":"https:\/\/easyoriginal.com\/en\/wp-json\/wp\/v2\/types\/product"}],"replies":[{"embeddable":true,"href":"https:\/\/easyoriginal.com\/en\/wp-json\/wp\/v2\/comments?post=15967"}],"wp:featuredmedia":[{"embeddable":true,"href":"https:\/\/easyoriginal.com\/en\/wp-json\/wp\/v2\/media\/15974"}],"wp:attachment":[{"href":"https:\/\/easyoriginal.com\/en\/wp-json\/wp\/v2\/media?parent=15967"}],"wp:term":[{"taxonomy":"product_brand","embeddable":true,"href":"https:\/\/easyoriginal.com\/en\/wp-json\/wp\/v2\/product_brand?post=15967"},{"taxonomy":"product_cat","embeddable":true,"href":"https:\/\/easyoriginal.com\/en\/wp-json\/wp\/v2\/product_cat?post=15967"},{"taxonomy":"product_tag","embeddable":true,"href":"https:\/\/easyoriginal.com\/en\/wp-json\/wp\/v2\/product_tag?post=15967"}],"curies":[{"name":"wp","href":"https:\/\/api.w.org\/{rel}","templated":true}]}}