{"id":15811,"date":"2025-07-17T21:57:40","date_gmt":"2025-07-17T19:57:40","guid":{"rendered":"https:\/\/easyoriginal.com\/?post_type=product&#038;p=15811"},"modified":"2026-04-02T04:04:44","modified_gmt":"2026-04-02T02:04:44","slug":"le-parfum-de-la-memoire-perdue-der-duft-der-verlorenen-erinnerung","status":"publish","type":"product","link":"https:\/\/easyoriginal.com\/en\/shop\/modern-franzoesisch-frank-a1-a2\/le-parfum-de-la-memoire-perdue-der-duft-der-verlorenen-erinnerung\/","title":{"rendered":"Le parfum de la m\u00e9moire perdue \u2014 Der Duft der verlorenen Erinnerung"},"content":{"rendered":"<div class=\"adapted-container\">\n<p class=\"Adapted\">Le soleil du printemps <span class=\"Translation\">(die Fr\u00fchlingssonne)<\/span> brille sur Grasse <span class=\"Translation\">(scheint auf Grasse)<\/span>. Dans la Parfumerie Rose <span class=\"Translation\">(in der Parf\u00fcmerie Rose)<\/span>, la lumi\u00e8re entre par les fen\u00eatres <span class=\"Translation\">(das Licht tritt durch die Fenster ein)<\/span> et fait danser des couleurs sur le sol en bois cir\u00e9 <span class=\"Translation\">(und l\u00e4sst Farben auf dem gewachsten Holzboden tanze<\/span><span class=\"Translation\"><span class=\"No-Break\">n;<\/span><\/span><span class=\"Translation\"><span class=\"Comments\"> <\/span><\/span><span class=\"Translation\"><span class=\"Comment-Words\">cirer<\/span><\/span><span class=\"Translation\"><span class=\"No-Break\"><span class=\"Comments\"> \u2014<\/span><\/span><\/span><span class=\"Translation\"><span class=\"Comments\"> wachsen, bohner<\/span><\/span><span class=\"Translation\"><span class=\"No-Break\"><span class=\"Comments\">n;<\/span><\/span><\/span><span class=\"Translation\"><span class=\"Comments\"> <\/span><\/span><span class=\"Translation\"><span class=\"Comment-Words\">cire<\/span><\/span><span class=\"Translation\"><span class=\"Sub _idGenCharOverride-1\">m<\/span><\/span><span class=\"Translation\"><span class=\"No-Break\"><span class=\"Comments\"> \u2014<\/span><\/span><\/span><span class=\"Translation\"><span class=\"Comments\"> Wachs<\/span><\/span><span class=\"Translation\">)<\/span>. \u00c9lodie Lavande travaille d\u00e9j\u00e0 <span class=\"Translation\">(\u00c9lodie Lavande arbeitet bereits)<\/span>. Ses mains d\u00e9licates <span class=\"Translation\">(ihre zarten H\u00e4nde)<\/span> m\u00e9langent des huiles et des essences <span class=\"Translation\">(mischen \u00d6le und Essenze<\/span><span class=\"Translation\"><span class=\"No-Break\">n;<\/span><\/span><span class=\"Translation\"><span class=\"Comments\"> <\/span><\/span><span class=\"Translation\"><span class=\"Comment-Words\">m\u00e9langer<\/span><\/span><span class=\"Translation\"><span class=\"No-Break\"><span class=\"Comments\"> \u2014<\/span><\/span><\/span><span class=\"Translation\"><span class=\"Comments\"> mischen, vermengen<\/span><\/span><span class=\"Translation\">)<\/span>. Elle porte une blouse blanche <span class=\"Translation\">(sie tr\u00e4gt einen wei\u00dfen Kittel)<\/span> orn\u00e9e d&apos;un brin de lavande <span class=\"Translation\">(geschm\u00fcckt mit einem Lavendelzwei<\/span><span class=\"Translation\"><span class=\"No-Break\">g;<\/span><\/span><span class=\"Translation\"><span class=\"Comments\"> <\/span><\/span><span class=\"Translation\"><span class=\"Comment-Words\">orner<\/span><\/span><span class=\"Translation\"><span class=\"No-Break\"><span class=\"Comments\"> \u2014<\/span><\/span><\/span><span class=\"Translation\"><span class=\"Comments\"> schm\u00fccken, verziere<\/span><\/span><span class=\"Translation\"><span class=\"No-Break\"><span class=\"Comments\">n;<\/span><\/span><\/span><span class=\"Translation\"><span class=\"Comments\"> <\/span><\/span><span class=\"Translation\"><span class=\"Comment-Words\">brin<\/span><\/span><span class=\"Translation\"><span class=\"Sub _idGenCharOverride-1\">m<\/span><\/span><span class=\"Translation\"><span class=\"No-Break\"><span class=\"Comments\"> \u2014<\/span><\/span><\/span><span class=\"Translation\"><span class=\"Comments\"> Halm, Zweig<\/span><\/span><span class=\"Translation\">)<\/span>, son parfum pr\u00e9f\u00e9r\u00e9 <span class=\"Translation\">(ihr Lieblingsparfu<\/span><span class=\"Translation\"><span class=\"No-Break\">m;<\/span><\/span><span class=\"Translation\"><span class=\"Comments\"> <\/span><\/span><span class=\"Translation\"><span class=\"Comment-Words\">pr\u00e9f\u00e9rer<\/span><\/span><span class=\"Translation\"><span class=\"No-Break\"><span class=\"Comments\"> \u2014<\/span><\/span><\/span><span class=\"Translation\"><span class=\"Comments\"> bevorzugen<\/span><\/span><span class=\"Translation\">)<\/span>.<\/p>\n<\/div>\n<audio class=\"wp-audio-shortcode\" id=\"audio-15811-1\" preload=\"none\" style=\"width: 100%;\" controls=\"controls\"><source type=\"audio\/mpeg\" src=\"https:\/\/easyoriginal1.s3.eu-central-1.amazonaws.com\/franzoesisch\/f41\/001.mp3?_=1\" \/><a href=\"https:\/\/easyoriginal1.s3.eu-central-1.amazonaws.com\/franzoesisch\/f41\/001.mp3\">https:\/\/easyoriginal1.s3.eu-central-1.amazonaws.com\/franzoesisch\/f41\/001.mp3<\/a><\/audio>\n<div class=\"original-container\">\n<p class=\"Original\" lang=\"fr-FR\">Le soleil du printemps brille sur Grasse. Dans la Parfumerie Rose, la lumi\u00e8re entre par les fen\u00eatres et fait danser des couleurs sur le sol en bois. \u00c9lodie Lavande travaille d\u00e9j\u00e0. Ses mains d\u00e9licates m\u00e9langent des huiles et des essences. Elle porte une blouse blanche avec un brin de lavande, son parfum pr\u00e9f\u00e9r\u00e9.<\/p>\n<\/div>","protected":false},"excerpt":{"rendered":"<p>Ein Duft, der ein dunkles Geheimnis birgt.<br \/>\nIn der Welthauptstadt des Parfums, Grasse, nimmt die hochbegabte Parfumeurin \u00c9lodie Lavande einen mysteri\u00f6sen Auftrag an. Eine elegante Fremde bittet sie, den Duft ihrer Kindheit nachzubilden \u2013 den einzigen Schl\u00fcssel zu ihren verlorenen Erinnerungen.<br \/>\nDoch die Arbeit an dem Parfum wird schnell zu einem gef\u00e4hrlichen Spiel. Die Duftnoten sind beunruhigend, und \u00c9lodie erkennt, dass sie nicht nur ein Parfum, sondern ein lange vergrabenes, traumatisches Geheimnis entschl\u00fcsselt. Le parfum de la m\u00e9moire perdue ist mehr als ein Duft \u2013 es ist eine Zeitbombe f\u00fcr die Seele, und seine Enth\u00fcllung bringt alle in t\u00f6dliche Gefahr.<br \/>\nEin fesselnder Thriller \u00fcber die Macht der D\u00fcfte und die Schatten der Vergangenheit. Wagen Sie es, das Geheimnis zu l\u00fcften? Kaufen Sie jetzt und erleben Sie eine Geschichte, die Sie nicht mehr loslassen wird!<br \/>\nZweisprachiges Buch Franz\u00f6sisch-Deutsch.<\/p>","protected":false},"featured_media":15819,"comment_status":"open","ping_status":"closed","template":"","meta":{"_acf_changed":false,"_et_pb_use_builder":"off","_et_pb_old_content":"<div class=\"adapted-container\">\r\n<p class=\"Adapted\"><span class=\"Bold\">Hace mucho tiempo que ten\u00eda ganas de escribir <\/span><span class=\"Translation\">(seit langer Zeit hatte ich Lust zu schreiben; <\/span><span class=\"Translation\"><span class=\"Comment-Words\">tener<\/span><\/span><span class=\"Translation\"><span class=\"Comments\"> \u2014 haben<\/span><\/span><span class=\"Translation\">)<\/span><span class=\"Bold\"> cualquier cosa con este t\u00edtulo <\/span><span class=\"Translation\">(irgendetwas mit diesem Titel)<\/span><span class=\"Bold\">.<\/span><\/p>\r\n<p class=\"Adapted\"><span class=\"Bold\">Hoy<a id=\"_idTextAnchor001\"><\/a>, que se me ha presentado ocasi\u00f3n <\/span><span class=\"Translation\">(heute, wo sich mir \/eine\/ Gelegenheit geboten hat; <\/span><span class=\"Translation\"><span class=\"Comment-Words\">presentar<\/span><\/span><span class=\"Translation\"><span class=\"Comments\"> \u2014 zeigen; vorstellen<\/span><\/span><span class=\"Translation\">)<\/span><span class=\"Bold\">, lo he puesto con letras grandes <\/span><span class=\"Translation\">(das habe ich in gro\u00dfen Buchstaben gesetzt = habe ich es in Gro\u00dfbuchstaben gesetzt; <\/span><span class=\"Translation\"><span class=\"Comment-Words\">poner<\/span><\/span><span class=\"Translation\"><span class=\"Comments\"> \u2014 setzen; stellen; legen<\/span><\/span><span class=\"Translation\">)<\/span><span class=\"Bold\"> en la primera cuartilla de papel <\/span><span class=\"Translation\">(auf das erste Blatt: \u00abauf das erste Viertelpapier\u00bb; <\/span><span class=\"Translation\"><span class=\"Comment-Words\">cuarto<\/span><\/span><span class=\"Translation\"><span class=\"Gender _idGenCharOverride-1\">m <\/span><\/span><span class=\"Translation\"><span class=\"Comments\">\u2014 Viertel<\/span><\/span><span class=\"Translation\">)<\/span><span class=\"Bold\">, y luego he dejado a capricho volar la pluma <\/span><span class=\"Translation\">(und dann habe ich nach Belieben die Feder fliegen lassen; <\/span><span class=\"Translation\"><span class=\"Comment-Words\">dejar<\/span><\/span><span class=\"Translation\"><span class=\"Comments\"> \u2014 lassen; <\/span><\/span><span class=\"Translation\"><span class=\"Comment-Words\">capricho<\/span><\/span><span class=\"Translation\"><span class=\"Gender _idGenCharOverride-1\">m <\/span><\/span><span class=\"Translation\"><span class=\"Comments\">\u2014 Laune<\/span><\/span><span class=\"Translation\">)<\/span><span class=\"Bold\">.<\/span><\/p>\r\n\r\n<\/div>\r\n[audio mp3=\"https:\/\/easyoriginal1.s3.eu-central-1.amazonaws.com\/spanisch\/s1\/1.mp3\"][\/audio]\r\n<div class=\"original-container\">\r\n<p class=\"Original\">Hace mucho tiempo que ten\u00eda ganas de escribir cualquier cosa con este t\u00edtulo.<\/p>\r\n<p class=\"Original\">Hoy, que se me ha presentado ocasi\u00f3n, lo he puesto con letras grandes en la primera cuartilla de papel, y luego he dejado a capricho volar la pluma.<\/p>\r\n\r\n<\/div>\r\n<a class=\"weiter\" href=\"\/webreader\/los-ojos-verdes\/fragment\/1-4-2\/\">weiter lesen<\/a>","_et_gb_content_width":""},"product_brand":[],"product_cat":[276],"product_tag":[164,81],"class_list":{"0":"post-15811","1":"product","2":"type-product","3":"status-publish","4":"has-post-thumbnail","6":"product_cat-modern-franzoesisch-frank-a1-a2","7":"product_tag-anfaenger","8":"product_tag-krimi","10":"first","11":"instock","12":"taxable","13":"shipping-taxable","14":"purchasable","15":"product-type-variable"},"acf":[],"yoast_head":"<!-- This site is optimized with the Yoast SEO plugin v27.4 - https:\/\/yoast.com\/product\/yoast-seo-wordpress\/ -->\n<title>Le parfum de la m\u00e9moire perdue \u2014 Der Duft der verlorenen Erinnerung - EasyOriginal.com<\/title>\n<meta name=\"robots\" content=\"index, follow, max-snippet:-1, max-image-preview:large, max-video-preview:-1\" \/>\n<link rel=\"canonical\" href=\"https:\/\/easyoriginal.com\/en\/shop\/modern-franzoesisch-frank-a1-a2\/le-parfum-de-la-memoire-perdue-der-duft-der-verlorenen-erinnerung\/\" \/>\n<meta property=\"og:locale\" content=\"en_GB\" \/>\n<meta property=\"og:type\" content=\"article\" \/>\n<meta property=\"og:title\" content=\"Le parfum de la m\u00e9moire perdue \u2014 Der Duft der verlorenen Erinnerung - EasyOriginal.com\" \/>\n<meta property=\"og:description\" content=\"Ein Duft, der ein dunkles Geheimnis birgt. In der Welthauptstadt des Parfums, Grasse, nimmt die hochbegabte Parfumeurin \u00c9lodie Lavande einen mysteri\u00f6sen Auftrag an. Eine elegante Fremde bittet sie, den Duft ihrer Kindheit nachzubilden \u2013 den einzigen Schl\u00fcssel zu ihren verlorenen Erinnerungen. Doch die Arbeit an dem Parfum wird schnell zu einem gef\u00e4hrlichen Spiel. Die Duftnoten sind beunruhigend, und \u00c9lodie erkennt, dass sie nicht nur ein Parfum, sondern ein lange vergrabenes, traumatisches Geheimnis entschl\u00fcsselt. Le parfum de la m\u00e9moire perdue ist mehr als ein Duft \u2013 es ist eine Zeitbombe f\u00fcr die Seele, und seine Enth\u00fcllung bringt alle in t\u00f6dliche Gefahr. Ein fesselnder Thriller \u00fcber die Macht der D\u00fcfte und die Schatten der Vergangenheit. Wagen Sie es, das Geheimnis zu l\u00fcften? Kaufen Sie jetzt und erleben Sie eine Geschichte, die Sie nicht mehr loslassen wird! Zweisprachiges Buch Franz\u00f6sisch-Deutsch.\" \/>\n<meta property=\"og:url\" content=\"https:\/\/easyoriginal.com\/en\/shop\/modern-franzoesisch-frank-a1-a2\/le-parfum-de-la-memoire-perdue-der-duft-der-verlorenen-erinnerung\/\" \/>\n<meta property=\"og:site_name\" content=\"EasyOriginal.com\" \/>\n<meta property=\"article:modified_time\" content=\"2026-04-02T02:04:44+00:00\" \/>\n<meta property=\"og:image\" content=\"https:\/\/easyoriginal.com\/wp-content\/uploads\/Le_parfum_de_la_memoire_perdue_printcover.jpg\" \/>\n\t<meta property=\"og:image:width\" content=\"1600\" \/>\n\t<meta property=\"og:image:height\" content=\"2400\" \/>\n\t<meta property=\"og:image:type\" content=\"image\/jpeg\" \/>\n<meta name=\"twitter:card\" content=\"summary_large_image\" \/>\n<meta name=\"twitter:label1\" content=\"Estimated reading time\" \/>\n\t<meta name=\"twitter:data1\" content=\"2 minutes\" \/>\n<script type=\"application\/ld+json\" class=\"yoast-schema-graph\">{\"@context\":\"https:\\\/\\\/schema.org\",\"@graph\":[{\"@type\":\"WebPage\",\"@id\":\"https:\\\/\\\/easyoriginal.com\\\/shop\\\/modern-franzoesisch-frank-a1-a2\\\/le-parfum-de-la-memoire-perdue-der-duft-der-verlorenen-erinnerung\\\/\",\"url\":\"https:\\\/\\\/easyoriginal.com\\\/shop\\\/modern-franzoesisch-frank-a1-a2\\\/le-parfum-de-la-memoire-perdue-der-duft-der-verlorenen-erinnerung\\\/\",\"name\":\"Le parfum de la m\u00e9moire perdue \u2014 Der Duft der verlorenen Erinnerung - EasyOriginal.com\",\"isPartOf\":{\"@id\":\"https:\\\/\\\/easyoriginal.com\\\/#website\"},\"primaryImageOfPage\":{\"@id\":\"https:\\\/\\\/easyoriginal.com\\\/shop\\\/modern-franzoesisch-frank-a1-a2\\\/le-parfum-de-la-memoire-perdue-der-duft-der-verlorenen-erinnerung\\\/#primaryimage\"},\"image\":{\"@id\":\"https:\\\/\\\/easyoriginal.com\\\/shop\\\/modern-franzoesisch-frank-a1-a2\\\/le-parfum-de-la-memoire-perdue-der-duft-der-verlorenen-erinnerung\\\/#primaryimage\"},\"thumbnailUrl\":\"https:\\\/\\\/easyoriginal.com\\\/wp-content\\\/uploads\\\/Le_parfum_de_la_memoire_perdue_printcover.jpg\",\"datePublished\":\"2025-07-17T19:57:40+00:00\",\"dateModified\":\"2026-04-02T02:04:44+00:00\",\"breadcrumb\":{\"@id\":\"https:\\\/\\\/easyoriginal.com\\\/shop\\\/modern-franzoesisch-frank-a1-a2\\\/le-parfum-de-la-memoire-perdue-der-duft-der-verlorenen-erinnerung\\\/#breadcrumb\"},\"inLanguage\":\"en-GB\",\"potentialAction\":[{\"@type\":\"ReadAction\",\"target\":[\"https:\\\/\\\/easyoriginal.com\\\/shop\\\/modern-franzoesisch-frank-a1-a2\\\/le-parfum-de-la-memoire-perdue-der-duft-der-verlorenen-erinnerung\\\/\"]}]},{\"@type\":\"ImageObject\",\"inLanguage\":\"en-GB\",\"@id\":\"https:\\\/\\\/easyoriginal.com\\\/shop\\\/modern-franzoesisch-frank-a1-a2\\\/le-parfum-de-la-memoire-perdue-der-duft-der-verlorenen-erinnerung\\\/#primaryimage\",\"url\":\"https:\\\/\\\/easyoriginal.com\\\/wp-content\\\/uploads\\\/Le_parfum_de_la_memoire_perdue_printcover.jpg\",\"contentUrl\":\"https:\\\/\\\/easyoriginal.com\\\/wp-content\\\/uploads\\\/Le_parfum_de_la_memoire_perdue_printcover.jpg\",\"width\":1600,\"height\":2400},{\"@type\":\"BreadcrumbList\",\"@id\":\"https:\\\/\\\/easyoriginal.com\\\/shop\\\/modern-franzoesisch-frank-a1-a2\\\/le-parfum-de-la-memoire-perdue-der-duft-der-verlorenen-erinnerung\\\/#breadcrumb\",\"itemListElement\":[{\"@type\":\"ListItem\",\"position\":1,\"name\":\"Startseite\",\"item\":\"https:\\\/\\\/easyoriginal.com\\\/\"},{\"@type\":\"ListItem\",\"position\":2,\"name\":\"Shop\",\"item\":\"https:\\\/\\\/easyoriginal.com\\\/shop\\\/\"},{\"@type\":\"ListItem\",\"position\":3,\"name\":\"Le parfum de la m\u00e9moire perdue \u2014 Der Duft der verlorenen Erinnerung\"}]},{\"@type\":\"WebSite\",\"@id\":\"https:\\\/\\\/easyoriginal.com\\\/#website\",\"url\":\"https:\\\/\\\/easyoriginal.com\\\/\",\"name\":\"EasyOriginal.com\",\"description\":\"Spa\u00df am Lesen im Original - Innovative Lesemethode f\u00fcr Fremdsprachen\",\"publisher\":{\"@id\":\"https:\\\/\\\/easyoriginal.com\\\/#organization\"},\"potentialAction\":[{\"@type\":\"SearchAction\",\"target\":{\"@type\":\"EntryPoint\",\"urlTemplate\":\"https:\\\/\\\/easyoriginal.com\\\/?s={search_term_string}\"},\"query-input\":{\"@type\":\"PropertyValueSpecification\",\"valueRequired\":true,\"valueName\":\"search_term_string\"}}],\"inLanguage\":\"en-GB\"},{\"@type\":\"Organization\",\"@id\":\"https:\\\/\\\/easyoriginal.com\\\/#organization\",\"name\":\"EasyOriginal Verlag\",\"url\":\"https:\\\/\\\/easyoriginal.com\\\/\",\"logo\":{\"@type\":\"ImageObject\",\"inLanguage\":\"en-GB\",\"@id\":\"https:\\\/\\\/easyoriginal.com\\\/#\\\/schema\\\/logo\\\/image\\\/\",\"url\":\"https:\\\/\\\/easyoriginal.com\\\/wp-content\\\/uploads\\\/2020\\\/08\\\/logo_main.png\",\"contentUrl\":\"https:\\\/\\\/easyoriginal.com\\\/wp-content\\\/uploads\\\/2020\\\/08\\\/logo_main.png\",\"width\":500,\"height\":103,\"caption\":\"EasyOriginal Verlag\"},\"image\":{\"@id\":\"https:\\\/\\\/easyoriginal.com\\\/#\\\/schema\\\/logo\\\/image\\\/\"}}]}<\/script>\n<!-- \/ Yoast SEO plugin. -->","yoast_head_json":{"title":"Le parfum de la m\u00e9moire perdue \u2014 Der Duft der verlorenen Erinnerung - EasyOriginal.com","robots":{"index":"index","follow":"follow","max-snippet":"max-snippet:-1","max-image-preview":"max-image-preview:large","max-video-preview":"max-video-preview:-1"},"canonical":"https:\/\/easyoriginal.com\/en\/shop\/modern-franzoesisch-frank-a1-a2\/le-parfum-de-la-memoire-perdue-der-duft-der-verlorenen-erinnerung\/","og_locale":"en_GB","og_type":"article","og_title":"Le parfum de la m\u00e9moire perdue \u2014 Der Duft der verlorenen Erinnerung - EasyOriginal.com","og_description":"Ein Duft, der ein dunkles Geheimnis birgt. In der Welthauptstadt des Parfums, Grasse, nimmt die hochbegabte Parfumeurin \u00c9lodie Lavande einen mysteri\u00f6sen Auftrag an. Eine elegante Fremde bittet sie, den Duft ihrer Kindheit nachzubilden \u2013 den einzigen Schl\u00fcssel zu ihren verlorenen Erinnerungen. Doch die Arbeit an dem Parfum wird schnell zu einem gef\u00e4hrlichen Spiel. Die Duftnoten sind beunruhigend, und \u00c9lodie erkennt, dass sie nicht nur ein Parfum, sondern ein lange vergrabenes, traumatisches Geheimnis entschl\u00fcsselt. Le parfum de la m\u00e9moire perdue ist mehr als ein Duft \u2013 es ist eine Zeitbombe f\u00fcr die Seele, und seine Enth\u00fcllung bringt alle in t\u00f6dliche Gefahr. Ein fesselnder Thriller \u00fcber die Macht der D\u00fcfte und die Schatten der Vergangenheit. Wagen Sie es, das Geheimnis zu l\u00fcften? Kaufen Sie jetzt und erleben Sie eine Geschichte, die Sie nicht mehr loslassen wird! Zweisprachiges Buch Franz\u00f6sisch-Deutsch.","og_url":"https:\/\/easyoriginal.com\/en\/shop\/modern-franzoesisch-frank-a1-a2\/le-parfum-de-la-memoire-perdue-der-duft-der-verlorenen-erinnerung\/","og_site_name":"EasyOriginal.com","article_modified_time":"2026-04-02T02:04:44+00:00","og_image":[{"width":1600,"height":2400,"url":"https:\/\/easyoriginal.com\/wp-content\/uploads\/Le_parfum_de_la_memoire_perdue_printcover.jpg","type":"image\/jpeg"}],"twitter_card":"summary_large_image","twitter_misc":{"Estimated reading time":"2 minutes"},"schema":{"@context":"https:\/\/schema.org","@graph":[{"@type":"WebPage","@id":"https:\/\/easyoriginal.com\/shop\/modern-franzoesisch-frank-a1-a2\/le-parfum-de-la-memoire-perdue-der-duft-der-verlorenen-erinnerung\/","url":"https:\/\/easyoriginal.com\/shop\/modern-franzoesisch-frank-a1-a2\/le-parfum-de-la-memoire-perdue-der-duft-der-verlorenen-erinnerung\/","name":"Le parfum de la m\u00e9moire perdue \u2014 Der Duft der verlorenen Erinnerung - EasyOriginal.com","isPartOf":{"@id":"https:\/\/easyoriginal.com\/#website"},"primaryImageOfPage":{"@id":"https:\/\/easyoriginal.com\/shop\/modern-franzoesisch-frank-a1-a2\/le-parfum-de-la-memoire-perdue-der-duft-der-verlorenen-erinnerung\/#primaryimage"},"image":{"@id":"https:\/\/easyoriginal.com\/shop\/modern-franzoesisch-frank-a1-a2\/le-parfum-de-la-memoire-perdue-der-duft-der-verlorenen-erinnerung\/#primaryimage"},"thumbnailUrl":"https:\/\/easyoriginal.com\/wp-content\/uploads\/Le_parfum_de_la_memoire_perdue_printcover.jpg","datePublished":"2025-07-17T19:57:40+00:00","dateModified":"2026-04-02T02:04:44+00:00","breadcrumb":{"@id":"https:\/\/easyoriginal.com\/shop\/modern-franzoesisch-frank-a1-a2\/le-parfum-de-la-memoire-perdue-der-duft-der-verlorenen-erinnerung\/#breadcrumb"},"inLanguage":"en-GB","potentialAction":[{"@type":"ReadAction","target":["https:\/\/easyoriginal.com\/shop\/modern-franzoesisch-frank-a1-a2\/le-parfum-de-la-memoire-perdue-der-duft-der-verlorenen-erinnerung\/"]}]},{"@type":"ImageObject","inLanguage":"en-GB","@id":"https:\/\/easyoriginal.com\/shop\/modern-franzoesisch-frank-a1-a2\/le-parfum-de-la-memoire-perdue-der-duft-der-verlorenen-erinnerung\/#primaryimage","url":"https:\/\/easyoriginal.com\/wp-content\/uploads\/Le_parfum_de_la_memoire_perdue_printcover.jpg","contentUrl":"https:\/\/easyoriginal.com\/wp-content\/uploads\/Le_parfum_de_la_memoire_perdue_printcover.jpg","width":1600,"height":2400},{"@type":"BreadcrumbList","@id":"https:\/\/easyoriginal.com\/shop\/modern-franzoesisch-frank-a1-a2\/le-parfum-de-la-memoire-perdue-der-duft-der-verlorenen-erinnerung\/#breadcrumb","itemListElement":[{"@type":"ListItem","position":1,"name":"Startseite","item":"https:\/\/easyoriginal.com\/"},{"@type":"ListItem","position":2,"name":"Shop","item":"https:\/\/easyoriginal.com\/shop\/"},{"@type":"ListItem","position":3,"name":"Le parfum de la m\u00e9moire perdue \u2014 Der Duft der verlorenen Erinnerung"}]},{"@type":"WebSite","@id":"https:\/\/easyoriginal.com\/#website","url":"https:\/\/easyoriginal.com\/","name":"EasyOriginal.com","description":"Spa\u00df am Lesen im Original - Innovative Lesemethode f\u00fcr Fremdsprachen","publisher":{"@id":"https:\/\/easyoriginal.com\/#organization"},"potentialAction":[{"@type":"SearchAction","target":{"@type":"EntryPoint","urlTemplate":"https:\/\/easyoriginal.com\/?s={search_term_string}"},"query-input":{"@type":"PropertyValueSpecification","valueRequired":true,"valueName":"search_term_string"}}],"inLanguage":"en-GB"},{"@type":"Organization","@id":"https:\/\/easyoriginal.com\/#organization","name":"EasyOriginal Verlag","url":"https:\/\/easyoriginal.com\/","logo":{"@type":"ImageObject","inLanguage":"en-GB","@id":"https:\/\/easyoriginal.com\/#\/schema\/logo\/image\/","url":"https:\/\/easyoriginal.com\/wp-content\/uploads\/2020\/08\/logo_main.png","contentUrl":"https:\/\/easyoriginal.com\/wp-content\/uploads\/2020\/08\/logo_main.png","width":500,"height":103,"caption":"EasyOriginal Verlag"},"image":{"@id":"https:\/\/easyoriginal.com\/#\/schema\/logo\/image\/"}}]}},"_links":{"self":[{"href":"https:\/\/easyoriginal.com\/en\/wp-json\/wp\/v2\/product\/15811","targetHints":{"allow":["GET"]}}],"collection":[{"href":"https:\/\/easyoriginal.com\/en\/wp-json\/wp\/v2\/product"}],"about":[{"href":"https:\/\/easyoriginal.com\/en\/wp-json\/wp\/v2\/types\/product"}],"replies":[{"embeddable":true,"href":"https:\/\/easyoriginal.com\/en\/wp-json\/wp\/v2\/comments?post=15811"}],"wp:featuredmedia":[{"embeddable":true,"href":"https:\/\/easyoriginal.com\/en\/wp-json\/wp\/v2\/media\/15819"}],"wp:attachment":[{"href":"https:\/\/easyoriginal.com\/en\/wp-json\/wp\/v2\/media?parent=15811"}],"wp:term":[{"taxonomy":"product_brand","embeddable":true,"href":"https:\/\/easyoriginal.com\/en\/wp-json\/wp\/v2\/product_brand?post=15811"},{"taxonomy":"product_cat","embeddable":true,"href":"https:\/\/easyoriginal.com\/en\/wp-json\/wp\/v2\/product_cat?post=15811"},{"taxonomy":"product_tag","embeddable":true,"href":"https:\/\/easyoriginal.com\/en\/wp-json\/wp\/v2\/product_tag?post=15811"}],"curies":[{"name":"wp","href":"https:\/\/api.w.org\/{rel}","templated":true}]}}