{"id":15788,"date":"2025-07-17T21:00:20","date_gmt":"2025-07-17T19:00:20","guid":{"rendered":"https:\/\/easyoriginal.com\/?post_type=product&#038;p=15788"},"modified":"2026-01-04T12:05:14","modified_gmt":"2026-01-04T11:05:14","slug":"el-enigma-de-las-naranjas-azules-das-raetsel-der-blauen-orangen","status":"publish","type":"product","link":"https:\/\/easyoriginal.com\/en\/shop\/modern-spanisch-frank-a1-a2\/el-enigma-de-las-naranjas-azules-das-raetsel-der-blauen-orangen\/","title":{"rendered":"El Enigma de las Naranjas Azules \u2014 Das R\u00e4tsel der blauen Orangen"},"content":{"rendered":"<div class=\"adapted-container\">\n<p class=\"Adapted\"><span>Un Descubrimiento Sorprendente <\/span><span class=\"Translation CharOverride-1\">(eine \u00fcberraschende Entdeckun<\/span><span class=\"Translation\"><span class=\"No-Break CharOverride-1\">g;<\/span><\/span><span class=\"Translation\"><span class=\"Comments\"> <\/span><\/span><span class=\"Translation\"><span class=\"Comment-Words\">descubrimiento<\/span><\/span><span class=\"Translation\"><span class=\"Sub _idGenCharOverride-1\">m<\/span><\/span><span class=\"Translation\"><span class=\"No-Break\"><span class=\"Comments\"> \u2014<\/span><\/span><\/span><span class=\"Translation\"><span class=\"Comments\"> Entdeckun<\/span><\/span><span class=\"Translation\"><span class=\"No-Break\"><span class=\"Comments\">g;<\/span><\/span><\/span><span class=\"Translation\"><span class=\"Comments\"> <\/span><\/span><span class=\"Translation\"><span class=\"Comment-Words\">descubrir<\/span><\/span><span class=\"Translation\"><span class=\"No-Break\"><span class=\"Comments\"> \u2014<\/span><\/span><\/span><span class=\"Translation\"><span class=\"Comments\"> entdecke<\/span><\/span><span class=\"Translation\"><span class=\"No-Break\"><span class=\"Comments\">n;<\/span><\/span><\/span><span class=\"Translation\"><span class=\"Comments\"> <\/span><\/span><span class=\"Translation\"><span class=\"Comment-Words\">sorprendente<\/span><\/span><span class=\"Translation\"><span class=\"No-Break\"><span class=\"Comments\"> \u2014<\/span><\/span><\/span><span class=\"Translation\"><span class=\"Comments\"> \u00fcberraschen<\/span><\/span><span class=\"Translation\"><span class=\"No-Break\"><span class=\"Comments\">d;<\/span><\/span><\/span><span class=\"Translation\"><span class=\"Comments\"> <\/span><\/span><span class=\"Translation\"><span class=\"Comment-Words\">sorprender<\/span><\/span><span class=\"Translation\"><span class=\"No-Break\"><span class=\"Comments\"> \u2014<\/span><\/span><\/span><span class=\"Translation\"><span class=\"Comments\"> \u00fcberraschen<\/span><\/span><span class=\"Translation CharOverride-1\">)<\/span><\/p>\n<p class=\"Adapted\"><span>Era un d\u00eda soleado en Costa del Sol <\/span><span class=\"Translation CharOverride-1\">(es war ein sonniger Tag in Costa del So<\/span><span class=\"Translation\"><span class=\"No-Break CharOverride-1\">l;<\/span><\/span><span class=\"Translation\"><span class=\"Comments\"> <\/span><\/span><span class=\"Translation\"><span class=\"Comment-Words\">soleado<\/span><\/span><span class=\"Translation\"><span class=\"No-Break\"><span class=\"Comments\"> \u2014<\/span><\/span><\/span><span class=\"Translation\"><span class=\"Comments\"> sonni<\/span><\/span><span class=\"Translation\"><span class=\"No-Break\"><span class=\"Comments\">g;<\/span><\/span><\/span><span class=\"Translation\"><span class=\"Comments\"> <\/span><\/span><span class=\"Translation\"><span class=\"Comment-Words\">sol<\/span><\/span><span class=\"Translation\"><span class=\"Sub _idGenCharOverride-1\">m<\/span><\/span><span class=\"Translation\"><span class=\"No-Break\"><span class=\"Comments\"> \u2014<\/span><\/span><\/span><span class=\"Translation\"><span class=\"Comments\"> Sonne<\/span><\/span><span class=\"Translation CharOverride-1\">)<\/span><span>. Luc\u00eda estaba muy emocionada <\/span><span class=\"Translation CharOverride-1\">(Luc\u00eda war sehr aufgereg<\/span><span class=\"Translation\"><span class=\"No-Break CharOverride-1\">t;<\/span><\/span><span class=\"Translation\"><span class=\"Comments\"> <\/span><\/span><span class=\"Translation\"><span class=\"Comment-Words\">emocionado<\/span><\/span><span class=\"Translation\"><span class=\"No-Break\"><span class=\"Comments\"> \u2014<\/span><\/span><\/span><span class=\"Translation\"><span class=\"Comments\"> aufgereg<\/span><\/span><span class=\"Translation\"><span class=\"No-Break\"><span class=\"Comments\">t;<\/span><\/span><\/span><span class=\"Translation\"><span class=\"Comments\"> <\/span><\/span><span class=\"Translation\"><span class=\"Comment-Words\">emocionarse<\/span><\/span><span class=\"Translation\"><span class=\"No-Break\"><span class=\"Comments\"> \u2014<\/span><\/span><\/span><span class=\"Translation\"><span class=\"Comments\"> sich aufregen, begeistern<\/span><\/span><span class=\"Translation CharOverride-1\">)<\/span><span>. Hoy, su clase iba de excursi\u00f3n <\/span><span class=\"Translation CharOverride-1\">(heute ging ihre Klasse auf einen Ausflu<\/span><span class=\"Translation\"><span class=\"No-Break CharOverride-1\">g;<\/span><\/span><span class=\"Translation\"><span class=\"Comments\"> <\/span><\/span><span class=\"Translation\"><span class=\"Comment-Words\">ir de excursi\u00f3n<\/span><\/span><span class=\"Translation\"><span class=\"No-Break\"><span class=\"Comments\"> \u2014<\/span><\/span><\/span><span class=\"Translation\"><span class=\"Comments\"> einen Ausflug machen<\/span><\/span><span class=\"Translation CharOverride-1\">)<\/span><span> al famoso huerto de naranjas <\/span><span class=\"Translation CharOverride-1\">(zum ber\u00fchmten Orangengarte<\/span><span class=\"Translation\"><span class=\"No-Break CharOverride-1\">n;<\/span><\/span><span class=\"Translation\"><span class=\"Comments\"> <\/span><\/span><span class=\"Translation\"><span class=\"Comment-Words\">huerto<\/span><\/span><span class=\"Translation\"><span class=\"Sub _idGenCharOverride-1\">m<\/span><\/span><span class=\"Translation\"><span class=\"No-Break\"><span class=\"Comments\"> \u2014<\/span><\/span><\/span><span class=\"Translation\"><span class=\"Comments\"> Garten, Obstgarte<\/span><\/span><span class=\"Translation\"><span class=\"No-Break\"><span class=\"Comments\">n;<\/span><\/span><\/span><span class=\"Translation\"><span class=\"Comments\"> <\/span><\/span><span class=\"Translation\"><span class=\"Comment-Words\">naranja<\/span><\/span><span class=\"Translation\"><span class=\"Sub _idGenCharOverride-1\">f<\/span><\/span><span class=\"Translation\"><span class=\"No-Break\"><span class=\"Comments\"> \u2014<\/span><\/span><\/span><span class=\"Translation\"><span class=\"Comments\"> Orange<\/span><\/span><span class=\"Translation CharOverride-1\">)<\/span><span> del Se\u00f1or Mart\u00ednez <\/span><span class=\"Translation CharOverride-1\">(des Herrn Mart\u00ednez)<\/span><span>.<\/span><\/p>\n<\/div>\n<audio class=\"wp-audio-shortcode\" id=\"audio-15788-1\" preload=\"none\" style=\"width: 100%;\" controls=\"controls\"><source type=\"audio\/mpeg\" src=\"https:\/\/easyoriginal1.s3.eu-central-1.amazonaws.com\/spanisch\/s35\/001.mp3?_=1\" \/><a href=\"https:\/\/easyoriginal1.s3.eu-central-1.amazonaws.com\/spanisch\/s35\/001.mp3\">https:\/\/easyoriginal1.s3.eu-central-1.amazonaws.com\/spanisch\/s35\/001.mp3<\/a><\/audio>\n<div class=\"original-container\">\n<p class=\"Original\" lang=\"es-ES\">Un Descubrimiento Sorprendente<\/p>\n<p class=\"Original\" lang=\"es-ES\">Era un d\u00eda soleado en Costa del Sol. Luc\u00eda estaba muy emocionada. Hoy, su clase iba de excursi\u00f3n al famoso huerto de naranjas del Se\u00f1or Mart\u00ednez.<\/p>\n<\/div>","protected":false},"excerpt":{"rendered":"<p>In Costa del Sol scheint alles seinen gewohnten Lauf zu nehmen \u2013 bis Luc\u00eda und ihr treuer Hund Trufo eine unglaubliche Entdeckung machen: Die Orangen im ber\u00fchmten Obstgarten des Se\u00f1or Mart\u00ednez sind pl\u00f6tzlich blau! Wie kann das sein? Ein Zufall oder steckt mehr dahinter?<br \/>\nLuc\u00edas unb\u00e4ndige Neugier und ihr detektivischer Sp\u00fcrsinn lassen sie keine Ruhe finden. Gemeinsam mit Trufo und einer klugen Wissenschaftlerin begibt sie sich auf eine spannende Spurensuche, die sie durch das gesamte Dorf und dar\u00fcber hinaus f\u00fchrt. Dabei sto\u00dfen sie auf r\u00e4tselhafte Hinweise, unerwartete Wendungen und ein Geheimnis, das die ganze Gemeinde betrifft.<br \/>\nEin mitrei\u00dfendes Abenteuer voller R\u00e4tsel, Freundschaft und Entdeckergeist \u2013 perfekt f\u00fcr kleine und gro\u00dfe Sp\u00fcrnasen! Tauche ein in das Geheimnis von El Enigma de las Naranjas Azules und finde heraus, was hinter dem au\u00dfergew\u00f6hnlichen Farbwechsel steckt!<br \/>\nZweisprachiges Buch Spanisch-Deutsch.<\/p>","protected":false},"featured_media":15795,"comment_status":"open","ping_status":"closed","template":"","meta":{"_acf_changed":false,"_et_pb_use_builder":"off","_et_pb_old_content":"<div class=\"adapted-container\">\r\n<p class=\"Adapted\"><span class=\"Bold\">Hace mucho tiempo que ten\u00eda ganas de escribir <\/span><span class=\"Translation\">(seit langer Zeit hatte ich Lust zu schreiben; <\/span><span class=\"Translation\"><span class=\"Comment-Words\">tener<\/span><\/span><span class=\"Translation\"><span class=\"Comments\"> \u2014 haben<\/span><\/span><span class=\"Translation\">)<\/span><span class=\"Bold\"> cualquier cosa con este t\u00edtulo <\/span><span class=\"Translation\">(irgendetwas mit diesem Titel)<\/span><span class=\"Bold\">.<\/span><\/p>\r\n<p class=\"Adapted\"><span class=\"Bold\">Hoy<a id=\"_idTextAnchor001\"><\/a>, que se me ha presentado ocasi\u00f3n <\/span><span class=\"Translation\">(heute, wo sich mir \/eine\/ Gelegenheit geboten hat; <\/span><span class=\"Translation\"><span class=\"Comment-Words\">presentar<\/span><\/span><span class=\"Translation\"><span class=\"Comments\"> \u2014 zeigen; vorstellen<\/span><\/span><span class=\"Translation\">)<\/span><span class=\"Bold\">, lo he puesto con letras grandes <\/span><span class=\"Translation\">(das habe ich in gro\u00dfen Buchstaben gesetzt = habe ich es in Gro\u00dfbuchstaben gesetzt; <\/span><span class=\"Translation\"><span class=\"Comment-Words\">poner<\/span><\/span><span class=\"Translation\"><span class=\"Comments\"> \u2014 setzen; stellen; legen<\/span><\/span><span class=\"Translation\">)<\/span><span class=\"Bold\"> en la primera cuartilla de papel <\/span><span class=\"Translation\">(auf das erste Blatt: \u00abauf das erste Viertelpapier\u00bb; <\/span><span class=\"Translation\"><span class=\"Comment-Words\">cuarto<\/span><\/span><span class=\"Translation\"><span class=\"Gender _idGenCharOverride-1\">m <\/span><\/span><span class=\"Translation\"><span class=\"Comments\">\u2014 Viertel<\/span><\/span><span class=\"Translation\">)<\/span><span class=\"Bold\">, y luego he dejado a capricho volar la pluma <\/span><span class=\"Translation\">(und dann habe ich nach Belieben die Feder fliegen lassen; <\/span><span class=\"Translation\"><span class=\"Comment-Words\">dejar<\/span><\/span><span class=\"Translation\"><span class=\"Comments\"> \u2014 lassen; <\/span><\/span><span class=\"Translation\"><span class=\"Comment-Words\">capricho<\/span><\/span><span class=\"Translation\"><span class=\"Gender _idGenCharOverride-1\">m <\/span><\/span><span class=\"Translation\"><span class=\"Comments\">\u2014 Laune<\/span><\/span><span class=\"Translation\">)<\/span><span class=\"Bold\">.<\/span><\/p>\r\n\r\n<\/div>\r\n[audio mp3=\"https:\/\/easyoriginal1.s3.eu-central-1.amazonaws.com\/spanisch\/s1\/1.mp3\"][\/audio]\r\n<div class=\"original-container\">\r\n<p class=\"Original\">Hace mucho tiempo que ten\u00eda ganas de escribir cualquier cosa con este t\u00edtulo.<\/p>\r\n<p class=\"Original\">Hoy, que se me ha presentado ocasi\u00f3n, lo he puesto con letras grandes en la primera cuartilla de papel, y luego he dejado a capricho volar la pluma.<\/p>\r\n\r\n<\/div>\r\n<a class=\"weiter\" href=\"\/webreader\/los-ojos-verdes\/fragment\/1-4-2\/\">weiter lesen<\/a>","_et_gb_content_width":""},"product_brand":[],"product_cat":[269],"product_tag":[164,81],"class_list":{"0":"post-15788","1":"product","2":"type-product","3":"status-publish","4":"has-post-thumbnail","6":"product_cat-modern-spanisch-frank-a1-a2","7":"product_tag-anfaenger","8":"product_tag-krimi","10":"first","11":"instock","12":"taxable","13":"shipping-taxable","14":"purchasable","15":"product-type-variable"},"acf":[],"yoast_head":"<!-- This site is optimized with the Yoast SEO plugin v27.3 - https:\/\/yoast.com\/product\/yoast-seo-wordpress\/ -->\n<title>El Enigma de las Naranjas Azules \u2014 Das R\u00e4tsel der blauen Orangen - EasyOriginal.com<\/title>\n<meta name=\"robots\" content=\"index, follow, max-snippet:-1, max-image-preview:large, max-video-preview:-1\" \/>\n<link rel=\"canonical\" href=\"https:\/\/easyoriginal.com\/en\/shop\/modern-spanisch-frank-a1-a2\/el-enigma-de-las-naranjas-azules-das-raetsel-der-blauen-orangen\/\" \/>\n<meta property=\"og:locale\" content=\"en_GB\" \/>\n<meta property=\"og:type\" content=\"article\" \/>\n<meta property=\"og:title\" content=\"El Enigma de las Naranjas Azules \u2014 Das R\u00e4tsel der blauen Orangen - EasyOriginal.com\" \/>\n<meta property=\"og:description\" content=\"In Costa del Sol scheint alles seinen gewohnten Lauf zu nehmen \u2013 bis Luc\u00eda und ihr treuer Hund Trufo eine unglaubliche Entdeckung machen: Die Orangen im ber\u00fchmten Obstgarten des Se\u00f1or Mart\u00ednez sind pl\u00f6tzlich blau! Wie kann das sein? Ein Zufall oder steckt mehr dahinter? Luc\u00edas unb\u00e4ndige Neugier und ihr detektivischer Sp\u00fcrsinn lassen sie keine Ruhe finden. Gemeinsam mit Trufo und einer klugen Wissenschaftlerin begibt sie sich auf eine spannende Spurensuche, die sie durch das gesamte Dorf und dar\u00fcber hinaus f\u00fchrt. Dabei sto\u00dfen sie auf r\u00e4tselhafte Hinweise, unerwartete Wendungen und ein Geheimnis, das die ganze Gemeinde betrifft. Ein mitrei\u00dfendes Abenteuer voller R\u00e4tsel, Freundschaft und Entdeckergeist \u2013 perfekt f\u00fcr kleine und gro\u00dfe Sp\u00fcrnasen! Tauche ein in das Geheimnis von El Enigma de las Naranjas Azules und finde heraus, was hinter dem au\u00dfergew\u00f6hnlichen Farbwechsel steckt!  Zweisprachiges Buch Spanisch-Deutsch.\" \/>\n<meta property=\"og:url\" content=\"https:\/\/easyoriginal.com\/en\/shop\/modern-spanisch-frank-a1-a2\/el-enigma-de-las-naranjas-azules-das-raetsel-der-blauen-orangen\/\" \/>\n<meta property=\"og:site_name\" content=\"EasyOriginal.com\" \/>\n<meta property=\"article:modified_time\" content=\"2026-01-04T11:05:14+00:00\" \/>\n<meta property=\"og:image\" content=\"https:\/\/easyoriginal.com\/wp-content\/uploads\/El_Enigma_de_las_Naranjas_Azules_printcover.jpg\" \/>\n\t<meta property=\"og:image:width\" content=\"1600\" \/>\n\t<meta property=\"og:image:height\" content=\"2400\" \/>\n\t<meta property=\"og:image:type\" content=\"image\/jpeg\" \/>\n<meta name=\"twitter:card\" content=\"summary_large_image\" \/>\n<meta name=\"twitter:label1\" content=\"Estimated reading time\" \/>\n\t<meta name=\"twitter:data1\" content=\"1 minute\" \/>\n<script type=\"application\/ld+json\" class=\"yoast-schema-graph\">{\"@context\":\"https:\\\/\\\/schema.org\",\"@graph\":[{\"@type\":\"WebPage\",\"@id\":\"https:\\\/\\\/easyoriginal.com\\\/shop\\\/modern-spanisch-frank-a1-a2\\\/el-enigma-de-las-naranjas-azules-das-raetsel-der-blauen-orangen\\\/\",\"url\":\"https:\\\/\\\/easyoriginal.com\\\/shop\\\/modern-spanisch-frank-a1-a2\\\/el-enigma-de-las-naranjas-azules-das-raetsel-der-blauen-orangen\\\/\",\"name\":\"El Enigma de las Naranjas Azules \u2014 Das R\u00e4tsel der blauen Orangen - EasyOriginal.com\",\"isPartOf\":{\"@id\":\"https:\\\/\\\/easyoriginal.com\\\/#website\"},\"primaryImageOfPage\":{\"@id\":\"https:\\\/\\\/easyoriginal.com\\\/shop\\\/modern-spanisch-frank-a1-a2\\\/el-enigma-de-las-naranjas-azules-das-raetsel-der-blauen-orangen\\\/#primaryimage\"},\"image\":{\"@id\":\"https:\\\/\\\/easyoriginal.com\\\/shop\\\/modern-spanisch-frank-a1-a2\\\/el-enigma-de-las-naranjas-azules-das-raetsel-der-blauen-orangen\\\/#primaryimage\"},\"thumbnailUrl\":\"https:\\\/\\\/easyoriginal.com\\\/wp-content\\\/uploads\\\/El_Enigma_de_las_Naranjas_Azules_printcover.jpg\",\"datePublished\":\"2025-07-17T19:00:20+00:00\",\"dateModified\":\"2026-01-04T11:05:14+00:00\",\"breadcrumb\":{\"@id\":\"https:\\\/\\\/easyoriginal.com\\\/shop\\\/modern-spanisch-frank-a1-a2\\\/el-enigma-de-las-naranjas-azules-das-raetsel-der-blauen-orangen\\\/#breadcrumb\"},\"inLanguage\":\"en-GB\",\"potentialAction\":[{\"@type\":\"ReadAction\",\"target\":[\"https:\\\/\\\/easyoriginal.com\\\/shop\\\/modern-spanisch-frank-a1-a2\\\/el-enigma-de-las-naranjas-azules-das-raetsel-der-blauen-orangen\\\/\"]}]},{\"@type\":\"ImageObject\",\"inLanguage\":\"en-GB\",\"@id\":\"https:\\\/\\\/easyoriginal.com\\\/shop\\\/modern-spanisch-frank-a1-a2\\\/el-enigma-de-las-naranjas-azules-das-raetsel-der-blauen-orangen\\\/#primaryimage\",\"url\":\"https:\\\/\\\/easyoriginal.com\\\/wp-content\\\/uploads\\\/El_Enigma_de_las_Naranjas_Azules_printcover.jpg\",\"contentUrl\":\"https:\\\/\\\/easyoriginal.com\\\/wp-content\\\/uploads\\\/El_Enigma_de_las_Naranjas_Azules_printcover.jpg\",\"width\":1600,\"height\":2400},{\"@type\":\"BreadcrumbList\",\"@id\":\"https:\\\/\\\/easyoriginal.com\\\/shop\\\/modern-spanisch-frank-a1-a2\\\/el-enigma-de-las-naranjas-azules-das-raetsel-der-blauen-orangen\\\/#breadcrumb\",\"itemListElement\":[{\"@type\":\"ListItem\",\"position\":1,\"name\":\"Startseite\",\"item\":\"https:\\\/\\\/easyoriginal.com\\\/\"},{\"@type\":\"ListItem\",\"position\":2,\"name\":\"Shop\",\"item\":\"https:\\\/\\\/easyoriginal.com\\\/shop\\\/\"},{\"@type\":\"ListItem\",\"position\":3,\"name\":\"El Enigma de las Naranjas Azules \u2014 Das R\u00e4tsel der blauen Orangen\"}]},{\"@type\":\"WebSite\",\"@id\":\"https:\\\/\\\/easyoriginal.com\\\/#website\",\"url\":\"https:\\\/\\\/easyoriginal.com\\\/\",\"name\":\"EasyOriginal.com\",\"description\":\"Spa\u00df am Lesen im Original - Innovative Lesemethode f\u00fcr Fremdsprachen\",\"publisher\":{\"@id\":\"https:\\\/\\\/easyoriginal.com\\\/#organization\"},\"potentialAction\":[{\"@type\":\"SearchAction\",\"target\":{\"@type\":\"EntryPoint\",\"urlTemplate\":\"https:\\\/\\\/easyoriginal.com\\\/?s={search_term_string}\"},\"query-input\":{\"@type\":\"PropertyValueSpecification\",\"valueRequired\":true,\"valueName\":\"search_term_string\"}}],\"inLanguage\":\"en-GB\"},{\"@type\":\"Organization\",\"@id\":\"https:\\\/\\\/easyoriginal.com\\\/#organization\",\"name\":\"EasyOriginal Verlag\",\"url\":\"https:\\\/\\\/easyoriginal.com\\\/\",\"logo\":{\"@type\":\"ImageObject\",\"inLanguage\":\"en-GB\",\"@id\":\"https:\\\/\\\/easyoriginal.com\\\/#\\\/schema\\\/logo\\\/image\\\/\",\"url\":\"https:\\\/\\\/easyoriginal.com\\\/wp-content\\\/uploads\\\/2020\\\/08\\\/logo_main.png\",\"contentUrl\":\"https:\\\/\\\/easyoriginal.com\\\/wp-content\\\/uploads\\\/2020\\\/08\\\/logo_main.png\",\"width\":500,\"height\":103,\"caption\":\"EasyOriginal Verlag\"},\"image\":{\"@id\":\"https:\\\/\\\/easyoriginal.com\\\/#\\\/schema\\\/logo\\\/image\\\/\"}}]}<\/script>\n<!-- \/ Yoast SEO plugin. -->","yoast_head_json":{"title":"El Enigma de las Naranjas Azules \u2014 Das R\u00e4tsel der blauen Orangen - EasyOriginal.com","robots":{"index":"index","follow":"follow","max-snippet":"max-snippet:-1","max-image-preview":"max-image-preview:large","max-video-preview":"max-video-preview:-1"},"canonical":"https:\/\/easyoriginal.com\/en\/shop\/modern-spanisch-frank-a1-a2\/el-enigma-de-las-naranjas-azules-das-raetsel-der-blauen-orangen\/","og_locale":"en_GB","og_type":"article","og_title":"El Enigma de las Naranjas Azules \u2014 Das R\u00e4tsel der blauen Orangen - EasyOriginal.com","og_description":"In Costa del Sol scheint alles seinen gewohnten Lauf zu nehmen \u2013 bis Luc\u00eda und ihr treuer Hund Trufo eine unglaubliche Entdeckung machen: Die Orangen im ber\u00fchmten Obstgarten des Se\u00f1or Mart\u00ednez sind pl\u00f6tzlich blau! Wie kann das sein? Ein Zufall oder steckt mehr dahinter? Luc\u00edas unb\u00e4ndige Neugier und ihr detektivischer Sp\u00fcrsinn lassen sie keine Ruhe finden. Gemeinsam mit Trufo und einer klugen Wissenschaftlerin begibt sie sich auf eine spannende Spurensuche, die sie durch das gesamte Dorf und dar\u00fcber hinaus f\u00fchrt. Dabei sto\u00dfen sie auf r\u00e4tselhafte Hinweise, unerwartete Wendungen und ein Geheimnis, das die ganze Gemeinde betrifft. Ein mitrei\u00dfendes Abenteuer voller R\u00e4tsel, Freundschaft und Entdeckergeist \u2013 perfekt f\u00fcr kleine und gro\u00dfe Sp\u00fcrnasen! Tauche ein in das Geheimnis von El Enigma de las Naranjas Azules und finde heraus, was hinter dem au\u00dfergew\u00f6hnlichen Farbwechsel steckt!  Zweisprachiges Buch Spanisch-Deutsch.","og_url":"https:\/\/easyoriginal.com\/en\/shop\/modern-spanisch-frank-a1-a2\/el-enigma-de-las-naranjas-azules-das-raetsel-der-blauen-orangen\/","og_site_name":"EasyOriginal.com","article_modified_time":"2026-01-04T11:05:14+00:00","og_image":[{"width":1600,"height":2400,"url":"https:\/\/easyoriginal.com\/wp-content\/uploads\/El_Enigma_de_las_Naranjas_Azules_printcover.jpg","type":"image\/jpeg"}],"twitter_card":"summary_large_image","twitter_misc":{"Estimated reading time":"1 minute"},"schema":{"@context":"https:\/\/schema.org","@graph":[{"@type":"WebPage","@id":"https:\/\/easyoriginal.com\/shop\/modern-spanisch-frank-a1-a2\/el-enigma-de-las-naranjas-azules-das-raetsel-der-blauen-orangen\/","url":"https:\/\/easyoriginal.com\/shop\/modern-spanisch-frank-a1-a2\/el-enigma-de-las-naranjas-azules-das-raetsel-der-blauen-orangen\/","name":"El Enigma de las Naranjas Azules \u2014 Das R\u00e4tsel der blauen Orangen - EasyOriginal.com","isPartOf":{"@id":"https:\/\/easyoriginal.com\/#website"},"primaryImageOfPage":{"@id":"https:\/\/easyoriginal.com\/shop\/modern-spanisch-frank-a1-a2\/el-enigma-de-las-naranjas-azules-das-raetsel-der-blauen-orangen\/#primaryimage"},"image":{"@id":"https:\/\/easyoriginal.com\/shop\/modern-spanisch-frank-a1-a2\/el-enigma-de-las-naranjas-azules-das-raetsel-der-blauen-orangen\/#primaryimage"},"thumbnailUrl":"https:\/\/easyoriginal.com\/wp-content\/uploads\/El_Enigma_de_las_Naranjas_Azules_printcover.jpg","datePublished":"2025-07-17T19:00:20+00:00","dateModified":"2026-01-04T11:05:14+00:00","breadcrumb":{"@id":"https:\/\/easyoriginal.com\/shop\/modern-spanisch-frank-a1-a2\/el-enigma-de-las-naranjas-azules-das-raetsel-der-blauen-orangen\/#breadcrumb"},"inLanguage":"en-GB","potentialAction":[{"@type":"ReadAction","target":["https:\/\/easyoriginal.com\/shop\/modern-spanisch-frank-a1-a2\/el-enigma-de-las-naranjas-azules-das-raetsel-der-blauen-orangen\/"]}]},{"@type":"ImageObject","inLanguage":"en-GB","@id":"https:\/\/easyoriginal.com\/shop\/modern-spanisch-frank-a1-a2\/el-enigma-de-las-naranjas-azules-das-raetsel-der-blauen-orangen\/#primaryimage","url":"https:\/\/easyoriginal.com\/wp-content\/uploads\/El_Enigma_de_las_Naranjas_Azules_printcover.jpg","contentUrl":"https:\/\/easyoriginal.com\/wp-content\/uploads\/El_Enigma_de_las_Naranjas_Azules_printcover.jpg","width":1600,"height":2400},{"@type":"BreadcrumbList","@id":"https:\/\/easyoriginal.com\/shop\/modern-spanisch-frank-a1-a2\/el-enigma-de-las-naranjas-azules-das-raetsel-der-blauen-orangen\/#breadcrumb","itemListElement":[{"@type":"ListItem","position":1,"name":"Startseite","item":"https:\/\/easyoriginal.com\/"},{"@type":"ListItem","position":2,"name":"Shop","item":"https:\/\/easyoriginal.com\/shop\/"},{"@type":"ListItem","position":3,"name":"El Enigma de las Naranjas Azules \u2014 Das R\u00e4tsel der blauen Orangen"}]},{"@type":"WebSite","@id":"https:\/\/easyoriginal.com\/#website","url":"https:\/\/easyoriginal.com\/","name":"EasyOriginal.com","description":"Spa\u00df am Lesen im Original - Innovative Lesemethode f\u00fcr Fremdsprachen","publisher":{"@id":"https:\/\/easyoriginal.com\/#organization"},"potentialAction":[{"@type":"SearchAction","target":{"@type":"EntryPoint","urlTemplate":"https:\/\/easyoriginal.com\/?s={search_term_string}"},"query-input":{"@type":"PropertyValueSpecification","valueRequired":true,"valueName":"search_term_string"}}],"inLanguage":"en-GB"},{"@type":"Organization","@id":"https:\/\/easyoriginal.com\/#organization","name":"EasyOriginal Verlag","url":"https:\/\/easyoriginal.com\/","logo":{"@type":"ImageObject","inLanguage":"en-GB","@id":"https:\/\/easyoriginal.com\/#\/schema\/logo\/image\/","url":"https:\/\/easyoriginal.com\/wp-content\/uploads\/2020\/08\/logo_main.png","contentUrl":"https:\/\/easyoriginal.com\/wp-content\/uploads\/2020\/08\/logo_main.png","width":500,"height":103,"caption":"EasyOriginal Verlag"},"image":{"@id":"https:\/\/easyoriginal.com\/#\/schema\/logo\/image\/"}}]}},"_links":{"self":[{"href":"https:\/\/easyoriginal.com\/en\/wp-json\/wp\/v2\/product\/15788","targetHints":{"allow":["GET"]}}],"collection":[{"href":"https:\/\/easyoriginal.com\/en\/wp-json\/wp\/v2\/product"}],"about":[{"href":"https:\/\/easyoriginal.com\/en\/wp-json\/wp\/v2\/types\/product"}],"replies":[{"embeddable":true,"href":"https:\/\/easyoriginal.com\/en\/wp-json\/wp\/v2\/comments?post=15788"}],"wp:featuredmedia":[{"embeddable":true,"href":"https:\/\/easyoriginal.com\/en\/wp-json\/wp\/v2\/media\/15795"}],"wp:attachment":[{"href":"https:\/\/easyoriginal.com\/en\/wp-json\/wp\/v2\/media?parent=15788"}],"wp:term":[{"taxonomy":"product_brand","embeddable":true,"href":"https:\/\/easyoriginal.com\/en\/wp-json\/wp\/v2\/product_brand?post=15788"},{"taxonomy":"product_cat","embeddable":true,"href":"https:\/\/easyoriginal.com\/en\/wp-json\/wp\/v2\/product_cat?post=15788"},{"taxonomy":"product_tag","embeddable":true,"href":"https:\/\/easyoriginal.com\/en\/wp-json\/wp\/v2\/product_tag?post=15788"}],"curies":[{"name":"wp","href":"https:\/\/api.w.org\/{rel}","templated":true}]}}