{"id":15722,"date":"2025-06-26T21:45:04","date_gmt":"2025-06-26T19:45:04","guid":{"rendered":"https:\/\/easyoriginal.com\/?post_type=product&#038;p=15722"},"modified":"2025-10-24T18:11:46","modified_gmt":"2025-10-24T16:11:46","slug":"la-alquimia-del-pintxo-prohibido-die-alchemie-des-verbotenen-pintxos","status":"publish","type":"product","link":"https:\/\/easyoriginal.com\/en\/shop\/modern-spanisch-frank-a1-a2\/la-alquimia-del-pintxo-prohibido-die-alchemie-des-verbotenen-pintxos\/","title":{"rendered":"La Alquimia del Pintxo Prohibido \u2014 Die Alchemie des verbotenen Pintxos"},"content":{"rendered":"<div class=\"adapted-container\">\n<p class=\"Adapted\"><span>Una noche intrigante <\/span><span class=\"Translation CharOverride-1\">(eine faszinierende Nach<\/span><span class=\"Translation\"><span class=\"No-Break CharOverride-1\">t;<\/span><\/span><span class=\"Translation\"><span class=\"Comments\"> <\/span><\/span><span class=\"Translation\"><span class=\"Comment-Words\">intrigar<\/span><\/span><span class=\"Translation\"><span class=\"No-Break\"><span class=\"Comments\"> \u2014<\/span><\/span><\/span><span class=\"Translation\"><span class=\"Comments\"> faszinieren, neugierig machen<\/span><\/span><span class=\"Translation CharOverride-1\">)<\/span><\/p>\n<p class=\"Adapted\"><span>Era una noche c\u00e1lida de verano en San Sebasti\u00e1n <\/span><span class=\"Translation CharOverride-1\">(es war eine warme Sommernacht in San Sebasti\u00e1<\/span><span class=\"Translation\"><span class=\"No-Break CharOverride-1\">n;<\/span><\/span><span class=\"Translation\"><span class=\"Comments\"> <\/span><\/span><span class=\"Translation\"><span class=\"Comment-Words\">c\u00e1lido<\/span><\/span><span class=\"Translation\"><span class=\"No-Break\"><span class=\"Comments\"> \u2014<\/span><\/span><\/span><span class=\"Translation\"><span class=\"Comments\"> warm<\/span><\/span><span class=\"Translation CharOverride-1\">)<\/span><span>. Las calles del casco viejo <\/span><span class=\"Translation CharOverride-1\">(die Stra\u00dfen der Altstad<\/span><span class=\"Translation\"><span class=\"No-Break CharOverride-1\">t;<\/span><\/span><span class=\"Translation\"><span class=\"Comments\"> <\/span><\/span><span class=\"Translation\"><span class=\"Comment-Words\">casco<\/span><\/span><span class=\"Translation\"><span class=\"Sub _idGenCharOverride-1\">m<\/span><\/span><span class=\"Translation\"><span class=\"No-Break\"><span class=\"Comments\"> \u2014<\/span><\/span><\/span><span class=\"Translation\"><span class=\"Comments\"> Hel<\/span><\/span><span class=\"Translation\"><span class=\"No-Break\"><span class=\"Comments\">m;<\/span><\/span><\/span><span class=\"Translation\"><span class=\"Comments\"> hier: Stadtkern<\/span><\/span><span class=\"Translation CharOverride-1\">)<\/span><span> estaban llenas de gente <\/span><span class=\"Translation CharOverride-1\">(waren voller Menschen)<\/span><span> que iba de bar en bar <\/span><span class=\"Translation CharOverride-1\">(die von Bar zu Bar gingen)<\/span><span>, disfrutando de los famosos pintxos de la ciudad <\/span><span class=\"Translation CharOverride-1\">(die ber\u00fchmten Pintxos der Stadt genie\u00dfen<\/span><span class=\"Translation\"><span class=\"No-Break CharOverride-1\">d;<\/span><\/span><span class=\"Translation\"><span class=\"Comments\"> <\/span><\/span><span class=\"Translation\"><span class=\"Comment-Words\">disfrutar<\/span><\/span><span class=\"Translation\"><span class=\"No-Break\"><span class=\"Comments\"> \u2014<\/span><\/span><\/span><span class=\"Translation\"><span class=\"Comments\"> genie\u00dfe<\/span><\/span><span class=\"Translation\"><span class=\"No-Break\"><span class=\"Comments\">n;<\/span><\/span><\/span><span class=\"Translation\"><span class=\"Comments\"> <\/span><\/span><span class=\"Translation\"><span class=\"Comment-Words\">fruta<\/span><\/span><span class=\"Translation\"><span class=\"Sub _idGenCharOverride-1\">f<\/span><\/span><span class=\"Translation\"><span class=\"No-Break\"><span class=\"Comments\"> \u2014<\/span><\/span><\/span><span class=\"Translation\"><span class=\"Comments\"> Fruch<\/span><\/span><span class=\"Translation\"><span class=\"No-Break\"><span class=\"Comments\">t;<\/span><\/span><\/span><span class=\"Translation\"><span class=\"Comments\"> <\/span><\/span><span class=\"Translation\"><span class=\"Comment-Words\">pintxo<\/span><\/span><span class=\"Translation\"><span class=\"Sub _idGenCharOverride-1\">m<\/span><\/span><span class=\"Translation\"><span class=\"No-Break\"><span class=\"Comments\"> \u2014<\/span><\/span><\/span><span class=\"Translation\"><span class=\"Comments\"> baskische Tapas auf Brot serviert<\/span><\/span><span class=\"Translation CharOverride-1\">)<\/span><span>. El ambiente era festivo <\/span><span class=\"Translation CharOverride-1\">(die Stimmung war festlic<\/span><span class=\"Translation\"><span class=\"No-Break CharOverride-1\">h;<\/span><\/span><span class=\"Translation\"><span class=\"Comments\"> <\/span><\/span><span class=\"Translation\"><span class=\"Comment-Words\">ambiente<\/span><\/span><span class=\"Translation\"><span class=\"Sub _idGenCharOverride-1\">m<\/span><\/span><span class=\"Translation\"><span class=\"No-Break\"><span class=\"Comments\"> \u2014<\/span><\/span><\/span><span class=\"Translation\"><span class=\"Comments\"> Atmosph\u00e4re, Stimmung<\/span><\/span><span class=\"Translation CharOverride-1\">)<\/span><span>, con risas y conversaciones animadas <\/span><span class=\"Translation CharOverride-1\">(mit Lachen und lebhaften Gespr\u00e4che<\/span><span class=\"Translation\"><span class=\"No-Break CharOverride-1\">n;<\/span><\/span><span class=\"Translation\"><span class=\"Comments\"> <\/span><\/span><span class=\"Translation\"><span class=\"Comment-Words\">animado<\/span><\/span><span class=\"Translation\"><span class=\"No-Break\"><span class=\"Comments\"> \u2014<\/span><\/span><\/span><span class=\"Translation\"><span class=\"Comments\"> lebhaft, munte<\/span><\/span><span class=\"Translation\"><span class=\"No-Break\"><span class=\"Comments\">r;<\/span><\/span><\/span><span class=\"Translation\"><span class=\"Comments\"> <\/span><\/span><span class=\"Translation\"><span class=\"Comment-Words\">animar<\/span><\/span><span class=\"Translation\"><span class=\"No-Break\"><span class=\"Comments\"> \u2014<\/span><\/span><\/span><span class=\"Translation\"><span class=\"Comments\"> beleben, ermutige<\/span><\/span><span class=\"Translation\"><span class=\"No-Break\"><span class=\"Comments\">n;<\/span><\/span><\/span><span class=\"Translation\"><span class=\"Comments\"> <\/span><\/span><span class=\"Translation\"><span class=\"Comment-Words\">\u00e1nimo<\/span><\/span><span class=\"Translation\"><span class=\"Sub _idGenCharOverride-1\">m<\/span><\/span><span class=\"Translation\"><span class=\"No-Break\"><span class=\"Comments\"> \u2014<\/span><\/span><\/span><span class=\"Translation\"><span class=\"Comments\"> Stimmung, Mut<\/span><\/span><span class=\"Translation CharOverride-1\">)<\/span><span> que llenaban el aire <\/span><span class=\"Translation CharOverride-1\">(die die Luft erf\u00fcllten)<\/span><span>.<\/span><\/p>\n<\/div>\n<audio class=\"wp-audio-shortcode\" id=\"audio-15722-1\" preload=\"none\" style=\"width: 100%;\" controls=\"controls\"><source type=\"audio\/mpeg\" src=\"https:\/\/easyoriginal1.s3.eu-central-1.amazonaws.com\/spanisch\/s34\/001.mp3?_=1\" \/><a href=\"https:\/\/easyoriginal1.s3.eu-central-1.amazonaws.com\/spanisch\/s34\/001.mp3\">https:\/\/easyoriginal1.s3.eu-central-1.amazonaws.com\/spanisch\/s34\/001.mp3<\/a><\/audio>\n<div class=\"original-container\">\n<p class=\"Original\" lang=\"es-ES\">Una noche intrigante<\/p>\n<p class=\"Original\" lang=\"es-ES\">Era una noche c\u00e1lida de verano en San Sebasti\u00e1n. Las calles del casco viejo estaban llenas de gente que iba de bar en bar, disfrutando de los famosos pintxos de la ciudad. El ambiente era festivo, con risas y conversaciones animadas que llenaban el aire.<\/p>\n<\/div>","protected":false},"excerpt":{"rendered":"<p>In den verwinkelten Gassen von San Sebasti\u00e1n entfaltet sich ein kulinarisches Mysterium, das die Sinne berauscht und die Erinnerungen l\u00f6scht. Als die talentierte Chefk\u00f6chin Adriana Mendoza von einem Pintxo erf\u00e4hrt, das Gl\u00fccksgef\u00fchle entfacht \u2013 aber die Erinnerungen seiner Genie\u00dfer ausl\u00f6scht \u2013, beginnt sie eine riskante Jagd nach der Wahrheit. Gemeinsam mit ihren Freunden taucht sie in die verborgenen Geheimnisse der baskischen K\u00fcche ein und st\u00f6\u00dft auf eine vergessene Zutat, die seit Jahrhunderten als Legende galt.<br \/>\nDoch ist sie bereit, das Gleichgewicht zwischen Tradition und Innovation herauszufordern? Und was geschieht, wenn Genuss zur Gefahr wird?<br \/>\nLa Alquimia del Pintxo Prohibido ist ein fesselnder kulinarischer Thriller voller Geschmacksexplosionen, gastronomischer Intrigen und einer Stadt, die in ihren Tavernen mehr als nur kulinarische Gen\u00fcsse birgt.<br \/>\nZweisprachiges Buch Spanisch-Deutsch.<\/p>","protected":false},"featured_media":15729,"comment_status":"open","ping_status":"closed","template":"","meta":{"_acf_changed":false,"_et_pb_use_builder":"off","_et_pb_old_content":"<div class=\"adapted-container\">\r\n<p class=\"Adapted\"><span class=\"Bold\">Hace mucho tiempo que ten\u00eda ganas de escribir <\/span><span class=\"Translation\">(seit langer Zeit hatte ich Lust zu schreiben; <\/span><span class=\"Translation\"><span class=\"Comment-Words\">tener<\/span><\/span><span class=\"Translation\"><span class=\"Comments\"> \u2014 haben<\/span><\/span><span class=\"Translation\">)<\/span><span class=\"Bold\"> cualquier cosa con este t\u00edtulo <\/span><span class=\"Translation\">(irgendetwas mit diesem Titel)<\/span><span class=\"Bold\">.<\/span><\/p>\r\n<p class=\"Adapted\"><span class=\"Bold\">Hoy<a id=\"_idTextAnchor001\"><\/a>, que se me ha presentado ocasi\u00f3n <\/span><span class=\"Translation\">(heute, wo sich mir \/eine\/ Gelegenheit geboten hat; <\/span><span class=\"Translation\"><span class=\"Comment-Words\">presentar<\/span><\/span><span class=\"Translation\"><span class=\"Comments\"> \u2014 zeigen; vorstellen<\/span><\/span><span class=\"Translation\">)<\/span><span class=\"Bold\">, lo he puesto con letras grandes <\/span><span class=\"Translation\">(das habe ich in gro\u00dfen Buchstaben gesetzt = habe ich es in Gro\u00dfbuchstaben gesetzt; <\/span><span class=\"Translation\"><span class=\"Comment-Words\">poner<\/span><\/span><span class=\"Translation\"><span class=\"Comments\"> \u2014 setzen; stellen; legen<\/span><\/span><span class=\"Translation\">)<\/span><span class=\"Bold\"> en la primera cuartilla de papel <\/span><span class=\"Translation\">(auf das erste Blatt: \u00abauf das erste Viertelpapier\u00bb; <\/span><span class=\"Translation\"><span class=\"Comment-Words\">cuarto<\/span><\/span><span class=\"Translation\"><span class=\"Gender _idGenCharOverride-1\">m <\/span><\/span><span class=\"Translation\"><span class=\"Comments\">\u2014 Viertel<\/span><\/span><span class=\"Translation\">)<\/span><span class=\"Bold\">, y luego he dejado a capricho volar la pluma <\/span><span class=\"Translation\">(und dann habe ich nach Belieben die Feder fliegen lassen; <\/span><span class=\"Translation\"><span class=\"Comment-Words\">dejar<\/span><\/span><span class=\"Translation\"><span class=\"Comments\"> \u2014 lassen; <\/span><\/span><span class=\"Translation\"><span class=\"Comment-Words\">capricho<\/span><\/span><span class=\"Translation\"><span class=\"Gender _idGenCharOverride-1\">m <\/span><\/span><span class=\"Translation\"><span class=\"Comments\">\u2014 Laune<\/span><\/span><span class=\"Translation\">)<\/span><span class=\"Bold\">.<\/span><\/p>\r\n\r\n<\/div>\r\n[audio mp3=\"https:\/\/easyoriginal1.s3.eu-central-1.amazonaws.com\/spanisch\/s1\/1.mp3\"][\/audio]\r\n<div class=\"original-container\">\r\n<p class=\"Original\">Hace mucho tiempo que ten\u00eda ganas de escribir cualquier cosa con este t\u00edtulo.<\/p>\r\n<p class=\"Original\">Hoy, que se me ha presentado ocasi\u00f3n, lo he puesto con letras grandes en la primera cuartilla de papel, y luego he dejado a capricho volar la pluma.<\/p>\r\n\r\n<\/div>\r\n<a class=\"weiter\" href=\"\/webreader\/los-ojos-verdes\/fragment\/1-4-2\/\">weiter lesen<\/a>","_et_gb_content_width":""},"product_brand":[],"product_cat":[269],"product_tag":[164,81],"class_list":{"0":"post-15722","1":"product","2":"type-product","3":"status-publish","4":"has-post-thumbnail","6":"product_cat-modern-spanisch-frank-a1-a2","7":"product_tag-anfaenger","8":"product_tag-krimi","10":"first","11":"instock","12":"taxable","13":"shipping-taxable","14":"purchasable","15":"product-type-variable"},"acf":[],"yoast_head":"<!-- This site is optimized with the Yoast SEO plugin v27.3 - https:\/\/yoast.com\/product\/yoast-seo-wordpress\/ -->\n<title>La Alquimia del Pintxo Prohibido \u2014 Die Alchemie des verbotenen Pintxos - EasyOriginal.com<\/title>\n<meta name=\"robots\" content=\"index, follow, max-snippet:-1, max-image-preview:large, max-video-preview:-1\" \/>\n<link rel=\"canonical\" href=\"https:\/\/easyoriginal.com\/en\/shop\/modern-spanisch-frank-a1-a2\/la-alquimia-del-pintxo-prohibido-die-alchemie-des-verbotenen-pintxos\/\" \/>\n<meta property=\"og:locale\" content=\"en_GB\" \/>\n<meta property=\"og:type\" content=\"article\" \/>\n<meta property=\"og:title\" content=\"La Alquimia del Pintxo Prohibido \u2014 Die Alchemie des verbotenen Pintxos - EasyOriginal.com\" \/>\n<meta property=\"og:description\" content=\"In den verwinkelten Gassen von San Sebasti\u00e1n entfaltet sich ein kulinarisches Mysterium, das die Sinne berauscht und die Erinnerungen l\u00f6scht. Als die talentierte Chefk\u00f6chin Adriana Mendoza von einem Pintxo erf\u00e4hrt, das Gl\u00fccksgef\u00fchle entfacht \u2013 aber die Erinnerungen seiner Genie\u00dfer ausl\u00f6scht \u2013, beginnt sie eine riskante Jagd nach der Wahrheit. Gemeinsam mit ihren Freunden taucht sie in die verborgenen Geheimnisse der baskischen K\u00fcche ein und st\u00f6\u00dft auf eine vergessene Zutat, die seit Jahrhunderten als Legende galt. Doch ist sie bereit, das Gleichgewicht zwischen Tradition und Innovation herauszufordern? Und was geschieht, wenn Genuss zur Gefahr wird? La Alquimia del Pintxo Prohibido ist ein fesselnder kulinarischer Thriller voller Geschmacksexplosionen, gastronomischer Intrigen und einer Stadt, die in ihren Tavernen mehr als nur kulinarische Gen\u00fcsse birgt. Zweisprachiges Buch Spanisch-Deutsch.\" \/>\n<meta property=\"og:url\" content=\"https:\/\/easyoriginal.com\/en\/shop\/modern-spanisch-frank-a1-a2\/la-alquimia-del-pintxo-prohibido-die-alchemie-des-verbotenen-pintxos\/\" \/>\n<meta property=\"og:site_name\" content=\"EasyOriginal.com\" \/>\n<meta property=\"article:modified_time\" content=\"2025-10-24T16:11:46+00:00\" \/>\n<meta property=\"og:image\" content=\"https:\/\/easyoriginal.com\/wp-content\/uploads\/La_Alquimia_del_Pintxo_Prohibido_printcover.jpg\" \/>\n\t<meta property=\"og:image:width\" content=\"1600\" \/>\n\t<meta property=\"og:image:height\" content=\"2400\" \/>\n\t<meta property=\"og:image:type\" content=\"image\/jpeg\" \/>\n<meta name=\"twitter:card\" content=\"summary_large_image\" \/>\n<meta name=\"twitter:label1\" content=\"Estimated reading time\" \/>\n\t<meta name=\"twitter:data1\" content=\"1 minute\" \/>\n<script type=\"application\/ld+json\" class=\"yoast-schema-graph\">{\"@context\":\"https:\\\/\\\/schema.org\",\"@graph\":[{\"@type\":\"WebPage\",\"@id\":\"https:\\\/\\\/easyoriginal.com\\\/shop\\\/modern-spanisch-frank-a1-a2\\\/la-alquimia-del-pintxo-prohibido-die-alchemie-des-verbotenen-pintxos\\\/\",\"url\":\"https:\\\/\\\/easyoriginal.com\\\/shop\\\/modern-spanisch-frank-a1-a2\\\/la-alquimia-del-pintxo-prohibido-die-alchemie-des-verbotenen-pintxos\\\/\",\"name\":\"La Alquimia del Pintxo Prohibido \u2014 Die Alchemie des verbotenen Pintxos - EasyOriginal.com\",\"isPartOf\":{\"@id\":\"https:\\\/\\\/easyoriginal.com\\\/#website\"},\"primaryImageOfPage\":{\"@id\":\"https:\\\/\\\/easyoriginal.com\\\/shop\\\/modern-spanisch-frank-a1-a2\\\/la-alquimia-del-pintxo-prohibido-die-alchemie-des-verbotenen-pintxos\\\/#primaryimage\"},\"image\":{\"@id\":\"https:\\\/\\\/easyoriginal.com\\\/shop\\\/modern-spanisch-frank-a1-a2\\\/la-alquimia-del-pintxo-prohibido-die-alchemie-des-verbotenen-pintxos\\\/#primaryimage\"},\"thumbnailUrl\":\"https:\\\/\\\/easyoriginal.com\\\/wp-content\\\/uploads\\\/La_Alquimia_del_Pintxo_Prohibido_printcover.jpg\",\"datePublished\":\"2025-06-26T19:45:04+00:00\",\"dateModified\":\"2025-10-24T16:11:46+00:00\",\"breadcrumb\":{\"@id\":\"https:\\\/\\\/easyoriginal.com\\\/shop\\\/modern-spanisch-frank-a1-a2\\\/la-alquimia-del-pintxo-prohibido-die-alchemie-des-verbotenen-pintxos\\\/#breadcrumb\"},\"inLanguage\":\"en-GB\",\"potentialAction\":[{\"@type\":\"ReadAction\",\"target\":[\"https:\\\/\\\/easyoriginal.com\\\/shop\\\/modern-spanisch-frank-a1-a2\\\/la-alquimia-del-pintxo-prohibido-die-alchemie-des-verbotenen-pintxos\\\/\"]}]},{\"@type\":\"ImageObject\",\"inLanguage\":\"en-GB\",\"@id\":\"https:\\\/\\\/easyoriginal.com\\\/shop\\\/modern-spanisch-frank-a1-a2\\\/la-alquimia-del-pintxo-prohibido-die-alchemie-des-verbotenen-pintxos\\\/#primaryimage\",\"url\":\"https:\\\/\\\/easyoriginal.com\\\/wp-content\\\/uploads\\\/La_Alquimia_del_Pintxo_Prohibido_printcover.jpg\",\"contentUrl\":\"https:\\\/\\\/easyoriginal.com\\\/wp-content\\\/uploads\\\/La_Alquimia_del_Pintxo_Prohibido_printcover.jpg\",\"width\":1600,\"height\":2400},{\"@type\":\"BreadcrumbList\",\"@id\":\"https:\\\/\\\/easyoriginal.com\\\/shop\\\/modern-spanisch-frank-a1-a2\\\/la-alquimia-del-pintxo-prohibido-die-alchemie-des-verbotenen-pintxos\\\/#breadcrumb\",\"itemListElement\":[{\"@type\":\"ListItem\",\"position\":1,\"name\":\"Startseite\",\"item\":\"https:\\\/\\\/easyoriginal.com\\\/\"},{\"@type\":\"ListItem\",\"position\":2,\"name\":\"Shop\",\"item\":\"https:\\\/\\\/easyoriginal.com\\\/shop\\\/\"},{\"@type\":\"ListItem\",\"position\":3,\"name\":\"La Alquimia del Pintxo Prohibido \u2014 Die Alchemie des verbotenen Pintxos\"}]},{\"@type\":\"WebSite\",\"@id\":\"https:\\\/\\\/easyoriginal.com\\\/#website\",\"url\":\"https:\\\/\\\/easyoriginal.com\\\/\",\"name\":\"EasyOriginal.com\",\"description\":\"Spa\u00df am Lesen im Original - Innovative Lesemethode f\u00fcr Fremdsprachen\",\"publisher\":{\"@id\":\"https:\\\/\\\/easyoriginal.com\\\/#organization\"},\"potentialAction\":[{\"@type\":\"SearchAction\",\"target\":{\"@type\":\"EntryPoint\",\"urlTemplate\":\"https:\\\/\\\/easyoriginal.com\\\/?s={search_term_string}\"},\"query-input\":{\"@type\":\"PropertyValueSpecification\",\"valueRequired\":true,\"valueName\":\"search_term_string\"}}],\"inLanguage\":\"en-GB\"},{\"@type\":\"Organization\",\"@id\":\"https:\\\/\\\/easyoriginal.com\\\/#organization\",\"name\":\"EasyOriginal Verlag\",\"url\":\"https:\\\/\\\/easyoriginal.com\\\/\",\"logo\":{\"@type\":\"ImageObject\",\"inLanguage\":\"en-GB\",\"@id\":\"https:\\\/\\\/easyoriginal.com\\\/#\\\/schema\\\/logo\\\/image\\\/\",\"url\":\"https:\\\/\\\/easyoriginal.com\\\/wp-content\\\/uploads\\\/2020\\\/08\\\/logo_main.png\",\"contentUrl\":\"https:\\\/\\\/easyoriginal.com\\\/wp-content\\\/uploads\\\/2020\\\/08\\\/logo_main.png\",\"width\":500,\"height\":103,\"caption\":\"EasyOriginal Verlag\"},\"image\":{\"@id\":\"https:\\\/\\\/easyoriginal.com\\\/#\\\/schema\\\/logo\\\/image\\\/\"}}]}<\/script>\n<!-- \/ Yoast SEO plugin. -->","yoast_head_json":{"title":"La Alquimia del Pintxo Prohibido \u2014 Die Alchemie des verbotenen Pintxos - EasyOriginal.com","robots":{"index":"index","follow":"follow","max-snippet":"max-snippet:-1","max-image-preview":"max-image-preview:large","max-video-preview":"max-video-preview:-1"},"canonical":"https:\/\/easyoriginal.com\/en\/shop\/modern-spanisch-frank-a1-a2\/la-alquimia-del-pintxo-prohibido-die-alchemie-des-verbotenen-pintxos\/","og_locale":"en_GB","og_type":"article","og_title":"La Alquimia del Pintxo Prohibido \u2014 Die Alchemie des verbotenen Pintxos - EasyOriginal.com","og_description":"In den verwinkelten Gassen von San Sebasti\u00e1n entfaltet sich ein kulinarisches Mysterium, das die Sinne berauscht und die Erinnerungen l\u00f6scht. Als die talentierte Chefk\u00f6chin Adriana Mendoza von einem Pintxo erf\u00e4hrt, das Gl\u00fccksgef\u00fchle entfacht \u2013 aber die Erinnerungen seiner Genie\u00dfer ausl\u00f6scht \u2013, beginnt sie eine riskante Jagd nach der Wahrheit. Gemeinsam mit ihren Freunden taucht sie in die verborgenen Geheimnisse der baskischen K\u00fcche ein und st\u00f6\u00dft auf eine vergessene Zutat, die seit Jahrhunderten als Legende galt. Doch ist sie bereit, das Gleichgewicht zwischen Tradition und Innovation herauszufordern? Und was geschieht, wenn Genuss zur Gefahr wird? La Alquimia del Pintxo Prohibido ist ein fesselnder kulinarischer Thriller voller Geschmacksexplosionen, gastronomischer Intrigen und einer Stadt, die in ihren Tavernen mehr als nur kulinarische Gen\u00fcsse birgt. Zweisprachiges Buch Spanisch-Deutsch.","og_url":"https:\/\/easyoriginal.com\/en\/shop\/modern-spanisch-frank-a1-a2\/la-alquimia-del-pintxo-prohibido-die-alchemie-des-verbotenen-pintxos\/","og_site_name":"EasyOriginal.com","article_modified_time":"2025-10-24T16:11:46+00:00","og_image":[{"width":1600,"height":2400,"url":"https:\/\/easyoriginal.com\/wp-content\/uploads\/La_Alquimia_del_Pintxo_Prohibido_printcover.jpg","type":"image\/jpeg"}],"twitter_card":"summary_large_image","twitter_misc":{"Estimated reading time":"1 minute"},"schema":{"@context":"https:\/\/schema.org","@graph":[{"@type":"WebPage","@id":"https:\/\/easyoriginal.com\/shop\/modern-spanisch-frank-a1-a2\/la-alquimia-del-pintxo-prohibido-die-alchemie-des-verbotenen-pintxos\/","url":"https:\/\/easyoriginal.com\/shop\/modern-spanisch-frank-a1-a2\/la-alquimia-del-pintxo-prohibido-die-alchemie-des-verbotenen-pintxos\/","name":"La Alquimia del Pintxo Prohibido \u2014 Die Alchemie des verbotenen Pintxos - EasyOriginal.com","isPartOf":{"@id":"https:\/\/easyoriginal.com\/#website"},"primaryImageOfPage":{"@id":"https:\/\/easyoriginal.com\/shop\/modern-spanisch-frank-a1-a2\/la-alquimia-del-pintxo-prohibido-die-alchemie-des-verbotenen-pintxos\/#primaryimage"},"image":{"@id":"https:\/\/easyoriginal.com\/shop\/modern-spanisch-frank-a1-a2\/la-alquimia-del-pintxo-prohibido-die-alchemie-des-verbotenen-pintxos\/#primaryimage"},"thumbnailUrl":"https:\/\/easyoriginal.com\/wp-content\/uploads\/La_Alquimia_del_Pintxo_Prohibido_printcover.jpg","datePublished":"2025-06-26T19:45:04+00:00","dateModified":"2025-10-24T16:11:46+00:00","breadcrumb":{"@id":"https:\/\/easyoriginal.com\/shop\/modern-spanisch-frank-a1-a2\/la-alquimia-del-pintxo-prohibido-die-alchemie-des-verbotenen-pintxos\/#breadcrumb"},"inLanguage":"en-GB","potentialAction":[{"@type":"ReadAction","target":["https:\/\/easyoriginal.com\/shop\/modern-spanisch-frank-a1-a2\/la-alquimia-del-pintxo-prohibido-die-alchemie-des-verbotenen-pintxos\/"]}]},{"@type":"ImageObject","inLanguage":"en-GB","@id":"https:\/\/easyoriginal.com\/shop\/modern-spanisch-frank-a1-a2\/la-alquimia-del-pintxo-prohibido-die-alchemie-des-verbotenen-pintxos\/#primaryimage","url":"https:\/\/easyoriginal.com\/wp-content\/uploads\/La_Alquimia_del_Pintxo_Prohibido_printcover.jpg","contentUrl":"https:\/\/easyoriginal.com\/wp-content\/uploads\/La_Alquimia_del_Pintxo_Prohibido_printcover.jpg","width":1600,"height":2400},{"@type":"BreadcrumbList","@id":"https:\/\/easyoriginal.com\/shop\/modern-spanisch-frank-a1-a2\/la-alquimia-del-pintxo-prohibido-die-alchemie-des-verbotenen-pintxos\/#breadcrumb","itemListElement":[{"@type":"ListItem","position":1,"name":"Startseite","item":"https:\/\/easyoriginal.com\/"},{"@type":"ListItem","position":2,"name":"Shop","item":"https:\/\/easyoriginal.com\/shop\/"},{"@type":"ListItem","position":3,"name":"La Alquimia del Pintxo Prohibido \u2014 Die Alchemie des verbotenen Pintxos"}]},{"@type":"WebSite","@id":"https:\/\/easyoriginal.com\/#website","url":"https:\/\/easyoriginal.com\/","name":"EasyOriginal.com","description":"Spa\u00df am Lesen im Original - Innovative Lesemethode f\u00fcr Fremdsprachen","publisher":{"@id":"https:\/\/easyoriginal.com\/#organization"},"potentialAction":[{"@type":"SearchAction","target":{"@type":"EntryPoint","urlTemplate":"https:\/\/easyoriginal.com\/?s={search_term_string}"},"query-input":{"@type":"PropertyValueSpecification","valueRequired":true,"valueName":"search_term_string"}}],"inLanguage":"en-GB"},{"@type":"Organization","@id":"https:\/\/easyoriginal.com\/#organization","name":"EasyOriginal Verlag","url":"https:\/\/easyoriginal.com\/","logo":{"@type":"ImageObject","inLanguage":"en-GB","@id":"https:\/\/easyoriginal.com\/#\/schema\/logo\/image\/","url":"https:\/\/easyoriginal.com\/wp-content\/uploads\/2020\/08\/logo_main.png","contentUrl":"https:\/\/easyoriginal.com\/wp-content\/uploads\/2020\/08\/logo_main.png","width":500,"height":103,"caption":"EasyOriginal Verlag"},"image":{"@id":"https:\/\/easyoriginal.com\/#\/schema\/logo\/image\/"}}]}},"_links":{"self":[{"href":"https:\/\/easyoriginal.com\/en\/wp-json\/wp\/v2\/product\/15722","targetHints":{"allow":["GET"]}}],"collection":[{"href":"https:\/\/easyoriginal.com\/en\/wp-json\/wp\/v2\/product"}],"about":[{"href":"https:\/\/easyoriginal.com\/en\/wp-json\/wp\/v2\/types\/product"}],"replies":[{"embeddable":true,"href":"https:\/\/easyoriginal.com\/en\/wp-json\/wp\/v2\/comments?post=15722"}],"wp:featuredmedia":[{"embeddable":true,"href":"https:\/\/easyoriginal.com\/en\/wp-json\/wp\/v2\/media\/15729"}],"wp:attachment":[{"href":"https:\/\/easyoriginal.com\/en\/wp-json\/wp\/v2\/media?parent=15722"}],"wp:term":[{"taxonomy":"product_brand","embeddable":true,"href":"https:\/\/easyoriginal.com\/en\/wp-json\/wp\/v2\/product_brand?post=15722"},{"taxonomy":"product_cat","embeddable":true,"href":"https:\/\/easyoriginal.com\/en\/wp-json\/wp\/v2\/product_cat?post=15722"},{"taxonomy":"product_tag","embeddable":true,"href":"https:\/\/easyoriginal.com\/en\/wp-json\/wp\/v2\/product_tag?post=15722"}],"curies":[{"name":"wp","href":"https:\/\/api.w.org\/{rel}","templated":true}]}}