{"id":15715,"date":"2025-06-26T21:35:27","date_gmt":"2025-06-26T19:35:27","guid":{"rendered":"https:\/\/easyoriginal.com\/?post_type=product&#038;p=15715"},"modified":"2025-10-24T18:11:45","modified_gmt":"2025-10-24T16:11:45","slug":"el-codigo-del-cacao-perdido-der-code-der-verlorenen-kakaobohne","status":"publish","type":"product","link":"https:\/\/easyoriginal.com\/en\/shop\/modern-spanisch-frank-a1-a2\/el-codigo-del-cacao-perdido-der-code-der-verlorenen-kakaobohne\/","title":{"rendered":"El C\u00f3digo del Cacao Perdido \u2014 Der Code der verlorenen Kakaobohne"},"content":{"rendered":"<div class=\"adapted-container\">\n<p class=\"Adapted\"><span>Una dulce lecci\u00f3n <\/span><span class=\"Translation CharOverride-1\">(eine s\u00fc\u00dfe Lektion)<\/span><\/p>\n<p class=\"Adapted\"><span>Era una tarde soleada en San Sebasti\u00e1n <\/span><span class=\"Translation CharOverride-1\">(es war ein sonniger Nachmittag in San Sebasti\u00e1<\/span><span class=\"Translation\"><span class=\"No-Break CharOverride-1\">n<\/span><\/span><span class=\"Translation\"><span class=\"No-Break\"><span class=\"Comments\">;<\/span><\/span><\/span><span class=\"Translation\"><span class=\"Comments\"> <\/span><\/span><span class=\"Translation CharOverride-2\">soleado<\/span><span class=\"Translation\"><span class=\"No-Break\"><span class=\"Comments\"> \u2014<\/span><\/span><\/span><span class=\"Translation\"><span class=\"Comments\"> sonni<\/span><\/span><span class=\"Translation\"><span class=\"No-Break\"><span class=\"Comments\">g;<\/span><\/span><\/span><span class=\"Translation\"><span class=\"Comments\"> <\/span><\/span><span class=\"Translation CharOverride-2\">sol<\/span><span class=\"Translation\"><span class=\"Gender CharOverride-3\">m<\/span><\/span><span class=\"Translation\"><span class=\"No-Break\"><span class=\"Comments\"> \u2014<\/span><\/span><\/span><span class=\"Translation\"><span class=\"Comments\"> Sonne<\/span><\/span><span class=\"Translation CharOverride-1\">)<\/span><span>. En la Escuela Culinaria Donostia <\/span><span class=\"Translation CharOverride-1\">(in der Kochschule Donosti<\/span><span class=\"Translation\"><span class=\"No-Break CharOverride-1\">a;<\/span><\/span><span class=\"Translation\"><span class=\"Comments\"> <\/span><\/span><span class=\"Translation CharOverride-2\">Donostia<\/span><span class=\"Translation\"><span class=\"No-Break\"><span class=\"Comments\"> \u2014<\/span><\/span><\/span><span class=\"Translation\"><span class=\"Comments\"> baskischer Name f\u00fcr San Sebasti\u00e1n<\/span><\/span><span class=\"Translation CharOverride-1\">)<\/span><span>, el aroma a chocolate llenaba el aire del laboratorio de confiter\u00eda <\/span><span class=\"Translation CharOverride-1\">(erf\u00fcllte der Duft von Schokolade die Luft des Konditoreiwerkstat<\/span><span class=\"Translation\"><span class=\"No-Break CharOverride-1\">t;<\/span><\/span><span class=\"Translation\"><span class=\"Comments\"> <\/span><\/span><span class=\"Translation CharOverride-2\">llenar<\/span><span class=\"Translation\"><span class=\"No-Break\"><span class=\"Comments\"> \u2014<\/span><\/span><\/span><span class=\"Translation\"><span class=\"Comments\"> f\u00fcllen, erf\u00fcllen<\/span><\/span><span class=\"Translation CharOverride-1\">)<\/span><span>. Adriana Mendoza, con su cabello negro recogido en un mo\u00f1o impecable <\/span><span class=\"Translation CharOverride-1\">(Adriana Mendoza mit ihrem schwarzen Haar zu einem makellosen Dutt zusammengefass<\/span><span class=\"Translation\"><span class=\"No-Break CharOverride-1\">t;<\/span><\/span><span class=\"Translation\"><span class=\"Comments\"> <\/span><\/span><span class=\"Translation CharOverride-2\">recoger<\/span><span class=\"Translation\"><span class=\"No-Break\"><span class=\"Comments\"> \u2014<\/span><\/span><\/span><span class=\"Translation\"><span class=\"Comments\"> zusammenfassen, hochstecke<\/span><\/span><span class=\"Translation\"><span class=\"No-Break\"><span class=\"Comments\">n;<\/span><\/span><\/span><span class=\"Translation\"><span class=\"Comments\"> <\/span><\/span><span class=\"Translation CharOverride-2\">mo\u00f1o<\/span><span class=\"Translation\"><span class=\"Gender CharOverride-3\">m<\/span><\/span><span class=\"Translation\"><span class=\"No-Break\"><span class=\"Comments\"> \u2014<\/span><\/span><\/span><span class=\"Translation\"><span class=\"Comments\"> Dutt, Haarknoten<\/span><\/span><span class=\"Translation CharOverride-1\">)<\/span><span> y sus ojos verdes brillando de emoci\u00f3n <\/span><span class=\"Translation CharOverride-1\">(und ihren gr\u00fcnen Augen vor Aufregung leuchten<\/span><span class=\"Translation\"><span class=\"No-Break CharOverride-1\">d;<\/span><\/span><span class=\"Translation\"><span class=\"Comments\"> <\/span><\/span><span class=\"Translation CharOverride-2\">brillar<\/span><span class=\"Translation\"><span class=\"No-Break CharOverride-1\" lang=\"ar-SA\"> \u2014<\/span><\/span><span class=\"Translation CharOverride-1\" lang=\"ar-SA\"> gl\u00e4nzen, leuchten<\/span><span class=\"Translation CharOverride-1\">)<\/span><span>, estaba rodeada de sus estudiantes <\/span><span class=\"Translation CharOverride-1\">(war von ihren Sch\u00fclern umgeben)<\/span><span>.<\/span><\/p>\n<\/div>\n<audio class=\"wp-audio-shortcode\" id=\"audio-15715-1\" preload=\"none\" style=\"width: 100%;\" controls=\"controls\"><source type=\"audio\/mpeg\" src=\"https:\/\/easyoriginal1.s3.eu-central-1.amazonaws.com\/spanisch\/s33\/001.mp3?_=1\" \/><a href=\"https:\/\/easyoriginal1.s3.eu-central-1.amazonaws.com\/spanisch\/s33\/001.mp3\">https:\/\/easyoriginal1.s3.eu-central-1.amazonaws.com\/spanisch\/s33\/001.mp3<\/a><\/audio>\n<div class=\"original-container\">\n<p class=\"Original\" lang=\"es-ES\">Una dulce lecci\u00f3n <\/p>\n<p class=\"Original\" lang=\"es-ES\">Era una tarde soleada en San Sebasti\u00e1n. En la Escuela Culinaria Donostia, el aroma a chocolate llenaba el aire del laboratorio de confiter\u00eda. Adriana Mendoza, con su cabello negro recogido en un mo\u00f1o impecable y sus ojos verdes brillando de emoci\u00f3n, estaba rodeada de sus estudiantes.<\/p>\n<\/div>","protected":false},"excerpt":{"rendered":"<p>In den duftenden Stra\u00dfen von San Sebasti\u00e1n beginnt ein s\u00fc\u00dfes Geheimnis zu schmelzen\u2026<br \/>\nAdriana Mendoza, eine brillante Chocolati\u00e8re und Dozentin an der renommierten Escuela Culinaria Donostia, ahnt nicht, dass ihr Wissen \u00fcber Schokolade bald auf eine ganz neue Probe gestellt wird. Als der ber\u00fchmte Chocolatier Eneko Aranbarri verk\u00fcndet, eine l\u00e4ngst vergessene aztekische Kakaosorte wiederentdeckt zu haben, sorgt diese Nachricht f\u00fcr Furore. Doch bevor die Welt seinen sensationellen Fund kosten kann, wird sein Labor verw\u00fcstet \u2013 und die wertvollen Kakaosamen sind verschwunden.<br \/>\nEin aromatisches Mysterium entfaltet sich, w\u00e4hrend Adriana und ihr Team sich auf die Suche nach der Wahrheit machen. Wer steckt hinter dem Diebstahl? Welche Geheimnisse verbirgt der \u201eCode des Kakaos\u201c? Und kann ein einziger Geschmack die Geschichte der Schokolade f\u00fcr immer ver\u00e4ndern?<br \/>\nEin raffinierter kulinarischer Krimi voller sinnlicher Aromen, alter Traditionen und spannender Enth\u00fcllungen \u2013 perfekt f\u00fcr alle Schokoladenliebhaber und Fans fesselnder R\u00e4tsel!<br \/>\nZweisprachiges Buch Spanisch-Deutsch.<\/p>","protected":false},"featured_media":15720,"comment_status":"open","ping_status":"closed","template":"","meta":{"_acf_changed":false,"_et_pb_use_builder":"off","_et_pb_old_content":"<div class=\"adapted-container\">\r\n<p class=\"Adapted\"><span class=\"Bold\">Hace mucho tiempo que ten\u00eda ganas de escribir <\/span><span class=\"Translation\">(seit langer Zeit hatte ich Lust zu schreiben; <\/span><span class=\"Translation\"><span class=\"Comment-Words\">tener<\/span><\/span><span class=\"Translation\"><span class=\"Comments\"> \u2014 haben<\/span><\/span><span class=\"Translation\">)<\/span><span class=\"Bold\"> cualquier cosa con este t\u00edtulo <\/span><span class=\"Translation\">(irgendetwas mit diesem Titel)<\/span><span class=\"Bold\">.<\/span><\/p>\r\n<p class=\"Adapted\"><span class=\"Bold\">Hoy<a id=\"_idTextAnchor001\"><\/a>, que se me ha presentado ocasi\u00f3n <\/span><span class=\"Translation\">(heute, wo sich mir \/eine\/ Gelegenheit geboten hat; <\/span><span class=\"Translation\"><span class=\"Comment-Words\">presentar<\/span><\/span><span class=\"Translation\"><span class=\"Comments\"> \u2014 zeigen; vorstellen<\/span><\/span><span class=\"Translation\">)<\/span><span class=\"Bold\">, lo he puesto con letras grandes <\/span><span class=\"Translation\">(das habe ich in gro\u00dfen Buchstaben gesetzt = habe ich es in Gro\u00dfbuchstaben gesetzt; <\/span><span class=\"Translation\"><span class=\"Comment-Words\">poner<\/span><\/span><span class=\"Translation\"><span class=\"Comments\"> \u2014 setzen; stellen; legen<\/span><\/span><span class=\"Translation\">)<\/span><span class=\"Bold\"> en la primera cuartilla de papel <\/span><span class=\"Translation\">(auf das erste Blatt: \u00abauf das erste Viertelpapier\u00bb; <\/span><span class=\"Translation\"><span class=\"Comment-Words\">cuarto<\/span><\/span><span class=\"Translation\"><span class=\"Gender _idGenCharOverride-1\">m <\/span><\/span><span class=\"Translation\"><span class=\"Comments\">\u2014 Viertel<\/span><\/span><span class=\"Translation\">)<\/span><span class=\"Bold\">, y luego he dejado a capricho volar la pluma <\/span><span class=\"Translation\">(und dann habe ich nach Belieben die Feder fliegen lassen; <\/span><span class=\"Translation\"><span class=\"Comment-Words\">dejar<\/span><\/span><span class=\"Translation\"><span class=\"Comments\"> \u2014 lassen; <\/span><\/span><span class=\"Translation\"><span class=\"Comment-Words\">capricho<\/span><\/span><span class=\"Translation\"><span class=\"Gender _idGenCharOverride-1\">m <\/span><\/span><span class=\"Translation\"><span class=\"Comments\">\u2014 Laune<\/span><\/span><span class=\"Translation\">)<\/span><span class=\"Bold\">.<\/span><\/p>\r\n\r\n<\/div>\r\n[audio mp3=\"https:\/\/easyoriginal1.s3.eu-central-1.amazonaws.com\/spanisch\/s1\/1.mp3\"][\/audio]\r\n<div class=\"original-container\">\r\n<p class=\"Original\">Hace mucho tiempo que ten\u00eda ganas de escribir cualquier cosa con este t\u00edtulo.<\/p>\r\n<p class=\"Original\">Hoy, que se me ha presentado ocasi\u00f3n, lo he puesto con letras grandes en la primera cuartilla de papel, y luego he dejado a capricho volar la pluma.<\/p>\r\n\r\n<\/div>\r\n<a class=\"weiter\" href=\"\/webreader\/los-ojos-verdes\/fragment\/1-4-2\/\">weiter lesen<\/a>","_et_gb_content_width":""},"product_brand":[],"product_cat":[269],"product_tag":[164,81],"class_list":{"0":"post-15715","1":"product","2":"type-product","3":"status-publish","4":"has-post-thumbnail","6":"product_cat-modern-spanisch-frank-a1-a2","7":"product_tag-anfaenger","8":"product_tag-krimi","10":"first","11":"instock","12":"taxable","13":"shipping-taxable","14":"purchasable","15":"product-type-variable"},"acf":[],"yoast_head":"<!-- This site is optimized with the Yoast SEO plugin v27.3 - https:\/\/yoast.com\/product\/yoast-seo-wordpress\/ -->\n<title>El C\u00f3digo del Cacao Perdido \u2014 Der Code der verlorenen Kakaobohne - EasyOriginal.com<\/title>\n<meta name=\"robots\" content=\"index, follow, max-snippet:-1, max-image-preview:large, max-video-preview:-1\" \/>\n<link rel=\"canonical\" href=\"https:\/\/easyoriginal.com\/en\/shop\/modern-spanisch-frank-a1-a2\/el-codigo-del-cacao-perdido-der-code-der-verlorenen-kakaobohne\/\" \/>\n<meta property=\"og:locale\" content=\"en_GB\" \/>\n<meta property=\"og:type\" content=\"article\" \/>\n<meta property=\"og:title\" content=\"El C\u00f3digo del Cacao Perdido \u2014 Der Code der verlorenen Kakaobohne - EasyOriginal.com\" \/>\n<meta property=\"og:description\" content=\"In den duftenden Stra\u00dfen von San Sebasti\u00e1n beginnt ein s\u00fc\u00dfes Geheimnis zu schmelzen\u2026 Adriana Mendoza, eine brillante Chocolati\u00e8re und Dozentin an der renommierten Escuela Culinaria Donostia, ahnt nicht, dass ihr Wissen \u00fcber Schokolade bald auf eine ganz neue Probe gestellt wird. Als der ber\u00fchmte Chocolatier Eneko Aranbarri verk\u00fcndet, eine l\u00e4ngst vergessene aztekische Kakaosorte wiederentdeckt zu haben, sorgt diese Nachricht f\u00fcr Furore. Doch bevor die Welt seinen sensationellen Fund kosten kann, wird sein Labor verw\u00fcstet \u2013 und die wertvollen Kakaosamen sind verschwunden. Ein aromatisches Mysterium entfaltet sich, w\u00e4hrend Adriana und ihr Team sich auf die Suche nach der Wahrheit machen. Wer steckt hinter dem Diebstahl? Welche Geheimnisse verbirgt der \u201eCode des Kakaos\u201c? Und kann ein einziger Geschmack die Geschichte der Schokolade f\u00fcr immer ver\u00e4ndern? Ein raffinierter kulinarischer Krimi voller sinnlicher Aromen, alter Traditionen und spannender Enth\u00fcllungen \u2013 perfekt f\u00fcr alle Schokoladenliebhaber und Fans fesselnder R\u00e4tsel!  Zweisprachiges Buch Spanisch-Deutsch.\" \/>\n<meta property=\"og:url\" content=\"https:\/\/easyoriginal.com\/en\/shop\/modern-spanisch-frank-a1-a2\/el-codigo-del-cacao-perdido-der-code-der-verlorenen-kakaobohne\/\" \/>\n<meta property=\"og:site_name\" content=\"EasyOriginal.com\" \/>\n<meta property=\"article:modified_time\" content=\"2025-10-24T16:11:45+00:00\" \/>\n<meta property=\"og:image\" content=\"https:\/\/easyoriginal.com\/wp-content\/uploads\/El_Codigo_del_Cacao_Perdido_printcover.jpg\" \/>\n\t<meta property=\"og:image:width\" content=\"1600\" \/>\n\t<meta property=\"og:image:height\" content=\"2400\" \/>\n\t<meta property=\"og:image:type\" content=\"image\/jpeg\" \/>\n<meta name=\"twitter:card\" content=\"summary_large_image\" \/>\n<meta name=\"twitter:label1\" content=\"Estimated reading time\" \/>\n\t<meta name=\"twitter:data1\" content=\"2 minutes\" \/>\n<script type=\"application\/ld+json\" class=\"yoast-schema-graph\">{\"@context\":\"https:\\\/\\\/schema.org\",\"@graph\":[{\"@type\":\"WebPage\",\"@id\":\"https:\\\/\\\/easyoriginal.com\\\/shop\\\/modern-spanisch-frank-a1-a2\\\/el-codigo-del-cacao-perdido-der-code-der-verlorenen-kakaobohne\\\/\",\"url\":\"https:\\\/\\\/easyoriginal.com\\\/shop\\\/modern-spanisch-frank-a1-a2\\\/el-codigo-del-cacao-perdido-der-code-der-verlorenen-kakaobohne\\\/\",\"name\":\"El C\u00f3digo del Cacao Perdido \u2014 Der Code der verlorenen Kakaobohne - EasyOriginal.com\",\"isPartOf\":{\"@id\":\"https:\\\/\\\/easyoriginal.com\\\/#website\"},\"primaryImageOfPage\":{\"@id\":\"https:\\\/\\\/easyoriginal.com\\\/shop\\\/modern-spanisch-frank-a1-a2\\\/el-codigo-del-cacao-perdido-der-code-der-verlorenen-kakaobohne\\\/#primaryimage\"},\"image\":{\"@id\":\"https:\\\/\\\/easyoriginal.com\\\/shop\\\/modern-spanisch-frank-a1-a2\\\/el-codigo-del-cacao-perdido-der-code-der-verlorenen-kakaobohne\\\/#primaryimage\"},\"thumbnailUrl\":\"https:\\\/\\\/easyoriginal.com\\\/wp-content\\\/uploads\\\/El_Codigo_del_Cacao_Perdido_printcover.jpg\",\"datePublished\":\"2025-06-26T19:35:27+00:00\",\"dateModified\":\"2025-10-24T16:11:45+00:00\",\"breadcrumb\":{\"@id\":\"https:\\\/\\\/easyoriginal.com\\\/shop\\\/modern-spanisch-frank-a1-a2\\\/el-codigo-del-cacao-perdido-der-code-der-verlorenen-kakaobohne\\\/#breadcrumb\"},\"inLanguage\":\"en-GB\",\"potentialAction\":[{\"@type\":\"ReadAction\",\"target\":[\"https:\\\/\\\/easyoriginal.com\\\/shop\\\/modern-spanisch-frank-a1-a2\\\/el-codigo-del-cacao-perdido-der-code-der-verlorenen-kakaobohne\\\/\"]}]},{\"@type\":\"ImageObject\",\"inLanguage\":\"en-GB\",\"@id\":\"https:\\\/\\\/easyoriginal.com\\\/shop\\\/modern-spanisch-frank-a1-a2\\\/el-codigo-del-cacao-perdido-der-code-der-verlorenen-kakaobohne\\\/#primaryimage\",\"url\":\"https:\\\/\\\/easyoriginal.com\\\/wp-content\\\/uploads\\\/El_Codigo_del_Cacao_Perdido_printcover.jpg\",\"contentUrl\":\"https:\\\/\\\/easyoriginal.com\\\/wp-content\\\/uploads\\\/El_Codigo_del_Cacao_Perdido_printcover.jpg\",\"width\":1600,\"height\":2400},{\"@type\":\"BreadcrumbList\",\"@id\":\"https:\\\/\\\/easyoriginal.com\\\/shop\\\/modern-spanisch-frank-a1-a2\\\/el-codigo-del-cacao-perdido-der-code-der-verlorenen-kakaobohne\\\/#breadcrumb\",\"itemListElement\":[{\"@type\":\"ListItem\",\"position\":1,\"name\":\"Startseite\",\"item\":\"https:\\\/\\\/easyoriginal.com\\\/\"},{\"@type\":\"ListItem\",\"position\":2,\"name\":\"Shop\",\"item\":\"https:\\\/\\\/easyoriginal.com\\\/shop\\\/\"},{\"@type\":\"ListItem\",\"position\":3,\"name\":\"El C\u00f3digo del Cacao Perdido \u2014 Der Code der verlorenen Kakaobohne\"}]},{\"@type\":\"WebSite\",\"@id\":\"https:\\\/\\\/easyoriginal.com\\\/#website\",\"url\":\"https:\\\/\\\/easyoriginal.com\\\/\",\"name\":\"EasyOriginal.com\",\"description\":\"Spa\u00df am Lesen im Original - Innovative Lesemethode f\u00fcr Fremdsprachen\",\"publisher\":{\"@id\":\"https:\\\/\\\/easyoriginal.com\\\/#organization\"},\"potentialAction\":[{\"@type\":\"SearchAction\",\"target\":{\"@type\":\"EntryPoint\",\"urlTemplate\":\"https:\\\/\\\/easyoriginal.com\\\/?s={search_term_string}\"},\"query-input\":{\"@type\":\"PropertyValueSpecification\",\"valueRequired\":true,\"valueName\":\"search_term_string\"}}],\"inLanguage\":\"en-GB\"},{\"@type\":\"Organization\",\"@id\":\"https:\\\/\\\/easyoriginal.com\\\/#organization\",\"name\":\"EasyOriginal Verlag\",\"url\":\"https:\\\/\\\/easyoriginal.com\\\/\",\"logo\":{\"@type\":\"ImageObject\",\"inLanguage\":\"en-GB\",\"@id\":\"https:\\\/\\\/easyoriginal.com\\\/#\\\/schema\\\/logo\\\/image\\\/\",\"url\":\"https:\\\/\\\/easyoriginal.com\\\/wp-content\\\/uploads\\\/2020\\\/08\\\/logo_main.png\",\"contentUrl\":\"https:\\\/\\\/easyoriginal.com\\\/wp-content\\\/uploads\\\/2020\\\/08\\\/logo_main.png\",\"width\":500,\"height\":103,\"caption\":\"EasyOriginal Verlag\"},\"image\":{\"@id\":\"https:\\\/\\\/easyoriginal.com\\\/#\\\/schema\\\/logo\\\/image\\\/\"}}]}<\/script>\n<!-- \/ Yoast SEO plugin. -->","yoast_head_json":{"title":"El C\u00f3digo del Cacao Perdido \u2014 Der Code der verlorenen Kakaobohne - EasyOriginal.com","robots":{"index":"index","follow":"follow","max-snippet":"max-snippet:-1","max-image-preview":"max-image-preview:large","max-video-preview":"max-video-preview:-1"},"canonical":"https:\/\/easyoriginal.com\/en\/shop\/modern-spanisch-frank-a1-a2\/el-codigo-del-cacao-perdido-der-code-der-verlorenen-kakaobohne\/","og_locale":"en_GB","og_type":"article","og_title":"El C\u00f3digo del Cacao Perdido \u2014 Der Code der verlorenen Kakaobohne - EasyOriginal.com","og_description":"In den duftenden Stra\u00dfen von San Sebasti\u00e1n beginnt ein s\u00fc\u00dfes Geheimnis zu schmelzen\u2026 Adriana Mendoza, eine brillante Chocolati\u00e8re und Dozentin an der renommierten Escuela Culinaria Donostia, ahnt nicht, dass ihr Wissen \u00fcber Schokolade bald auf eine ganz neue Probe gestellt wird. Als der ber\u00fchmte Chocolatier Eneko Aranbarri verk\u00fcndet, eine l\u00e4ngst vergessene aztekische Kakaosorte wiederentdeckt zu haben, sorgt diese Nachricht f\u00fcr Furore. Doch bevor die Welt seinen sensationellen Fund kosten kann, wird sein Labor verw\u00fcstet \u2013 und die wertvollen Kakaosamen sind verschwunden. Ein aromatisches Mysterium entfaltet sich, w\u00e4hrend Adriana und ihr Team sich auf die Suche nach der Wahrheit machen. Wer steckt hinter dem Diebstahl? Welche Geheimnisse verbirgt der \u201eCode des Kakaos\u201c? Und kann ein einziger Geschmack die Geschichte der Schokolade f\u00fcr immer ver\u00e4ndern? Ein raffinierter kulinarischer Krimi voller sinnlicher Aromen, alter Traditionen und spannender Enth\u00fcllungen \u2013 perfekt f\u00fcr alle Schokoladenliebhaber und Fans fesselnder R\u00e4tsel!  Zweisprachiges Buch Spanisch-Deutsch.","og_url":"https:\/\/easyoriginal.com\/en\/shop\/modern-spanisch-frank-a1-a2\/el-codigo-del-cacao-perdido-der-code-der-verlorenen-kakaobohne\/","og_site_name":"EasyOriginal.com","article_modified_time":"2025-10-24T16:11:45+00:00","og_image":[{"width":1600,"height":2400,"url":"https:\/\/easyoriginal.com\/wp-content\/uploads\/El_Codigo_del_Cacao_Perdido_printcover.jpg","type":"image\/jpeg"}],"twitter_card":"summary_large_image","twitter_misc":{"Estimated reading time":"2 minutes"},"schema":{"@context":"https:\/\/schema.org","@graph":[{"@type":"WebPage","@id":"https:\/\/easyoriginal.com\/shop\/modern-spanisch-frank-a1-a2\/el-codigo-del-cacao-perdido-der-code-der-verlorenen-kakaobohne\/","url":"https:\/\/easyoriginal.com\/shop\/modern-spanisch-frank-a1-a2\/el-codigo-del-cacao-perdido-der-code-der-verlorenen-kakaobohne\/","name":"El C\u00f3digo del Cacao Perdido \u2014 Der Code der verlorenen Kakaobohne - EasyOriginal.com","isPartOf":{"@id":"https:\/\/easyoriginal.com\/#website"},"primaryImageOfPage":{"@id":"https:\/\/easyoriginal.com\/shop\/modern-spanisch-frank-a1-a2\/el-codigo-del-cacao-perdido-der-code-der-verlorenen-kakaobohne\/#primaryimage"},"image":{"@id":"https:\/\/easyoriginal.com\/shop\/modern-spanisch-frank-a1-a2\/el-codigo-del-cacao-perdido-der-code-der-verlorenen-kakaobohne\/#primaryimage"},"thumbnailUrl":"https:\/\/easyoriginal.com\/wp-content\/uploads\/El_Codigo_del_Cacao_Perdido_printcover.jpg","datePublished":"2025-06-26T19:35:27+00:00","dateModified":"2025-10-24T16:11:45+00:00","breadcrumb":{"@id":"https:\/\/easyoriginal.com\/shop\/modern-spanisch-frank-a1-a2\/el-codigo-del-cacao-perdido-der-code-der-verlorenen-kakaobohne\/#breadcrumb"},"inLanguage":"en-GB","potentialAction":[{"@type":"ReadAction","target":["https:\/\/easyoriginal.com\/shop\/modern-spanisch-frank-a1-a2\/el-codigo-del-cacao-perdido-der-code-der-verlorenen-kakaobohne\/"]}]},{"@type":"ImageObject","inLanguage":"en-GB","@id":"https:\/\/easyoriginal.com\/shop\/modern-spanisch-frank-a1-a2\/el-codigo-del-cacao-perdido-der-code-der-verlorenen-kakaobohne\/#primaryimage","url":"https:\/\/easyoriginal.com\/wp-content\/uploads\/El_Codigo_del_Cacao_Perdido_printcover.jpg","contentUrl":"https:\/\/easyoriginal.com\/wp-content\/uploads\/El_Codigo_del_Cacao_Perdido_printcover.jpg","width":1600,"height":2400},{"@type":"BreadcrumbList","@id":"https:\/\/easyoriginal.com\/shop\/modern-spanisch-frank-a1-a2\/el-codigo-del-cacao-perdido-der-code-der-verlorenen-kakaobohne\/#breadcrumb","itemListElement":[{"@type":"ListItem","position":1,"name":"Startseite","item":"https:\/\/easyoriginal.com\/"},{"@type":"ListItem","position":2,"name":"Shop","item":"https:\/\/easyoriginal.com\/shop\/"},{"@type":"ListItem","position":3,"name":"El C\u00f3digo del Cacao Perdido \u2014 Der Code der verlorenen Kakaobohne"}]},{"@type":"WebSite","@id":"https:\/\/easyoriginal.com\/#website","url":"https:\/\/easyoriginal.com\/","name":"EasyOriginal.com","description":"Spa\u00df am Lesen im Original - Innovative Lesemethode f\u00fcr Fremdsprachen","publisher":{"@id":"https:\/\/easyoriginal.com\/#organization"},"potentialAction":[{"@type":"SearchAction","target":{"@type":"EntryPoint","urlTemplate":"https:\/\/easyoriginal.com\/?s={search_term_string}"},"query-input":{"@type":"PropertyValueSpecification","valueRequired":true,"valueName":"search_term_string"}}],"inLanguage":"en-GB"},{"@type":"Organization","@id":"https:\/\/easyoriginal.com\/#organization","name":"EasyOriginal Verlag","url":"https:\/\/easyoriginal.com\/","logo":{"@type":"ImageObject","inLanguage":"en-GB","@id":"https:\/\/easyoriginal.com\/#\/schema\/logo\/image\/","url":"https:\/\/easyoriginal.com\/wp-content\/uploads\/2020\/08\/logo_main.png","contentUrl":"https:\/\/easyoriginal.com\/wp-content\/uploads\/2020\/08\/logo_main.png","width":500,"height":103,"caption":"EasyOriginal Verlag"},"image":{"@id":"https:\/\/easyoriginal.com\/#\/schema\/logo\/image\/"}}]}},"_links":{"self":[{"href":"https:\/\/easyoriginal.com\/en\/wp-json\/wp\/v2\/product\/15715","targetHints":{"allow":["GET"]}}],"collection":[{"href":"https:\/\/easyoriginal.com\/en\/wp-json\/wp\/v2\/product"}],"about":[{"href":"https:\/\/easyoriginal.com\/en\/wp-json\/wp\/v2\/types\/product"}],"replies":[{"embeddable":true,"href":"https:\/\/easyoriginal.com\/en\/wp-json\/wp\/v2\/comments?post=15715"}],"wp:featuredmedia":[{"embeddable":true,"href":"https:\/\/easyoriginal.com\/en\/wp-json\/wp\/v2\/media\/15720"}],"wp:attachment":[{"href":"https:\/\/easyoriginal.com\/en\/wp-json\/wp\/v2\/media?parent=15715"}],"wp:term":[{"taxonomy":"product_brand","embeddable":true,"href":"https:\/\/easyoriginal.com\/en\/wp-json\/wp\/v2\/product_brand?post=15715"},{"taxonomy":"product_cat","embeddable":true,"href":"https:\/\/easyoriginal.com\/en\/wp-json\/wp\/v2\/product_cat?post=15715"},{"taxonomy":"product_tag","embeddable":true,"href":"https:\/\/easyoriginal.com\/en\/wp-json\/wp\/v2\/product_tag?post=15715"}],"curies":[{"name":"wp","href":"https:\/\/api.w.org\/{rel}","templated":true}]}}