{"id":15543,"date":"2025-05-18T22:41:21","date_gmt":"2025-05-18T20:41:21","guid":{"rendered":"https:\/\/easyoriginal.com\/?post_type=product&#038;p=15543"},"modified":"2026-03-24T11:19:37","modified_gmt":"2026-03-24T10:19:37","slug":"secretos-del-mediterraneo-geheimnisse-des-mittelmeers","status":"publish","type":"product","link":"https:\/\/easyoriginal.com\/en\/shop\/modern-spanisch-frank\/secretos-del-mediterraneo-geheimnisse-des-mittelmeers\/","title":{"rendered":"Secretos del Mediterr\u00e1neo \u2014 Geheimnisse des Mittelmeers"},"content":{"rendered":"<div class=\"adapted-container\">\n<p class=\"Adapted\"><span>Amanecer Sombr\u00edo <\/span><span class=\"Translation CharOverride-1\">(d\u00fcstere Morgend\u00e4mmerun<\/span><span class=\"Translation\"><span class=\"No-Break CharOverride-1\">g;<\/span><\/span><span class=\"Translation CharOverride-1\"> <\/span><span class=\"Translation\"><span class=\"Comment-Words\">amanecer<\/span><\/span><span class=\"Translation\"><span class=\"Sub _idGenCharOverride-1\">m<\/span><\/span><span class=\"Translation\"><span class=\"No-Break\"><span class=\"Comments\"> \u2014<\/span><\/span><\/span><span class=\"Translation\"><span class=\"Comments\"> Morgend\u00e4mmerun<\/span><\/span><span class=\"Translation\"><span class=\"No-Break\"><span class=\"Comments\">g;<\/span><\/span><\/span><span class=\"Translation\"><span class=\"Comments\"> Tagesanbruc<\/span><\/span><span class=\"Translation\"><span class=\"No-Break\"><span class=\"Comments\">h;<\/span><\/span><\/span><span class=\"Translation\"><span class=\"Comments\"> <\/span><\/span><span class=\"Translation\"><span class=\"Comment-Words\">sombr\u00edo<\/span><\/span><span class=\"Translation\"><span class=\"No-Break\"><span class=\"Comments\"> \u2014<\/span><\/span><\/span><span class=\"Translation\"><span class=\"Comments\"> d\u00fcste<\/span><\/span><span class=\"Translation\"><span class=\"No-Break\"><span class=\"Comments\">r;<\/span><\/span><\/span><span class=\"Translation\"><span class=\"Comments\"> finster<\/span><\/span><span class=\"Translation CharOverride-1\">)<\/span><\/p>\n<p class=\"Adapted\"><span>El sol apenas asomaba por el horizonte <\/span><span class=\"Translation CharOverride-1\">(die Sonne lugte kaum \u00fcber den Horizon<\/span><span class=\"Translation\"><span class=\"No-Break CharOverride-1\">t;<\/span><\/span><span class=\"Translation\"><span class=\"Comments\"> <\/span><\/span><span class=\"Translation\"><span class=\"Comment-Words\">asomar<\/span><\/span><span class=\"Translation\"><span class=\"No-Break\"><span class=\"Comments\"> \u2014<\/span><\/span><\/span><span class=\"Translation\"><span class=\"Comments\"> hervorlugen, hervorschauen<\/span><\/span><span class=\"Translation CharOverride-1\">)<\/span><span>, ti\u00f1endo el cielo de un suave color rosa dorado <\/span><span class=\"Translation CharOverride-1\">(den Himmel in ein sanftes Goldros\u00e9 t\u00f6nend<\/span><span class=\"Translation\"><span class=\"No-Break CharOverride-1\"> =<\/span><\/span><span class=\"Translation CharOverride-1\"> f\u00e4rben<\/span><span class=\"Translation\"><span class=\"No-Break CharOverride-1\">d;<\/span><\/span><span class=\"Translation\"><span class=\"Comments\"> <\/span><\/span><span class=\"Translation\"><span class=\"Comment-Words\">te\u00f1ir<\/span><\/span><span class=\"Translation\"><span class=\"No-Break\"><span class=\"Comments\"> \u2014<\/span><\/span><\/span><span class=\"Translation\"><span class=\"Comments\"> f\u00e4rben<\/span><\/span><span class=\"Translation CharOverride-1\">)<\/span><span>. La playa de L&apos;Ampolla <\/span><span class=\"Translation CharOverride-1\">(der Strand von L&apos;Ampolla)<\/span><span>, normalmente tranquila a esta hora temprana <\/span><span class=\"Translation CharOverride-1\">(normalerweise ruhig zu dieser fr\u00fchen Stunde)<\/span><span>, bull\u00eda de actividad inusual <\/span><span class=\"Translation CharOverride-1\">(brodelte vor ungew\u00f6hnlicher Aktivit\u00e4t<\/span><span class=\"Translation\"><span class=\"No-Break CharOverride-1\"> =<\/span><\/span><span class=\"Translation CharOverride-1\"> war ungew\u00f6hnlich beleb<\/span><span class=\"Translation\"><span class=\"No-Break CharOverride-1\">t;<\/span><\/span><span class=\"Translation\"><span class=\"Comments\"> <\/span><\/span><span class=\"Translation\"><span class=\"Comment-Words\">bullir<\/span><\/span><span class=\"Translation\"><span class=\"No-Break\"><span class=\"Comments\"> \u2014<\/span><\/span><\/span><span class=\"Translation\"><span class=\"Comments\"> brodel<\/span><\/span><span class=\"Translation\"><span class=\"No-Break\"><span class=\"Comments\">n;<\/span><\/span><\/span><span class=\"Translation\"><span class=\"Comments\"> sieden<\/span><\/span><span class=\"Translation CharOverride-1\">)<\/span><span>. Coches de polic\u00eda con sus luces azules parpadeantes <\/span><span class=\"Translation CharOverride-1\">(Polizeiautos mit ihren blinkenden blauen Lichter<\/span><span class=\"Translation\"><span class=\"No-Break CharOverride-1\">n;<\/span><\/span><span class=\"Translation\"><span class=\"Comments\"> <\/span><\/span><span class=\"Translation\"><span class=\"Comment-Words\">parpadear<\/span><\/span><span class=\"Translation\"><span class=\"No-Break\"><span class=\"Comments\"> \u2014<\/span><\/span><\/span><span class=\"Translation\"><span class=\"Comments\"> blinken<\/span><\/span><span class=\"Translation CharOverride-1\">)<\/span><span> romp\u00edan la serenidad del amanecer <\/span><span class=\"Translation CharOverride-1\">(durchbrachen die Ruhe des Sonnenaufgang<\/span><span class=\"Translation\"><span class=\"No-Break CharOverride-1\">s;<\/span><\/span><span class=\"Translation\"><span class=\"Comments\"> <\/span><\/span><span class=\"Translation\"><span class=\"Comment-Words\">romper<\/span><\/span><span class=\"Translation\"><span class=\"No-Break\"><span class=\"Comments\"> \u2014<\/span><\/span><\/span><span class=\"Translation\"><span class=\"Comments\"> zerbreche<\/span><\/span><span class=\"Translation\"><span class=\"No-Break\"><span class=\"Comments\">n;<\/span><\/span><\/span><span class=\"Translation\"><span class=\"Comments\"> durchbrechen<\/span><\/span><span class=\"Translation CharOverride-1\">)<\/span><span>, y un grupo de personas se congregaba alrededor de algo en la orilla <\/span><span class=\"Translation CharOverride-1\">(und eine Gruppe von Personen versammelte sich um etwas am Ufe<\/span><span class=\"Translation\"><span class=\"No-Break CharOverride-1\">r;<\/span><\/span><span class=\"Translation\"><span class=\"Comments\"> <\/span><\/span><span class=\"Translation\"><span class=\"Comment-Words\">congregar<\/span><\/span><span class=\"Translation\"><span class=\"No-Break\"><span class=\"Comments\"> \u2014<\/span><\/span><\/span><span class=\"Translation\"><span class=\"Comments\"> versammeln<\/span><\/span><span class=\"Translation CharOverride-1\">)<\/span><span>.<\/span><\/p>\n<\/div>\n<audio class=\"wp-audio-shortcode\" id=\"audio-15543-1\" preload=\"none\" style=\"width: 100%;\" controls=\"controls\"><source type=\"audio\/mpeg\" src=\"https:\/\/easyoriginal1.s3.eu-central-1.amazonaws.com\/spanisch\/s32\/001.mp3?_=1\" \/><a href=\"https:\/\/easyoriginal1.s3.eu-central-1.amazonaws.com\/spanisch\/s32\/001.mp3\">https:\/\/easyoriginal1.s3.eu-central-1.amazonaws.com\/spanisch\/s32\/001.mp3<\/a><\/audio>\n<div class=\"original-container\">\n<p class=\"Original\" lang=\"es-ES\">Amanecer Sombr\u00edo <\/p>\n<p class=\"Original\" lang=\"es-ES\">El sol apenas asomaba por el horizonte, ti\u00f1endo el cielo de un suave color rosa dorado. La playa de L\u2019Ampolla, normalmente tranquila a esta hora temprana, bull\u00eda de actividad inusual. Coches de polic\u00eda con sus luces azules parpadeantes romp\u00edan la serenidad del amanecer, y un grupo de personas se congregaba alrededor de algo en la orilla.<\/p>\n<\/div>","protected":false},"excerpt":{"rendered":"<p>Secretos del Mediterr\u00e1neo \u2014 Geheimnisse des Mittelmeers<br \/>\nDie ersten Sonnenstrahlen malen ein goldenes Versprechen auf die Costa Dorada, doch die Sch\u00f6nheit des Morgens verbirgt ein dunkles Geheimnis: In der kleinen Cala nahe L&#8217;Ampolla wird eine bekannte Meeresforscherin tot aufgefunden. Was zun\u00e4chst wie ein tragischer Unfall wirkt, entpuppt sich schnell als weit mehr. Inspectora Laia Rovira und ihr Team tauchen ein in ein Netz aus verschwiegenen Wahrheiten, alten Rivalit\u00e4ten und t\u00f6dlichen Intrigen.<br \/>\nIn Secretos del Mediterr\u00e1neo erwartet Sie eine fesselnde Reise voller R\u00e4tsel, unerwarteter Wendungen und Charaktere, deren Motive so geheimnisvoll sind wie das Meer selbst. W\u00e4hrend die Ermittlungen voranschreiten, verwebt sich die Gegenwart kunstvoll mit den Echos einer verborgenen Vergangenheit, und bald wird klar: nicht nur der Ruf einer Firma steht auf dem Spiel, sondern auch die Zukunft der ganzen Region.<br \/>\nEin Muss f\u00fcr alle Fans packender Kriminalgeschichten, atmosph\u00e4rischer Schaupl\u00e4tze und Charaktere, die lange nach der letzten Seite im Ged\u00e4chtnis bleiben.<br \/>\nBereit, die Geheimnisse des Mittelmeers zu entdecken? Tauchen Sie ein in Secretos del Mediterr\u00e1neo und erleben Sie Spannung pur \u2013 bis zur letzten Welle!<br \/>\nZweisprachiges Buch Spanisch-Deutsch.<\/p>","protected":false},"featured_media":15550,"comment_status":"open","ping_status":"closed","template":"","meta":{"_acf_changed":false,"_et_pb_use_builder":"off","_et_pb_old_content":"<div class=\"adapted-container\">\r\n<p class=\"Adapted\"><span class=\"Bold\">Hace mucho tiempo que ten\u00eda ganas de escribir <\/span><span class=\"Translation\">(seit langer Zeit hatte ich Lust zu schreiben; <\/span><span class=\"Translation\"><span class=\"Comment-Words\">tener<\/span><\/span><span class=\"Translation\"><span class=\"Comments\"> \u2014 haben<\/span><\/span><span class=\"Translation\">)<\/span><span class=\"Bold\"> cualquier cosa con este t\u00edtulo <\/span><span class=\"Translation\">(irgendetwas mit diesem Titel)<\/span><span class=\"Bold\">.<\/span><\/p>\r\n<p class=\"Adapted\"><span class=\"Bold\">Hoy<a id=\"_idTextAnchor001\"><\/a>, que se me ha presentado ocasi\u00f3n <\/span><span class=\"Translation\">(heute, wo sich mir \/eine\/ Gelegenheit geboten hat; <\/span><span class=\"Translation\"><span class=\"Comment-Words\">presentar<\/span><\/span><span class=\"Translation\"><span class=\"Comments\"> \u2014 zeigen; vorstellen<\/span><\/span><span class=\"Translation\">)<\/span><span class=\"Bold\">, lo he puesto con letras grandes <\/span><span class=\"Translation\">(das habe ich in gro\u00dfen Buchstaben gesetzt = habe ich es in Gro\u00dfbuchstaben gesetzt; <\/span><span class=\"Translation\"><span class=\"Comment-Words\">poner<\/span><\/span><span class=\"Translation\"><span class=\"Comments\"> \u2014 setzen; stellen; legen<\/span><\/span><span class=\"Translation\">)<\/span><span class=\"Bold\"> en la primera cuartilla de papel <\/span><span class=\"Translation\">(auf das erste Blatt: \u00abauf das erste Viertelpapier\u00bb; <\/span><span class=\"Translation\"><span class=\"Comment-Words\">cuarto<\/span><\/span><span class=\"Translation\"><span class=\"Gender _idGenCharOverride-1\">m <\/span><\/span><span class=\"Translation\"><span class=\"Comments\">\u2014 Viertel<\/span><\/span><span class=\"Translation\">)<\/span><span class=\"Bold\">, y luego he dejado a capricho volar la pluma <\/span><span class=\"Translation\">(und dann habe ich nach Belieben die Feder fliegen lassen; <\/span><span class=\"Translation\"><span class=\"Comment-Words\">dejar<\/span><\/span><span class=\"Translation\"><span class=\"Comments\"> \u2014 lassen; <\/span><\/span><span class=\"Translation\"><span class=\"Comment-Words\">capricho<\/span><\/span><span class=\"Translation\"><span class=\"Gender _idGenCharOverride-1\">m <\/span><\/span><span class=\"Translation\"><span class=\"Comments\">\u2014 Laune<\/span><\/span><span class=\"Translation\">)<\/span><span class=\"Bold\">.<\/span><\/p>\r\n\r\n<\/div>\r\n[audio mp3=\"https:\/\/easyoriginal1.s3.eu-central-1.amazonaws.com\/spanisch\/s1\/1.mp3\"][\/audio]\r\n<div class=\"original-container\">\r\n<p class=\"Original\">Hace mucho tiempo que ten\u00eda ganas de escribir cualquier cosa con este t\u00edtulo.<\/p>\r\n<p class=\"Original\">Hoy, que se me ha presentado ocasi\u00f3n, lo he puesto con letras grandes en la primera cuartilla de papel, y luego he dejado a capricho volar la pluma.<\/p>\r\n\r\n<\/div>\r\n<a class=\"weiter\" href=\"\/webreader\/los-ojos-verdes\/fragment\/1-4-2\/\">weiter lesen<\/a>","_et_gb_content_width":""},"product_brand":[],"product_cat":[265],"product_tag":[164,81],"class_list":{"0":"post-15543","1":"product","2":"type-product","3":"status-publish","4":"has-post-thumbnail","6":"product_cat-modern-spanisch-frank","7":"product_tag-anfaenger","8":"product_tag-krimi","10":"first","11":"instock","12":"taxable","13":"shipping-taxable","14":"purchasable","15":"product-type-variable"},"acf":[],"yoast_head":"<!-- This site is optimized with the Yoast SEO plugin v27.2 - https:\/\/yoast.com\/product\/yoast-seo-wordpress\/ -->\n<title>Secretos del Mediterr\u00e1neo \u2014 Geheimnisse des Mittelmeers - EasyOriginal.com<\/title>\n<meta name=\"robots\" content=\"index, follow, max-snippet:-1, max-image-preview:large, max-video-preview:-1\" \/>\n<link rel=\"canonical\" href=\"https:\/\/easyoriginal.com\/en\/shop\/modern-spanisch-frank\/secretos-del-mediterraneo-geheimnisse-des-mittelmeers\/\" \/>\n<meta property=\"og:locale\" content=\"en_GB\" \/>\n<meta property=\"og:type\" content=\"article\" \/>\n<meta property=\"og:title\" content=\"Secretos del Mediterr\u00e1neo \u2014 Geheimnisse des Mittelmeers - EasyOriginal.com\" \/>\n<meta property=\"og:description\" content=\"Secretos del Mediterr\u00e1neo \u2014 Geheimnisse des Mittelmeers Die ersten Sonnenstrahlen malen ein goldenes Versprechen auf die Costa Dorada, doch die Sch\u00f6nheit des Morgens verbirgt ein dunkles Geheimnis: In der kleinen Cala nahe L&#039;Ampolla wird eine bekannte Meeresforscherin tot aufgefunden. Was zun\u00e4chst wie ein tragischer Unfall wirkt, entpuppt sich schnell als weit mehr. Inspectora Laia Rovira und ihr Team tauchen ein in ein Netz aus verschwiegenen Wahrheiten, alten Rivalit\u00e4ten und t\u00f6dlichen Intrigen. In Secretos del Mediterr\u00e1neo erwartet Sie eine fesselnde Reise voller R\u00e4tsel, unerwarteter Wendungen und Charaktere, deren Motive so geheimnisvoll sind wie das Meer selbst. W\u00e4hrend die Ermittlungen voranschreiten, verwebt sich die Gegenwart kunstvoll mit den Echos einer verborgenen Vergangenheit, und bald wird klar: nicht nur der Ruf einer Firma steht auf dem Spiel, sondern auch die Zukunft der ganzen Region. Ein Muss f\u00fcr alle Fans packender Kriminalgeschichten, atmosph\u00e4rischer Schaupl\u00e4tze und Charaktere, die lange nach der letzten Seite im Ged\u00e4chtnis bleiben. Bereit, die Geheimnisse des Mittelmeers zu entdecken? Tauchen Sie ein in Secretos del Mediterr\u00e1neo und erleben Sie Spannung pur \u2013 bis zur letzten Welle! Zweisprachiges Buch Spanisch-Deutsch.\" \/>\n<meta property=\"og:url\" content=\"https:\/\/easyoriginal.com\/en\/shop\/modern-spanisch-frank\/secretos-del-mediterraneo-geheimnisse-des-mittelmeers\/\" \/>\n<meta property=\"og:site_name\" content=\"EasyOriginal.com\" \/>\n<meta property=\"article:modified_time\" content=\"2026-03-24T10:19:37+00:00\" \/>\n<meta property=\"og:image\" content=\"https:\/\/easyoriginal.com\/wp-content\/uploads\/Secretos_del_Mediterraneo_printcover.jpg\" \/>\n\t<meta property=\"og:image:width\" content=\"1600\" \/>\n\t<meta property=\"og:image:height\" content=\"2400\" \/>\n\t<meta property=\"og:image:type\" content=\"image\/jpeg\" \/>\n<meta name=\"twitter:card\" content=\"summary_large_image\" \/>\n<meta name=\"twitter:label1\" content=\"Estimated reading time\" \/>\n\t<meta name=\"twitter:data1\" content=\"2 minutes\" \/>\n<script type=\"application\/ld+json\" class=\"yoast-schema-graph\">{\"@context\":\"https:\/\/schema.org\",\"@graph\":[{\"@type\":\"WebPage\",\"@id\":\"https:\/\/easyoriginal.com\/shop\/modern-spanisch-frank\/secretos-del-mediterraneo-geheimnisse-des-mittelmeers\/\",\"url\":\"https:\/\/easyoriginal.com\/shop\/modern-spanisch-frank\/secretos-del-mediterraneo-geheimnisse-des-mittelmeers\/\",\"name\":\"Secretos del Mediterr\u00e1neo \u2014 Geheimnisse des Mittelmeers - EasyOriginal.com\",\"isPartOf\":{\"@id\":\"https:\/\/easyoriginal.com\/#website\"},\"primaryImageOfPage\":{\"@id\":\"https:\/\/easyoriginal.com\/shop\/modern-spanisch-frank\/secretos-del-mediterraneo-geheimnisse-des-mittelmeers\/#primaryimage\"},\"image\":{\"@id\":\"https:\/\/easyoriginal.com\/shop\/modern-spanisch-frank\/secretos-del-mediterraneo-geheimnisse-des-mittelmeers\/#primaryimage\"},\"thumbnailUrl\":\"https:\/\/easyoriginal.com\/wp-content\/uploads\/Secretos_del_Mediterraneo_printcover.jpg\",\"datePublished\":\"2025-05-18T20:41:21+00:00\",\"dateModified\":\"2026-03-24T10:19:37+00:00\",\"breadcrumb\":{\"@id\":\"https:\/\/easyoriginal.com\/shop\/modern-spanisch-frank\/secretos-del-mediterraneo-geheimnisse-des-mittelmeers\/#breadcrumb\"},\"inLanguage\":\"en-GB\",\"potentialAction\":[{\"@type\":\"ReadAction\",\"target\":[\"https:\/\/easyoriginal.com\/shop\/modern-spanisch-frank\/secretos-del-mediterraneo-geheimnisse-des-mittelmeers\/\"]}]},{\"@type\":\"ImageObject\",\"inLanguage\":\"en-GB\",\"@id\":\"https:\/\/easyoriginal.com\/shop\/modern-spanisch-frank\/secretos-del-mediterraneo-geheimnisse-des-mittelmeers\/#primaryimage\",\"url\":\"https:\/\/easyoriginal.com\/wp-content\/uploads\/Secretos_del_Mediterraneo_printcover.jpg\",\"contentUrl\":\"https:\/\/easyoriginal.com\/wp-content\/uploads\/Secretos_del_Mediterraneo_printcover.jpg\",\"width\":1600,\"height\":2400},{\"@type\":\"BreadcrumbList\",\"@id\":\"https:\/\/easyoriginal.com\/shop\/modern-spanisch-frank\/secretos-del-mediterraneo-geheimnisse-des-mittelmeers\/#breadcrumb\",\"itemListElement\":[{\"@type\":\"ListItem\",\"position\":1,\"name\":\"Startseite\",\"item\":\"https:\/\/easyoriginal.com\/\"},{\"@type\":\"ListItem\",\"position\":2,\"name\":\"Shop\",\"item\":\"https:\/\/easyoriginal.com\/shop\/\"},{\"@type\":\"ListItem\",\"position\":3,\"name\":\"Secretos del Mediterr\u00e1neo \u2014 Geheimnisse des Mittelmeers\"}]},{\"@type\":\"WebSite\",\"@id\":\"https:\/\/easyoriginal.com\/#website\",\"url\":\"https:\/\/easyoriginal.com\/\",\"name\":\"EasyOriginal.com\",\"description\":\"Spa\u00df am Lesen im Original - Innovative Lesemethode f\u00fcr Fremdsprachen\",\"publisher\":{\"@id\":\"https:\/\/easyoriginal.com\/#organization\"},\"potentialAction\":[{\"@type\":\"SearchAction\",\"target\":{\"@type\":\"EntryPoint\",\"urlTemplate\":\"https:\/\/easyoriginal.com\/?s={search_term_string}\"},\"query-input\":{\"@type\":\"PropertyValueSpecification\",\"valueRequired\":true,\"valueName\":\"search_term_string\"}}],\"inLanguage\":\"en-GB\"},{\"@type\":\"Organization\",\"@id\":\"https:\/\/easyoriginal.com\/#organization\",\"name\":\"EasyOriginal Verlag\",\"url\":\"https:\/\/easyoriginal.com\/\",\"logo\":{\"@type\":\"ImageObject\",\"inLanguage\":\"en-GB\",\"@id\":\"https:\/\/easyoriginal.com\/#\/schema\/logo\/image\/\",\"url\":\"https:\/\/easyoriginal.com\/wp-content\/uploads\/2020\/08\/logo_main.png\",\"contentUrl\":\"https:\/\/easyoriginal.com\/wp-content\/uploads\/2020\/08\/logo_main.png\",\"width\":500,\"height\":103,\"caption\":\"EasyOriginal Verlag\"},\"image\":{\"@id\":\"https:\/\/easyoriginal.com\/#\/schema\/logo\/image\/\"}}]}<\/script>\n<!-- \/ Yoast SEO plugin. -->","yoast_head_json":{"title":"Secretos del Mediterr\u00e1neo \u2014 Geheimnisse des Mittelmeers - EasyOriginal.com","robots":{"index":"index","follow":"follow","max-snippet":"max-snippet:-1","max-image-preview":"max-image-preview:large","max-video-preview":"max-video-preview:-1"},"canonical":"https:\/\/easyoriginal.com\/en\/shop\/modern-spanisch-frank\/secretos-del-mediterraneo-geheimnisse-des-mittelmeers\/","og_locale":"en_GB","og_type":"article","og_title":"Secretos del Mediterr\u00e1neo \u2014 Geheimnisse des Mittelmeers - EasyOriginal.com","og_description":"Secretos del Mediterr\u00e1neo \u2014 Geheimnisse des Mittelmeers Die ersten Sonnenstrahlen malen ein goldenes Versprechen auf die Costa Dorada, doch die Sch\u00f6nheit des Morgens verbirgt ein dunkles Geheimnis: In der kleinen Cala nahe L'Ampolla wird eine bekannte Meeresforscherin tot aufgefunden. Was zun\u00e4chst wie ein tragischer Unfall wirkt, entpuppt sich schnell als weit mehr. Inspectora Laia Rovira und ihr Team tauchen ein in ein Netz aus verschwiegenen Wahrheiten, alten Rivalit\u00e4ten und t\u00f6dlichen Intrigen. In Secretos del Mediterr\u00e1neo erwartet Sie eine fesselnde Reise voller R\u00e4tsel, unerwarteter Wendungen und Charaktere, deren Motive so geheimnisvoll sind wie das Meer selbst. W\u00e4hrend die Ermittlungen voranschreiten, verwebt sich die Gegenwart kunstvoll mit den Echos einer verborgenen Vergangenheit, und bald wird klar: nicht nur der Ruf einer Firma steht auf dem Spiel, sondern auch die Zukunft der ganzen Region. Ein Muss f\u00fcr alle Fans packender Kriminalgeschichten, atmosph\u00e4rischer Schaupl\u00e4tze und Charaktere, die lange nach der letzten Seite im Ged\u00e4chtnis bleiben. Bereit, die Geheimnisse des Mittelmeers zu entdecken? Tauchen Sie ein in Secretos del Mediterr\u00e1neo und erleben Sie Spannung pur \u2013 bis zur letzten Welle! Zweisprachiges Buch Spanisch-Deutsch.","og_url":"https:\/\/easyoriginal.com\/en\/shop\/modern-spanisch-frank\/secretos-del-mediterraneo-geheimnisse-des-mittelmeers\/","og_site_name":"EasyOriginal.com","article_modified_time":"2026-03-24T10:19:37+00:00","og_image":[{"width":1600,"height":2400,"url":"https:\/\/easyoriginal.com\/wp-content\/uploads\/Secretos_del_Mediterraneo_printcover.jpg","type":"image\/jpeg"}],"twitter_card":"summary_large_image","twitter_misc":{"Estimated reading time":"2 minutes"},"schema":{"@context":"https:\/\/schema.org","@graph":[{"@type":"WebPage","@id":"https:\/\/easyoriginal.com\/shop\/modern-spanisch-frank\/secretos-del-mediterraneo-geheimnisse-des-mittelmeers\/","url":"https:\/\/easyoriginal.com\/shop\/modern-spanisch-frank\/secretos-del-mediterraneo-geheimnisse-des-mittelmeers\/","name":"Secretos del Mediterr\u00e1neo \u2014 Geheimnisse des Mittelmeers - EasyOriginal.com","isPartOf":{"@id":"https:\/\/easyoriginal.com\/#website"},"primaryImageOfPage":{"@id":"https:\/\/easyoriginal.com\/shop\/modern-spanisch-frank\/secretos-del-mediterraneo-geheimnisse-des-mittelmeers\/#primaryimage"},"image":{"@id":"https:\/\/easyoriginal.com\/shop\/modern-spanisch-frank\/secretos-del-mediterraneo-geheimnisse-des-mittelmeers\/#primaryimage"},"thumbnailUrl":"https:\/\/easyoriginal.com\/wp-content\/uploads\/Secretos_del_Mediterraneo_printcover.jpg","datePublished":"2025-05-18T20:41:21+00:00","dateModified":"2026-03-24T10:19:37+00:00","breadcrumb":{"@id":"https:\/\/easyoriginal.com\/shop\/modern-spanisch-frank\/secretos-del-mediterraneo-geheimnisse-des-mittelmeers\/#breadcrumb"},"inLanguage":"en-GB","potentialAction":[{"@type":"ReadAction","target":["https:\/\/easyoriginal.com\/shop\/modern-spanisch-frank\/secretos-del-mediterraneo-geheimnisse-des-mittelmeers\/"]}]},{"@type":"ImageObject","inLanguage":"en-GB","@id":"https:\/\/easyoriginal.com\/shop\/modern-spanisch-frank\/secretos-del-mediterraneo-geheimnisse-des-mittelmeers\/#primaryimage","url":"https:\/\/easyoriginal.com\/wp-content\/uploads\/Secretos_del_Mediterraneo_printcover.jpg","contentUrl":"https:\/\/easyoriginal.com\/wp-content\/uploads\/Secretos_del_Mediterraneo_printcover.jpg","width":1600,"height":2400},{"@type":"BreadcrumbList","@id":"https:\/\/easyoriginal.com\/shop\/modern-spanisch-frank\/secretos-del-mediterraneo-geheimnisse-des-mittelmeers\/#breadcrumb","itemListElement":[{"@type":"ListItem","position":1,"name":"Startseite","item":"https:\/\/easyoriginal.com\/"},{"@type":"ListItem","position":2,"name":"Shop","item":"https:\/\/easyoriginal.com\/shop\/"},{"@type":"ListItem","position":3,"name":"Secretos del Mediterr\u00e1neo \u2014 Geheimnisse des Mittelmeers"}]},{"@type":"WebSite","@id":"https:\/\/easyoriginal.com\/#website","url":"https:\/\/easyoriginal.com\/","name":"EasyOriginal.com","description":"Spa\u00df am Lesen im Original - Innovative Lesemethode f\u00fcr Fremdsprachen","publisher":{"@id":"https:\/\/easyoriginal.com\/#organization"},"potentialAction":[{"@type":"SearchAction","target":{"@type":"EntryPoint","urlTemplate":"https:\/\/easyoriginal.com\/?s={search_term_string}"},"query-input":{"@type":"PropertyValueSpecification","valueRequired":true,"valueName":"search_term_string"}}],"inLanguage":"en-GB"},{"@type":"Organization","@id":"https:\/\/easyoriginal.com\/#organization","name":"EasyOriginal Verlag","url":"https:\/\/easyoriginal.com\/","logo":{"@type":"ImageObject","inLanguage":"en-GB","@id":"https:\/\/easyoriginal.com\/#\/schema\/logo\/image\/","url":"https:\/\/easyoriginal.com\/wp-content\/uploads\/2020\/08\/logo_main.png","contentUrl":"https:\/\/easyoriginal.com\/wp-content\/uploads\/2020\/08\/logo_main.png","width":500,"height":103,"caption":"EasyOriginal Verlag"},"image":{"@id":"https:\/\/easyoriginal.com\/#\/schema\/logo\/image\/"}}]}},"_links":{"self":[{"href":"https:\/\/easyoriginal.com\/en\/wp-json\/wp\/v2\/product\/15543","targetHints":{"allow":["GET"]}}],"collection":[{"href":"https:\/\/easyoriginal.com\/en\/wp-json\/wp\/v2\/product"}],"about":[{"href":"https:\/\/easyoriginal.com\/en\/wp-json\/wp\/v2\/types\/product"}],"replies":[{"embeddable":true,"href":"https:\/\/easyoriginal.com\/en\/wp-json\/wp\/v2\/comments?post=15543"}],"wp:featuredmedia":[{"embeddable":true,"href":"https:\/\/easyoriginal.com\/en\/wp-json\/wp\/v2\/media\/15550"}],"wp:attachment":[{"href":"https:\/\/easyoriginal.com\/en\/wp-json\/wp\/v2\/media?parent=15543"}],"wp:term":[{"taxonomy":"product_brand","embeddable":true,"href":"https:\/\/easyoriginal.com\/en\/wp-json\/wp\/v2\/product_brand?post=15543"},{"taxonomy":"product_cat","embeddable":true,"href":"https:\/\/easyoriginal.com\/en\/wp-json\/wp\/v2\/product_cat?post=15543"},{"taxonomy":"product_tag","embeddable":true,"href":"https:\/\/easyoriginal.com\/en\/wp-json\/wp\/v2\/product_tag?post=15543"}],"curies":[{"name":"wp","href":"https:\/\/api.w.org\/{rel}","templated":true}]}}