{"id":15427,"date":"2025-04-26T23:02:06","date_gmt":"2025-04-26T21:02:06","guid":{"rendered":"https:\/\/easyoriginal.com\/?post_type=product&#038;p=15427"},"modified":"2025-07-18T20:25:15","modified_gmt":"2025-07-18T18:25:15","slug":"le-mystere-du-vin-empoisonne-b1-b2","status":"publish","type":"product","link":"https:\/\/easyoriginal.com\/en\/shop\/modern-worterklaerungen-franzoesisch-b1-b2\/le-mystere-du-vin-empoisonne-b1-b2\/","title":{"rendered":"Le Myst\u00e8re du vin empoisonn\u00e9 B1-B2"},"content":{"rendered":"","protected":false},"excerpt":{"rendered":"<p>Bei einer exklusiven Weinprobe in Beaune brechen mehrere G\u00e4ste zusammen: Der edle Tropfen wurde vergiftet. Inspektorin Laurence Blanchard ermittelt in der verschworenen Welt der burgundischen Winzer.<br \/>\nWer steckt hinter dem Anschlag? Der traditionelle Winzer Lefort, der umstrittene Investor Mercier oder der geheimnisvolle Zur\u00fcckkehrer Durand?<br \/>\nZwischen sonnenverw\u00f6hnten Rebst\u00f6cken und k\u00fchlen Weinkellern deckt Blanchard ein Netz aus alten Fehden und dunklen Geheimnissen auf.<br \/>\nEin spannender Krimi, der Sie in die Welt des Burgunders entf\u00fchrt \u2013 wo hinter jedem Korken ein Geheimnis lauern kann.<br \/>\nFesselnd f\u00fcr Krimifans und Weinliebhaber!<br \/>\nTauchen Sie ein in die erste packende Geschichte der &#8222;Vins et Crimes&#8220; Serie und lassen Sie sich von der Brandung der Spannung mitrei\u00dfen!<\/p>","protected":false},"featured_media":15433,"comment_status":"open","ping_status":"closed","template":"","meta":{"_acf_changed":false,"_et_pb_use_builder":"off","_et_pb_old_content":"<div class=\"adapted-container\">\r\n<p class=\"Adapted\"><span class=\"Bold\">Hace mucho tiempo que ten\u00eda ganas de escribir <\/span><span class=\"Translation\">(seit langer Zeit hatte ich Lust zu schreiben; <\/span><span class=\"Translation\"><span class=\"Comment-Words\">tener<\/span><\/span><span class=\"Translation\"><span class=\"Comments\"> \u2014 haben<\/span><\/span><span class=\"Translation\">)<\/span><span class=\"Bold\"> cualquier cosa con este t\u00edtulo <\/span><span class=\"Translation\">(irgendetwas mit diesem Titel)<\/span><span class=\"Bold\">.<\/span><\/p>\r\n<p class=\"Adapted\"><span class=\"Bold\">Hoy<a id=\"_idTextAnchor001\"><\/a>, que se me ha presentado ocasi\u00f3n <\/span><span class=\"Translation\">(heute, wo sich mir \/eine\/ Gelegenheit geboten hat; <\/span><span class=\"Translation\"><span class=\"Comment-Words\">presentar<\/span><\/span><span class=\"Translation\"><span class=\"Comments\"> \u2014 zeigen; vorstellen<\/span><\/span><span class=\"Translation\">)<\/span><span class=\"Bold\">, lo he puesto con letras grandes <\/span><span class=\"Translation\">(das habe ich in gro\u00dfen Buchstaben gesetzt = habe ich es in Gro\u00dfbuchstaben gesetzt; <\/span><span class=\"Translation\"><span class=\"Comment-Words\">poner<\/span><\/span><span class=\"Translation\"><span class=\"Comments\"> \u2014 setzen; stellen; legen<\/span><\/span><span class=\"Translation\">)<\/span><span class=\"Bold\"> en la primera cuartilla de papel <\/span><span class=\"Translation\">(auf das erste Blatt: \u00abauf das erste Viertelpapier\u00bb; <\/span><span class=\"Translation\"><span class=\"Comment-Words\">cuarto<\/span><\/span><span class=\"Translation\"><span class=\"Gender _idGenCharOverride-1\">m <\/span><\/span><span class=\"Translation\"><span class=\"Comments\">\u2014 Viertel<\/span><\/span><span class=\"Translation\">)<\/span><span class=\"Bold\">, y luego he dejado a capricho volar la pluma <\/span><span class=\"Translation\">(und dann habe ich nach Belieben die Feder fliegen lassen; <\/span><span class=\"Translation\"><span class=\"Comment-Words\">dejar<\/span><\/span><span class=\"Translation\"><span class=\"Comments\"> \u2014 lassen; <\/span><\/span><span class=\"Translation\"><span class=\"Comment-Words\">capricho<\/span><\/span><span class=\"Translation\"><span class=\"Gender _idGenCharOverride-1\">m <\/span><\/span><span class=\"Translation\"><span class=\"Comments\">\u2014 Laune<\/span><\/span><span class=\"Translation\">)<\/span><span class=\"Bold\">.<\/span><\/p>\r\n\r\n<\/div>\r\n[audio mp3=\"https:\/\/easyoriginal1.s3.eu-central-1.amazonaws.com\/spanisch\/s1\/1.mp3\"][\/audio]\r\n<div class=\"original-container\">\r\n<p class=\"Original\">Hace mucho tiempo que ten\u00eda ganas de escribir cualquier cosa con este t\u00edtulo.<\/p>\r\n<p class=\"Original\">Hoy, que se me ha presentado ocasi\u00f3n, lo he puesto con letras grandes en la primera cuartilla de papel, y luego he dejado a capricho volar la pluma.<\/p>\r\n\r\n<\/div>\r\n<a class=\"weiter\" href=\"\/webreader\/los-ojos-verdes\/fragment\/1-4-2\/\">weiter lesen<\/a>","_et_gb_content_width":""},"product_brand":[],"product_cat":[274],"product_tag":[81],"class_list":{"0":"post-15427","1":"product","2":"type-product","3":"status-publish","4":"has-post-thumbnail","6":"product_cat-modern-worterklaerungen-franzoesisch-b1-b2","7":"product_tag-krimi","9":"first","10":"instock","11":"taxable","12":"shipping-taxable","13":"purchasable","14":"product-type-variable"},"acf":[],"yoast_head":"<!-- This site is optimized with the Yoast SEO plugin v27.4 - https:\/\/yoast.com\/product\/yoast-seo-wordpress\/ -->\n<title>Le Myst\u00e8re du vin empoisonn\u00e9 B1-B2 - EasyOriginal.com<\/title>\n<meta name=\"robots\" content=\"index, follow, max-snippet:-1, max-image-preview:large, max-video-preview:-1\" \/>\n<link rel=\"canonical\" href=\"https:\/\/easyoriginal.com\/en\/shop\/modern-worterklaerungen-franzoesisch-b1-b2\/le-mystere-du-vin-empoisonne-b1-b2\/\" \/>\n<meta property=\"og:locale\" content=\"en_GB\" \/>\n<meta property=\"og:type\" content=\"article\" \/>\n<meta property=\"og:title\" content=\"Le Myst\u00e8re du vin empoisonn\u00e9 B1-B2 - EasyOriginal.com\" \/>\n<meta property=\"og:description\" content=\"Bei einer exklusiven Weinprobe in Beaune brechen mehrere G\u00e4ste zusammen: Der edle Tropfen wurde vergiftet. Inspektorin Laurence Blanchard ermittelt in der verschworenen Welt der burgundischen Winzer. Wer steckt hinter dem Anschlag? Der traditionelle Winzer Lefort, der umstrittene Investor Mercier oder der geheimnisvolle Zur\u00fcckkehrer Durand? Zwischen sonnenverw\u00f6hnten Rebst\u00f6cken und k\u00fchlen Weinkellern deckt Blanchard ein Netz aus alten Fehden und dunklen Geheimnissen auf. Ein spannender Krimi, der Sie in die Welt des Burgunders entf\u00fchrt \u2013 wo hinter jedem Korken ein Geheimnis lauern kann. Fesselnd f\u00fcr Krimifans und Weinliebhaber! Tauchen Sie ein in die erste packende Geschichte der &quot;Vins et Crimes&quot; Serie und lassen Sie sich von der Brandung der Spannung mitrei\u00dfen!\" \/>\n<meta property=\"og:url\" content=\"https:\/\/easyoriginal.com\/en\/shop\/modern-worterklaerungen-franzoesisch-b1-b2\/le-mystere-du-vin-empoisonne-b1-b2\/\" \/>\n<meta property=\"og:site_name\" content=\"EasyOriginal.com\" \/>\n<meta property=\"article:modified_time\" content=\"2025-07-18T18:25:15+00:00\" \/>\n<meta property=\"og:image\" content=\"https:\/\/easyoriginal.com\/wp-content\/uploads\/Le-Mystere-du-Vin-Empoisonne_W_printcover.jpg\" \/>\n\t<meta property=\"og:image:width\" content=\"1600\" \/>\n\t<meta property=\"og:image:height\" content=\"2400\" \/>\n\t<meta property=\"og:image:type\" content=\"image\/jpeg\" \/>\n<meta name=\"twitter:card\" content=\"summary_large_image\" \/>\n<meta name=\"twitter:label1\" content=\"Estimated reading time\" \/>\n\t<meta name=\"twitter:data1\" content=\"2 minutes\" \/>\n<script type=\"application\/ld+json\" class=\"yoast-schema-graph\">{\"@context\":\"https:\\\/\\\/schema.org\",\"@graph\":[{\"@type\":\"WebPage\",\"@id\":\"https:\\\/\\\/easyoriginal.com\\\/shop\\\/modern-worterklaerungen-franzoesisch-b1-b2\\\/le-mystere-du-vin-empoisonne-b1-b2\\\/\",\"url\":\"https:\\\/\\\/easyoriginal.com\\\/shop\\\/modern-worterklaerungen-franzoesisch-b1-b2\\\/le-mystere-du-vin-empoisonne-b1-b2\\\/\",\"name\":\"Le Myst\u00e8re du vin empoisonn\u00e9 B1-B2 - EasyOriginal.com\",\"isPartOf\":{\"@id\":\"https:\\\/\\\/easyoriginal.com\\\/#website\"},\"primaryImageOfPage\":{\"@id\":\"https:\\\/\\\/easyoriginal.com\\\/shop\\\/modern-worterklaerungen-franzoesisch-b1-b2\\\/le-mystere-du-vin-empoisonne-b1-b2\\\/#primaryimage\"},\"image\":{\"@id\":\"https:\\\/\\\/easyoriginal.com\\\/shop\\\/modern-worterklaerungen-franzoesisch-b1-b2\\\/le-mystere-du-vin-empoisonne-b1-b2\\\/#primaryimage\"},\"thumbnailUrl\":\"https:\\\/\\\/easyoriginal.com\\\/wp-content\\\/uploads\\\/Le-Mystere-du-Vin-Empoisonne_W_printcover.jpg\",\"datePublished\":\"2025-04-26T21:02:06+00:00\",\"dateModified\":\"2025-07-18T18:25:15+00:00\",\"breadcrumb\":{\"@id\":\"https:\\\/\\\/easyoriginal.com\\\/shop\\\/modern-worterklaerungen-franzoesisch-b1-b2\\\/le-mystere-du-vin-empoisonne-b1-b2\\\/#breadcrumb\"},\"inLanguage\":\"en-GB\",\"potentialAction\":[{\"@type\":\"ReadAction\",\"target\":[\"https:\\\/\\\/easyoriginal.com\\\/shop\\\/modern-worterklaerungen-franzoesisch-b1-b2\\\/le-mystere-du-vin-empoisonne-b1-b2\\\/\"]}]},{\"@type\":\"ImageObject\",\"inLanguage\":\"en-GB\",\"@id\":\"https:\\\/\\\/easyoriginal.com\\\/shop\\\/modern-worterklaerungen-franzoesisch-b1-b2\\\/le-mystere-du-vin-empoisonne-b1-b2\\\/#primaryimage\",\"url\":\"https:\\\/\\\/easyoriginal.com\\\/wp-content\\\/uploads\\\/Le-Mystere-du-Vin-Empoisonne_W_printcover.jpg\",\"contentUrl\":\"https:\\\/\\\/easyoriginal.com\\\/wp-content\\\/uploads\\\/Le-Mystere-du-Vin-Empoisonne_W_printcover.jpg\",\"width\":1600,\"height\":2400},{\"@type\":\"BreadcrumbList\",\"@id\":\"https:\\\/\\\/easyoriginal.com\\\/shop\\\/modern-worterklaerungen-franzoesisch-b1-b2\\\/le-mystere-du-vin-empoisonne-b1-b2\\\/#breadcrumb\",\"itemListElement\":[{\"@type\":\"ListItem\",\"position\":1,\"name\":\"Startseite\",\"item\":\"https:\\\/\\\/easyoriginal.com\\\/\"},{\"@type\":\"ListItem\",\"position\":2,\"name\":\"Shop\",\"item\":\"https:\\\/\\\/easyoriginal.com\\\/shop\\\/\"},{\"@type\":\"ListItem\",\"position\":3,\"name\":\"Le Myst\u00e8re du vin empoisonn\u00e9 B1-B2\"}]},{\"@type\":\"WebSite\",\"@id\":\"https:\\\/\\\/easyoriginal.com\\\/#website\",\"url\":\"https:\\\/\\\/easyoriginal.com\\\/\",\"name\":\"EasyOriginal.com\",\"description\":\"Spa\u00df am Lesen im Original - Innovative Lesemethode f\u00fcr Fremdsprachen\",\"publisher\":{\"@id\":\"https:\\\/\\\/easyoriginal.com\\\/#organization\"},\"potentialAction\":[{\"@type\":\"SearchAction\",\"target\":{\"@type\":\"EntryPoint\",\"urlTemplate\":\"https:\\\/\\\/easyoriginal.com\\\/?s={search_term_string}\"},\"query-input\":{\"@type\":\"PropertyValueSpecification\",\"valueRequired\":true,\"valueName\":\"search_term_string\"}}],\"inLanguage\":\"en-GB\"},{\"@type\":\"Organization\",\"@id\":\"https:\\\/\\\/easyoriginal.com\\\/#organization\",\"name\":\"EasyOriginal Verlag\",\"url\":\"https:\\\/\\\/easyoriginal.com\\\/\",\"logo\":{\"@type\":\"ImageObject\",\"inLanguage\":\"en-GB\",\"@id\":\"https:\\\/\\\/easyoriginal.com\\\/#\\\/schema\\\/logo\\\/image\\\/\",\"url\":\"https:\\\/\\\/easyoriginal.com\\\/wp-content\\\/uploads\\\/2020\\\/08\\\/logo_main.png\",\"contentUrl\":\"https:\\\/\\\/easyoriginal.com\\\/wp-content\\\/uploads\\\/2020\\\/08\\\/logo_main.png\",\"width\":500,\"height\":103,\"caption\":\"EasyOriginal Verlag\"},\"image\":{\"@id\":\"https:\\\/\\\/easyoriginal.com\\\/#\\\/schema\\\/logo\\\/image\\\/\"}}]}<\/script>\n<!-- \/ Yoast SEO plugin. -->","yoast_head_json":{"title":"Le Myst\u00e8re du vin empoisonn\u00e9 B1-B2 - EasyOriginal.com","robots":{"index":"index","follow":"follow","max-snippet":"max-snippet:-1","max-image-preview":"max-image-preview:large","max-video-preview":"max-video-preview:-1"},"canonical":"https:\/\/easyoriginal.com\/en\/shop\/modern-worterklaerungen-franzoesisch-b1-b2\/le-mystere-du-vin-empoisonne-b1-b2\/","og_locale":"en_GB","og_type":"article","og_title":"Le Myst\u00e8re du vin empoisonn\u00e9 B1-B2 - EasyOriginal.com","og_description":"Bei einer exklusiven Weinprobe in Beaune brechen mehrere G\u00e4ste zusammen: Der edle Tropfen wurde vergiftet. Inspektorin Laurence Blanchard ermittelt in der verschworenen Welt der burgundischen Winzer. Wer steckt hinter dem Anschlag? Der traditionelle Winzer Lefort, der umstrittene Investor Mercier oder der geheimnisvolle Zur\u00fcckkehrer Durand? Zwischen sonnenverw\u00f6hnten Rebst\u00f6cken und k\u00fchlen Weinkellern deckt Blanchard ein Netz aus alten Fehden und dunklen Geheimnissen auf. Ein spannender Krimi, der Sie in die Welt des Burgunders entf\u00fchrt \u2013 wo hinter jedem Korken ein Geheimnis lauern kann. Fesselnd f\u00fcr Krimifans und Weinliebhaber! Tauchen Sie ein in die erste packende Geschichte der \"Vins et Crimes\" Serie und lassen Sie sich von der Brandung der Spannung mitrei\u00dfen!","og_url":"https:\/\/easyoriginal.com\/en\/shop\/modern-worterklaerungen-franzoesisch-b1-b2\/le-mystere-du-vin-empoisonne-b1-b2\/","og_site_name":"EasyOriginal.com","article_modified_time":"2025-07-18T18:25:15+00:00","og_image":[{"width":1600,"height":2400,"url":"https:\/\/easyoriginal.com\/wp-content\/uploads\/Le-Mystere-du-Vin-Empoisonne_W_printcover.jpg","type":"image\/jpeg"}],"twitter_card":"summary_large_image","twitter_misc":{"Estimated reading time":"2 minutes"},"schema":{"@context":"https:\/\/schema.org","@graph":[{"@type":"WebPage","@id":"https:\/\/easyoriginal.com\/shop\/modern-worterklaerungen-franzoesisch-b1-b2\/le-mystere-du-vin-empoisonne-b1-b2\/","url":"https:\/\/easyoriginal.com\/shop\/modern-worterklaerungen-franzoesisch-b1-b2\/le-mystere-du-vin-empoisonne-b1-b2\/","name":"Le Myst\u00e8re du vin empoisonn\u00e9 B1-B2 - EasyOriginal.com","isPartOf":{"@id":"https:\/\/easyoriginal.com\/#website"},"primaryImageOfPage":{"@id":"https:\/\/easyoriginal.com\/shop\/modern-worterklaerungen-franzoesisch-b1-b2\/le-mystere-du-vin-empoisonne-b1-b2\/#primaryimage"},"image":{"@id":"https:\/\/easyoriginal.com\/shop\/modern-worterklaerungen-franzoesisch-b1-b2\/le-mystere-du-vin-empoisonne-b1-b2\/#primaryimage"},"thumbnailUrl":"https:\/\/easyoriginal.com\/wp-content\/uploads\/Le-Mystere-du-Vin-Empoisonne_W_printcover.jpg","datePublished":"2025-04-26T21:02:06+00:00","dateModified":"2025-07-18T18:25:15+00:00","breadcrumb":{"@id":"https:\/\/easyoriginal.com\/shop\/modern-worterklaerungen-franzoesisch-b1-b2\/le-mystere-du-vin-empoisonne-b1-b2\/#breadcrumb"},"inLanguage":"en-GB","potentialAction":[{"@type":"ReadAction","target":["https:\/\/easyoriginal.com\/shop\/modern-worterklaerungen-franzoesisch-b1-b2\/le-mystere-du-vin-empoisonne-b1-b2\/"]}]},{"@type":"ImageObject","inLanguage":"en-GB","@id":"https:\/\/easyoriginal.com\/shop\/modern-worterklaerungen-franzoesisch-b1-b2\/le-mystere-du-vin-empoisonne-b1-b2\/#primaryimage","url":"https:\/\/easyoriginal.com\/wp-content\/uploads\/Le-Mystere-du-Vin-Empoisonne_W_printcover.jpg","contentUrl":"https:\/\/easyoriginal.com\/wp-content\/uploads\/Le-Mystere-du-Vin-Empoisonne_W_printcover.jpg","width":1600,"height":2400},{"@type":"BreadcrumbList","@id":"https:\/\/easyoriginal.com\/shop\/modern-worterklaerungen-franzoesisch-b1-b2\/le-mystere-du-vin-empoisonne-b1-b2\/#breadcrumb","itemListElement":[{"@type":"ListItem","position":1,"name":"Startseite","item":"https:\/\/easyoriginal.com\/"},{"@type":"ListItem","position":2,"name":"Shop","item":"https:\/\/easyoriginal.com\/shop\/"},{"@type":"ListItem","position":3,"name":"Le Myst\u00e8re du vin empoisonn\u00e9 B1-B2"}]},{"@type":"WebSite","@id":"https:\/\/easyoriginal.com\/#website","url":"https:\/\/easyoriginal.com\/","name":"EasyOriginal.com","description":"Spa\u00df am Lesen im Original - Innovative Lesemethode f\u00fcr Fremdsprachen","publisher":{"@id":"https:\/\/easyoriginal.com\/#organization"},"potentialAction":[{"@type":"SearchAction","target":{"@type":"EntryPoint","urlTemplate":"https:\/\/easyoriginal.com\/?s={search_term_string}"},"query-input":{"@type":"PropertyValueSpecification","valueRequired":true,"valueName":"search_term_string"}}],"inLanguage":"en-GB"},{"@type":"Organization","@id":"https:\/\/easyoriginal.com\/#organization","name":"EasyOriginal Verlag","url":"https:\/\/easyoriginal.com\/","logo":{"@type":"ImageObject","inLanguage":"en-GB","@id":"https:\/\/easyoriginal.com\/#\/schema\/logo\/image\/","url":"https:\/\/easyoriginal.com\/wp-content\/uploads\/2020\/08\/logo_main.png","contentUrl":"https:\/\/easyoriginal.com\/wp-content\/uploads\/2020\/08\/logo_main.png","width":500,"height":103,"caption":"EasyOriginal Verlag"},"image":{"@id":"https:\/\/easyoriginal.com\/#\/schema\/logo\/image\/"}}]}},"_links":{"self":[{"href":"https:\/\/easyoriginal.com\/en\/wp-json\/wp\/v2\/product\/15427","targetHints":{"allow":["GET"]}}],"collection":[{"href":"https:\/\/easyoriginal.com\/en\/wp-json\/wp\/v2\/product"}],"about":[{"href":"https:\/\/easyoriginal.com\/en\/wp-json\/wp\/v2\/types\/product"}],"replies":[{"embeddable":true,"href":"https:\/\/easyoriginal.com\/en\/wp-json\/wp\/v2\/comments?post=15427"}],"wp:featuredmedia":[{"embeddable":true,"href":"https:\/\/easyoriginal.com\/en\/wp-json\/wp\/v2\/media\/15433"}],"wp:attachment":[{"href":"https:\/\/easyoriginal.com\/en\/wp-json\/wp\/v2\/media?parent=15427"}],"wp:term":[{"taxonomy":"product_brand","embeddable":true,"href":"https:\/\/easyoriginal.com\/en\/wp-json\/wp\/v2\/product_brand?post=15427"},{"taxonomy":"product_cat","embeddable":true,"href":"https:\/\/easyoriginal.com\/en\/wp-json\/wp\/v2\/product_cat?post=15427"},{"taxonomy":"product_tag","embeddable":true,"href":"https:\/\/easyoriginal.com\/en\/wp-json\/wp\/v2\/product_tag?post=15427"}],"curies":[{"name":"wp","href":"https:\/\/api.w.org\/{rel}","templated":true}]}}