{"id":15389,"date":"2025-04-26T22:04:14","date_gmt":"2025-04-26T20:04:14","guid":{"rendered":"https:\/\/easyoriginal.com\/?post_type=product&#038;p=15389"},"modified":"2025-06-30T19:52:34","modified_gmt":"2025-06-30T17:52:34","slug":"le-mystere-du-sable-bleu-b1-b2","status":"publish","type":"product","link":"https:\/\/easyoriginal.com\/en\/shop\/modern-worterklaerungen-franzoesisch-b1-b2\/le-mystere-du-sable-bleu-b1-b2\/","title":{"rendered":"Le Myst\u00e8re du sable bleu B1-B2"},"content":{"rendered":"","protected":false},"excerpt":{"rendered":"<p>Mysteri\u00f6ses Leuchten an der C\u00f4te d&#8217;Azur<br \/>\nEin r\u00e4tselhaftes Ph\u00e4nomen versetzt den idyllischen Badeort Saint-Cyprien-les-Flots in Aufruhr: \u00dcber Nacht tauchen pl\u00f6tzlich leuchtend blaue Flecken im goldenen Sand auf!<br \/>\nW\u00e4hrend die Erwachsenen ratlos sind, wittern die drei Freunde L\u00e9o, Chlo\u00e9 und Hugo ein spannendes Abenteuer. Entschlossen machen sie sich daran, das Geheimnis des blauen Sandes zu l\u00fcften. Doch je tiefer sie in den Fall eintauchen, desto mehr R\u00e4tsel tun sich auf:<br \/>\nWarum verschwindet das Leuchten tags\u00fcber? Was hat es mit dem geheimnisvollen Fremden auf sich, der nachts am Strand herumschleicht? Und wieso scheint das Meer pl\u00f6tzlich von innen zu gl\u00fchen?<br \/>\nDie jungen Detektive riskieren alles, um der Wahrheit auf die Spur zu kommen &#8211; und entdecken dabei nicht nur ein faszinierendes Naturph\u00e4nomen, sondern auch die Kraft von Freundschaft, Neugier und Mut.<br \/>\nTauchen Sie ein in eine magische Geschichte voller Spannung, Humor und mediterranem Flair. &#8222;Le Myst\u00e8re du sable bleu&#8220; ist ein mitrei\u00dfendes Abenteuer f\u00fcr Jung und Alt, das Sie bis zur letzten Seite in seinen Bann ziehen wird.<br \/>\nTauchen Sie ein in die erste packende Geschichte der &#8222;Les Enqu\u00eates du club de plage&#8220; (&#8222;Die Ermittlungen des Strandclubs&#8220;) Serie und lassen Sie sich von der Brandung der Spannung mitrei\u00dfen!<\/p>","protected":false},"featured_media":15395,"comment_status":"open","ping_status":"closed","template":"","meta":{"_acf_changed":false,"_et_pb_use_builder":"off","_et_pb_old_content":"<div class=\"adapted-container\">\r\n<p class=\"Adapted\"><span class=\"Bold\">Hace mucho tiempo que ten\u00eda ganas de escribir <\/span><span class=\"Translation\">(seit langer Zeit hatte ich Lust zu schreiben; <\/span><span class=\"Translation\"><span class=\"Comment-Words\">tener<\/span><\/span><span class=\"Translation\"><span class=\"Comments\"> \u2014 haben<\/span><\/span><span class=\"Translation\">)<\/span><span class=\"Bold\"> cualquier cosa con este t\u00edtulo <\/span><span class=\"Translation\">(irgendetwas mit diesem Titel)<\/span><span class=\"Bold\">.<\/span><\/p>\r\n<p class=\"Adapted\"><span class=\"Bold\">Hoy<a id=\"_idTextAnchor001\"><\/a>, que se me ha presentado ocasi\u00f3n <\/span><span class=\"Translation\">(heute, wo sich mir \/eine\/ Gelegenheit geboten hat; <\/span><span class=\"Translation\"><span class=\"Comment-Words\">presentar<\/span><\/span><span class=\"Translation\"><span class=\"Comments\"> \u2014 zeigen; vorstellen<\/span><\/span><span class=\"Translation\">)<\/span><span class=\"Bold\">, lo he puesto con letras grandes <\/span><span class=\"Translation\">(das habe ich in gro\u00dfen Buchstaben gesetzt = habe ich es in Gro\u00dfbuchstaben gesetzt; <\/span><span class=\"Translation\"><span class=\"Comment-Words\">poner<\/span><\/span><span class=\"Translation\"><span class=\"Comments\"> \u2014 setzen; stellen; legen<\/span><\/span><span class=\"Translation\">)<\/span><span class=\"Bold\"> en la primera cuartilla de papel <\/span><span class=\"Translation\">(auf das erste Blatt: \u00abauf das erste Viertelpapier\u00bb; <\/span><span class=\"Translation\"><span class=\"Comment-Words\">cuarto<\/span><\/span><span class=\"Translation\"><span class=\"Gender _idGenCharOverride-1\">m <\/span><\/span><span class=\"Translation\"><span class=\"Comments\">\u2014 Viertel<\/span><\/span><span class=\"Translation\">)<\/span><span class=\"Bold\">, y luego he dejado a capricho volar la pluma <\/span><span class=\"Translation\">(und dann habe ich nach Belieben die Feder fliegen lassen; <\/span><span class=\"Translation\"><span class=\"Comment-Words\">dejar<\/span><\/span><span class=\"Translation\"><span class=\"Comments\"> \u2014 lassen; <\/span><\/span><span class=\"Translation\"><span class=\"Comment-Words\">capricho<\/span><\/span><span class=\"Translation\"><span class=\"Gender _idGenCharOverride-1\">m <\/span><\/span><span class=\"Translation\"><span class=\"Comments\">\u2014 Laune<\/span><\/span><span class=\"Translation\">)<\/span><span class=\"Bold\">.<\/span><\/p>\r\n\r\n<\/div>\r\n[audio mp3=\"https:\/\/easyoriginal1.s3.eu-central-1.amazonaws.com\/spanisch\/s1\/1.mp3\"][\/audio]\r\n<div class=\"original-container\">\r\n<p class=\"Original\">Hace mucho tiempo que ten\u00eda ganas de escribir cualquier cosa con este t\u00edtulo.<\/p>\r\n<p class=\"Original\">Hoy, que se me ha presentado ocasi\u00f3n, lo he puesto con letras grandes en la primera cuartilla de papel, y luego he dejado a capricho volar la pluma.<\/p>\r\n\r\n<\/div>\r\n<a class=\"weiter\" href=\"\/webreader\/los-ojos-verdes\/fragment\/1-4-2\/\">weiter lesen<\/a>","_et_gb_content_width":""},"product_brand":[],"product_cat":[274],"product_tag":[81],"class_list":{"0":"post-15389","1":"product","2":"type-product","3":"status-publish","4":"has-post-thumbnail","6":"product_cat-modern-worterklaerungen-franzoesisch-b1-b2","7":"product_tag-krimi","9":"first","10":"instock","11":"taxable","12":"shipping-taxable","13":"purchasable","14":"product-type-variable"},"acf":[],"yoast_head":"<!-- This site is optimized with the Yoast SEO plugin v27.4 - https:\/\/yoast.com\/product\/yoast-seo-wordpress\/ -->\n<title>Le Myst\u00e8re du sable bleu B1-B2 - EasyOriginal.com<\/title>\n<meta name=\"robots\" content=\"index, follow, max-snippet:-1, max-image-preview:large, max-video-preview:-1\" \/>\n<link rel=\"canonical\" href=\"https:\/\/easyoriginal.com\/en\/shop\/modern-worterklaerungen-franzoesisch-b1-b2\/le-mystere-du-sable-bleu-b1-b2\/\" \/>\n<meta property=\"og:locale\" content=\"en_GB\" \/>\n<meta property=\"og:type\" content=\"article\" \/>\n<meta property=\"og:title\" content=\"Le Myst\u00e8re du sable bleu B1-B2 - EasyOriginal.com\" \/>\n<meta property=\"og:description\" content=\"Mysteri\u00f6ses Leuchten an der C\u00f4te d&#039;Azur Ein r\u00e4tselhaftes Ph\u00e4nomen versetzt den idyllischen Badeort Saint-Cyprien-les-Flots in Aufruhr: \u00dcber Nacht tauchen pl\u00f6tzlich leuchtend blaue Flecken im goldenen Sand auf! W\u00e4hrend die Erwachsenen ratlos sind, wittern die drei Freunde L\u00e9o, Chlo\u00e9 und Hugo ein spannendes Abenteuer. Entschlossen machen sie sich daran, das Geheimnis des blauen Sandes zu l\u00fcften. Doch je tiefer sie in den Fall eintauchen, desto mehr R\u00e4tsel tun sich auf: Warum verschwindet das Leuchten tags\u00fcber? Was hat es mit dem geheimnisvollen Fremden auf sich, der nachts am Strand herumschleicht? Und wieso scheint das Meer pl\u00f6tzlich von innen zu gl\u00fchen? Die jungen Detektive riskieren alles, um der Wahrheit auf die Spur zu kommen - und entdecken dabei nicht nur ein faszinierendes Naturph\u00e4nomen, sondern auch die Kraft von Freundschaft, Neugier und Mut. Tauchen Sie ein in eine magische Geschichte voller Spannung, Humor und mediterranem Flair. &quot;Le Myst\u00e8re du sable bleu&quot; ist ein mitrei\u00dfendes Abenteuer f\u00fcr Jung und Alt, das Sie bis zur letzten Seite in seinen Bann ziehen wird. Tauchen Sie ein in die erste packende Geschichte der &quot;Les Enqu\u00eates du club de plage&quot; (&quot;Die Ermittlungen des Strandclubs&quot;) Serie und lassen Sie sich von der Brandung der Spannung mitrei\u00dfen!\" \/>\n<meta property=\"og:url\" content=\"https:\/\/easyoriginal.com\/en\/shop\/modern-worterklaerungen-franzoesisch-b1-b2\/le-mystere-du-sable-bleu-b1-b2\/\" \/>\n<meta property=\"og:site_name\" content=\"EasyOriginal.com\" \/>\n<meta property=\"article:modified_time\" content=\"2025-06-30T17:52:34+00:00\" \/>\n<meta property=\"og:image\" content=\"https:\/\/easyoriginal.com\/wp-content\/uploads\/Le-Mystere-du-Sable-Bleu_W_printcover.jpg\" \/>\n\t<meta property=\"og:image:width\" content=\"1600\" \/>\n\t<meta property=\"og:image:height\" content=\"2400\" \/>\n\t<meta property=\"og:image:type\" content=\"image\/jpeg\" \/>\n<meta name=\"twitter:card\" content=\"summary_large_image\" \/>\n<meta name=\"twitter:label1\" content=\"Estimated reading time\" \/>\n\t<meta name=\"twitter:data1\" content=\"2 minutes\" \/>\n<script type=\"application\/ld+json\" class=\"yoast-schema-graph\">{\"@context\":\"https:\\\/\\\/schema.org\",\"@graph\":[{\"@type\":\"WebPage\",\"@id\":\"https:\\\/\\\/easyoriginal.com\\\/shop\\\/modern-worterklaerungen-franzoesisch-b1-b2\\\/le-mystere-du-sable-bleu-b1-b2\\\/\",\"url\":\"https:\\\/\\\/easyoriginal.com\\\/shop\\\/modern-worterklaerungen-franzoesisch-b1-b2\\\/le-mystere-du-sable-bleu-b1-b2\\\/\",\"name\":\"Le Myst\u00e8re du sable bleu B1-B2 - EasyOriginal.com\",\"isPartOf\":{\"@id\":\"https:\\\/\\\/easyoriginal.com\\\/#website\"},\"primaryImageOfPage\":{\"@id\":\"https:\\\/\\\/easyoriginal.com\\\/shop\\\/modern-worterklaerungen-franzoesisch-b1-b2\\\/le-mystere-du-sable-bleu-b1-b2\\\/#primaryimage\"},\"image\":{\"@id\":\"https:\\\/\\\/easyoriginal.com\\\/shop\\\/modern-worterklaerungen-franzoesisch-b1-b2\\\/le-mystere-du-sable-bleu-b1-b2\\\/#primaryimage\"},\"thumbnailUrl\":\"https:\\\/\\\/easyoriginal.com\\\/wp-content\\\/uploads\\\/Le-Mystere-du-Sable-Bleu_W_printcover.jpg\",\"datePublished\":\"2025-04-26T20:04:14+00:00\",\"dateModified\":\"2025-06-30T17:52:34+00:00\",\"breadcrumb\":{\"@id\":\"https:\\\/\\\/easyoriginal.com\\\/shop\\\/modern-worterklaerungen-franzoesisch-b1-b2\\\/le-mystere-du-sable-bleu-b1-b2\\\/#breadcrumb\"},\"inLanguage\":\"en-GB\",\"potentialAction\":[{\"@type\":\"ReadAction\",\"target\":[\"https:\\\/\\\/easyoriginal.com\\\/shop\\\/modern-worterklaerungen-franzoesisch-b1-b2\\\/le-mystere-du-sable-bleu-b1-b2\\\/\"]}]},{\"@type\":\"ImageObject\",\"inLanguage\":\"en-GB\",\"@id\":\"https:\\\/\\\/easyoriginal.com\\\/shop\\\/modern-worterklaerungen-franzoesisch-b1-b2\\\/le-mystere-du-sable-bleu-b1-b2\\\/#primaryimage\",\"url\":\"https:\\\/\\\/easyoriginal.com\\\/wp-content\\\/uploads\\\/Le-Mystere-du-Sable-Bleu_W_printcover.jpg\",\"contentUrl\":\"https:\\\/\\\/easyoriginal.com\\\/wp-content\\\/uploads\\\/Le-Mystere-du-Sable-Bleu_W_printcover.jpg\",\"width\":1600,\"height\":2400},{\"@type\":\"BreadcrumbList\",\"@id\":\"https:\\\/\\\/easyoriginal.com\\\/shop\\\/modern-worterklaerungen-franzoesisch-b1-b2\\\/le-mystere-du-sable-bleu-b1-b2\\\/#breadcrumb\",\"itemListElement\":[{\"@type\":\"ListItem\",\"position\":1,\"name\":\"Startseite\",\"item\":\"https:\\\/\\\/easyoriginal.com\\\/\"},{\"@type\":\"ListItem\",\"position\":2,\"name\":\"Shop\",\"item\":\"https:\\\/\\\/easyoriginal.com\\\/shop\\\/\"},{\"@type\":\"ListItem\",\"position\":3,\"name\":\"Le Myst\u00e8re du sable bleu B1-B2\"}]},{\"@type\":\"WebSite\",\"@id\":\"https:\\\/\\\/easyoriginal.com\\\/#website\",\"url\":\"https:\\\/\\\/easyoriginal.com\\\/\",\"name\":\"EasyOriginal.com\",\"description\":\"Spa\u00df am Lesen im Original - Innovative Lesemethode f\u00fcr Fremdsprachen\",\"publisher\":{\"@id\":\"https:\\\/\\\/easyoriginal.com\\\/#organization\"},\"potentialAction\":[{\"@type\":\"SearchAction\",\"target\":{\"@type\":\"EntryPoint\",\"urlTemplate\":\"https:\\\/\\\/easyoriginal.com\\\/?s={search_term_string}\"},\"query-input\":{\"@type\":\"PropertyValueSpecification\",\"valueRequired\":true,\"valueName\":\"search_term_string\"}}],\"inLanguage\":\"en-GB\"},{\"@type\":\"Organization\",\"@id\":\"https:\\\/\\\/easyoriginal.com\\\/#organization\",\"name\":\"EasyOriginal Verlag\",\"url\":\"https:\\\/\\\/easyoriginal.com\\\/\",\"logo\":{\"@type\":\"ImageObject\",\"inLanguage\":\"en-GB\",\"@id\":\"https:\\\/\\\/easyoriginal.com\\\/#\\\/schema\\\/logo\\\/image\\\/\",\"url\":\"https:\\\/\\\/easyoriginal.com\\\/wp-content\\\/uploads\\\/2020\\\/08\\\/logo_main.png\",\"contentUrl\":\"https:\\\/\\\/easyoriginal.com\\\/wp-content\\\/uploads\\\/2020\\\/08\\\/logo_main.png\",\"width\":500,\"height\":103,\"caption\":\"EasyOriginal Verlag\"},\"image\":{\"@id\":\"https:\\\/\\\/easyoriginal.com\\\/#\\\/schema\\\/logo\\\/image\\\/\"}}]}<\/script>\n<!-- \/ Yoast SEO plugin. -->","yoast_head_json":{"title":"Le Myst\u00e8re du sable bleu B1-B2 - EasyOriginal.com","robots":{"index":"index","follow":"follow","max-snippet":"max-snippet:-1","max-image-preview":"max-image-preview:large","max-video-preview":"max-video-preview:-1"},"canonical":"https:\/\/easyoriginal.com\/en\/shop\/modern-worterklaerungen-franzoesisch-b1-b2\/le-mystere-du-sable-bleu-b1-b2\/","og_locale":"en_GB","og_type":"article","og_title":"Le Myst\u00e8re du sable bleu B1-B2 - EasyOriginal.com","og_description":"Mysteri\u00f6ses Leuchten an der C\u00f4te d'Azur Ein r\u00e4tselhaftes Ph\u00e4nomen versetzt den idyllischen Badeort Saint-Cyprien-les-Flots in Aufruhr: \u00dcber Nacht tauchen pl\u00f6tzlich leuchtend blaue Flecken im goldenen Sand auf! W\u00e4hrend die Erwachsenen ratlos sind, wittern die drei Freunde L\u00e9o, Chlo\u00e9 und Hugo ein spannendes Abenteuer. Entschlossen machen sie sich daran, das Geheimnis des blauen Sandes zu l\u00fcften. Doch je tiefer sie in den Fall eintauchen, desto mehr R\u00e4tsel tun sich auf: Warum verschwindet das Leuchten tags\u00fcber? Was hat es mit dem geheimnisvollen Fremden auf sich, der nachts am Strand herumschleicht? Und wieso scheint das Meer pl\u00f6tzlich von innen zu gl\u00fchen? Die jungen Detektive riskieren alles, um der Wahrheit auf die Spur zu kommen - und entdecken dabei nicht nur ein faszinierendes Naturph\u00e4nomen, sondern auch die Kraft von Freundschaft, Neugier und Mut. Tauchen Sie ein in eine magische Geschichte voller Spannung, Humor und mediterranem Flair. \"Le Myst\u00e8re du sable bleu\" ist ein mitrei\u00dfendes Abenteuer f\u00fcr Jung und Alt, das Sie bis zur letzten Seite in seinen Bann ziehen wird. Tauchen Sie ein in die erste packende Geschichte der \"Les Enqu\u00eates du club de plage\" (\"Die Ermittlungen des Strandclubs\") Serie und lassen Sie sich von der Brandung der Spannung mitrei\u00dfen!","og_url":"https:\/\/easyoriginal.com\/en\/shop\/modern-worterklaerungen-franzoesisch-b1-b2\/le-mystere-du-sable-bleu-b1-b2\/","og_site_name":"EasyOriginal.com","article_modified_time":"2025-06-30T17:52:34+00:00","og_image":[{"width":1600,"height":2400,"url":"https:\/\/easyoriginal.com\/wp-content\/uploads\/Le-Mystere-du-Sable-Bleu_W_printcover.jpg","type":"image\/jpeg"}],"twitter_card":"summary_large_image","twitter_misc":{"Estimated reading time":"2 minutes"},"schema":{"@context":"https:\/\/schema.org","@graph":[{"@type":"WebPage","@id":"https:\/\/easyoriginal.com\/shop\/modern-worterklaerungen-franzoesisch-b1-b2\/le-mystere-du-sable-bleu-b1-b2\/","url":"https:\/\/easyoriginal.com\/shop\/modern-worterklaerungen-franzoesisch-b1-b2\/le-mystere-du-sable-bleu-b1-b2\/","name":"Le Myst\u00e8re du sable bleu B1-B2 - EasyOriginal.com","isPartOf":{"@id":"https:\/\/easyoriginal.com\/#website"},"primaryImageOfPage":{"@id":"https:\/\/easyoriginal.com\/shop\/modern-worterklaerungen-franzoesisch-b1-b2\/le-mystere-du-sable-bleu-b1-b2\/#primaryimage"},"image":{"@id":"https:\/\/easyoriginal.com\/shop\/modern-worterklaerungen-franzoesisch-b1-b2\/le-mystere-du-sable-bleu-b1-b2\/#primaryimage"},"thumbnailUrl":"https:\/\/easyoriginal.com\/wp-content\/uploads\/Le-Mystere-du-Sable-Bleu_W_printcover.jpg","datePublished":"2025-04-26T20:04:14+00:00","dateModified":"2025-06-30T17:52:34+00:00","breadcrumb":{"@id":"https:\/\/easyoriginal.com\/shop\/modern-worterklaerungen-franzoesisch-b1-b2\/le-mystere-du-sable-bleu-b1-b2\/#breadcrumb"},"inLanguage":"en-GB","potentialAction":[{"@type":"ReadAction","target":["https:\/\/easyoriginal.com\/shop\/modern-worterklaerungen-franzoesisch-b1-b2\/le-mystere-du-sable-bleu-b1-b2\/"]}]},{"@type":"ImageObject","inLanguage":"en-GB","@id":"https:\/\/easyoriginal.com\/shop\/modern-worterklaerungen-franzoesisch-b1-b2\/le-mystere-du-sable-bleu-b1-b2\/#primaryimage","url":"https:\/\/easyoriginal.com\/wp-content\/uploads\/Le-Mystere-du-Sable-Bleu_W_printcover.jpg","contentUrl":"https:\/\/easyoriginal.com\/wp-content\/uploads\/Le-Mystere-du-Sable-Bleu_W_printcover.jpg","width":1600,"height":2400},{"@type":"BreadcrumbList","@id":"https:\/\/easyoriginal.com\/shop\/modern-worterklaerungen-franzoesisch-b1-b2\/le-mystere-du-sable-bleu-b1-b2\/#breadcrumb","itemListElement":[{"@type":"ListItem","position":1,"name":"Startseite","item":"https:\/\/easyoriginal.com\/"},{"@type":"ListItem","position":2,"name":"Shop","item":"https:\/\/easyoriginal.com\/shop\/"},{"@type":"ListItem","position":3,"name":"Le Myst\u00e8re du sable bleu B1-B2"}]},{"@type":"WebSite","@id":"https:\/\/easyoriginal.com\/#website","url":"https:\/\/easyoriginal.com\/","name":"EasyOriginal.com","description":"Spa\u00df am Lesen im Original - Innovative Lesemethode f\u00fcr Fremdsprachen","publisher":{"@id":"https:\/\/easyoriginal.com\/#organization"},"potentialAction":[{"@type":"SearchAction","target":{"@type":"EntryPoint","urlTemplate":"https:\/\/easyoriginal.com\/?s={search_term_string}"},"query-input":{"@type":"PropertyValueSpecification","valueRequired":true,"valueName":"search_term_string"}}],"inLanguage":"en-GB"},{"@type":"Organization","@id":"https:\/\/easyoriginal.com\/#organization","name":"EasyOriginal Verlag","url":"https:\/\/easyoriginal.com\/","logo":{"@type":"ImageObject","inLanguage":"en-GB","@id":"https:\/\/easyoriginal.com\/#\/schema\/logo\/image\/","url":"https:\/\/easyoriginal.com\/wp-content\/uploads\/2020\/08\/logo_main.png","contentUrl":"https:\/\/easyoriginal.com\/wp-content\/uploads\/2020\/08\/logo_main.png","width":500,"height":103,"caption":"EasyOriginal Verlag"},"image":{"@id":"https:\/\/easyoriginal.com\/#\/schema\/logo\/image\/"}}]}},"_links":{"self":[{"href":"https:\/\/easyoriginal.com\/en\/wp-json\/wp\/v2\/product\/15389","targetHints":{"allow":["GET"]}}],"collection":[{"href":"https:\/\/easyoriginal.com\/en\/wp-json\/wp\/v2\/product"}],"about":[{"href":"https:\/\/easyoriginal.com\/en\/wp-json\/wp\/v2\/types\/product"}],"replies":[{"embeddable":true,"href":"https:\/\/easyoriginal.com\/en\/wp-json\/wp\/v2\/comments?post=15389"}],"wp:featuredmedia":[{"embeddable":true,"href":"https:\/\/easyoriginal.com\/en\/wp-json\/wp\/v2\/media\/15395"}],"wp:attachment":[{"href":"https:\/\/easyoriginal.com\/en\/wp-json\/wp\/v2\/media?parent=15389"}],"wp:term":[{"taxonomy":"product_brand","embeddable":true,"href":"https:\/\/easyoriginal.com\/en\/wp-json\/wp\/v2\/product_brand?post=15389"},{"taxonomy":"product_cat","embeddable":true,"href":"https:\/\/easyoriginal.com\/en\/wp-json\/wp\/v2\/product_cat?post=15389"},{"taxonomy":"product_tag","embeddable":true,"href":"https:\/\/easyoriginal.com\/en\/wp-json\/wp\/v2\/product_tag?post=15389"}],"curies":[{"name":"wp","href":"https:\/\/api.w.org\/{rel}","templated":true}]}}